{"id":15746,"date":"2024-05-03T06:35:50","date_gmt":"2024-05-03T06:35:50","guid":{"rendered":"https:\/\/elfsight.com\/es\/?page_id=15746"},"modified":"2025-12-05T10:28:40","modified_gmt":"2025-12-05T10:28:40","slug":"elementor","status":"publish","type":"page","link":"https:\/\/elfsight.com\/es\/facebook-feed-widget\/elementor\/","title":{"rendered":"Facebook Feed &#8211; Elementor"},"content":{"rendered":"<div class=\"application-platform-content-item-description application-platform-content-item\" id=\"description\" data-nav-section=\"description\"><h2>Incrustar el feed de Facebook en Elementor con el widget de Elfsight<\/h2><p>Muestra tu contenido de Facebook en nuestro plugin multifuncional \u2013 Feed de Facebook. Publicaciones, videos, im\u00e1genes: puedes estar seguro de que tus usuarios no se perder\u00e1n ninguna publicaci\u00f3n. Su aspecto estilizado con elementos del dise\u00f1o de Facebook no pasar\u00e1 desapercibido y ayudar\u00e1 no solo a mantener a los lectores actuales en el sitio web, sino tambi\u00e9n a invitar a nuevos suscriptores de Facebook.<\/p><p><b>Eleva tu marketing en redes sociales a un nivel completamente nuevo junto con el plugin de Elementor para Facebook.<\/b><\/p><p><b>Refuerza la credibilidad de tus usuarios hacia tu empresa<\/b><br> Una empresa que tiene cuentas activas en redes sociales genera un 78% m\u00e1s de confianza entre los lectores. Agrega tu contenido de Facebook en el sitio para demostrar a los usuarios que tu negocio es real y confiable.<\/p><p><b>Incrementa la conversi\u00f3n de tu sitio hasta un 125%<\/b><br> Utiliza la herramienta de influencia social en tu sitio para atraer m\u00e1s clientes. Deja que tus visitantes descubran tu empresa en Facebook.<\/p><p><b>Haz que los visitantes se queden m\u00e1s tiempo en el sitio<\/b><br> Inserta detalles sociales e interactivos que atraigan la atenci\u00f3n de los clientes, manteni\u00e9ndolos en el sitio y present\u00e1ndoles tus ofertas o servicios de manera m\u00e1s detallada.<\/p><\/div><div class=\"application-platform-content-item-features application-platform-content-item\" id=\"features\" data-nav-section=\"features\"><h2>Principales caracter\u00edsticas del widget Feed de Facebook<\/h2><p>Aqu\u00ed est\u00e1n las opciones que transforman nuestro feed de Facebook en un plugin esencial para un sitio web de Elementor:<\/p><ul><li>3 tipos de contenido de Facebook mostrables: publicaciones, videos e im\u00e1genes con \u00e1lbumes;<\/li><li>Encabezado personalizable con elementos ajustables: imagen de portada, acciones, foto de p\u00e1gina, contador de me gusta;<\/li><li>Ancho y alto ajustables;<\/li><li>L\u00edmite variable de publicaciones;<\/li><li>Servicio de instalaci\u00f3n gratuito.<\/li><\/ul><p><a href=\"#demo\">Ver todas las caracter\u00edsticas en la demostraci\u00f3n en vivo<\/a><\/p><\/div><div class=\"application-platform-content-item-installation application-platform-content-item\" id=\"installation\" data-nav-section=\"installation\"><h2>C\u00f3mo agregar Feed de Facebook a un sitio web de Elementor<\/h2><div class=\"video-container\">\n<iframe width=\"720\" height=\"405\" src=\"https:\/\/www.youtube.com\/embed\/UBRLp30cybE?si=XWMlyPEwZXAw_uaq\" frameborder=\"0\" allowfullscreen=\"\"><\/iframe>\n<\/div><p>El proceso completo dura alrededor de 70 segundos, y adem\u00e1s, no requiere conocimientos de desarrollo.<\/p><ol><li><b>Construye tu widget personalizado de Facebook<\/b><br> Mediante nuestro editor gratuito, arma un plugin seleccionando el dise\u00f1o, el tama\u00f1o y otras caracter\u00edsticas en la configuraci\u00f3n.<\/li><li><b>Recibe un c\u00f3digo \u00fanico para publicar el plugin<\/b><br> Despu\u00e9s de configurar el widget, obt\u00e9n tu c\u00f3digo de instalaci\u00f3n \u00fanico para el plugin de Facebook desde la notificaci\u00f3n emergente en Elfsight Apps.<\/li><li><b>Incrusta el plugin en el sitio web de Elementor<\/b><br> Inserta el c\u00f3digo del plugin en el lugar seleccionado del sitio web y aplica los cambios.<\/li><li><b>La instalaci\u00f3n ha sido exitosa<\/b><br> Ve a tu sitio web para comprobar tu widget.<\/li><\/ol><p>\u00bfNecesitas m\u00e1s informaci\u00f3n o asistencia? Contacta con nuestro centro de ayuda, y estaremos encantados de encontrar una soluci\u00f3n.<\/p><\/div><div class=\"faq\" data-component=\"FAQ\"><div class=\"faq-item\">\r\n\t\t\t\t\t<div class=\"faq-item-question\">\r\n\t\t\t\t\t\t<h3 class=\"faq-item-question-text\">\u00bfExiste un m\u00e9todo para agregar WhatsApp Chat a mi p\u00e1gina de inicio de Elementor sin experiencia en programaci\u00f3n?<\/h3>\r\n\r\n\t\t\t\t\t\t<div class=\"faq-item-question-icon\"><\/div>\r\n\t\t\t\t\t<\/div>\r\n\r\n\t\t\t\t\t<div class=\"faq-item-answer\">\r\n\t\t\t\t\t\t<div class=\"faq-item-answer-text\"><p>La empresa Elfsight ofrece una soluci\u00f3n SaaS que permite a los usuarios crear una aplicaci\u00f3n de WhatsApp Chat por s\u00ed mismos, sigue las instrucciones f\u00e1ciles: <\/p><ul><li>Ve al Editor en vivo para crear la aplicaci\u00f3n de WhatsApp Chat que deseas mostrar en la p\u00e1gina de Elementor.<\/li><li>Selecciona una de las muchas plantillas predefinidas y ajusta la configuraci\u00f3n del WhatsApp Chat, actualiza tu contenido, modifica el dise\u00f1o y el esquema de colores sin necesidad de programaci\u00f3n.<\/li><li>Guarda el WhatsApp Chat y obt\u00e9n el c\u00f3digo para incrustarlo, que podr\u00e1s insertar en tu p\u00e1gina de Elementor de forma gratuita.<\/li><\/ul><p>Con la ayuda de nuestro Editor intuitivo, cualquier usuario web puede generar una aplicaci\u00f3n de WhatsApp Chat en l\u00ednea e incrustarla f\u00e1cilmente en la p\u00e1gina de inicio de Elementor. No es necesario adquirir un plan de pago ni proporcionar los datos de tu tarjeta para acceder al Editor. Si enfrentas alg\u00fan inconveniente, no dudes en ponerte en contacto con nuestro personal de soporte.<\/p><\/div>\r\n\t\t\t\t\t<\/div>\r\n\t\t\t\t<\/div><\/div>","protected":false},"excerpt":{"rendered":"","protected":false},"author":9,"featured_media":0,"parent":1397,"menu_order":0,"comment_status":"closed","ping_status":"closed","template":"templates\/template-application-platform.php","meta":{"publish_to_discourse":"","publish_post_category":"","wpdc_auto_publish_overridden":"","wpdc_topic_tags":"","wpdc_pin_topic":"","wpdc_pin_until":"","discourse_post_id":"","discourse_permalink":"","wpdc_publishing_response":"","wpdc_publishing_error":"","footnotes":""},"class_list":["post-15746","page","type-page","status-publish","hentry"],"yoast_head":"<!-- This site is optimized with the Yoast SEO plugin v25.3.1 - https:\/\/yoast.com\/wordpress\/plugins\/seo\/ -->\n<title>Widget de alimentaci\u00f3n de Facebook para el sitio web de Elementor ( 2025 )<\/title>\n<meta name=\"description\" content=\"Integre un widget responsivo de Facebook Feed en su sitio web Elementor en 2024. Pruebe la demostraci\u00f3n flexible de Elfsight y d\u00e9 forma a su complemento en solo 3 minutos.\" \/>\n<meta name=\"robots\" content=\"index, follow, max-snippet:-1, max-image-preview:large, max-video-preview:-1\" \/>\n<link rel=\"canonical\" href=\"https:\/\/elfsight.com\/es\/facebook-feed-widget\/elementor\/\" \/>\n<meta property=\"og:locale\" content=\"es_ES\" \/>\n<meta property=\"og:type\" content=\"article\" \/>\n<meta property=\"og:title\" content=\"Widget de alimentaci\u00f3n de Facebook para el sitio web de Elementor ( 2025 )\" \/>\n<meta property=\"og:description\" content=\"Integre un widget responsivo de Facebook Feed en su sitio web Elementor en 2024. Pruebe la demostraci\u00f3n flexible de Elfsight y d\u00e9 forma a su complemento en solo 3 minutos.\" \/>\n<meta property=\"og:url\" content=\"https:\/\/elfsight.com\/es\/facebook-feed-widget\/elementor\/\" \/>\n<meta property=\"og:site_name\" content=\"Elfsight ES\" \/>\n<meta property=\"article:modified_time\" content=\"2025-12-05T10:28:40+00:00\" \/>\n<meta name=\"twitter:card\" content=\"summary_large_image\" \/>\n<meta name=\"twitter:label1\" content=\"Tiempo de lectura\" \/>\n\t<meta name=\"twitter:data1\" content=\"3 minutos\" \/>\n<!-- \/ Yoast SEO plugin. -->","yoast_head_json":{"title":"Widget de alimentaci\u00f3n de Facebook para el sitio web de Elementor ( 2025 )","description":"Integre un widget responsivo de Facebook Feed en su sitio web Elementor en 2024. Pruebe la demostraci\u00f3n flexible de Elfsight y d\u00e9 forma a su complemento en solo 3 minutos.","robots":{"index":"index","follow":"follow","max-snippet":"max-snippet:-1","max-image-preview":"max-image-preview:large","max-video-preview":"max-video-preview:-1"},"canonical":"https:\/\/elfsight.com\/es\/facebook-feed-widget\/elementor\/","og_locale":"es_ES","og_type":"article","og_title":"Widget de alimentaci\u00f3n de Facebook para el sitio web de Elementor ( 2025 )","og_description":"Integre un widget responsivo de Facebook Feed en su sitio web Elementor en 2024. Pruebe la demostraci\u00f3n flexible de Elfsight y d\u00e9 forma a su complemento en solo 3 minutos.","og_url":"https:\/\/elfsight.com\/es\/facebook-feed-widget\/elementor\/","og_site_name":"Elfsight ES","article_modified_time":"2025-12-05T10:28:40+00:00","twitter_card":"summary_large_image","twitter_misc":{"Tiempo de lectura":"3 minutos"},"schema":{"@context":"https:\/\/schema.org","@graph":[{"@type":"WebPage","@id":"https:\/\/elfsight.com\/es\/facebook-feed-widget\/elementor\/","url":"https:\/\/elfsight.com\/es\/facebook-feed-widget\/elementor\/","name":"Widget de alimentaci\u00f3n de Facebook para el sitio web de Elementor ( 2025 )","isPartOf":{"@id":"https:\/\/elfsight.com\/es\/#website"},"datePublished":"2024-05-03T06:35:50+00:00","dateModified":"2025-12-05T10:28:40+00:00","description":"Integre un widget responsivo de Facebook Feed en su sitio web Elementor en 2024. Pruebe la demostraci\u00f3n flexible de Elfsight y d\u00e9 forma a su complemento en solo 3 minutos.","breadcrumb":{"@id":"https:\/\/elfsight.com\/es\/facebook-feed-widget\/elementor\/#breadcrumb"},"inLanguage":"es","potentialAction":[{"@type":"ReadAction","target":["https:\/\/elfsight.com\/es\/facebook-feed-widget\/elementor\/"]}]},{"@type":"BreadcrumbList","@id":"https:\/\/elfsight.com\/es\/facebook-feed-widget\/elementor\/#breadcrumb","itemListElement":[{"@type":"ListItem","position":1,"name":"Home","item":"https:\/\/elfsight.com\/es\/"},{"@type":"ListItem","position":2,"name":"Facebook Feed","item":"https:\/\/elfsight.com\/es\/facebook-feed-widget\/"},{"@type":"ListItem","position":3,"name":"Facebook Feed &#8211; Elementor"}]},{"@type":"WebSite","@id":"https:\/\/elfsight.com\/es\/#website","url":"https:\/\/elfsight.com\/es\/","name":"Elfsight ES","description":"Just another Elfsight Sites site","potentialAction":[{"@type":"SearchAction","target":{"@type":"EntryPoint","urlTemplate":"https:\/\/elfsight.com\/es\/?s={search_term_string}"},"query-input":{"@type":"PropertyValueSpecification","valueRequired":true,"valueName":"search_term_string"}}],"inLanguage":"es"}]}},"meta_box":{"industry":"","seo_heading":"","heading":"","description":"","cta_heading":"","cta_description":"","application":"1396","h1":"Elementor Feed de Facebook","h1_caption":"Inserte publicaciones de su p\u00e1gina de Facebook para mantener a los visitantes de su sitio web interesados \u200b\u200bcon sus \u00faltimas actualizaciones y noticias en su sitio web de Elementor sin esfuerzo.","application_category":[],"applications_title":"","applications_request_title":"","applications_request_button_text":"","hero_text":"","hero_video":"","hero_video_schema_markup":"","selling_points_title":"","selling_points_caption":"","selling_points":[],"selling_points_cta_text":"","features_title":"","features":"","ed_cta_examples_text":"","ed_cta_examples_hidden":"","ed_cta_demo_text":"","ed_cta_demo_hidden":"","why_caption":"","why_editor_title":"","why_editor_text":"","why_team_title":"","why_team_text":"","why_service_title":"","why_service_text":"","template_catalog_visible":"0","template_catalog_title":"","template_catalog_text":"","template_catalog_categories_visible":"","demo_title":"Crea tu widget de feed de Facebook","demo_caption":"\u00a1Configure su feed de Facebook y agr\u00e9guelo a su sitio web de Elementor gratis!","default_faq_hidden":"","app_template_category":[],"platform":"58","template_public_id":"","codecanyon_url":"","codecanyon_item_id":"","codecanyon_price":"","pricing_caption":"","pricing_elfsight_apps_hide_column":"","pricing_elfsight_apps_url":"","pricing_codecanyon_price_caption":"","integration_category":[],"integration_request_title":"","integration_request_cta":"","integration_platform":"","integrations":[],"platform_category":[],"video_schema_markup":"","price":"desde $0 \/ mes","trial":"","benefits":[{"text":"Asistencia de instalaci\u00f3n gratuita"},{"text":"Atenci\u00f3n al cliente experimentada"},{"text":"Garant\u00eda de reembolso de 14 d\u00edas"},{"text":"Mejoras continuas"}],"button_url":"#demo","button_target_blank":"0","button_nofollow":"0","attributes":[{"name":"Instalaciones","content":"100,000 - 500,000"},{"name":"Sensible","content":"S\u00ed"},{"name":"Navegadores compatibles","content":"Firefox, Safari, Opera, Chrome, Edge"}],"tags":[],"tags_disable_links":"0","hide_more_platforms":"0","video_object":"","demo_hide_cta":"0","demo_hide_cloud_options":"0","pricing_title":"","pricing":[{"pricing_icon":"platform","pricing_title":"Elfsight Apps","pricing_title_caption":"Versi\u00f3n independiente de la plataforma","pricing_price":"desde $0 \/ mes","pricing_price_caption":"comienza con el plan gratuito","pricing_benefits":[{"text":"Dominios ilimitados"},{"text":"Atenci\u00f3n al cliente dedicada y bien documentada."},{"text":"Servicio de instalaci\u00f3n gratuito"},{"text":"Oferta especial para m\u00faltiples aplicaciones"}],"pricing_button_text":"A\u00f1adir al sitio web","pricing_button_url":"#demo"}],"related_apps_title":"","related_apps_hidden":"0","author":"","image":[],"title":"","job":"","social_networks":[]},"_links":{"self":[{"href":"https:\/\/elfsight.com\/es\/wp-json\/wp\/v2\/pages\/15746","targetHints":{"allow":["GET"]}}],"collection":[{"href":"https:\/\/elfsight.com\/es\/wp-json\/wp\/v2\/pages"}],"about":[{"href":"https:\/\/elfsight.com\/es\/wp-json\/wp\/v2\/types\/page"}],"author":[{"embeddable":true,"href":"https:\/\/elfsight.com\/es\/wp-json\/wp\/v2\/users\/9"}],"replies":[{"embeddable":true,"href":"https:\/\/elfsight.com\/es\/wp-json\/wp\/v2\/comments?post=15746"}],"version-history":[{"count":4,"href":"https:\/\/elfsight.com\/es\/wp-json\/wp\/v2\/pages\/15746\/revisions"}],"predecessor-version":[{"id":20008,"href":"https:\/\/elfsight.com\/es\/wp-json\/wp\/v2\/pages\/15746\/revisions\/20008"}],"up":[{"embeddable":true,"href":"https:\/\/elfsight.com\/es\/wp-json\/wp\/v2\/pages\/1397"}],"wp:attachment":[{"href":"https:\/\/elfsight.com\/es\/wp-json\/wp\/v2\/media?parent=15746"}],"curies":[{"name":"wp","href":"https:\/\/api.w.org\/{rel}","templated":true}]}}