{"id":15740,"date":"2024-05-03T06:36:03","date_gmt":"2024-05-03T06:36:03","guid":{"rendered":"https:\/\/elfsight.com\/es\/?page_id=15740"},"modified":"2025-02-06T14:59:41","modified_gmt":"2025-02-06T14:59:41","slug":"blogger","status":"publish","type":"page","link":"https:\/\/elfsight.com\/es\/facebook-feed-widget\/blogger\/","title":{"rendered":"Facebook Feed &#8211; Blogger"},"content":{"rendered":"<div class=\"application-platform-content-item-description application-platform-content-item\" id=\"description\" data-nav-section=\"description\"><h2>Descripci\u00f3n<\/h2><p>Muestra tu p\u00e1gina de Facebook a trav\u00e9s de nuestro potente complemento \u2013 Facebook Feed. Publicaciones, videos, fotos \u2013 nunca dudes de que tus visitantes no se perder\u00e1n ni un solo anuncio. Un dise\u00f1o moderno con los verdaderos elementos de Facebook no pasar\u00e1 desapercibido y te brindar\u00e1 la oportunidad no solo de mantener a los compradores actuales en el sitio, sino tambi\u00e9n de atraer nuevos suscriptores de Facebook.<\/p><p><b>Eleva tu sitio web a una nueva etapa, respaldado por el widget de Facebook para Blogger.<\/b><\/p><ul><li><b>Haz que los usuarios se queden en la p\u00e1gina<\/b>.<br>Muestra componentes sociales e interactivos que capten la atenci\u00f3n de los lectores, para mantenerlos en la p\u00e1gina y mostrarles tus productos o servicios de una manera m\u00e1s detallada.<\/li><li><b>Desarrolla tu p\u00e1gina de Facebook<\/b>.<br>Agrega publicaciones de Facebook no solo para los usuarios de la red social, sino tambi\u00e9n para atraer usuarios desde el sitio web a tu p\u00e1gina de Facebook. \u00a1A\u00f1ade un feed de alta calidad o fotos para empezar a conseguir nuevos suscriptores ahora mismo!<\/li><li><b>1 widget de Facebook que sirve como 3<\/b>.<br>Todo el contenido de Facebook en un solo complemento: muestra publicaciones con comentarios, me gusta o cualquier reacci\u00f3n de Facebook; dise\u00f1a fotos y listas de videos en el sitio utilizando los \u00e1lbumes de Facebook.<\/li><\/ul><\/div><div class=\"application-platform-content-item-features application-platform-content-item\" id=\"features\" data-nav-section=\"features\"><h2>Caracter\u00edsticas<\/h2><p>Varias caracter\u00edsticas que convierten nuestro feed de p\u00e1gina de Facebook en el mejor complemento para un sitio web de Blogger.<\/p><ul><li>3 tipos de contenido de Facebook mostrables: publicaciones, videos e im\u00e1genes con \u00e1lbumes;<\/li><li>Ventanas emergentes personalizables con elementos intercambiables: autor, n\u00famero de \u00abme gusta\u00bb, n\u00famero de compartidos, comentarios;<\/li><li>Publicaciones con informaci\u00f3n intercambiable: autor, n\u00famero de \u00abme gusta\u00bb, n\u00famero de compartidos, bot\u00f3n de compartir;<\/li><li>Mostrar u ocultar el men\u00fa;<\/li><li>Actualizaciones en vivo regulares para mantenerlo siempre actualizado.<\/li><\/ul><p><a href=\"#demo\">Descubre todas las ventajas en la demostraci\u00f3n en vivo<\/a>.<\/p><\/div><div class=\"application-platform-content-item-installation application-platform-content-item\" id=\"installation\" data-nav-section=\"installation\"><h2>C\u00f3mo agregar el complemento de Facebook al sitio web de Blogger<\/h2><div class=\"video-container\"><iframe width=\"720\" height=\"405\" src=\"https:\/\/www.youtube.com\/embed\/0w25RpSal5A\" frameborder=\"0\" allowfullscreen=\"\"><\/iframe><\/div><p>Lee nuestra gu\u00eda para completar la inserci\u00f3n del widget. El proceso solo tomar\u00e1 2 minutos y no requiere conocimientos en desarrollo.<\/p><ol><li><b>Crea tu widget de Facebook personal<\/b>.<br>Mediante nuestro editor gratuito, dise\u00f1a un complemento con el dise\u00f1o y opciones que necesites.<\/li><li><b>Obt\u00e9n el c\u00f3digo para mostrar el complemento<\/b>.<br>Despu\u00e9s de generar el widget, obt\u00e9n el c\u00f3digo del complemento de Facebook desde la notificaci\u00f3n emergente en Elfsight Apps.<\/li><li><b>Coloca el complemento en el sitio web de Blogger<\/b>.<br>Inserta el complemento en el lugar deseado del sitio web y guarda los cambios.<\/li><li><b>La configuraci\u00f3n est\u00e1 completa<\/b>.<br>Visita tu sitio de Blogger para comprobar tu trabajo.<\/li><\/ol><p>\u00bfNecesitas ayuda m\u00e1s espec\u00edfica? Consulta un <a href=\"https:\/\/elfsight.com\/tutorials\/how-to-add-facebook-widget-to-blogger\/\" target=\"_blank\" rel=\"noopener noreferrer\">tutorial detallado<\/a> o contacta con el centro de ayuda de Elfsight, y estaremos encantados de ofrecerte una soluci\u00f3n.<\/p><\/div><div class=\"faq\" data-component=\"FAQ\"><div class=\"faq-item\">\r\n\t\t\t\t\t<div class=\"faq-item-question\">\r\n\t\t\t\t\t\t<h3 class=\"faq-item-question-text\">\u00bfC\u00f3mo incrustar WhatsApp Chat en mi p\u00e1gina de inicio de Blogger sin experiencia en programaci\u00f3n?<\/h3>\r\n\r\n\t\t\t\t\t\t<div class=\"faq-item-question-icon\"><\/div>\r\n\t\t\t\t\t<\/div>\r\n\r\n\t\t\t\t\t<div class=\"faq-item-answer\">\r\n\t\t\t\t\t\t<div class=\"faq-item-answer-text\"><p>La empresa Elfsight presenta una soluci\u00f3n SaaS que permite a las personas crear un complemento de WhatsApp Chat por s\u00ed mismas, ve lo sencillo que es:<\/p><ul><li>Trabaja directamente en el Editor en vivo para crear el widget de WhatsApp Chat que te gustar\u00eda incrustar en la p\u00e1gina de Blogger.<\/li><li>Selecciona una de las plantillas predefinidas y modifica la configuraci\u00f3n de WhatsApp Chat, cambia el dise\u00f1o y la paleta de colores, actualiza tu contenido sin necesidad de conocimientos en programaci\u00f3n.<\/li><li>Haz clic para guardar WhatsApp Chat y obt\u00e9n el c\u00f3digo de instalaci\u00f3n, que puede ser incluido f\u00e1cilmente en cualquier sitio de Blogger de forma gratuita.<\/li><\/ul><p>Con el Editor f\u00e1cil de usar, cualquier usuario de Internet puede crear WhatsApp Chat en l\u00ednea e incluirlo sin problemas en el sitio de Blogger. No es necesario adquirir un plan de pago ni revelar tus credenciales bancarias para acceder al servicio. Si encuentras alg\u00fan obst\u00e1culo, no dudes en ponerte en contacto con nuestro soporte t\u00e9cnico.<\/p><\/div>\r\n\t\t\t\t\t<\/div>\r\n\t\t\t\t<\/div><\/div>","protected":false},"excerpt":{"rendered":"","protected":false},"author":9,"featured_media":0,"parent":1397,"menu_order":0,"comment_status":"closed","ping_status":"closed","template":"templates\/template-application-platform.php","meta":{"publish_to_discourse":"","publish_post_category":"","wpdc_auto_publish_overridden":"","wpdc_topic_tags":"","wpdc_pin_topic":"","wpdc_pin_until":"","discourse_post_id":"","discourse_permalink":"","wpdc_publishing_response":"","wpdc_publishing_error":"","footnotes":""},"class_list":["post-15740","page","type-page","status-publish","hentry"],"yoast_head":"<!-- This site is optimized with the Yoast SEO plugin v25.3.1 - https:\/\/yoast.com\/wordpress\/plugins\/seo\/ -->\n<title>Feed de Facebook: agregue el complemento de Facebook al sitio web de Blogger<\/title>\n<meta name=\"description\" content=\"Agregue un widget responsivo de alimentaci\u00f3n de p\u00e1gina de Facebook en su sitio web de Blogger en 2018. Pruebe el constructor flexible de Elfsight y cree su complemento en solo 1 minuto.\" \/>\n<meta name=\"robots\" content=\"index, follow, max-snippet:-1, max-image-preview:large, max-video-preview:-1\" \/>\n<link rel=\"canonical\" href=\"https:\/\/elfsight.com\/es\/facebook-feed-widget\/blogger\/\" \/>\n<meta property=\"og:locale\" content=\"es_ES\" \/>\n<meta property=\"og:type\" content=\"article\" \/>\n<meta property=\"og:title\" content=\"Feed de Facebook: agregue el complemento de Facebook al sitio web de Blogger\" \/>\n<meta property=\"og:description\" content=\"Agregue un widget responsivo de alimentaci\u00f3n de p\u00e1gina de Facebook en su sitio web de Blogger en 2018. Pruebe el constructor flexible de Elfsight y cree su complemento en solo 1 minuto.\" \/>\n<meta property=\"og:url\" content=\"https:\/\/elfsight.com\/es\/facebook-feed-widget\/blogger\/\" \/>\n<meta property=\"og:site_name\" content=\"Elfsight ES\" \/>\n<meta property=\"article:modified_time\" content=\"2025-02-06T14:59:41+00:00\" \/>\n<meta name=\"twitter:card\" content=\"summary_large_image\" \/>\n<meta name=\"twitter:label1\" content=\"Tiempo de lectura\" \/>\n\t<meta name=\"twitter:data1\" content=\"3 minutos\" \/>\n<!-- \/ Yoast SEO plugin. -->","yoast_head_json":{"title":"Feed de Facebook: agregue el complemento de Facebook al sitio web de Blogger","description":"Agregue un widget responsivo de alimentaci\u00f3n de p\u00e1gina de Facebook en su sitio web de Blogger en 2018. Pruebe el constructor flexible de Elfsight y cree su complemento en solo 1 minuto.","robots":{"index":"index","follow":"follow","max-snippet":"max-snippet:-1","max-image-preview":"max-image-preview:large","max-video-preview":"max-video-preview:-1"},"canonical":"https:\/\/elfsight.com\/es\/facebook-feed-widget\/blogger\/","og_locale":"es_ES","og_type":"article","og_title":"Feed de Facebook: agregue el complemento de Facebook al sitio web de Blogger","og_description":"Agregue un widget responsivo de alimentaci\u00f3n de p\u00e1gina de Facebook en su sitio web de Blogger en 2018. Pruebe el constructor flexible de Elfsight y cree su complemento en solo 1 minuto.","og_url":"https:\/\/elfsight.com\/es\/facebook-feed-widget\/blogger\/","og_site_name":"Elfsight ES","article_modified_time":"2025-02-06T14:59:41+00:00","twitter_card":"summary_large_image","twitter_misc":{"Tiempo de lectura":"3 minutos"},"schema":{"@context":"https:\/\/schema.org","@graph":[{"@type":"WebPage","@id":"https:\/\/elfsight.com\/es\/facebook-feed-widget\/blogger\/","url":"https:\/\/elfsight.com\/es\/facebook-feed-widget\/blogger\/","name":"Feed de Facebook: agregue el complemento de Facebook al sitio web de Blogger","isPartOf":{"@id":"https:\/\/elfsight.com\/es\/#website"},"datePublished":"2024-05-03T06:36:03+00:00","dateModified":"2025-02-06T14:59:41+00:00","description":"Agregue un widget responsivo de alimentaci\u00f3n de p\u00e1gina de Facebook en su sitio web de Blogger en 2018. Pruebe el constructor flexible de Elfsight y cree su complemento en solo 1 minuto.","breadcrumb":{"@id":"https:\/\/elfsight.com\/es\/facebook-feed-widget\/blogger\/#breadcrumb"},"inLanguage":"es","potentialAction":[{"@type":"ReadAction","target":["https:\/\/elfsight.com\/es\/facebook-feed-widget\/blogger\/"]}]},{"@type":"BreadcrumbList","@id":"https:\/\/elfsight.com\/es\/facebook-feed-widget\/blogger\/#breadcrumb","itemListElement":[{"@type":"ListItem","position":1,"name":"Home","item":"https:\/\/elfsight.com\/es\/"},{"@type":"ListItem","position":2,"name":"Facebook Feed","item":"https:\/\/elfsight.com\/es\/facebook-feed-widget\/"},{"@type":"ListItem","position":3,"name":"Facebook Feed &#8211; Blogger"}]},{"@type":"WebSite","@id":"https:\/\/elfsight.com\/es\/#website","url":"https:\/\/elfsight.com\/es\/","name":"Elfsight ES","description":"Just another Elfsight Sites site","potentialAction":[{"@type":"SearchAction","target":{"@type":"EntryPoint","urlTemplate":"https:\/\/elfsight.com\/es\/?s={search_term_string}"},"query-input":{"@type":"PropertyValueSpecification","valueRequired":true,"valueName":"search_term_string"}}],"inLanguage":"es"}]}},"meta_box":{"industry":"","seo_heading":"","heading":"","description":"","cta_heading":"","cta_description":"","application":"1396","h1":"Widget de feed de Facebook para Blogger","h1_caption":"Inserte publicaciones de su p\u00e1gina de Facebook para mantener a los visitantes de su sitio web interesados \u200b\u200bcon sus \u00faltimas actualizaciones y noticias en su sitio web de Blogger sin esfuerzo.","application_category":[],"applications_title":"","applications_request_title":"","applications_request_button_text":"","hero_text":"","hero_video":"","hero_video_schema_markup":"","selling_points_title":"","selling_points_caption":"","selling_points":[],"selling_points_cta_text":"","features_title":"","features":"","ed_cta_examples_text":"","ed_cta_examples_hidden":"","ed_cta_demo_text":"","ed_cta_demo_hidden":"","why_caption":"","why_editor_title":"","why_editor_text":"","why_team_title":"","why_team_text":"","why_service_title":"","why_service_text":"","template_catalog_visible":"0","template_catalog_title":"","template_catalog_text":"","template_catalog_categories_visible":"","demo_title":"Crea tu widget de feed de Facebook","demo_caption":"\u00a1Configure su feed de Facebook y agr\u00e9guelo a su sitio web de Blogger de forma gratuita!","default_faq_hidden":"","app_template_category":[],"platform":"39","template_public_id":"","codecanyon_url":"","codecanyon_item_id":"","codecanyon_price":"","pricing_caption":"","pricing_elfsight_apps_hide_column":"","pricing_elfsight_apps_url":"","pricing_codecanyon_price_caption":"","integration_category":[],"integration_request_title":"","integration_request_cta":"","integration_platform":"","integrations":[],"platform_category":[],"video_schema_markup":"","price":"desde $0 \/ mes","trial":"","benefits":[{"text":"Asistencia de instalaci\u00f3n gratuita"},{"text":"Soporte excepcional"},{"text":"Garant\u00eda de reembolso de 14 d\u00edas"},{"text":"Actualizaciones gratuitas continuas"}],"button_url":"#demo","button_target_blank":"0","button_nofollow":"0","attributes":[{"name":"Instalaciones","content":"100,000 - 500,000"},{"name":"Sensible","content":"S\u00ed"},{"name":"Navegadores compatibles","content":"Firefox, Safari, Opera, Chrome, Edge"}],"tags":[],"tags_disable_links":"0","hide_more_platforms":"","video_object":"","demo_hide_cta":"0","demo_hide_cloud_options":"0","pricing_title":"","pricing":[{"pricing_icon":"platform","pricing_title":"Blogger widget","pricing_title_caption":"Soluci\u00f3n digital multiplataforma que se adapta a cualquier sitio web","pricing_price":"desde $0 \/ mes","pricing_price_caption":"comienza con un plan gratuito","pricing_benefits":[{"text":"Sitios web ilimitados"},{"text":"Soporte empresarial 24 horas al d\u00eda, 7 d\u00edas a la semana"},{"text":"Servicio de instalaci\u00f3n gratuito"},{"text":"Totalmente personalizable"}],"pricing_button_text":"A\u00f1adir al sitio web","pricing_button_url":"#demo"}],"related_apps_title":"","related_apps_hidden":"0","author":"","image":[],"title":"","job":"","social_networks":[]},"_links":{"self":[{"href":"https:\/\/elfsight.com\/es\/wp-json\/wp\/v2\/pages\/15740","targetHints":{"allow":["GET"]}}],"collection":[{"href":"https:\/\/elfsight.com\/es\/wp-json\/wp\/v2\/pages"}],"about":[{"href":"https:\/\/elfsight.com\/es\/wp-json\/wp\/v2\/types\/page"}],"author":[{"embeddable":true,"href":"https:\/\/elfsight.com\/es\/wp-json\/wp\/v2\/users\/9"}],"replies":[{"embeddable":true,"href":"https:\/\/elfsight.com\/es\/wp-json\/wp\/v2\/comments?post=15740"}],"version-history":[{"count":3,"href":"https:\/\/elfsight.com\/es\/wp-json\/wp\/v2\/pages\/15740\/revisions"}],"predecessor-version":[{"id":17718,"href":"https:\/\/elfsight.com\/es\/wp-json\/wp\/v2\/pages\/15740\/revisions\/17718"}],"up":[{"embeddable":true,"href":"https:\/\/elfsight.com\/es\/wp-json\/wp\/v2\/pages\/1397"}],"wp:attachment":[{"href":"https:\/\/elfsight.com\/es\/wp-json\/wp\/v2\/media?parent=15740"}],"curies":[{"name":"wp","href":"https:\/\/api.w.org\/{rel}","templated":true}]}}