{"id":15739,"date":"2024-05-03T06:36:04","date_gmt":"2024-05-03T06:36:04","guid":{"rendered":"https:\/\/elfsight.com\/es\/?page_id=15739"},"modified":"2025-02-06T14:59:41","modified_gmt":"2025-02-06T14:59:41","slug":"bigcommerce","status":"publish","type":"page","link":"https:\/\/elfsight.com\/es\/facebook-feed-widget\/bigcommerce\/","title":{"rendered":"Facebook Feed &#8211; BigCommerce"},"content":{"rendered":"<div class=\"application-platform-content-item-description application-platform-content-item\" id=\"description\" data-nav-section=\"description\"><h2>Descripci\u00f3n<\/h2><p>Muestra tu p\u00e1gina de Facebook en nuestra potente aplicaci\u00f3n \u2013 Facebook Feed. Publicaciones, videos, im\u00e1genes \u2013 aseg\u00farate de que tus lectores no se pierdan ni un solo mensaje tuyo. Una interfaz elegante con los componentes aut\u00e9nticos de Facebook seguramente ser\u00e1 notada y contribuir\u00e1 no solo a mantener a los compradores actuales en el sitio, sino tambi\u00e9n a atraer nuevos suscriptores de Facebook.<\/p><p><b>Eleva tu sitio web al m\u00e1ximo nivel junto con la aplicaci\u00f3n de Facebook de BigCommerce.<\/b><\/p><ul><li><b>Incrementa la conversi\u00f3n de tu sitio hasta un 125%<\/b>.<br>Haz uso de un elemento de confianza social en tu sitio web para encontrar m\u00e1s clientes. Deja que tus visitantes descubran tu negocio en Facebook y ganen su plena confianza, lo que contribuir\u00e1 a aumentar tu conversi\u00f3n.<\/li><li><b>Promociona tu perfil de Facebook<\/b>.<br>Muestra contenido de Facebook no solo a los visitantes de la red social, sino tambi\u00e9n para atraer usuarios desde el sitio web a tu cuenta de Facebook. \u00a1A\u00f1ade un feed reconocible o fotos para empezar a conseguir nuevos suscriptores ahora mismo!<\/li><li><b>Todo Facebook en 1 widget<\/b>.<br>Todo tipo de contenido de Facebook en un widget \u00fanico: muestra publicaciones con comentarios, compartidos o cualquier reacci\u00f3n de Facebook; crea galer\u00edas de im\u00e1genes y videos en el sitio a partir de los \u00e1lbumes de Facebook.<\/li><\/ul><\/div><div class=\"application-platform-content-item-features application-platform-content-item\" id=\"features\" data-nav-section=\"features\"><h2>Caracter\u00edsticas<\/h2><p>Varias caracter\u00edsticas que transformar\u00e1n nuestro feed de Facebook en una aplicaci\u00f3n esencial para un sitio web de BigCommerce.<\/p><ul><li>3 tipos de contenido de Facebook mostrables: publicaciones, videos e im\u00e1genes con \u00e1lbumes;<\/li><li>Muestra fotos, \u00e1lbumes o ambos;<\/li><li>Publicaciones con informaci\u00f3n intercambiable: autor, n\u00famero de \u00abme gusta\u00bb, n\u00famero de compartidos, bot\u00f3n de compartir;<\/li><li>Mostrar o ocultar videos;<\/li><li>Tiempo de cach\u00e9 ajustable.<\/li><\/ul><p><a href=\"#demo\">Prueba todas las caracter\u00edsticas en la demostraci\u00f3n en vivo<\/a><\/p><\/div><div class=\"application-platform-content-item-installation application-platform-content-item\" id=\"installation\" data-nav-section=\"installation\"><h2>C\u00f3mo agregar la aplicaci\u00f3n de Facebook a tu sitio web de BigCommerce<\/h2><div class=\"video-container\"><iframe width=\"720\" height=\"405\" src=\"https:\/\/www.youtube.com\/embed\/GZwiP0igJZg\" frameborder=\"0\" allowfullscreen=\"\"><\/iframe><\/div><p>Simplemente sigue los pasos que se indican a continuaci\u00f3n para insertar el complemento en BigCommerce.<\/p> <ol><li><b>Lanza nuestra demo gratuita y comienza a crear tu propio complemento. <\/b><br> Elige el aspecto y las caracter\u00edsticas seleccionadas del complemento y aplica las correcciones. <\/li> <li><b>Copia tu c\u00f3digo personal expuesto en el cuadro de Elfsight Apps. <\/b><br> Cuando la generaci\u00f3n de tu aplicaci\u00f3n personal haya terminado, copia el c\u00f3digo personal desde el popup que aparecer\u00e1 y gu\u00e1rdalo para su uso posterior. <\/li> <li><b>Comienza a usar el widget en el sitio BigCommerce. <\/b><br> Inserta el c\u00f3digo que copiaste recientemente en tu sitio y aplica las correcciones. <\/li> <li><b>La instalaci\u00f3n ha finalizado correctamente. <\/b><br> Visita tu p\u00e1gina para ver c\u00f3mo funciona la aplicaci\u00f3n. <\/li><\/ol><p>\u00bfNecesitas ayuda m\u00e1s espec\u00edfica? Contacta con el soporte de Elfsight y estaremos encantados de encontrar una soluci\u00f3n o de proporcionarte una <a href=\"https:\/\/elfsight.com\/tutorials\/how-to-add-facebook-feed-plugin-to-bigcommerce\/\" target=\"_blank\" rel=\"noopener noreferrer\">gu\u00eda completa<\/a>.<\/p><\/div><div class=\"faq\" data-component=\"FAQ\"><div class=\"faq-item\">\r\n\t\t\t\t\t<div class=\"faq-item-question\">\r\n\t\t\t\t\t\t<h3 class=\"faq-item-question-text\">\u00bfHay una opci\u00f3n para agregar WhatsApp Chat a mi p\u00e1gina web de BigCommerce sin experiencia en programaci\u00f3n?<\/h3>\r\n\r\n\t\t\t\t\t\t<div class=\"faq-item-question-icon\"><\/div>\r\n\t\t\t\t\t<\/div>\r\n\r\n\t\t\t\t\t<div class=\"faq-item-answer\">\r\n\t\t\t\t\t\t<div class=\"faq-item-answer-text\"><p>La empresa Elfsight ofrece una soluci\u00f3n que te permite generar un widget de WhatsApp Chat por ti mismo, sigue los pasos f\u00e1ciles:<\/p><ul><li>Ve a la demo en l\u00ednea para construir la secci\u00f3n de WhatsApp Chat que deseas incluir en tu BigCommerce.<\/li><li>Elige uno de los plantillas pre-dise\u00f1adas y adapta la configuraci\u00f3n de WhatsApp Chat, actualiza tu contenido, cambia el dise\u00f1o y la paleta de colores sin experiencia en programaci\u00f3n.<\/li><li>Guarda la configuraci\u00f3n que hayas hecho en WhatsApp Chat y obt\u00e9n el c\u00f3digo del widget para la instalaci\u00f3n, que puedes agregar al sitio web de BigCommerce sin necesidad de comprar un plan de pago.<\/li><\/ul><p>Con la ayuda de nuestro Configurador f\u00e1cil de usar, cualquier usuario web puede crear una aplicaci\u00f3n de WhatsApp Chat y agregarla a la p\u00e1gina de inicio de BigCommerce. No es necesario pagar ni revelar tus datos bancarios para acceder a nuestro Editor. Si encuentras alg\u00fan obst\u00e1culo en cualquier paso, no dudes en ponerte en contacto con nuestro soporte t\u00e9cnico.<\/p><\/div>\r\n\t\t\t\t\t<\/div>\r\n\t\t\t\t<\/div><\/div>","protected":false},"excerpt":{"rendered":"","protected":false},"author":9,"featured_media":0,"parent":1397,"menu_order":0,"comment_status":"closed","ping_status":"closed","template":"templates\/template-application-platform.php","meta":{"publish_to_discourse":"","publish_post_category":"","wpdc_auto_publish_overridden":"","wpdc_topic_tags":"","wpdc_pin_topic":"","wpdc_pin_until":"","discourse_post_id":"","discourse_permalink":"","wpdc_publishing_response":"","wpdc_publishing_error":"","footnotes":""},"class_list":["post-15739","page","type-page","status-publish","hentry"],"yoast_head":"<!-- This site is optimized with the Yoast SEO plugin v25.3.1 - https:\/\/yoast.com\/wordpress\/plugins\/seo\/ -->\n<title>Feed de Facebook: agregue la aplicaci\u00f3n de Facebook al sitio web de BigCommerce<\/title>\n<meta name=\"description\" content=\"Inserte una aplicaci\u00f3n de Facebook Feed responsiva en su sitio web BigCommerce. Utilice nuestro editor interactivo y dise\u00f1e su aplicaci\u00f3n personal en s\u00f3lo 2 minutos.\" \/>\n<meta name=\"robots\" content=\"index, follow, max-snippet:-1, max-image-preview:large, max-video-preview:-1\" \/>\n<link rel=\"canonical\" href=\"https:\/\/elfsight.com\/es\/facebook-feed-widget\/bigcommerce\/\" \/>\n<meta property=\"og:locale\" content=\"es_ES\" \/>\n<meta property=\"og:type\" content=\"article\" \/>\n<meta property=\"og:title\" content=\"Feed de Facebook: agregue la aplicaci\u00f3n de Facebook al sitio web de BigCommerce\" \/>\n<meta property=\"og:description\" content=\"Inserte una aplicaci\u00f3n de Facebook Feed responsiva en su sitio web BigCommerce. Utilice nuestro editor interactivo y dise\u00f1e su aplicaci\u00f3n personal en s\u00f3lo 2 minutos.\" \/>\n<meta property=\"og:url\" content=\"https:\/\/elfsight.com\/es\/facebook-feed-widget\/bigcommerce\/\" \/>\n<meta property=\"og:site_name\" content=\"Elfsight ES\" \/>\n<meta property=\"article:modified_time\" content=\"2025-02-06T14:59:41+00:00\" \/>\n<meta name=\"twitter:card\" content=\"summary_large_image\" \/>\n<meta name=\"twitter:label1\" content=\"Tiempo de lectura\" \/>\n\t<meta name=\"twitter:data1\" content=\"3 minutos\" \/>\n<!-- \/ Yoast SEO plugin. -->","yoast_head_json":{"title":"Feed de Facebook: agregue la aplicaci\u00f3n de Facebook al sitio web de BigCommerce","description":"Inserte una aplicaci\u00f3n de Facebook Feed responsiva en su sitio web BigCommerce. Utilice nuestro editor interactivo y dise\u00f1e su aplicaci\u00f3n personal en s\u00f3lo 2 minutos.","robots":{"index":"index","follow":"follow","max-snippet":"max-snippet:-1","max-image-preview":"max-image-preview:large","max-video-preview":"max-video-preview:-1"},"canonical":"https:\/\/elfsight.com\/es\/facebook-feed-widget\/bigcommerce\/","og_locale":"es_ES","og_type":"article","og_title":"Feed de Facebook: agregue la aplicaci\u00f3n de Facebook al sitio web de BigCommerce","og_description":"Inserte una aplicaci\u00f3n de Facebook Feed responsiva en su sitio web BigCommerce. Utilice nuestro editor interactivo y dise\u00f1e su aplicaci\u00f3n personal en s\u00f3lo 2 minutos.","og_url":"https:\/\/elfsight.com\/es\/facebook-feed-widget\/bigcommerce\/","og_site_name":"Elfsight ES","article_modified_time":"2025-02-06T14:59:41+00:00","twitter_card":"summary_large_image","twitter_misc":{"Tiempo de lectura":"3 minutos"},"schema":{"@context":"https:\/\/schema.org","@graph":[{"@type":"WebPage","@id":"https:\/\/elfsight.com\/es\/facebook-feed-widget\/bigcommerce\/","url":"https:\/\/elfsight.com\/es\/facebook-feed-widget\/bigcommerce\/","name":"Feed de Facebook: agregue la aplicaci\u00f3n de Facebook al sitio web de BigCommerce","isPartOf":{"@id":"https:\/\/elfsight.com\/es\/#website"},"datePublished":"2024-05-03T06:36:04+00:00","dateModified":"2025-02-06T14:59:41+00:00","description":"Inserte una aplicaci\u00f3n de Facebook Feed responsiva en su sitio web BigCommerce. Utilice nuestro editor interactivo y dise\u00f1e su aplicaci\u00f3n personal en s\u00f3lo 2 minutos.","breadcrumb":{"@id":"https:\/\/elfsight.com\/es\/facebook-feed-widget\/bigcommerce\/#breadcrumb"},"inLanguage":"es","potentialAction":[{"@type":"ReadAction","target":["https:\/\/elfsight.com\/es\/facebook-feed-widget\/bigcommerce\/"]}]},{"@type":"BreadcrumbList","@id":"https:\/\/elfsight.com\/es\/facebook-feed-widget\/bigcommerce\/#breadcrumb","itemListElement":[{"@type":"ListItem","position":1,"name":"Home","item":"https:\/\/elfsight.com\/es\/"},{"@type":"ListItem","position":2,"name":"Facebook Feed","item":"https:\/\/elfsight.com\/es\/facebook-feed-widget\/"},{"@type":"ListItem","position":3,"name":"Facebook Feed &#8211; BigCommerce"}]},{"@type":"WebSite","@id":"https:\/\/elfsight.com\/es\/#website","url":"https:\/\/elfsight.com\/es\/","name":"Elfsight ES","description":"Just another Elfsight Sites site","potentialAction":[{"@type":"SearchAction","target":{"@type":"EntryPoint","urlTemplate":"https:\/\/elfsight.com\/es\/?s={search_term_string}"},"query-input":{"@type":"PropertyValueSpecification","valueRequired":true,"valueName":"search_term_string"}}],"inLanguage":"es"}]}},"meta_box":{"industry":"","seo_heading":"","heading":"","description":"","cta_heading":"","cta_description":"","application":"1396","h1":"Aplicaci\u00f3n de Facebook Feed para BigCommerce","h1_caption":"Inserte publicaciones de su p\u00e1gina de Facebook para mantener a los visitantes de su sitio web interesados \u200b\u200bcon sus \u00faltimas actualizaciones y noticias en su sitio web de BigCommerce sin esfuerzo.","application_category":[],"applications_title":"","applications_request_title":"","applications_request_button_text":"","hero_text":"","hero_video":"","hero_video_schema_markup":"","selling_points_title":"","selling_points_caption":"","selling_points":[],"selling_points_cta_text":"","features_title":"","features":"","ed_cta_examples_text":"","ed_cta_examples_hidden":"","ed_cta_demo_text":"","ed_cta_demo_hidden":"","why_caption":"","why_editor_title":"","why_editor_text":"","why_team_title":"","why_team_text":"","why_service_title":"","why_service_text":"","template_catalog_visible":"0","template_catalog_title":"","template_catalog_text":"","template_catalog_categories_visible":"","demo_title":"Crea tu aplicaci\u00f3n Facebook Feed","demo_caption":"\u00a1Configure su feed de Facebook y agr\u00e9guelo a su sitio web BigCommerce gratis!","default_faq_hidden":"","app_template_category":[],"platform":"33","template_public_id":"","codecanyon_url":"","codecanyon_item_id":"","codecanyon_price":"","pricing_caption":"","pricing_elfsight_apps_hide_column":"","pricing_elfsight_apps_url":"","pricing_codecanyon_price_caption":"","integration_category":[],"integration_request_title":"","integration_request_cta":"","integration_platform":"","integrations":[],"platform_category":[],"video_schema_markup":"","price":"desde $0 \/ mes","trial":"","benefits":[{"text":"Servicio de instalaci\u00f3n gratuito"},{"text":"Servicio al cliente competente"},{"text":"Garant\u00eda de devoluci\u00f3n de dinero de 14 d\u00edas"},{"text":"Actualizaciones gratuitas peri\u00f3dicas"}],"button_url":"#demo","button_target_blank":"0","button_nofollow":"0","attributes":[{"name":"Instalaciones","content":"100,000 - 500,000"},{"name":"Sensible","content":"S\u00ed"},{"name":"Navegadores compatibles","content":"Firefox, Safari, Opera, Chrome, Edge"}],"tags":[],"tags_disable_links":"0","hide_more_platforms":"","video_object":"","demo_hide_cta":"0","demo_hide_cloud_options":"0","pricing_title":"","pricing":[{"pricing_icon":"cloud","pricing_title":"Elfsight Apps","pricing_title_caption":"Versi\u00f3n multiplataforma","pricing_price":"desde $0 \/ mes","pricing_price_caption":"comienza con un plan gratuito","pricing_benefits":[{"text":"Dominios ilimitados"},{"text":"Soporte de la empresa 24 horas al d\u00eda, 7 d\u00edas a la semana y bien documentado."},{"text":"Servicio de instalaci\u00f3n gratuito"},{"text":"Totalmente personalizable"}],"pricing_button_text":"A\u00f1adir al sitio web","pricing_button_url":"#demo"}],"related_apps_title":"","related_apps_hidden":"0","author":"","image":[],"title":"","job":"","social_networks":[]},"_links":{"self":[{"href":"https:\/\/elfsight.com\/es\/wp-json\/wp\/v2\/pages\/15739","targetHints":{"allow":["GET"]}}],"collection":[{"href":"https:\/\/elfsight.com\/es\/wp-json\/wp\/v2\/pages"}],"about":[{"href":"https:\/\/elfsight.com\/es\/wp-json\/wp\/v2\/types\/page"}],"author":[{"embeddable":true,"href":"https:\/\/elfsight.com\/es\/wp-json\/wp\/v2\/users\/9"}],"replies":[{"embeddable":true,"href":"https:\/\/elfsight.com\/es\/wp-json\/wp\/v2\/comments?post=15739"}],"version-history":[{"count":3,"href":"https:\/\/elfsight.com\/es\/wp-json\/wp\/v2\/pages\/15739\/revisions"}],"predecessor-version":[{"id":17717,"href":"https:\/\/elfsight.com\/es\/wp-json\/wp\/v2\/pages\/15739\/revisions\/17717"}],"up":[{"embeddable":true,"href":"https:\/\/elfsight.com\/es\/wp-json\/wp\/v2\/pages\/1397"}],"wp:attachment":[{"href":"https:\/\/elfsight.com\/es\/wp-json\/wp\/v2\/media?parent=15739"}],"curies":[{"name":"wp","href":"https:\/\/api.w.org\/{rel}","templated":true}]}}