{"id":15671,"date":"2024-05-03T06:25:44","date_gmt":"2024-05-03T06:25:44","guid":{"rendered":"https:\/\/elfsight.com\/es\/?page_id=15671"},"modified":"2025-02-06T15:05:06","modified_gmt":"2025-02-06T15:05:06","slug":"prestashop","status":"publish","type":"page","link":"https:\/\/elfsight.com\/es\/age-verification-widget\/prestashop\/","title":{"rendered":"Age Verification &#8211; PrestaShop"},"content":{"rendered":"<div class=\"application-platform-content-item-description application-platform-content-item\" id=\"description\" data-nav-section=\"description\"> <h2>Descripci\u00f3n<\/h2> <p>Nuestro widget ser\u00e1 la herramienta m\u00e1s r\u00e1pida para obtener un popup inmediato que pregunte por la edad del usuario. Nuestro widget har\u00e1 que tu material restringido por edad est\u00e9 disponible para los usuarios mayores de edad y lo ocultar\u00e1 para los menores. Puedes seleccionar el l\u00edmite de edad requerido, especificar el m\u00e9todo de verificaci\u00f3n, mostrar la ventana en todas o solo en p\u00e1ginas espec\u00edficas, y elegir la acci\u00f3n. El aspecto tambi\u00e9n est\u00e1 bajo tu control con elementos pintables y la opci\u00f3n de subir im\u00e1genes personalizadas.<\/p> <p><b>\u00a1Lanza la verificaci\u00f3n de edad para alcanzar tus objetivos de comercio electr\u00f3nico de forma m\u00e1s sencilla!<\/b><\/p> <\/div> <div class=\"application-platform-content-item-features application-platform-content-item\" id=\"features\" data-nav-section=\"features\"> <h2>El widget incluye caracter\u00edsticas pr\u00e1cticas y r\u00e1pidas, mira algunas de ellas:<\/h2> <ul><li>Selecciona uno de tres tipos de verificaci\u00f3n: solicitud de fecha de nacimiento, solo el a\u00f1o de nacimiento, o una pregunta con respuestas de S\u00ed y No.<\/li><li>Elige recordar al visitante por un periodo de tiempo determinado en d\u00edas.<\/li><li>Dos escenarios para los visitantes menores de edad.<\/li><li>Usa la URL de perfil de Twitter o Facebook para probar que el autor es una persona real.<\/li><li>Prueba 6 plantillas adaptativas de testimonios y encuentra la que necesitas.<\/li><li>Dise\u00f1o a pantalla completa para darle un aspecto destacado.<\/li><\/ul><p><a href=\"#demo\">Puedes explorar la funcionalidad completa del widget en la demo ahora mismo<\/a><\/p> <\/div> <div class=\"application-platform-content-item-installation application-platform-content-item\" id=\"installation\" data-nav-section=\"installation\"> <h2>\u00bfC\u00f3mo incrustar la Verificaci\u00f3n de Edad en mi sitio web de PrestaShop?<\/h2> <p>Simplemente sigue las instrucciones a continuaci\u00f3n para insertar el plugin.<\/p> <ol><li><b>Usa nuestro editor gratuito y empieza a construir tu plugin personalizado.<\/b><br> Determina el dise\u00f1o y las caracter\u00edsticas funcionales preferidas del widget y guarda las ediciones.<\/li>  <li><b>Obt\u00e9n el c\u00f3digo personal que aparece en la ventana de Elfsight Apps.<\/b><br> Despu\u00e9s de crear tu widget personal, copia el c\u00f3digo exclusivo de la ventana emergente y gu\u00e1rdalo para uso posterior.<\/li>  <li><b>Comienza a usar el plugin en tu sitio de PrestaShop.<\/b><br> Implementa el c\u00f3digo copiado recientemente en tu p\u00e1gina y guarda los cambios.<\/li>  <li><b>La configuraci\u00f3n est\u00e1 completamente terminada.<\/b><br> Dir\u00edgete a tu p\u00e1gina web para comprobar c\u00f3mo funciona el plugin.<\/li><\/ol> <p>En caso de que tengas alguna consulta o te encuentres con alg\u00fan problema, no dudes en ponerte en contacto con nuestro personal de atenci\u00f3n al cliente. Nuestros especialistas estar\u00e1n encantados de ayudarte con cualquier pregunta que tengas sobre la herramienta.<\/p> <div class=\"faq\" data-component=\"FAQ\"> <div class=\"faq-item\">\r\n\t\t\t\t\t<div class=\"faq-item-question\">\r\n\t\t\t\t\t\t<h3 class=\"faq-item-question-text\">\u00bfC\u00f3mo puedo agregar la Verificaci\u00f3n de Edad a mi sitio de PrestaShop sin habilidades de codificaci\u00f3n?<\/h3>\r\n\r\n\t\t\t\t\t\t<div class=\"faq-item-question-icon\"><\/div>\r\n\t\t\t\t\t<\/div>\r\n\r\n\t\t\t\t\t<div class=\"faq-item-answer\">\r\n\t\t\t\t\t\t<div class=\"faq-item-answer-text\"> <p>Elfsight ofrece una soluci\u00f3n SaaS que te permite crear un widget de Verificaci\u00f3n de Edad por ti mismo, mira lo f\u00e1cil que es el proceso: Trabaja directamente en el Editor en l\u00ednea para crear el widget de Verificaci\u00f3n de Edad que deseas ver en tu sitio web de PrestaShop. Elige una de las plantillas predise\u00f1adas y ajusta la configuraci\u00f3n de la Verificaci\u00f3n de Edad, agrega tu contenido, cambia el dise\u00f1o y los colores sin necesidad de habilidades de codificaci\u00f3n. Guarda la Verificaci\u00f3n de Edad y copia su c\u00f3digo de instalaci\u00f3n, que puedes integrar f\u00e1cilmente en tu sitio web de PrestaShop sin necesidad de comprar un plan de pago. Con nuestro Editor intuitivo, cualquier usuario de internet puede crear un widget de Verificaci\u00f3n de Edad en l\u00ednea e integrarlo f\u00e1cilmente en su sitio web de PrestaShop. No es necesario pagar ni ingresar los datos de tu tarjeta para acceder al servicio. Si encuentras alg\u00fan problema en cualquier paso, no dudes en ponerte en contacto con nuestro equipo de soporte t\u00e9cnico.<\/p> <\/div>\r\n\t\t\t\t\t<\/div>\r\n\t\t\t\t<\/div> <\/div> <\/div>","protected":false},"excerpt":{"rendered":"","protected":false},"author":9,"featured_media":0,"parent":373,"menu_order":0,"comment_status":"closed","ping_status":"closed","template":"templates\/template-application-platform.php","meta":{"publish_to_discourse":"","publish_post_category":"","wpdc_auto_publish_overridden":"","wpdc_topic_tags":"","wpdc_pin_topic":"","wpdc_pin_until":"","discourse_post_id":"","discourse_permalink":"","wpdc_publishing_response":"","wpdc_publishing_error":"","footnotes":""},"class_list":["post-15671","page","type-page","status-publish","hentry"],"yoast_head":"<!-- This site is optimized with the Yoast SEO plugin v25.3.1 - https:\/\/yoast.com\/wordpress\/plugins\/seo\/ -->\n<title>Complemento de verificaci\u00f3n de edad para el sitio web de PrestaShop (r\u00e1pido y gratuito)<\/title>\n<meta name=\"description\" content=\"Es muy sencillo dise\u00f1ar su complemento de verificaci\u00f3n de edad y mostrarlo en el sitio web de PrestaShop. La atenci\u00f3n al cliente de Elfsight es gratuita.\" \/>\n<meta name=\"robots\" content=\"index, follow, max-snippet:-1, max-image-preview:large, max-video-preview:-1\" \/>\n<link rel=\"canonical\" href=\"https:\/\/elfsight.com\/es\/age-verification-widget\/prestashop\/\" \/>\n<meta property=\"og:locale\" content=\"es_ES\" \/>\n<meta property=\"og:type\" content=\"article\" \/>\n<meta property=\"og:title\" content=\"Complemento de verificaci\u00f3n de edad para el sitio web de PrestaShop (r\u00e1pido y gratuito)\" \/>\n<meta property=\"og:description\" content=\"Es muy sencillo dise\u00f1ar su complemento de verificaci\u00f3n de edad y mostrarlo en el sitio web de PrestaShop. La atenci\u00f3n al cliente de Elfsight es gratuita.\" \/>\n<meta property=\"og:url\" content=\"https:\/\/elfsight.com\/es\/age-verification-widget\/prestashop\/\" \/>\n<meta property=\"og:site_name\" content=\"Elfsight ES\" \/>\n<meta property=\"article:modified_time\" content=\"2025-02-06T15:05:06+00:00\" \/>\n<meta name=\"twitter:card\" content=\"summary_large_image\" \/>\n<meta name=\"twitter:label1\" content=\"Tiempo de lectura\" \/>\n\t<meta name=\"twitter:data1\" content=\"3 minutos\" \/>\n<!-- \/ Yoast SEO plugin. -->","yoast_head_json":{"title":"Complemento de verificaci\u00f3n de edad para el sitio web de PrestaShop (r\u00e1pido y gratuito)","description":"Es muy sencillo dise\u00f1ar su complemento de verificaci\u00f3n de edad y mostrarlo en el sitio web de PrestaShop. La atenci\u00f3n al cliente de Elfsight es gratuita.","robots":{"index":"index","follow":"follow","max-snippet":"max-snippet:-1","max-image-preview":"max-image-preview:large","max-video-preview":"max-video-preview:-1"},"canonical":"https:\/\/elfsight.com\/es\/age-verification-widget\/prestashop\/","og_locale":"es_ES","og_type":"article","og_title":"Complemento de verificaci\u00f3n de edad para el sitio web de PrestaShop (r\u00e1pido y gratuito)","og_description":"Es muy sencillo dise\u00f1ar su complemento de verificaci\u00f3n de edad y mostrarlo en el sitio web de PrestaShop. La atenci\u00f3n al cliente de Elfsight es gratuita.","og_url":"https:\/\/elfsight.com\/es\/age-verification-widget\/prestashop\/","og_site_name":"Elfsight ES","article_modified_time":"2025-02-06T15:05:06+00:00","twitter_card":"summary_large_image","twitter_misc":{"Tiempo de lectura":"3 minutos"},"schema":{"@context":"https:\/\/schema.org","@graph":[{"@type":"WebPage","@id":"https:\/\/elfsight.com\/es\/age-verification-widget\/prestashop\/","url":"https:\/\/elfsight.com\/es\/age-verification-widget\/prestashop\/","name":"Complemento de verificaci\u00f3n de edad para el sitio web de PrestaShop (r\u00e1pido y gratuito)","isPartOf":{"@id":"https:\/\/elfsight.com\/es\/#website"},"datePublished":"2024-05-03T06:25:44+00:00","dateModified":"2025-02-06T15:05:06+00:00","description":"Es muy sencillo dise\u00f1ar su complemento de verificaci\u00f3n de edad y mostrarlo en el sitio web de PrestaShop. La atenci\u00f3n al cliente de Elfsight es gratuita.","breadcrumb":{"@id":"https:\/\/elfsight.com\/es\/age-verification-widget\/prestashop\/#breadcrumb"},"inLanguage":"es","potentialAction":[{"@type":"ReadAction","target":["https:\/\/elfsight.com\/es\/age-verification-widget\/prestashop\/"]}]},{"@type":"BreadcrumbList","@id":"https:\/\/elfsight.com\/es\/age-verification-widget\/prestashop\/#breadcrumb","itemListElement":[{"@type":"ListItem","position":1,"name":"Home","item":"https:\/\/elfsight.com\/es\/"},{"@type":"ListItem","position":2,"name":"Age Verification","item":"https:\/\/elfsight.com\/es\/age-verification-widget\/"},{"@type":"ListItem","position":3,"name":"Age Verification &#8211; PrestaShop"}]},{"@type":"WebSite","@id":"https:\/\/elfsight.com\/es\/#website","url":"https:\/\/elfsight.com\/es\/","name":"Elfsight ES","description":"Just another Elfsight Sites site","potentialAction":[{"@type":"SearchAction","target":{"@type":"EntryPoint","urlTemplate":"https:\/\/elfsight.com\/es\/?s={search_term_string}"},"query-input":{"@type":"PropertyValueSpecification","valueRequired":true,"valueName":"search_term_string"}}],"inLanguage":"es"}]}},"meta_box":{"industry":"","seo_heading":"","heading":"","description":"","cta_heading":"","cta_description":"","application":"366","h1":"Complemento de verificaci\u00f3n de edad de PrestaShop","h1_caption":"Aseg\u00farese de que se acceda al contenido sensible a la edad de manera responsable con un widget de verificaci\u00f3n de edad simple y personalizable en su sitio web Prestashop sin esfuerzo.","application_category":[],"applications_title":"","applications_request_title":"","applications_request_button_text":"","hero_text":"","hero_video":"","hero_video_schema_markup":"","selling_points_title":"","selling_points_caption":"","selling_points":[],"selling_points_cta_text":"","features_title":"","features":"","ed_cta_examples_text":"","ed_cta_examples_hidden":"","ed_cta_demo_text":"","ed_cta_demo_hidden":"","why_caption":"","why_editor_title":"","why_editor_text":"","why_team_title":"","why_team_text":"","why_service_title":"","why_service_text":"","template_catalog_visible":"","template_catalog_title":"","template_catalog_text":"","template_catalog_categories_visible":"","demo_title":"Crea tu complemento de verificaci\u00f3n de edad","demo_caption":"\u00a1Configura tu Verificaci\u00f3n de Edad y agr\u00e9gala a tu sitio web PrestaShop gratis!","default_faq_hidden":"","app_template_category":[],"platform":"2250","template_public_id":"","codecanyon_url":"","codecanyon_item_id":"","codecanyon_price":"","pricing_caption":"","pricing_elfsight_apps_hide_column":"","pricing_elfsight_apps_url":"","pricing_codecanyon_price_caption":"","integration_category":[],"integration_request_title":"","integration_request_cta":"","integration_platform":"","integrations":[],"platform_category":[],"video_schema_markup":"","price":"desde $0 \/ mes","trial":"","benefits":[{"text":"Ayuda de instalaci\u00f3n gratuita"},{"text":"Atenci\u00f3n al cliente experimentada"},{"text":"Garant\u00eda de devoluci\u00f3n de dinero de 14 d\u00edas"},{"text":"Mejoras gratuitas de por vida"}],"button_url":"#demo","button_target_blank":"","button_nofollow":"","attributes":[{"name":"Instalaciones","content":"10,000 - 100,000"},{"name":"Sensible","content":"S\u00ed"},{"name":"Navegadores compatibles","content":"Firefox, Safari, Opera, Chrome, Edge"}],"tags":[],"tags_disable_links":"","hide_more_platforms":"","video_object":"","demo_hide_cta":"","demo_hide_cloud_options":"","pricing_title":"","pricing":[{"pricing_icon":"platform","pricing_title":"Elfsight Apps","pricing_title_caption":"Soluci\u00f3n digital independiente de plataforma que se adapta a cualquier sitio web","pricing_price":"desde $0 \/ mes","pricing_price_caption":"comienza con un plan gratuito","pricing_benefits":[{"text":"Dominios ilimitados"},{"text":"Soporte 24 horas al d\u00eda, 7 d\u00edas a la semana y a tiempo"},{"text":"Soporte de instalaci\u00f3n gratuito"},{"text":"Totalmente personalizable"}],"pricing_button_text":"A\u00f1adir al sitio web","pricing_button_url":"#demo"}],"related_apps_title":"","related_apps_hidden":"","author":"","image":[],"title":"","job":"","social_networks":[]},"_links":{"self":[{"href":"https:\/\/elfsight.com\/es\/wp-json\/wp\/v2\/pages\/15671","targetHints":{"allow":["GET"]}}],"collection":[{"href":"https:\/\/elfsight.com\/es\/wp-json\/wp\/v2\/pages"}],"about":[{"href":"https:\/\/elfsight.com\/es\/wp-json\/wp\/v2\/types\/page"}],"author":[{"embeddable":true,"href":"https:\/\/elfsight.com\/es\/wp-json\/wp\/v2\/users\/9"}],"replies":[{"embeddable":true,"href":"https:\/\/elfsight.com\/es\/wp-json\/wp\/v2\/comments?post=15671"}],"version-history":[{"count":3,"href":"https:\/\/elfsight.com\/es\/wp-json\/wp\/v2\/pages\/15671\/revisions"}],"predecessor-version":[{"id":17875,"href":"https:\/\/elfsight.com\/es\/wp-json\/wp\/v2\/pages\/15671\/revisions\/17875"}],"up":[{"embeddable":true,"href":"https:\/\/elfsight.com\/es\/wp-json\/wp\/v2\/pages\/373"}],"wp:attachment":[{"href":"https:\/\/elfsight.com\/es\/wp-json\/wp\/v2\/media?parent=15671"}],"curies":[{"name":"wp","href":"https:\/\/api.w.org\/{rel}","templated":true}]}}