{"id":15665,"date":"2024-05-03T06:27:07","date_gmt":"2024-05-03T06:27:07","guid":{"rendered":"https:\/\/elfsight.com\/es\/?page_id=15665"},"modified":"2025-02-06T15:04:09","modified_gmt":"2025-02-06T15:04:09","slug":"woocommerce","status":"publish","type":"page","link":"https:\/\/elfsight.com\/es\/all-in-one-reviews-widget\/woocommerce\/","title":{"rendered":"All-in-One Reviews &#8211; WooCommerce"},"content":{"rendered":"<div class=\"application-platform-content-item-description application-platform-content-item\" id=\"description\" data-nav-section=\"description\"> <h2>Descripci\u00f3n<\/h2> <p>Elfsight All-in-One Reviews es un complemento f\u00e1cil de usar para WooCommerce que te da la oportunidad de mostrar todas las rese\u00f1as sobre tus ofertas directamente en tu p\u00e1gina web desde los sitios de rese\u00f1as m\u00e1s utilizados. Usando nuestro widget, podr\u00e1s aplicar filtros para ocultar los testimonios no deseados, presumir tu puntuaci\u00f3n y n\u00fameros desde tu p\u00e1gina en cualquier plataforma de rese\u00f1as, a\u00f1adir informaci\u00f3n sobre los autores de las rese\u00f1as, y agregar un bot\u00f3n de llamada a la acci\u00f3n convincente que motivar\u00e1 a los visitantes a escribir un nuevo comentario. Nuestro widget te ayudar\u00e1 a mostrar tu gran prueba social en la p\u00e1gina web y empezar a adquirir m\u00e1s compras nuevas.<\/p> <p><b>Aumenta las ventas mostrando tu excelente valoraci\u00f3n<\/b><\/p> <\/div> <div class=\"application-platform-content-item-features application-platform-content-item\" id=\"features\" data-nav-section=\"features\"> <h2>El widget tiene potentes y sencillas caracter\u00edsticas, consulta algunas de ellas:<\/h2> <ul><li>Encabezado del complemento intercambiable<\/li><li>Opci\u00f3n para mostrar el bot\u00f3n \u00abEscribir rese\u00f1a\u00bb para redirigir a los usuarios a tu p\u00e1gina<\/li><li>Estilo admirable a un clic<\/li><li>Elementos pintables de la interfaz<\/li><li>Detalles m\u00e1ximos para generar confianza<\/li><\/ul><p><a href=\"#demo\">Puedes descubrir todas las capacidades del widget en la demo aqu\u00ed<\/a><\/p> <\/div>  <div class=\"application-platform-content-item-installation application-platform-content-item\" id=\"installation\" data-nav-section=\"installation\"> <h2>\u00bfC\u00f3mo agrego All-in-One Reviews en mi sitio WooCommerce?<\/h2> <p>Simplemente sigue los pasos a continuaci\u00f3n para activar el widget.<\/p> <ol><li><b>Usa nuestra demo gratuita y comienza a crear tu propio complemento.<\/b><br> Elige el dise\u00f1o y los par\u00e1metros del widget y guarda las modificaciones.<\/li>  <li><b>Obt\u00e9n el c\u00f3digo \u00fanico que aparece en la ventana de Elfsight Apps.<\/b><br> Cuando finalices la configuraci\u00f3n de tu herramienta personalizada, copia el c\u00f3digo personal en el cuadro emergente y gu\u00e1rdalo para uso posterior.<\/li>  <li><b>Comienza a usar la herramienta en tu sitio WooCommerce.<\/b><br> Ingresa el c\u00f3digo que copiaste antes en tu p\u00e1gina web y guarda los cambios.<\/li>  <li><b>La instalaci\u00f3n se ha completado con \u00e9xito.<\/b><br> Ve a tu p\u00e1gina web para comprobar el funcionamiento de la herramienta.<\/li><\/ol> <p>Si encuentras alg\u00fan problema, no dudes en contactar a nuestro equipo de atenci\u00f3n al cliente. Nuestros consultores est\u00e1n listos para ayudarte con todas las preguntas que puedas tener sobre el widget.<\/p> <div class=\"faq\" data-component=\"FAQ\"> <div class=\"faq-item\">\r\n\t\t\t\t\t<div class=\"faq-item-question\">\r\n\t\t\t\t\t\t<h3 class=\"faq-item-question-text\">\u00bfC\u00f3mo puedo agregar All-in-One Reviews a mi sitio de WooCommerce sin conocimientos de programaci\u00f3n?<\/h3>\r\n\r\n\t\t\t\t\t\t<div class=\"faq-item-question-icon\"><\/div>\r\n\t\t\t\t\t<\/div>\r\n\r\n\t\t\t\t\t<div class=\"faq-item-answer\">\r\n\t\t\t\t\t\t<div class=\"faq-item-answer-text\"> <p>Elfsight ofrece una soluci\u00f3n SaaS que te permite crear un widget All-in-One Reviews por ti mismo, ve lo f\u00e1cil que es el proceso: Trabaja directamente en el Editor en l\u00ednea para crear un widget All-in-One Reviews que te gustar\u00eda ver en tu sitio de WooCommerce. Elige una de las plantillas predefinidas y ajusta la configuraci\u00f3n de All-in-One Reviews, agrega tu contenido, cambia el dise\u00f1o y la combinaci\u00f3n de colores sin necesidad de conocimientos de programaci\u00f3n. Guarda el widget All-in-One Reviews y copia su c\u00f3digo de instalaci\u00f3n, que puedes pegar f\u00e1cilmente en tu sitio de WooCommerce sin necesidad de comprar una versi\u00f3n de pago. Con nuestro Editor intuitivo, cualquier usuario de Internet puede crear un widget All-in-One Reviews en l\u00ednea e integrarlo f\u00e1cilmente en su sitio de WooCommerce. No es necesario pagar ni ingresar los datos de tu tarjeta para acceder al servicio. Si encuentras alg\u00fan problema en cualquier paso, no dudes en ponerte en contacto con nuestro equipo de soporte t\u00e9cnico.<\/p> <\/div>\r\n\t\t\t\t\t<\/div>\r\n\t\t\t\t<\/div> <\/div> <\/div>","protected":false},"excerpt":{"rendered":"","protected":false},"author":9,"featured_media":0,"parent":394,"menu_order":0,"comment_status":"closed","ping_status":"closed","template":"templates\/template-application-platform.php","meta":{"publish_to_discourse":"","publish_post_category":"","wpdc_auto_publish_overridden":"","wpdc_topic_tags":"","wpdc_pin_topic":"","wpdc_pin_until":"","discourse_post_id":"","discourse_permalink":"","wpdc_publishing_response":"","wpdc_publishing_error":"","footnotes":""},"class_list":["post-15665","page","type-page","status-publish","hentry"],"yoast_head":"<!-- This site is optimized with the Yoast SEO plugin v25.3.1 - https:\/\/yoast.com\/wordpress\/plugins\/seo\/ -->\n<title>Agregue el complemento All-in-One Reviews a su sitio web WooCommerce<\/title>\n<meta name=\"description\" content=\"Agregue una aplicaci\u00f3n de Rese\u00f1as receptiva en su sitio web WooCommerce y logre plena confianza. Utilice la pr\u00e1ctica demostraci\u00f3n de Elfsight para crear su caracter\u00edstica \u00fanica.\" \/>\n<meta name=\"robots\" content=\"index, follow, max-snippet:-1, max-image-preview:large, max-video-preview:-1\" \/>\n<link rel=\"canonical\" href=\"https:\/\/elfsight.com\/es\/all-in-one-reviews-widget\/woocommerce\/\" \/>\n<meta property=\"og:locale\" content=\"es_ES\" \/>\n<meta property=\"og:type\" content=\"article\" \/>\n<meta property=\"og:title\" content=\"Agregue el complemento All-in-One Reviews a su sitio web WooCommerce\" \/>\n<meta property=\"og:description\" content=\"Agregue una aplicaci\u00f3n de Rese\u00f1as receptiva en su sitio web WooCommerce y logre plena confianza. Utilice la pr\u00e1ctica demostraci\u00f3n de Elfsight para crear su caracter\u00edstica \u00fanica.\" \/>\n<meta property=\"og:url\" content=\"https:\/\/elfsight.com\/es\/all-in-one-reviews-widget\/woocommerce\/\" \/>\n<meta property=\"og:site_name\" content=\"Elfsight ES\" \/>\n<meta property=\"article:modified_time\" content=\"2025-02-06T15:04:09+00:00\" \/>\n<meta name=\"twitter:card\" content=\"summary_large_image\" \/>\n<meta name=\"twitter:label1\" content=\"Tiempo de lectura\" \/>\n\t<meta name=\"twitter:data1\" content=\"3 minutos\" \/>\n<!-- \/ Yoast SEO plugin. -->","yoast_head_json":{"title":"Agregue el complemento All-in-One Reviews a su sitio web WooCommerce","description":"Agregue una aplicaci\u00f3n de Rese\u00f1as receptiva en su sitio web WooCommerce y logre plena confianza. Utilice la pr\u00e1ctica demostraci\u00f3n de Elfsight para crear su caracter\u00edstica \u00fanica.","robots":{"index":"index","follow":"follow","max-snippet":"max-snippet:-1","max-image-preview":"max-image-preview:large","max-video-preview":"max-video-preview:-1"},"canonical":"https:\/\/elfsight.com\/es\/all-in-one-reviews-widget\/woocommerce\/","og_locale":"es_ES","og_type":"article","og_title":"Agregue el complemento All-in-One Reviews a su sitio web WooCommerce","og_description":"Agregue una aplicaci\u00f3n de Rese\u00f1as receptiva en su sitio web WooCommerce y logre plena confianza. Utilice la pr\u00e1ctica demostraci\u00f3n de Elfsight para crear su caracter\u00edstica \u00fanica.","og_url":"https:\/\/elfsight.com\/es\/all-in-one-reviews-widget\/woocommerce\/","og_site_name":"Elfsight ES","article_modified_time":"2025-02-06T15:04:09+00:00","twitter_card":"summary_large_image","twitter_misc":{"Tiempo de lectura":"3 minutos"},"schema":{"@context":"https:\/\/schema.org","@graph":[{"@type":"WebPage","@id":"https:\/\/elfsight.com\/es\/all-in-one-reviews-widget\/woocommerce\/","url":"https:\/\/elfsight.com\/es\/all-in-one-reviews-widget\/woocommerce\/","name":"Agregue el complemento All-in-One Reviews a su sitio web WooCommerce","isPartOf":{"@id":"https:\/\/elfsight.com\/es\/#website"},"datePublished":"2024-05-03T06:27:07+00:00","dateModified":"2025-02-06T15:04:09+00:00","description":"Agregue una aplicaci\u00f3n de Rese\u00f1as receptiva en su sitio web WooCommerce y logre plena confianza. Utilice la pr\u00e1ctica demostraci\u00f3n de Elfsight para crear su caracter\u00edstica \u00fanica.","breadcrumb":{"@id":"https:\/\/elfsight.com\/es\/all-in-one-reviews-widget\/woocommerce\/#breadcrumb"},"inLanguage":"es","potentialAction":[{"@type":"ReadAction","target":["https:\/\/elfsight.com\/es\/all-in-one-reviews-widget\/woocommerce\/"]}]},{"@type":"BreadcrumbList","@id":"https:\/\/elfsight.com\/es\/all-in-one-reviews-widget\/woocommerce\/#breadcrumb","itemListElement":[{"@type":"ListItem","position":1,"name":"Home","item":"https:\/\/elfsight.com\/es\/"},{"@type":"ListItem","position":2,"name":"All-in-One Reviews","item":"https:\/\/elfsight.com\/es\/all-in-one-reviews-widget\/"},{"@type":"ListItem","position":3,"name":"All-in-One Reviews &#8211; WooCommerce"}]},{"@type":"WebSite","@id":"https:\/\/elfsight.com\/es\/#website","url":"https:\/\/elfsight.com\/es\/","name":"Elfsight ES","description":"Just another Elfsight Sites site","potentialAction":[{"@type":"SearchAction","target":{"@type":"EntryPoint","urlTemplate":"https:\/\/elfsight.com\/es\/?s={search_term_string}"},"query-input":{"@type":"PropertyValueSpecification","valueRequired":true,"valueName":"search_term_string"}}],"inLanguage":"es"}]}},"meta_box":{"industry":"","seo_heading":"","heading":"","description":"","cta_heading":"","cta_description":"","application":"393","h1":"Complemento de rese\u00f1as todo en uno de WooCommerce","h1_caption":"Mejore la confianza mostrando rese\u00f1as de usuarios reales con datos del autor","application_category":[],"applications_title":"","applications_request_title":"","applications_request_button_text":"","hero_text":"","hero_video":"","hero_video_schema_markup":"","selling_points_title":"","selling_points_caption":"","selling_points":[],"selling_points_cta_text":"","features_title":"","features":"","ed_cta_examples_text":"","ed_cta_examples_hidden":"","ed_cta_demo_text":"","ed_cta_demo_hidden":"","why_caption":"","why_editor_title":"","why_editor_text":"","why_team_title":"","why_team_text":"","why_service_title":"","why_service_text":"","template_catalog_visible":"","template_catalog_title":"","template_catalog_text":"","template_catalog_categories_visible":"","demo_title":"Crea tu aplicaci\u00f3n de rese\u00f1as todo en uno","demo_caption":"\u00a1Configure sus rese\u00f1as todo en uno y agr\u00e9guelas a su sitio web WooCommerce de forma gratuita!","default_faq_hidden":"","app_template_category":[],"platform":"2311","template_public_id":"","codecanyon_url":"","codecanyon_item_id":"","codecanyon_price":"","pricing_caption":"","pricing_elfsight_apps_hide_column":"","pricing_elfsight_apps_url":"","pricing_codecanyon_price_caption":"","integration_category":[],"integration_request_title":"","integration_request_cta":"","integration_platform":"","integrations":[],"platform_category":[],"video_schema_markup":"","price":"desde $0 \/ mes","trial":"","benefits":[{"text":"Servicio al cliente eficaz"},{"text":"Ayuda de instalaci\u00f3n gratuita"},{"text":"Garant\u00eda de devoluci\u00f3n de dinero de 14 d\u00edas"},{"text":"Actualizando constantemente"}],"button_url":"#demo","button_target_blank":"","button_nofollow":"","attributes":[{"name":"Instalaciones","content":"100,000 - 500,000"},{"name":"Sensible","content":"S\u00ed"},{"name":"Navegadores compatibles","content":"Firefox, Safari, Opera, Chrome, Edge"}],"tags":[],"tags_disable_links":"","hide_more_platforms":"","video_object":"","demo_hide_cta":"","demo_hide_cloud_options":"","pricing_title":"","pricing":[{"pricing_icon":"platform","pricing_title":"Elfsight Apps","pricing_title_caption":"Software multiplataforma que funciona en cualquier sitio","pricing_price":"desde $0 \/ mes","pricing_price_caption":"comienza con un plan gratuito","pricing_benefits":[{"text":"Dominios ilimitados"},{"text":"Soporte profesional y bien documentado."},{"text":"Asistencia de instalaci\u00f3n gratuita"},{"text":"Dise\u00f1o flexible"}],"pricing_button_text":"A\u00f1adir al sitio web","pricing_button_url":"#demo"}],"related_apps_title":"","related_apps_hidden":"","author":"","image":[],"title":"","job":"","social_networks":[]},"_links":{"self":[{"href":"https:\/\/elfsight.com\/es\/wp-json\/wp\/v2\/pages\/15665","targetHints":{"allow":["GET"]}}],"collection":[{"href":"https:\/\/elfsight.com\/es\/wp-json\/wp\/v2\/pages"}],"about":[{"href":"https:\/\/elfsight.com\/es\/wp-json\/wp\/v2\/types\/page"}],"author":[{"embeddable":true,"href":"https:\/\/elfsight.com\/es\/wp-json\/wp\/v2\/users\/9"}],"replies":[{"embeddable":true,"href":"https:\/\/elfsight.com\/es\/wp-json\/wp\/v2\/comments?post=15665"}],"version-history":[{"count":3,"href":"https:\/\/elfsight.com\/es\/wp-json\/wp\/v2\/pages\/15665\/revisions"}],"predecessor-version":[{"id":17850,"href":"https:\/\/elfsight.com\/es\/wp-json\/wp\/v2\/pages\/15665\/revisions\/17850"}],"up":[{"embeddable":true,"href":"https:\/\/elfsight.com\/es\/wp-json\/wp\/v2\/pages\/394"}],"wp:attachment":[{"href":"https:\/\/elfsight.com\/es\/wp-json\/wp\/v2\/media?parent=15665"}],"curies":[{"name":"wp","href":"https:\/\/api.w.org\/{rel}","templated":true}]}}