{"id":15664,"date":"2024-05-03T06:27:09","date_gmt":"2024-05-03T06:27:09","guid":{"rendered":"https:\/\/elfsight.com\/es\/?page_id=15664"},"modified":"2025-02-06T15:04:09","modified_gmt":"2025-02-06T15:04:09","slug":"wix","status":"publish","type":"page","link":"https:\/\/elfsight.com\/es\/all-in-one-reviews-widget\/wix\/","title":{"rendered":"All-in-One Reviews &#8211; Wix"},"content":{"rendered":"<div class=\"application-platform-content-item-description application-platform-content-item\" id=\"description\" data-nav-section=\"description\"> <h2>Descripci\u00f3n<\/h2> <p>Elfsight All-in-One Reviews es una herramienta pr\u00e1ctica para Wix que te da la posibilidad de mostrar todos los testimonios de tu negocio directamente en tu p\u00e1gina web desde todos los sitios de rese\u00f1as populares. Usando nuestra herramienta, podr\u00e1s aplicar filtros para ocultar los comentarios no deseados, mostrar tu puntuaci\u00f3n y n\u00fameros desde tu p\u00e1gina en cualquier plataforma de rese\u00f1as de negocios, agregar informaci\u00f3n sobre los creadores de los testimonios y a\u00f1adir un bot\u00f3n de llamada a la acci\u00f3n (CTA) convincente que motivar\u00e1 a los usuarios a publicar su comentario. Nuestra herramienta est\u00e1 dise\u00f1ada para ayudarte a mostrar tu impresionante prueba social en la p\u00e1gina web y comenzar a recibir m\u00e1s compras nuevas.<\/p> <p><b>Aumenta las ventas mostrando tu valoraci\u00f3n excepcional<\/b><\/p> <\/div> <div class=\"application-platform-content-item-features application-platform-content-item\" id=\"features\" data-nav-section=\"features\"> <h2>Ofrecemos caracter\u00edsticas valiosas y r\u00e1pidas, consulta algunas de ellas:<\/h2> <ul><li>Opci\u00f3n para activar\/desactivar el encabezado de la aplicaci\u00f3n<\/li><li>Bot\u00f3n de rese\u00f1a \u00abEscribir rese\u00f1a\u00bb para llevar a los usuarios a tu p\u00e1gina<\/li><li>Estilo admirable a un clic<\/li><li>Componentes pintables de la interfaz del widget<\/li><li>Detalles m\u00e1ximos para generar confianza<\/li><\/ul><p><a href=\"#demo\">Puedes ver c\u00f3mo funciona el widget con la demo<\/a><\/p> <\/div>  <div class=\"application-platform-content-item-installation application-platform-content-item\" id=\"installation\" data-nav-section=\"installation\"> <h2>\u00bfC\u00f3mo puedo agregar All-in-One Reviews a mi p\u00e1gina web de Wix?<\/h2> <p>Simplemente sigue las instrucciones a continuaci\u00f3n para agregar el widget.<\/p> <ol><li><b>Lanza nuestro editor gratuito y comienza a crear tu aplicaci\u00f3n personalizada.<\/b><br> Determina la interfaz y los par\u00e1metros personalizados de la herramienta y aplica los cambios.<\/li>  <li><b>Obt\u00e9n tu c\u00f3digo \u00fanico mostrado en el cuadro en Elfsight Apps.<\/b><br> Despu\u00e9s de crear tu herramienta, copia el c\u00f3digo exclusivo del cuadro que aparece y gu\u00e1rdalo para su uso futuro.<\/li>  <li><b>Comienza a utilizar el widget en tu sitio de Wix.<\/b><br> Pega el c\u00f3digo que guardaste recientemente en tu p\u00e1gina web y guarda los cambios.<\/li>  <li><b>La instalaci\u00f3n se realiza con \u00e9xito.<\/b><br> Ve a tu sitio para ver c\u00f3mo funciona la herramienta.<\/li><\/ol> <p>Si tienes alguna pregunta o encuentras alg\u00fan problema, no dudes en ponerte en contacto con nuestro equipo de atenci\u00f3n al cliente. Nuestros especialistas est\u00e1n listos para resolver cualquier problema que puedas tener con el producto.<\/p> <div class=\"faq\" data-component=\"FAQ\"> <div class=\"faq-item\">\r\n\t\t\t\t\t<div class=\"faq-item-question\">\r\n\t\t\t\t\t\t<h3 class=\"faq-item-question-text\">\u00bfC\u00f3mo puedo agregar All-in-One Reviews a mi sitio de Wix sin conocimientos de programaci\u00f3n?<\/h3>\r\n\r\n\t\t\t\t\t\t<div class=\"faq-item-question-icon\"><\/div>\r\n\t\t\t\t\t<\/div>\r\n\r\n\t\t\t\t\t<div class=\"faq-item-answer\">\r\n\t\t\t\t\t\t<div class=\"faq-item-answer-text\"> <p>Elfsight ofrece una soluci\u00f3n SaaS que te permite crear un widget All-in-One Reviews por ti mismo, ve lo f\u00e1cil que es el proceso: Trabaja directamente en el Editor en l\u00ednea para crear el widget All-in-One Reviews que te gustar\u00eda ver en tu sitio de Wix. Elige una de las plantillas predefinidas y ajusta la configuraci\u00f3n de All-in-One Reviews, agrega tu contenido, cambia el dise\u00f1o y los colores sin conocimientos de programaci\u00f3n. Guarda el widget All-in-One Reviews y copia su c\u00f3digo de instalaci\u00f3n, que puedes pegar f\u00e1cilmente en tu sitio de Wix sin necesidad de comprar una suscripci\u00f3n de pago. Con nuestro Editor intuitivo, cualquier usuario de Internet puede crear un widget All-in-One Reviews en l\u00ednea e integrarlo f\u00e1cilmente en su sitio de Wix. No es necesario pagar ni ingresar los datos de tu tarjeta para acceder al servicio. Si encuentras alg\u00fan problema en cualquier paso, no dudes en ponerte en contacto con nuestro equipo de soporte t\u00e9cnico.<\/p> <\/div>\r\n\t\t\t\t\t<\/div>\r\n\t\t\t\t<\/div> <\/div> <\/div>","protected":false},"excerpt":{"rendered":"","protected":false},"author":9,"featured_media":0,"parent":394,"menu_order":0,"comment_status":"closed","ping_status":"closed","template":"templates\/template-application-platform.php","meta":{"publish_to_discourse":"","publish_post_category":"","wpdc_auto_publish_overridden":"","wpdc_topic_tags":"","wpdc_pin_topic":"","wpdc_pin_until":"","discourse_post_id":"","discourse_permalink":"","wpdc_publishing_response":"","wpdc_publishing_error":"","footnotes":""},"class_list":["post-15664","page","type-page","status-publish","hentry"],"yoast_head":"<!-- This site is optimized with the Yoast SEO plugin v25.3.1 - https:\/\/yoast.com\/wordpress\/plugins\/seo\/ -->\n<title>Agrega una aplicaci\u00f3n responsiva de rese\u00f1as todo en uno a tu sitio web Wix<\/title>\n<meta name=\"description\" content=\"Agrega una extensi\u00f3n de Rese\u00f1as responsiva en tu sitio web Wix y obt\u00e9n plena confianza. Utilice la pr\u00e1ctica demostraci\u00f3n de Elfsight para crear su herramienta \u00fanica en menos de tres minutos.\" \/>\n<meta name=\"robots\" content=\"index, follow, max-snippet:-1, max-image-preview:large, max-video-preview:-1\" \/>\n<link rel=\"canonical\" href=\"https:\/\/elfsight.com\/es\/all-in-one-reviews-widget\/wix\/\" \/>\n<meta property=\"og:locale\" content=\"es_ES\" \/>\n<meta property=\"og:type\" content=\"article\" \/>\n<meta property=\"og:title\" content=\"Agrega una aplicaci\u00f3n responsiva de rese\u00f1as todo en uno a tu sitio web Wix\" \/>\n<meta property=\"og:description\" content=\"Agrega una extensi\u00f3n de Rese\u00f1as responsiva en tu sitio web Wix y obt\u00e9n plena confianza. Utilice la pr\u00e1ctica demostraci\u00f3n de Elfsight para crear su herramienta \u00fanica en menos de tres minutos.\" \/>\n<meta property=\"og:url\" content=\"https:\/\/elfsight.com\/es\/all-in-one-reviews-widget\/wix\/\" \/>\n<meta property=\"og:site_name\" content=\"Elfsight ES\" \/>\n<meta property=\"article:modified_time\" content=\"2025-02-06T15:04:09+00:00\" \/>\n<meta name=\"twitter:card\" content=\"summary_large_image\" \/>\n<meta name=\"twitter:label1\" content=\"Tiempo de lectura\" \/>\n\t<meta name=\"twitter:data1\" content=\"3 minutos\" \/>\n<!-- \/ Yoast SEO plugin. -->","yoast_head_json":{"title":"Agrega una aplicaci\u00f3n responsiva de rese\u00f1as todo en uno a tu sitio web Wix","description":"Agrega una extensi\u00f3n de Rese\u00f1as responsiva en tu sitio web Wix y obt\u00e9n plena confianza. Utilice la pr\u00e1ctica demostraci\u00f3n de Elfsight para crear su herramienta \u00fanica en menos de tres minutos.","robots":{"index":"index","follow":"follow","max-snippet":"max-snippet:-1","max-image-preview":"max-image-preview:large","max-video-preview":"max-video-preview:-1"},"canonical":"https:\/\/elfsight.com\/es\/all-in-one-reviews-widget\/wix\/","og_locale":"es_ES","og_type":"article","og_title":"Agrega una aplicaci\u00f3n responsiva de rese\u00f1as todo en uno a tu sitio web Wix","og_description":"Agrega una extensi\u00f3n de Rese\u00f1as responsiva en tu sitio web Wix y obt\u00e9n plena confianza. Utilice la pr\u00e1ctica demostraci\u00f3n de Elfsight para crear su herramienta \u00fanica en menos de tres minutos.","og_url":"https:\/\/elfsight.com\/es\/all-in-one-reviews-widget\/wix\/","og_site_name":"Elfsight ES","article_modified_time":"2025-02-06T15:04:09+00:00","twitter_card":"summary_large_image","twitter_misc":{"Tiempo de lectura":"3 minutos"},"schema":{"@context":"https:\/\/schema.org","@graph":[{"@type":"WebPage","@id":"https:\/\/elfsight.com\/es\/all-in-one-reviews-widget\/wix\/","url":"https:\/\/elfsight.com\/es\/all-in-one-reviews-widget\/wix\/","name":"Agrega una aplicaci\u00f3n responsiva de rese\u00f1as todo en uno a tu sitio web Wix","isPartOf":{"@id":"https:\/\/elfsight.com\/es\/#website"},"datePublished":"2024-05-03T06:27:09+00:00","dateModified":"2025-02-06T15:04:09+00:00","description":"Agrega una extensi\u00f3n de Rese\u00f1as responsiva en tu sitio web Wix y obt\u00e9n plena confianza. Utilice la pr\u00e1ctica demostraci\u00f3n de Elfsight para crear su herramienta \u00fanica en menos de tres minutos.","breadcrumb":{"@id":"https:\/\/elfsight.com\/es\/all-in-one-reviews-widget\/wix\/#breadcrumb"},"inLanguage":"es","potentialAction":[{"@type":"ReadAction","target":["https:\/\/elfsight.com\/es\/all-in-one-reviews-widget\/wix\/"]}]},{"@type":"BreadcrumbList","@id":"https:\/\/elfsight.com\/es\/all-in-one-reviews-widget\/wix\/#breadcrumb","itemListElement":[{"@type":"ListItem","position":1,"name":"Home","item":"https:\/\/elfsight.com\/es\/"},{"@type":"ListItem","position":2,"name":"All-in-One Reviews","item":"https:\/\/elfsight.com\/es\/all-in-one-reviews-widget\/"},{"@type":"ListItem","position":3,"name":"All-in-One Reviews &#8211; Wix"}]},{"@type":"WebSite","@id":"https:\/\/elfsight.com\/es\/#website","url":"https:\/\/elfsight.com\/es\/","name":"Elfsight ES","description":"Just another Elfsight Sites site","potentialAction":[{"@type":"SearchAction","target":{"@type":"EntryPoint","urlTemplate":"https:\/\/elfsight.com\/es\/?s={search_term_string}"},"query-input":{"@type":"PropertyValueSpecification","valueRequired":true,"valueName":"search_term_string"}}],"inLanguage":"es"}]}},"meta_box":{"industry":"","seo_heading":"","heading":"","description":"","cta_heading":"","cta_description":"","application":"393","h1":"Aplicaci\u00f3n Wix All-in-One Reviews","h1_caption":"Aumente el nivel de confianza mostrando rese\u00f1as de usuarios reales con informaci\u00f3n del autor","application_category":[],"applications_title":"","applications_request_title":"","applications_request_button_text":"","hero_text":"","hero_video":"","hero_video_schema_markup":"","selling_points_title":"","selling_points_caption":"","selling_points":[],"selling_points_cta_text":"","features_title":"","features":"","ed_cta_examples_text":"","ed_cta_examples_hidden":"","ed_cta_demo_text":"","ed_cta_demo_hidden":"","why_caption":"","why_editor_title":"","why_editor_text":"","why_team_title":"","why_team_text":"","why_service_title":"","why_service_text":"","template_catalog_visible":"","template_catalog_title":"","template_catalog_text":"","template_catalog_categories_visible":"","demo_title":"Crea tu aplicaci\u00f3n de rese\u00f1as todo en uno","demo_caption":"\u00a1Configura tus Rese\u00f1as Todo en Uno y agr\u00e9galas a tu sitio web Wix gratis!","default_faq_hidden":"","app_template_category":[],"platform":"112","template_public_id":"","codecanyon_url":"","codecanyon_item_id":"","codecanyon_price":"","pricing_caption":"","pricing_elfsight_apps_hide_column":"","pricing_elfsight_apps_url":"","pricing_codecanyon_price_caption":"","integration_category":[],"integration_request_title":"","integration_request_cta":"","integration_platform":"","integrations":[],"platform_category":[],"video_schema_markup":"","price":"desde $0 \/ mes","trial":"","benefits":[{"text":"Ayuda de instalaci\u00f3n gratuita"},{"text":"Soporte experimentado"},{"text":"Garant\u00eda de devoluci\u00f3n de dinero de 14 d\u00edas"},{"text":"Mejoras futuras"}],"button_url":"#demo","button_target_blank":"","button_nofollow":"","attributes":[{"name":"Instalaciones","content":"100,000 - 500,000"},{"name":"Sensible","content":"S\u00ed"},{"name":"Navegadores compatibles","content":"Opera, Chrome, Firefox, Edge, Safari"}],"tags":[],"tags_disable_links":"","hide_more_platforms":"","video_object":"","demo_hide_cta":"","demo_hide_cloud_options":"","pricing_title":"","pricing":[{"pricing_icon":"platform","pricing_title":"Elfsight Apps","pricing_title_caption":"Soluci\u00f3n digital multiplataforma","pricing_price":"desde $0 \/ mes","pricing_price_caption":"comienza con el plan gratuito","pricing_benefits":[{"text":"Sitios web ilimitados"},{"text":"Soporte r\u00e1pido"},{"text":"Soporte de instalaci\u00f3n gratuito"},{"text":"100% personalizable"}],"pricing_button_text":"A\u00f1adir al sitio web","pricing_button_url":"#demo"}],"related_apps_title":"","related_apps_hidden":"","author":"","image":[],"title":"","job":"","social_networks":[]},"_links":{"self":[{"href":"https:\/\/elfsight.com\/es\/wp-json\/wp\/v2\/pages\/15664","targetHints":{"allow":["GET"]}}],"collection":[{"href":"https:\/\/elfsight.com\/es\/wp-json\/wp\/v2\/pages"}],"about":[{"href":"https:\/\/elfsight.com\/es\/wp-json\/wp\/v2\/types\/page"}],"author":[{"embeddable":true,"href":"https:\/\/elfsight.com\/es\/wp-json\/wp\/v2\/users\/9"}],"replies":[{"embeddable":true,"href":"https:\/\/elfsight.com\/es\/wp-json\/wp\/v2\/comments?post=15664"}],"version-history":[{"count":3,"href":"https:\/\/elfsight.com\/es\/wp-json\/wp\/v2\/pages\/15664\/revisions"}],"predecessor-version":[{"id":17849,"href":"https:\/\/elfsight.com\/es\/wp-json\/wp\/v2\/pages\/15664\/revisions\/17849"}],"up":[{"embeddable":true,"href":"https:\/\/elfsight.com\/es\/wp-json\/wp\/v2\/pages\/394"}],"wp:attachment":[{"href":"https:\/\/elfsight.com\/es\/wp-json\/wp\/v2\/media?parent=15664"}],"curies":[{"name":"wp","href":"https:\/\/api.w.org\/{rel}","templated":true}]}}