{"id":15657,"date":"2024-05-03T06:27:12","date_gmt":"2024-05-03T06:27:12","guid":{"rendered":"https:\/\/elfsight.com\/es\/?page_id=15657"},"modified":"2025-02-06T15:04:02","modified_gmt":"2025-02-06T15:04:02","slug":"webflow","status":"publish","type":"page","link":"https:\/\/elfsight.com\/es\/all-in-one-reviews-widget\/webflow\/","title":{"rendered":"All-in-One Reviews &#8211; Webflow"},"content":{"rendered":"<div class=\"application-platform-content-item-description application-platform-content-item\" id=\"description\" data-nav-section=\"description\"> <h2>Incrustar All-in-One Reviews en Webflow con el widget de Elfsight<\/h2> <p>Elfsight All-in-One Reviews es un widget \u00fatil para Webflow que te ofrece la posibilidad de mostrar todas las rese\u00f1as sobre tu negocio directamente en tu sitio web desde las plataformas de rese\u00f1as m\u00e1s populares. Usando nuestro complemento, podr\u00e1s utilizar filtros para ocultar las rese\u00f1as no deseadas, mostrar tu calificaci\u00f3n en estrellas y n\u00fameros desde tu cuenta en cualquier p\u00e1gina de rese\u00f1as de negocios, a\u00f1adir informaci\u00f3n sobre los creadores de las rese\u00f1as y agregar un fascinante bot\u00f3n de llamada a la acci\u00f3n (CTA) que motivar\u00e1 a los usuarios a escribir nuevos comentarios. El widget de Elfsight puede ayudarte a exhibir tu gran prueba social en tu p\u00e1gina web y comenzar a obtener m\u00e1s ventas.<\/p> <p><b>Aumenta las ventas mostrando tu excelente calificaci\u00f3n<\/b><\/p> <\/div> <div class=\"application-platform-content-item-features application-platform-content-item\" id=\"features\" data-nav-section=\"features\"> <h2>Estas son solo algunas de las caracter\u00edsticas del widget:<\/h2> <ul><li>Encabezado intercambiable del widget<\/li><li>Bot\u00f3n de solicitud de rese\u00f1a para dirigir a los usuarios a tu p\u00e1gina<\/li><li>Un estilo impresionante a solo un clic<\/li><li>Componentes pintables en la interfaz<\/li><li>M\u00e1ximos detalles para generar confianza<\/li><\/ul><p><a href=\"#demo\">Examina todas las opciones de personalizaci\u00f3n en la demo completa<\/a><\/p> <\/div>  <div class=\"application-platform-content-item-installation application-platform-content-item\" id=\"installation\" data-nav-section=\"installation\"> <h2>\u00bfC\u00f3mo incrustar All-in-One Reviews en mi sitio Webflow?<\/h2> <p>Sigue los siguientes pasos para comenzar a usar el widget.<\/p> <ol><li><b>Usa nuestro editor gratuito y comienza a crear tu widget personalizado.<\/b><br> Elige el dise\u00f1o y las caracter\u00edsticas preferidas de la herramienta y aplica las modificaciones.<\/li>  <li><b>Obt\u00e9n tu c\u00f3digo personal en la ventana de Elfsight Apps.<\/b><br> Una vez que se haya creado tu herramienta personalizada, copia el c\u00f3digo exclusivo en la ventana emergente y gu\u00e1rdalo para su uso posterior.<\/li>  <li><b>Comienza a usar el widget en tu p\u00e1gina de Webflow.<\/b><br> Inserta el c\u00f3digo guardado en tu sitio web y guarda los cambios.<\/li>  <li><b>\u00a1Listo! La integraci\u00f3n se ha completado correctamente.<\/b><br> Visita tu sitio web para verificar el funcionamiento del widget.<\/li><\/ol> <p>Si encuentras alguna dificultad, no dudes en solicitar ayuda a nuestro equipo de soporte. Nuestros consultores estar\u00e1n encantados de ayudarte con cualquier problema que puedas tener con la herramienta.<\/p> <div class=\"faq\" data-component=\"FAQ\"> <div class=\"faq-item\">\r\n\t\t\t\t\t<div class=\"faq-item-question\">\r\n\t\t\t\t\t\t<h3 class=\"faq-item-question-text\">\u00bfC\u00f3mo a\u00f1adir All-in-One Reviews a mi sitio Webflow sin conocimientos de programaci\u00f3n?<\/h3>\r\n\r\n\t\t\t\t\t\t<div class=\"faq-item-question-icon\"><\/div>\r\n\t\t\t\t\t<\/div>\r\n\r\n\t\t\t\t\t<div class=\"faq-item-answer\">\r\n\t\t\t\t\t\t<div class=\"faq-item-answer-text\"> <p>Elfsight ofrece una soluci\u00f3n SaaS que te permite crear un widget All-in-One Reviews por ti mismo, observa lo f\u00e1cil que es el proceso: Trabaja directamente en el Editor en l\u00ednea para crear el widget All-in-One Reviews que te gustar\u00eda ver en tu sitio Webflow. Elige una de las plantillas predise\u00f1adas y ajusta la configuraci\u00f3n de All-in-One Reviews, agrega tu contenido, cambia el dise\u00f1o y los colores sin necesidad de conocimientos de programaci\u00f3n. Guarda el widget All-in-One Reviews y copia su c\u00f3digo de instalaci\u00f3n, que puedes incrustar f\u00e1cilmente en tu sitio Webflow sin necesidad de comprar una suscripci\u00f3n de pago. Con nuestro Editor intuitivo, cualquier usuario de internet puede crear el widget All-in-One Reviews en l\u00ednea e incrustarlo f\u00e1cilmente en su sitio Webflow. No es necesario pagar ni ingresar los datos de tu tarjeta para acceder al servicio. Si tienes alg\u00fan problema en alg\u00fan paso, no dudes en ponerte en contacto con nuestro equipo de soporte t\u00e9cnico.<\/p> <\/div>\r\n\t\t\t\t\t<\/div>\r\n\t\t\t\t<\/div> <\/div> <\/div>","protected":false},"excerpt":{"rendered":"","protected":false},"author":9,"featured_media":0,"parent":394,"menu_order":0,"comment_status":"closed","ping_status":"closed","template":"templates\/template-application-platform.php","meta":{"publish_to_discourse":"","publish_post_category":"","wpdc_auto_publish_overridden":"","wpdc_topic_tags":"","wpdc_pin_topic":"","wpdc_pin_until":"","discourse_post_id":"","discourse_permalink":"","wpdc_publishing_response":"","wpdc_publishing_error":"","footnotes":""},"class_list":["post-15657","page","type-page","status-publish","hentry"],"yoast_head":"<!-- This site is optimized with the Yoast SEO plugin v25.3.1 - https:\/\/yoast.com\/wordpress\/plugins\/seo\/ -->\n<title>Agregue un widget responsivo de rese\u00f1as todo en uno a su sitio web de Webflow<\/title>\n<meta name=\"description\" content=\"Inserte un widget Rese\u00f1as responsivo en su sitio Webflow y obtenga plena confianza. Utilice la pr\u00e1ctica demostraci\u00f3n de Elfsight para crear su herramienta personalizada.\" \/>\n<meta name=\"robots\" content=\"index, follow, max-snippet:-1, max-image-preview:large, max-video-preview:-1\" \/>\n<link rel=\"canonical\" href=\"https:\/\/elfsight.com\/es\/all-in-one-reviews-widget\/webflow\/\" \/>\n<meta property=\"og:locale\" content=\"es_ES\" \/>\n<meta property=\"og:type\" content=\"article\" \/>\n<meta property=\"og:title\" content=\"Agregue un widget responsivo de rese\u00f1as todo en uno a su sitio web de Webflow\" \/>\n<meta property=\"og:description\" content=\"Inserte un widget Rese\u00f1as responsivo en su sitio Webflow y obtenga plena confianza. Utilice la pr\u00e1ctica demostraci\u00f3n de Elfsight para crear su herramienta personalizada.\" \/>\n<meta property=\"og:url\" content=\"https:\/\/elfsight.com\/es\/all-in-one-reviews-widget\/webflow\/\" \/>\n<meta property=\"og:site_name\" content=\"Elfsight ES\" \/>\n<meta property=\"article:modified_time\" content=\"2025-02-06T15:04:02+00:00\" \/>\n<meta name=\"twitter:card\" content=\"summary_large_image\" \/>\n<meta name=\"twitter:label1\" content=\"Tiempo de lectura\" \/>\n\t<meta name=\"twitter:data1\" content=\"3 minutos\" \/>\n<!-- \/ Yoast SEO plugin. -->","yoast_head_json":{"title":"Agregue un widget responsivo de rese\u00f1as todo en uno a su sitio web de Webflow","description":"Inserte un widget Rese\u00f1as responsivo en su sitio Webflow y obtenga plena confianza. Utilice la pr\u00e1ctica demostraci\u00f3n de Elfsight para crear su herramienta personalizada.","robots":{"index":"index","follow":"follow","max-snippet":"max-snippet:-1","max-image-preview":"max-image-preview:large","max-video-preview":"max-video-preview:-1"},"canonical":"https:\/\/elfsight.com\/es\/all-in-one-reviews-widget\/webflow\/","og_locale":"es_ES","og_type":"article","og_title":"Agregue un widget responsivo de rese\u00f1as todo en uno a su sitio web de Webflow","og_description":"Inserte un widget Rese\u00f1as responsivo en su sitio Webflow y obtenga plena confianza. Utilice la pr\u00e1ctica demostraci\u00f3n de Elfsight para crear su herramienta personalizada.","og_url":"https:\/\/elfsight.com\/es\/all-in-one-reviews-widget\/webflow\/","og_site_name":"Elfsight ES","article_modified_time":"2025-02-06T15:04:02+00:00","twitter_card":"summary_large_image","twitter_misc":{"Tiempo de lectura":"3 minutos"},"schema":{"@context":"https:\/\/schema.org","@graph":[{"@type":"WebPage","@id":"https:\/\/elfsight.com\/es\/all-in-one-reviews-widget\/webflow\/","url":"https:\/\/elfsight.com\/es\/all-in-one-reviews-widget\/webflow\/","name":"Agregue un widget responsivo de rese\u00f1as todo en uno a su sitio web de Webflow","isPartOf":{"@id":"https:\/\/elfsight.com\/es\/#website"},"datePublished":"2024-05-03T06:27:12+00:00","dateModified":"2025-02-06T15:04:02+00:00","description":"Inserte un widget Rese\u00f1as responsivo en su sitio Webflow y obtenga plena confianza. Utilice la pr\u00e1ctica demostraci\u00f3n de Elfsight para crear su herramienta personalizada.","breadcrumb":{"@id":"https:\/\/elfsight.com\/es\/all-in-one-reviews-widget\/webflow\/#breadcrumb"},"inLanguage":"es","potentialAction":[{"@type":"ReadAction","target":["https:\/\/elfsight.com\/es\/all-in-one-reviews-widget\/webflow\/"]}]},{"@type":"BreadcrumbList","@id":"https:\/\/elfsight.com\/es\/all-in-one-reviews-widget\/webflow\/#breadcrumb","itemListElement":[{"@type":"ListItem","position":1,"name":"Home","item":"https:\/\/elfsight.com\/es\/"},{"@type":"ListItem","position":2,"name":"All-in-One Reviews","item":"https:\/\/elfsight.com\/es\/all-in-one-reviews-widget\/"},{"@type":"ListItem","position":3,"name":"All-in-One Reviews &#8211; Webflow"}]},{"@type":"WebSite","@id":"https:\/\/elfsight.com\/es\/#website","url":"https:\/\/elfsight.com\/es\/","name":"Elfsight ES","description":"Just another Elfsight Sites site","potentialAction":[{"@type":"SearchAction","target":{"@type":"EntryPoint","urlTemplate":"https:\/\/elfsight.com\/es\/?s={search_term_string}"},"query-input":{"@type":"PropertyValueSpecification","valueRequired":true,"valueName":"search_term_string"}}],"inLanguage":"es"}]}},"meta_box":{"industry":"","seo_heading":"","heading":"","description":"","cta_heading":"","cta_description":"","application":"393","h1":"Widget de rese\u00f1as todo en uno de Webflow","h1_caption":"Aumente la confianza al revelar rese\u00f1as de personas reales con datos del autor","application_category":[],"applications_title":"","applications_request_title":"","applications_request_button_text":"","hero_text":"","hero_video":"","hero_video_schema_markup":"","selling_points_title":"","selling_points_caption":"","selling_points":[],"selling_points_cta_text":"","features_title":"","features":"","ed_cta_examples_text":"","ed_cta_examples_hidden":"","ed_cta_demo_text":"","ed_cta_demo_hidden":"","why_caption":"","why_editor_title":"","why_editor_text":"","why_team_title":"","why_team_text":"","why_service_title":"","why_service_text":"","template_catalog_visible":"","template_catalog_title":"","template_catalog_text":"","template_catalog_categories_visible":"","demo_title":"Cree su widget de rese\u00f1as todo en uno","demo_caption":"\u00a1Configure sus rese\u00f1as todo en uno y agr\u00e9guelas a su sitio web de Webflow de forma gratuita!","default_faq_hidden":"","app_template_category":[],"platform":"106","template_public_id":"","codecanyon_url":"","codecanyon_item_id":"","codecanyon_price":"","pricing_caption":"","pricing_elfsight_apps_hide_column":"","pricing_elfsight_apps_url":"","pricing_codecanyon_price_caption":"","integration_category":[],"integration_request_title":"","integration_request_cta":"","integration_platform":"","integrations":[],"platform_category":[],"video_schema_markup":"","price":"desde $0 \/ mes","trial":"","benefits":[{"text":"Asistencia de instalaci\u00f3n gratuita"},{"text":"Servicio al cliente eficaz"},{"text":"Garant\u00eda de reembolso de 14 d\u00edas"},{"text":"Actualizaciones gratuitas continuas"}],"button_url":"#demo","button_target_blank":"","button_nofollow":"","attributes":[{"name":"Instalaciones","content":"100,000 - 500,000"},{"name":"Sensible","content":"S\u00ed"},{"name":"Navegadores compatibles","content":"Firefox, Safari, Chrome, Edge, Opera"}],"tags":[],"tags_disable_links":"","hide_more_platforms":"","video_object":"","demo_hide_cta":"","demo_hide_cloud_options":"","pricing_title":"","pricing":[{"pricing_icon":"platform","pricing_title":"Elfsight Apps","pricing_title_caption":"Soluci\u00f3n digital multiplataforma que se adapta a cualquier sitio web","pricing_price":"desde $0 \/ mes","pricing_price_caption":"comienza con el plan gratuito","pricing_benefits":[{"text":"Sitios web ilimitados"},{"text":"Atenci\u00f3n al cliente dedicada"},{"text":"Ayuda de instalaci\u00f3n gratuita"},{"text":"Oferta especial para m\u00faltiples aplicaciones"}],"pricing_button_text":"A\u00f1adir al sitio web","pricing_button_url":"#demo"}],"related_apps_title":"","related_apps_hidden":"","author":"","image":[],"title":"","job":"","social_networks":[]},"_links":{"self":[{"href":"https:\/\/elfsight.com\/es\/wp-json\/wp\/v2\/pages\/15657","targetHints":{"allow":["GET"]}}],"collection":[{"href":"https:\/\/elfsight.com\/es\/wp-json\/wp\/v2\/pages"}],"about":[{"href":"https:\/\/elfsight.com\/es\/wp-json\/wp\/v2\/types\/page"}],"author":[{"embeddable":true,"href":"https:\/\/elfsight.com\/es\/wp-json\/wp\/v2\/users\/9"}],"replies":[{"embeddable":true,"href":"https:\/\/elfsight.com\/es\/wp-json\/wp\/v2\/comments?post=15657"}],"version-history":[{"count":3,"href":"https:\/\/elfsight.com\/es\/wp-json\/wp\/v2\/pages\/15657\/revisions"}],"predecessor-version":[{"id":17846,"href":"https:\/\/elfsight.com\/es\/wp-json\/wp\/v2\/pages\/15657\/revisions\/17846"}],"up":[{"embeddable":true,"href":"https:\/\/elfsight.com\/es\/wp-json\/wp\/v2\/pages\/394"}],"wp:attachment":[{"href":"https:\/\/elfsight.com\/es\/wp-json\/wp\/v2\/media?parent=15657"}],"curies":[{"name":"wp","href":"https:\/\/api.w.org\/{rel}","templated":true}]}}