{"id":15656,"date":"2024-05-03T06:27:13","date_gmt":"2024-05-03T06:27:13","guid":{"rendered":"https:\/\/elfsight.com\/es\/?page_id=15656"},"modified":"2025-02-06T15:04:02","modified_gmt":"2025-02-06T15:04:02","slug":"squarespace","status":"publish","type":"page","link":"https:\/\/elfsight.com\/es\/all-in-one-reviews-widget\/squarespace\/","title":{"rendered":"All-in-One Reviews &#8211; Squarespace"},"content":{"rendered":"<div class=\"application-platform-content-item-description application-platform-content-item\" id=\"description\" data-nav-section=\"description\"> <h2>Incrustar All-in-One Reviews en Squarespace con el widget de Elfsight<\/h2> <p>Elfsight All-in-One Reviews es un complemento \u00fatil para Squarespace que te da la oportunidad de mostrar todos los testimonios de tus clientes directamente en tu p\u00e1gina web desde las plataformas de rese\u00f1as m\u00e1s populares. Al usar nuestra herramienta, podr\u00e1s utilizar filtros para ocultar los comentarios no deseados, mostrar tu calificaci\u00f3n en estrellas y n\u00fameros desde tu perfil en cualquier sitio de rese\u00f1as de negocios, a\u00f1adir informaci\u00f3n sobre los creadores de las rese\u00f1as y agregar un atractivo bot\u00f3n de llamada a la acci\u00f3n que inspirar\u00e1 a los usuarios a publicar una nueva rese\u00f1a. El widget Elfsight Reviews est\u00e1 aqu\u00ed para ayudarte a mostrar tu gran prueba social en tu sitio web y comenzar a obtener m\u00e1s compras.<\/p> <p><b>Aumenta las ventas mostrando tu excelente calificaci\u00f3n<\/b><\/p> <\/div> <div class=\"application-platform-content-item-features application-platform-content-item\" id=\"features\" data-nav-section=\"features\"> <h2>El widget tiene poderosas y r\u00e1pidas caracter\u00edsticas, algunas de ellas son:<\/h2> <ul><li>Encabezado intercambiable del complemento<\/li><li>Opci\u00f3n para agregar un bot\u00f3n de solicitud que redirija a tu p\u00e1gina<\/li><li>Un estilo sobresaliente a solo un clic<\/li><li>Elementos pintables en la interfaz del widget<\/li><li>M\u00e1ximos detalles para generar confianza<\/li><\/ul><p><a href=\"#demo\">Puedes explorar c\u00f3mo funciona el widget con la demo<\/a><\/p> <\/div>  <div class=\"application-platform-content-item-installation application-platform-content-item\" id=\"installation\" data-nav-section=\"installation\"> <h2>\u00bfC\u00f3mo a\u00f1adir All-in-One Reviews a mi sitio Squarespace?<\/h2> <p>Sigue estos pasos a continuaci\u00f3n para incrustar la herramienta.<\/p> <ol><li><b>Usa nuestro editor gratuito y comienza a crear tu propio complemento.<\/b><br> Elige la forma y las caracter\u00edsticas deseadas del complemento y guarda los cambios.<\/li>  <li><b>Obt\u00e9n el c\u00f3digo personal que aparecer\u00e1 en el formulario especial de Elfsight Apps.<\/b><br> Cuando la configuraci\u00f3n de tu complemento est\u00e9 lista, copia el c\u00f3digo personal de la ventana emergente y gu\u00e1rdalo para usarlo m\u00e1s tarde.<\/li>  <li><b>Comienza a usar el widget en tu p\u00e1gina de Squarespace.<\/b><br> Inserta el c\u00f3digo guardado en tu p\u00e1gina de inicio y guarda los cambios.<\/li>  <li><b>La instalaci\u00f3n se ha realizado correctamente.<\/b><br> Visita tu p\u00e1gina web para ver c\u00f3mo funciona el widget.<\/li><\/ol> <p>Si tienes alguna pregunta o encuentras alg\u00fan obst\u00e1culo, no dudes en ponerte en contacto con nuestro equipo de atenci\u00f3n al cliente. Nuestros especialistas est\u00e1n dispuestos a resolver cualquier problema que puedas tener con el producto.<\/p><div class=\"faq\" data-component=\"FAQ\"> <div class=\"faq-item\">\r\n\t\t\t\t\t<div class=\"faq-item-question\">\r\n\t\t\t\t\t\t<h3 class=\"faq-item-question-text\">\u00bfC\u00f3mo a\u00f1adir All-in-One Reviews a mi sitio Squarespace sin conocimientos de programaci\u00f3n?<\/h3>\r\n\r\n\t\t\t\t\t\t<div class=\"faq-item-question-icon\"><\/div>\r\n\t\t\t\t\t<\/div>\r\n\r\n\t\t\t\t\t<div class=\"faq-item-answer\">\r\n\t\t\t\t\t\t<div class=\"faq-item-answer-text\"> <p>Elfsight ofrece una soluci\u00f3n SaaS que te permite crear un widget All-in-One Reviews por ti mismo, observa lo f\u00e1cil que es el proceso: Trabaja directamente en el Editor en l\u00ednea para crear el widget All-in-One Reviews que te gustar\u00eda ver en tu sitio Squarespace. Elige una de las plantillas predise\u00f1adas y ajusta la configuraci\u00f3n de All-in-One Reviews, agrega tu contenido, cambia el dise\u00f1o y los colores sin necesidad de conocimientos de programaci\u00f3n. Guarda el widget All-in-One Reviews y copia su c\u00f3digo de instalaci\u00f3n, que puedes incrustar en tu sitio Squarespace sin necesidad de comprar una suscripci\u00f3n de pago. Con nuestro Editor intuitivo, cualquier usuario de internet puede crear el widget All-in-One Reviews en l\u00ednea e incrustarlo f\u00e1cilmente en su sitio Squarespace. No es necesario pagar ni ingresar los datos de tu tarjeta para acceder al servicio. Si tienes alg\u00fan problema en alg\u00fan paso, no dudes en ponerte en contacto con nuestro equipo de soporte t\u00e9cnico.<\/p> <\/div>\r\n\t\t\t\t\t<\/div>\r\n\t\t\t\t<\/div> <\/div>  <\/div>","protected":false},"excerpt":{"rendered":"","protected":false},"author":9,"featured_media":0,"parent":394,"menu_order":0,"comment_status":"closed","ping_status":"closed","template":"templates\/template-application-platform.php","meta":{"publish_to_discourse":"","publish_post_category":"","wpdc_auto_publish_overridden":"","wpdc_topic_tags":"","wpdc_pin_topic":"","wpdc_pin_until":"","discourse_post_id":"","discourse_permalink":"","wpdc_publishing_response":"","wpdc_publishing_error":"","footnotes":""},"class_list":["post-15656","page","type-page","status-publish","hentry"],"yoast_head":"<!-- This site is optimized with the Yoast SEO plugin v25.3.1 - https:\/\/yoast.com\/wordpress\/plugins\/seo\/ -->\n<title>Agregue un widget responsivo de rese\u00f1as todo en uno a su sitio web de Squarespace<\/title>\n<meta name=\"description\" content=\"Inserta un complemento Rese\u00f1as responsivo en tu sitio de Squarespace y gana plena confianza. Utilice la demostraci\u00f3n f\u00e1cil de usar de Elfsight para crear su herramienta personalizada.\" \/>\n<meta name=\"robots\" content=\"index, follow, max-snippet:-1, max-image-preview:large, max-video-preview:-1\" \/>\n<link rel=\"canonical\" href=\"https:\/\/elfsight.com\/es\/all-in-one-reviews-widget\/squarespace\/\" \/>\n<meta property=\"og:locale\" content=\"es_ES\" \/>\n<meta property=\"og:type\" content=\"article\" \/>\n<meta property=\"og:title\" content=\"Agregue un widget responsivo de rese\u00f1as todo en uno a su sitio web de Squarespace\" \/>\n<meta property=\"og:description\" content=\"Inserta un complemento Rese\u00f1as responsivo en tu sitio de Squarespace y gana plena confianza. Utilice la demostraci\u00f3n f\u00e1cil de usar de Elfsight para crear su herramienta personalizada.\" \/>\n<meta property=\"og:url\" content=\"https:\/\/elfsight.com\/es\/all-in-one-reviews-widget\/squarespace\/\" \/>\n<meta property=\"og:site_name\" content=\"Elfsight ES\" \/>\n<meta property=\"article:modified_time\" content=\"2025-02-06T15:04:02+00:00\" \/>\n<meta name=\"twitter:card\" content=\"summary_large_image\" \/>\n<meta name=\"twitter:label1\" content=\"Tiempo de lectura\" \/>\n\t<meta name=\"twitter:data1\" content=\"3 minutos\" \/>\n<!-- \/ Yoast SEO plugin. -->","yoast_head_json":{"title":"Agregue un widget responsivo de rese\u00f1as todo en uno a su sitio web de Squarespace","description":"Inserta un complemento Rese\u00f1as responsivo en tu sitio de Squarespace y gana plena confianza. Utilice la demostraci\u00f3n f\u00e1cil de usar de Elfsight para crear su herramienta personalizada.","robots":{"index":"index","follow":"follow","max-snippet":"max-snippet:-1","max-image-preview":"max-image-preview:large","max-video-preview":"max-video-preview:-1"},"canonical":"https:\/\/elfsight.com\/es\/all-in-one-reviews-widget\/squarespace\/","og_locale":"es_ES","og_type":"article","og_title":"Agregue un widget responsivo de rese\u00f1as todo en uno a su sitio web de Squarespace","og_description":"Inserta un complemento Rese\u00f1as responsivo en tu sitio de Squarespace y gana plena confianza. Utilice la demostraci\u00f3n f\u00e1cil de usar de Elfsight para crear su herramienta personalizada.","og_url":"https:\/\/elfsight.com\/es\/all-in-one-reviews-widget\/squarespace\/","og_site_name":"Elfsight ES","article_modified_time":"2025-02-06T15:04:02+00:00","twitter_card":"summary_large_image","twitter_misc":{"Tiempo de lectura":"3 minutos"},"schema":{"@context":"https:\/\/schema.org","@graph":[{"@type":"WebPage","@id":"https:\/\/elfsight.com\/es\/all-in-one-reviews-widget\/squarespace\/","url":"https:\/\/elfsight.com\/es\/all-in-one-reviews-widget\/squarespace\/","name":"Agregue un widget responsivo de rese\u00f1as todo en uno a su sitio web de Squarespace","isPartOf":{"@id":"https:\/\/elfsight.com\/es\/#website"},"datePublished":"2024-05-03T06:27:13+00:00","dateModified":"2025-02-06T15:04:02+00:00","description":"Inserta un complemento Rese\u00f1as responsivo en tu sitio de Squarespace y gana plena confianza. Utilice la demostraci\u00f3n f\u00e1cil de usar de Elfsight para crear su herramienta personalizada.","breadcrumb":{"@id":"https:\/\/elfsight.com\/es\/all-in-one-reviews-widget\/squarespace\/#breadcrumb"},"inLanguage":"es","potentialAction":[{"@type":"ReadAction","target":["https:\/\/elfsight.com\/es\/all-in-one-reviews-widget\/squarespace\/"]}]},{"@type":"BreadcrumbList","@id":"https:\/\/elfsight.com\/es\/all-in-one-reviews-widget\/squarespace\/#breadcrumb","itemListElement":[{"@type":"ListItem","position":1,"name":"Home","item":"https:\/\/elfsight.com\/es\/"},{"@type":"ListItem","position":2,"name":"All-in-One Reviews","item":"https:\/\/elfsight.com\/es\/all-in-one-reviews-widget\/"},{"@type":"ListItem","position":3,"name":"All-in-One Reviews &#8211; Squarespace"}]},{"@type":"WebSite","@id":"https:\/\/elfsight.com\/es\/#website","url":"https:\/\/elfsight.com\/es\/","name":"Elfsight ES","description":"Just another Elfsight Sites site","potentialAction":[{"@type":"SearchAction","target":{"@type":"EntryPoint","urlTemplate":"https:\/\/elfsight.com\/es\/?s={search_term_string}"},"query-input":{"@type":"PropertyValueSpecification","valueRequired":true,"valueName":"search_term_string"}}],"inLanguage":"es"}]}},"meta_box":{"industry":"","seo_heading":"","heading":"","description":"","cta_heading":"","cta_description":"","application":"393","h1":"Complemento de rese\u00f1as todo en uno de Squarespace","h1_caption":"Fortalezca la confianza mostrando rese\u00f1as de personas reales con datos del autor","application_category":[],"applications_title":"","applications_request_title":"","applications_request_button_text":"","hero_text":"","hero_video":"","hero_video_schema_markup":"","selling_points_title":"","selling_points_caption":"","selling_points":[],"selling_points_cta_text":"","features_title":"","features":"","ed_cta_examples_text":"","ed_cta_examples_hidden":"","ed_cta_demo_text":"","ed_cta_demo_hidden":"","why_caption":"","why_editor_title":"","why_editor_text":"","why_team_title":"","why_team_text":"","why_service_title":"","why_service_text":"","template_catalog_visible":"","template_catalog_title":"","template_catalog_text":"","template_catalog_categories_visible":"","demo_title":"Cree su complemento de rese\u00f1as todo en uno","demo_caption":"\u00a1Configure sus rese\u00f1as todo en uno y agr\u00e9guelas a su sitio web de Squarespace de forma gratuita!","default_faq_hidden":"","app_template_category":[],"platform":"100","template_public_id":"","codecanyon_url":"","codecanyon_item_id":"","codecanyon_price":"","pricing_caption":"","pricing_elfsight_apps_hide_column":"","pricing_elfsight_apps_url":"","pricing_codecanyon_price_caption":"","integration_category":[],"integration_request_title":"","integration_request_cta":"","integration_platform":"","integrations":[],"platform_category":[],"video_schema_markup":"","price":"desde $0 \/ mes","trial":"","benefits":[{"text":"Ayuda de instalaci\u00f3n gratuita"},{"text":"Atenci\u00f3n al cliente experimentada"},{"text":"Garant\u00eda de devoluci\u00f3n de dinero de 14 d\u00edas"},{"text":"Actualizaciones peri\u00f3dicas"}],"button_url":"#demo","button_target_blank":"","button_nofollow":"","attributes":[{"name":"Instalaciones","content":"100,000 - 500,000"},{"name":"Sensible","content":"S\u00ed"},{"name":"Navegadores compatibles","content":"Firefox, Safari, Opera, Chrome, Edge"}],"tags":[],"tags_disable_links":"","hide_more_platforms":"","video_object":"","demo_hide_cta":"","demo_hide_cloud_options":"","pricing_title":"","pricing":[{"pricing_icon":"platform","pricing_title":"Elfsight Apps","pricing_title_caption":"Software multiplataforma que funciona en cualquier sitio","pricing_price":"desde $0 \/ mes","pricing_price_caption":"comienza con un plan gratuito","pricing_benefits":[{"text":"Sitios web ilimitados"},{"text":"Atenci\u00f3n al cliente premium y bien documentada."},{"text":"Servicio de instalaci\u00f3n gratuito"},{"text":"Dise\u00f1o flexible"}],"pricing_button_text":"A\u00f1adir al sitio web","pricing_button_url":"#demo"}],"related_apps_title":"","related_apps_hidden":"","author":"","image":[],"title":"","job":"","social_networks":[]},"_links":{"self":[{"href":"https:\/\/elfsight.com\/es\/wp-json\/wp\/v2\/pages\/15656","targetHints":{"allow":["GET"]}}],"collection":[{"href":"https:\/\/elfsight.com\/es\/wp-json\/wp\/v2\/pages"}],"about":[{"href":"https:\/\/elfsight.com\/es\/wp-json\/wp\/v2\/types\/page"}],"author":[{"embeddable":true,"href":"https:\/\/elfsight.com\/es\/wp-json\/wp\/v2\/users\/9"}],"replies":[{"embeddable":true,"href":"https:\/\/elfsight.com\/es\/wp-json\/wp\/v2\/comments?post=15656"}],"version-history":[{"count":3,"href":"https:\/\/elfsight.com\/es\/wp-json\/wp\/v2\/pages\/15656\/revisions"}],"predecessor-version":[{"id":17845,"href":"https:\/\/elfsight.com\/es\/wp-json\/wp\/v2\/pages\/15656\/revisions\/17845"}],"up":[{"embeddable":true,"href":"https:\/\/elfsight.com\/es\/wp-json\/wp\/v2\/pages\/394"}],"wp:attachment":[{"href":"https:\/\/elfsight.com\/es\/wp-json\/wp\/v2\/media?parent=15656"}],"curies":[{"name":"wp","href":"https:\/\/api.w.org\/{rel}","templated":true}]}}