{"id":15655,"date":"2024-05-03T06:27:14","date_gmt":"2024-05-03T06:27:14","guid":{"rendered":"https:\/\/elfsight.com\/es\/?page_id=15655"},"modified":"2026-01-14T12:15:35","modified_gmt":"2026-01-14T12:15:35","slug":"shopify","status":"publish","type":"page","link":"https:\/\/elfsight.com\/es\/all-in-one-reviews-widget\/shopify\/","title":{"rendered":"All-in-One Reviews &#8211; Shopify"},"content":{"rendered":"<div class=\"application-platform-content-item-description application-platform-content-item\" id=\"description\" data-nav-section=\"description\"> <h2>Incrustar All-in-One Reviews en Shopify con el widget de Elfsight<\/h2> <p>Elfsight All-in-One Reviews es una aplicaci\u00f3n \u00fatil para Shopify que te da la posibilidad de mostrar todas las rese\u00f1as sobre tus productos directamente en tu sitio web desde las plataformas de rese\u00f1as m\u00e1s populares. Usando nuestro complemento, podr\u00e1s utilizar filtros para ocultar los comentarios no deseados, mostrar tu calificaci\u00f3n en estrellas y n\u00fameros desde tu p\u00e1gina en cualquier sitio de rese\u00f1as, a\u00f1adir informaci\u00f3n sobre los creadores de las rese\u00f1as y agregar un atractivo bot\u00f3n de llamada a la acci\u00f3n (CTA) que animar\u00e1 a los visitantes a publicar su propia rese\u00f1a. El widget de Elfsight te ayudar\u00e1 a mostrar tu gran prueba social en tu sitio web y comenzar a obtener m\u00e1s ventas.<\/p> <p><b>Aumenta las ventas mostrando tu excelente calificaci\u00f3n<\/b><\/p> <\/div> <div class=\"application-platform-content-item-features application-platform-content-item\" id=\"features\" data-nav-section=\"features\"> <h2>Las caracter\u00edsticas m\u00e1s populares del widget incluyen<\/h2> <ul><li>Opci\u00f3n para activar\/desactivar el encabezado de la aplicaci\u00f3n<\/li><li>Opci\u00f3n para mostrar un bot\u00f3n de solicitud que redirija a tu p\u00e1gina<\/li><li>Un estilo admirable a solo un clic<\/li><li>Elementos pintables en la interfaz<\/li><li>M\u00e1ximos detalles para generar confianza<\/li><\/ul><p><a href=\"#demo\">Prueba esta demo para obtener una idea completa<\/a><\/p> <\/div>  <div class=\"application-platform-content-item-installation application-platform-content-item\" id=\"installation\" data-nav-section=\"installation\"> <h2>\u00bfC\u00f3mo a\u00f1adir All-in-One Reviews a mi sitio Shopify?<\/h2> \n<div class=\"video-container\">\n<iframe width=\"720\" height=\"405\" src=\"https:\/\/www.youtube.com\/embed\/WFvu2Wz_4B4?si=thCrDQQ34yRday4X\" frameborder=\"0\" allowfullscreen=\"\"><\/iframe>\n<\/div><p>Sigue las instrucciones a continuaci\u00f3n para integrar la aplicaci\u00f3n.<\/p> <ol><li><b>Realiza nuestra demo gratuita y comienza a crear tu aplicaci\u00f3n personalizada.<\/b><br> Elige la forma y caracter\u00edsticas funcionales del complemento y guarda todos los cambios.<\/li>  <li><b>Obt\u00e9n tu c\u00f3digo personal que aparecer\u00e1 en el cuadro de Elfsight Apps.<\/b><br> Cuando la personalizaci\u00f3n de tu aplicaci\u00f3n est\u00e9 completa, copia el c\u00f3digo de la ventana emergente y gu\u00e1rdalo para usarlo m\u00e1s tarde.<\/li>  <li><b>Comienza a usar la aplicaci\u00f3n en tu p\u00e1gina de Shopify.<\/b><br> Inserta el c\u00f3digo guardado en tu p\u00e1gina web y guarda los cambios.<\/li>  <li><b>\u00a1Listo! La integraci\u00f3n se ha realizado correctamente.<\/b><br> Abre tu p\u00e1gina para verificar el funcionamiento de la aplicaci\u00f3n.<\/li><\/ol><p>Si tienes alguna pregunta o experimentas dificultades, no dudes en escribir a nuestro equipo de atenci\u00f3n al cliente. Nuestros especialistas estar\u00e1n encantados de ayudarte con cualquier problema que puedas tener con el complemento.<\/p> <div class=\"faq\" data-component=\"FAQ\"> <div class=\"faq-item\">\r\n\t\t\t\t\t<div class=\"faq-item-question\">\r\n\t\t\t\t\t\t<h3 class=\"faq-item-question-text\">\u00bfC\u00f3mo a\u00f1adir All-in-One Reviews a mi sitio Shopify sin conocimientos de programaci\u00f3n?<\/h3>\r\n\r\n\t\t\t\t\t\t<div class=\"faq-item-question-icon\"><\/div>\r\n\t\t\t\t\t<\/div>\r\n\r\n\t\t\t\t\t<div class=\"faq-item-answer\">\r\n\t\t\t\t\t\t<div class=\"faq-item-answer-text\"> <p>Elfsight ofrece una soluci\u00f3n SaaS que te permite crear un widget All-in-One Reviews por ti mismo, observa lo f\u00e1cil que es el proceso: Trabaja directamente en el Editor en l\u00ednea para crear el widget All-in-One Reviews que te gustar\u00eda ver en tu sitio Shopify. Elige una de las plantillas predise\u00f1adas y ajusta la configuraci\u00f3n de All-in-One Reviews, agrega tu contenido, cambia el dise\u00f1o y los colores sin necesidad de conocimientos de programaci\u00f3n. Guarda el widget All-in-One Reviews y copia su c\u00f3digo de instalaci\u00f3n, que puedes incluir f\u00e1cilmente en tu sitio Shopify sin necesidad de comprar un plan de pago. Con nuestro Editor intuitivo, cualquier usuario de Internet puede crear el widget All-in-One Reviews en l\u00ednea e incrustarlo f\u00e1cilmente en su sitio Shopify. No es necesario pagar ni ingresar los datos de tu tarjeta para acceder al servicio. Si tienes alg\u00fan problema en alg\u00fan paso, no dudes en ponerte en contacto con nuestro equipo de soporte t\u00e9cnico.<\/p> <\/div>\r\n\t\t\t\t\t<\/div>\r\n\t\t\t\t<\/div> <\/div> <p>Lee el art\u00edculo para obtener m\u00e1s informaci\u00f3n sobre <a href=\"https:\/\/elfsight.com\/blog\/how-to-add-customer-reviews-to-shopify-for-free\/\" target=\"_blank\" rel=\"noopener\">c\u00f3mo a\u00f1adir rese\u00f1as a los sitios Shopify<\/a>.<\/p><\/div>","protected":false},"excerpt":{"rendered":"","protected":false},"author":9,"featured_media":0,"parent":394,"menu_order":0,"comment_status":"closed","ping_status":"closed","template":"templates\/template-application-platform.php","meta":{"publish_to_discourse":"","publish_post_category":"","wpdc_auto_publish_overridden":"","wpdc_topic_tags":"","wpdc_pin_topic":"","wpdc_pin_until":"","discourse_post_id":"","discourse_permalink":"","wpdc_publishing_response":"","wpdc_publishing_error":"","footnotes":""},"class_list":["post-15655","page","type-page","status-publish","hentry"],"yoast_head":"<!-- This site is optimized with the Yoast SEO plugin v25.3.1 - https:\/\/yoast.com\/wordpress\/plugins\/seo\/ -->\n<title>Agrega un widget responsivo de rese\u00f1as todo en uno a tu aplicaci\u00f3n Shopify<\/title>\n<meta name=\"description\" content=\"Inserta un widget responsivo de rese\u00f1as todo en uno en tu sitio web de Shopify y gana plena confianza. Utilice la pr\u00e1ctica demostraci\u00f3n de Elfsight para crear su herramienta \u00fanica.\" \/>\n<meta name=\"robots\" content=\"index, follow, max-snippet:-1, max-image-preview:large, max-video-preview:-1\" \/>\n<link rel=\"canonical\" href=\"https:\/\/elfsight.com\/es\/all-in-one-reviews-widget\/shopify\/\" \/>\n<meta property=\"og:locale\" content=\"es_ES\" \/>\n<meta property=\"og:type\" content=\"article\" \/>\n<meta property=\"og:title\" content=\"Agrega un widget responsivo de rese\u00f1as todo en uno a tu aplicaci\u00f3n Shopify\" \/>\n<meta property=\"og:description\" content=\"Inserta un widget responsivo de rese\u00f1as todo en uno en tu sitio web de Shopify y gana plena confianza. Utilice la pr\u00e1ctica demostraci\u00f3n de Elfsight para crear su herramienta \u00fanica.\" \/>\n<meta property=\"og:url\" content=\"https:\/\/elfsight.com\/es\/all-in-one-reviews-widget\/shopify\/\" \/>\n<meta property=\"og:site_name\" content=\"Elfsight ES\" \/>\n<meta property=\"article:modified_time\" content=\"2026-01-14T12:15:35+00:00\" \/>\n<meta name=\"twitter:card\" content=\"summary_large_image\" \/>\n<meta name=\"twitter:label1\" content=\"Tiempo de lectura\" \/>\n\t<meta name=\"twitter:data1\" content=\"3 minutos\" \/>\n<!-- \/ Yoast SEO plugin. -->","yoast_head_json":{"title":"Agrega un widget responsivo de rese\u00f1as todo en uno a tu aplicaci\u00f3n Shopify","description":"Inserta un widget responsivo de rese\u00f1as todo en uno en tu sitio web de Shopify y gana plena confianza. Utilice la pr\u00e1ctica demostraci\u00f3n de Elfsight para crear su herramienta \u00fanica.","robots":{"index":"index","follow":"follow","max-snippet":"max-snippet:-1","max-image-preview":"max-image-preview:large","max-video-preview":"max-video-preview:-1"},"canonical":"https:\/\/elfsight.com\/es\/all-in-one-reviews-widget\/shopify\/","og_locale":"es_ES","og_type":"article","og_title":"Agrega un widget responsivo de rese\u00f1as todo en uno a tu aplicaci\u00f3n Shopify","og_description":"Inserta un widget responsivo de rese\u00f1as todo en uno en tu sitio web de Shopify y gana plena confianza. Utilice la pr\u00e1ctica demostraci\u00f3n de Elfsight para crear su herramienta \u00fanica.","og_url":"https:\/\/elfsight.com\/es\/all-in-one-reviews-widget\/shopify\/","og_site_name":"Elfsight ES","article_modified_time":"2026-01-14T12:15:35+00:00","twitter_card":"summary_large_image","twitter_misc":{"Tiempo de lectura":"3 minutos"},"schema":{"@context":"https:\/\/schema.org","@graph":[{"@type":"WebPage","@id":"https:\/\/elfsight.com\/es\/all-in-one-reviews-widget\/shopify\/","url":"https:\/\/elfsight.com\/es\/all-in-one-reviews-widget\/shopify\/","name":"Agrega un widget responsivo de rese\u00f1as todo en uno a tu aplicaci\u00f3n Shopify","isPartOf":{"@id":"https:\/\/elfsight.com\/es\/#website"},"datePublished":"2024-05-03T06:27:14+00:00","dateModified":"2026-01-14T12:15:35+00:00","description":"Inserta un widget responsivo de rese\u00f1as todo en uno en tu sitio web de Shopify y gana plena confianza. Utilice la pr\u00e1ctica demostraci\u00f3n de Elfsight para crear su herramienta \u00fanica.","breadcrumb":{"@id":"https:\/\/elfsight.com\/es\/all-in-one-reviews-widget\/shopify\/#breadcrumb"},"inLanguage":"es","potentialAction":[{"@type":"ReadAction","target":["https:\/\/elfsight.com\/es\/all-in-one-reviews-widget\/shopify\/"]}]},{"@type":"BreadcrumbList","@id":"https:\/\/elfsight.com\/es\/all-in-one-reviews-widget\/shopify\/#breadcrumb","itemListElement":[{"@type":"ListItem","position":1,"name":"Home","item":"https:\/\/elfsight.com\/es\/"},{"@type":"ListItem","position":2,"name":"All-in-One Reviews","item":"https:\/\/elfsight.com\/es\/all-in-one-reviews-widget\/"},{"@type":"ListItem","position":3,"name":"All-in-One Reviews &#8211; Shopify"}]},{"@type":"WebSite","@id":"https:\/\/elfsight.com\/es\/#website","url":"https:\/\/elfsight.com\/es\/","name":"Elfsight ES","description":"Just another Elfsight Sites site","potentialAction":[{"@type":"SearchAction","target":{"@type":"EntryPoint","urlTemplate":"https:\/\/elfsight.com\/es\/?s={search_term_string}"},"query-input":{"@type":"PropertyValueSpecification","valueRequired":true,"valueName":"search_term_string"}}],"inLanguage":"es"}]}},"meta_box":{"industry":"","seo_heading":"","heading":"","description":"","cta_heading":"","cta_description":"","application":"393","h1":"Aplicaci\u00f3n Shopify All-in-One Reviews","h1_caption":"Profundice la confianza mostrando rese\u00f1as de visitantes reales con datos del autor","application_category":[],"applications_title":"","applications_request_title":"","applications_request_button_text":"","hero_text":"","hero_video":"","hero_video_schema_markup":"","selling_points_title":"","selling_points_caption":"","selling_points":[],"selling_points_cta_text":"","features_title":"","features":"","ed_cta_examples_text":"","ed_cta_examples_hidden":"","ed_cta_demo_text":"","ed_cta_demo_hidden":"","why_caption":"","why_editor_title":"","why_editor_text":"","why_team_title":"","why_team_text":"","why_service_title":"","why_service_text":"","template_catalog_visible":"0","template_catalog_title":"","template_catalog_text":"","template_catalog_categories_visible":"","demo_title":"Crea tu aplicaci\u00f3n de rese\u00f1as todo en uno","demo_caption":"\u00a1Configura tus rese\u00f1as todo en uno y agr\u00e9galas a tu sitio web de Shopify gratis!","default_faq_hidden":"","app_template_category":[],"platform":"91","template_public_id":"","codecanyon_url":"","codecanyon_item_id":"","codecanyon_price":"","pricing_caption":"","pricing_elfsight_apps_hide_column":"","pricing_elfsight_apps_url":"","pricing_codecanyon_price_caption":"","integration_category":[],"integration_request_title":"","integration_request_cta":"","integration_platform":"","integrations":[],"platform_category":[],"video_schema_markup":"","price":"desde $0 \/ mes","trial":"","benefits":[{"text":"Servicio de instalaci\u00f3n gratuito"},{"text":"Soporte premium"},{"text":"Garant\u00eda de devoluci\u00f3n de dinero de 14 d\u00edas"},{"text":"Actualizaciones gratuitas continuas"}],"button_url":"#demo","button_target_blank":"0","button_nofollow":"0","attributes":[{"name":"Instalaciones","content":"100,000 - 500,000"},{"name":"Sensible","content":"S\u00ed"},{"name":"Navegadores compatibles","content":"Firefox, Safari, Opera, Chrome, Edge"}],"tags":[],"tags_disable_links":"0","hide_more_platforms":"0","video_object":"","demo_hide_cta":"0","demo_hide_cloud_options":"0","pricing_title":"","pricing":[{"pricing_icon":"platform","pricing_title":"Elfsight Apps","pricing_title_caption":"Versi\u00f3n multiplataforma que funciona en cualquier sitio web.","pricing_price":"desde $0 \/ mes","pricing_price_caption":"comienza con el plan gratuito","pricing_benefits":[{"text":"Sitios web ilimitados"},{"text":"Soporte premium"},{"text":"Servicio de instalaci\u00f3n gratuito"},{"text":"Oferta especial para m\u00faltiples aplicaciones."}],"pricing_button_text":"A\u00f1adir al sitio web","pricing_button_url":"#demo"}],"related_apps_title":"","related_apps_hidden":"0","author":"","image":[],"title":"","job":"","social_networks":[]},"_links":{"self":[{"href":"https:\/\/elfsight.com\/es\/wp-json\/wp\/v2\/pages\/15655","targetHints":{"allow":["GET"]}}],"collection":[{"href":"https:\/\/elfsight.com\/es\/wp-json\/wp\/v2\/pages"}],"about":[{"href":"https:\/\/elfsight.com\/es\/wp-json\/wp\/v2\/types\/page"}],"author":[{"embeddable":true,"href":"https:\/\/elfsight.com\/es\/wp-json\/wp\/v2\/users\/9"}],"replies":[{"embeddable":true,"href":"https:\/\/elfsight.com\/es\/wp-json\/wp\/v2\/comments?post=15655"}],"version-history":[{"count":4,"href":"https:\/\/elfsight.com\/es\/wp-json\/wp\/v2\/pages\/15655\/revisions"}],"predecessor-version":[{"id":20025,"href":"https:\/\/elfsight.com\/es\/wp-json\/wp\/v2\/pages\/15655\/revisions\/20025"}],"up":[{"embeddable":true,"href":"https:\/\/elfsight.com\/es\/wp-json\/wp\/v2\/pages\/394"}],"wp:attachment":[{"href":"https:\/\/elfsight.com\/es\/wp-json\/wp\/v2\/media?parent=15655"}],"curies":[{"name":"wp","href":"https:\/\/api.w.org\/{rel}","templated":true}]}}