{"id":15648,"date":"2024-05-03T06:27:18","date_gmt":"2024-05-03T06:27:18","guid":{"rendered":"https:\/\/elfsight.com\/es\/?page_id=15648"},"modified":"2025-02-06T15:03:54","modified_gmt":"2025-02-06T15:03:54","slug":"magento","status":"publish","type":"page","link":"https:\/\/elfsight.com\/es\/all-in-one-reviews-widget\/magento\/","title":{"rendered":"All-in-One Reviews &#8211; Magento"},"content":{"rendered":"<div class=\"application-platform-content-item-description application-platform-content-item\" id=\"description\" data-nav-section=\"description\"> <h2>Descripci\u00f3n<\/h2> <p>Elfsight All-in-One Reviews es una extensi\u00f3n \u00fatil para Magento que te ofrece la oportunidad de mostrar todas las rese\u00f1as sobre tus productos directamente en tu sitio web desde los sitios de rese\u00f1as m\u00e1s utilizados. Al usar nuestro plugin, tendr\u00e1s la oportunidad de aplicar filtros para ocultar los comentarios no deseados, mostrar tu calificaci\u00f3n en estrellas y los n\u00fameros de tu p\u00e1gina en cualquier sitio de rese\u00f1as, agregar informaci\u00f3n sobre los creadores de los testimonios y a\u00f1adir un bot\u00f3n de llamada a la acci\u00f3n atractivo que inspirar\u00e1 a los visitantes del sitio a escribir su propia rese\u00f1a. La herramienta Elfsight Reviews puede ayudarte a mostrar tu impresionante prueba social en tu sitio web y comenzar a obtener m\u00e1s ventas.<\/p> <p><b>Aumenta las ventas demostrando la calificaci\u00f3n de tus clientes<\/b><\/p> <\/div> <div class=\"application-platform-content-item-features application-platform-content-item\" id=\"features\" data-nav-section=\"features\"> <h2>Encuentra a continuaci\u00f3n las caracter\u00edsticas b\u00e1sicas de la extensi\u00f3n:<\/h2> <ul><li>Encabezado de la extensi\u00f3n intercambiable<\/li><li>Opci\u00f3n para mostrar un bot\u00f3n de solicitud que redirija a los usuarios a tu p\u00e1gina<\/li><li>Un estilo sobresaliente a un solo clic<\/li><li>Componentes pintables en la interfaz del widget<\/li><li>M\u00e1ximos detalles para generar confianza<\/li><\/ul><p><a href=\"#demo\">Puedes descubrir todas las capacidades del widget en la demo a continuaci\u00f3n<\/a><\/p> <\/div>  <div class=\"application-platform-content-item-installation application-platform-content-item\" id=\"installation\" data-nav-section=\"installation\"> <h2>\u00bfC\u00f3mo incrustar All-in-One Reviews en mi sitio Magento?<\/h2> <p>Sigue estos sencillos pasos para integrar el widget.<\/p> <ol><li><b>Abre nuestro configurador gratuito y comienza a formar tu extensi\u00f3n personalizada.<\/b><br> Encuentra el dise\u00f1o personalizado y las caracter\u00edsticas de la extensi\u00f3n y guarda todas las modificaciones.<\/li>  <li><b>Obt\u00e9n el c\u00f3digo \u00fanico que aparece en el cuadro en Elfsight Apps.<\/b><br> Una vez que hayas terminado de crear tu extensi\u00f3n personal, copia el c\u00f3digo exclusivo del cuadro emergente y gu\u00e1rdalo para su uso posterior.<\/li>  <li><b>Comienza a usar la extensi\u00f3n en tu sitio web Magento.<\/b><br> Coloca el c\u00f3digo que guardaste en tu p\u00e1gina y guarda los ajustes.<\/li>  <li><b>\u00a1Listo! La integraci\u00f3n se complet\u00f3 con \u00e9xito.<\/b><br> Abre tu sitio web para ver el funcionamiento de la extensi\u00f3n.<\/li><\/ol><p>Si tienes alguna pregunta o enfrentas alguna dificultad, no dudes en ponerte en contacto con nuestro equipo de soporte. Nuestros consultores estar\u00e1n encantados de resolver todos los problemas que puedas tener con el producto.<\/p> <div class=\"faq\" data-component=\"FAQ\"> <div class=\"faq-item\">\r\n\t\t\t\t\t<div class=\"faq-item-question\">\r\n\t\t\t\t\t\t<h3 class=\"faq-item-question-text\">\u00bfC\u00f3mo puedo agregar All-in-One Reviews a mi sitio Magento sin conocimientos de programaci\u00f3n?<\/h3>\r\n\r\n\t\t\t\t\t\t<div class=\"faq-item-question-icon\"><\/div>\r\n\t\t\t\t\t<\/div>\r\n\r\n\t\t\t\t\t<div class=\"faq-item-answer\">\r\n\t\t\t\t\t\t<div class=\"faq-item-answer-text\"> <p>Elfsight ofrece una soluci\u00f3n SaaS que te permite crear un widget All-in-One Reviews por ti mismo, observa lo f\u00e1cil que es el proceso: Trabaja directamente en el Editor en l\u00ednea para crear el widget All-in-One Reviews que deseas ver en tu sitio web de Magento. Elige una de las plantillas predefinidas y ajusta la configuraci\u00f3n de All-in-One Reviews, agrega tu contenido, cambia el dise\u00f1o y el esquema de colores sin necesidad de habilidades de programaci\u00f3n. Guarda el widget All-in-One Reviews y copia su c\u00f3digo de instalaci\u00f3n, que puedes incluir f\u00e1cilmente en tu sitio Magento sin necesidad de comprar un plan de pago. Con nuestro Editor intuitivo, cualquier usuario de internet puede crear el widget All-in-One Reviews en l\u00ednea e incrustarlo f\u00e1cilmente en su sitio web Magento. No es necesario pagar ni ingresar los datos de tu tarjeta para acceder al servicio. Si tienes alg\u00fan problema en alg\u00fan paso, no dudes en ponerte en contacto con nuestro equipo de soporte t\u00e9cnico.<\/p> <\/div>\r\n\t\t\t\t\t<\/div>\r\n\t\t\t\t<\/div> <\/div> <\/div>","protected":false},"excerpt":{"rendered":"","protected":false},"author":9,"featured_media":0,"parent":394,"menu_order":0,"comment_status":"closed","ping_status":"closed","template":"templates\/template-application-platform.php","meta":{"publish_to_discourse":"","publish_post_category":"","wpdc_auto_publish_overridden":"","wpdc_topic_tags":"","wpdc_pin_topic":"","wpdc_pin_until":"","discourse_post_id":"","discourse_permalink":"","wpdc_publishing_response":"","wpdc_publishing_error":"","footnotes":""},"class_list":["post-15648","page","type-page","status-publish","hentry"],"yoast_head":"<!-- This site is optimized with the Yoast SEO plugin v25.3.1 - https:\/\/yoast.com\/wordpress\/plugins\/seo\/ -->\n<title>Agregue una extensi\u00f3n responsiva de Rese\u00f1as todo en uno a su sitio web Magento<\/title>\n<meta name=\"description\" content=\"Implemente un complemento de Rese\u00f1as responsivo en su sitio web Magento y gane plena confianza. Utilice la demostraci\u00f3n f\u00e1cil de usar de Elfsight para dar forma a su caracter\u00edstica personalizada.\" \/>\n<meta name=\"robots\" content=\"index, follow, max-snippet:-1, max-image-preview:large, max-video-preview:-1\" \/>\n<link rel=\"canonical\" href=\"https:\/\/elfsight.com\/es\/all-in-one-reviews-widget\/magento\/\" \/>\n<meta property=\"og:locale\" content=\"es_ES\" \/>\n<meta property=\"og:type\" content=\"article\" \/>\n<meta property=\"og:title\" content=\"Agregue una extensi\u00f3n responsiva de Rese\u00f1as todo en uno a su sitio web Magento\" \/>\n<meta property=\"og:description\" content=\"Implemente un complemento de Rese\u00f1as responsivo en su sitio web Magento y gane plena confianza. Utilice la demostraci\u00f3n f\u00e1cil de usar de Elfsight para dar forma a su caracter\u00edstica personalizada.\" \/>\n<meta property=\"og:url\" content=\"https:\/\/elfsight.com\/es\/all-in-one-reviews-widget\/magento\/\" \/>\n<meta property=\"og:site_name\" content=\"Elfsight ES\" \/>\n<meta property=\"article:modified_time\" content=\"2025-02-06T15:03:54+00:00\" \/>\n<meta name=\"twitter:card\" content=\"summary_large_image\" \/>\n<meta name=\"twitter:label1\" content=\"Tiempo de lectura\" \/>\n\t<meta name=\"twitter:data1\" content=\"3 minutos\" \/>\n<!-- \/ Yoast SEO plugin. -->","yoast_head_json":{"title":"Agregue una extensi\u00f3n responsiva de Rese\u00f1as todo en uno a su sitio web Magento","description":"Implemente un complemento de Rese\u00f1as responsivo en su sitio web Magento y gane plena confianza. Utilice la demostraci\u00f3n f\u00e1cil de usar de Elfsight para dar forma a su caracter\u00edstica personalizada.","robots":{"index":"index","follow":"follow","max-snippet":"max-snippet:-1","max-image-preview":"max-image-preview:large","max-video-preview":"max-video-preview:-1"},"canonical":"https:\/\/elfsight.com\/es\/all-in-one-reviews-widget\/magento\/","og_locale":"es_ES","og_type":"article","og_title":"Agregue una extensi\u00f3n responsiva de Rese\u00f1as todo en uno a su sitio web Magento","og_description":"Implemente un complemento de Rese\u00f1as responsivo en su sitio web Magento y gane plena confianza. Utilice la demostraci\u00f3n f\u00e1cil de usar de Elfsight para dar forma a su caracter\u00edstica personalizada.","og_url":"https:\/\/elfsight.com\/es\/all-in-one-reviews-widget\/magento\/","og_site_name":"Elfsight ES","article_modified_time":"2025-02-06T15:03:54+00:00","twitter_card":"summary_large_image","twitter_misc":{"Tiempo de lectura":"3 minutos"},"schema":{"@context":"https:\/\/schema.org","@graph":[{"@type":"WebPage","@id":"https:\/\/elfsight.com\/es\/all-in-one-reviews-widget\/magento\/","url":"https:\/\/elfsight.com\/es\/all-in-one-reviews-widget\/magento\/","name":"Agregue una extensi\u00f3n responsiva de Rese\u00f1as todo en uno a su sitio web Magento","isPartOf":{"@id":"https:\/\/elfsight.com\/es\/#website"},"datePublished":"2024-05-03T06:27:18+00:00","dateModified":"2025-02-06T15:03:54+00:00","description":"Implemente un complemento de Rese\u00f1as responsivo en su sitio web Magento y gane plena confianza. Utilice la demostraci\u00f3n f\u00e1cil de usar de Elfsight para dar forma a su caracter\u00edstica personalizada.","breadcrumb":{"@id":"https:\/\/elfsight.com\/es\/all-in-one-reviews-widget\/magento\/#breadcrumb"},"inLanguage":"es","potentialAction":[{"@type":"ReadAction","target":["https:\/\/elfsight.com\/es\/all-in-one-reviews-widget\/magento\/"]}]},{"@type":"BreadcrumbList","@id":"https:\/\/elfsight.com\/es\/all-in-one-reviews-widget\/magento\/#breadcrumb","itemListElement":[{"@type":"ListItem","position":1,"name":"Home","item":"https:\/\/elfsight.com\/es\/"},{"@type":"ListItem","position":2,"name":"All-in-One Reviews","item":"https:\/\/elfsight.com\/es\/all-in-one-reviews-widget\/"},{"@type":"ListItem","position":3,"name":"All-in-One Reviews &#8211; Magento"}]},{"@type":"WebSite","@id":"https:\/\/elfsight.com\/es\/#website","url":"https:\/\/elfsight.com\/es\/","name":"Elfsight ES","description":"Just another Elfsight Sites site","potentialAction":[{"@type":"SearchAction","target":{"@type":"EntryPoint","urlTemplate":"https:\/\/elfsight.com\/es\/?s={search_term_string}"},"query-input":{"@type":"PropertyValueSpecification","valueRequired":true,"valueName":"search_term_string"}}],"inLanguage":"es"}]}},"meta_box":{"industry":"","seo_heading":"","heading":"","description":"","cta_heading":"","cta_description":"","application":"393","h1":"Extensi\u00f3n Magento All-in-One Reviews","h1_caption":"Ampl\u00ede la confianza al revelar rese\u00f1as de visitantes reales con informaci\u00f3n del autor","application_category":[],"applications_title":"","applications_request_title":"","applications_request_button_text":"","hero_text":"","hero_video":"","hero_video_schema_markup":"","selling_points_title":"","selling_points_caption":"","selling_points":[],"selling_points_cta_text":"","features_title":"","features":"","ed_cta_examples_text":"","ed_cta_examples_hidden":"","ed_cta_demo_text":"","ed_cta_demo_hidden":"","why_caption":"","why_editor_title":"","why_editor_text":"","why_team_title":"","why_team_text":"","why_service_title":"","why_service_text":"","template_catalog_visible":"","template_catalog_title":"","template_catalog_text":"","template_catalog_categories_visible":"","demo_title":"Crea tu extensi\u00f3n de Rese\u00f1as Todo en Uno","demo_caption":"\u00a1Configure sus Rese\u00f1as Todo en Uno y agr\u00e9guelas a su sitio web Magento de forma gratuita!","default_faq_hidden":"","app_template_category":[],"platform":"82","template_public_id":"","codecanyon_url":"","codecanyon_item_id":"","codecanyon_price":"","pricing_caption":"","pricing_elfsight_apps_hide_column":"","pricing_elfsight_apps_url":"","pricing_codecanyon_price_caption":"","integration_category":[],"integration_request_title":"","integration_request_cta":"","integration_platform":"","integrations":[],"platform_category":[],"video_schema_markup":"","price":"desde $0 \/ mes","trial":"","benefits":[{"text":"Asistencia de instalaci\u00f3n gratuita"},{"text":"Servicio al cliente eficaz"},{"text":"Garant\u00eda de devoluci\u00f3n de dinero de 14 d\u00edas"},{"text":"Actualizaciones continuas"}],"button_url":"#demo","button_target_blank":"","button_nofollow":"","attributes":[{"name":"Instalaciones","content":"100,000 - 500,000"},{"name":"Sensible","content":"S\u00ed"},{"name":"Navegadores compatibles","content":"Firefox, Safari, Opera, Chrome, Edge"}],"tags":[],"tags_disable_links":"","hide_more_platforms":"","video_object":"","demo_hide_cta":"","demo_hide_cloud_options":"","pricing_title":"","pricing":[{"pricing_icon":"platform","pricing_title":"Elfsight Apps","pricing_title_caption":"Soluci\u00f3n multiplataforma que se adapta a cualquier sitio.","pricing_price":"desde $0 \/ mes","pricing_price_caption":"comienza con un plan gratuito","pricing_benefits":[{"text":"Dominios ilimitados"},{"text":"Atenci\u00f3n al cliente gratuita y bien documentada."},{"text":"Ayuda de instalaci\u00f3n gratuita"},{"text":"Dise\u00f1o flexible"}],"pricing_button_text":"A\u00f1adir al sitio web","pricing_button_url":"#demo"}],"related_apps_title":"","related_apps_hidden":"","author":"","image":[],"title":"","job":"","social_networks":[]},"_links":{"self":[{"href":"https:\/\/elfsight.com\/es\/wp-json\/wp\/v2\/pages\/15648","targetHints":{"allow":["GET"]}}],"collection":[{"href":"https:\/\/elfsight.com\/es\/wp-json\/wp\/v2\/pages"}],"about":[{"href":"https:\/\/elfsight.com\/es\/wp-json\/wp\/v2\/types\/page"}],"author":[{"embeddable":true,"href":"https:\/\/elfsight.com\/es\/wp-json\/wp\/v2\/users\/9"}],"replies":[{"embeddable":true,"href":"https:\/\/elfsight.com\/es\/wp-json\/wp\/v2\/comments?post=15648"}],"version-history":[{"count":3,"href":"https:\/\/elfsight.com\/es\/wp-json\/wp\/v2\/pages\/15648\/revisions"}],"predecessor-version":[{"id":17840,"href":"https:\/\/elfsight.com\/es\/wp-json\/wp\/v2\/pages\/15648\/revisions\/17840"}],"up":[{"embeddable":true,"href":"https:\/\/elfsight.com\/es\/wp-json\/wp\/v2\/pages\/394"}],"wp:attachment":[{"href":"https:\/\/elfsight.com\/es\/wp-json\/wp\/v2\/media?parent=15648"}],"curies":[{"name":"wp","href":"https:\/\/api.w.org\/{rel}","templated":true}]}}