{"id":15642,"date":"2024-05-03T06:27:21","date_gmt":"2024-05-03T06:27:21","guid":{"rendered":"https:\/\/elfsight.com\/es\/?page_id=15642"},"modified":"2025-02-06T15:03:44","modified_gmt":"2025-02-06T15:03:44","slug":"jquery","status":"publish","type":"page","link":"https:\/\/elfsight.com\/es\/all-in-one-reviews-widget\/jquery\/","title":{"rendered":"All-in-One Reviews &#8211; jQuery"},"content":{"rendered":"<div class=\"application-platform-content-item-description application-platform-content-item\" id=\"description\" data-nav-section=\"description\"> <h2>Descripci\u00f3n<\/h2> <p>Elfsight All-in-One Reviews es un plugin f\u00e1cil de usar para jQuery que te permite mostrar todos los testimonios sobre tu negocio directamente en tu p\u00e1gina web desde los sitios de rese\u00f1as m\u00e1s populares. Usando nuestro widget, tendr\u00e1s la oportunidad de aplicar filtros para ocultar las rese\u00f1as no deseadas, mostrar tu calificaci\u00f3n y puntuaci\u00f3n desde tu cuenta en cualquier p\u00e1gina de rese\u00f1as comerciales, agregar informaci\u00f3n sobre los autores de las rese\u00f1as y agregar un bot\u00f3n atractivo de llamada a la acci\u00f3n que motivar\u00e1 a los usuarios a escribir sus comentarios. El widget Elfsight est\u00e1 dise\u00f1ado para ayudarte a mostrar tu impresionante prueba social en tu p\u00e1gina web y comenzar a obtener m\u00e1s compras.<\/p> <p><b>\u00a1Rese\u00f1as de Facebook, Amazon, Airbnb, Google y muchos otros sitios de rese\u00f1as comerciales en una sola herramienta para la m\u00e1xima tasa de conversi\u00f3n y confianza del cliente!<\/b><\/p> <p><b>Mejora el n\u00famero de ventas utilizando la prueba social<\/b><br>Gracias al plugin de Rese\u00f1as, podr\u00e1s mostrar tus mejores rese\u00f1as de Amazon, Airbnb, Google, Facebook y otros sitios de rese\u00f1as comerciales prominentes, obteniendo m\u00e1s clientes nuevos.<\/p><p><b>Obt\u00e9n m\u00e1s rese\u00f1as<\/b><br>El atractivo bot\u00f3n \u00abDeja una rese\u00f1a\u00bb motivar\u00e1 a m\u00e1s personas a hacer clic para compartir su opini\u00f3n sobre tus productos y servicios, lo que resultar\u00e1 en la m\u00e1xima evaluaci\u00f3n por parte de los clientes.<\/b><p><b>Minimiza las rese\u00f1as negativas<\/b><br>El widget de Rese\u00f1as de Clientes te ofrece m\u00faltiples opciones de filtrado que te permitir\u00e1n reducir las rese\u00f1as negativas, mostrando solo las positivas.<\/b><\/div> <div class=\"application-platform-content-item-features application-platform-content-item\" id=\"features\" data-nav-section=\"features\"> <h2>Encuentra a continuaci\u00f3n las caracter\u00edsticas clave del plugin:<\/h2> <ul><li>Encabezado del widget con opci\u00f3n de activaci\u00f3n\/desactivaci\u00f3n<\/li><li>Opci\u00f3n de mostrar un bot\u00f3n de solicitud para redirigir a los usuarios a tu p\u00e1gina<\/li><li>Estilo impresionante con un solo clic<\/li><li>Componentes pintables de la interfaz<\/li><li>M\u00e1ximos detalles para generar confianza<\/li><\/ul><p><a href=\"#demo\">Prueba todas las configuraciones en la demo completamente funcional<\/a><\/p> <\/div>  <div class=\"application-platform-content-item-installation application-platform-content-item\" id=\"installation\" data-nav-section=\"installation\"> <h2>\u00bfC\u00f3mo agregar All-in-One Reviews a mi p\u00e1gina web jQuery?<\/h2> <p>Sigue los pasos a continuaci\u00f3n para activar el plugin:<\/p> <ol><li><b>Abre nuestra demo gratuita y comienza a crear tu widget personalizado.<\/b><br> Elige el dise\u00f1o y las opciones seleccionadas de la herramienta y aplica los cambios.<\/li>  <li><b>Recibe tu c\u00f3digo personal revelado en la ventana de Elfsight Apps.<\/b><br> Despu\u00e9s de configurar tu widget personal, copia el c\u00f3digo en la ventana emergente y gu\u00e1rdalo para su uso posterior.<\/li>  <li><b>Comienza a usar la herramienta en tu p\u00e1gina web jQuery.<\/b><br> Inserta el c\u00f3digo que guardaste previamente en tu p\u00e1gina web y aplica los cambios.<\/li>  <li><b>\u00a1La configuraci\u00f3n ha sido completada con \u00e9xito!<\/b><br> Visita tu p\u00e1gina para revisar c\u00f3mo est\u00e1 funcionando el plugin.<\/li><\/ol> <p>Si tienes preguntas o enfrentas alg\u00fan problema, no dudes en ponerte en contacto con nuestro equipo de atenci\u00f3n al cliente. Estaremos encantados de ayudarte con cualquier duda que tengas sobre el producto.<\/p> <div class=\"faq\" data-component=\"FAQ\"> <div class=\"faq-item\">\r\n\t\t\t\t\t<div class=\"faq-item-question\">\r\n\t\t\t\t\t\t<h3 class=\"faq-item-question-text\">\u00bfC\u00f3mo agregar All-in-One Reviews a mi sitio web jQuery sin habilidades de programaci\u00f3n?<\/h3>\r\n\r\n\t\t\t\t\t\t<div class=\"faq-item-question-icon\"><\/div>\r\n\t\t\t\t\t<\/div>\r\n\r\n\t\t\t\t\t<div class=\"faq-item-answer\">\r\n\t\t\t\t\t\t<div class=\"faq-item-answer-text\"> <p>Elfsight ofrece una soluci\u00f3n SaaS que te permite crear un widget All-in-One Reviews por ti mismo, observa lo f\u00e1cil que es el proceso: Trabaja directamente en el Editor en l\u00ednea para crear el widget All-in-One Reviews que deseas ver en tu sitio web jQuery. Elige una de las plantillas predefinidas y ajusta los ajustes de All-in-One Reviews, agrega tu contenido, cambia el dise\u00f1o y el esquema de colores sin habilidades de programaci\u00f3n. Guarda el widget All-in-One Reviews y copia su c\u00f3digo de instalaci\u00f3n, que podr\u00e1s agregar f\u00e1cilmente a tu sitio web jQuery sin necesidad de comprar una suscripci\u00f3n de pago. Con nuestro Editor intuitivo, cualquier usuario de internet puede crear un widget All-in-One Reviews en l\u00ednea e insertarlo f\u00e1cilmente en su sitio web jQuery. No es necesario pagar ni ingresar los datos de tu tarjeta para acceder al servicio. Si tienes alg\u00fan problema en alg\u00fan paso, no dudes en ponerte en contacto con nuestro equipo de soporte t\u00e9cnico.<\/p> <\/div>\r\n\t\t\t\t\t<\/div>\r\n\t\t\t\t<\/div> <\/div> <\/div>","protected":false},"excerpt":{"rendered":"","protected":false},"author":9,"featured_media":0,"parent":394,"menu_order":0,"comment_status":"closed","ping_status":"closed","template":"templates\/template-application-platform.php","meta":{"publish_to_discourse":"","publish_post_category":"","wpdc_auto_publish_overridden":"","wpdc_topic_tags":"","wpdc_pin_topic":"","wpdc_pin_until":"","discourse_post_id":"","discourse_permalink":"","wpdc_publishing_response":"","wpdc_publishing_error":"","footnotes":""},"class_list":["post-15642","page","type-page","status-publish","hentry"],"yoast_head":"<!-- This site is optimized with the Yoast SEO plugin v25.3.1 - https:\/\/yoast.com\/wordpress\/plugins\/seo\/ -->\n<title>Agregue un widget responsivo de rese\u00f1as todo en uno a su sitio web jQuery<\/title>\n<meta name=\"description\" content=\"Incruste un complemento Rese\u00f1as responsivo en su sitio jQuery y obtenga plena confianza. Utilice la pr\u00e1ctica demostraci\u00f3n de Elfsight para crear su caracter\u00edstica \u00fanica.\" \/>\n<meta name=\"robots\" content=\"index, follow, max-snippet:-1, max-image-preview:large, max-video-preview:-1\" \/>\n<link rel=\"canonical\" href=\"https:\/\/elfsight.com\/es\/all-in-one-reviews-widget\/jquery\/\" \/>\n<meta property=\"og:locale\" content=\"es_ES\" \/>\n<meta property=\"og:type\" content=\"article\" \/>\n<meta property=\"og:title\" content=\"Agregue un widget responsivo de rese\u00f1as todo en uno a su sitio web jQuery\" \/>\n<meta property=\"og:description\" content=\"Incruste un complemento Rese\u00f1as responsivo en su sitio jQuery y obtenga plena confianza. Utilice la pr\u00e1ctica demostraci\u00f3n de Elfsight para crear su caracter\u00edstica \u00fanica.\" \/>\n<meta property=\"og:url\" content=\"https:\/\/elfsight.com\/es\/all-in-one-reviews-widget\/jquery\/\" \/>\n<meta property=\"og:site_name\" content=\"Elfsight ES\" \/>\n<meta property=\"article:modified_time\" content=\"2025-02-06T15:03:44+00:00\" \/>\n<meta name=\"twitter:card\" content=\"summary_large_image\" \/>\n<meta name=\"twitter:label1\" content=\"Tiempo de lectura\" \/>\n\t<meta name=\"twitter:data1\" content=\"4 minutos\" \/>\n<!-- \/ Yoast SEO plugin. -->","yoast_head_json":{"title":"Agregue un widget responsivo de rese\u00f1as todo en uno a su sitio web jQuery","description":"Incruste un complemento Rese\u00f1as responsivo en su sitio jQuery y obtenga plena confianza. Utilice la pr\u00e1ctica demostraci\u00f3n de Elfsight para crear su caracter\u00edstica \u00fanica.","robots":{"index":"index","follow":"follow","max-snippet":"max-snippet:-1","max-image-preview":"max-image-preview:large","max-video-preview":"max-video-preview:-1"},"canonical":"https:\/\/elfsight.com\/es\/all-in-one-reviews-widget\/jquery\/","og_locale":"es_ES","og_type":"article","og_title":"Agregue un widget responsivo de rese\u00f1as todo en uno a su sitio web jQuery","og_description":"Incruste un complemento Rese\u00f1as responsivo en su sitio jQuery y obtenga plena confianza. Utilice la pr\u00e1ctica demostraci\u00f3n de Elfsight para crear su caracter\u00edstica \u00fanica.","og_url":"https:\/\/elfsight.com\/es\/all-in-one-reviews-widget\/jquery\/","og_site_name":"Elfsight ES","article_modified_time":"2025-02-06T15:03:44+00:00","twitter_card":"summary_large_image","twitter_misc":{"Tiempo de lectura":"4 minutos"},"schema":{"@context":"https:\/\/schema.org","@graph":[{"@type":"WebPage","@id":"https:\/\/elfsight.com\/es\/all-in-one-reviews-widget\/jquery\/","url":"https:\/\/elfsight.com\/es\/all-in-one-reviews-widget\/jquery\/","name":"Agregue un widget responsivo de rese\u00f1as todo en uno a su sitio web jQuery","isPartOf":{"@id":"https:\/\/elfsight.com\/es\/#website"},"datePublished":"2024-05-03T06:27:21+00:00","dateModified":"2025-02-06T15:03:44+00:00","description":"Incruste un complemento Rese\u00f1as responsivo en su sitio jQuery y obtenga plena confianza. Utilice la pr\u00e1ctica demostraci\u00f3n de Elfsight para crear su caracter\u00edstica \u00fanica.","breadcrumb":{"@id":"https:\/\/elfsight.com\/es\/all-in-one-reviews-widget\/jquery\/#breadcrumb"},"inLanguage":"es","potentialAction":[{"@type":"ReadAction","target":["https:\/\/elfsight.com\/es\/all-in-one-reviews-widget\/jquery\/"]}]},{"@type":"BreadcrumbList","@id":"https:\/\/elfsight.com\/es\/all-in-one-reviews-widget\/jquery\/#breadcrumb","itemListElement":[{"@type":"ListItem","position":1,"name":"Home","item":"https:\/\/elfsight.com\/es\/"},{"@type":"ListItem","position":2,"name":"All-in-One Reviews","item":"https:\/\/elfsight.com\/es\/all-in-one-reviews-widget\/"},{"@type":"ListItem","position":3,"name":"All-in-One Reviews &#8211; jQuery"}]},{"@type":"WebSite","@id":"https:\/\/elfsight.com\/es\/#website","url":"https:\/\/elfsight.com\/es\/","name":"Elfsight ES","description":"Just another Elfsight Sites site","potentialAction":[{"@type":"SearchAction","target":{"@type":"EntryPoint","urlTemplate":"https:\/\/elfsight.com\/es\/?s={search_term_string}"},"query-input":{"@type":"PropertyValueSpecification","valueRequired":true,"valueName":"search_term_string"}}],"inLanguage":"es"}]}},"meta_box":{"industry":"","seo_heading":"","heading":"","description":"","cta_heading":"","cta_description":"","application":"393","h1":"Complemento jQuery All-in-One Reviews","h1_caption":"Aumente la confianza mostrando comentarios de personas reales con informaci\u00f3n del autor.","application_category":[],"applications_title":"","applications_request_title":"","applications_request_button_text":"","hero_text":"","hero_video":"","hero_video_schema_markup":"","selling_points_title":"","selling_points_caption":"","selling_points":[],"selling_points_cta_text":"","features_title":"","features":"","ed_cta_examples_text":"","ed_cta_examples_hidden":"","ed_cta_demo_text":"","ed_cta_demo_hidden":"","why_caption":"","why_editor_title":"","why_editor_text":"","why_team_title":"","why_team_text":"","why_service_title":"","why_service_text":"","template_catalog_visible":"","template_catalog_title":"","template_catalog_text":"","template_catalog_categories_visible":"","demo_title":"Cree su complemento de rese\u00f1as todo en uno","demo_caption":"Configure sus Rese\u00f1as Todo en Uno y agr\u00e9guelas a su sitio web jQuery de forma gratuita.","default_faq_hidden":"","app_template_category":[],"platform":"76","template_public_id":"","codecanyon_url":"","codecanyon_item_id":"","codecanyon_price":"","pricing_caption":"","pricing_elfsight_apps_hide_column":"","pricing_elfsight_apps_url":"","pricing_codecanyon_price_caption":"","integration_category":[],"integration_request_title":"","integration_request_cta":"","integration_platform":"","integrations":[],"platform_category":[],"video_schema_markup":"","price":"desde $0 \/ mes","trial":"","benefits":[{"text":"Ayuda de instalaci\u00f3n gratuita"},{"text":"Atenci\u00f3n al cliente experimentada"},{"text":"Garant\u00eda de devoluci\u00f3n de dinero de 14 d\u00edas"},{"text":"Actualizaciones peri\u00f3dicas"}],"button_url":"#demo","button_target_blank":"","button_nofollow":"","attributes":[{"name":"Instalaciones","content":"100,000 - 500,000"},{"name":"Sensible","content":"S\u00ed"},{"name":"Navegadores compatibles","content":"Firefox, Safari, Opera, Chrome, Edge"}],"tags":[],"tags_disable_links":"","hide_more_platforms":"","video_object":"","demo_hide_cta":"","demo_hide_cloud_options":"","pricing_title":"","pricing":[{"pricing_icon":"platform","pricing_title":"Elfsight Apps","pricing_title_caption":"Versi\u00f3n multiplataforma que funciona en cualquier sitio web.","pricing_price":"desde $0 \/ mes","pricing_price_caption":"comienza con un plan gratuito","pricing_benefits":[{"text":"Sitios web ilimitados"},{"text":"Soporte profesional y puntual"},{"text":"Asistencia de instalaci\u00f3n gratuita"},{"text":"Totalmente personalizable"}],"pricing_button_text":"A\u00f1adir al sitio web","pricing_button_url":"#demo"}],"related_apps_title":"","related_apps_hidden":"","author":"","image":[],"title":"","job":"","social_networks":[]},"_links":{"self":[{"href":"https:\/\/elfsight.com\/es\/wp-json\/wp\/v2\/pages\/15642","targetHints":{"allow":["GET"]}}],"collection":[{"href":"https:\/\/elfsight.com\/es\/wp-json\/wp\/v2\/pages"}],"about":[{"href":"https:\/\/elfsight.com\/es\/wp-json\/wp\/v2\/types\/page"}],"author":[{"embeddable":true,"href":"https:\/\/elfsight.com\/es\/wp-json\/wp\/v2\/users\/9"}],"replies":[{"embeddable":true,"href":"https:\/\/elfsight.com\/es\/wp-json\/wp\/v2\/comments?post=15642"}],"version-history":[{"count":3,"href":"https:\/\/elfsight.com\/es\/wp-json\/wp\/v2\/pages\/15642\/revisions"}],"predecessor-version":[{"id":17837,"href":"https:\/\/elfsight.com\/es\/wp-json\/wp\/v2\/pages\/15642\/revisions\/17837"}],"up":[{"embeddable":true,"href":"https:\/\/elfsight.com\/es\/wp-json\/wp\/v2\/pages\/394"}],"wp:attachment":[{"href":"https:\/\/elfsight.com\/es\/wp-json\/wp\/v2\/media?parent=15642"}],"curies":[{"name":"wp","href":"https:\/\/api.w.org\/{rel}","templated":true}]}}