{"id":15634,"date":"2024-05-03T06:27:06","date_gmt":"2024-05-03T06:27:06","guid":{"rendered":"https:\/\/elfsight.com\/es\/?page_id=15634"},"modified":"2025-02-06T15:04:17","modified_gmt":"2025-02-06T15:04:17","slug":"google-sites","status":"publish","type":"page","link":"https:\/\/elfsight.com\/es\/all-in-one-reviews-widget\/google-sites\/","title":{"rendered":"All-in-One Reviews &#8211; Google Sites"},"content":{"rendered":"<div class=\"application-platform-content-item-description application-platform-content-item\" id=\"description\" data-nav-section=\"description\"> <h2>Integrar All-in-One Reviews en Google Sites con el widget de Elfsight<\/h2> <p>El widget All-in-One Reviews es una herramienta f\u00e1cil de usar para Google Sites que te ofrece la posibilidad de mostrar todos los testimonios de tu empresa directamente en tu p\u00e1gina web desde los sitios de rese\u00f1as m\u00e1s utilizados. Usando nuestra herramienta, podr\u00e1s aplicar filtros para ocultar las rese\u00f1as no deseadas, presumir tu puntuaci\u00f3n y n\u00fameros desde tu perfil en cualquier sitio de rese\u00f1as, a\u00f1adir informaci\u00f3n sobre los creadores de los testimonios y agregar un bot\u00f3n de llamada a la acci\u00f3n fascinante que impulsar\u00e1 a los usuarios a publicar nuevas rese\u00f1as. Nuestra herramienta te ayudar\u00e1 a presumir tu gran prueba social en tu p\u00e1gina web y comenzar a adquirir m\u00e1s ventas.<\/p> <p><b>\u00a1Rese\u00f1as de Amazon, Facebook, Airbnb, Google y muchos m\u00e1s en un solo widget para aumentar la conversi\u00f3n y la confianza del cliente!<\/b><\/p> <p><b>Aumenta tus ventas usando la prueba social<\/b><br> Gracias al complemento de Rese\u00f1as, podr\u00e1s mostrar tus rese\u00f1as de alta calidad de Facebook, Amazon, Airbnb, Google y otros sitios populares de rese\u00f1as de negocios, atrayendo as\u00ed m\u00e1s nuevos clientes.<\/p><p><b>Obt\u00e9n m\u00e1s comentarios de clientes<\/b><br> El atractivo bot\u00f3n \u00abPublicar una rese\u00f1a\u00bb har\u00e1 que m\u00e1s personas hagan clic para ofrecer sus opiniones sobre tus productos y servicios, lo que resultar\u00e1 en una evaluaci\u00f3n m\u00e1s alta por parte de los clientes.<\/p><p><b>Reduce las rese\u00f1as negativas<\/b><br> El widget de Rese\u00f1as de Clientes te ofrece varias opciones de filtro que te permitir\u00e1n controlar las rese\u00f1as negativas, mostrando solo las positivas.<\/p> <\/div> <div class=\"application-platform-content-item-features application-platform-content-item\" id=\"features\" data-nav-section=\"features\"> <\/p><h2>Estudia la lista de las caracter\u00edsticas m\u00e1s \u00fatiles:<\/h2> <ul><li>Encabezado del widget intercambiable<\/li><li>Bot\u00f3n de solicitud de rese\u00f1a para llevar a los usuarios a tu p\u00e1gina<\/li><li>Estilo admirable a un clic<\/li><li>Componentes pintables de la interfaz<\/li><li>Detalles m\u00e1ximos para generar confianza<\/li><\/ul><p><a href=\"#demo\">Simplemente prueba esta demo para obtener la idea completa<\/a><\/p> <\/div>  <div class=\"application-platform-content-item-installation application-platform-content-item\" id=\"installation\" data-nav-section=\"installation\"> <h2>\u00bfC\u00f3mo agrego All-in-One Reviews a mi Google Sites?<\/h2> <p>Solo sigue un par de pasos presentados a continuaci\u00f3n para integrar el complemento.<\/p> <ol><li><b>Usa nuestro editor gratuito y comienza a crear tu propio complemento.<\/b><br> Elige el dise\u00f1o y las especificaciones preferidas del complemento y guarda los cambios.<\/li> <li><b>Obt\u00e9n el c\u00f3digo personal que aparece en la ventana de Elfsight Apps.<\/b><br> Despu\u00e9s de terminar la creaci\u00f3n de tu complemento personalizado, copia el c\u00f3digo personal del cuadro emergente y gu\u00e1rdalo para su uso futuro.<\/li> <li><b>Comienza a usar el widget de rese\u00f1as en tu sitio de Google.<\/b><br> Integra el c\u00f3digo copiado recientemente en tu p\u00e1gina principal y guarda los cambios.<\/li> <li><b>\u00a1Listo! La instalaci\u00f3n se realiz\u00f3 con \u00e9xito.<\/b><br> Ve a tu p\u00e1gina web para verificar c\u00f3mo funciona la herramienta.<\/li><\/ol> <div class=\"tip-yellow tip\"><b>Debido a las peculiaridades de Google Sites, el widget puede tener un aspecto diferente al de la demo en l\u00ednea. Nos disculpamos por cualquier inconveniente.<\/b><\/div><p>En caso de que enfrentes alguna complicaci\u00f3n, por favor, contacta a nuestro equipo de atenci\u00f3n al cliente. Nuestros especialistas estar\u00e1n encantados de resolver todas las preguntas que puedas tener sobre el widget.<\/p> <div class=\"faq\" data-component=\"FAQ\"> <div class=\"faq-item\">\r\n\t\t\t\t\t<div class=\"faq-item-question\">\r\n\t\t\t\t\t\t<h3 class=\"faq-item-question-text\">\u00bfC\u00f3mo puedo agregar All-in-One Reviews a mi sitio de Google Sites sin conocimientos de programaci\u00f3n?<\/h3>\r\n\r\n\t\t\t\t\t\t<div class=\"faq-item-question-icon\"><\/div>\r\n\t\t\t\t\t<\/div>\r\n\r\n\t\t\t\t\t<div class=\"faq-item-answer\">\r\n\t\t\t\t\t\t<div class=\"faq-item-answer-text\"> <p>Elfsight ofrece una soluci\u00f3n SaaS que te permite crear un widget All-in-One Reviews por ti mismo, ve lo f\u00e1cil que es el proceso: Trabaja directamente en el Editor en l\u00ednea para crear un widget All-in-One Reviews que te gustar\u00eda ver en tu sitio de Google Sites. Elige una de las plantillas predefinidas y ajusta la configuraci\u00f3n de All-in-One Reviews, agrega tu contenido, cambia el dise\u00f1o y la combinaci\u00f3n de colores sin conocimientos de programaci\u00f3n. Guarda el widget All-in-One Reviews y copia su c\u00f3digo de instalaci\u00f3n, que puedes pegar f\u00e1cilmente en tu sitio de Google Sites sin necesidad de comprar una suscripci\u00f3n de pago. Con nuestro Editor intuitivo, cualquier usuario de Internet puede crear un widget All-in-One Reviews en l\u00ednea e integrarlo f\u00e1cilmente en su sitio de Google Sites. No es necesario pagar ni ingresar los datos de tu tarjeta para acceder al servicio. Si encuentras alg\u00fan problema en cualquier paso, no dudes en ponerte en contacto con nuestro equipo de soporte t\u00e9cnico.<\/p> <\/div>\r\n\t\t\t\t\t<\/div>\r\n\t\t\t\t<\/div> <\/div> <\/div>","protected":false},"excerpt":{"rendered":"","protected":false},"author":9,"featured_media":0,"parent":394,"menu_order":0,"comment_status":"closed","ping_status":"closed","template":"templates\/template-application-platform.php","meta":{"publish_to_discourse":"","publish_post_category":"","wpdc_auto_publish_overridden":"","wpdc_topic_tags":"","wpdc_pin_topic":"","wpdc_pin_until":"","discourse_post_id":"","discourse_permalink":"","wpdc_publishing_response":"","wpdc_publishing_error":"","footnotes":""},"class_list":["post-15634","page","type-page","status-publish","hentry"],"yoast_head":"<!-- This site is optimized with the Yoast SEO plugin v25.3.1 - https:\/\/yoast.com\/wordpress\/plugins\/seo\/ -->\n<title>Gadget de rese\u00f1as: agregar widget de testimonios a Google Sites (2025)<\/title>\n<meta name=\"description\" content=\"Implemente un widget de Rese\u00f1as responsivo en sus sitios de Google y gane plena confianza. Aplique la demostraci\u00f3n f\u00e1cil de usar de Elfsight para crear su dispositivo de testimonios \u00fanico.\" \/>\n<meta name=\"robots\" content=\"index, follow, max-snippet:-1, max-image-preview:large, max-video-preview:-1\" \/>\n<link rel=\"canonical\" href=\"https:\/\/elfsight.com\/es\/all-in-one-reviews-widget\/google-sites\/\" \/>\n<meta property=\"og:locale\" content=\"es_ES\" \/>\n<meta property=\"og:type\" content=\"article\" \/>\n<meta property=\"og:title\" content=\"Gadget de rese\u00f1as: agregar widget de testimonios a Google Sites (2025)\" \/>\n<meta property=\"og:description\" content=\"Implemente un widget de Rese\u00f1as responsivo en sus sitios de Google y gane plena confianza. Aplique la demostraci\u00f3n f\u00e1cil de usar de Elfsight para crear su dispositivo de testimonios \u00fanico.\" \/>\n<meta property=\"og:url\" content=\"https:\/\/elfsight.com\/es\/all-in-one-reviews-widget\/google-sites\/\" \/>\n<meta property=\"og:site_name\" content=\"Elfsight ES\" \/>\n<meta property=\"article:modified_time\" content=\"2025-02-06T15:04:17+00:00\" \/>\n<meta name=\"twitter:card\" content=\"summary_large_image\" \/>\n<meta name=\"twitter:label1\" content=\"Tiempo de lectura\" \/>\n\t<meta name=\"twitter:data1\" content=\"4 minutos\" \/>\n<!-- \/ Yoast SEO plugin. -->","yoast_head_json":{"title":"Gadget de rese\u00f1as: agregar widget de testimonios a Google Sites (2025)","description":"Implemente un widget de Rese\u00f1as responsivo en sus sitios de Google y gane plena confianza. Aplique la demostraci\u00f3n f\u00e1cil de usar de Elfsight para crear su dispositivo de testimonios \u00fanico.","robots":{"index":"index","follow":"follow","max-snippet":"max-snippet:-1","max-image-preview":"max-image-preview:large","max-video-preview":"max-video-preview:-1"},"canonical":"https:\/\/elfsight.com\/es\/all-in-one-reviews-widget\/google-sites\/","og_locale":"es_ES","og_type":"article","og_title":"Gadget de rese\u00f1as: agregar widget de testimonios a Google Sites (2025)","og_description":"Implemente un widget de Rese\u00f1as responsivo en sus sitios de Google y gane plena confianza. Aplique la demostraci\u00f3n f\u00e1cil de usar de Elfsight para crear su dispositivo de testimonios \u00fanico.","og_url":"https:\/\/elfsight.com\/es\/all-in-one-reviews-widget\/google-sites\/","og_site_name":"Elfsight ES","article_modified_time":"2025-02-06T15:04:17+00:00","twitter_card":"summary_large_image","twitter_misc":{"Tiempo de lectura":"4 minutos"},"schema":{"@context":"https:\/\/schema.org","@graph":[{"@type":"WebPage","@id":"https:\/\/elfsight.com\/es\/all-in-one-reviews-widget\/google-sites\/","url":"https:\/\/elfsight.com\/es\/all-in-one-reviews-widget\/google-sites\/","name":"Gadget de rese\u00f1as: agregar widget de testimonios a Google Sites (2025)","isPartOf":{"@id":"https:\/\/elfsight.com\/es\/#website"},"datePublished":"2024-05-03T06:27:06+00:00","dateModified":"2025-02-06T15:04:17+00:00","description":"Implemente un widget de Rese\u00f1as responsivo en sus sitios de Google y gane plena confianza. Aplique la demostraci\u00f3n f\u00e1cil de usar de Elfsight para crear su dispositivo de testimonios \u00fanico.","breadcrumb":{"@id":"https:\/\/elfsight.com\/es\/all-in-one-reviews-widget\/google-sites\/#breadcrumb"},"inLanguage":"es","potentialAction":[{"@type":"ReadAction","target":["https:\/\/elfsight.com\/es\/all-in-one-reviews-widget\/google-sites\/"]}]},{"@type":"BreadcrumbList","@id":"https:\/\/elfsight.com\/es\/all-in-one-reviews-widget\/google-sites\/#breadcrumb","itemListElement":[{"@type":"ListItem","position":1,"name":"Home","item":"https:\/\/elfsight.com\/es\/"},{"@type":"ListItem","position":2,"name":"All-in-One Reviews","item":"https:\/\/elfsight.com\/es\/all-in-one-reviews-widget\/"},{"@type":"ListItem","position":3,"name":"All-in-One Reviews &#8211; Google Sites"}]},{"@type":"WebSite","@id":"https:\/\/elfsight.com\/es\/#website","url":"https:\/\/elfsight.com\/es\/","name":"Elfsight ES","description":"Just another Elfsight Sites site","potentialAction":[{"@type":"SearchAction","target":{"@type":"EntryPoint","urlTemplate":"https:\/\/elfsight.com\/es\/?s={search_term_string}"},"query-input":{"@type":"PropertyValueSpecification","valueRequired":true,"valueName":"search_term_string"}}],"inLanguage":"es"}]}},"meta_box":{"industry":"","seo_heading":"","heading":"","description":"","cta_heading":"","cta_description":"","application":"393","h1":"Widget de testimonios y rese\u00f1as de sitios de Google","h1_caption":"Confianza de nivel superior que muestra los comentarios reales de los visitantes con informaci\u00f3n del autor","application_category":[],"applications_title":"","applications_request_title":"","applications_request_button_text":"","hero_text":"","hero_video":"","hero_video_schema_markup":"","selling_points_title":"","selling_points_caption":"","selling_points":[],"selling_points_cta_text":"","features_title":"","features":"","ed_cta_examples_text":"","ed_cta_examples_hidden":"","ed_cta_demo_text":"","ed_cta_demo_hidden":"","why_caption":"","why_editor_title":"","why_editor_text":"","why_team_title":"","why_team_text":"","why_service_title":"","why_service_text":"","template_catalog_visible":"","template_catalog_title":"","template_catalog_text":"","template_catalog_categories_visible":"","demo_title":"Cree su widget de rese\u00f1as todo en uno","demo_caption":"Configure sus Rese\u00f1as todo en uno y agr\u00e9guelas a su sitio web de Google Sites de forma gratuita.","default_faq_hidden":"","app_template_category":[],"platform":"67","template_public_id":"","codecanyon_url":"","codecanyon_item_id":"","codecanyon_price":"","pricing_caption":"","pricing_elfsight_apps_hide_column":"","pricing_elfsight_apps_url":"","pricing_codecanyon_price_caption":"","integration_category":[],"integration_request_title":"","integration_request_cta":"","integration_platform":"","integrations":[],"platform_category":[],"video_schema_markup":"","price":"desde $0 \/ mes","trial":"","benefits":[{"text":"Asistencia de instalaci\u00f3n gratuita"},{"text":"Servicio al cliente eficaz"},{"text":"Garant\u00eda de devoluci\u00f3n de dinero de 14 d\u00edas"},{"text":"Actualizaciones futuras"}],"button_url":"#demo","button_target_blank":"","button_nofollow":"","attributes":[{"name":"Instalaciones","content":"100,000 - 500,000"},{"name":"Sensible","content":"S\u00ed"},{"name":"Navegadores compatibles","content":"Opera, Firefox, Chrome, Safari, Edge"}],"tags":[],"tags_disable_links":"","hide_more_platforms":"","video_object":"","demo_hide_cta":"","demo_hide_cloud_options":"","pricing_title":"","pricing":[{"pricing_icon":"platform","pricing_title":"Elfsight Apps","pricing_title_caption":"Soluci\u00f3n digital multiplataforma que se adapta a cualquier sitio web","pricing_price":"desde $0 \/ mes","pricing_price_caption":"comienza con el plan gratuito","pricing_benefits":[{"text":"N\u00famero ilimitado de dominios"},{"text":"Soporte premium y puntual"},{"text":"Soporte de instalaci\u00f3n gratuito"},{"text":"Oferta especial para m\u00faltiples aplicaciones."}],"pricing_button_text":"A\u00f1adir al sitio web","pricing_button_url":"#demo"}],"related_apps_title":"","related_apps_hidden":"","author":"","image":[],"title":"","job":"","social_networks":[]},"_links":{"self":[{"href":"https:\/\/elfsight.com\/es\/wp-json\/wp\/v2\/pages\/15634","targetHints":{"allow":["GET"]}}],"collection":[{"href":"https:\/\/elfsight.com\/es\/wp-json\/wp\/v2\/pages"}],"about":[{"href":"https:\/\/elfsight.com\/es\/wp-json\/wp\/v2\/types\/page"}],"author":[{"embeddable":true,"href":"https:\/\/elfsight.com\/es\/wp-json\/wp\/v2\/users\/9"}],"replies":[{"embeddable":true,"href":"https:\/\/elfsight.com\/es\/wp-json\/wp\/v2\/comments?post=15634"}],"version-history":[{"count":3,"href":"https:\/\/elfsight.com\/es\/wp-json\/wp\/v2\/pages\/15634\/revisions"}],"predecessor-version":[{"id":17851,"href":"https:\/\/elfsight.com\/es\/wp-json\/wp\/v2\/pages\/15634\/revisions\/17851"}],"up":[{"embeddable":true,"href":"https:\/\/elfsight.com\/es\/wp-json\/wp\/v2\/pages\/394"}],"wp:attachment":[{"href":"https:\/\/elfsight.com\/es\/wp-json\/wp\/v2\/media?parent=15634"}],"curies":[{"name":"wp","href":"https:\/\/api.w.org\/{rel}","templated":true}]}}