{"id":15632,"date":"2024-05-03T06:27:23","date_gmt":"2024-05-03T06:27:23","guid":{"rendered":"https:\/\/elfsight.com\/es\/?page_id=15632"},"modified":"2025-02-06T15:03:44","modified_gmt":"2025-02-06T15:03:44","slug":"elementor","status":"publish","type":"page","link":"https:\/\/elfsight.com\/es\/all-in-one-reviews-widget\/elementor\/","title":{"rendered":"All-in-One Reviews &#8211; Elementor"},"content":{"rendered":"<div class=\"application-platform-content-item-description application-platform-content-item\" id=\"description\" data-nav-section=\"description\"> <h2>Incorpora All-in-One Reviews en Elementor con el widget Elfsight<\/h2> <p>Elfsight All-in-One Reviews es un widget f\u00e1cil de usar para Elementor que te permite mostrar todos los testimonios sobre tus ofertas directamente en tu sitio web desde los sitios de rese\u00f1as m\u00e1s conocidos. Usando nuestro widget, tendr\u00e1s la oportunidad de utilizar filtros para ocultar los comentarios no deseados, mostrar tu calificaci\u00f3n y n\u00fameros desde tu cuenta en cualquier plataforma de rese\u00f1as comerciales, a\u00f1adir informaci\u00f3n sobre los creadores de las rese\u00f1as y agregar un atractivo bot\u00f3n de llamada a la acci\u00f3n que inspirar\u00e1 a los visitantes a escribir nuevos comentarios. El widget Elfsight Reviews te ayudar\u00e1 a mostrar tu impresionante prueba social en el sitio web y comenzar a obtener m\u00e1s ventas.<\/p> <p><b>Comentarios de Facebook, Amazon, Airbnb, Google y muchos m\u00e1s en un solo plugin para la m\u00e1xima tasa de conversi\u00f3n y credibilidad del cliente.<\/b><\/p> <p><b>Aumenta tus ventas usando la prueba social<\/b><br>Mediante nuestro plugin de Rese\u00f1as, podr\u00e1s mostrar tus rese\u00f1as m\u00e1s memorables de Google, Airbnb, Facebook, Amazon y otros sitios de rese\u00f1as comerciales populares, obteniendo m\u00e1s clientes nuevos.<\/p><p><b>Obt\u00e9n m\u00e1s comentarios<\/b><br>El atractivo bot\u00f3n \u00abPublicar una rese\u00f1a\u00bb inspirar\u00e1 a m\u00e1s personas a hacer clic y compartir sus pensamientos sobre tus productos y servicios, lo que resultar\u00e1 en una m\u00e1xima evaluaci\u00f3n por parte de los clientes.<\/p><p><b>Reduce las rese\u00f1as negativas<\/b><br>El widget de Rese\u00f1as de Clientes te ofrece m\u00faltiples opciones de filtrado que te permitir\u00e1n controlar las rese\u00f1as negativas, mostrando solo las positivas.<\/p> <\/div> <div class=\"application-platform-content-item-features application-platform-content-item\" id=\"features\" data-nav-section=\"features\"> <h2>Ofrecemos valiosas y f\u00e1ciles caracter\u00edsticas, algunas de ellas son:<\/h2> <ul><li>Opci\u00f3n de activar\/desactivar el encabezado del widget<\/li><li>Bot\u00f3n de solicitud de rese\u00f1a para redirigir a tu p\u00e1gina<\/li><li>Estilo sobresaliente a solo un clic<\/li><li>Componentes pintables de la interfaz del widget<\/li><li>M\u00e1ximos detalles para generar confianza<\/li><\/ul><p><a href=\"#demo\">Puedes revisar toda la funcionalidad del widget en la demo a continuaci\u00f3n<\/a><\/p> <\/div>  <div class=\"application-platform-content-item-installation application-platform-content-item\" id=\"installation\" data-nav-section=\"installation\"> <h2>\u00bfC\u00f3mo puedo agregar All-in-One Reviews en mi sitio de Elementor?<\/h2> <p>Sigue las instrucciones a continuaci\u00f3n para agregar el plugin.<\/p> <ol><li><b>Usa nuestro editor gratuito y comienza a crear tu propio widget.<\/b><br> Encuentra el dise\u00f1o y los par\u00e1metros seleccionados de la herramienta y guarda los cambios.<\/li>  <li><b>Obt\u00e9n el c\u00f3digo \u00fanico que aparece en el formulario especial de Elfsight Apps.<\/b><br> Cuando la personalizaci\u00f3n de tu widget est\u00e9 lista, copia el c\u00f3digo personal en la ventana emergente y gu\u00e1rdalo para uso posterior.<\/li>  <li><b>Comienza a usar la herramienta en tu p\u00e1gina de Elementor.<\/b><br> Integra el c\u00f3digo guardado previamente en tu p\u00e1gina y guarda los cambios.<\/li>  <li><b>\u00a1Listo! La configuraci\u00f3n ha sido completada con \u00e9xito.<\/b><br> Visita tu p\u00e1gina para comprobar c\u00f3mo funciona la herramienta.<\/li><\/ol> <p>Si tienes alguna pregunta o encuentras alg\u00fan obst\u00e1culo, no dudes en ponerte en contacto con nuestro equipo de soporte. Nuestros especialistas estar\u00e1n encantados de resolver cualquier duda que tengas con el plugin.<\/p> <div class=\"faq\" data-component=\"FAQ\"> <div class=\"faq-item\">\r\n\t\t\t\t\t<div class=\"faq-item-question\">\r\n\t\t\t\t\t\t<h3 class=\"faq-item-question-text\">\u00bfC\u00f3mo agregar All-in-One Reviews a mi sitio web de Elementor sin habilidades de programaci\u00f3n?<\/h3>\r\n\r\n\t\t\t\t\t\t<div class=\"faq-item-question-icon\"><\/div>\r\n\t\t\t\t\t<\/div>\r\n\r\n\t\t\t\t\t<div class=\"faq-item-answer\">\r\n\t\t\t\t\t\t<div class=\"faq-item-answer-text\"> <p>Elfsight ofrece una soluci\u00f3n SaaS que te permite crear un widget All-in-One Reviews por ti mismo, observa lo f\u00e1cil que es el proceso: Trabaja directamente en el Editor en l\u00ednea para crear el widget All-in-One Reviews que deseas ver en tu sitio de Elementor. Elige una de las plantillas predefinidas y ajusta la configuraci\u00f3n de All-in-One Reviews, agrega tu contenido, cambia el dise\u00f1o y los colores sin necesidad de habilidades de programaci\u00f3n. Guarda el widget All-in-One Reviews y copia su c\u00f3digo de instalaci\u00f3n, que podr\u00e1s insertar f\u00e1cilmente en tu sitio web de Elementor sin necesidad de comprar un plan de pago. Con nuestro Editor intuitivo, cualquier usuario de internet puede crear un widget All-in-One Reviews en l\u00ednea e insertarlo f\u00e1cilmente en su sitio web de Elementor. No es necesario pagar ni ingresar los datos de tu tarjeta para acceder al servicio. Si tienes alg\u00fan problema en alg\u00fan paso, no dudes en ponerte en contacto con nuestro equipo de soporte t\u00e9cnico.<\/p> <\/div>\r\n\t\t\t\t\t<\/div>\r\n\t\t\t\t<\/div> <\/div> <\/div>","protected":false},"excerpt":{"rendered":"","protected":false},"author":9,"featured_media":0,"parent":394,"menu_order":0,"comment_status":"closed","ping_status":"closed","template":"templates\/template-application-platform.php","meta":{"publish_to_discourse":"","publish_post_category":"","wpdc_auto_publish_overridden":"","wpdc_topic_tags":"","wpdc_pin_topic":"","wpdc_pin_until":"","discourse_post_id":"","discourse_permalink":"","wpdc_publishing_response":"","wpdc_publishing_error":"","footnotes":""},"class_list":["post-15632","page","type-page","status-publish","hentry"],"yoast_head":"<!-- This site is optimized with the Yoast SEO plugin v25.3.1 - https:\/\/yoast.com\/wordpress\/plugins\/seo\/ -->\n<title>Agregue un widget responsivo de rese\u00f1as todo en uno a su sitio web de Elementor<\/title>\n<meta name=\"description\" content=\"Implemente una aplicaci\u00f3n responsiva de rese\u00f1as todo en uno en su p\u00e1gina web de Elementor y gane plena confianza. Utilice la \u00fatil demostraci\u00f3n de Elfsight para crear su caracter\u00edstica \u00fanica.\" \/>\n<meta name=\"robots\" content=\"index, follow, max-snippet:-1, max-image-preview:large, max-video-preview:-1\" \/>\n<link rel=\"canonical\" href=\"https:\/\/elfsight.com\/es\/all-in-one-reviews-widget\/elementor\/\" \/>\n<meta property=\"og:locale\" content=\"es_ES\" \/>\n<meta property=\"og:type\" content=\"article\" \/>\n<meta property=\"og:title\" content=\"Agregue un widget responsivo de rese\u00f1as todo en uno a su sitio web de Elementor\" \/>\n<meta property=\"og:description\" content=\"Implemente una aplicaci\u00f3n responsiva de rese\u00f1as todo en uno en su p\u00e1gina web de Elementor y gane plena confianza. Utilice la \u00fatil demostraci\u00f3n de Elfsight para crear su caracter\u00edstica \u00fanica.\" \/>\n<meta property=\"og:url\" content=\"https:\/\/elfsight.com\/es\/all-in-one-reviews-widget\/elementor\/\" \/>\n<meta property=\"og:site_name\" content=\"Elfsight ES\" \/>\n<meta property=\"article:modified_time\" content=\"2025-02-06T15:03:44+00:00\" \/>\n<meta name=\"twitter:card\" content=\"summary_large_image\" \/>\n<meta name=\"twitter:label1\" content=\"Tiempo de lectura\" \/>\n\t<meta name=\"twitter:data1\" content=\"4 minutos\" \/>\n<!-- \/ Yoast SEO plugin. -->","yoast_head_json":{"title":"Agregue un widget responsivo de rese\u00f1as todo en uno a su sitio web de Elementor","description":"Implemente una aplicaci\u00f3n responsiva de rese\u00f1as todo en uno en su p\u00e1gina web de Elementor y gane plena confianza. Utilice la \u00fatil demostraci\u00f3n de Elfsight para crear su caracter\u00edstica \u00fanica.","robots":{"index":"index","follow":"follow","max-snippet":"max-snippet:-1","max-image-preview":"max-image-preview:large","max-video-preview":"max-video-preview:-1"},"canonical":"https:\/\/elfsight.com\/es\/all-in-one-reviews-widget\/elementor\/","og_locale":"es_ES","og_type":"article","og_title":"Agregue un widget responsivo de rese\u00f1as todo en uno a su sitio web de Elementor","og_description":"Implemente una aplicaci\u00f3n responsiva de rese\u00f1as todo en uno en su p\u00e1gina web de Elementor y gane plena confianza. Utilice la \u00fatil demostraci\u00f3n de Elfsight para crear su caracter\u00edstica \u00fanica.","og_url":"https:\/\/elfsight.com\/es\/all-in-one-reviews-widget\/elementor\/","og_site_name":"Elfsight ES","article_modified_time":"2025-02-06T15:03:44+00:00","twitter_card":"summary_large_image","twitter_misc":{"Tiempo de lectura":"4 minutos"},"schema":{"@context":"https:\/\/schema.org","@graph":[{"@type":"WebPage","@id":"https:\/\/elfsight.com\/es\/all-in-one-reviews-widget\/elementor\/","url":"https:\/\/elfsight.com\/es\/all-in-one-reviews-widget\/elementor\/","name":"Agregue un widget responsivo de rese\u00f1as todo en uno a su sitio web de Elementor","isPartOf":{"@id":"https:\/\/elfsight.com\/es\/#website"},"datePublished":"2024-05-03T06:27:23+00:00","dateModified":"2025-02-06T15:03:44+00:00","description":"Implemente una aplicaci\u00f3n responsiva de rese\u00f1as todo en uno en su p\u00e1gina web de Elementor y gane plena confianza. Utilice la \u00fatil demostraci\u00f3n de Elfsight para crear su caracter\u00edstica \u00fanica.","breadcrumb":{"@id":"https:\/\/elfsight.com\/es\/all-in-one-reviews-widget\/elementor\/#breadcrumb"},"inLanguage":"es","potentialAction":[{"@type":"ReadAction","target":["https:\/\/elfsight.com\/es\/all-in-one-reviews-widget\/elementor\/"]}]},{"@type":"BreadcrumbList","@id":"https:\/\/elfsight.com\/es\/all-in-one-reviews-widget\/elementor\/#breadcrumb","itemListElement":[{"@type":"ListItem","position":1,"name":"Home","item":"https:\/\/elfsight.com\/es\/"},{"@type":"ListItem","position":2,"name":"All-in-One Reviews","item":"https:\/\/elfsight.com\/es\/all-in-one-reviews-widget\/"},{"@type":"ListItem","position":3,"name":"All-in-One Reviews &#8211; Elementor"}]},{"@type":"WebSite","@id":"https:\/\/elfsight.com\/es\/#website","url":"https:\/\/elfsight.com\/es\/","name":"Elfsight ES","description":"Just another Elfsight Sites site","potentialAction":[{"@type":"SearchAction","target":{"@type":"EntryPoint","urlTemplate":"https:\/\/elfsight.com\/es\/?s={search_term_string}"},"query-input":{"@type":"PropertyValueSpecification","valueRequired":true,"valueName":"search_term_string"}}],"inLanguage":"es"}]}},"meta_box":{"industry":"","seo_heading":"","heading":"","description":"","cta_heading":"","cta_description":"","application":"393","h1":"Widget de rese\u00f1as todo en uno de Elementor","h1_caption":"Aumente la confianza mostrando rese\u00f1as de personas reales con informaci\u00f3n del autor","application_category":[],"applications_title":"","applications_request_title":"","applications_request_button_text":"","hero_text":"","hero_video":"","hero_video_schema_markup":"","selling_points_title":"","selling_points_caption":"","selling_points":[],"selling_points_cta_text":"","features_title":"","features":"","ed_cta_examples_text":"","ed_cta_examples_hidden":"","ed_cta_demo_text":"","ed_cta_demo_hidden":"","why_caption":"","why_editor_title":"","why_editor_text":"","why_team_title":"","why_team_text":"","why_service_title":"","why_service_text":"","template_catalog_visible":"","template_catalog_title":"","template_catalog_text":"","template_catalog_categories_visible":"","demo_title":"Cree su widget de rese\u00f1as todo en uno","demo_caption":"\u00a1Configure sus rese\u00f1as todo en uno y agr\u00e9guelas a su sitio web de Elementor de forma gratuita!","default_faq_hidden":"","app_template_category":[],"platform":"58","template_public_id":"","codecanyon_url":"","codecanyon_item_id":"","codecanyon_price":"","pricing_caption":"","pricing_elfsight_apps_hide_column":"","pricing_elfsight_apps_url":"","pricing_codecanyon_price_caption":"","integration_category":[],"integration_request_title":"","integration_request_cta":"","integration_platform":"","integrations":[],"platform_category":[],"video_schema_markup":"","price":"desde $0 \/ mes","trial":"","benefits":[{"text":"Asistencia de instalaci\u00f3n gratuita"},{"text":"Atenci\u00f3n al cliente experimentada"},{"text":"Garant\u00eda de devoluci\u00f3n de dinero de 14 d\u00edas"},{"text":"Actualizando constantemente"}],"button_url":"#demo","button_target_blank":"","button_nofollow":"","attributes":[{"name":"Instalaciones","content":"100,000 - 500,000"},{"name":"Sensible","content":"S\u00ed"},{"name":"Navegadores compatibles","content":"IE 11, Firefox, Safari, Opera, Chrome, Edge"}],"tags":[],"tags_disable_links":"","hide_more_platforms":"","video_object":"","demo_hide_cta":"","demo_hide_cloud_options":"","pricing_title":"","pricing":[{"pricing_icon":"platform","pricing_title":"Elfsight Apps","pricing_title_caption":"Software multiplataforma","pricing_price":"desde $0 \/ mes","pricing_price_caption":"comienza con el plan gratuito","pricing_benefits":[{"text":"Dominios ilimitados"},{"text":"Atenci\u00f3n al cliente gratuita"},{"text":"Servicio de instalaci\u00f3n gratuito"},{"text":"Precio a alcanzar para m\u00faltiples aplicaciones"}],"pricing_button_text":"A\u00f1adir al sitio web","pricing_button_url":"#demo"}],"related_apps_title":"","related_apps_hidden":"","author":"","image":[],"title":"","job":"","social_networks":[]},"_links":{"self":[{"href":"https:\/\/elfsight.com\/es\/wp-json\/wp\/v2\/pages\/15632","targetHints":{"allow":["GET"]}}],"collection":[{"href":"https:\/\/elfsight.com\/es\/wp-json\/wp\/v2\/pages"}],"about":[{"href":"https:\/\/elfsight.com\/es\/wp-json\/wp\/v2\/types\/page"}],"author":[{"embeddable":true,"href":"https:\/\/elfsight.com\/es\/wp-json\/wp\/v2\/users\/9"}],"replies":[{"embeddable":true,"href":"https:\/\/elfsight.com\/es\/wp-json\/wp\/v2\/comments?post=15632"}],"version-history":[{"count":3,"href":"https:\/\/elfsight.com\/es\/wp-json\/wp\/v2\/pages\/15632\/revisions"}],"predecessor-version":[{"id":17835,"href":"https:\/\/elfsight.com\/es\/wp-json\/wp\/v2\/pages\/15632\/revisions\/17835"}],"up":[{"embeddable":true,"href":"https:\/\/elfsight.com\/es\/wp-json\/wp\/v2\/pages\/394"}],"wp:attachment":[{"href":"https:\/\/elfsight.com\/es\/wp-json\/wp\/v2\/media?parent=15632"}],"curies":[{"name":"wp","href":"https:\/\/api.w.org\/{rel}","templated":true}]}}