{"id":15631,"date":"2024-05-03T06:27:25","date_gmt":"2024-05-03T06:27:25","guid":{"rendered":"https:\/\/elfsight.com\/es\/?page_id=15631"},"modified":"2025-02-06T15:03:37","modified_gmt":"2025-02-06T15:03:37","slug":"drupal","status":"publish","type":"page","link":"https:\/\/elfsight.com\/es\/all-in-one-reviews-widget\/drupal\/","title":{"rendered":"All-in-One Reviews &#8211; Drupal"},"content":{"rendered":"<div class=\"application-platform-content-item-description application-platform-content-item\" id=\"description\" data-nav-section=\"description\"> <h2>Descripci\u00f3n<\/h2> <p>El widget Elfsight All-in-One Reviews es un m\u00f3dulo pr\u00e1ctico para Drupal que te da la posibilidad de mostrar todas las rese\u00f1as de tu empresa directamente en tu sitio web desde los sitios de rese\u00f1as comerciales m\u00e1s populares. Usando nuestro widget, podr\u00e1s aplicar filtros para ocultar los comentarios no deseados, presumir de tu calificaci\u00f3n y n\u00famero de valoraciones desde tu perfil en cualquier p\u00e1gina de rese\u00f1as, agregar informaci\u00f3n sobre los autores de los testimonios, y a\u00f1adir un atractivo bot\u00f3n de CTA que motivar\u00e1 a los usuarios a publicar nuevos comentarios. Nuestro widget de Rese\u00f1as est\u00e1 dise\u00f1ado para ayudarte a mostrar tu gran prueba social en tu p\u00e1gina web y comenzar a generar m\u00e1s ventas.<\/p> <p><b>\u00a1Comentarios de Facebook, Google, Amazon, Airbnb y muchos otros sitios de rese\u00f1as comerciales en un solo widget para maximizar la tasa de conversi\u00f3n y la credibilidad del cliente!<\/b><\/p> <p><b>Aumenta tus ventas utilizando la prueba social<\/b><br>Gracias al m\u00f3dulo de Rese\u00f1as, podr\u00e1s mostrar tus rese\u00f1as de primera calidad de Google, Facebook, Airbnb, Amazon y otros sitios de rese\u00f1as comerciales populares, obteniendo m\u00e1s clientes nuevos.<\/p><p><b>Obt\u00e9n m\u00e1s comentarios<\/b><br>El atractivo bot\u00f3n \u00abPublicar una rese\u00f1a\u00bb motivar\u00e1 a las personas a hacer clic para compartir sus opiniones sobre tus productos y servicios, lo que resultar\u00e1 en una evaluaci\u00f3n m\u00e1xima por parte de los clientes.<\/b><p><b>Disminuye las rese\u00f1as negativas<\/b><br>El plugin de Rese\u00f1as de Clientes te da m\u00faltiples oportunidades de filtrado que te permitir\u00e1n reducir las rese\u00f1as negativas, mostrando solo las positivas.<\/b><\/div> <div class=\"application-platform-content-item-features application-platform-content-item\" id=\"features\" data-nav-section=\"features\"> <h2>A continuaci\u00f3n se presentan las caracter\u00edsticas principales del widget:<\/h2> <ul><li>Encabezado del m\u00f3dulo con opci\u00f3n de activaci\u00f3n\/desactivaci\u00f3n<\/li><li>Bot\u00f3n \u00abEscribir rese\u00f1a\u00bb para redirigir a tu p\u00e1gina<\/li><li>Gran personalizaci\u00f3n con un solo clic<\/li><li>Componentes pintables de la interfaz<\/li><li>M\u00e1ximos detalles para generar confianza<\/li><\/ul><p><a href=\"#demo\">Puedes ver c\u00f3mo funciona el widget probando la demo<\/a><\/p> <\/div>  <div class=\"application-platform-content-item-installation application-platform-content-item\" id=\"installation\" data-nav-section=\"installation\"> <h2>\u00bfC\u00f3mo puedo insertar All-in-One Reviews en mi p\u00e1gina de Drupal?<\/h2> <p>Sigue las instrucciones a continuaci\u00f3n para integrar el m\u00f3dulo.<\/p> <ol><li><b>Gestiona nuestro configurador gratuito y empieza a crear tu m\u00f3dulo personalizado.<\/b><br> Elige el dise\u00f1o y las funciones seleccionadas del m\u00f3dulo y aplica todos los cambios.<\/li>  <li><b>Obt\u00e9n tu c\u00f3digo personal revelado en el formulario especial de Elfsight Apps.<\/b><br> Una vez que la configuraci\u00f3n de tu m\u00f3dulo est\u00e9 lista, copia el c\u00f3digo exclusivo de la ventana emergente y gu\u00e1rdalo para un futuro uso.<\/li>  <li><b>Comienza a usar el m\u00f3dulo en tu sitio web de Drupal.<\/b><br> Inserta el c\u00f3digo guardado previamente en tu p\u00e1gina web y aplica los cambios.<\/li>  <li><b>\u00a1Listo! La inserci\u00f3n est\u00e1 completamente realizada.<\/b><br> Abre tu p\u00e1gina web para comprobar c\u00f3mo est\u00e1 funcionando el m\u00f3dulo.<\/li><\/ol><p>Si encuentras alg\u00fan problema, no dudes en ponerte en contacto con nuestro equipo de soporte. Estaremos encantados de ayudarte con todas las preguntas que puedas tener sobre la herramienta.<\/p> <div class=\"faq\" data-component=\"FAQ\"> <div class=\"faq-item\">\r\n\t\t\t\t\t<div class=\"faq-item-question\">\r\n\t\t\t\t\t\t<h3 class=\"faq-item-question-text\">\u00bfC\u00f3mo agregar All-in-One Reviews a mi sitio web de Drupal sin habilidades de programaci\u00f3n?<\/h3>\r\n\r\n\t\t\t\t\t\t<div class=\"faq-item-question-icon\"><\/div>\r\n\t\t\t\t\t<\/div>\r\n\r\n\t\t\t\t\t<div class=\"faq-item-answer\">\r\n\t\t\t\t\t\t<div class=\"faq-item-answer-text\"> <p>Elfsight ofrece una soluci\u00f3n SaaS que te permite crear un widget All-in-One Reviews por ti mismo, mira lo f\u00e1cil que es el proceso: Trabaja directamente en el Editor en l\u00ednea para crear el widget All-in-One Reviews que te gustar\u00eda ver en tu sitio web de Drupal. Elige una de las plantillas predefinidas y ajusta la configuraci\u00f3n de All-in-One Reviews, agrega tu contenido, cambia el dise\u00f1o y el esquema de colores sin habilidades de programaci\u00f3n. Guarda el widget All-in-One Reviews y copia su c\u00f3digo de instalaci\u00f3n, que podr\u00e1s agregar f\u00e1cilmente a tu sitio web de Drupal sin necesidad de comprar un plan de pago. Con nuestro Editor intuitivo, cualquier usuario de internet puede crear un widget All-in-One Reviews en l\u00ednea e insertarlo f\u00e1cilmente en su sitio web de Drupal. No es necesario pagar ni ingresar los datos de tu tarjeta para acceder al servicio. Si tienes alg\u00fan problema en alg\u00fan paso, no dudes en ponerte en contacto con nuestro equipo de soporte t\u00e9cnico.<\/p> <\/div>\r\n\t\t\t\t\t<\/div>\r\n\t\t\t\t<\/div> <\/div> <\/div>","protected":false},"excerpt":{"rendered":"","protected":false},"author":9,"featured_media":0,"parent":394,"menu_order":0,"comment_status":"closed","ping_status":"closed","template":"templates\/template-application-platform.php","meta":{"publish_to_discourse":"","publish_post_category":"","wpdc_auto_publish_overridden":"","wpdc_topic_tags":"","wpdc_pin_topic":"","wpdc_pin_until":"","discourse_post_id":"","discourse_permalink":"","wpdc_publishing_response":"","wpdc_publishing_error":"","footnotes":""},"class_list":["post-15631","page","type-page","status-publish","hentry"],"yoast_head":"<!-- This site is optimized with the Yoast SEO plugin v25.3.1 - https:\/\/yoast.com\/wordpress\/plugins\/seo\/ -->\n<title>Agregue un m\u00f3dulo responsivo de rese\u00f1as todo en uno a su sitio web Drupal<\/title>\n<meta name=\"description\" content=\"Incorpore un m\u00f3dulo responsivo de rese\u00f1as todo en uno en su sitio web Drupal y consiga plena confianza. Aplique la demostraci\u00f3n de Elfsight para construir su caracter\u00edstica \u00fanica.\" \/>\n<meta name=\"robots\" content=\"index, follow, max-snippet:-1, max-image-preview:large, max-video-preview:-1\" \/>\n<link rel=\"canonical\" href=\"https:\/\/elfsight.com\/es\/all-in-one-reviews-widget\/drupal\/\" \/>\n<meta property=\"og:locale\" content=\"es_ES\" \/>\n<meta property=\"og:type\" content=\"article\" \/>\n<meta property=\"og:title\" content=\"Agregue un m\u00f3dulo responsivo de rese\u00f1as todo en uno a su sitio web Drupal\" \/>\n<meta property=\"og:description\" content=\"Incorpore un m\u00f3dulo responsivo de rese\u00f1as todo en uno en su sitio web Drupal y consiga plena confianza. Aplique la demostraci\u00f3n de Elfsight para construir su caracter\u00edstica \u00fanica.\" \/>\n<meta property=\"og:url\" content=\"https:\/\/elfsight.com\/es\/all-in-one-reviews-widget\/drupal\/\" \/>\n<meta property=\"og:site_name\" content=\"Elfsight ES\" \/>\n<meta property=\"article:modified_time\" content=\"2025-02-06T15:03:37+00:00\" \/>\n<meta name=\"twitter:card\" content=\"summary_large_image\" \/>\n<meta name=\"twitter:label1\" content=\"Tiempo de lectura\" \/>\n\t<meta name=\"twitter:data1\" content=\"4 minutos\" \/>\n<!-- \/ Yoast SEO plugin. -->","yoast_head_json":{"title":"Agregue un m\u00f3dulo responsivo de rese\u00f1as todo en uno a su sitio web Drupal","description":"Incorpore un m\u00f3dulo responsivo de rese\u00f1as todo en uno en su sitio web Drupal y consiga plena confianza. Aplique la demostraci\u00f3n de Elfsight para construir su caracter\u00edstica \u00fanica.","robots":{"index":"index","follow":"follow","max-snippet":"max-snippet:-1","max-image-preview":"max-image-preview:large","max-video-preview":"max-video-preview:-1"},"canonical":"https:\/\/elfsight.com\/es\/all-in-one-reviews-widget\/drupal\/","og_locale":"es_ES","og_type":"article","og_title":"Agregue un m\u00f3dulo responsivo de rese\u00f1as todo en uno a su sitio web Drupal","og_description":"Incorpore un m\u00f3dulo responsivo de rese\u00f1as todo en uno en su sitio web Drupal y consiga plena confianza. Aplique la demostraci\u00f3n de Elfsight para construir su caracter\u00edstica \u00fanica.","og_url":"https:\/\/elfsight.com\/es\/all-in-one-reviews-widget\/drupal\/","og_site_name":"Elfsight ES","article_modified_time":"2025-02-06T15:03:37+00:00","twitter_card":"summary_large_image","twitter_misc":{"Tiempo de lectura":"4 minutos"},"schema":{"@context":"https:\/\/schema.org","@graph":[{"@type":"WebPage","@id":"https:\/\/elfsight.com\/es\/all-in-one-reviews-widget\/drupal\/","url":"https:\/\/elfsight.com\/es\/all-in-one-reviews-widget\/drupal\/","name":"Agregue un m\u00f3dulo responsivo de rese\u00f1as todo en uno a su sitio web Drupal","isPartOf":{"@id":"https:\/\/elfsight.com\/es\/#website"},"datePublished":"2024-05-03T06:27:25+00:00","dateModified":"2025-02-06T15:03:37+00:00","description":"Incorpore un m\u00f3dulo responsivo de rese\u00f1as todo en uno en su sitio web Drupal y consiga plena confianza. Aplique la demostraci\u00f3n de Elfsight para construir su caracter\u00edstica \u00fanica.","breadcrumb":{"@id":"https:\/\/elfsight.com\/es\/all-in-one-reviews-widget\/drupal\/#breadcrumb"},"inLanguage":"es","potentialAction":[{"@type":"ReadAction","target":["https:\/\/elfsight.com\/es\/all-in-one-reviews-widget\/drupal\/"]}]},{"@type":"BreadcrumbList","@id":"https:\/\/elfsight.com\/es\/all-in-one-reviews-widget\/drupal\/#breadcrumb","itemListElement":[{"@type":"ListItem","position":1,"name":"Home","item":"https:\/\/elfsight.com\/es\/"},{"@type":"ListItem","position":2,"name":"All-in-One Reviews","item":"https:\/\/elfsight.com\/es\/all-in-one-reviews-widget\/"},{"@type":"ListItem","position":3,"name":"All-in-One Reviews &#8211; Drupal"}]},{"@type":"WebSite","@id":"https:\/\/elfsight.com\/es\/#website","url":"https:\/\/elfsight.com\/es\/","name":"Elfsight ES","description":"Just another Elfsight Sites site","potentialAction":[{"@type":"SearchAction","target":{"@type":"EntryPoint","urlTemplate":"https:\/\/elfsight.com\/es\/?s={search_term_string}"},"query-input":{"@type":"PropertyValueSpecification","valueRequired":true,"valueName":"search_term_string"}}],"inLanguage":"es"}]}},"meta_box":{"industry":"","seo_heading":"","heading":"","description":"","cta_heading":"","cta_description":"","application":"393","h1":"M\u00f3dulo de rese\u00f1as todo en uno de Drupal","h1_caption":"Confianza de nivel superior que muestra rese\u00f1as de usuarios reales con datos del autor","application_category":[],"applications_title":"","applications_request_title":"","applications_request_button_text":"","hero_text":"","hero_video":"","hero_video_schema_markup":"","selling_points_title":"","selling_points_caption":"","selling_points":[],"selling_points_cta_text":"","features_title":"","features":"","ed_cta_examples_text":"","ed_cta_examples_hidden":"","ed_cta_demo_text":"","ed_cta_demo_hidden":"","why_caption":"","why_editor_title":"","why_editor_text":"","why_team_title":"","why_team_text":"","why_service_title":"","why_service_text":"","template_catalog_visible":"","template_catalog_title":"","template_catalog_text":"","template_catalog_categories_visible":"","demo_title":"Cree su m\u00f3dulo de rese\u00f1as todo en uno","demo_caption":"\u00a1Configure sus rese\u00f1as todo en uno y agr\u00e9guelas a su sitio web Drupal de forma gratuita!","default_faq_hidden":"","app_template_category":[],"platform":"2161","template_public_id":"","codecanyon_url":"","codecanyon_item_id":"","codecanyon_price":"","pricing_caption":"","pricing_elfsight_apps_hide_column":"","pricing_elfsight_apps_url":"","pricing_codecanyon_price_caption":"","integration_category":[],"integration_request_title":"","integration_request_cta":"","integration_platform":"","integrations":[],"platform_category":[],"video_schema_markup":"","price":"desde $0 \/ mes","trial":"","benefits":[{"text":"Asistencia de instalaci\u00f3n gratuita"},{"text":"Atenci\u00f3n al cliente experimentada"},{"text":"Garant\u00eda de reembolso de 14 d\u00edas"},{"text":"Actualizaciones futuras"}],"button_url":"#demo","button_target_blank":"","button_nofollow":"","attributes":[{"name":"Instalaciones","content":"100,000 - 500,000"},{"name":"Sensible","content":"S\u00ed"},{"name":"Navegadores compatibles","content":"IE 11, Firefox, Safari, Opera, Chrome, Edge"}],"tags":[],"tags_disable_links":"","hide_more_platforms":"","video_object":"","demo_hide_cta":"","demo_hide_cloud_options":"","pricing_title":"","pricing":[{"pricing_icon":"platform","pricing_title":"Elfsight Apps","pricing_title_caption":"Software multiplataforma que funciona en cualquier sitio web","pricing_price":"desde $0 \/ mes","pricing_price_caption":"comienza con el plan gratuito","pricing_benefits":[{"text":"Sitios web ilimitados"},{"text":"Soporte r\u00e1pido y bien documentado."},{"text":"Asistencia de instalaci\u00f3n gratuita"},{"text":"Precio especial para m\u00faltiples aplicaciones"}],"pricing_button_text":"A\u00f1adir al sitio web","pricing_button_url":"#demo"}],"related_apps_title":"","related_apps_hidden":"","author":"","image":[],"title":"","job":"","social_networks":[]},"_links":{"self":[{"href":"https:\/\/elfsight.com\/es\/wp-json\/wp\/v2\/pages\/15631","targetHints":{"allow":["GET"]}}],"collection":[{"href":"https:\/\/elfsight.com\/es\/wp-json\/wp\/v2\/pages"}],"about":[{"href":"https:\/\/elfsight.com\/es\/wp-json\/wp\/v2\/types\/page"}],"author":[{"embeddable":true,"href":"https:\/\/elfsight.com\/es\/wp-json\/wp\/v2\/users\/9"}],"replies":[{"embeddable":true,"href":"https:\/\/elfsight.com\/es\/wp-json\/wp\/v2\/comments?post=15631"}],"version-history":[{"count":3,"href":"https:\/\/elfsight.com\/es\/wp-json\/wp\/v2\/pages\/15631\/revisions"}],"predecessor-version":[{"id":17833,"href":"https:\/\/elfsight.com\/es\/wp-json\/wp\/v2\/pages\/15631\/revisions\/17833"}],"up":[{"embeddable":true,"href":"https:\/\/elfsight.com\/es\/wp-json\/wp\/v2\/pages\/394"}],"wp:attachment":[{"href":"https:\/\/elfsight.com\/es\/wp-json\/wp\/v2\/media?parent=15631"}],"curies":[{"name":"wp","href":"https:\/\/api.w.org\/{rel}","templated":true}]}}