{"id":15625,"date":"2024-05-03T06:27:27","date_gmt":"2024-05-03T06:27:27","guid":{"rendered":"https:\/\/elfsight.com\/es\/?page_id=15625"},"modified":"2025-02-06T15:03:37","modified_gmt":"2025-02-06T15:03:37","slug":"bigcommerce","status":"publish","type":"page","link":"https:\/\/elfsight.com\/es\/all-in-one-reviews-widget\/bigcommerce\/","title":{"rendered":"All-in-One Reviews &#8211; BigCommerce"},"content":{"rendered":"<div class=\"application-platform-content-item-description application-platform-content-item\" id=\"description\" data-nav-section=\"description\"> <h2>Descripci\u00f3n<\/h2> <p>El widget Elfsight All-in-One Reviews es una aplicaci\u00f3n f\u00e1cil de usar para BigCommerce que te permite mostrar todos los comentarios de tu empresa directamente en tu sitio web desde todos los sitios de rese\u00f1as comerciales m\u00e1s populares. Usando nuestro plugin, podr\u00e1s aplicar filtros para ocultar los comentarios no deseados, mostrar tu calificaci\u00f3n por estrellas y los n\u00fameros desde tu cuenta en cualquier sitio de rese\u00f1as comerciales, a\u00f1adir informaci\u00f3n sobre los autores de las rese\u00f1as y a\u00f1adir un interesante bot\u00f3n de llamada a la acci\u00f3n que inspirar\u00e1 a los usuarios a escribir su propia rese\u00f1a. El widget de Rese\u00f1as de Elfsight te ayudar\u00e1 a mostrar tu destacada prueba social en la p\u00e1gina web y comenzar a generar m\u00e1s ventas.<\/p> <p><b>\u00a1Rese\u00f1as de Google, Airbnb, Facebook, Amazon y muchos otros en una sola herramienta para impulsar la conversi\u00f3n y la credibilidad del cliente!<\/b><\/p> <p><b>Aumenta el n\u00famero de ventas utilizando la prueba social<\/b><br> Con la aplicaci\u00f3n de Rese\u00f1as, podr\u00e1s mostrar tus mejores comentarios de Google, Facebook, Airbnb, Amazon y otros de los sitios de rese\u00f1as comerciales m\u00e1s importantes, consiguiendo m\u00e1s clientes nuevos.<\/p><p><b>Obt\u00e9n m\u00e1s comentarios de clientes<\/b><br> El atractivo bot\u00f3n \u00abPublicar una rese\u00f1a\u00bb motivar\u00e1 a las personas a hacer clic y ofrecer su opini\u00f3n sobre tus productos y servicios, lo que resultar\u00e1 en la mejor posible valoraci\u00f3n de los clientes.<\/b><p><b>Minimiza las rese\u00f1as negativas<\/b><br> El widget de Rese\u00f1as de Clientes te ofrece m\u00faltiples opciones de filtrado, lo que te permitir\u00e1 controlar las rese\u00f1as negativas, mostrando solo las m\u00e1s beneficiosas.<\/b><\/div> <div class=\"application-platform-content-item-features application-platform-content-item\" id=\"features\" data-nav-section=\"features\"> <h2>Consulta la lista de las caracter\u00edsticas m\u00e1s potentes:<\/h2> <ul><li>Opci\u00f3n para activar\/desactivar el encabezado de la aplicaci\u00f3n<\/li><li>Bot\u00f3n de solicitud de rese\u00f1a para atraer usuarios a tu p\u00e1gina<\/li><li>Excelente personalizaci\u00f3n con solo un clic<\/li><li>Elementos pintables de la interfaz de la aplicaci\u00f3n<\/li><li>M\u00e1ximos detalles para generar confianza<\/li><\/ul><p><a href=\"#demo\">Examina todas las opciones de personalizaci\u00f3n en una demo completa<\/a><\/p> <\/div>  <div class=\"application-platform-content-item-installation application-platform-content-item\" id=\"installation\" data-nav-section=\"installation\"> <h2>\u00bfC\u00f3mo agregar All-in-One Reviews a mi sitio web de BigCommerce?<\/h2> <p>Simplemente aplica las instrucciones a continuaci\u00f3n para comenzar a usar la aplicaci\u00f3n.<\/p> <ol><li><b>Abre nuestra demo gratuita y empieza a crear tu propio widget.<\/b><br> Elige la interfaz y los aspectos seleccionados del widget y guarda todas las modificaciones.<\/li>  <li><b>Copiar tu c\u00f3digo personal que aparece en la caja de Elfsight Apps.<\/b><br> Cuando la configuraci\u00f3n de tu widget est\u00e9 lista, copia el c\u00f3digo exclusivo de la ventana emergente y gu\u00e1rdalo para su uso posterior.<\/li>  <li><b>Inicia el uso del widget en tu sitio web de BigCommerce.<\/b><br> Pega el c\u00f3digo guardado previamente en tu sitio web y guarda los ajustes.<\/li>  <li><b>La instalaci\u00f3n est\u00e1 completamente realizada.<\/b><br> Abre tu p\u00e1gina web para comprobar el funcionamiento del widget.<\/li><\/ol><p>Si encuentras dificultades, no dudes en buscar ayuda de nuestro equipo de soporte. Nuestros consultores estar\u00e1n encantados de resolver todos los problemas que puedas tener con la herramienta.<\/p> <div class=\"faq\" data-component=\"FAQ\"> <div class=\"faq-item\">\r\n\t\t\t\t\t<div class=\"faq-item-question\">\r\n\t\t\t\t\t\t<h3 class=\"faq-item-question-text\">\u00bfC\u00f3mo agregar All-in-One Reviews a mi sitio web de BigCommerce sin habilidades de programaci\u00f3n?<\/h3>\r\n\r\n\t\t\t\t\t\t<div class=\"faq-item-question-icon\"><\/div>\r\n\t\t\t\t\t<\/div>\r\n\r\n\t\t\t\t\t<div class=\"faq-item-answer\">\r\n\t\t\t\t\t\t<div class=\"faq-item-answer-text\"> <p>Elfsight ofrece una soluci\u00f3n SaaS que te permite crear un widget All-in-One Reviews por ti mismo, mira lo f\u00e1cil que es el proceso: Trabaja directamente en el Editor en l\u00ednea para crear el widget All-in-One Reviews que te gustar\u00eda ver en tu sitio web de BigCommerce. Elige una de las plantillas predefinidas y ajusta la configuraci\u00f3n de All-in-One Reviews, agrega tu contenido, cambia el dise\u00f1o y los colores sin necesidad de habilidades de programaci\u00f3n. Guarda el widget All-in-One Reviews y copia su c\u00f3digo de instalaci\u00f3n, que podr\u00e1s insertar f\u00e1cilmente en tu sitio web de BigCommerce sin necesidad de comprar una suscripci\u00f3n de pago. Con nuestro Editor intuitivo, cualquier usuario de internet puede crear un widget All-in-One Reviews en l\u00ednea e insertarlo f\u00e1cilmente en su sitio web de BigCommerce. No es necesario pagar ni ingresar los datos de tu tarjeta para acceder al servicio. Si tienes alg\u00fan problema en alg\u00fan paso, no dudes en contactar con nuestro equipo de soporte t\u00e9cnico.<\/p> <\/div>\r\n\t\t\t\t\t<\/div>\r\n\t\t\t\t<\/div> <\/div> <\/div>","protected":false},"excerpt":{"rendered":"","protected":false},"author":9,"featured_media":0,"parent":394,"menu_order":0,"comment_status":"closed","ping_status":"closed","template":"templates\/template-application-platform.php","meta":{"publish_to_discourse":"","publish_post_category":"","wpdc_auto_publish_overridden":"","wpdc_topic_tags":"","wpdc_pin_topic":"","wpdc_pin_until":"","discourse_post_id":"","discourse_permalink":"","wpdc_publishing_response":"","wpdc_publishing_error":"","footnotes":""},"class_list":["post-15625","page","type-page","status-publish","hentry"],"yoast_head":"<!-- This site is optimized with the Yoast SEO plugin v25.3.1 - https:\/\/yoast.com\/wordpress\/plugins\/seo\/ -->\n<title>Agregue un widget responsivo de rese\u00f1as todo en uno a su sitio web de BigCommerce<\/title>\n<meta name=\"description\" content=\"Agregue una aplicaci\u00f3n responsiva de rese\u00f1as todo en uno en su p\u00e1gina web de BigCommerce y obtenga plena confianza. Utilice la \u00fatil demostraci\u00f3n de Elfsight para crear su caracter\u00edstica \u00fanica.\" \/>\n<meta name=\"robots\" content=\"index, follow, max-snippet:-1, max-image-preview:large, max-video-preview:-1\" \/>\n<link rel=\"canonical\" href=\"https:\/\/elfsight.com\/es\/all-in-one-reviews-widget\/bigcommerce\/\" \/>\n<meta property=\"og:locale\" content=\"es_ES\" \/>\n<meta property=\"og:type\" content=\"article\" \/>\n<meta property=\"og:title\" content=\"Agregue un widget responsivo de rese\u00f1as todo en uno a su sitio web de BigCommerce\" \/>\n<meta property=\"og:description\" content=\"Agregue una aplicaci\u00f3n responsiva de rese\u00f1as todo en uno en su p\u00e1gina web de BigCommerce y obtenga plena confianza. Utilice la \u00fatil demostraci\u00f3n de Elfsight para crear su caracter\u00edstica \u00fanica.\" \/>\n<meta property=\"og:url\" content=\"https:\/\/elfsight.com\/es\/all-in-one-reviews-widget\/bigcommerce\/\" \/>\n<meta property=\"og:site_name\" content=\"Elfsight ES\" \/>\n<meta property=\"article:modified_time\" content=\"2025-02-06T15:03:37+00:00\" \/>\n<meta name=\"twitter:card\" content=\"summary_large_image\" \/>\n<meta name=\"twitter:label1\" content=\"Tiempo de lectura\" \/>\n\t<meta name=\"twitter:data1\" content=\"4 minutos\" \/>\n<!-- \/ Yoast SEO plugin. -->","yoast_head_json":{"title":"Agregue un widget responsivo de rese\u00f1as todo en uno a su sitio web de BigCommerce","description":"Agregue una aplicaci\u00f3n responsiva de rese\u00f1as todo en uno en su p\u00e1gina web de BigCommerce y obtenga plena confianza. Utilice la \u00fatil demostraci\u00f3n de Elfsight para crear su caracter\u00edstica \u00fanica.","robots":{"index":"index","follow":"follow","max-snippet":"max-snippet:-1","max-image-preview":"max-image-preview:large","max-video-preview":"max-video-preview:-1"},"canonical":"https:\/\/elfsight.com\/es\/all-in-one-reviews-widget\/bigcommerce\/","og_locale":"es_ES","og_type":"article","og_title":"Agregue un widget responsivo de rese\u00f1as todo en uno a su sitio web de BigCommerce","og_description":"Agregue una aplicaci\u00f3n responsiva de rese\u00f1as todo en uno en su p\u00e1gina web de BigCommerce y obtenga plena confianza. Utilice la \u00fatil demostraci\u00f3n de Elfsight para crear su caracter\u00edstica \u00fanica.","og_url":"https:\/\/elfsight.com\/es\/all-in-one-reviews-widget\/bigcommerce\/","og_site_name":"Elfsight ES","article_modified_time":"2025-02-06T15:03:37+00:00","twitter_card":"summary_large_image","twitter_misc":{"Tiempo de lectura":"4 minutos"},"schema":{"@context":"https:\/\/schema.org","@graph":[{"@type":"WebPage","@id":"https:\/\/elfsight.com\/es\/all-in-one-reviews-widget\/bigcommerce\/","url":"https:\/\/elfsight.com\/es\/all-in-one-reviews-widget\/bigcommerce\/","name":"Agregue un widget responsivo de rese\u00f1as todo en uno a su sitio web de BigCommerce","isPartOf":{"@id":"https:\/\/elfsight.com\/es\/#website"},"datePublished":"2024-05-03T06:27:27+00:00","dateModified":"2025-02-06T15:03:37+00:00","description":"Agregue una aplicaci\u00f3n responsiva de rese\u00f1as todo en uno en su p\u00e1gina web de BigCommerce y obtenga plena confianza. Utilice la \u00fatil demostraci\u00f3n de Elfsight para crear su caracter\u00edstica \u00fanica.","breadcrumb":{"@id":"https:\/\/elfsight.com\/es\/all-in-one-reviews-widget\/bigcommerce\/#breadcrumb"},"inLanguage":"es","potentialAction":[{"@type":"ReadAction","target":["https:\/\/elfsight.com\/es\/all-in-one-reviews-widget\/bigcommerce\/"]}]},{"@type":"BreadcrumbList","@id":"https:\/\/elfsight.com\/es\/all-in-one-reviews-widget\/bigcommerce\/#breadcrumb","itemListElement":[{"@type":"ListItem","position":1,"name":"Home","item":"https:\/\/elfsight.com\/es\/"},{"@type":"ListItem","position":2,"name":"All-in-One Reviews","item":"https:\/\/elfsight.com\/es\/all-in-one-reviews-widget\/"},{"@type":"ListItem","position":3,"name":"All-in-One Reviews &#8211; BigCommerce"}]},{"@type":"WebSite","@id":"https:\/\/elfsight.com\/es\/#website","url":"https:\/\/elfsight.com\/es\/","name":"Elfsight ES","description":"Just another Elfsight Sites site","potentialAction":[{"@type":"SearchAction","target":{"@type":"EntryPoint","urlTemplate":"https:\/\/elfsight.com\/es\/?s={search_term_string}"},"query-input":{"@type":"PropertyValueSpecification","valueRequired":true,"valueName":"search_term_string"}}],"inLanguage":"es"}]}},"meta_box":{"industry":"","seo_heading":"","heading":"","description":"","cta_heading":"","cta_description":"","application":"393","h1":"Aplicaci\u00f3n de rese\u00f1as todo en uno de BigCommerce","h1_caption":"Aumente la confianza mostrando comentarios de usuarios reales con datos del autor","application_category":[],"applications_title":"","applications_request_title":"","applications_request_button_text":"","hero_text":"","hero_video":"","hero_video_schema_markup":"","selling_points_title":"","selling_points_caption":"","selling_points":[],"selling_points_cta_text":"","features_title":"","features":"","ed_cta_examples_text":"","ed_cta_examples_hidden":"","ed_cta_demo_text":"","ed_cta_demo_hidden":"","why_caption":"","why_editor_title":"","why_editor_text":"","why_team_title":"","why_team_text":"","why_service_title":"","why_service_text":"","template_catalog_visible":"","template_catalog_title":"","template_catalog_text":"","template_catalog_categories_visible":"","demo_title":"Crea tu aplicaci\u00f3n de rese\u00f1as todo en uno","demo_caption":"\u00a1Configure sus rese\u00f1as todo en uno y agr\u00e9guelas a su sitio web de BigCommerce de forma gratuita!","default_faq_hidden":"","app_template_category":[],"platform":"33","template_public_id":"","codecanyon_url":"","codecanyon_item_id":"","codecanyon_price":"","pricing_caption":"","pricing_elfsight_apps_hide_column":"","pricing_elfsight_apps_url":"","pricing_codecanyon_price_caption":"","integration_category":[],"integration_request_title":"","integration_request_cta":"","integration_platform":"","integrations":[],"platform_category":[],"video_schema_markup":"","price":"desde $0 \/ mes","trial":"","benefits":[{"text":"Asistencia de instalaci\u00f3n gratuita"},{"text":"Atenci\u00f3n al cliente experimentada"},{"text":"Garant\u00eda de reembolso de 14 d\u00edas"},{"text":"Actualizando constantemente"}],"button_url":"#demo","button_target_blank":"","button_nofollow":"","attributes":[{"name":"Instalaciones","content":"100,000 - 500,000"},{"name":"Sensible","content":"S\u00ed"},{"name":"Navegadores compatibles","content":"IE 11, Firefox, Safari, Opera, Chrome, Edge"}],"tags":[],"tags_disable_links":"","hide_more_platforms":"","video_object":"","demo_hide_cta":"","demo_hide_cloud_options":"","pricing_title":"","pricing":[{"pricing_icon":"platform","pricing_title":"Elfsight Apps","pricing_title_caption":"Software multiplataforma","pricing_price":"desde $0 \/ mes","pricing_price_caption":"comienza con el plan gratuito","pricing_benefits":[{"text":"Sitios web ilimitados"},{"text":"Atenci\u00f3n al cliente profesional y bien documentada."},{"text":"Servicio de instalaci\u00f3n gratuito"},{"text":"Gran oferta para m\u00faltiples aplicaciones"}],"pricing_button_text":"A\u00f1adir al sitio web","pricing_button_url":"#demo"}],"related_apps_title":"","related_apps_hidden":"","author":"","image":[],"title":"","job":"","social_networks":[]},"_links":{"self":[{"href":"https:\/\/elfsight.com\/es\/wp-json\/wp\/v2\/pages\/15625","targetHints":{"allow":["GET"]}}],"collection":[{"href":"https:\/\/elfsight.com\/es\/wp-json\/wp\/v2\/pages"}],"about":[{"href":"https:\/\/elfsight.com\/es\/wp-json\/wp\/v2\/types\/page"}],"author":[{"embeddable":true,"href":"https:\/\/elfsight.com\/es\/wp-json\/wp\/v2\/users\/9"}],"replies":[{"embeddable":true,"href":"https:\/\/elfsight.com\/es\/wp-json\/wp\/v2\/comments?post=15625"}],"version-history":[{"count":3,"href":"https:\/\/elfsight.com\/es\/wp-json\/wp\/v2\/pages\/15625\/revisions"}],"predecessor-version":[{"id":17831,"href":"https:\/\/elfsight.com\/es\/wp-json\/wp\/v2\/pages\/15625\/revisions\/17831"}],"up":[{"embeddable":true,"href":"https:\/\/elfsight.com\/es\/wp-json\/wp\/v2\/pages\/394"}],"wp:attachment":[{"href":"https:\/\/elfsight.com\/es\/wp-json\/wp\/v2\/media?parent=15625"}],"curies":[{"name":"wp","href":"https:\/\/api.w.org\/{rel}","templated":true}]}}