{"id":15623,"date":"2024-05-03T06:26:44","date_gmt":"2024-05-03T06:26:44","guid":{"rendered":"https:\/\/elfsight.com\/es\/?page_id=15623"},"modified":"2025-02-06T15:04:58","modified_gmt":"2025-02-06T15:04:58","slug":"wix","status":"publish","type":"page","link":"https:\/\/elfsight.com\/es\/all-in-one-chat-widget\/wix\/","title":{"rendered":"All-in-One Chat &#8211; Wix"},"content":{"rendered":"<div class=\"application-platform-content-item-description application-platform-content-item\" id=\"description\" data-nav-section=\"description\"> <h2>Descripci\u00f3n<\/h2> <p>El Chat en Vivo Todo-en-Uno de Elfsight es una de las herramientas m\u00e1s r\u00e1pidas para que las personas se pongan en contacto contigo y reciban soporte. Permanece disponible en l\u00ednea en todos los chats m\u00e1s populares 24\/7. Agrega la aplicaci\u00f3n a tu sitio y puede configurarse para aparecer en p\u00e1ginas seleccionadas o para ciertos grupos de audiencia, elige los iniciadores de chat, escribe tu mensaje de bienvenida, elige iconos y m\u00e1s. Con la aplicaci\u00f3n activa, estar\u00e1s disponible para los visitantes en cualquier momento y desde cualquier lugar.<\/p> <p><b>\u00a1Todos los mensajeros m\u00e1s importantes como Telegram, Viber, WhatsApp, Facebook y m\u00e1s en una sola herramienta para una interacci\u00f3n m\u00e1s productiva y c\u00f3moda con los clientes! <\/b><\/p> <p><b>Centrar tus demandas de clientes<\/b><br>Al combinar todos los canales de comunicaci\u00f3n m\u00e1s importantes en nuestra aplicaci\u00f3n de Chat Box, podr\u00e1s resolver m\u00faltiples tareas en un solo lugar, mejorando la satisfacci\u00f3n del cliente.<\/p><p><b>Herramienta extremadamente personalizable<\/b><br>WhatsApp, Viber, Facebook Messenger, Telegram, Discord, Line, &#8211; puedes usarlos todos al mismo tiempo, o elegir los que mejor se adapten a tus necesidades, modificando sus colores, tama\u00f1os y mucho m\u00e1s.<\/b><p><b>Organiza una conversaci\u00f3n en tiempo real<\/b><br>Al a\u00f1adir el widget de Chat en Vivo a las p\u00e1ginas de tu sitio, conocer\u00e1s mejor a tus usuarios, brind\u00e1ndoles un servicio de alta calidad y mejorando los servicios informados.<\/b><\/div> <div class=\"application-platform-content-item-features application-platform-content-item\" id=\"features\" data-nav-section=\"features\"> <h2>El widget ofrece valiosas y f\u00e1ciles caracter\u00edsticas, aqu\u00ed hay algunas de ellas: <\/h2> <ul><li>Incorpora la aplicaci\u00f3n de Chat en L\u00ednea Todo-en-Uno en tu p\u00e1gina para conversar con los visitantes.<\/li><li>3 tipos de posiciones de chat: burbuja flotante, burbuja incrustada y ventana de chat incrustada.<\/li><li>Una colecci\u00f3n de iconos de burbujas para elegir.<\/li><li>T\u00edtulo flexible de chat con el logo de la p\u00e1gina, nombre y subt\u00edtulo.<\/li><li>Configura una imagen de p\u00e1gina por defecto, desde nuestra colecci\u00f3n o sube una imagen personalizada.<\/li><\/ul><p><a href=\"#demo\">Descubre todas las capacidades del widget en la demo ahora mismo<\/a><\/p> <\/div> <div class=\"application-platform-content-item-installation application-platform-content-item\" id=\"installation\" data-nav-section=\"installation\"> <h2>\u00bfC\u00f3mo incrustar la aplicaci\u00f3n de Chat en Vivo en mi sitio de Wix? <\/h2> <div class=\"video-container\"><iframe width=\"720\" height=\"405\" src=\"https:\/\/www.youtube.com\/embed\/4QxLPwfdx6E\" frameborder=\"0\" allowfullscreen=\"\"><\/iframe><\/div><p>Simplemente sigue los pasos que se presentan a continuaci\u00f3n para agregar el plugin. <\/p> <ol><li><b>Usa nuestra demo gratuita y comienza a crear tu herramienta personalizada.<\/b><br> Elige la forma y las caracter\u00edsticas funcionales preferidas del widget y guarda las ediciones.<\/li>  <li><b>Copia el c\u00f3digo \u00fanico que se muestra en la ventana de Elfsight Apps.<\/b><br> Despu\u00e9s de que se haya configurado tu herramienta, copia el c\u00f3digo individual de la ventana emergente y gu\u00e1rdalo para su uso futuro.<\/li>  <li><b>Inicia el uso de la aplicaci\u00f3n en el sitio de Wix.<\/b><br> Pega el c\u00f3digo que guardaste previamente en tu p\u00e1gina principal y aplica los cambios.<\/li>  <li><b>La instalaci\u00f3n ha finalizado con \u00e9xito.<\/b><br> Dir\u00edgete a tu p\u00e1gina web para ver el rendimiento de la aplicaci\u00f3n de Chat.<\/li><\/ol><p>Si tienes dudas o enfrentas alguna dificultad, no dudes en ponerte en contacto con nuestro equipo de soporte. Nuestros consultores estar\u00e1n encantados de resolver cualquier problema que puedas tener con el plugin. <\/p> <\/div><div class=\"faq\" data-component=\"FAQ\"><div class=\"faq-item\">\r\n\t\t\t\t\t<div class=\"faq-item-question\">\r\n\t\t\t\t\t\t<h3 class=\"faq-item-question-text\">\u00bfC\u00f3mo a\u00f1ado un Chat en Vivo al sitio de Wix?<\/h3>\r\n\r\n\t\t\t\t\t\t<div class=\"faq-item-question-icon\"><\/div>\r\n\t\t\t\t\t<\/div>\r\n\r\n\t\t\t\t\t<div class=\"faq-item-answer\">\r\n\t\t\t\t\t\t<div class=\"faq-item-answer-text\"><p>La creaci\u00f3n del widget se realiza en las p\u00e1ginas de Elfsight y no necesitas programar. Abre la demo en l\u00ednea para dise\u00f1ar tu propia aplicaci\u00f3n, obtener el c\u00f3digo e implementarlo en tu sitio web.<\/p><\/div>\r\n\t\t\t\t\t<\/div>\r\n\t\t\t\t<\/div><div class=\"faq-item\">\r\n\t\t\t\t\t<div class=\"faq-item-question\">\r\n\t\t\t\t\t\t<h3 class=\"faq-item-question-text\">\u00bfCu\u00e1les son las mejores formas de utilizar la integraci\u00f3n de Chat en Vivo?<\/h3>\r\n\r\n\t\t\t\t\t\t<div class=\"faq-item-question-icon\"><\/div>\r\n\t\t\t\t\t<\/div>\r\n\r\n\t\t\t\t\t<div class=\"faq-item-answer\">\r\n\t\t\t\t\t\t<div class=\"faq-item-answer-text\"><p>Ofrecemos una amplia gama de opciones de personalizaci\u00f3n: widgets de gran escala para implementar en la secci\u00f3n de contenido, widgets flotantes para opciones de desplazamiento, dise\u00f1os para el pie de p\u00e1gina, la cabecera y todo tipo de opciones verticales para las barras laterales y men\u00fas del sitio web. <\/p><\/div>\r\n\t\t\t\t\t<\/div>\r\n\t\t\t\t<\/div><div class=\"faq-item\">\r\n\t\t\t\t\t<div class=\"faq-item-question\">\r\n\t\t\t\t\t\t<h3 class=\"faq-item-question-text\">\u00bfC\u00f3mo construyo un Chat de Consultor\u00eda o Soporte a trav\u00e9s de tu editor?<\/h3>\r\n\r\n\t\t\t\t\t\t<div class=\"faq-item-question-icon\"><\/div>\r\n\t\t\t\t\t<\/div>\r\n\r\n\t\t\t\t\t<div class=\"faq-item-answer\">\r\n\t\t\t\t\t\t<div class=\"faq-item-answer-text\"><p>Puedes hacer modificaciones a cualquier widget. Hay una amplia gama de dise\u00f1os disponibles en el editor, y todos ellos pueden personalizarse f\u00e1cilmente seg\u00fan tus necesidades.<\/p><\/div>\r\n\t\t\t\t\t<\/div>\r\n\t\t\t\t<\/div><div class=\"faq-item\">\r\n\t\t\t\t\t<div class=\"faq-item-question\">\r\n\t\t\t\t\t\t<h3 class=\"faq-item-question-text\">\u00bfQu\u00e9 otros widgets pueden mejorar mi sitio de Wix?<\/h3>\r\n\r\n\t\t\t\t\t\t<div class=\"faq-item-question-icon\"><\/div>\r\n\t\t\t\t\t<\/div>\r\n\r\n\t\t\t\t\t<div class=\"faq-item-answer\">\r\n\t\t\t\t\t\t<div class=\"faq-item-answer-text\"><p>Hay muchos widgets de Wix que pueden mejorar f\u00e1cilmente tu sitio web. Por ejemplo, hay otros widgets de chat como <a href=\"https:\/\/elfsight.com\/whatsapp-chat-widget\/wix\/\" target=\"_blank\" rel=\"noopener\">WhatsAppChat<\/a>, <a href=\"https:\/\/elfsight.com\/facebook-chat-widget\/wix\/\" target=\"_blank\" rel=\"noopener\">Facebook Chat<\/a>, <a href=\"https:\/\/elfsight.com\/telegram-chat-widget\/wix\/\" target=\"_blank\" rel=\"noopener\">Telegram Chat<\/a>, <a href=\"https:\/\/elfsight.com\/viber-chat-widget\/wix\/\" target=\"_blank\" rel=\"noopener\">Viber Chat<\/a>. Todos ellos son f\u00e1ciles de implementar y pueden mejorar enormemente el rendimiento de tu sitio web.<\/p><\/div>\r\n\t\t\t\t\t<\/div>\r\n\t\t\t\t<\/div><\/div>","protected":false},"excerpt":{"rendered":"","protected":false},"author":9,"featured_media":0,"parent":418,"menu_order":0,"comment_status":"closed","ping_status":"closed","template":"templates\/template-application-platform.php","meta":{"publish_to_discourse":"","publish_post_category":"","wpdc_auto_publish_overridden":"","wpdc_topic_tags":"","wpdc_pin_topic":"","wpdc_pin_until":"","discourse_post_id":"","discourse_permalink":"","wpdc_publishing_response":"","wpdc_publishing_error":"","footnotes":""},"class_list":["post-15623","page","type-page","status-publish","hentry"],"yoast_head":"<!-- This site is optimized with the Yoast SEO plugin v25.3.1 - https:\/\/yoast.com\/wordpress\/plugins\/seo\/ -->\n<title>Chat en vivo: agrega el widget de chat en l\u00ednea a los sitios web de Wix (f\u00e1cil y gratis)<\/title>\n<meta name=\"description\" content=\"Agrega tu aplicaci\u00f3n All-in-One Live Chat a Wix en 1-2-3. Aplique nuestra pr\u00e1ctica demostraci\u00f3n para construir su exclusivo cuadro de chat en l\u00ednea r\u00e1pidamente y sin codificaci\u00f3n.\" \/>\n<meta name=\"robots\" content=\"index, follow, max-snippet:-1, max-image-preview:large, max-video-preview:-1\" \/>\n<link rel=\"canonical\" href=\"https:\/\/elfsight.com\/es\/all-in-one-chat-widget\/wix\/\" \/>\n<meta property=\"og:locale\" content=\"es_ES\" \/>\n<meta property=\"og:type\" content=\"article\" \/>\n<meta property=\"og:title\" content=\"Chat en vivo: agrega el widget de chat en l\u00ednea a los sitios web de Wix (f\u00e1cil y gratis)\" \/>\n<meta property=\"og:description\" content=\"Agrega tu aplicaci\u00f3n All-in-One Live Chat a Wix en 1-2-3. Aplique nuestra pr\u00e1ctica demostraci\u00f3n para construir su exclusivo cuadro de chat en l\u00ednea r\u00e1pidamente y sin codificaci\u00f3n.\" \/>\n<meta property=\"og:url\" content=\"https:\/\/elfsight.com\/es\/all-in-one-chat-widget\/wix\/\" \/>\n<meta property=\"og:site_name\" content=\"Elfsight ES\" \/>\n<meta property=\"article:modified_time\" content=\"2025-02-06T15:04:58+00:00\" \/>\n<meta name=\"twitter:card\" content=\"summary_large_image\" \/>\n<meta name=\"twitter:label1\" content=\"Tiempo de lectura\" \/>\n\t<meta name=\"twitter:data1\" content=\"4 minutos\" \/>\n<!-- \/ Yoast SEO plugin. -->","yoast_head_json":{"title":"Chat en vivo: agrega el widget de chat en l\u00ednea a los sitios web de Wix (f\u00e1cil y gratis)","description":"Agrega tu aplicaci\u00f3n All-in-One Live Chat a Wix en 1-2-3. Aplique nuestra pr\u00e1ctica demostraci\u00f3n para construir su exclusivo cuadro de chat en l\u00ednea r\u00e1pidamente y sin codificaci\u00f3n.","robots":{"index":"index","follow":"follow","max-snippet":"max-snippet:-1","max-image-preview":"max-image-preview:large","max-video-preview":"max-video-preview:-1"},"canonical":"https:\/\/elfsight.com\/es\/all-in-one-chat-widget\/wix\/","og_locale":"es_ES","og_type":"article","og_title":"Chat en vivo: agrega el widget de chat en l\u00ednea a los sitios web de Wix (f\u00e1cil y gratis)","og_description":"Agrega tu aplicaci\u00f3n All-in-One Live Chat a Wix en 1-2-3. Aplique nuestra pr\u00e1ctica demostraci\u00f3n para construir su exclusivo cuadro de chat en l\u00ednea r\u00e1pidamente y sin codificaci\u00f3n.","og_url":"https:\/\/elfsight.com\/es\/all-in-one-chat-widget\/wix\/","og_site_name":"Elfsight ES","article_modified_time":"2025-02-06T15:04:58+00:00","twitter_card":"summary_large_image","twitter_misc":{"Tiempo de lectura":"4 minutos"},"schema":{"@context":"https:\/\/schema.org","@graph":[{"@type":"WebPage","@id":"https:\/\/elfsight.com\/es\/all-in-one-chat-widget\/wix\/","url":"https:\/\/elfsight.com\/es\/all-in-one-chat-widget\/wix\/","name":"Chat en vivo: agrega el widget de chat en l\u00ednea a los sitios web de Wix (f\u00e1cil y gratis)","isPartOf":{"@id":"https:\/\/elfsight.com\/es\/#website"},"datePublished":"2024-05-03T06:26:44+00:00","dateModified":"2025-02-06T15:04:58+00:00","description":"Agrega tu aplicaci\u00f3n All-in-One Live Chat a Wix en 1-2-3. Aplique nuestra pr\u00e1ctica demostraci\u00f3n para construir su exclusivo cuadro de chat en l\u00ednea r\u00e1pidamente y sin codificaci\u00f3n.","breadcrumb":{"@id":"https:\/\/elfsight.com\/es\/all-in-one-chat-widget\/wix\/#breadcrumb"},"inLanguage":"es","potentialAction":[{"@type":"ReadAction","target":["https:\/\/elfsight.com\/es\/all-in-one-chat-widget\/wix\/"]}]},{"@type":"BreadcrumbList","@id":"https:\/\/elfsight.com\/es\/all-in-one-chat-widget\/wix\/#breadcrumb","itemListElement":[{"@type":"ListItem","position":1,"name":"Home","item":"https:\/\/elfsight.com\/es\/"},{"@type":"ListItem","position":2,"name":"All-in-One Chat","item":"https:\/\/elfsight.com\/es\/all-in-one-chat-widget\/"},{"@type":"ListItem","position":3,"name":"All-in-One Chat &#8211; Wix"}]},{"@type":"WebSite","@id":"https:\/\/elfsight.com\/es\/#website","url":"https:\/\/elfsight.com\/es\/","name":"Elfsight ES","description":"Just another Elfsight Sites site","potentialAction":[{"@type":"SearchAction","target":{"@type":"EntryPoint","urlTemplate":"https:\/\/elfsight.com\/es\/?s={search_term_string}"},"query-input":{"@type":"PropertyValueSpecification","valueRequired":true,"valueName":"search_term_string"}}],"inLanguage":"es"}]}},"meta_box":{"industry":"","seo_heading":"","heading":"","description":"","cta_heading":"","cta_description":"","application":"416","h1":"Aplicaci\u00f3n Wix Live Chat","h1_caption":"Ofrezca a sus clientes la posibilidad de comunicarse con usted en m\u00faltiples plataformas de mensajer\u00eda como WhatsApp, Facebook, Telegram y m\u00e1s desde una aplicaci\u00f3n en su sitio web Wix sin esfuerzo.","application_category":[],"applications_title":"","applications_request_title":"","applications_request_button_text":"","hero_text":"","hero_video":"","hero_video_schema_markup":"","selling_points_title":"","selling_points_caption":"","selling_points":[],"selling_points_cta_text":"","features_title":"","features":"","ed_cta_examples_text":"","ed_cta_examples_hidden":"","ed_cta_demo_text":"","ed_cta_demo_hidden":"","why_caption":"","why_editor_title":"","why_editor_text":"","why_team_title":"","why_team_text":"","why_service_title":"","why_service_text":"","template_catalog_visible":"","template_catalog_title":"","template_catalog_text":"","template_catalog_categories_visible":"","demo_title":"Crea tu aplicaci\u00f3n de chat todo en uno","demo_caption":"\u00a1Configura tu chat todo en uno y agr\u00e9galo a tu sitio web Wix gratis!","default_faq_hidden":"","app_template_category":[],"platform":"112","template_public_id":"","codecanyon_url":"","codecanyon_item_id":"","codecanyon_price":"","pricing_caption":"","pricing_elfsight_apps_hide_column":"","pricing_elfsight_apps_url":"","pricing_codecanyon_price_caption":"","integration_category":[],"integration_request_title":"","integration_request_cta":"","integration_platform":"","integrations":[],"platform_category":[],"video_schema_markup":"","price":"desde $0 \/ mes","trial":"","benefits":[{"text":"Asistencia de instalaci\u00f3n gratuita"},{"text":"Soporte excepcional"},{"text":"Garant\u00eda de reembolso de 14 d\u00edas"},{"text":"Actualizando constantemente"}],"button_url":"#demo","button_target_blank":"","button_nofollow":"","attributes":[{"name":"Instalaciones","content":"100,000 - 500,000"},{"name":"Sensible","content":"S\u00ed"},{"name":"Navegadores compatibles","content":"Firefox, Safari, Opera, Chrome, Edge"}],"tags":[],"tags_disable_links":"","hide_more_platforms":"","video_object":"","demo_hide_cta":"","demo_hide_cloud_options":"","pricing_title":"","pricing":[{"pricing_icon":"platform","pricing_title":"Elfsight Apps","pricing_title_caption":"Soluci\u00f3n multiplataforma","pricing_price":"desde $0 \/ mes","pricing_price_caption":"comienza con el plan gratuito","pricing_benefits":[{"text":"N\u00famero ilimitado de sitios web"},{"text":"Atenci\u00f3n al cliente dedicada"},{"text":"Soporte de instalaci\u00f3n gratuito"},{"text":"Totalmente personalizable"}],"pricing_button_text":"A\u00f1adir al sitio web","pricing_button_url":"#demo"}],"related_apps_title":"","related_apps_hidden":"","author":"","image":[],"title":"","job":"","social_networks":[]},"_links":{"self":[{"href":"https:\/\/elfsight.com\/es\/wp-json\/wp\/v2\/pages\/15623","targetHints":{"allow":["GET"]}}],"collection":[{"href":"https:\/\/elfsight.com\/es\/wp-json\/wp\/v2\/pages"}],"about":[{"href":"https:\/\/elfsight.com\/es\/wp-json\/wp\/v2\/types\/page"}],"author":[{"embeddable":true,"href":"https:\/\/elfsight.com\/es\/wp-json\/wp\/v2\/users\/9"}],"replies":[{"embeddable":true,"href":"https:\/\/elfsight.com\/es\/wp-json\/wp\/v2\/comments?post=15623"}],"version-history":[{"count":3,"href":"https:\/\/elfsight.com\/es\/wp-json\/wp\/v2\/pages\/15623\/revisions"}],"predecessor-version":[{"id":17871,"href":"https:\/\/elfsight.com\/es\/wp-json\/wp\/v2\/pages\/15623\/revisions\/17871"}],"up":[{"embeddable":true,"href":"https:\/\/elfsight.com\/es\/wp-json\/wp\/v2\/pages\/418"}],"wp:attachment":[{"href":"https:\/\/elfsight.com\/es\/wp-json\/wp\/v2\/media?parent=15623"}],"curies":[{"name":"wp","href":"https:\/\/api.w.org\/{rel}","templated":true}]}}