{"id":15618,"date":"2024-05-03T06:26:45","date_gmt":"2024-05-03T06:26:45","guid":{"rendered":"https:\/\/elfsight.com\/es\/?page_id=15618"},"modified":"2025-02-06T15:04:49","modified_gmt":"2025-02-06T15:04:49","slug":"weebly","status":"publish","type":"page","link":"https:\/\/elfsight.com\/es\/all-in-one-chat-widget\/weebly\/","title":{"rendered":"All-in-One Chat &#8211; Weebly"},"content":{"rendered":"<div class=\"application-platform-content-item-description application-platform-content-item\" id=\"description\" data-nav-section=\"description\"> <h2>Descripci\u00f3n<\/h2> <p>La aplicaci\u00f3n Todo-en-Uno de Chat en L\u00ednea de Elfsight es una de las formas m\u00e1s r\u00e1pidas para que los usuarios se comuniquen contigo y reciban soporte. Estar\u00e1s disponible en vivo en los chats m\u00e1s utilizados las 24 horas del d\u00eda, los 7 d\u00edas de la semana. Integra la aplicaci\u00f3n en tu sitio web y se puede configurar para que aparezca en p\u00e1ginas seleccionadas o para ciertos grupos de audiencia, elige los iniciadores de chat, escribe tu mensaje de bienvenida, elige iconos y mucho m\u00e1s. Al tener la aplicaci\u00f3n activa, estar\u00e1s disponible para los visitantes en todo momento y desde cualquier lugar.<\/p> <p><b>\u00a1Todos los mensajeros m\u00e1s populares como WhatsApp, Facebook, Telegram, Viber y m\u00e1s en una sola aplicaci\u00f3n para una interacci\u00f3n m\u00e1s eficiente y c\u00f3moda con los clientes! <\/b><\/p> <p><b>Consolida las solicitudes de tus clientes<\/b><br>Al combinar todos los canales de comunicaci\u00f3n importantes en nuestra aplicaci\u00f3n de Chat box, podr\u00e1s manejar m\u00faltiples tareas desde un solo lugar, mejorando la satisfacci\u00f3n del cliente.<\/p><p><b>Herramienta altamente personalizable<\/b><br>Line, Viber, Discord, Telegram, Facebook Messenger, WhatsApp, &#8211; puedes usarlos todos juntos, o elegir los que mejor se adapten a tus necesidades, ajustando sus colores, tama\u00f1o y mucho m\u00e1s.<\/b><p><b>Proporciona una conversaci\u00f3n en tiempo real<\/b><br>Al colocar el plugin de Chat en Vivo en las p\u00e1ginas de tu sitio, conocer\u00e1s a tus visitantes m\u00e1s r\u00e1pido, brind\u00e1ndoles un servicio de primer nivel y ofreciendo servicios m\u00e1s informados.<\/b><\/div> <div class=\"application-platform-content-item-features application-platform-content-item\" id=\"features\" data-nav-section=\"features\"> <h2>Estas son solo algunas de las muchas caracter\u00edsticas del widget:<\/h2> <ul><li>Agrega el Chat Box Todo-en-Uno en tu sitio para conversar con los visitantes.<\/li><li>Tres tipos de posiciones de chat: burbuja flotante, burbuja incrustada y ventana de chat incrustada.<\/li><li>Una biblioteca de iconos de burbujas para elegir.<\/li><li>Encabezado flexible de chat con el logo de la p\u00e1gina, nombre y subt\u00edtulo.<\/li><li>Selecciona una imagen de p\u00e1gina por defecto, de la biblioteca o sube una imagen personalizada.<\/li><\/ul><p><a href=\"#demo\">Prueba todas las configuraciones en la demo 100% funcional<\/a><\/p> <\/div> <div class=\"application-platform-content-item-installation application-platform-content-item\" id=\"installation\" data-nav-section=\"installation\"> <h2>\u00bfC\u00f3mo incrustar la aplicaci\u00f3n de Chat en Vivo en mi sitio de Weebly? <\/h2> <div class=\"video-container\"><iframe width=\"720\" height=\"405\" src=\"https:\/\/www.youtube.com\/embed\/Rqc0bbNNi8Q\" frameborder=\"0\" allowfullscreen=\"\"><\/iframe><\/div><p>Sigue los pasos que se presentan a continuaci\u00f3n para comenzar a trabajar con la herramienta. <\/p> <ol><li><b>Realiza nuestro configurador gratuito y comienza a crear tu aplicaci\u00f3n personalizada.<\/b><br> Encuentra la apariencia y el rendimiento deseado del widget y aplica todas las correcciones.<\/li>  <li><b>Recibe tu c\u00f3digo personal que aparecer\u00e1 en la caja de Elfsight Apps.<\/b><br> Cuando finalices la creaci\u00f3n del widget, copia el c\u00f3digo que aparece en el popup y gu\u00e1rdalo para su uso posterior.<\/li>  <li><b>Comienza a usar la aplicaci\u00f3n en la p\u00e1gina de Weebly.<\/b><br> Introduce el c\u00f3digo copiado previamente en tu sitio web y guarda los cambios.<\/li>  <li><b>La instalaci\u00f3n se ha realizado con \u00e9xito.<\/b><br> Abre tu sitio para ver el funcionamiento de la aplicaci\u00f3n de Chat en Vivo.<\/li><\/ol><p>Si encuentras dificultades, no dudes en ponerte en contacto con nuestro equipo de atenci\u00f3n al cliente. Nuestros consultores estar\u00e1n encantados de resolver cualquier pregunta que tengas sobre la herramienta. <\/p> <\/div><div class=\"faq\" data-component=\"FAQ\"><div class=\"faq-item\">\r\n\t\t\t\t\t<div class=\"faq-item-question\">\r\n\t\t\t\t\t\t<h3 class=\"faq-item-question-text\">\u00bfC\u00f3mo a\u00f1ado un Chat en Vivo a mi sitio de Weebly?<\/h3>\r\n\r\n\t\t\t\t\t\t<div class=\"faq-item-question-icon\"><\/div>\r\n\t\t\t\t\t<\/div>\r\n\r\n\t\t\t\t\t<div class=\"faq-item-answer\">\r\n\t\t\t\t\t\t<div class=\"faq-item-answer-text\"><p>La creaci\u00f3n del widget se realiza en las p\u00e1ginas de Elfsight y no necesitas aprender a programar. Dir\u00edgete a la demo en vivo para ajustar tu propio plugin, obtener el c\u00f3digo e integrarlo en tu sitio web. <\/p><\/div>\r\n\t\t\t\t\t<\/div>\r\n\t\t\t\t<\/div><div class=\"faq-item\">\r\n\t\t\t\t\t<div class=\"faq-item-question\">\r\n\t\t\t\t\t\t<h3 class=\"faq-item-question-text\">\u00bfCu\u00e1les son las mejores formas de utilizar la integraci\u00f3n de Chat en Vivo?<\/h3>\r\n\r\n\t\t\t\t\t\t<div class=\"faq-item-question-icon\"><\/div>\r\n\t\t\t\t\t<\/div>\r\n\r\n\t\t\t\t\t<div class=\"faq-item-answer\">\r\n\t\t\t\t\t\t<div class=\"faq-item-answer-text\"><p>Tenemos muchas opciones de personalizaci\u00f3n: widgets de longitud completa para insertar en la secci\u00f3n de contenido, widgets flotantes para opciones de desplazamiento, miniaturas para el pie de p\u00e1gina, la cabecera y todas las variaciones de opciones verticales para barras laterales y men\u00fas del sitio web. <\/p><\/div>\r\n\t\t\t\t\t<\/div>\r\n\t\t\t\t<\/div><div class=\"faq-item\">\r\n\t\t\t\t\t<div class=\"faq-item-question\">\r\n\t\t\t\t\t\t<h3 class=\"faq-item-question-text\">\u00bfPuedo crear un Chat de Soporte o Retroalimentaci\u00f3n a trav\u00e9s de tu editor?<\/h3>\r\n\r\n\t\t\t\t\t\t<div class=\"faq-item-question-icon\"><\/div>\r\n\t\t\t\t\t<\/div>\r\n\r\n\t\t\t\t\t<div class=\"faq-item-answer\">\r\n\t\t\t\t\t\t<div class=\"faq-item-answer-text\"><p>Puedes hacer modificaciones a cualquier widget. Hay toneladas de dise\u00f1os disponibles en el editor, y todos ellos pueden personalizarse r\u00e1pidamente seg\u00fan tus necesidades. <\/p><\/div>\r\n\t\t\t\t\t<\/div>\r\n\t\t\t\t<\/div><\/div>","protected":false},"excerpt":{"rendered":"","protected":false},"author":9,"featured_media":0,"parent":418,"menu_order":0,"comment_status":"closed","ping_status":"closed","template":"templates\/template-application-platform.php","meta":{"publish_to_discourse":"","publish_post_category":"","wpdc_auto_publish_overridden":"","wpdc_topic_tags":"","wpdc_pin_topic":"","wpdc_pin_until":"","discourse_post_id":"","discourse_permalink":"","wpdc_publishing_response":"","wpdc_publishing_error":"","footnotes":""},"class_list":["post-15618","page","type-page","status-publish","hentry"],"yoast_head":"<!-- This site is optimized with the Yoast SEO plugin v25.3.1 - https:\/\/yoast.com\/wordpress\/plugins\/seo\/ -->\n<title>Chat en vivo: agregue el widget de chat en l\u00ednea a los sitios web de Weebly (f\u00e1cil y gratis)<\/title>\n<meta name=\"description\" content=\"Agrega tu aplicaci\u00f3n All-in-One Live Chat a Weebly en 1-2-3. Utilice nuestra demostraci\u00f3n activa para crear su aplicaci\u00f3n \u00fanica de chat en l\u00ednea de forma r\u00e1pida y sin codificaci\u00f3n.\" \/>\n<meta name=\"robots\" content=\"index, follow, max-snippet:-1, max-image-preview:large, max-video-preview:-1\" \/>\n<link rel=\"canonical\" href=\"https:\/\/elfsight.com\/es\/all-in-one-chat-widget\/weebly\/\" \/>\n<meta property=\"og:locale\" content=\"es_ES\" \/>\n<meta property=\"og:type\" content=\"article\" \/>\n<meta property=\"og:title\" content=\"Chat en vivo: agregue el widget de chat en l\u00ednea a los sitios web de Weebly (f\u00e1cil y gratis)\" \/>\n<meta property=\"og:description\" content=\"Agrega tu aplicaci\u00f3n All-in-One Live Chat a Weebly en 1-2-3. Utilice nuestra demostraci\u00f3n activa para crear su aplicaci\u00f3n \u00fanica de chat en l\u00ednea de forma r\u00e1pida y sin codificaci\u00f3n.\" \/>\n<meta property=\"og:url\" content=\"https:\/\/elfsight.com\/es\/all-in-one-chat-widget\/weebly\/\" \/>\n<meta property=\"og:site_name\" content=\"Elfsight ES\" \/>\n<meta property=\"article:modified_time\" content=\"2025-02-06T15:04:49+00:00\" \/>\n<meta name=\"twitter:card\" content=\"summary_large_image\" \/>\n<meta name=\"twitter:label1\" content=\"Tiempo de lectura\" \/>\n\t<meta name=\"twitter:data1\" content=\"4 minutos\" \/>\n<!-- \/ Yoast SEO plugin. -->","yoast_head_json":{"title":"Chat en vivo: agregue el widget de chat en l\u00ednea a los sitios web de Weebly (f\u00e1cil y gratis)","description":"Agrega tu aplicaci\u00f3n All-in-One Live Chat a Weebly en 1-2-3. Utilice nuestra demostraci\u00f3n activa para crear su aplicaci\u00f3n \u00fanica de chat en l\u00ednea de forma r\u00e1pida y sin codificaci\u00f3n.","robots":{"index":"index","follow":"follow","max-snippet":"max-snippet:-1","max-image-preview":"max-image-preview:large","max-video-preview":"max-video-preview:-1"},"canonical":"https:\/\/elfsight.com\/es\/all-in-one-chat-widget\/weebly\/","og_locale":"es_ES","og_type":"article","og_title":"Chat en vivo: agregue el widget de chat en l\u00ednea a los sitios web de Weebly (f\u00e1cil y gratis)","og_description":"Agrega tu aplicaci\u00f3n All-in-One Live Chat a Weebly en 1-2-3. Utilice nuestra demostraci\u00f3n activa para crear su aplicaci\u00f3n \u00fanica de chat en l\u00ednea de forma r\u00e1pida y sin codificaci\u00f3n.","og_url":"https:\/\/elfsight.com\/es\/all-in-one-chat-widget\/weebly\/","og_site_name":"Elfsight ES","article_modified_time":"2025-02-06T15:04:49+00:00","twitter_card":"summary_large_image","twitter_misc":{"Tiempo de lectura":"4 minutos"},"schema":{"@context":"https:\/\/schema.org","@graph":[{"@type":"WebPage","@id":"https:\/\/elfsight.com\/es\/all-in-one-chat-widget\/weebly\/","url":"https:\/\/elfsight.com\/es\/all-in-one-chat-widget\/weebly\/","name":"Chat en vivo: agregue el widget de chat en l\u00ednea a los sitios web de Weebly (f\u00e1cil y gratis)","isPartOf":{"@id":"https:\/\/elfsight.com\/es\/#website"},"datePublished":"2024-05-03T06:26:45+00:00","dateModified":"2025-02-06T15:04:49+00:00","description":"Agrega tu aplicaci\u00f3n All-in-One Live Chat a Weebly en 1-2-3. Utilice nuestra demostraci\u00f3n activa para crear su aplicaci\u00f3n \u00fanica de chat en l\u00ednea de forma r\u00e1pida y sin codificaci\u00f3n.","breadcrumb":{"@id":"https:\/\/elfsight.com\/es\/all-in-one-chat-widget\/weebly\/#breadcrumb"},"inLanguage":"es","potentialAction":[{"@type":"ReadAction","target":["https:\/\/elfsight.com\/es\/all-in-one-chat-widget\/weebly\/"]}]},{"@type":"BreadcrumbList","@id":"https:\/\/elfsight.com\/es\/all-in-one-chat-widget\/weebly\/#breadcrumb","itemListElement":[{"@type":"ListItem","position":1,"name":"Home","item":"https:\/\/elfsight.com\/es\/"},{"@type":"ListItem","position":2,"name":"All-in-One Chat","item":"https:\/\/elfsight.com\/es\/all-in-one-chat-widget\/"},{"@type":"ListItem","position":3,"name":"All-in-One Chat &#8211; Weebly"}]},{"@type":"WebSite","@id":"https:\/\/elfsight.com\/es\/#website","url":"https:\/\/elfsight.com\/es\/","name":"Elfsight ES","description":"Just another Elfsight Sites site","potentialAction":[{"@type":"SearchAction","target":{"@type":"EntryPoint","urlTemplate":"https:\/\/elfsight.com\/es\/?s={search_term_string}"},"query-input":{"@type":"PropertyValueSpecification","valueRequired":true,"valueName":"search_term_string"}}],"inLanguage":"es"}]}},"meta_box":{"industry":"","seo_heading":"","heading":"","description":"","cta_heading":"","cta_description":"","application":"416","h1":"Aplicaci\u00f3n Weebly Live Chat","h1_caption":"Ofrezca a sus clientes la posibilidad de comunicarse con usted en m\u00faltiples plataformas de mensajer\u00eda como WhatsApp, Facebook, Telegram y m\u00e1s desde una aplicaci\u00f3n en su sitio web Weebly sin esfuerzo.","application_category":[],"applications_title":"","applications_request_title":"","applications_request_button_text":"","hero_text":"","hero_video":"","hero_video_schema_markup":"","selling_points_title":"","selling_points_caption":"","selling_points":[],"selling_points_cta_text":"","features_title":"","features":"","ed_cta_examples_text":"","ed_cta_examples_hidden":"","ed_cta_demo_text":"","ed_cta_demo_hidden":"","why_caption":"","why_editor_title":"","why_editor_text":"","why_team_title":"","why_team_text":"","why_service_title":"","why_service_text":"","template_catalog_visible":"","template_catalog_title":"","template_catalog_text":"","template_catalog_categories_visible":"","demo_title":"Crea tu aplicaci\u00f3n de chat todo en uno","demo_caption":"\u00a1Configura tu Chat Todo en Uno y agr\u00e9galo a tu sitio web Weebly gratis!","default_faq_hidden":"","app_template_category":[],"platform":"109","template_public_id":"","codecanyon_url":"","codecanyon_item_id":"","codecanyon_price":"","pricing_caption":"","pricing_elfsight_apps_hide_column":"","pricing_elfsight_apps_url":"","pricing_codecanyon_price_caption":"","integration_category":[],"integration_request_title":"","integration_request_cta":"","integration_platform":"","integrations":[],"platform_category":[],"video_schema_markup":"","price":"desde $0 \/ mes","trial":"","benefits":[{"text":"Asistencia de instalaci\u00f3n gratuita"},{"text":"Soporte premium"},{"text":"Garant\u00eda de devoluci\u00f3n de dinero de 14 d\u00edas"},{"text":"Actualizando constantemente"}],"button_url":"#demo","button_target_blank":"","button_nofollow":"","attributes":[{"name":"Instalaciones","content":"100,000 - 500,000"},{"name":"Sensible","content":"S\u00ed"},{"name":"Navegadores compatibles","content":"Firefox, Safari, Opera, Chrome, Edge"}],"tags":[],"tags_disable_links":"","hide_more_platforms":"","video_object":"","demo_hide_cta":"","demo_hide_cloud_options":"","pricing_title":"","pricing":[{"pricing_icon":"platform","pricing_title":"Elfsight Apps","pricing_title_caption":"Software multiplataforma","pricing_price":"desde $0 \/ mes","pricing_price_caption":"comienza con un plan gratuito","pricing_benefits":[{"text":"Dominios ilimitados"},{"text":"Atenci\u00f3n al cliente r\u00e1pida"},{"text":"Soporte de instalaci\u00f3n gratuito"},{"text":"Dise\u00f1o flexible"}],"pricing_button_text":"A\u00f1adir al sitio web","pricing_button_url":"#demo"}],"related_apps_title":"","related_apps_hidden":"","author":"","image":[],"title":"","job":"","social_networks":[]},"_links":{"self":[{"href":"https:\/\/elfsight.com\/es\/wp-json\/wp\/v2\/pages\/15618","targetHints":{"allow":["GET"]}}],"collection":[{"href":"https:\/\/elfsight.com\/es\/wp-json\/wp\/v2\/pages"}],"about":[{"href":"https:\/\/elfsight.com\/es\/wp-json\/wp\/v2\/types\/page"}],"author":[{"embeddable":true,"href":"https:\/\/elfsight.com\/es\/wp-json\/wp\/v2\/users\/9"}],"replies":[{"embeddable":true,"href":"https:\/\/elfsight.com\/es\/wp-json\/wp\/v2\/comments?post=15618"}],"version-history":[{"count":3,"href":"https:\/\/elfsight.com\/es\/wp-json\/wp\/v2\/pages\/15618\/revisions"}],"predecessor-version":[{"id":17870,"href":"https:\/\/elfsight.com\/es\/wp-json\/wp\/v2\/pages\/15618\/revisions\/17870"}],"up":[{"embeddable":true,"href":"https:\/\/elfsight.com\/es\/wp-json\/wp\/v2\/pages\/418"}],"wp:attachment":[{"href":"https:\/\/elfsight.com\/es\/wp-json\/wp\/v2\/media?parent=15618"}],"curies":[{"name":"wp","href":"https:\/\/api.w.org\/{rel}","templated":true}]}}