{"id":15617,"date":"2024-05-03T06:26:46","date_gmt":"2024-05-03T06:26:46","guid":{"rendered":"https:\/\/elfsight.com\/es\/?page_id=15617"},"modified":"2025-02-06T15:04:49","modified_gmt":"2025-02-06T15:04:49","slug":"webnode","status":"publish","type":"page","link":"https:\/\/elfsight.com\/es\/all-in-one-chat-widget\/webnode\/","title":{"rendered":"All-in-One Chat &#8211; Webnode"},"content":{"rendered":"<div class=\"application-platform-content-item-description application-platform-content-item\" id=\"description\" data-nav-section=\"description\"> <h2>Descripci\u00f3n<\/h2> <p>La caja de chat Todo en Uno de Elfsight es una de las herramientas m\u00e1s pr\u00e1cticas para que las personas se comuniquen contigo y resuelvan sus preguntas. Mantente disponible en vivo en todos los mensajeros m\u00e1s populares las 24 horas del d\u00eda, los 7 d\u00edas de la semana. Integra el widget en tu p\u00e1gina web y puede estar activo solo en p\u00e1ginas espec\u00edficas o para categor\u00edas de audiencia seleccionadas, asigna activadores para iniciar el chat, redacta tu mensaje de bienvenida, elige iconos y mucho m\u00e1s. Con el widget en tu sitio web, podr\u00e1s estar disponible para los visitantes en cualquier momento y desde cualquier lugar.<\/p> <p><b>Mantente f\u00e1cil de contactar y r\u00e1pido para responder, mejorando las compras a trav\u00e9s de la consulta<\/b><\/p> <\/div> <div class=\"application-platform-content-item-features application-platform-content-item\" id=\"features\" data-nav-section=\"features\"> <h2>Consulta la lista de las caracter\u00edsticas m\u00e1s potentes: <\/h2> <ul><li>Agrega el messenger Todo en Uno en tu sitio web para chatear con los usuarios.<\/li><li>3 variantes de posici\u00f3n del chat: burbuja flotante, burbuja incrustada y ventana de chat incrustada.<\/li><li>Una biblioteca de iconos de burbujas para que elijas.<\/li><li>T\u00edtulo maleable para el chat con la imagen de la p\u00e1gina, nombre y subt\u00edtulo.<\/li><li>Selecciona la imagen de la p\u00e1gina por defecto, desde nuestra colecci\u00f3n o sube tu propia imagen.<\/li><\/ul><p><a href=\"#demo\">Solo prueba esta demo para obtener la idea completa<\/a><\/p> <\/div> <div class=\"application-platform-content-item-installation application-platform-content-item\" id=\"installation\" data-nav-section=\"installation\"> <h2>\u00bfC\u00f3mo agregar el Chat Todo en Uno en mi sitio Webnode?<\/h2> <p>Sigue estos sencillos pasos para comenzar a trabajar con el widget.<\/p> <ol><li><b>Usa nuestro editor gratuito y comienza a crear tu plugin personalizado.<\/b><br> Elige el dise\u00f1o y las opciones del widget y guarda las modificaciones.<\/li><li><b>Obt\u00e9n el c\u00f3digo \u00fanico que aparecer\u00e1 en el formulario especial de Elfsight Apps.<\/b><br> Una vez que el plugin est\u00e9 configurado, copia el c\u00f3digo en el popup y gu\u00e1rdalo para futuras ocasiones.<\/li><li><b>Comienza a usar el plugin en tu p\u00e1gina Webnode.<\/b><br> Agrega el c\u00f3digo que copiaste en tu sitio web y guarda los cambios.<\/li><li><b>\u00a1Listo! La integraci\u00f3n est\u00e1 completada.<\/b><br> Visita tu sitio web para revisar c\u00f3mo funciona el cuadro de chat en l\u00ednea.<\/li><\/ol> <p>Si tienes preguntas o encuentras problemas, no dudes en contactar con nuestro equipo de soporte. Nuestros consultores estar\u00e1n encantados de resolver cualquier inconveniente que tengas con el widget.<\/p> <div class=\"faq\" data-component=\"FAQ\"><div class=\"faq-item\">\r\n\t\t\t\t\t<div class=\"faq-item-question\">\r\n\t\t\t\t\t\t<h3 class=\"faq-item-question-text\">\u00bfC\u00f3mo puedo agregar el Chat Todo en Uno a mi sitio Webnode sin conocimientos de programaci\u00f3n?<\/h3>\r\n\r\n\t\t\t\t\t\t<div class=\"faq-item-question-icon\"><\/div>\r\n\t\t\t\t\t<\/div>\r\n\r\n\t\t\t\t\t<div class=\"faq-item-answer\">\r\n\t\t\t\t\t\t<div class=\"faq-item-answer-text\"><p>Elfsight ofrece una soluci\u00f3n SaaS que te permite crear un widget Todo en Uno sin necesidad de codificar. Trabaja directamente en el Editor en l\u00ednea para crear el widget de Chat Todo en Uno que deseas ver en tu sitio Webnode. Escoge una de las plantillas predise\u00f1adas, ajusta la configuraci\u00f3n del Chat Todo en Uno, agrega tu contenido, cambia el dise\u00f1o y los colores sin ning\u00fan conocimiento de programaci\u00f3n. Guarda el Chat Todo en Uno y copia su c\u00f3digo de instalaci\u00f3n, que podr\u00e1s incrustar f\u00e1cilmente en tu sitio Webnode sin necesidad de una suscripci\u00f3n de pago. Con nuestro Editor intuitivo, cualquier usuario de Internet puede crear un widget Todo en Uno en l\u00ednea e incrustarlo f\u00e1cilmente en su sitio Webnode. No es necesario pagar ni ingresar los datos de tu tarjeta para acceder al servicio. Si tienes problemas en cualquier paso, no dudes en contactar con nuestro equipo de soporte t\u00e9cnico.<\/p><\/div>\r\n\t\t\t\t\t<\/div>\r\n\t\t\t\t<\/div><\/div><\/div>","protected":false},"excerpt":{"rendered":"","protected":false},"author":9,"featured_media":0,"parent":418,"menu_order":0,"comment_status":"closed","ping_status":"closed","template":"templates\/template-application-platform.php","meta":{"publish_to_discourse":"","publish_post_category":"","wpdc_auto_publish_overridden":"","wpdc_topic_tags":"","wpdc_pin_topic":"","wpdc_pin_until":"","discourse_post_id":"","discourse_permalink":"","wpdc_publishing_response":"","wpdc_publishing_error":"","footnotes":""},"class_list":["post-15617","page","type-page","status-publish","hentry"],"yoast_head":"<!-- This site is optimized with the Yoast SEO plugin v25.3.1 - https:\/\/yoast.com\/wordpress\/plugins\/seo\/ -->\n<title>Chat en vivo: agregue un cuadro de chat en l\u00ednea a los sitios web de Webnode (f\u00e1cil y gratis)<\/title>\n<meta name=\"description\" content=\"Incrusta tu widget All-in-One Live Chat en Webnode en 1-2-3. Utilice nuestra pr\u00e1ctica demostraci\u00f3n para crear su exclusivo cuadro de chat en l\u00ednea sin esfuerzo y sin codificaci\u00f3n.\" \/>\n<meta name=\"robots\" content=\"index, follow, max-snippet:-1, max-image-preview:large, max-video-preview:-1\" \/>\n<link rel=\"canonical\" href=\"https:\/\/elfsight.com\/es\/all-in-one-chat-widget\/webnode\/\" \/>\n<meta property=\"og:locale\" content=\"es_ES\" \/>\n<meta property=\"og:type\" content=\"article\" \/>\n<meta property=\"og:title\" content=\"Chat en vivo: agregue un cuadro de chat en l\u00ednea a los sitios web de Webnode (f\u00e1cil y gratis)\" \/>\n<meta property=\"og:description\" content=\"Incrusta tu widget All-in-One Live Chat en Webnode en 1-2-3. Utilice nuestra pr\u00e1ctica demostraci\u00f3n para crear su exclusivo cuadro de chat en l\u00ednea sin esfuerzo y sin codificaci\u00f3n.\" \/>\n<meta property=\"og:url\" content=\"https:\/\/elfsight.com\/es\/all-in-one-chat-widget\/webnode\/\" \/>\n<meta property=\"og:site_name\" content=\"Elfsight ES\" \/>\n<meta property=\"article:modified_time\" content=\"2025-02-06T15:04:49+00:00\" \/>\n<meta name=\"twitter:card\" content=\"summary_large_image\" \/>\n<meta name=\"twitter:label1\" content=\"Tiempo de lectura\" \/>\n\t<meta name=\"twitter:data1\" content=\"3 minutos\" \/>\n<!-- \/ Yoast SEO plugin. -->","yoast_head_json":{"title":"Chat en vivo: agregue un cuadro de chat en l\u00ednea a los sitios web de Webnode (f\u00e1cil y gratis)","description":"Incrusta tu widget All-in-One Live Chat en Webnode en 1-2-3. Utilice nuestra pr\u00e1ctica demostraci\u00f3n para crear su exclusivo cuadro de chat en l\u00ednea sin esfuerzo y sin codificaci\u00f3n.","robots":{"index":"index","follow":"follow","max-snippet":"max-snippet:-1","max-image-preview":"max-image-preview:large","max-video-preview":"max-video-preview:-1"},"canonical":"https:\/\/elfsight.com\/es\/all-in-one-chat-widget\/webnode\/","og_locale":"es_ES","og_type":"article","og_title":"Chat en vivo: agregue un cuadro de chat en l\u00ednea a los sitios web de Webnode (f\u00e1cil y gratis)","og_description":"Incrusta tu widget All-in-One Live Chat en Webnode en 1-2-3. Utilice nuestra pr\u00e1ctica demostraci\u00f3n para crear su exclusivo cuadro de chat en l\u00ednea sin esfuerzo y sin codificaci\u00f3n.","og_url":"https:\/\/elfsight.com\/es\/all-in-one-chat-widget\/webnode\/","og_site_name":"Elfsight ES","article_modified_time":"2025-02-06T15:04:49+00:00","twitter_card":"summary_large_image","twitter_misc":{"Tiempo de lectura":"3 minutos"},"schema":{"@context":"https:\/\/schema.org","@graph":[{"@type":"WebPage","@id":"https:\/\/elfsight.com\/es\/all-in-one-chat-widget\/webnode\/","url":"https:\/\/elfsight.com\/es\/all-in-one-chat-widget\/webnode\/","name":"Chat en vivo: agregue un cuadro de chat en l\u00ednea a los sitios web de Webnode (f\u00e1cil y gratis)","isPartOf":{"@id":"https:\/\/elfsight.com\/es\/#website"},"datePublished":"2024-05-03T06:26:46+00:00","dateModified":"2025-02-06T15:04:49+00:00","description":"Incrusta tu widget All-in-One Live Chat en Webnode en 1-2-3. Utilice nuestra pr\u00e1ctica demostraci\u00f3n para crear su exclusivo cuadro de chat en l\u00ednea sin esfuerzo y sin codificaci\u00f3n.","breadcrumb":{"@id":"https:\/\/elfsight.com\/es\/all-in-one-chat-widget\/webnode\/#breadcrumb"},"inLanguage":"es","potentialAction":[{"@type":"ReadAction","target":["https:\/\/elfsight.com\/es\/all-in-one-chat-widget\/webnode\/"]}]},{"@type":"BreadcrumbList","@id":"https:\/\/elfsight.com\/es\/all-in-one-chat-widget\/webnode\/#breadcrumb","itemListElement":[{"@type":"ListItem","position":1,"name":"Home","item":"https:\/\/elfsight.com\/es\/"},{"@type":"ListItem","position":2,"name":"All-in-One Chat","item":"https:\/\/elfsight.com\/es\/all-in-one-chat-widget\/"},{"@type":"ListItem","position":3,"name":"All-in-One Chat &#8211; Webnode"}]},{"@type":"WebSite","@id":"https:\/\/elfsight.com\/es\/#website","url":"https:\/\/elfsight.com\/es\/","name":"Elfsight ES","description":"Just another Elfsight Sites site","potentialAction":[{"@type":"SearchAction","target":{"@type":"EntryPoint","urlTemplate":"https:\/\/elfsight.com\/es\/?s={search_term_string}"},"query-input":{"@type":"PropertyValueSpecification","valueRequired":true,"valueName":"search_term_string"}}],"inLanguage":"es"}]}},"meta_box":{"industry":"","seo_heading":"","heading":"","description":"","cta_heading":"","cta_description":"","application":"416","h1":"Widget de chat en vivo de Webnode","h1_caption":"Ofrezca a sus clientes la posibilidad de comunicarse con usted en m\u00faltiples plataformas de mensajer\u00eda como WhatsApp, Facebook, Telegram y m\u00e1s desde un widget en su sitio web Webnode sin esfuerzo.","application_category":[],"applications_title":"","applications_request_title":"","applications_request_button_text":"","hero_text":"","hero_video":"","hero_video_schema_markup":"","selling_points_title":"","selling_points_caption":"","selling_points":[],"selling_points_cta_text":"","features_title":"","features":"","ed_cta_examples_text":"","ed_cta_examples_hidden":"","ed_cta_demo_text":"","ed_cta_demo_hidden":"","why_caption":"","why_editor_title":"","why_editor_text":"","why_team_title":"","why_team_text":"","why_service_title":"","why_service_text":"","template_catalog_visible":"","template_catalog_title":"","template_catalog_text":"","template_catalog_categories_visible":"","demo_title":"Crea tu widget de chat todo en uno","demo_caption":"\u00a1Configura tu Chat Todo en Uno y agr\u00e9galo a tu sitio web Webnode gratis!","default_faq_hidden":"","app_template_category":[],"platform":"2302","template_public_id":"","codecanyon_url":"","codecanyon_item_id":"","codecanyon_price":"","pricing_caption":"","pricing_elfsight_apps_hide_column":"","pricing_elfsight_apps_url":"","pricing_codecanyon_price_caption":"","integration_category":[],"integration_request_title":"","integration_request_cta":"","integration_platform":"","integrations":[],"platform_category":[],"video_schema_markup":"","price":"desde $0 \/ mes","trial":"","benefits":[{"text":"Ayuda de instalaci\u00f3n gratuita"},{"text":"Servicio al cliente competente"},{"text":"Garant\u00eda de reembolso de 14 d\u00edas"},{"text":"Mejoras peri\u00f3dicas"}],"button_url":"#demo","button_target_blank":"","button_nofollow":"","attributes":[{"name":"Instalaciones","content":"100,000 - 500,000"},{"name":"Sensible","content":"S\u00ed"},{"name":"Navegadores compatibles","content":"Firefox, Safari, Opera, Chrome, Edge"}],"tags":[],"tags_disable_links":"","hide_more_platforms":"","video_object":"","demo_hide_cta":"","demo_hide_cloud_options":"","pricing_title":"","pricing":[{"pricing_icon":"platform","pricing_title":"Elfsight Apps","pricing_title_caption":"Versi\u00f3n multiplataforma","pricing_price":"desde $0 \/ mes","pricing_price_caption":"comienza con el plan gratuito","pricing_benefits":[{"text":"Sitios web ilimitados"},{"text":"Atenci\u00f3n al cliente premium"},{"text":"Asistencia de instalaci\u00f3n gratuita"},{"text":"Precio a alcanzar para m\u00faltiples aplicaciones"}],"pricing_button_text":"A\u00f1adir al sitio web","pricing_button_url":"#demo"}],"related_apps_title":"","related_apps_hidden":"","author":"","image":[],"title":"","job":"","social_networks":[]},"_links":{"self":[{"href":"https:\/\/elfsight.com\/es\/wp-json\/wp\/v2\/pages\/15617","targetHints":{"allow":["GET"]}}],"collection":[{"href":"https:\/\/elfsight.com\/es\/wp-json\/wp\/v2\/pages"}],"about":[{"href":"https:\/\/elfsight.com\/es\/wp-json\/wp\/v2\/types\/page"}],"author":[{"embeddable":true,"href":"https:\/\/elfsight.com\/es\/wp-json\/wp\/v2\/users\/9"}],"replies":[{"embeddable":true,"href":"https:\/\/elfsight.com\/es\/wp-json\/wp\/v2\/comments?post=15617"}],"version-history":[{"count":3,"href":"https:\/\/elfsight.com\/es\/wp-json\/wp\/v2\/pages\/15617\/revisions"}],"predecessor-version":[{"id":17869,"href":"https:\/\/elfsight.com\/es\/wp-json\/wp\/v2\/pages\/15617\/revisions\/17869"}],"up":[{"embeddable":true,"href":"https:\/\/elfsight.com\/es\/wp-json\/wp\/v2\/pages\/418"}],"wp:attachment":[{"href":"https:\/\/elfsight.com\/es\/wp-json\/wp\/v2\/media?parent=15617"}],"curies":[{"name":"wp","href":"https:\/\/api.w.org\/{rel}","templated":true}]}}