{"id":15616,"date":"2024-05-03T06:26:47","date_gmt":"2024-05-03T06:26:47","guid":{"rendered":"https:\/\/elfsight.com\/es\/?page_id=15616"},"modified":"2025-02-06T15:04:49","modified_gmt":"2025-02-06T15:04:49","slug":"webflow","status":"publish","type":"page","link":"https:\/\/elfsight.com\/es\/all-in-one-chat-widget\/webflow\/","title":{"rendered":"All-in-One Chat &#8211; Webflow"},"content":{"rendered":"<div class=\"application-platform-content-item-description application-platform-content-item\" id=\"description\" data-nav-section=\"description\"> <h2>Incorpora el Chat Todo en Uno en Webflow con el widget de Elfsight<\/h2> <p>La caja de chat Todo en Uno de Elfsight es una de las herramientas m\u00e1s r\u00e1pidas para que los usuarios se comuniquen contigo y reciban soporte. Podr\u00e1s estar disponible en l\u00ednea en todos los chats m\u00e1s utilizados de forma continua. Integra el widget en tu sitio web y config\u00faralo para que aparezca en p\u00e1ginas espec\u00edficas o para categor\u00edas de visitantes seleccionados, elige los activadores para iniciar el chat, escribe tu mensaje de bienvenida, selecciona \u00edconos y mucho m\u00e1s. Al tener el widget funcionando, estar\u00e1s disponible para las personas en cualquier momento y desde cualquier lugar.<\/p> <p><b>Obt\u00e9n m\u00e1s prospectos mediante contacto directo<\/b><\/p> <\/div> <div class=\"application-platform-content-item-features application-platform-content-item\" id=\"features\" data-nav-section=\"features\"> <h2>Descubre las mejores caracter\u00edsticas del widget: <\/h2> <ul><li>Integra el messenger Todo en Uno en tu sitio web para chatear con los usuarios.<\/li><li>3 tipos de posici\u00f3n del chat: burbuja flotante, burbuja incrustada y ventana de chat incrustada.<\/li><li>Una biblioteca de iconos de burbujas para elegir.<\/li><li>T\u00edtulo flexible para el chat con la imagen de la p\u00e1gina, nombre y subt\u00edtulo.<\/li><li>Selecciona la imagen de la p\u00e1gina por defecto, desde nuestra biblioteca o sube tu propia imagen.<\/li><\/ul><div class=\"faq\" data-component=\"FAQ\"><div class=\"faq-item\">\r\n\t\t\t\t\t<div class=\"faq-item-question\">\r\n\t\t\t\t\t\t<h3 class=\"faq-item-question-text\">\u00bfC\u00f3mo agregar el Chat Todo en Uno a una p\u00e1gina de Webflow?<\/h3>\r\n\r\n\t\t\t\t\t\t<div class=\"faq-item-question-icon\"><\/div>\r\n\t\t\t\t\t<\/div>\r\n\r\n\t\t\t\t\t<div class=\"faq-item-answer\">\r\n\t\t\t\t\t\t<div class=\"faq-item-answer-text\"><p>Agregar el chat a tu sitio web tomar\u00e1 solo unos 90 segundos. Adem\u00e1s, no necesitas conocimientos en programaci\u00f3n web.<\/p><ol><li>Personaliza el widget de Webflow en el configurador gratuito en vivo.<\/li><li>Haz clic en el c\u00f3digo para copiarlo.<\/li><li>Agrega el c\u00f3digo en el lugar necesario dentro de la plantilla de tu sitio.<\/li><li>\u00a1Eso es todo! El widget de chat ahora est\u00e1 en vivo en Webflow.<\/li><\/ol><p>\u00bfTienes problemas para incrustar el widget de chat en Webflow o configurarlo? Puedes encontrar la gu\u00eda completa en esta p\u00e1gina.<\/p><p><a href=\"#demo\">Solo prueba esta demo para ver c\u00f3mo funciona<\/a><\/p> <\/div>\r\n\t\t\t\t\t<\/div>\r\n\t\t\t\t<\/div><div class=\"faq-item\">\r\n\t\t\t\t\t<div class=\"faq-item-question\">\r\n\t\t\t\t\t\t<h3 class=\"faq-item-question-text\">\u00bfPuedo ver c\u00f3mo se ver\u00e1 el widget en mi sitio?<\/h3>\r\n\r\n\t\t\t\t\t\t<div class=\"faq-item-question-icon\"><\/div>\r\n\t\t\t\t\t<\/div>\r\n\r\n\t\t\t\t\t<div class=\"faq-item-answer\">\r\n\t\t\t\t\t\t<div class=\"faq-item-answer-text\"><p>\u00a1Por supuesto! Cuando crees el widget de chat en Webflow en el <a href=\"https:\/\/elfsight.com\/all-in-one-chat-widget\/#demo\">construido gratuito en l\u00ednea<\/a>, podr\u00e1s ver todas las revisiones en el lado derecho. El cuadro de chat se ver\u00e1 exactamente igual a como aparecer\u00e1 en tu sitio Webflow.<\/p><\/div>\r\n\t\t\t\t\t<\/div>\r\n\t\t\t\t<\/div><div class=\"faq-item\">\r\n\t\t\t\t\t<div class=\"faq-item-question\">\r\n\t\t\t\t\t\t<h3 class=\"faq-item-question-text\">\u00bfQu\u00e9 otros widgets son esenciales para un sitio Webflow?<\/h3>\r\n\r\n\t\t\t\t\t\t<div class=\"faq-item-question-icon\"><\/div>\r\n\t\t\t\t\t<\/div>\r\n\r\n\t\t\t\t\t<div class=\"faq-item-answer\">\r\n\t\t\t\t\t\t<div class=\"faq-item-answer-text\"><p>Webflow es una plataforma que promueve la filosof\u00eda de no-c\u00f3digo. Con esta herramienta para crear sitios web, puedes construir un sitio para casi cualquier prop\u00f3sito: desde un portafolio hasta una peque\u00f1a tienda de comercio electr\u00f3nico.<\/p><p>Elfsight te ayudar\u00e1 a mejorar la funcionalidad de tu sitio Webflow con las siguientes herramientas: <a href=\"https:\/\/elfsight.com\/online-form-builder\/webflow\/\">Form Builder<\/a>, <a href=\"https:\/\/elfsight.com\/cookie-consent-widget\/webflow\/\">Banner de Consentimiento de Cookies<\/a>, <a href=\"https:\/\/elfsight.com\/popup-widget\/webflow\/\">Widget de Popup<\/a>, <a href=\"https:\/\/elfsight.com\/instagram-feed-instashow\/webflow\/\">Instagram Feed<\/a>, y <a href=\"https:\/\/elfsight.com\/slider-widget\/webflow\/\">Slider<\/a>. \u00a1Simplemente elige la que m\u00e1s te guste y comienza a obtener ganancias de inmediato!<\/p><\/div>\r\n\t\t\t\t\t<\/div>\r\n\t\t\t\t<\/div><\/div><\/div> <div class=\"application-platform-content-item-installation application-platform-content-item\" id=\"installation\" data-nav-section=\"installation\"> <h2>\u00bfC\u00f3mo agregar el widget de Chat en Vivo a mi sitio Webflow?<\/h2><div class=\"video-container\"><iframe width=\"720\" height=\"405\" src=\"https:\/\/www.youtube.com\/embed\/ScRcsa8EdGI\" frameborder=\"0\" allowfullscreen=\"\"><\/iframe><\/div><p>Solo sigue las instrucciones a continuaci\u00f3n para comenzar a usar la herramienta.<\/p> <ol><li><b>Lanza nuestra demo gratuita y empieza a personalizar tu widget.<\/b><br> Especifica el dise\u00f1o y las caracter\u00edsticas funcionales del plugin y aplica las modificaciones.<\/li><li><b>Recibe el c\u00f3digo \u00fanico que aparecer\u00e1 en la ventana de Elfsight Apps.<\/b><br> Despu\u00e9s de generar tu plugin personalizado, copia el c\u00f3digo en el popup y gu\u00e1rdalo para futuras ocasiones.<\/li><li><b>Comienza a usar el widget en tu p\u00e1gina Webflow.<\/b><br> Pega el c\u00f3digo copiado en tu sitio web y guarda los cambios.<\/li><li><b>\u00a1Listo! La integraci\u00f3n se ha completado con \u00e9xito.<\/b><br> Visita tu sitio web para ver c\u00f3mo funciona el cuadro de chat en l\u00ednea.<\/li><\/ol> <p>Si tienes alguna duda o problema, no dudes en contactar con nuestro equipo de soporte. Estaremos encantados de ayudarte con cualquier dificultad que tengas con el widget.<\/p> <\/div>","protected":false},"excerpt":{"rendered":"","protected":false},"author":9,"featured_media":0,"parent":418,"menu_order":0,"comment_status":"closed","ping_status":"closed","template":"templates\/template-application-platform.php","meta":{"publish_to_discourse":"","publish_post_category":"","wpdc_auto_publish_overridden":"","wpdc_topic_tags":"","wpdc_pin_topic":"","wpdc_pin_until":"","discourse_post_id":"","discourse_permalink":"","wpdc_publishing_response":"","wpdc_publishing_error":"","footnotes":""},"class_list":["post-15616","page","type-page","status-publish","hentry"],"yoast_head":"<!-- This site is optimized with the Yoast SEO plugin v25.3.1 - https:\/\/yoast.com\/wordpress\/plugins\/seo\/ -->\n<title>Chat en vivo: agregue el widget de chat en l\u00ednea a los sitios web de Webflow (f\u00e1cil y gratis)<\/title>\n<meta name=\"description\" content=\"Incorpore r\u00e1pidamente su widget de chat en vivo todo en uno en el sitio web de Webflow. Utilice nuestra pr\u00e1ctica demostraci\u00f3n para crear su exclusivo cuadro de chat en l\u00ednea f\u00e1cilmente y sin codificaci\u00f3n.\" \/>\n<meta name=\"robots\" content=\"index, follow, max-snippet:-1, max-image-preview:large, max-video-preview:-1\" \/>\n<link rel=\"canonical\" href=\"https:\/\/elfsight.com\/es\/all-in-one-chat-widget\/webflow\/\" \/>\n<meta property=\"og:locale\" content=\"es_ES\" \/>\n<meta property=\"og:type\" content=\"article\" \/>\n<meta property=\"og:title\" content=\"Chat en vivo: agregue el widget de chat en l\u00ednea a los sitios web de Webflow (f\u00e1cil y gratis)\" \/>\n<meta property=\"og:description\" content=\"Incorpore r\u00e1pidamente su widget de chat en vivo todo en uno en el sitio web de Webflow. Utilice nuestra pr\u00e1ctica demostraci\u00f3n para crear su exclusivo cuadro de chat en l\u00ednea f\u00e1cilmente y sin codificaci\u00f3n.\" \/>\n<meta property=\"og:url\" content=\"https:\/\/elfsight.com\/es\/all-in-one-chat-widget\/webflow\/\" \/>\n<meta property=\"og:site_name\" content=\"Elfsight ES\" \/>\n<meta property=\"article:modified_time\" content=\"2025-02-06T15:04:49+00:00\" \/>\n<meta name=\"twitter:card\" content=\"summary_large_image\" \/>\n<meta name=\"twitter:label1\" content=\"Tiempo de lectura\" \/>\n\t<meta name=\"twitter:data1\" content=\"3 minutos\" \/>\n<!-- \/ Yoast SEO plugin. -->","yoast_head_json":{"title":"Chat en vivo: agregue el widget de chat en l\u00ednea a los sitios web de Webflow (f\u00e1cil y gratis)","description":"Incorpore r\u00e1pidamente su widget de chat en vivo todo en uno en el sitio web de Webflow. Utilice nuestra pr\u00e1ctica demostraci\u00f3n para crear su exclusivo cuadro de chat en l\u00ednea f\u00e1cilmente y sin codificaci\u00f3n.","robots":{"index":"index","follow":"follow","max-snippet":"max-snippet:-1","max-image-preview":"max-image-preview:large","max-video-preview":"max-video-preview:-1"},"canonical":"https:\/\/elfsight.com\/es\/all-in-one-chat-widget\/webflow\/","og_locale":"es_ES","og_type":"article","og_title":"Chat en vivo: agregue el widget de chat en l\u00ednea a los sitios web de Webflow (f\u00e1cil y gratis)","og_description":"Incorpore r\u00e1pidamente su widget de chat en vivo todo en uno en el sitio web de Webflow. Utilice nuestra pr\u00e1ctica demostraci\u00f3n para crear su exclusivo cuadro de chat en l\u00ednea f\u00e1cilmente y sin codificaci\u00f3n.","og_url":"https:\/\/elfsight.com\/es\/all-in-one-chat-widget\/webflow\/","og_site_name":"Elfsight ES","article_modified_time":"2025-02-06T15:04:49+00:00","twitter_card":"summary_large_image","twitter_misc":{"Tiempo de lectura":"3 minutos"},"schema":{"@context":"https:\/\/schema.org","@graph":[{"@type":"WebPage","@id":"https:\/\/elfsight.com\/es\/all-in-one-chat-widget\/webflow\/","url":"https:\/\/elfsight.com\/es\/all-in-one-chat-widget\/webflow\/","name":"Chat en vivo: agregue el widget de chat en l\u00ednea a los sitios web de Webflow (f\u00e1cil y gratis)","isPartOf":{"@id":"https:\/\/elfsight.com\/es\/#website"},"datePublished":"2024-05-03T06:26:47+00:00","dateModified":"2025-02-06T15:04:49+00:00","description":"Incorpore r\u00e1pidamente su widget de chat en vivo todo en uno en el sitio web de Webflow. Utilice nuestra pr\u00e1ctica demostraci\u00f3n para crear su exclusivo cuadro de chat en l\u00ednea f\u00e1cilmente y sin codificaci\u00f3n.","breadcrumb":{"@id":"https:\/\/elfsight.com\/es\/all-in-one-chat-widget\/webflow\/#breadcrumb"},"inLanguage":"es","potentialAction":[{"@type":"ReadAction","target":["https:\/\/elfsight.com\/es\/all-in-one-chat-widget\/webflow\/"]}]},{"@type":"BreadcrumbList","@id":"https:\/\/elfsight.com\/es\/all-in-one-chat-widget\/webflow\/#breadcrumb","itemListElement":[{"@type":"ListItem","position":1,"name":"Home","item":"https:\/\/elfsight.com\/es\/"},{"@type":"ListItem","position":2,"name":"All-in-One Chat","item":"https:\/\/elfsight.com\/es\/all-in-one-chat-widget\/"},{"@type":"ListItem","position":3,"name":"All-in-One Chat &#8211; Webflow"}]},{"@type":"WebSite","@id":"https:\/\/elfsight.com\/es\/#website","url":"https:\/\/elfsight.com\/es\/","name":"Elfsight ES","description":"Just another Elfsight Sites site","potentialAction":[{"@type":"SearchAction","target":{"@type":"EntryPoint","urlTemplate":"https:\/\/elfsight.com\/es\/?s={search_term_string}"},"query-input":{"@type":"PropertyValueSpecification","valueRequired":true,"valueName":"search_term_string"}}],"inLanguage":"es"}]}},"meta_box":{"industry":"","seo_heading":"","heading":"","description":"","cta_heading":"","cta_description":"","application":"416","h1":"Widget de chat en vivo de flujo web","h1_caption":"Ofrezca a sus clientes la posibilidad de comunicarse con usted en m\u00faltiples plataformas de mensajer\u00eda como WhatsApp, Facebook, Telegram y m\u00e1s desde un widget en su sitio web Webflow sin esfuerzo.","application_category":[],"applications_title":"","applications_request_title":"","applications_request_button_text":"","hero_text":"","hero_video":"","hero_video_schema_markup":"","selling_points_title":"","selling_points_caption":"","selling_points":[],"selling_points_cta_text":"","features_title":"","features":"","ed_cta_examples_text":"","ed_cta_examples_hidden":"","ed_cta_demo_text":"","ed_cta_demo_hidden":"","why_caption":"","why_editor_title":"","why_editor_text":"","why_team_title":"","why_team_text":"","why_service_title":"","why_service_text":"","template_catalog_visible":"","template_catalog_title":"","template_catalog_text":"","template_catalog_categories_visible":"","demo_title":"Crea tu widget de chat todo en uno","demo_caption":"\u00a1Configura tu Chat Todo en Uno y agr\u00e9galo a tu sitio web Webflow gratis!","default_faq_hidden":"","app_template_category":[],"platform":"106","template_public_id":"","codecanyon_url":"","codecanyon_item_id":"","codecanyon_price":"","pricing_caption":"","pricing_elfsight_apps_hide_column":"","pricing_elfsight_apps_url":"","pricing_codecanyon_price_caption":"","integration_category":[],"integration_request_title":"","integration_request_cta":"","integration_platform":"","integrations":[],"platform_category":[],"video_schema_markup":"","price":"desde $0 \/ mes","trial":"","benefits":[{"text":"Asistencia de instalaci\u00f3n gratuita"},{"text":"Servicio al cliente eficaz"},{"text":"Garant\u00eda de reembolso de 14 d\u00edas"},{"text":"Actualizando constantemente"}],"button_url":"#demo","button_target_blank":"","button_nofollow":"","attributes":[{"name":"Instalaciones","content":"100,000 - 500,000"},{"name":"Sensible","content":"S\u00ed"},{"name":"Navegadores compatibles","content":"Opera, Firefox, Edge, Safari, Chrome"}],"tags":[],"tags_disable_links":"","hide_more_platforms":"","video_object":"","demo_hide_cta":"","demo_hide_cloud_options":"","pricing_title":"","pricing":[{"pricing_icon":"platform","pricing_title":"Elfsight Apps","pricing_title_caption":"Software multiplataforma","pricing_price":"desde $0 \/ mes","pricing_price_caption":"comienza con el plan gratuito","pricing_benefits":[{"text":"N\u00famero ilimitado de dominios"},{"text":"Soporte r\u00e1pido y puntual"},{"text":"Servicio de instalaci\u00f3n gratuito"},{"text":"Oferta especial para m\u00faltiples aplicaciones."}],"pricing_button_text":"A\u00f1adir al sitio web","pricing_button_url":"#demo"}],"related_apps_title":"","related_apps_hidden":"","author":"","image":[],"title":"","job":"","social_networks":[]},"_links":{"self":[{"href":"https:\/\/elfsight.com\/es\/wp-json\/wp\/v2\/pages\/15616","targetHints":{"allow":["GET"]}}],"collection":[{"href":"https:\/\/elfsight.com\/es\/wp-json\/wp\/v2\/pages"}],"about":[{"href":"https:\/\/elfsight.com\/es\/wp-json\/wp\/v2\/types\/page"}],"author":[{"embeddable":true,"href":"https:\/\/elfsight.com\/es\/wp-json\/wp\/v2\/users\/9"}],"replies":[{"embeddable":true,"href":"https:\/\/elfsight.com\/es\/wp-json\/wp\/v2\/comments?post=15616"}],"version-history":[{"count":3,"href":"https:\/\/elfsight.com\/es\/wp-json\/wp\/v2\/pages\/15616\/revisions"}],"predecessor-version":[{"id":17868,"href":"https:\/\/elfsight.com\/es\/wp-json\/wp\/v2\/pages\/15616\/revisions\/17868"}],"up":[{"embeddable":true,"href":"https:\/\/elfsight.com\/es\/wp-json\/wp\/v2\/pages\/418"}],"wp:attachment":[{"href":"https:\/\/elfsight.com\/es\/wp-json\/wp\/v2\/media?parent=15616"}],"curies":[{"name":"wp","href":"https:\/\/api.w.org\/{rel}","templated":true}]}}