{"id":15615,"date":"2024-05-03T06:26:48","date_gmt":"2024-05-03T06:26:48","guid":{"rendered":"https:\/\/elfsight.com\/es\/?page_id=15615"},"modified":"2025-02-06T15:04:49","modified_gmt":"2025-02-06T15:04:49","slug":"squarespace","status":"publish","type":"page","link":"https:\/\/elfsight.com\/es\/all-in-one-chat-widget\/squarespace\/","title":{"rendered":"All-in-One Chat &#8211; Squarespace"},"content":{"rendered":"<div class=\"application-platform-content-item-description application-platform-content-item\" id=\"description\" data-nav-section=\"description\"> <h2>Incorpora el Chat Todo en Uno en Squarespace con el widget de Elfsight<\/h2> <p>El widget de Chat Todo en Uno de Elfsight es una de las maneras m\u00e1s r\u00e1pidas para que las personas se comuniquen contigo y obtengan respuestas a sus consultas. Mantente disponible en l\u00ednea en todos los chats m\u00e1s utilizados. Incorpora el plugin en tu p\u00e1gina web y puede aparecer en p\u00e1ginas seleccionadas o para categor\u00edas de audiencia espec\u00edficas, elige los activadores para iniciar el chat, redacta tu mensaje de bienvenida, selecciona iconos y otras funciones. Al tener el plugin activo, podr\u00e1s ser contactado por los visitantes en cualquier momento y desde cualquier lugar.<\/p> <p><b>Aumenta el n\u00famero de prospectos mediante contactos individuales<\/b><\/p> <\/div> <div class=\"application-platform-content-item-features application-platform-content-item\" id=\"features\" data-nav-section=\"features\"> <h2>Aqu\u00ed est\u00e1n las caracter\u00edsticas esenciales del widget: <\/h2> <ul><li>Agrega el messenger de Chat Todo en Uno en tu sitio web para chatear con los usuarios.<\/li><li>Tres variantes de posici\u00f3n del chat: burbuja flotante, burbuja incrustada y ventana de chat incrustada.<\/li><li>Una biblioteca de iconos de burbujas para elegir.<\/li><li>Encabezado flexible del chat con el logo de la p\u00e1gina, nombre y subt\u00edtulo.<\/li><li>Selecciona la imagen de la p\u00e1gina por defecto, desde nuestra biblioteca o sube tu propia imagen.<\/li><\/ul><p><a href=\"#demo\">Solo prueba esta demo para ver lo que el widget puede ofrecerte<\/a><\/p> <div class=\"faq\" data-component=\"FAQ\"><div class=\"faq-item\">\r\n\t\t\t\t\t<div class=\"faq-item-question\">\r\n\t\t\t\t\t\t<h3 class=\"faq-item-question-text\">\u00bfC\u00f3mo agregar el Chat Todo en Uno a una p\u00e1gina de Squarespace?<\/h3>\r\n\r\n\t\t\t\t\t\t<div class=\"faq-item-question-icon\"><\/div>\r\n\t\t\t\t\t<\/div>\r\n\r\n\t\t\t\t\t<div class=\"faq-item-answer\">\r\n\t\t\t\t\t\t<div class=\"faq-item-answer-text\"><p>Agregarlo a la p\u00e1gina web toma solo unos segundos. Adem\u00e1s, no necesitas tener conocimientos de codificaci\u00f3n.<\/p><ol><li>Personaliza el widget de Squarespace en el configurador gratuito en vivo.<\/li><li>Copia tu c\u00f3digo de instalaci\u00f3n.<\/li><li>Pega el c\u00f3digo en el lugar necesario en el backend de tu sitio.<\/li><li>\u00a1Excelente! La instalaci\u00f3n del plugin de chat en Squarespace est\u00e1 lista.<\/li><\/ol><p>\u00bfTienes problemas al insertar el plugin en Squarespace o al formatear el Chat Todo en Uno? Puedes encontrar una gu\u00eda detallada <a href=\"https:\/\/elfsight.com\/tutorials\/how-to-add-live-chat-to-website\/#how-to-add-live-chat-to-squarespace\">en esta p\u00e1gina<\/a>.<\/p><\/div>\r\n\t\t\t\t\t<\/div>\r\n\t\t\t\t<\/div><div class=\"faq-item\">\r\n\t\t\t\t\t<div class=\"faq-item-question\">\r\n\t\t\t\t\t\t<h3 class=\"faq-item-question-text\">\u00bfPuedo ver c\u00f3mo se ver\u00e1 el widget en un sitio web?<\/h3>\r\n\r\n\t\t\t\t\t\t<div class=\"faq-item-question-icon\"><\/div>\r\n\t\t\t\t\t<\/div>\r\n\r\n\t\t\t\t\t<div class=\"faq-item-answer\">\r\n\t\t\t\t\t\t<div class=\"faq-item-answer-text\"><p>\u00a1Por supuesto! Durante el proceso de creaci\u00f3n del plugin de chat en Squarespace en el <a href=\"https:\/\/elfsight.com\/all-in-one-chat-widget\/#demo\">editor en vivo<\/a>, podr\u00e1s ver todos los cambios en la parte derecha del editor. El cuadro de chat ser\u00e1 id\u00e9ntico a lo que tendr\u00e1s en tu sitio de Squarespace.<\/p><\/div>\r\n\t\t\t\t\t<\/div>\r\n\t\t\t\t<\/div><div class=\"faq-item\">\r\n\t\t\t\t\t<div class=\"faq-item-question\">\r\n\t\t\t\t\t\t<h3 class=\"faq-item-question-text\">\u00bfQu\u00e9 otros widgets son esenciales para un sitio de Squarespace?<\/h3>\r\n\r\n\t\t\t\t\t\t<div class=\"faq-item-question-icon\"><\/div>\r\n\t\t\t\t\t<\/div>\r\n\r\n\t\t\t\t\t<div class=\"faq-item-answer\">\r\n\t\t\t\t\t\t<div class=\"faq-item-answer-text\"><p>Squarespace es una plataforma impresionante para crear casi cualquier tipo de sitio web: desde blogs hasta portfolios. Los sitios de comercio electr\u00f3nico son muy populares entre los usuarios de Squarespace, y Elfsight ofrece muchas herramientas para tu tienda en l\u00ednea.<\/p><p>Por ejemplo, Google Reviews aumentar\u00e1 la confianza en tu marca, el bot\u00f3n de WhatsApp Chat acelerar\u00e1 la comunicaci\u00f3n con tus usuarios. El <a href=\"https:\/\/elfsight.com\/countdown-timer-widget\/squarespace\/\">Contador Regresivo<\/a> aumentar\u00e1 el inter\u00e9s en una incre\u00edble oferta, el <a href=\"https:\/\/elfsight.com\/event-calendar-widget\/squarespace\/\">Calendario de eventos<\/a> te permitir\u00e1 promocionar tus eventos y, finalmente, el <a href=\"https:\/\/elfsight.com\/qr-code-widget\/squarespace\/\">C\u00f3digo QR<\/a> llevar\u00e1 a cualquier p\u00e1gina con informaci\u00f3n detallada.<\/p><\/div>\r\n\t\t\t\t\t<\/div>\r\n\t\t\t\t<\/div><\/div><\/div> <div class=\"application-platform-content-item-installation application-platform-content-item\" id=\"installation\" data-nav-section=\"installation\"> <h2>\u00bfC\u00f3mo integrar el plugin de Chat en Vivo en mi sitio Squarespace? <\/h2> <div class=\"video-container\"><iframe width=\"720\" height=\"405\" src=\"https:\/\/www.youtube.com\/embed\/zBgvDOtNfSg\" frameborder=\"0\" allowfullscreen=\"\"><\/iframe><\/div><p>Sigue estos pasos para integrar el widget.<\/p> <ol><li><b>Lanza nuestro configurador gratuito y comienza a construir tu widget personalizado.<\/b><br> Encuentra el dise\u00f1o y las caracter\u00edsticas del widget y guarda las modificaciones.<\/li><li><b>Obt\u00e9n tu c\u00f3digo \u00fanico que aparecer\u00e1 en el cuadro de Elfsight Apps.<\/b><br> Despu\u00e9s de configurar tu herramienta personalizada, copia el c\u00f3digo \u00fanico de la ventana emergente y gu\u00e1rdalo para uso futuro.<\/li><li><b>Comienza a usar la herramienta en tu p\u00e1gina de Squarespace.<\/b><br> Agrega el c\u00f3digo guardado en tu sitio web y aplica los ajustes.<\/li><li><b>\u00a1Listo! La integraci\u00f3n se ha realizado correctamente.<\/b><br> Ve a tu sitio web y revisa el funcionamiento del Chat en Vivo.<\/li><\/ol> <p>Si tienes alguna pregunta o problemas, no dudes en contactar con nuestro equipo de atenci\u00f3n al cliente. Estaremos encantados de ayudarte a resolver cualquier inconveniente con el widget.<\/p> <\/div>","protected":false},"excerpt":{"rendered":"","protected":false},"author":9,"featured_media":0,"parent":418,"menu_order":0,"comment_status":"closed","ping_status":"closed","template":"templates\/template-application-platform.php","meta":{"publish_to_discourse":"","publish_post_category":"","wpdc_auto_publish_overridden":"","wpdc_topic_tags":"","wpdc_pin_topic":"","wpdc_pin_until":"","discourse_post_id":"","discourse_permalink":"","wpdc_publishing_response":"","wpdc_publishing_error":"","footnotes":""},"class_list":["post-15615","page","type-page","status-publish","hentry"],"yoast_head":"<!-- This site is optimized with the Yoast SEO plugin v25.3.1 - https:\/\/yoast.com\/wordpress\/plugins\/seo\/ -->\n<title>Widget de chat en vivo | Chat en l\u00ednea para sitios web de Squarespace (gratis y f\u00e1cil)<\/title>\n<meta name=\"description\" content=\"Agregue r\u00e1pidamente su complemento All-in-One Live Chat en la p\u00e1gina de inicio de Squarespace. Utilice nuestra demostraci\u00f3n en vivo para crear su cuadro de chat en l\u00ednea f\u00e1cilmente y sin codificaci\u00f3n.\" \/>\n<meta name=\"robots\" content=\"index, follow, max-snippet:-1, max-image-preview:large, max-video-preview:-1\" \/>\n<link rel=\"canonical\" href=\"https:\/\/elfsight.com\/es\/all-in-one-chat-widget\/squarespace\/\" \/>\n<meta property=\"og:locale\" content=\"es_ES\" \/>\n<meta property=\"og:type\" content=\"article\" \/>\n<meta property=\"og:title\" content=\"Widget de chat en vivo | Chat en l\u00ednea para sitios web de Squarespace (gratis y f\u00e1cil)\" \/>\n<meta property=\"og:description\" content=\"Agregue r\u00e1pidamente su complemento All-in-One Live Chat en la p\u00e1gina de inicio de Squarespace. Utilice nuestra demostraci\u00f3n en vivo para crear su cuadro de chat en l\u00ednea f\u00e1cilmente y sin codificaci\u00f3n.\" \/>\n<meta property=\"og:url\" content=\"https:\/\/elfsight.com\/es\/all-in-one-chat-widget\/squarespace\/\" \/>\n<meta property=\"og:site_name\" content=\"Elfsight ES\" \/>\n<meta property=\"article:modified_time\" content=\"2025-02-06T15:04:49+00:00\" \/>\n<meta name=\"twitter:card\" content=\"summary_large_image\" \/>\n<meta name=\"twitter:label1\" content=\"Tiempo de lectura\" \/>\n\t<meta name=\"twitter:data1\" content=\"3 minutos\" \/>\n<!-- \/ Yoast SEO plugin. -->","yoast_head_json":{"title":"Widget de chat en vivo | Chat en l\u00ednea para sitios web de Squarespace (gratis y f\u00e1cil)","description":"Agregue r\u00e1pidamente su complemento All-in-One Live Chat en la p\u00e1gina de inicio de Squarespace. Utilice nuestra demostraci\u00f3n en vivo para crear su cuadro de chat en l\u00ednea f\u00e1cilmente y sin codificaci\u00f3n.","robots":{"index":"index","follow":"follow","max-snippet":"max-snippet:-1","max-image-preview":"max-image-preview:large","max-video-preview":"max-video-preview:-1"},"canonical":"https:\/\/elfsight.com\/es\/all-in-one-chat-widget\/squarespace\/","og_locale":"es_ES","og_type":"article","og_title":"Widget de chat en vivo | Chat en l\u00ednea para sitios web de Squarespace (gratis y f\u00e1cil)","og_description":"Agregue r\u00e1pidamente su complemento All-in-One Live Chat en la p\u00e1gina de inicio de Squarespace. Utilice nuestra demostraci\u00f3n en vivo para crear su cuadro de chat en l\u00ednea f\u00e1cilmente y sin codificaci\u00f3n.","og_url":"https:\/\/elfsight.com\/es\/all-in-one-chat-widget\/squarespace\/","og_site_name":"Elfsight ES","article_modified_time":"2025-02-06T15:04:49+00:00","twitter_card":"summary_large_image","twitter_misc":{"Tiempo de lectura":"3 minutos"},"schema":{"@context":"https:\/\/schema.org","@graph":[{"@type":"WebPage","@id":"https:\/\/elfsight.com\/es\/all-in-one-chat-widget\/squarespace\/","url":"https:\/\/elfsight.com\/es\/all-in-one-chat-widget\/squarespace\/","name":"Widget de chat en vivo | Chat en l\u00ednea para sitios web de Squarespace (gratis y f\u00e1cil)","isPartOf":{"@id":"https:\/\/elfsight.com\/es\/#website"},"datePublished":"2024-05-03T06:26:48+00:00","dateModified":"2025-02-06T15:04:49+00:00","description":"Agregue r\u00e1pidamente su complemento All-in-One Live Chat en la p\u00e1gina de inicio de Squarespace. Utilice nuestra demostraci\u00f3n en vivo para crear su cuadro de chat en l\u00ednea f\u00e1cilmente y sin codificaci\u00f3n.","breadcrumb":{"@id":"https:\/\/elfsight.com\/es\/all-in-one-chat-widget\/squarespace\/#breadcrumb"},"inLanguage":"es","potentialAction":[{"@type":"ReadAction","target":["https:\/\/elfsight.com\/es\/all-in-one-chat-widget\/squarespace\/"]}]},{"@type":"BreadcrumbList","@id":"https:\/\/elfsight.com\/es\/all-in-one-chat-widget\/squarespace\/#breadcrumb","itemListElement":[{"@type":"ListItem","position":1,"name":"Home","item":"https:\/\/elfsight.com\/es\/"},{"@type":"ListItem","position":2,"name":"All-in-One Chat","item":"https:\/\/elfsight.com\/es\/all-in-one-chat-widget\/"},{"@type":"ListItem","position":3,"name":"All-in-One Chat &#8211; Squarespace"}]},{"@type":"WebSite","@id":"https:\/\/elfsight.com\/es\/#website","url":"https:\/\/elfsight.com\/es\/","name":"Elfsight ES","description":"Just another Elfsight Sites site","potentialAction":[{"@type":"SearchAction","target":{"@type":"EntryPoint","urlTemplate":"https:\/\/elfsight.com\/es\/?s={search_term_string}"},"query-input":{"@type":"PropertyValueSpecification","valueRequired":true,"valueName":"search_term_string"}}],"inLanguage":"es"}]}},"meta_box":{"industry":"","seo_heading":"","heading":"","description":"","cta_heading":"","cta_description":"","application":"416","h1":"Complemento de chat en vivo de Squarespace","h1_caption":"Ofrezca a sus clientes la posibilidad de comunicarse con usted en m\u00faltiples plataformas de mensajer\u00eda como WhatsApp, Facebook, Telegram y m\u00e1s desde un complemento en su sitio web de Squarespace sin esfuerzo.","application_category":[],"applications_title":"","applications_request_title":"","applications_request_button_text":"","hero_text":"","hero_video":"","hero_video_schema_markup":"","selling_points_title":"","selling_points_caption":"","selling_points":[],"selling_points_cta_text":"","features_title":"","features":"","ed_cta_examples_text":"","ed_cta_examples_hidden":"","ed_cta_demo_text":"","ed_cta_demo_hidden":"","why_caption":"","why_editor_title":"","why_editor_text":"","why_team_title":"","why_team_text":"","why_service_title":"","why_service_text":"","template_catalog_visible":"","template_catalog_title":"","template_catalog_text":"","template_catalog_categories_visible":"","demo_title":"Crea tu complemento de chat todo en uno","demo_caption":"\u00a1Configura tu chat todo en uno y agr\u00e9galo a tu sitio web de Squarespace gratis!","default_faq_hidden":"","app_template_category":[],"platform":"100","template_public_id":"","codecanyon_url":"","codecanyon_item_id":"","codecanyon_price":"","pricing_caption":"","pricing_elfsight_apps_hide_column":"","pricing_elfsight_apps_url":"","pricing_codecanyon_price_caption":"","integration_category":[],"integration_request_title":"","integration_request_cta":"","integration_platform":"","integrations":[],"platform_category":[],"video_schema_markup":"","price":"desde $0 \/ mes","trial":"","benefits":[{"text":"Ayuda de instalaci\u00f3n gratuita"},{"text":"Soporte premium"},{"text":"Garant\u00eda de reembolso de 14 d\u00edas"},{"text":"Actualizaciones peri\u00f3dicas"}],"button_url":"#demo","button_target_blank":"","button_nofollow":"","attributes":[{"name":"Instalaciones","content":"100,000 - 500,000"},{"name":"Sensible","content":"S\u00ed"},{"name":"Navegadores compatibles","content":"Firefox, Safari, Opera, Chrome, Edge"}],"tags":[],"tags_disable_links":"","hide_more_platforms":"","video_object":"","demo_hide_cta":"","demo_hide_cloud_options":"","pricing_title":"","pricing":[{"pricing_icon":"platform","pricing_title":"Elfsight Apps","pricing_title_caption":"Soluci\u00f3n independiente de plataforma que funciona en cualquier sitio","pricing_price":"desde $0 \/ mes","pricing_price_caption":"comienza con el plan gratuito","pricing_benefits":[{"text":"Sitios web ilimitados"},{"text":"Soporte premium de la empresa y bien documentado."},{"text":"Ayuda de instalaci\u00f3n gratuita"},{"text":"Dise\u00f1o flexible"}],"pricing_button_text":"A\u00f1adir al sitio web","pricing_button_url":"#demo"}],"related_apps_title":"","related_apps_hidden":"","author":"","image":[],"title":"","job":"","social_networks":[]},"_links":{"self":[{"href":"https:\/\/elfsight.com\/es\/wp-json\/wp\/v2\/pages\/15615","targetHints":{"allow":["GET"]}}],"collection":[{"href":"https:\/\/elfsight.com\/es\/wp-json\/wp\/v2\/pages"}],"about":[{"href":"https:\/\/elfsight.com\/es\/wp-json\/wp\/v2\/types\/page"}],"author":[{"embeddable":true,"href":"https:\/\/elfsight.com\/es\/wp-json\/wp\/v2\/users\/9"}],"replies":[{"embeddable":true,"href":"https:\/\/elfsight.com\/es\/wp-json\/wp\/v2\/comments?post=15615"}],"version-history":[{"count":3,"href":"https:\/\/elfsight.com\/es\/wp-json\/wp\/v2\/pages\/15615\/revisions"}],"predecessor-version":[{"id":17867,"href":"https:\/\/elfsight.com\/es\/wp-json\/wp\/v2\/pages\/15615\/revisions\/17867"}],"up":[{"embeddable":true,"href":"https:\/\/elfsight.com\/es\/wp-json\/wp\/v2\/pages\/418"}],"wp:attachment":[{"href":"https:\/\/elfsight.com\/es\/wp-json\/wp\/v2\/media?parent=15615"}],"curies":[{"name":"wp","href":"https:\/\/api.w.org\/{rel}","templated":true}]}}