{"id":15610,"date":"2024-05-03T06:26:49","date_gmt":"2024-05-03T06:26:49","guid":{"rendered":"https:\/\/elfsight.com\/es\/?page_id=15610"},"modified":"2025-02-06T15:04:41","modified_gmt":"2025-02-06T15:04:41","slug":"shopify","status":"publish","type":"page","link":"https:\/\/elfsight.com\/es\/all-in-one-chat-widget\/shopify\/","title":{"rendered":"All-in-One Chat &#8211; Shopify"},"content":{"rendered":"<div class=\"application-platform-content-item-description application-platform-content-item\" id=\"description\" data-nav-section=\"description\"> <h2>Incorpora el Chat Todo en Uno en Shopify con el widget de Elfsight<\/h2> <p>La aplicaci\u00f3n de Chat Todo en Uno de Elfsight es una de las formas m\u00e1s r\u00e1pidas para que los visitantes de tu sitio se pongan en contacto contigo y resuelvan sus dudas. Mantente disponible en vivo en todos los mensajeros m\u00e1s populares sin interrupciones. Incorpora la aplicaci\u00f3n en tu p\u00e1gina y puede estar activa solo en p\u00e1ginas espec\u00edficas o para categor\u00edas de audiencia seleccionadas, asignar activadores para iniciar el chat, redactar tu mensaje de bienvenida, elegir iconos y otras funciones. Al tener el widget activo, estar\u00e1s disponible para las personas en cualquier momento y desde cualquier lugar.<\/p> <p><b>Genera prospectos mediante atenci\u00f3n directa<\/b><\/p> <\/div> <div class=\"application-platform-content-item-features application-platform-content-item\" id=\"features\" data-nav-section=\"features\"> <h2>Estas son solo algunas de las numerosas caracter\u00edsticas del widget: <\/h2> <ul><li>Agrega la aplicaci\u00f3n de Chat Todo en Uno en tu p\u00e1gina para chatear con los usuarios.<\/li><li>Tres tipos de posici\u00f3n del chat: burbuja flotante, burbuja incrustada y ventana de chat incrustada.<\/li><li>Una biblioteca de iconos de burbujas para elegir.<\/li><li>Encabezado flexible del chat con el logo de la p\u00e1gina, nombre y subt\u00edtulo.<\/li><li>Selecciona la imagen de la p\u00e1gina por defecto, desde la biblioteca o sube tu propia imagen.<\/li><\/ul><p><a href=\"#demo\">Puedes explorar lo que ofrece el widget probando la demo<\/a><\/p> <div class=\"faq\" data-component=\"FAQ\"><div class=\"faq-item\">\r\n\t\t\t\t\t<div class=\"faq-item-question\">\r\n\t\t\t\t\t\t<h3 class=\"faq-item-question-text\">\u00bfC\u00f3mo agregar el Chat Todo en Uno a una p\u00e1gina de Shopify?<\/h3>\r\n\r\n\t\t\t\t\t\t<div class=\"faq-item-question-icon\"><\/div>\r\n\t\t\t\t\t<\/div>\r\n\r\n\t\t\t\t\t<div class=\"faq-item-answer\">\r\n\t\t\t\t\t\t<div class=\"faq-item-answer-text\"><p>La instalaci\u00f3n toma solo 90 segundos. Adem\u00e1s, no necesitas tener conocimientos de programaci\u00f3n.<\/p><ol><li>Configura el widget de Shopify en el configurador gratuito en vivo.<\/li> <li>Copia tu c\u00f3digo de instalaci\u00f3n.<\/li> <li>Inserta el c\u00f3digo en el lugar necesario en el backend de tu sitio.<\/li> <li>\u00a1Listo! \u00a1La instalaci\u00f3n del plugin de chat en Shopify est\u00e1 completa!<\/li><\/ol><p>\u00bfTienes problemas con la instalaci\u00f3n del plugin en Shopify o con el formato de tu Chat Todo en Uno? Puedes encontrar la gu\u00eda detallada <a href=\"https:\/\/elfsight.com\/tutorials\/how-to-add-live-chat-to-website\/#how-to-add-live-chat-to-shopify\">en esta p\u00e1gina<\/a>.<\/p><\/div>\r\n\t\t\t\t\t<\/div>\r\n\t\t\t\t<\/div><div class=\"faq-item\">\r\n\t\t\t\t\t<div class=\"faq-item-question\">\r\n\t\t\t\t\t\t<h3 class=\"faq-item-question-text\">\u00bfPuedo ver c\u00f3mo se ver\u00e1 el widget en un sitio web?<\/h3>\r\n\r\n\t\t\t\t\t\t<div class=\"faq-item-question-icon\"><\/div>\r\n\t\t\t\t\t<\/div>\r\n\r\n\t\t\t\t\t<div class=\"faq-item-answer\">\r\n\t\t\t\t\t\t<div class=\"faq-item-answer-text\"><p>\u00a1S\u00ed, puedes! Durante el proceso de creaci\u00f3n del plugin de chat de Shopify en el <a href=\"https:\/\/elfsight.com\/all-in-one-chat-widget\/#demo\">editor en vivo<\/a>, podr\u00e1s ver todos los cambios en la parte derecha del editor. El cuadro de chat se ver\u00e1 exactamente igual a como lo tendr\u00e1s en tu sitio de Shopify.<\/p><\/div>\r\n\t\t\t\t\t<\/div>\r\n\t\t\t\t<\/div><div class=\"faq-item\">\r\n\t\t\t\t\t<div class=\"faq-item-question\">\r\n\t\t\t\t\t\t<h3 class=\"faq-item-question-text\">\u00bfQu\u00e9 otros widgets son necesarios para un sitio de Shopify?<\/h3>\r\n\r\n\t\t\t\t\t\t<div class=\"faq-item-question-icon\"><\/div>\r\n\t\t\t\t\t<\/div>\r\n\r\n\t\t\t\t\t<div class=\"faq-item-answer\">\r\n\t\t\t\t\t\t<div class=\"faq-item-answer-text\"><p>Shopify es una plataforma popular entre los propietarios de tiendas en l\u00ednea. Ofrece una gran cantidad de herramientas sorprendentes para mejorar la experiencia del usuario y la atenci\u00f3n al cliente. Necesitar\u00e1s algunas herramientas adicionales para aumentar las tasas de conversi\u00f3n y vender productos de manera m\u00e1s eficiente.<\/p><p>Por ejemplo, puedes mostrar fotos y videos en un impresionante <a href=\"https:\/\/elfsight.com\/slider-widget\/shopify\/\">Slider<\/a>, presentar excelentes testimonios de tu negocio con <a href=\"https:\/\/elfsight.com\/google-reviews-widget\/shopify\/\">Google Reviews<\/a>. Adem\u00e1s, puedes mostrar tu <a href=\"https:\/\/elfsight.com\/instagram-feed-instashow\/shopify\/\">Instagram Feed<\/a>, <a href=\"https:\/\/elfsight.com\/pdf-embed-widget\/shopify\/\">insertar PDFs<\/a> y <a href=\"https:\/\/elfsight.com\/logo-showcase-widget\/shopify\/\">logos<\/a> en las p\u00e1ginas de tu sitio.<\/p><\/div>\r\n\t\t\t\t\t<\/div>\r\n\t\t\t\t<\/div><\/div><\/div> <div class=\"application-platform-content-item-installation application-platform-content-item\" id=\"installation\" data-nav-section=\"installation\"> <h2>\u00bfC\u00f3mo incorporar la aplicaci\u00f3n de Chat en Vivo en mi sitio de Shopify?<\/h2> <div class=\"video-container\"><iframe width=\"720\" height=\"405\" src=\"https:\/\/www.youtube.com\/embed\/mfLwq7EZc64\" frameborder=\"0\" allowfullscreen=\"\"><\/iframe><\/div><p>Sigue estos pasos para integrar el widget.<\/p> <ol><li><b>Usa nuestro configurador gratuito y comienza a crear tu aplicaci\u00f3n personalizada.<\/b><br> Especifica la interfaz y las caracter\u00edsticas del widget y guarda todos los cambios.<\/li> <li><b>Copia tu c\u00f3digo \u00fanico que aparece en el cuadro de Elfsight Apps.<\/b><br> Despu\u00e9s de crear tu widget, copia tu c\u00f3digo de la ventana emergente y gu\u00e1rdalo para usarlo m\u00e1s tarde.<\/li> <li><b>Comienza a usar la aplicaci\u00f3n en tu sitio de Shopify.<\/b><br> Pega el c\u00f3digo que guardaste en tu sitio y aplica los cambios.<\/li> <li><b>\u00a1Listo! La integraci\u00f3n se ha completado con \u00e9xito.<\/b><br> Ve a tu sitio web para ver c\u00f3mo funciona el chat en vivo.<\/li><\/ol><p>Si tienes problemas o dudas, no dudes en contactar con nuestro equipo de soporte. Nuestros consultores estar\u00e1n encantados de ayudarte con cualquier inconveniente que tengas con el plugin.<\/p> <\/div><div class=\"faq\" data-component=\"FAQ\"><div class=\"faq-item\">\r\n\t\t\t\t\t<div class=\"faq-item-question\">\r\n\t\t\t\t\t\t<h3 class=\"faq-item-question-text\">\u00bfC\u00f3mo puedo agregar un Chat en Vivo a Shopify?<\/h3>\r\n\r\n\t\t\t\t\t\t<div class=\"faq-item-question-icon\"><\/div>\r\n\t\t\t\t\t<\/div>\r\n\r\n\t\t\t\t\t<div class=\"faq-item-answer\">\r\n\t\t\t\t\t\t<div class=\"faq-item-answer-text\"><p>La creaci\u00f3n de la herramienta se realiza en el sitio de Elfsight y no es necesario aprender a programar. Usa nuestra demo en vivo para ajustar tu propio widget, obtener el c\u00f3digo e insertarlo en tu sitio.<\/p><\/div>\r\n\t\t\t\t\t<\/div>\r\n\t\t\t\t<\/div><div class=\"faq-item\">\r\n\t\t\t\t\t<div class=\"faq-item-question\">\r\n\t\t\t\t\t\t<h3 class=\"faq-item-question-text\">\u00bfCu\u00e1les son las mejores formas de usar la integraci\u00f3n del Chat en Vivo?<\/h3>\r\n\r\n\t\t\t\t\t\t<div class=\"faq-item-question-icon\"><\/div>\r\n\t\t\t\t\t<\/div>\r\n\r\n\t\t\t\t\t<div class=\"faq-item-answer\">\r\n\t\t\t\t\t\t<div class=\"faq-item-answer-text\"><p>Ofrecemos muchas opciones de ajuste: widgets de tama\u00f1o completo para insertar en el \u00e1rea de contenido, complementos flotantes para la funci\u00f3n de desplazamiento, miniaturas para el pie de p\u00e1gina, encabezado y todo tipo de oportunidades verticales para las barras laterales y men\u00fas del sitio web.<\/p><\/div>\r\n\t\t\t\t\t<\/div>\r\n\t\t\t\t<\/div><div class=\"faq-item\">\r\n\t\t\t\t\t<div class=\"faq-item-question\">\r\n\t\t\t\t\t\t<h3 class=\"faq-item-question-text\">\u00bfC\u00f3mo puedo crear un Chat de Soporte o de Onboarding usando el editor?<\/h3>\r\n\r\n\t\t\t\t\t\t<div class=\"faq-item-question-icon\"><\/div>\r\n\t\t\t\t\t<\/div>\r\n\r\n\t\t\t\t\t<div class=\"faq-item-answer\">\r\n\t\t\t\t\t\t<div class=\"faq-item-answer-text\"><p>Puedes hacer todas las modificaciones que desees en el widget. Hay muchos dise\u00f1os aplicables en el editor, y todos pueden ajustarse r\u00e1pidamente seg\u00fan tus necesidades.<\/p><\/div>\r\n\t\t\t\t\t<\/div>\r\n\t\t\t\t<\/div><\/div>","protected":false},"excerpt":{"rendered":"","protected":false},"author":9,"featured_media":0,"parent":418,"menu_order":0,"comment_status":"closed","ping_status":"closed","template":"templates\/template-application-platform.php","meta":{"publish_to_discourse":"","publish_post_category":"","wpdc_auto_publish_overridden":"","wpdc_topic_tags":"","wpdc_pin_topic":"","wpdc_pin_until":"","discourse_post_id":"","discourse_permalink":"","wpdc_publishing_response":"","wpdc_publishing_error":"","footnotes":""},"class_list":["post-15610","page","type-page","status-publish","hentry"],"yoast_head":"<!-- This site is optimized with the Yoast SEO plugin v25.3.1 - https:\/\/yoast.com\/wordpress\/plugins\/seo\/ -->\n<title>Chat en vivo: agregue la aplicaci\u00f3n de chat en l\u00ednea a los sitios web de Shopify (gratis y r\u00e1pido)<\/title>\n<meta name=\"description\" content=\"Agrega tu aplicaci\u00f3n All-in-One Live Chat al sitio web de Shopify en unos minutos. Utilice nuestra pr\u00e1ctica demostraci\u00f3n para crear f\u00e1cilmente su exclusivo chat en l\u00ednea.\" \/>\n<meta name=\"robots\" content=\"index, follow, max-snippet:-1, max-image-preview:large, max-video-preview:-1\" \/>\n<link rel=\"canonical\" href=\"https:\/\/elfsight.com\/es\/all-in-one-chat-widget\/shopify\/\" \/>\n<meta property=\"og:locale\" content=\"es_ES\" \/>\n<meta property=\"og:type\" content=\"article\" \/>\n<meta property=\"og:title\" content=\"Chat en vivo: agregue la aplicaci\u00f3n de chat en l\u00ednea a los sitios web de Shopify (gratis y r\u00e1pido)\" \/>\n<meta property=\"og:description\" content=\"Agrega tu aplicaci\u00f3n All-in-One Live Chat al sitio web de Shopify en unos minutos. Utilice nuestra pr\u00e1ctica demostraci\u00f3n para crear f\u00e1cilmente su exclusivo chat en l\u00ednea.\" \/>\n<meta property=\"og:url\" content=\"https:\/\/elfsight.com\/es\/all-in-one-chat-widget\/shopify\/\" \/>\n<meta property=\"og:site_name\" content=\"Elfsight ES\" \/>\n<meta property=\"article:modified_time\" content=\"2025-02-06T15:04:41+00:00\" \/>\n<meta name=\"twitter:card\" content=\"summary_large_image\" \/>\n<meta name=\"twitter:label1\" content=\"Tiempo de lectura\" \/>\n\t<meta name=\"twitter:data1\" content=\"4 minutos\" \/>\n<!-- \/ Yoast SEO plugin. -->","yoast_head_json":{"title":"Chat en vivo: agregue la aplicaci\u00f3n de chat en l\u00ednea a los sitios web de Shopify (gratis y r\u00e1pido)","description":"Agrega tu aplicaci\u00f3n All-in-One Live Chat al sitio web de Shopify en unos minutos. Utilice nuestra pr\u00e1ctica demostraci\u00f3n para crear f\u00e1cilmente su exclusivo chat en l\u00ednea.","robots":{"index":"index","follow":"follow","max-snippet":"max-snippet:-1","max-image-preview":"max-image-preview:large","max-video-preview":"max-video-preview:-1"},"canonical":"https:\/\/elfsight.com\/es\/all-in-one-chat-widget\/shopify\/","og_locale":"es_ES","og_type":"article","og_title":"Chat en vivo: agregue la aplicaci\u00f3n de chat en l\u00ednea a los sitios web de Shopify (gratis y r\u00e1pido)","og_description":"Agrega tu aplicaci\u00f3n All-in-One Live Chat al sitio web de Shopify en unos minutos. Utilice nuestra pr\u00e1ctica demostraci\u00f3n para crear f\u00e1cilmente su exclusivo chat en l\u00ednea.","og_url":"https:\/\/elfsight.com\/es\/all-in-one-chat-widget\/shopify\/","og_site_name":"Elfsight ES","article_modified_time":"2025-02-06T15:04:41+00:00","twitter_card":"summary_large_image","twitter_misc":{"Tiempo de lectura":"4 minutos"},"schema":{"@context":"https:\/\/schema.org","@graph":[{"@type":"WebPage","@id":"https:\/\/elfsight.com\/es\/all-in-one-chat-widget\/shopify\/","url":"https:\/\/elfsight.com\/es\/all-in-one-chat-widget\/shopify\/","name":"Chat en vivo: agregue la aplicaci\u00f3n de chat en l\u00ednea a los sitios web de Shopify (gratis y r\u00e1pido)","isPartOf":{"@id":"https:\/\/elfsight.com\/es\/#website"},"datePublished":"2024-05-03T06:26:49+00:00","dateModified":"2025-02-06T15:04:41+00:00","description":"Agrega tu aplicaci\u00f3n All-in-One Live Chat al sitio web de Shopify en unos minutos. Utilice nuestra pr\u00e1ctica demostraci\u00f3n para crear f\u00e1cilmente su exclusivo chat en l\u00ednea.","breadcrumb":{"@id":"https:\/\/elfsight.com\/es\/all-in-one-chat-widget\/shopify\/#breadcrumb"},"inLanguage":"es","potentialAction":[{"@type":"ReadAction","target":["https:\/\/elfsight.com\/es\/all-in-one-chat-widget\/shopify\/"]}]},{"@type":"BreadcrumbList","@id":"https:\/\/elfsight.com\/es\/all-in-one-chat-widget\/shopify\/#breadcrumb","itemListElement":[{"@type":"ListItem","position":1,"name":"Home","item":"https:\/\/elfsight.com\/es\/"},{"@type":"ListItem","position":2,"name":"All-in-One Chat","item":"https:\/\/elfsight.com\/es\/all-in-one-chat-widget\/"},{"@type":"ListItem","position":3,"name":"All-in-One Chat &#8211; Shopify"}]},{"@type":"WebSite","@id":"https:\/\/elfsight.com\/es\/#website","url":"https:\/\/elfsight.com\/es\/","name":"Elfsight ES","description":"Just another Elfsight Sites site","potentialAction":[{"@type":"SearchAction","target":{"@type":"EntryPoint","urlTemplate":"https:\/\/elfsight.com\/es\/?s={search_term_string}"},"query-input":{"@type":"PropertyValueSpecification","valueRequired":true,"valueName":"search_term_string"}}],"inLanguage":"es"}]}},"meta_box":{"industry":"","seo_heading":"","heading":"","description":"","cta_heading":"","cta_description":"","application":"416","h1":"Aplicaci\u00f3n Shopify Live Chat","h1_caption":"Ofrezca a sus clientes la posibilidad de comunicarse con usted en m\u00faltiples plataformas de mensajer\u00eda como WhatsApp, Facebook, Telegram y m\u00e1s desde una aplicaci\u00f3n en su sitio web Shopify sin esfuerzo.","application_category":[],"applications_title":"","applications_request_title":"","applications_request_button_text":"","hero_text":"","hero_video":"","hero_video_schema_markup":"","selling_points_title":"","selling_points_caption":"","selling_points":[],"selling_points_cta_text":"","features_title":"","features":"","ed_cta_examples_text":"","ed_cta_examples_hidden":"","ed_cta_demo_text":"","ed_cta_demo_hidden":"","why_caption":"","why_editor_title":"","why_editor_text":"","why_team_title":"","why_team_text":"","why_service_title":"","why_service_text":"","template_catalog_visible":"","template_catalog_title":"","template_catalog_text":"","template_catalog_categories_visible":"","demo_title":"Crea tu aplicaci\u00f3n de chat todo en uno","demo_caption":"\u00a1Configura tu chat todo en uno y agr\u00e9galo a tu sitio web de Shopify gratis!","default_faq_hidden":"","app_template_category":[],"platform":"91","template_public_id":"","codecanyon_url":"","codecanyon_item_id":"","codecanyon_price":"","pricing_caption":"","pricing_elfsight_apps_hide_column":"","pricing_elfsight_apps_url":"","pricing_codecanyon_price_caption":"","integration_category":[],"integration_request_title":"","integration_request_cta":"","integration_platform":"","integrations":[],"platform_category":[],"video_schema_markup":"","price":"desde $0 \/ mes","trial":"","benefits":[{"text":"Servicio de instalaci\u00f3n gratuito"},{"text":"Soporte premium"},{"text":"Garant\u00eda de devoluci\u00f3n de dinero de 14 d\u00edas"},{"text":"Actualizaciones gratuitas continuas"}],"button_url":"#demo","button_target_blank":"","button_nofollow":"","attributes":[{"name":"Instalaciones","content":"100,000 - 500,000"},{"name":"Sensible","content":"S\u00ed"},{"name":"Navegadores compatibles","content":"Firefox, Safari, Opera, Chrome, Edge"}],"tags":[],"tags_disable_links":"","hide_more_platforms":"","video_object":"","demo_hide_cta":"","demo_hide_cloud_options":"","pricing_title":"","pricing":[{"pricing_icon":"cloud","pricing_title":"Elfsight Apps","pricing_title_caption":"Versi\u00f3n multiplataforma que funciona en cualquier sitio web.","pricing_price":"desde $0 \/ mes","pricing_price_caption":"comienza con el plan gratuito","pricing_benefits":[{"text":"Sitios web ilimitados"},{"text":"Soporte premium"},{"text":"Servicio de instalaci\u00f3n gratuito"},{"text":"Oferta especial para m\u00faltiples aplicaciones."}],"pricing_button_text":"A\u00f1adir al sitio web","pricing_button_url":"#demo"}],"related_apps_title":"","related_apps_hidden":"","author":"","image":[],"title":"","job":"","social_networks":[]},"_links":{"self":[{"href":"https:\/\/elfsight.com\/es\/wp-json\/wp\/v2\/pages\/15610","targetHints":{"allow":["GET"]}}],"collection":[{"href":"https:\/\/elfsight.com\/es\/wp-json\/wp\/v2\/pages"}],"about":[{"href":"https:\/\/elfsight.com\/es\/wp-json\/wp\/v2\/types\/page"}],"author":[{"embeddable":true,"href":"https:\/\/elfsight.com\/es\/wp-json\/wp\/v2\/users\/9"}],"replies":[{"embeddable":true,"href":"https:\/\/elfsight.com\/es\/wp-json\/wp\/v2\/comments?post=15610"}],"version-history":[{"count":3,"href":"https:\/\/elfsight.com\/es\/wp-json\/wp\/v2\/pages\/15610\/revisions"}],"predecessor-version":[{"id":17866,"href":"https:\/\/elfsight.com\/es\/wp-json\/wp\/v2\/pages\/15610\/revisions\/17866"}],"up":[{"embeddable":true,"href":"https:\/\/elfsight.com\/es\/wp-json\/wp\/v2\/pages\/418"}],"wp:attachment":[{"href":"https:\/\/elfsight.com\/es\/wp-json\/wp\/v2\/media?parent=15610"}],"curies":[{"name":"wp","href":"https:\/\/api.w.org\/{rel}","templated":true}]}}