{"id":15607,"date":"2024-05-03T06:26:53","date_gmt":"2024-05-03T06:26:53","guid":{"rendered":"https:\/\/elfsight.com\/es\/?page_id=15607"},"modified":"2025-02-06T15:04:33","modified_gmt":"2025-02-06T15:04:33","slug":"magento","status":"publish","type":"page","link":"https:\/\/elfsight.com\/es\/all-in-one-chat-widget\/magento\/","title":{"rendered":"All-in-One Chat &#8211; Magento"},"content":{"rendered":"<div class=\"application-platform-content-item-description application-platform-content-item\" id=\"description\" data-nav-section=\"description\"> <h2>Descripci\u00f3n<\/h2> <p>El plugin de Chat en Vivo de Elfsight es una de las formas m\u00e1s convenientes para que los visitantes del sitio se pongan en contacto contigo y reciban soporte. Estar\u00e1s disponible en vivo en los mensajeros m\u00e1s utilizados las 24 horas del d\u00eda, los 7 d\u00edas de la semana. Integra la herramienta en tu sitio y podr\u00e1s activarla en p\u00e1ginas espec\u00edficas o para ciertos grupos de audiencia, asignar activadores para iniciar el chat, escribir tu propio mensaje de bienvenida, seleccionar \u00edconos y otras caracter\u00edsticas. Con el widget activo, estar\u00e1s siempre disponible para los visitantes desde cualquier lugar y en todo momento.<\/p> <p><b>\u00a1Todos los mensajeros m\u00e1s populares como Facebook, WhatsApp, Viber, Telegram y mucho m\u00e1s, todo en uno para una interacci\u00f3n m\u00e1s atractiva y conveniente con tu audiencia!<\/b><\/p> <p><b>Centraliza las demandas de tus clientes<\/b><br>Al combinar todos los canales de mensajer\u00eda conocidos en el plugin de Chat, podr\u00e1s resolver m\u00faltiples tareas en un solo lugar, mejorando la satisfacci\u00f3n del cliente.<\/p><p><b>Herramienta extremadamente personalizable<\/b><br>Telegram, Discord, Line, Facebook Messenger, WhatsApp, Viber, &#8211; puedes usar todos ellos al mismo tiempo, o elegir los que se adapten a tus necesidades, modificando sus colores, tama\u00f1o y m\u00e1s.<\/b><p><b>Ofrece una comunicaci\u00f3n en tiempo real<\/b><br>Al integrar el plugin de chat en vivo en las p\u00e1ginas de tu sitio web, conocer\u00e1s mejor a tus visitantes, brind\u00e1ndoles un servicio de primer nivel y ofreciendo servicios m\u00e1s dirigidos.<\/b><\/div> <div class=\"application-platform-content-item-features application-platform-content-item\" id=\"features\" data-nav-section=\"features\"> <h2>Revisa la lista de las caracter\u00edsticas m\u00e1s poderosas:<\/h2> <ul><li>Agrega el plugin de Chat Todo en Uno en tu p\u00e1gina para chatear con los visitantes.<\/li><li>3 variantes de posici\u00f3n del chat: burbuja flotante, burbuja incrustada y ventana de chat incrustada.<\/li><li>Una biblioteca de \u00edconos de burbuja para elegir.<\/li><li>T\u00edtulo flexible para el chat con imagen de p\u00e1gina, nombre y subt\u00edtulo.<\/li><li>Selecciona la imagen de la p\u00e1gina por defecto, desde nuestra colecci\u00f3n o sube tu propia imagen.<\/li><\/ul><p><a href=\"#demo\">Examina todas las configuraciones en la demo completa<\/a><\/p> <\/div> <div class=\"application-platform-content-item-installation application-platform-content-item\" id=\"installation\" data-nav-section=\"installation\"> <h2>\u00bfC\u00f3mo integrar el plugin de Chat en Vivo en mi sitio de Magento?<\/h2> <p>Sigue las instrucciones a continuaci\u00f3n para integrar el plugin.<\/p> <ol><li><b>Lanza nuestro editor gratuito y comienza a crear tu extensi\u00f3n personalizada.<\/b><br> Encuentra la forma y especificaciones preferidas del plugin y guarda todos los cambios.<\/li> <li><b>Recibe tu c\u00f3digo personal que aparecer\u00e1 en el cuadro de Elfsight Apps.<\/b><br> Una vez que la configuraci\u00f3n de tu plugin est\u00e9 lista, copia el c\u00f3digo exclusivo del cuadro emergente y gu\u00e1rdalo para futuras ocasiones.<\/li> <li><b>Comienza a usar la extensi\u00f3n en tu p\u00e1gina de Magento.<\/b><br> Integra el c\u00f3digo copiado recientemente en tu p\u00e1gina web y aplica los ajustes.<\/li> <li><b>\u00a1Listo! La integraci\u00f3n se ha realizado con \u00e9xito.<\/b><br> Abre tu p\u00e1gina web para ver c\u00f3mo funciona el plugin de chat.<\/li><\/ol><p>Si tienes alg\u00fan problema, no dudes en contactar a nuestro equipo de atenci\u00f3n al cliente. Nuestros especialistas estar\u00e1n encantados de resolver todas las preguntas que puedas tener sobre la herramienta.<\/p> <div class=\"faq\" data-component=\"FAQ\"><div class=\"faq-item\">\r\n\t\t\t\t\t<div class=\"faq-item-question\">\r\n\t\t\t\t\t\t<h3 class=\"faq-item-question-text\">\u00bfC\u00f3mo puedo agregar Chat Todo en Uno a mi sitio Magento sin conocimientos de programaci\u00f3n?<\/h3>\r\n\r\n\t\t\t\t\t\t<div class=\"faq-item-question-icon\"><\/div>\r\n\t\t\t\t\t<\/div>\r\n\r\n\t\t\t\t\t<div class=\"faq-item-answer\">\r\n\t\t\t\t\t\t<div class=\"faq-item-answer-text\"><p>Elfsight ofrece una soluci\u00f3n SaaS que te permite crear un widget de Chat Todo en Uno por ti mismo, observa lo f\u00e1cil que es el proceso: Trabaja directamente en el Editor en l\u00ednea para crear el widget de Chat Todo en Uno que te gustar\u00eda ver en tu sitio de Magento. Elige una de las plantillas prehechas y ajusta la configuraci\u00f3n del Chat Todo en Uno, agrega tu contenido, cambia el dise\u00f1o y los colores sin necesidad de conocimientos de programaci\u00f3n. Guarda el Chat Todo en Uno y copia su c\u00f3digo de instalaci\u00f3n, que podr\u00e1s f\u00e1cilmente integrar en tu sitio Magento sin tener que comprar un plan de pago. Con nuestro Editor intuitivo, cualquier usuario de Internet puede crear un widget de Chat Todo en Uno en l\u00ednea e integrarlo f\u00e1cilmente en su sitio Magento. No es necesario pagar ni ingresar los datos de tu tarjeta para acceder al servicio. Si encuentras alg\u00fan problema en alg\u00fan paso, no dudes en ponerte en contacto con nuestro equipo de soporte t\u00e9cnico.<\/p><\/div>\r\n\t\t\t\t\t<\/div>\r\n\t\t\t\t<\/div><\/div><\/div>","protected":false},"excerpt":{"rendered":"","protected":false},"author":9,"featured_media":0,"parent":418,"menu_order":0,"comment_status":"closed","ping_status":"closed","template":"templates\/template-application-platform.php","meta":{"publish_to_discourse":"","publish_post_category":"","wpdc_auto_publish_overridden":"","wpdc_topic_tags":"","wpdc_pin_topic":"","wpdc_pin_until":"","discourse_post_id":"","discourse_permalink":"","wpdc_publishing_response":"","wpdc_publishing_error":"","footnotes":""},"class_list":["post-15607","page","type-page","status-publish","hentry"],"yoast_head":"<!-- This site is optimized with the Yoast SEO plugin v25.3.1 - https:\/\/yoast.com\/wordpress\/plugins\/seo\/ -->\n<title>Chat en vivo: agregue el widget Chat Box a los sitios web de Magento (f\u00e1cil y gratis)<\/title>\n<meta name=\"description\" content=\"Agregue su extensi\u00f3n All-in-One Live Chat al sitio web de Magento en 1-2-3. Aplique nuestra demostraci\u00f3n activa para crear su complemento de chat exclusivo sin esfuerzo.\" \/>\n<meta name=\"robots\" content=\"index, follow, max-snippet:-1, max-image-preview:large, max-video-preview:-1\" \/>\n<link rel=\"canonical\" href=\"https:\/\/elfsight.com\/es\/all-in-one-chat-widget\/magento\/\" \/>\n<meta property=\"og:locale\" content=\"es_ES\" \/>\n<meta property=\"og:type\" content=\"article\" \/>\n<meta property=\"og:title\" content=\"Chat en vivo: agregue el widget Chat Box a los sitios web de Magento (f\u00e1cil y gratis)\" \/>\n<meta property=\"og:description\" content=\"Agregue su extensi\u00f3n All-in-One Live Chat al sitio web de Magento en 1-2-3. Aplique nuestra demostraci\u00f3n activa para crear su complemento de chat exclusivo sin esfuerzo.\" \/>\n<meta property=\"og:url\" content=\"https:\/\/elfsight.com\/es\/all-in-one-chat-widget\/magento\/\" \/>\n<meta property=\"og:site_name\" content=\"Elfsight ES\" \/>\n<meta property=\"article:modified_time\" content=\"2025-02-06T15:04:33+00:00\" \/>\n<meta name=\"twitter:card\" content=\"summary_large_image\" \/>\n<meta name=\"twitter:label1\" content=\"Tiempo de lectura\" \/>\n\t<meta name=\"twitter:data1\" content=\"4 minutos\" \/>\n<!-- \/ Yoast SEO plugin. -->","yoast_head_json":{"title":"Chat en vivo: agregue el widget Chat Box a los sitios web de Magento (f\u00e1cil y gratis)","description":"Agregue su extensi\u00f3n All-in-One Live Chat al sitio web de Magento en 1-2-3. Aplique nuestra demostraci\u00f3n activa para crear su complemento de chat exclusivo sin esfuerzo.","robots":{"index":"index","follow":"follow","max-snippet":"max-snippet:-1","max-image-preview":"max-image-preview:large","max-video-preview":"max-video-preview:-1"},"canonical":"https:\/\/elfsight.com\/es\/all-in-one-chat-widget\/magento\/","og_locale":"es_ES","og_type":"article","og_title":"Chat en vivo: agregue el widget Chat Box a los sitios web de Magento (f\u00e1cil y gratis)","og_description":"Agregue su extensi\u00f3n All-in-One Live Chat al sitio web de Magento en 1-2-3. Aplique nuestra demostraci\u00f3n activa para crear su complemento de chat exclusivo sin esfuerzo.","og_url":"https:\/\/elfsight.com\/es\/all-in-one-chat-widget\/magento\/","og_site_name":"Elfsight ES","article_modified_time":"2025-02-06T15:04:33+00:00","twitter_card":"summary_large_image","twitter_misc":{"Tiempo de lectura":"4 minutos"},"schema":{"@context":"https:\/\/schema.org","@graph":[{"@type":"WebPage","@id":"https:\/\/elfsight.com\/es\/all-in-one-chat-widget\/magento\/","url":"https:\/\/elfsight.com\/es\/all-in-one-chat-widget\/magento\/","name":"Chat en vivo: agregue el widget Chat Box a los sitios web de Magento (f\u00e1cil y gratis)","isPartOf":{"@id":"https:\/\/elfsight.com\/es\/#website"},"datePublished":"2024-05-03T06:26:53+00:00","dateModified":"2025-02-06T15:04:33+00:00","description":"Agregue su extensi\u00f3n All-in-One Live Chat al sitio web de Magento en 1-2-3. Aplique nuestra demostraci\u00f3n activa para crear su complemento de chat exclusivo sin esfuerzo.","breadcrumb":{"@id":"https:\/\/elfsight.com\/es\/all-in-one-chat-widget\/magento\/#breadcrumb"},"inLanguage":"es","potentialAction":[{"@type":"ReadAction","target":["https:\/\/elfsight.com\/es\/all-in-one-chat-widget\/magento\/"]}]},{"@type":"BreadcrumbList","@id":"https:\/\/elfsight.com\/es\/all-in-one-chat-widget\/magento\/#breadcrumb","itemListElement":[{"@type":"ListItem","position":1,"name":"Home","item":"https:\/\/elfsight.com\/es\/"},{"@type":"ListItem","position":2,"name":"All-in-One Chat","item":"https:\/\/elfsight.com\/es\/all-in-one-chat-widget\/"},{"@type":"ListItem","position":3,"name":"All-in-One Chat &#8211; Magento"}]},{"@type":"WebSite","@id":"https:\/\/elfsight.com\/es\/#website","url":"https:\/\/elfsight.com\/es\/","name":"Elfsight ES","description":"Just another Elfsight Sites site","potentialAction":[{"@type":"SearchAction","target":{"@type":"EntryPoint","urlTemplate":"https:\/\/elfsight.com\/es\/?s={search_term_string}"},"query-input":{"@type":"PropertyValueSpecification","valueRequired":true,"valueName":"search_term_string"}}],"inLanguage":"es"}]}},"meta_box":{"industry":"","seo_heading":"","heading":"","description":"","cta_heading":"","cta_description":"","application":"416","h1":"Extensi\u00f3n de chat en vivo de Magento","h1_caption":"Ofrezca a sus clientes la posibilidad de comunicarse con usted en m\u00faltiples plataformas de mensajer\u00eda como WhatsApp, Facebook, Telegram y m\u00e1s desde una extensi\u00f3n en su sitio web Magento sin esfuerzo.","application_category":[],"applications_title":"","applications_request_title":"","applications_request_button_text":"","hero_text":"","hero_video":"","hero_video_schema_markup":"","selling_points_title":"","selling_points_caption":"","selling_points":[],"selling_points_cta_text":"","features_title":"","features":"","ed_cta_examples_text":"","ed_cta_examples_hidden":"","ed_cta_demo_text":"","ed_cta_demo_hidden":"","why_caption":"","why_editor_title":"","why_editor_text":"","why_team_title":"","why_team_text":"","why_service_title":"","why_service_text":"","template_catalog_visible":"","template_catalog_title":"","template_catalog_text":"","template_catalog_categories_visible":"","demo_title":"Crea tu extensi\u00f3n de Chat Todo en Uno","demo_caption":"\u00a1Configura tu Chat Todo en Uno y agr\u00e9galo a tu sitio web Magento gratis!","default_faq_hidden":"","app_template_category":[],"platform":"82","template_public_id":"","codecanyon_url":"","codecanyon_item_id":"","codecanyon_price":"","pricing_caption":"","pricing_elfsight_apps_hide_column":"","pricing_elfsight_apps_url":"","pricing_codecanyon_price_caption":"","integration_category":[],"integration_request_title":"","integration_request_cta":"","integration_platform":"","integrations":[],"platform_category":[],"video_schema_markup":"","price":"desde $0 \/ mes","trial":"","benefits":[{"text":"Ayuda de instalaci\u00f3n gratuita"},{"text":"Servicio al cliente eficaz"},{"text":"Garant\u00eda de reembolso de 14 d\u00edas"},{"text":"Actualizando constantemente"}],"button_url":"#demo","button_target_blank":"","button_nofollow":"","attributes":[{"name":"Instalaciones","content":"100,000 - 500,000"},{"name":"Sensible","content":"S\u00ed"},{"name":"Navegadores compatibles","content":"Firefox, Safari, Opera, Chrome, Edge"}],"tags":[],"tags_disable_links":"","hide_more_platforms":"","video_object":"","demo_hide_cta":"","demo_hide_cloud_options":"","pricing_title":"","pricing":[{"pricing_icon":"platform","pricing_title":"Elfsight Apps","pricing_title_caption":"Versi\u00f3n independiente de la plataforma que funciona en cualquier sitio web","pricing_price":"desde $0 \/ mes","pricing_price_caption":"comienza con un plan gratuito","pricing_benefits":[{"text":"Sitios web ilimitados"},{"text":"Soporte profesional de la empresa y bien documentado."},{"text":"Ayuda de instalaci\u00f3n gratuita"},{"text":"Dise\u00f1o flexible"}],"pricing_button_text":"A\u00f1adir al sitio web","pricing_button_url":"#demo"}],"related_apps_title":"","related_apps_hidden":"","author":"","image":[],"title":"","job":"","social_networks":[]},"_links":{"self":[{"href":"https:\/\/elfsight.com\/es\/wp-json\/wp\/v2\/pages\/15607","targetHints":{"allow":["GET"]}}],"collection":[{"href":"https:\/\/elfsight.com\/es\/wp-json\/wp\/v2\/pages"}],"about":[{"href":"https:\/\/elfsight.com\/es\/wp-json\/wp\/v2\/types\/page"}],"author":[{"embeddable":true,"href":"https:\/\/elfsight.com\/es\/wp-json\/wp\/v2\/users\/9"}],"replies":[{"embeddable":true,"href":"https:\/\/elfsight.com\/es\/wp-json\/wp\/v2\/comments?post=15607"}],"version-history":[{"count":3,"href":"https:\/\/elfsight.com\/es\/wp-json\/wp\/v2\/pages\/15607\/revisions"}],"predecessor-version":[{"id":17862,"href":"https:\/\/elfsight.com\/es\/wp-json\/wp\/v2\/pages\/15607\/revisions\/17862"}],"up":[{"embeddable":true,"href":"https:\/\/elfsight.com\/es\/wp-json\/wp\/v2\/pages\/418"}],"wp:attachment":[{"href":"https:\/\/elfsight.com\/es\/wp-json\/wp\/v2\/media?parent=15607"}],"curies":[{"name":"wp","href":"https:\/\/api.w.org\/{rel}","templated":true}]}}