{"id":15601,"date":"2024-05-03T06:26:55","date_gmt":"2024-05-03T06:26:55","guid":{"rendered":"https:\/\/elfsight.com\/es\/?page_id=15601"},"modified":"2025-02-06T15:04:33","modified_gmt":"2025-02-06T15:04:33","slug":"jquery","status":"publish","type":"page","link":"https:\/\/elfsight.com\/es\/all-in-one-chat-widget\/jquery\/","title":{"rendered":"All-in-One Chat &#8211; jQuery"},"content":{"rendered":"<div class=\"application-platform-content-item-description application-platform-content-item\" id=\"description\" data-nav-section=\"description\"> <h2>Descripci\u00f3n<\/h2> <p>El Chat Todo en Uno de Elfsight es una de las formas m\u00e1s r\u00e1pidas para que las personas se pongan en contacto contigo y reciban ayuda. Mantente disponible en vivo en los mensajeros m\u00e1s populares las 24 horas del d\u00eda, sin parar. Agrega el widget en tu sitio web y config\u00faralo para que aparezca en p\u00e1ginas seleccionadas o para categor\u00edas espec\u00edficas de audiencia, asigna activadores para iniciar el chat, redacta tu mensaje de bienvenida, elige \u00edconos y mucho m\u00e1s. Con la ayuda del widget en tu sitio web, estar\u00e1s disponible para los visitantes en todo momento y desde cualquier lugar.<\/p> <p><b>\u00a1Todos los mensajeros m\u00e1s conocidos como Viber, WhatsApp, Facebook, Telegram y m\u00e1s, todo en uno para la interacci\u00f3n m\u00e1s eficiente y c\u00f3moda con los clientes!<\/b><\/p> <p><b>Centraliza las demandas de tus clientes<\/b><br>Al combinar todos los canales de mensajer\u00eda destacados en el plugin de Chat, tendr\u00e1s la oportunidad de resolver m\u00faltiples tareas en un solo lugar, mejorando la satisfacci\u00f3n del cliente.<\/p><p><b>Herramienta altamente personalizable<\/b><br>Viber, WhatsApp, Line, Facebook Messenger, Discord, Telegram, &#8211; puedes utilizarlos todos al mismo tiempo o elegir los que se ajusten a tus necesidades, personalizando sus colores, tama\u00f1o y mucho m\u00e1s.<\/b><p><b>Brinda comunicaci\u00f3n en tiempo real<\/b><br>Al integrar el widget de chat en vivo en tu sitio web, conocer\u00e1s mejor a tu audiencia, brind\u00e1ndoles un servicio de alta calidad y ofreciendo servicios m\u00e1s informados.<\/b><\/div> <div class=\"application-platform-content-item-features application-platform-content-item\" id=\"features\" data-nav-section=\"features\"> <h2>Explora la lista de las caracter\u00edsticas m\u00e1s valiosas:<\/h2> <ul><li>Incorpora el Chat en vivo Todo en Uno en tu p\u00e1gina para chatear con los usuarios.<\/li><li>Tres variantes de posici\u00f3n del chat: burbuja flotante, burbuja incrustada y ventana de chat incrustada.<\/li><li>Una biblioteca de \u00edconos de burbuja para elegir.<\/li><li>T\u00edtulo flexible para el chat con imagen de p\u00e1gina, nombre y leyenda.<\/li><li>Selecciona la imagen de la p\u00e1gina por defecto, de la colecci\u00f3n o sube una imagen personalizada.<\/li><\/ul><p><a href=\"#demo\">Prueba todas las opciones de personalizaci\u00f3n en la demo completa<\/a><\/p> <\/div> <div class=\"application-platform-content-item-installation application-platform-content-item\" id=\"installation\" data-nav-section=\"installation\"> <h2>\u00bfC\u00f3mo puedo agregar el Chat en Vivo a mi sitio jQuery?<\/h2> <p>Sigue los siguientes pasos para insertar el widget.<\/p> <ol><li><b>Usa nuestra demo gratuita para comenzar a crear tu herramienta personalizada.<\/b><br> Elige el aspecto y las caracter\u00edsticas funcionales de la herramienta y aplica los cambios.<\/li> <li><b>Recibe tu c\u00f3digo \u00fanico que aparecer\u00e1 en un formulario especial en Elfsight Apps.<\/b><br> Despu\u00e9s de crear tu widget personal, copia el c\u00f3digo exclusivo desde el cuadro emergente y gu\u00e1rdalo para necesidades futuras.<\/li> <li><b>Comienza a usar el plugin en tu sitio jQuery.<\/b><br> Agrega el c\u00f3digo del chat que copiaste recientemente en tu p\u00e1gina de inicio y aplica las modificaciones.<\/li> <li><b>\u00a1Listo! La integraci\u00f3n se ha realizado con \u00e9xito.<\/b><br> Visita tu sitio para comprobar el funcionamiento del widget.<\/li><\/ol> <p>Si tienes alguna dificultad, no dudes en pedir ayuda a nuestro personal de atenci\u00f3n al cliente. Estaremos encantados de resolver cualquier problema que tengas con el widget.<\/p> <\/div><div class=\"faq\" data-component=\"FAQ\"><div class=\"faq-item\">\r\n\t\t\t\t\t<div class=\"faq-item-question\">\r\n\t\t\t\t\t\t<h3 class=\"faq-item-question-text\">\u00bfC\u00f3mo integrar un Chat en Vivo en mi sitio jQuery?<\/h3>\r\n\r\n\t\t\t\t\t\t<div class=\"faq-item-question-icon\"><\/div>\r\n\t\t\t\t\t<\/div>\r\n\r\n\t\t\t\t\t<div class=\"faq-item-answer\">\r\n\t\t\t\t\t\t<div class=\"faq-item-answer-text\"><p>La creaci\u00f3n de la herramienta se realiza en las p\u00e1ginas de Elfsight y no necesitas aprender a programar. Usa nuestra demo en l\u00ednea para personalizar tu herramienta, obtener el c\u00f3digo e integrarlo en tu sitio.<\/p><\/div>\r\n\t\t\t\t\t<\/div>\r\n\t\t\t\t<\/div><div class=\"faq-item\">\r\n\t\t\t\t\t<div class=\"faq-item-question\">\r\n\t\t\t\t\t\t<h3 class=\"faq-item-question-text\">\u00bfCu\u00e1les son los mejores ejemplos de uso de la integraci\u00f3n del Chat en Vivo?<\/h3>\r\n\r\n\t\t\t\t\t\t<div class=\"faq-item-question-icon\"><\/div>\r\n\t\t\t\t\t<\/div>\r\n\r\n\t\t\t\t\t<div class=\"faq-item-answer\">\r\n\t\t\t\t\t\t<div class=\"faq-item-answer-text\"><p>Te proporcionaremos muchas opciones de personalizaci\u00f3n: widgets de longitud completa para insertar en el \u00e1rea de contenido, plugins flotantes para opciones de desplazamiento, miniaturas para el pie de p\u00e1gina de tu sitio web, secci\u00f3n de encabezado y todo tipo de opciones verticales para las barras laterales y men\u00fas del sitio web.<\/p><\/div>\r\n\t\t\t\t\t<\/div>\r\n\t\t\t\t<\/div><div class=\"faq-item\">\r\n\t\t\t\t\t<div class=\"faq-item-question\">\r\n\t\t\t\t\t\t<h3 class=\"faq-item-question-text\">\u00bfPuedo crear un Chat de Ayuda o de Retroalimentaci\u00f3n a trav\u00e9s del editor?<\/h3>\r\n\r\n\t\t\t\t\t\t<div class=\"faq-item-question-icon\"><\/div>\r\n\t\t\t\t\t<\/div>\r\n\r\n\t\t\t\t\t<div class=\"faq-item-answer\">\r\n\t\t\t\t\t\t<div class=\"faq-item-answer-text\"><p>Puedes crear cualquier variaci\u00f3n del widget. Hay toneladas de dise\u00f1os a tu disposici\u00f3n en el editor, y todos ellos pueden personalizarse f\u00e1cilmente de la manera que requieras.<\/p><\/div>\r\n\t\t\t\t\t<\/div>\r\n\t\t\t\t<\/div><\/div>","protected":false},"excerpt":{"rendered":"","protected":false},"author":9,"featured_media":0,"parent":418,"menu_order":0,"comment_status":"closed","ping_status":"closed","template":"templates\/template-application-platform.php","meta":{"publish_to_discourse":"","publish_post_category":"","wpdc_auto_publish_overridden":"","wpdc_topic_tags":"","wpdc_pin_topic":"","wpdc_pin_until":"","discourse_post_id":"","discourse_permalink":"","wpdc_publishing_response":"","wpdc_publishing_error":"","footnotes":""},"class_list":["post-15601","page","type-page","status-publish","hentry"],"yoast_head":"<!-- This site is optimized with the Yoast SEO plugin v25.3.1 - https:\/\/yoast.com\/wordpress\/plugins\/seo\/ -->\n<title>Chat en vivo: agregue el complemento Chat Box al sitio web jQuery (f\u00e1cil y gratis)<\/title>\n<meta name=\"description\" content=\"Agregue su complemento All-in-One Live Chat Box al sitio jQuery en 1-2-3. Utilice nuestra demostraci\u00f3n en vivo para darle forma a su widget \u00fanico sin esfuerzo y sin codificaci\u00f3n.\" \/>\n<meta name=\"robots\" content=\"index, follow, max-snippet:-1, max-image-preview:large, max-video-preview:-1\" \/>\n<link rel=\"canonical\" href=\"https:\/\/elfsight.com\/es\/all-in-one-chat-widget\/jquery\/\" \/>\n<meta property=\"og:locale\" content=\"es_ES\" \/>\n<meta property=\"og:type\" content=\"article\" \/>\n<meta property=\"og:title\" content=\"Chat en vivo: agregue el complemento Chat Box al sitio web jQuery (f\u00e1cil y gratis)\" \/>\n<meta property=\"og:description\" content=\"Agregue su complemento All-in-One Live Chat Box al sitio jQuery en 1-2-3. Utilice nuestra demostraci\u00f3n en vivo para darle forma a su widget \u00fanico sin esfuerzo y sin codificaci\u00f3n.\" \/>\n<meta property=\"og:url\" content=\"https:\/\/elfsight.com\/es\/all-in-one-chat-widget\/jquery\/\" \/>\n<meta property=\"og:site_name\" content=\"Elfsight ES\" \/>\n<meta property=\"article:modified_time\" content=\"2025-02-06T15:04:33+00:00\" \/>\n<meta name=\"twitter:card\" content=\"summary_large_image\" \/>\n<meta name=\"twitter:label1\" content=\"Tiempo de lectura\" \/>\n\t<meta name=\"twitter:data1\" content=\"4 minutos\" \/>\n<!-- \/ Yoast SEO plugin. -->","yoast_head_json":{"title":"Chat en vivo: agregue el complemento Chat Box al sitio web jQuery (f\u00e1cil y gratis)","description":"Agregue su complemento All-in-One Live Chat Box al sitio jQuery en 1-2-3. Utilice nuestra demostraci\u00f3n en vivo para darle forma a su widget \u00fanico sin esfuerzo y sin codificaci\u00f3n.","robots":{"index":"index","follow":"follow","max-snippet":"max-snippet:-1","max-image-preview":"max-image-preview:large","max-video-preview":"max-video-preview:-1"},"canonical":"https:\/\/elfsight.com\/es\/all-in-one-chat-widget\/jquery\/","og_locale":"es_ES","og_type":"article","og_title":"Chat en vivo: agregue el complemento Chat Box al sitio web jQuery (f\u00e1cil y gratis)","og_description":"Agregue su complemento All-in-One Live Chat Box al sitio jQuery en 1-2-3. Utilice nuestra demostraci\u00f3n en vivo para darle forma a su widget \u00fanico sin esfuerzo y sin codificaci\u00f3n.","og_url":"https:\/\/elfsight.com\/es\/all-in-one-chat-widget\/jquery\/","og_site_name":"Elfsight ES","article_modified_time":"2025-02-06T15:04:33+00:00","twitter_card":"summary_large_image","twitter_misc":{"Tiempo de lectura":"4 minutos"},"schema":{"@context":"https:\/\/schema.org","@graph":[{"@type":"WebPage","@id":"https:\/\/elfsight.com\/es\/all-in-one-chat-widget\/jquery\/","url":"https:\/\/elfsight.com\/es\/all-in-one-chat-widget\/jquery\/","name":"Chat en vivo: agregue el complemento Chat Box al sitio web jQuery (f\u00e1cil y gratis)","isPartOf":{"@id":"https:\/\/elfsight.com\/es\/#website"},"datePublished":"2024-05-03T06:26:55+00:00","dateModified":"2025-02-06T15:04:33+00:00","description":"Agregue su complemento All-in-One Live Chat Box al sitio jQuery en 1-2-3. Utilice nuestra demostraci\u00f3n en vivo para darle forma a su widget \u00fanico sin esfuerzo y sin codificaci\u00f3n.","breadcrumb":{"@id":"https:\/\/elfsight.com\/es\/all-in-one-chat-widget\/jquery\/#breadcrumb"},"inLanguage":"es","potentialAction":[{"@type":"ReadAction","target":["https:\/\/elfsight.com\/es\/all-in-one-chat-widget\/jquery\/"]}]},{"@type":"BreadcrumbList","@id":"https:\/\/elfsight.com\/es\/all-in-one-chat-widget\/jquery\/#breadcrumb","itemListElement":[{"@type":"ListItem","position":1,"name":"Home","item":"https:\/\/elfsight.com\/es\/"},{"@type":"ListItem","position":2,"name":"All-in-One Chat","item":"https:\/\/elfsight.com\/es\/all-in-one-chat-widget\/"},{"@type":"ListItem","position":3,"name":"All-in-One Chat &#8211; jQuery"}]},{"@type":"WebSite","@id":"https:\/\/elfsight.com\/es\/#website","url":"https:\/\/elfsight.com\/es\/","name":"Elfsight ES","description":"Just another Elfsight Sites site","potentialAction":[{"@type":"SearchAction","target":{"@type":"EntryPoint","urlTemplate":"https:\/\/elfsight.com\/es\/?s={search_term_string}"},"query-input":{"@type":"PropertyValueSpecification","valueRequired":true,"valueName":"search_term_string"}}],"inLanguage":"es"}]}},"meta_box":{"industry":"","seo_heading":"","heading":"","description":"","cta_heading":"","cta_description":"","application":"416","h1":"Complemento jQuery de chat en vivo","h1_caption":"Ofrezca a sus clientes la posibilidad de comunicarse con usted en m\u00faltiples plataformas de mensajer\u00eda como WhatsApp, Facebook, Telegram y m\u00e1s desde un complemento en su sitio web jQuery sin esfuerzo.","application_category":[],"applications_title":"","applications_request_title":"","applications_request_button_text":"","hero_text":"","hero_video":"","hero_video_schema_markup":"","selling_points_title":"","selling_points_caption":"","selling_points":[],"selling_points_cta_text":"","features_title":"","features":"","ed_cta_examples_text":"","ed_cta_examples_hidden":"","ed_cta_demo_text":"","ed_cta_demo_hidden":"","why_caption":"","why_editor_title":"","why_editor_text":"","why_team_title":"","why_team_text":"","why_service_title":"","why_service_text":"","template_catalog_visible":"","template_catalog_title":"","template_catalog_text":"","template_catalog_categories_visible":"","demo_title":"Crea tu complemento de chat todo en uno","demo_caption":"\u00a1Configura tu chat todo en uno y agr\u00e9galo a tu sitio web jQuery gratis!","default_faq_hidden":"","app_template_category":[],"platform":"76","template_public_id":"","codecanyon_url":"","codecanyon_item_id":"","codecanyon_price":"","pricing_caption":"","pricing_elfsight_apps_hide_column":"","pricing_elfsight_apps_url":"","pricing_codecanyon_price_caption":"","integration_category":[],"integration_request_title":"","integration_request_cta":"","integration_platform":"","integrations":[],"platform_category":[],"video_schema_markup":"","price":"desde $0 \/ mes","trial":"","benefits":[{"text":"Asistencia de instalaci\u00f3n gratuita"},{"text":"Soporte excepcional"},{"text":"Garant\u00eda de reembolso de 14 d\u00edas"},{"text":"Actualizando constantemente"}],"button_url":"#demo","button_target_blank":"","button_nofollow":"","attributes":[{"name":"Instalaciones","content":"100,000 - 500,000"},{"name":"Sensible","content":"S\u00ed"},{"name":"Navegadores compatibles","content":"Firefox, Safari, Opera, Chrome, Edge"}],"tags":[],"tags_disable_links":"","hide_more_platforms":"","video_object":"","demo_hide_cta":"","demo_hide_cloud_options":"","pricing_title":"","pricing":[{"pricing_icon":"platform","pricing_title":"Elfsight Apps","pricing_title_caption":"Soluci\u00f3n digital independiente de la plataforma","pricing_price":"desde $0 \/ mes","pricing_price_caption":"comienza con un plan gratuito","pricing_benefits":[{"text":"Dominios ilimitados"},{"text":"Atenci\u00f3n al cliente gratuita y bien documentada."},{"text":"Soporte de instalaci\u00f3n gratuito"},{"text":"Totalmente personalizable"}],"pricing_button_text":"A\u00f1adir al sitio web","pricing_button_url":"#demo"}],"related_apps_title":"","related_apps_hidden":"","author":"","image":[],"title":"","job":"","social_networks":[]},"_links":{"self":[{"href":"https:\/\/elfsight.com\/es\/wp-json\/wp\/v2\/pages\/15601","targetHints":{"allow":["GET"]}}],"collection":[{"href":"https:\/\/elfsight.com\/es\/wp-json\/wp\/v2\/pages"}],"about":[{"href":"https:\/\/elfsight.com\/es\/wp-json\/wp\/v2\/types\/page"}],"author":[{"embeddable":true,"href":"https:\/\/elfsight.com\/es\/wp-json\/wp\/v2\/users\/9"}],"replies":[{"embeddable":true,"href":"https:\/\/elfsight.com\/es\/wp-json\/wp\/v2\/comments?post=15601"}],"version-history":[{"count":3,"href":"https:\/\/elfsight.com\/es\/wp-json\/wp\/v2\/pages\/15601\/revisions"}],"predecessor-version":[{"id":17860,"href":"https:\/\/elfsight.com\/es\/wp-json\/wp\/v2\/pages\/15601\/revisions\/17860"}],"up":[{"embeddable":true,"href":"https:\/\/elfsight.com\/es\/wp-json\/wp\/v2\/pages\/418"}],"wp:attachment":[{"href":"https:\/\/elfsight.com\/es\/wp-json\/wp\/v2\/media?parent=15601"}],"curies":[{"name":"wp","href":"https:\/\/api.w.org\/{rel}","templated":true}]}}