{"id":15599,"date":"2024-05-03T06:26:54","date_gmt":"2024-05-03T06:26:54","guid":{"rendered":"https:\/\/elfsight.com\/es\/?page_id=15599"},"modified":"2025-02-06T15:04:33","modified_gmt":"2025-02-06T15:04:33","slug":"iframe","status":"publish","type":"page","link":"https:\/\/elfsight.com\/es\/all-in-one-chat-widget\/iframe\/","title":{"rendered":"All-in-One Chat &#8211; iFrame"},"content":{"rendered":"<div class=\"application-platform-content-item-description application-platform-content-item\" id=\"description\" data-nav-section=\"description\"> <h2>Incorpora el Chat Todo en Uno en iFrame con el widget de Elfsight<\/h2> <p>El Chat Todo en Uno de Elfsight es una de las formas m\u00e1s convenientes para que los visitantes de tu sitio web se pongan en contacto contigo y reciban soporte. Mantente disponible en vivo en todos los mensajeros m\u00e1s utilizados las 24 horas del d\u00eda, los 7 d\u00edas de la semana. Integra el widget en tu sitio web y config\u00faralo para que aparezca en p\u00e1ginas seleccionadas o para grupos espec\u00edficos de visitantes, asigna activadores para iniciar el chat, escribe tu propio mensaje de bienvenida, elige \u00edconos y otras caracter\u00edsticas. Usando el plugin activo, seguir\u00e1s estando disponible para los visitantes en todo momento y desde cualquier lugar.<\/p> <p><b>Genera prospectos a trav\u00e9s de contactos personales<\/b><\/p> <\/div> <div class=\"application-platform-content-item-features application-platform-content-item\" id=\"features\" data-nav-section=\"features\"> <h2>Te ofrecemos caracter\u00edsticas pr\u00e1cticas y f\u00e1ciles de usar, algunas de ellas son:<\/h2> <ul><li>Incorpora el widget de Chat Todo en Uno en tu p\u00e1gina para chatear con los usuarios.<\/li><li>3 variantes de posici\u00f3n del chat: burbuja flotante, burbuja incrustada y ventana de chat incrustada.<\/li><li>Una colecci\u00f3n de \u00edconos de burbuja para elegir.<\/li><li>T\u00edtulo maleable para el chat con logo de p\u00e1gina, nombre y leyenda.<\/li><li>Selecciona la imagen de la p\u00e1gina por defecto, de la colecci\u00f3n o sube tu propia imagen.<\/li><\/ul><p><a href=\"#demo\">Puedes explorar toda la funcionalidad del widget en la demo ahora mismo<\/a><\/p> <\/div> <div class=\"application-platform-content-item-installation application-platform-content-item\" id=\"installation\" data-nav-section=\"installation\"> <h2>\u00bfC\u00f3mo puedo agregar el Chat en Vivo a mi sitio web en iFrame?<\/h2> <p>Sigue estos pasos para integrar el plugin.<\/p> <ol><li><b>Lanza nuestro editor gratuito y comienza a crear tu herramienta personalizada.<\/b><br> Encuentra el dise\u00f1o adecuado y las funcionalidades del plugin y guarda los cambios.<\/li> <li><b>Copia el c\u00f3digo \u00fanico que aparece en la ventana de Elfsight Apps.<\/b><br> Despu\u00e9s de personalizar tu plugin, copia el c\u00f3digo exclusivo desde el cuadro emergente y gu\u00e1rdalo para futuras ocasiones.<\/li> <li><b>Comienza a usar el widget en la p\u00e1gina de iFrame.<\/b><br> Inserta el c\u00f3digo que guardaste recientemente en tu p\u00e1gina y aplica las correcciones.<\/li> <li><b>\u00a1Listo! La configuraci\u00f3n se ha realizado con \u00e9xito.<\/b><br> Ve a tu sitio para ver el funcionamiento de la herramienta.<\/li><\/ol><p>Si te encuentras con alg\u00fan problema, no dudes en solicitar ayuda a nuestro equipo de soporte. Nuestros especialistas estar\u00e1n encantados de resolver cualquier problema que tengas con el widget.<\/p> <div class=\"faq\" data-component=\"FAQ\"><div class=\"faq-item\">\r\n\t\t\t\t\t<div class=\"faq-item-question\">\r\n\t\t\t\t\t\t<h3 class=\"faq-item-question-text\">\u00bfC\u00f3mo agregar el Chat Todo en Uno a mi sitio web en iFrame sin necesidad de conocimientos en programaci\u00f3n?<\/h3>\r\n\r\n\t\t\t\t\t\t<div class=\"faq-item-question-icon\"><\/div>\r\n\t\t\t\t\t<\/div>\r\n\r\n\t\t\t\t\t<div class=\"faq-item-answer\">\r\n\t\t\t\t\t\t<div class=\"faq-item-answer-text\"><p>Elfsight ofrece una soluci\u00f3n SaaS que te permite crear el widget de Chat Todo en Uno por ti mismo, mira lo f\u00e1cil que es el proceso: Trabaja directamente en el Editor en l\u00ednea para crear el widget de Chat Todo en Uno que te gustar\u00eda ver en tu sitio web en iFrame. Elige una de las plantillas prehechas y ajusta las configuraciones del Chat Todo en Uno, agrega tu contenido, cambia el dise\u00f1o y los colores sin necesidad de conocimientos de programaci\u00f3n. Guarda el Chat Todo en Uno y copia su c\u00f3digo de instalaci\u00f3n, que podr\u00e1s insertar f\u00e1cilmente en tu sitio web en iFrame sin necesidad de comprar una versi\u00f3n de pago. Con nuestro intuitivo Editor, cualquier usuario de Internet puede crear un widget de Chat Todo en Uno en l\u00ednea y agregarlo f\u00e1cilmente a su sitio web en iFrame. No es necesario pagar ni ingresar tus datos de tarjeta para acceder al servicio. Si tienes problemas en alg\u00fan paso, no dudes en ponerte en contacto con nuestro equipo de soporte t\u00e9cnico.<\/p><\/div>\r\n\t\t\t\t\t<\/div>\r\n\t\t\t\t<\/div><\/div><\/div>","protected":false},"excerpt":{"rendered":"","protected":false},"author":9,"featured_media":0,"parent":418,"menu_order":0,"comment_status":"closed","ping_status":"closed","template":"templates\/template-application-platform.php","meta":{"publish_to_discourse":"","publish_post_category":"","wpdc_auto_publish_overridden":"","wpdc_topic_tags":"","wpdc_pin_topic":"","wpdc_pin_until":"","discourse_post_id":"","discourse_permalink":"","wpdc_publishing_response":"","wpdc_publishing_error":"","footnotes":""},"class_list":["post-15599","page","type-page","status-publish","hentry"],"yoast_head":"<!-- This site is optimized with the Yoast SEO plugin v25.3.1 - https:\/\/yoast.com\/wordpress\/plugins\/seo\/ -->\n<title>Chat en vivo: agregue el widget Chat Box a los sitios web iFrame (f\u00e1cil y gratis)<\/title>\n<meta name=\"description\" content=\"Incruste su widget All-in-One Live Chat Box en la p\u00e1gina de inicio de iFrame en unos minutos. Utilice nuestra pr\u00e1ctica demostraci\u00f3n para darle forma a su widget \u00fanico f\u00e1cilmente y sin codificaci\u00f3n.\" \/>\n<meta name=\"robots\" content=\"index, follow, max-snippet:-1, max-image-preview:large, max-video-preview:-1\" \/>\n<link rel=\"canonical\" href=\"https:\/\/elfsight.com\/es\/all-in-one-chat-widget\/iframe\/\" \/>\n<meta property=\"og:locale\" content=\"es_ES\" \/>\n<meta property=\"og:type\" content=\"article\" \/>\n<meta property=\"og:title\" content=\"Chat en vivo: agregue el widget Chat Box a los sitios web iFrame (f\u00e1cil y gratis)\" \/>\n<meta property=\"og:description\" content=\"Incruste su widget All-in-One Live Chat Box en la p\u00e1gina de inicio de iFrame en unos minutos. Utilice nuestra pr\u00e1ctica demostraci\u00f3n para darle forma a su widget \u00fanico f\u00e1cilmente y sin codificaci\u00f3n.\" \/>\n<meta property=\"og:url\" content=\"https:\/\/elfsight.com\/es\/all-in-one-chat-widget\/iframe\/\" \/>\n<meta property=\"og:site_name\" content=\"Elfsight ES\" \/>\n<meta property=\"article:modified_time\" content=\"2025-02-06T15:04:33+00:00\" \/>\n<meta name=\"twitter:card\" content=\"summary_large_image\" \/>\n<meta name=\"twitter:label1\" content=\"Tiempo de lectura\" \/>\n\t<meta name=\"twitter:data1\" content=\"3 minutos\" \/>\n<!-- \/ Yoast SEO plugin. -->","yoast_head_json":{"title":"Chat en vivo: agregue el widget Chat Box a los sitios web iFrame (f\u00e1cil y gratis)","description":"Incruste su widget All-in-One Live Chat Box en la p\u00e1gina de inicio de iFrame en unos minutos. Utilice nuestra pr\u00e1ctica demostraci\u00f3n para darle forma a su widget \u00fanico f\u00e1cilmente y sin codificaci\u00f3n.","robots":{"index":"index","follow":"follow","max-snippet":"max-snippet:-1","max-image-preview":"max-image-preview:large","max-video-preview":"max-video-preview:-1"},"canonical":"https:\/\/elfsight.com\/es\/all-in-one-chat-widget\/iframe\/","og_locale":"es_ES","og_type":"article","og_title":"Chat en vivo: agregue el widget Chat Box a los sitios web iFrame (f\u00e1cil y gratis)","og_description":"Incruste su widget All-in-One Live Chat Box en la p\u00e1gina de inicio de iFrame en unos minutos. Utilice nuestra pr\u00e1ctica demostraci\u00f3n para darle forma a su widget \u00fanico f\u00e1cilmente y sin codificaci\u00f3n.","og_url":"https:\/\/elfsight.com\/es\/all-in-one-chat-widget\/iframe\/","og_site_name":"Elfsight ES","article_modified_time":"2025-02-06T15:04:33+00:00","twitter_card":"summary_large_image","twitter_misc":{"Tiempo de lectura":"3 minutos"},"schema":{"@context":"https:\/\/schema.org","@graph":[{"@type":"WebPage","@id":"https:\/\/elfsight.com\/es\/all-in-one-chat-widget\/iframe\/","url":"https:\/\/elfsight.com\/es\/all-in-one-chat-widget\/iframe\/","name":"Chat en vivo: agregue el widget Chat Box a los sitios web iFrame (f\u00e1cil y gratis)","isPartOf":{"@id":"https:\/\/elfsight.com\/es\/#website"},"datePublished":"2024-05-03T06:26:54+00:00","dateModified":"2025-02-06T15:04:33+00:00","description":"Incruste su widget All-in-One Live Chat Box en la p\u00e1gina de inicio de iFrame en unos minutos. Utilice nuestra pr\u00e1ctica demostraci\u00f3n para darle forma a su widget \u00fanico f\u00e1cilmente y sin codificaci\u00f3n.","breadcrumb":{"@id":"https:\/\/elfsight.com\/es\/all-in-one-chat-widget\/iframe\/#breadcrumb"},"inLanguage":"es","potentialAction":[{"@type":"ReadAction","target":["https:\/\/elfsight.com\/es\/all-in-one-chat-widget\/iframe\/"]}]},{"@type":"BreadcrumbList","@id":"https:\/\/elfsight.com\/es\/all-in-one-chat-widget\/iframe\/#breadcrumb","itemListElement":[{"@type":"ListItem","position":1,"name":"Home","item":"https:\/\/elfsight.com\/es\/"},{"@type":"ListItem","position":2,"name":"All-in-One Chat","item":"https:\/\/elfsight.com\/es\/all-in-one-chat-widget\/"},{"@type":"ListItem","position":3,"name":"All-in-One Chat &#8211; iFrame"}]},{"@type":"WebSite","@id":"https:\/\/elfsight.com\/es\/#website","url":"https:\/\/elfsight.com\/es\/","name":"Elfsight ES","description":"Just another Elfsight Sites site","potentialAction":[{"@type":"SearchAction","target":{"@type":"EntryPoint","urlTemplate":"https:\/\/elfsight.com\/es\/?s={search_term_string}"},"query-input":{"@type":"PropertyValueSpecification","valueRequired":true,"valueName":"search_term_string"}}],"inLanguage":"es"}]}},"meta_box":{"industry":"","seo_heading":"","heading":"","description":"","cta_heading":"","cta_description":"","application":"416","h1":"Widget de chat en vivo de iFrame","h1_caption":"Ofrezca a sus clientes la posibilidad de comunicarse con usted en m\u00faltiples plataformas de mensajer\u00eda como WhatsApp, Facebook, Telegram y m\u00e1s desde un widget en su sitio web iFrame sin esfuerzo.","application_category":[],"applications_title":"","applications_request_title":"","applications_request_button_text":"","hero_text":"","hero_video":"","hero_video_schema_markup":"","selling_points_title":"","selling_points_caption":"","selling_points":[],"selling_points_cta_text":"","features_title":"","features":"","ed_cta_examples_text":"","ed_cta_examples_hidden":"","ed_cta_demo_text":"","ed_cta_demo_hidden":"","why_caption":"","why_editor_title":"","why_editor_text":"","why_team_title":"","why_team_text":"","why_service_title":"","why_service_text":"","template_catalog_visible":"","template_catalog_title":"","template_catalog_text":"","template_catalog_categories_visible":"","demo_title":"Crea tu widget de chat todo en uno","demo_caption":"\u00a1Configure su chat todo en uno y agr\u00e9guelo a su sitio web iFrame gratis!","default_faq_hidden":"","app_template_category":[],"platform":"2192","template_public_id":"","codecanyon_url":"","codecanyon_item_id":"","codecanyon_price":"","pricing_caption":"","pricing_elfsight_apps_hide_column":"","pricing_elfsight_apps_url":"","pricing_codecanyon_price_caption":"","integration_category":[],"integration_request_title":"","integration_request_cta":"","integration_platform":"","integrations":[],"platform_category":[],"video_schema_markup":"","price":"desde $0 \/ mes","trial":"","benefits":[{"text":"Servicio de instalaci\u00f3n gratuito"},{"text":"Atenci\u00f3n al cliente experimentada"},{"text":"Garant\u00eda de reembolso de 14 d\u00edas"},{"text":"Actualizaciones gratuitas de por vida"}],"button_url":"#demo","button_target_blank":"","button_nofollow":"","attributes":[{"name":"Instalaciones","content":"100,000 - 500,000"},{"name":"Sensible","content":"S\u00ed"},{"name":"Navegadores compatibles","content":"Firefox, Safari, Edge, Chrome, Opera"}],"tags":[],"tags_disable_links":"","hide_more_platforms":"","video_object":"","demo_hide_cta":"","demo_hide_cloud_options":"","pricing_title":"","pricing":[{"pricing_icon":"platform","pricing_title":"Elfsight Apps","pricing_title_caption":"Software multiplataforma","pricing_price":"desde $0 \/ mes","pricing_price_caption":"comienza con el plan gratuito","pricing_benefits":[{"text":"Sitios web ilimitados"},{"text":"Atenci\u00f3n al cliente gratuita"},{"text":"Servicio de instalaci\u00f3n gratuito"},{"text":"Totalmente personalizable"}],"pricing_button_text":"A\u00f1adir al sitio web","pricing_button_url":"#demo"}],"related_apps_title":"","related_apps_hidden":"","author":"","image":[],"title":"","job":"","social_networks":[]},"_links":{"self":[{"href":"https:\/\/elfsight.com\/es\/wp-json\/wp\/v2\/pages\/15599","targetHints":{"allow":["GET"]}}],"collection":[{"href":"https:\/\/elfsight.com\/es\/wp-json\/wp\/v2\/pages"}],"about":[{"href":"https:\/\/elfsight.com\/es\/wp-json\/wp\/v2\/types\/page"}],"author":[{"embeddable":true,"href":"https:\/\/elfsight.com\/es\/wp-json\/wp\/v2\/users\/9"}],"replies":[{"embeddable":true,"href":"https:\/\/elfsight.com\/es\/wp-json\/wp\/v2\/comments?post=15599"}],"version-history":[{"count":3,"href":"https:\/\/elfsight.com\/es\/wp-json\/wp\/v2\/pages\/15599\/revisions"}],"predecessor-version":[{"id":17861,"href":"https:\/\/elfsight.com\/es\/wp-json\/wp\/v2\/pages\/15599\/revisions\/17861"}],"up":[{"embeddable":true,"href":"https:\/\/elfsight.com\/es\/wp-json\/wp\/v2\/pages\/418"}],"wp:attachment":[{"href":"https:\/\/elfsight.com\/es\/wp-json\/wp\/v2\/media?parent=15599"}],"curies":[{"name":"wp","href":"https:\/\/api.w.org\/{rel}","templated":true}]}}