{"id":15593,"date":"2024-05-03T06:26:40","date_gmt":"2024-05-03T06:26:40","guid":{"rendered":"https:\/\/elfsight.com\/es\/?page_id=15593"},"modified":"2025-02-06T15:04:58","modified_gmt":"2025-02-06T15:04:58","slug":"google-sites","status":"publish","type":"page","link":"https:\/\/elfsight.com\/es\/all-in-one-chat-widget\/google-sites\/","title":{"rendered":"All-in-One Chat &#8211; Google Sites"},"content":{"rendered":"<div class=\"application-platform-content-item-description application-platform-content-item\" id=\"description\" data-nav-section=\"description\"> <h2>Incorpora el Chat Todo-en-Uno en Google Sites con el widget de Elfsight<\/h2> <p>El Chat en Vivo de Elfsight para Google es uno de los gadgets m\u00e1s r\u00e1pidos para que las personas se comuniquen contigo y resuelvan sus dudas. Podr\u00e1s estar disponible en l\u00ednea en los mensajeros m\u00e1s populares las 24 horas del d\u00eda, los 7 d\u00edas de la semana. Agrega el widget a tu sitio web y se puede activar en p\u00e1ginas seleccionadas o para grupos espec\u00edficos de audiencia, elige los disparadores de inicio de chat, establece tu mensaje de bienvenida, selecciona iconos y m\u00e1s. Con la ayuda del plugin en tu sitio, podr\u00e1s estar disponible para las personas en cualquier momento y desde cualquier lugar.<\/p> <p><b>Mantente accesible y r\u00e1pido para responder, aumentando las ventas mediante consultas<\/b><\/p> <\/div> <div class=\"application-platform-content-item-features application-platform-content-item\" id=\"features\" data-nav-section=\"features\"> <h2>A continuaci\u00f3n se muestran las caracter\u00edsticas principales del gadget de Chat:<\/h2> <ul><li>Agrega el Chat Todo-en-Uno en tu sitio para conversar con los visitantes.<\/li><li>Tres tipos de posici\u00f3n del chat: burbuja flotante, burbuja incrustada y ventana de chat incrustada.<\/li><li>Una biblioteca de iconos de burbujas para elegir.<\/li><li>Encabezado flexible del Chat con imagen de la p\u00e1gina, nombre y subt\u00edtulo.<\/li><li>Selecciona una imagen de la p\u00e1gina por defecto, desde la biblioteca o sube una imagen personalizada.<\/li><\/ul><p><a href=\"#demo\">Explora todas las opciones de personalizaci\u00f3n en la demo completamente funcional<\/a><\/p> <\/div> <div class=\"application-platform-content-item-installation application-platform-content-item\" id=\"installation\" data-nav-section=\"installation\"> <h2>\u00bfC\u00f3mo agrego el Chat en Vivo en mi Google Sites?<\/h2> <p>Sigue estos sencillos pasos para comenzar a usar el gadget.<\/p> <ol><li><b>Usa nuestra demo gratuita y empieza a formar tu plugin personalizado.<\/b><br> Especifica la interfaz y las opciones preferidas del plugin y aplica las modificaciones.<\/li> <li><b>Copia tu c\u00f3digo \u00fanico que aparece en el formulario especial de Elfsight Apps.<\/b><br> Despu\u00e9s de crear tu widget personal, copia el c\u00f3digo exclusivo del cuadro emergente y gu\u00e1rdalo para su uso futuro.<\/li> <li><b>Comienza a utilizar el gadget de Messenger en tu p\u00e1gina de Google.<\/b><br> Inserta el c\u00f3digo que copiaste recientemente en tu p\u00e1gina y guarda los cambios.<\/li> <li><b>La instalaci\u00f3n ha finalizado con \u00e9xito.<\/b><br> Dir\u00edgete a tu p\u00e1gina para ver c\u00f3mo funciona el widget.<\/li><\/ol> <p><b>Debido a las peculiaridades del funcionamiento de Google Sites, el widget puede verse diferente de la demo en l\u00ednea. Pedimos disculpas por cualquier inconveniente.<\/b><\/p> <p>Si tienes alguna pregunta o te enfrentas a problemas, no dudes en ponerte en contacto con nuestro equipo de atenci\u00f3n al cliente. Nuestros consultores estar\u00e1n encantados de resolver cualquier problema que puedas tener con el producto.<\/p> <div class=\"faq\" data-component=\"FAQ\"><div class=\"faq-item\">\r\n\t\t\t\t\t<div class=\"faq-item-question\">\r\n\t\t\t\t\t\t<h3 class=\"faq-item-question-text\">\u00bfC\u00f3mo agregar el Chat Todo-en-Uno a mi sitio de Google Sites sin habilidades de codificaci\u00f3n?<\/h3>\r\n\r\n\t\t\t\t\t\t<div class=\"faq-item-question-icon\"><\/div>\r\n\t\t\t\t\t<\/div>\r\n\r\n\t\t\t\t\t<div class=\"faq-item-answer\">\r\n\t\t\t\t\t\t<div class=\"faq-item-answer-text\"><p>Elfsight ofrece una soluci\u00f3n SaaS que te permite crear un widget de Chat Todo-en-Uno t\u00fa mismo, ve lo f\u00e1cil que es el proceso: Trabaja directamente en el Editor en l\u00ednea para crear el widget de Chat Todo-en-Uno que deseas ver en tu sitio web de Google Sites. Elige una de las plantillas predise\u00f1adas y ajusta las configuraciones del Chat Todo-en-Uno, agrega tu contenido, cambia el dise\u00f1o y los colores sin necesidad de habilidades de codificaci\u00f3n. Guarda el Chat Todo-en-Uno y copia su c\u00f3digo de instalaci\u00f3n, que puedes integrar f\u00e1cilmente en tu sitio web de Google Sites sin necesidad de comprar un plan de pago. Con nuestro Editor intuitivo, cualquier usuario de Internet puede crear un widget de Chat Todo-en-Uno en l\u00ednea e integrarlo f\u00e1cilmente en su sitio web de Google Sites. No es necesario pagar ni ingresar los datos de tu tarjeta para acceder al servicio. Si enfrentas alg\u00fan problema en cualquier paso, no dudes en ponerte en contacto con nuestro equipo de soporte t\u00e9cnico.<\/p><\/div>\r\n\t\t\t\t\t<\/div>\r\n\t\t\t\t<\/div><\/div><\/div>","protected":false},"excerpt":{"rendered":"","protected":false},"author":9,"featured_media":0,"parent":418,"menu_order":0,"comment_status":"closed","ping_status":"closed","template":"templates\/template-application-platform.php","meta":{"publish_to_discourse":"","publish_post_category":"","wpdc_auto_publish_overridden":"","wpdc_topic_tags":"","wpdc_pin_topic":"","wpdc_pin_until":"","discourse_post_id":"","discourse_permalink":"","wpdc_publishing_response":"","wpdc_publishing_error":"","footnotes":""},"class_list":["post-15593","page","type-page","status-publish","hentry"],"yoast_head":"<!-- This site is optimized with the Yoast SEO plugin v25.3.1 - https:\/\/yoast.com\/wordpress\/plugins\/seo\/ -->\n<title>Chat en vivo: agregue el widget de chat en vivo a Google Sites [2025]<\/title>\n<meta name=\"description\" content=\"Incruste su chat todo en uno en Google Sites en unos minutos. Utilice nuestra pr\u00e1ctica demostraci\u00f3n para crear su widget de mensajer\u00eda exclusivo sin esfuerzo.\" \/>\n<meta name=\"robots\" content=\"index, follow, max-snippet:-1, max-image-preview:large, max-video-preview:-1\" \/>\n<link rel=\"canonical\" href=\"https:\/\/elfsight.com\/es\/all-in-one-chat-widget\/google-sites\/\" \/>\n<meta property=\"og:locale\" content=\"es_ES\" \/>\n<meta property=\"og:type\" content=\"article\" \/>\n<meta property=\"og:title\" content=\"Chat en vivo: agregue el widget de chat en vivo a Google Sites [2025]\" \/>\n<meta property=\"og:description\" content=\"Incruste su chat todo en uno en Google Sites en unos minutos. Utilice nuestra pr\u00e1ctica demostraci\u00f3n para crear su widget de mensajer\u00eda exclusivo sin esfuerzo.\" \/>\n<meta property=\"og:url\" content=\"https:\/\/elfsight.com\/es\/all-in-one-chat-widget\/google-sites\/\" \/>\n<meta property=\"og:site_name\" content=\"Elfsight ES\" \/>\n<meta property=\"article:modified_time\" content=\"2025-02-06T15:04:58+00:00\" \/>\n<meta name=\"twitter:card\" content=\"summary_large_image\" \/>\n<meta name=\"twitter:label1\" content=\"Tiempo de lectura\" \/>\n\t<meta name=\"twitter:data1\" content=\"3 minutos\" \/>\n<!-- \/ Yoast SEO plugin. -->","yoast_head_json":{"title":"Chat en vivo: agregue el widget de chat en vivo a Google Sites [2025]","description":"Incruste su chat todo en uno en Google Sites en unos minutos. Utilice nuestra pr\u00e1ctica demostraci\u00f3n para crear su widget de mensajer\u00eda exclusivo sin esfuerzo.","robots":{"index":"index","follow":"follow","max-snippet":"max-snippet:-1","max-image-preview":"max-image-preview:large","max-video-preview":"max-video-preview:-1"},"canonical":"https:\/\/elfsight.com\/es\/all-in-one-chat-widget\/google-sites\/","og_locale":"es_ES","og_type":"article","og_title":"Chat en vivo: agregue el widget de chat en vivo a Google Sites [2025]","og_description":"Incruste su chat todo en uno en Google Sites en unos minutos. Utilice nuestra pr\u00e1ctica demostraci\u00f3n para crear su widget de mensajer\u00eda exclusivo sin esfuerzo.","og_url":"https:\/\/elfsight.com\/es\/all-in-one-chat-widget\/google-sites\/","og_site_name":"Elfsight ES","article_modified_time":"2025-02-06T15:04:58+00:00","twitter_card":"summary_large_image","twitter_misc":{"Tiempo de lectura":"3 minutos"},"schema":{"@context":"https:\/\/schema.org","@graph":[{"@type":"WebPage","@id":"https:\/\/elfsight.com\/es\/all-in-one-chat-widget\/google-sites\/","url":"https:\/\/elfsight.com\/es\/all-in-one-chat-widget\/google-sites\/","name":"Chat en vivo: agregue el widget de chat en vivo a Google Sites [2025]","isPartOf":{"@id":"https:\/\/elfsight.com\/es\/#website"},"datePublished":"2024-05-03T06:26:40+00:00","dateModified":"2025-02-06T15:04:58+00:00","description":"Incruste su chat todo en uno en Google Sites en unos minutos. Utilice nuestra pr\u00e1ctica demostraci\u00f3n para crear su widget de mensajer\u00eda exclusivo sin esfuerzo.","breadcrumb":{"@id":"https:\/\/elfsight.com\/es\/all-in-one-chat-widget\/google-sites\/#breadcrumb"},"inLanguage":"es","potentialAction":[{"@type":"ReadAction","target":["https:\/\/elfsight.com\/es\/all-in-one-chat-widget\/google-sites\/"]}]},{"@type":"BreadcrumbList","@id":"https:\/\/elfsight.com\/es\/all-in-one-chat-widget\/google-sites\/#breadcrumb","itemListElement":[{"@type":"ListItem","position":1,"name":"Home","item":"https:\/\/elfsight.com\/es\/"},{"@type":"ListItem","position":2,"name":"All-in-One Chat","item":"https:\/\/elfsight.com\/es\/all-in-one-chat-widget\/"},{"@type":"ListItem","position":3,"name":"All-in-One Chat &#8211; Google Sites"}]},{"@type":"WebSite","@id":"https:\/\/elfsight.com\/es\/#website","url":"https:\/\/elfsight.com\/es\/","name":"Elfsight ES","description":"Just another Elfsight Sites site","potentialAction":[{"@type":"SearchAction","target":{"@type":"EntryPoint","urlTemplate":"https:\/\/elfsight.com\/es\/?s={search_term_string}"},"query-input":{"@type":"PropertyValueSpecification","valueRequired":true,"valueName":"search_term_string"}}],"inLanguage":"es"}]}},"meta_box":{"industry":"","seo_heading":"","heading":"","description":"","cta_heading":"","cta_description":"","application":"416","h1":"Widget de chat en vivo de Google Sites","h1_caption":"Ofrezca a sus clientes la posibilidad de comunicarse con usted en m\u00faltiples plataformas de mensajer\u00eda como WhatsApp, Facebook, Telegram y m\u00e1s desde un widget en sus sitios de Google sin esfuerzo.","application_category":[],"applications_title":"","applications_request_title":"","applications_request_button_text":"","hero_text":"","hero_video":"","hero_video_schema_markup":"","selling_points_title":"","selling_points_caption":"","selling_points":[],"selling_points_cta_text":"","features_title":"","features":"","ed_cta_examples_text":"","ed_cta_examples_hidden":"","ed_cta_demo_text":"","ed_cta_demo_hidden":"","why_caption":"","why_editor_title":"","why_editor_text":"","why_team_title":"","why_team_text":"","why_service_title":"","why_service_text":"","template_catalog_visible":"","template_catalog_title":"","template_catalog_text":"","template_catalog_categories_visible":"","demo_title":"Crea tu widget de chat todo en uno","demo_caption":"\u00a1Configure su chat todo en uno y agr\u00e9guelo a su sitio web de Google Sites gratis!","default_faq_hidden":"","app_template_category":[],"platform":"67","template_public_id":"","codecanyon_url":"","codecanyon_item_id":"","codecanyon_price":"","pricing_caption":"","pricing_elfsight_apps_hide_column":"","pricing_elfsight_apps_url":"","pricing_codecanyon_price_caption":"","integration_category":[],"integration_request_title":"","integration_request_cta":"","integration_platform":"","integrations":[],"platform_category":[],"video_schema_markup":"","price":"desde $0 \/ mes","trial":"","benefits":[{"text":"Asistencia de instalaci\u00f3n gratuita"},{"text":"Servicio al cliente competente"},{"text":"Garant\u00eda de reembolso de 14 d\u00edas"},{"text":"Mejoras peri\u00f3dicas"}],"button_url":"#demo","button_target_blank":"","button_nofollow":"","attributes":[{"name":"Instalaciones","content":"100,000 - 500,000"},{"name":"Sensible","content":"Dise\u00f1o adaptativo"},{"name":"Navegadores compatibles","content":"Edge, Opera, Firefox, Chrome, Safari"}],"tags":[],"tags_disable_links":"","hide_more_platforms":"","video_object":"","demo_hide_cta":"","demo_hide_cloud_options":"","pricing_title":"","pricing":[{"pricing_icon":"platform","pricing_title":"Elfsight Apps","pricing_title_caption":"Software multiplataforma","pricing_price":"desde $0 \/ mes","pricing_price_caption":"comienza con el plan gratuito","pricing_benefits":[{"text":"N\u00famero ilimitado de sitios web"},{"text":"Soporte dedicado y puntual"},{"text":"Asistencia de instalaci\u00f3n gratuita"},{"text":"Precio especial para m\u00faltiples aplicaciones"}],"pricing_button_text":"A\u00f1adir al sitio web","pricing_button_url":"#demo"}],"related_apps_title":"","related_apps_hidden":"","author":"","image":[],"title":"","job":"","social_networks":[]},"_links":{"self":[{"href":"https:\/\/elfsight.com\/es\/wp-json\/wp\/v2\/pages\/15593","targetHints":{"allow":["GET"]}}],"collection":[{"href":"https:\/\/elfsight.com\/es\/wp-json\/wp\/v2\/pages"}],"about":[{"href":"https:\/\/elfsight.com\/es\/wp-json\/wp\/v2\/types\/page"}],"author":[{"embeddable":true,"href":"https:\/\/elfsight.com\/es\/wp-json\/wp\/v2\/users\/9"}],"replies":[{"embeddable":true,"href":"https:\/\/elfsight.com\/es\/wp-json\/wp\/v2\/comments?post=15593"}],"version-history":[{"count":3,"href":"https:\/\/elfsight.com\/es\/wp-json\/wp\/v2\/pages\/15593\/revisions"}],"predecessor-version":[{"id":17873,"href":"https:\/\/elfsight.com\/es\/wp-json\/wp\/v2\/pages\/15593\/revisions\/17873"}],"up":[{"embeddable":true,"href":"https:\/\/elfsight.com\/es\/wp-json\/wp\/v2\/pages\/418"}],"wp:attachment":[{"href":"https:\/\/elfsight.com\/es\/wp-json\/wp\/v2\/media?parent=15593"}],"curies":[{"name":"wp","href":"https:\/\/api.w.org\/{rel}","templated":true}]}}