{"id":15586,"date":"2024-05-03T06:26:57","date_gmt":"2024-05-03T06:26:57","guid":{"rendered":"https:\/\/elfsight.com\/es\/?page_id=15586"},"modified":"2025-02-06T15:04:25","modified_gmt":"2025-02-06T15:04:25","slug":"elementor","status":"publish","type":"page","link":"https:\/\/elfsight.com\/es\/all-in-one-chat-widget\/elementor\/","title":{"rendered":"All-in-One Chat &#8211; Elementor"},"content":{"rendered":"<div class=\"application-platform-content-item-description application-platform-content-item\" id=\"description\" data-nav-section=\"description\"> <h2>Incrustar All-in-One Chat en Elementor con el widget de Elfsight<\/h2> <p>El widget All-in-One Chat de Elfsight es una de las herramientas m\u00e1s convenientes para que los visitantes de tu sitio web se pongan en contacto contigo y resuelvan sus preguntas. Mantente disponible en vivo en los mensajeros m\u00e1s utilizados. Agrega el widget en tu p\u00e1gina y config\u00faralo para que aparezca en p\u00e1ginas seleccionadas o para categor\u00edas de audiencia separadas, elige iniciadores para el chat, crea tu texto de bienvenida, selecciona \u00edconos y m\u00e1s. Con el complemento en tu p\u00e1gina, estar\u00e1s siempre conectado con las personas, en cualquier momento y desde cualquier lugar.<\/p> <p><b>Mantente f\u00e1cil de contactar y r\u00e1pido para responder, impulsando las compras a trav\u00e9s de la consultor\u00eda<\/b><\/p> <\/div> <div class=\"application-platform-content-item-features application-platform-content-item\" id=\"features\" data-nav-section=\"features\"> <h2>Estas son solo algunas de las caracter\u00edsticas valiosas del widget:<\/h2> <ul><li>Incrusta el mensajero All-in-One Chat en tu sitio para tener conversaciones con los usuarios.<\/li><li>3 tipos de posici\u00f3n del chat: burbuja flotante, burbuja incrustada y ventana de chat incrustada.<\/li><li>Una colecci\u00f3n de \u00edconos de burbujas para elegir.<\/li><li>T\u00edtulo del chat maleable con imagen de la p\u00e1gina, nombre y subt\u00edtulo.<\/li><li>Selecciona una imagen de p\u00e1gina por defecto, desde la biblioteca o sube tu propia imagen.<\/li><\/ul><p><a href=\"#demo\">Prueba esta demo para ver lo que el widget puede hacer<\/a><\/p> <\/div> <div class=\"application-platform-content-item-installation application-platform-content-item\" id=\"installation\" data-nav-section=\"installation\"> <h2>\u00bfC\u00f3mo incrustar el widget de Chat en Vivo en mi sitio de Elementor?<\/h2><div class=\"video-container\"><iframe width=\"720\" height=\"405\" src=\"https:\/\/www.youtube.com\/embed\/uZCfmvtO-nM\" frameborder=\"0\" allowfullscreen=\"\"><\/iframe><\/div><p>Sigue los pasos a continuaci\u00f3n para agregar el widget.<\/p> <ol><li><b>Lanza nuestra demo gratuita y comienza a crear tu widget \u00fanico.<\/b><br> Determina la forma y caracter\u00edsticas preferidas de la herramienta y aplica las modificaciones.<\/li>  <li><b>Copia el c\u00f3digo individual que aparece en la ventana de Elfsight Apps.<\/b><br> Cuando la creaci\u00f3n de tu widget est\u00e9 completa, copia el c\u00f3digo personal en la ventana que aparecer\u00e1 y gu\u00e1rdalo para futuras ocasiones.<\/li>  <li><b>Inicia el uso del complemento en tu p\u00e1gina de Elementor.<\/b><br> Inserta el c\u00f3digo que copiaste recientemente en tu p\u00e1gina de inicio y aplica los cambios.<\/li>  <li><b>La instalaci\u00f3n se realiza correctamente.<\/b><br> Visita tu sitio para ver c\u00f3mo funciona el widget.<\/li><\/ol> <p>Si experimentas alguna dificultad, por favor contacta a nuestro equipo de servicio al cliente. Nuestros especialistas estar\u00e1n encantados de resolver todas las preguntas que puedas tener sobre el producto.<\/p> <div class=\"faq\" data-component=\"FAQ\"><div class=\"faq-item\">\r\n\t\t\t\t\t<div class=\"faq-item-question\">\r\n\t\t\t\t\t\t<h3 class=\"faq-item-question-text\">\u00bfC\u00f3mo puedo agregar All-in-one Chat a mi sitio de Elementor sin conocimientos de programaci\u00f3n?<\/h3>\r\n\r\n\t\t\t\t\t\t<div class=\"faq-item-question-icon\"><\/div>\r\n\t\t\t\t\t<\/div>\r\n\r\n\t\t\t\t\t<div class=\"faq-item-answer\">\r\n\t\t\t\t\t\t<div class=\"faq-item-answer-text\"><p>Elfsight ofrece una soluci\u00f3n SaaS que te permite crear el widget All-in-one Chat por ti mismo, observa lo f\u00e1cil que es el proceso: Trabaja directamente en el Editor en l\u00ednea para crear el widget All-in-one Chat que deseas ver en tu sitio de Elementor. Elige una de las plantillas predise\u00f1adas y ajusta la configuraci\u00f3n de All-in-one Chat, agrega tu contenido, cambia el dise\u00f1o y los colores sin conocimientos de programaci\u00f3n. Guarda el All-in-one Chat y copia su c\u00f3digo de instalaci\u00f3n, que podr\u00e1s incrustar f\u00e1cilmente en tu sitio de Elementor sin necesidad de comprar una suscripci\u00f3n de pago. Con nuestro Editor intuitivo, cualquier usuario de internet puede crear un widget All-in-one Chat en l\u00ednea e incrustarlo f\u00e1cilmente en su sitio de Elementor. No es necesario pagar ni ingresar tus datos bancarios para acceder al servicio. Si tienes alg\u00fan inconveniente en cualquier paso, no dudes en contactar a nuestro equipo de soporte t\u00e9cnico.<\/p><\/div>\r\n\t\t\t\t\t<\/div>\r\n\t\t\t\t<\/div><\/div><\/div>","protected":false},"excerpt":{"rendered":"","protected":false},"author":9,"featured_media":0,"parent":418,"menu_order":0,"comment_status":"closed","ping_status":"closed","template":"templates\/template-application-platform.php","meta":{"publish_to_discourse":"","publish_post_category":"","wpdc_auto_publish_overridden":"","wpdc_topic_tags":"","wpdc_pin_topic":"","wpdc_pin_until":"","discourse_post_id":"","discourse_permalink":"","wpdc_publishing_response":"","wpdc_publishing_error":"","footnotes":""},"class_list":["post-15586","page","type-page","status-publish","hentry"],"yoast_head":"<!-- This site is optimized with the Yoast SEO plugin v25.3.1 - https:\/\/yoast.com\/wordpress\/plugins\/seo\/ -->\n<title>Chat en vivo: agregue un widget de chat a los sitios web de Elementor (f\u00e1cil y gratuito)<\/title>\n<meta name=\"description\" content=\"Implemente su widget de chat en vivo todo en uno en la p\u00e1gina web de Elementor en 1-2-3. Utilice nuestra demostraci\u00f3n activa para crear su widget \u00fanico r\u00e1pidamente.\" \/>\n<meta name=\"robots\" content=\"index, follow, max-snippet:-1, max-image-preview:large, max-video-preview:-1\" \/>\n<link rel=\"canonical\" href=\"https:\/\/elfsight.com\/es\/all-in-one-chat-widget\/elementor\/\" \/>\n<meta property=\"og:locale\" content=\"es_ES\" \/>\n<meta property=\"og:type\" content=\"article\" \/>\n<meta property=\"og:title\" content=\"Chat en vivo: agregue un widget de chat a los sitios web de Elementor (f\u00e1cil y gratuito)\" \/>\n<meta property=\"og:description\" content=\"Implemente su widget de chat en vivo todo en uno en la p\u00e1gina web de Elementor en 1-2-3. Utilice nuestra demostraci\u00f3n activa para crear su widget \u00fanico r\u00e1pidamente.\" \/>\n<meta property=\"og:url\" content=\"https:\/\/elfsight.com\/es\/all-in-one-chat-widget\/elementor\/\" \/>\n<meta property=\"og:site_name\" content=\"Elfsight ES\" \/>\n<meta property=\"article:modified_time\" content=\"2025-02-06T15:04:25+00:00\" \/>\n<meta name=\"twitter:card\" content=\"summary_large_image\" \/>\n<meta name=\"twitter:label1\" content=\"Tiempo de lectura\" \/>\n\t<meta name=\"twitter:data1\" content=\"3 minutos\" \/>\n<!-- \/ Yoast SEO plugin. -->","yoast_head_json":{"title":"Chat en vivo: agregue un widget de chat a los sitios web de Elementor (f\u00e1cil y gratuito)","description":"Implemente su widget de chat en vivo todo en uno en la p\u00e1gina web de Elementor en 1-2-3. Utilice nuestra demostraci\u00f3n activa para crear su widget \u00fanico r\u00e1pidamente.","robots":{"index":"index","follow":"follow","max-snippet":"max-snippet:-1","max-image-preview":"max-image-preview:large","max-video-preview":"max-video-preview:-1"},"canonical":"https:\/\/elfsight.com\/es\/all-in-one-chat-widget\/elementor\/","og_locale":"es_ES","og_type":"article","og_title":"Chat en vivo: agregue un widget de chat a los sitios web de Elementor (f\u00e1cil y gratuito)","og_description":"Implemente su widget de chat en vivo todo en uno en la p\u00e1gina web de Elementor en 1-2-3. Utilice nuestra demostraci\u00f3n activa para crear su widget \u00fanico r\u00e1pidamente.","og_url":"https:\/\/elfsight.com\/es\/all-in-one-chat-widget\/elementor\/","og_site_name":"Elfsight ES","article_modified_time":"2025-02-06T15:04:25+00:00","twitter_card":"summary_large_image","twitter_misc":{"Tiempo de lectura":"3 minutos"},"schema":{"@context":"https:\/\/schema.org","@graph":[{"@type":"WebPage","@id":"https:\/\/elfsight.com\/es\/all-in-one-chat-widget\/elementor\/","url":"https:\/\/elfsight.com\/es\/all-in-one-chat-widget\/elementor\/","name":"Chat en vivo: agregue un widget de chat a los sitios web de Elementor (f\u00e1cil y gratuito)","isPartOf":{"@id":"https:\/\/elfsight.com\/es\/#website"},"datePublished":"2024-05-03T06:26:57+00:00","dateModified":"2025-02-06T15:04:25+00:00","description":"Implemente su widget de chat en vivo todo en uno en la p\u00e1gina web de Elementor en 1-2-3. Utilice nuestra demostraci\u00f3n activa para crear su widget \u00fanico r\u00e1pidamente.","breadcrumb":{"@id":"https:\/\/elfsight.com\/es\/all-in-one-chat-widget\/elementor\/#breadcrumb"},"inLanguage":"es","potentialAction":[{"@type":"ReadAction","target":["https:\/\/elfsight.com\/es\/all-in-one-chat-widget\/elementor\/"]}]},{"@type":"BreadcrumbList","@id":"https:\/\/elfsight.com\/es\/all-in-one-chat-widget\/elementor\/#breadcrumb","itemListElement":[{"@type":"ListItem","position":1,"name":"Home","item":"https:\/\/elfsight.com\/es\/"},{"@type":"ListItem","position":2,"name":"All-in-One Chat","item":"https:\/\/elfsight.com\/es\/all-in-one-chat-widget\/"},{"@type":"ListItem","position":3,"name":"All-in-One Chat &#8211; Elementor"}]},{"@type":"WebSite","@id":"https:\/\/elfsight.com\/es\/#website","url":"https:\/\/elfsight.com\/es\/","name":"Elfsight ES","description":"Just another Elfsight Sites site","potentialAction":[{"@type":"SearchAction","target":{"@type":"EntryPoint","urlTemplate":"https:\/\/elfsight.com\/es\/?s={search_term_string}"},"query-input":{"@type":"PropertyValueSpecification","valueRequired":true,"valueName":"search_term_string"}}],"inLanguage":"es"}]}},"meta_box":{"industry":"","seo_heading":"","heading":"","description":"","cta_heading":"","cta_description":"","application":"416","h1":"Widget de chat en vivo de Elementor","h1_caption":"Ofrezca a sus clientes la posibilidad de comunicarse con usted en m\u00faltiples plataformas de mensajer\u00eda como WhatsApp, Facebook, Telegram y m\u00e1s desde un widget en su sitio web de Elementor sin esfuerzo.","application_category":[],"applications_title":"","applications_request_title":"","applications_request_button_text":"","hero_text":"","hero_video":"","hero_video_schema_markup":"","selling_points_title":"","selling_points_caption":"","selling_points":[],"selling_points_cta_text":"","features_title":"","features":"","ed_cta_examples_text":"","ed_cta_examples_hidden":"","ed_cta_demo_text":"","ed_cta_demo_hidden":"","why_caption":"","why_editor_title":"","why_editor_text":"","why_team_title":"","why_team_text":"","why_service_title":"","why_service_text":"","template_catalog_visible":"","template_catalog_title":"","template_catalog_text":"","template_catalog_categories_visible":"","demo_title":"Crea tu widget de chat todo en uno","demo_caption":"\u00a1Configure su chat todo en uno y agr\u00e9guelo a su sitio web de Elementor gratis!","default_faq_hidden":"","app_template_category":[],"platform":"58","template_public_id":"","codecanyon_url":"","codecanyon_item_id":"","codecanyon_price":"","pricing_caption":"","pricing_elfsight_apps_hide_column":"","pricing_elfsight_apps_url":"","pricing_codecanyon_price_caption":"","integration_category":[],"integration_request_title":"","integration_request_cta":"","integration_platform":"","integrations":[],"platform_category":[],"video_schema_markup":"","price":"desde $0 \/ mes","trial":"","benefits":[{"text":"Servicio de instalaci\u00f3n gratuito"},{"text":"Atenci\u00f3n al cliente profesional"},{"text":"Garant\u00eda de reembolso de 14 d\u00edas"},{"text":"Mejoras gratuitas de por vida"}],"button_url":"#demo","button_target_blank":"","button_nofollow":"","attributes":[{"name":"Instalaciones","content":"100,000 - 500,000"},{"name":"Sensible","content":"S\u00ed"},{"name":"Navegadores compatibles","content":"Firefox, Safari, Opera, Chrome, Edge"}],"tags":[],"tags_disable_links":"","hide_more_platforms":"","video_object":"","demo_hide_cta":"","demo_hide_cloud_options":"","pricing_title":"","pricing":[{"pricing_icon":"platform","pricing_title":"Elfsight Apps","pricing_title_caption":"Software multiplataforma que se adapta a cualquier sitio web","pricing_price":"desde $0 \/ mes","pricing_price_caption":"comienza con el plan gratuito","pricing_benefits":[{"text":"Sitios web ilimitados"},{"text":"Soporte r\u00e1pido de la empresa"},{"text":"Asistencia de instalaci\u00f3n gratuita"},{"text":"Oferta especial para m\u00faltiples aplicaciones."}],"pricing_button_text":"A\u00f1adir al sitio web","pricing_button_url":"#demo"}],"related_apps_title":"","related_apps_hidden":"","author":"","image":[],"title":"","job":"","social_networks":[]},"_links":{"self":[{"href":"https:\/\/elfsight.com\/es\/wp-json\/wp\/v2\/pages\/15586","targetHints":{"allow":["GET"]}}],"collection":[{"href":"https:\/\/elfsight.com\/es\/wp-json\/wp\/v2\/pages"}],"about":[{"href":"https:\/\/elfsight.com\/es\/wp-json\/wp\/v2\/types\/page"}],"author":[{"embeddable":true,"href":"https:\/\/elfsight.com\/es\/wp-json\/wp\/v2\/users\/9"}],"replies":[{"embeddable":true,"href":"https:\/\/elfsight.com\/es\/wp-json\/wp\/v2\/comments?post=15586"}],"version-history":[{"count":3,"href":"https:\/\/elfsight.com\/es\/wp-json\/wp\/v2\/pages\/15586\/revisions"}],"predecessor-version":[{"id":17858,"href":"https:\/\/elfsight.com\/es\/wp-json\/wp\/v2\/pages\/15586\/revisions\/17858"}],"up":[{"embeddable":true,"href":"https:\/\/elfsight.com\/es\/wp-json\/wp\/v2\/pages\/418"}],"wp:attachment":[{"href":"https:\/\/elfsight.com\/es\/wp-json\/wp\/v2\/media?parent=15586"}],"curies":[{"name":"wp","href":"https:\/\/api.w.org\/{rel}","templated":true}]}}