{"id":15585,"date":"2024-05-03T06:26:59","date_gmt":"2024-05-03T06:26:59","guid":{"rendered":"https:\/\/elfsight.com\/es\/?page_id=15585"},"modified":"2025-02-06T15:04:25","modified_gmt":"2025-02-06T15:04:25","slug":"drupal","status":"publish","type":"page","link":"https:\/\/elfsight.com\/es\/all-in-one-chat-widget\/drupal\/","title":{"rendered":"All-in-One Chat &#8211; Drupal"},"content":{"rendered":"<div class=\"application-platform-content-item-description application-platform-content-item\" id=\"description\" data-nav-section=\"description\"> <h2>Descripci\u00f3n<\/h2> <p>All-in-One Chat de Elfsight es una de las opciones m\u00e1s convenientes para que las personas se pongan en contacto contigo y obtengan respuestas a sus preguntas. Mantente disponible en l\u00ednea en todos los chats m\u00e1s utilizados. Integra el m\u00f3dulo en tu p\u00e1gina y puede aparecer en p\u00e1ginas espec\u00edficas o para grupos de visitantes separados, asigna activadores para iniciar el chat, escribe tu propio mensaje de bienvenida, selecciona \u00edconos y mucho m\u00e1s. Con el widget en funcionamiento, estar\u00e1s conectado con las personas en cualquier momento y desde cualquier lugar.<\/p> <p><b>\u00a1Todos los mensajeros m\u00e1s importantes como Facebook, Telegram, WhatsApp, Viber y muchos m\u00e1s en uno para una interacci\u00f3n m\u00e1s eficiente y conveniente con tus clientes!<\/b><\/p> <p><b>Centraliza las solicitudes de tus clientes<\/b><br>Al combinar todos los canales de comunicaci\u00f3n conocidos en nuestro m\u00f3dulo Chat Box, tendr\u00e1s la oportunidad de resolver m\u00faltiples tareas en un solo lugar, mejorando la satisfacci\u00f3n del cliente.<\/p><p><b>Herramienta altamente personalizable<\/b><br>Discord, Facebook Messenger, WhatsApp, Telegram, Line, Viber: puedes usarlos todos a la vez o elegir los que se ajusten a tus necesidades, modificando sus colores, tama\u00f1os y mucho m\u00e1s.<\/p><p><b>Ofrece una conversaci\u00f3n en tiempo real<\/b><br>Al colocar el complemento de Chat en Vivo en tu sitio, conocer\u00e1s a tus visitantes m\u00e1s r\u00e1pido, brind\u00e1ndoles un servicio de clase mundial y ofreciendo servicios m\u00e1s enfocados.<\/p><div class=\"faq\" data-component=\"FAQ\"><div class=\"faq-item\">\r\n\t\t\t\t\t<div class=\"faq-item-question\">\r\n\t\t\t\t\t\t<h3 class=\"faq-item-question-text\">\u00bfC\u00f3mo agregar el cuadro All-in-One Chat a una p\u00e1gina de Drupal?<\/h3>\r\n\r\n\t\t\t\t\t\t<div class=\"faq-item-question-icon\"><\/div>\r\n\t\t\t\t\t<\/div>\r\n\r\n\t\t\t\t\t<div class=\"faq-item-answer\">\r\n\t\t\t\t\t\t<div class=\"faq-item-answer-text\"><p>La integraci\u00f3n del m\u00f3dulo de chat toma solo unos momentos. Adem\u00e1s, no necesitas tener conocimientos de programaci\u00f3n.<\/p><ol><li>Modifica el widget para Drupal en el configurador gratuito y observa los cambios en vivo.<\/li> <li>Copia tu c\u00f3digo de instalaci\u00f3n.<\/li> <li>Introduce el c\u00f3digo en el lugar necesario en el backend de tu sitio web.<\/li> <li>\u00a1Listo! \u00a1La integraci\u00f3n del complemento de chat en Drupal est\u00e1 completada!<\/li><\/ol><p>\u00bfTienes problemas al insertar el complemento en Drupal o configurar tu All-in-One Chat? Puedes encontrar la gu\u00eda completa <a href=\"https:\/\/elfsight.com\/tutorials\/how-to-add-live-chat-to-website\/#how-to-add-live-chat-to-drupal\">en esta p\u00e1gina<\/a>.<\/p><\/div>\r\n\t\t\t\t\t<\/div>\r\n\t\t\t\t<\/div><div class=\"faq-item\">\r\n\t\t\t\t\t<div class=\"faq-item-question\">\r\n\t\t\t\t\t\t<h3 class=\"faq-item-question-text\">\u00bfPuedo ver c\u00f3mo se ver\u00e1 el widget en mi sitio?<\/h3>\r\n\r\n\t\t\t\t\t\t<div class=\"faq-item-question-icon\"><\/div>\r\n\t\t\t\t\t<\/div>\r\n\r\n\t\t\t\t\t<div class=\"faq-item-answer\">\r\n\t\t\t\t\t\t<div class=\"faq-item-answer-text\"><p>\u00a1Definitivamente! Durante el proceso de creaci\u00f3n del m\u00f3dulo de chat de Drupal en el <a href=\"https:\/\/elfsight.com\/all-in-one-chat-widget\/#demo\">editor en l\u00ednea gratuito<\/a>, ver\u00e1s todas las modificaciones en el lado derecho. El cuadro de chat se ver\u00e1 tal como lo tendr\u00e1s en tu sitio Drupal.<\/p><\/div>\r\n\t\t\t\t\t<\/div>\r\n\t\t\t\t<\/div><div class=\"faq-item\">\r\n\t\t\t\t\t<div class=\"faq-item-question\">\r\n\t\t\t\t\t\t<h3 class=\"faq-item-question-text\">\u00bfQu\u00e9 otros m\u00f3dulos son imprescindibles para un sitio Drupal?<\/h3>\r\n\r\n\t\t\t\t\t\t<div class=\"faq-item-question-icon\"><\/div>\r\n\t\t\t\t\t<\/div>\r\n\r\n\t\t\t\t\t<div class=\"faq-item-answer\">\r\n\t\t\t\t\t\t<div class=\"faq-item-answer-text\"><p>Drupal es un CMS seguro y flexible utilizado por numerosos propietarios de sitios web en todo el mundo. Los m\u00f3dulos de Elfsight ayudan a expandir la funcionalidad de Drupal y hacer que los sitios web creados en \u00e9l sean a\u00fan m\u00e1s \u00fatiles. Por ejemplo, hay un <a href=\"https:\/\/elfsight.com\/whatsapp-chat-widget\/drupal\/\">cuadro de chat de WhatsApp<\/a> para hacer m\u00e1s f\u00e1cil la conversaci\u00f3n con los clientes, <a href=\"https:\/\/elfsight.com\/online-form-builder\/drupal\/\">Form Builder<\/a>, <a href=\"https:\/\/elfsight.com\/pdf-embed-widget\/drupal\/\">PDF Embed<\/a>, <a href=\"https:\/\/elfsight.com\/instagram-feed-instashow\/drupal\/\">Instagram Feed<\/a>, y <a href=\"https:\/\/elfsight.com\/event-calendar-widget\/drupal\/\">Event Calendar<\/a>. Estos productos son \u00fatiles para aumentar las ventas y mejorar el soporte al cliente en l\u00ednea.<\/p><\/div>\r\n\t\t\t\t\t<\/div>\r\n\t\t\t\t<\/div><\/div><\/div> <div class=\"application-platform-content-item-features application-platform-content-item\" id=\"features\" data-nav-section=\"features\"> <h2>Las caracter\u00edsticas clave del widget que ofrecemos<\/h2> <ul><li>Agrega el m\u00f3dulo All-in-One Live Chat en tu sitio para tener conversaciones con los usuarios.<\/li><li>Tres variantes de posici\u00f3n del chat: burbuja flotante, burbuja incrustada y ventana de chat incrustada.<\/li><li>Una colecci\u00f3n de \u00edconos de burbujas para elegir.<\/li><li>Encabezado de chat flexible con logo de la p\u00e1gina, nombre y subt\u00edtulo<\/li><li>Selecciona una imagen de p\u00e1gina por defecto, desde nuestra colecci\u00f3n o sube una imagen personalizada.<\/li><\/ul><p><a href=\"#demo\">Puedes descubrir la funcionalidad completa del widget en la demo a continuaci\u00f3n<\/a><\/p> <\/div> <div class=\"application-platform-content-item-installation application-platform-content-item\" id=\"installation\" data-nav-section=\"installation\"> <h2>\u00bfC\u00f3mo agregar el m\u00f3dulo de Chat en Vivo a mi p\u00e1gina de Drupal? <\/h2> <div class=\"video-container\"><iframe width=\"720\" height=\"405\" src=\"https:\/\/www.youtube.com\/embed\/4_i9w_SaFUI\" frameborder=\"0\" allowfullscreen=\"\"><\/iframe><\/div><p>Sigue los pasos descritos a continuaci\u00f3n para activar el widget.<\/p> <ol><li><b>Usa nuestro configurador gratuito y comienza a construir tu complemento personalizado.<\/b><br> Elige el dise\u00f1o y las funciones preferidas del m\u00f3dulo y guarda las ediciones.<\/li>  <li><b>Obt\u00e9n el c\u00f3digo personal que aparece en el formulario especial de Elfsight Apps.<\/b><br> Cuando la creaci\u00f3n de tu widget est\u00e9 terminada, copia el c\u00f3digo personal de la ventana emergente y gu\u00e1rdalo para uso futuro.<\/li>  <li><b>Comienza a usar el m\u00f3dulo de chat en tu sitio de Drupal.<\/b><br> Inserta el c\u00f3digo que copiaste recientemente en tu p\u00e1gina web y guarda los cambios.<\/li>  <li><b>\u00a1Hecho! La integraci\u00f3n est\u00e1 completamente terminada.<\/b><br> Ve a tu p\u00e1gina web para ver c\u00f3mo funciona el widget.<\/li><\/ol><p>Si tienes dificultades, por favor contacta a nuestro equipo de soporte. Nuestros consultores est\u00e1n dispuestos a ayudarte con cualquier problema que puedas tener con el complemento.<\/p> <\/div>","protected":false},"excerpt":{"rendered":"","protected":false},"author":9,"featured_media":0,"parent":418,"menu_order":0,"comment_status":"closed","ping_status":"closed","template":"templates\/template-application-platform.php","meta":{"publish_to_discourse":"","publish_post_category":"","wpdc_auto_publish_overridden":"","wpdc_topic_tags":"","wpdc_pin_topic":"","wpdc_pin_until":"","discourse_post_id":"","discourse_permalink":"","wpdc_publishing_response":"","wpdc_publishing_error":"","footnotes":""},"class_list":["post-15585","page","type-page","status-publish","hentry"],"yoast_head":"<!-- This site is optimized with the Yoast SEO plugin v25.3.1 - https:\/\/yoast.com\/wordpress\/plugins\/seo\/ -->\n<title>Chat en vivo: agregue el widget Chat Box a los sitios web de Drupal (f\u00e1cil y gratis)<\/title>\n<meta name=\"description\" content=\"Incruste su widget All-in-One Live Chat Box en la p\u00e1gina de inicio de Drupal en unos minutos. Utilice nuestra pr\u00e1ctica demostraci\u00f3n para darle forma a su widget \u00fanico f\u00e1cilmente y sin codificaci\u00f3n.\" \/>\n<meta name=\"robots\" content=\"index, follow, max-snippet:-1, max-image-preview:large, max-video-preview:-1\" \/>\n<link rel=\"canonical\" href=\"https:\/\/elfsight.com\/es\/all-in-one-chat-widget\/drupal\/\" \/>\n<meta property=\"og:locale\" content=\"es_ES\" \/>\n<meta property=\"og:type\" content=\"article\" \/>\n<meta property=\"og:title\" content=\"Chat en vivo: agregue el widget Chat Box a los sitios web de Drupal (f\u00e1cil y gratis)\" \/>\n<meta property=\"og:description\" content=\"Incruste su widget All-in-One Live Chat Box en la p\u00e1gina de inicio de Drupal en unos minutos. Utilice nuestra pr\u00e1ctica demostraci\u00f3n para darle forma a su widget \u00fanico f\u00e1cilmente y sin codificaci\u00f3n.\" \/>\n<meta property=\"og:url\" content=\"https:\/\/elfsight.com\/es\/all-in-one-chat-widget\/drupal\/\" \/>\n<meta property=\"og:site_name\" content=\"Elfsight ES\" \/>\n<meta property=\"article:modified_time\" content=\"2025-02-06T15:04:25+00:00\" \/>\n<meta name=\"twitter:card\" content=\"summary_large_image\" \/>\n<meta name=\"twitter:label1\" content=\"Tiempo de lectura\" \/>\n\t<meta name=\"twitter:data1\" content=\"4 minutos\" \/>\n<!-- \/ Yoast SEO plugin. -->","yoast_head_json":{"title":"Chat en vivo: agregue el widget Chat Box a los sitios web de Drupal (f\u00e1cil y gratis)","description":"Incruste su widget All-in-One Live Chat Box en la p\u00e1gina de inicio de Drupal en unos minutos. Utilice nuestra pr\u00e1ctica demostraci\u00f3n para darle forma a su widget \u00fanico f\u00e1cilmente y sin codificaci\u00f3n.","robots":{"index":"index","follow":"follow","max-snippet":"max-snippet:-1","max-image-preview":"max-image-preview:large","max-video-preview":"max-video-preview:-1"},"canonical":"https:\/\/elfsight.com\/es\/all-in-one-chat-widget\/drupal\/","og_locale":"es_ES","og_type":"article","og_title":"Chat en vivo: agregue el widget Chat Box a los sitios web de Drupal (f\u00e1cil y gratis)","og_description":"Incruste su widget All-in-One Live Chat Box en la p\u00e1gina de inicio de Drupal en unos minutos. Utilice nuestra pr\u00e1ctica demostraci\u00f3n para darle forma a su widget \u00fanico f\u00e1cilmente y sin codificaci\u00f3n.","og_url":"https:\/\/elfsight.com\/es\/all-in-one-chat-widget\/drupal\/","og_site_name":"Elfsight ES","article_modified_time":"2025-02-06T15:04:25+00:00","twitter_card":"summary_large_image","twitter_misc":{"Tiempo de lectura":"4 minutos"},"schema":{"@context":"https:\/\/schema.org","@graph":[{"@type":"WebPage","@id":"https:\/\/elfsight.com\/es\/all-in-one-chat-widget\/drupal\/","url":"https:\/\/elfsight.com\/es\/all-in-one-chat-widget\/drupal\/","name":"Chat en vivo: agregue el widget Chat Box a los sitios web de Drupal (f\u00e1cil y gratis)","isPartOf":{"@id":"https:\/\/elfsight.com\/es\/#website"},"datePublished":"2024-05-03T06:26:59+00:00","dateModified":"2025-02-06T15:04:25+00:00","description":"Incruste su widget All-in-One Live Chat Box en la p\u00e1gina de inicio de Drupal en unos minutos. Utilice nuestra pr\u00e1ctica demostraci\u00f3n para darle forma a su widget \u00fanico f\u00e1cilmente y sin codificaci\u00f3n.","breadcrumb":{"@id":"https:\/\/elfsight.com\/es\/all-in-one-chat-widget\/drupal\/#breadcrumb"},"inLanguage":"es","potentialAction":[{"@type":"ReadAction","target":["https:\/\/elfsight.com\/es\/all-in-one-chat-widget\/drupal\/"]}]},{"@type":"BreadcrumbList","@id":"https:\/\/elfsight.com\/es\/all-in-one-chat-widget\/drupal\/#breadcrumb","itemListElement":[{"@type":"ListItem","position":1,"name":"Home","item":"https:\/\/elfsight.com\/es\/"},{"@type":"ListItem","position":2,"name":"All-in-One Chat","item":"https:\/\/elfsight.com\/es\/all-in-one-chat-widget\/"},{"@type":"ListItem","position":3,"name":"All-in-One Chat &#8211; Drupal"}]},{"@type":"WebSite","@id":"https:\/\/elfsight.com\/es\/#website","url":"https:\/\/elfsight.com\/es\/","name":"Elfsight ES","description":"Just another Elfsight Sites site","potentialAction":[{"@type":"SearchAction","target":{"@type":"EntryPoint","urlTemplate":"https:\/\/elfsight.com\/es\/?s={search_term_string}"},"query-input":{"@type":"PropertyValueSpecification","valueRequired":true,"valueName":"search_term_string"}}],"inLanguage":"es"}]}},"meta_box":{"industry":"","seo_heading":"","heading":"","description":"","cta_heading":"","cta_description":"","application":"416","h1":"M\u00f3dulo de chat en vivo de Drupal","h1_caption":"Ofrezca a sus clientes la posibilidad de comunicarse con usted en m\u00faltiples plataformas de mensajer\u00eda como WhatsApp, Facebook, Telegram y m\u00e1s desde un m\u00f3dulo en su sitio web Drupal sin esfuerzo.","application_category":[],"applications_title":"","applications_request_title":"","applications_request_button_text":"","hero_text":"","hero_video":"","hero_video_schema_markup":"","selling_points_title":"","selling_points_caption":"","selling_points":[],"selling_points_cta_text":"","features_title":"","features":"","ed_cta_examples_text":"","ed_cta_examples_hidden":"","ed_cta_demo_text":"","ed_cta_demo_hidden":"","why_caption":"","why_editor_title":"","why_editor_text":"","why_team_title":"","why_team_text":"","why_service_title":"","why_service_text":"","template_catalog_visible":"","template_catalog_title":"","template_catalog_text":"","template_catalog_categories_visible":"","demo_title":"Crea tu m\u00f3dulo de Chat Todo en Uno","demo_caption":"\u00a1Configura tu Chat Todo en Uno y agr\u00e9galo a tu sitio web Drupal gratis!","default_faq_hidden":"","app_template_category":[],"platform":"2161","template_public_id":"","codecanyon_url":"","codecanyon_item_id":"","codecanyon_price":"","pricing_caption":"","pricing_elfsight_apps_hide_column":"","pricing_elfsight_apps_url":"","pricing_codecanyon_price_caption":"","integration_category":[],"integration_request_title":"","integration_request_cta":"","integration_platform":"","integrations":[],"platform_category":[],"video_schema_markup":"","price":"desde $0 \/ mes","trial":"","benefits":[{"text":"Servicio de instalaci\u00f3n gratuito"},{"text":"Servicio al cliente eficaz"},{"text":"Garant\u00eda de devoluci\u00f3n de dinero de 14 d\u00edas"},{"text":"Actualizando constantemente"}],"button_url":"#demo","button_target_blank":"","button_nofollow":"","attributes":[{"name":"Instalaciones","content":"100,000 - 500,000"},{"name":"Sensible","content":"S\u00ed"},{"name":"Navegadores compatibles","content":"Firefox, Safari, Opera, Chrome, Edge"}],"tags":[],"tags_disable_links":"","hide_more_platforms":"","video_object":"","demo_hide_cta":"","demo_hide_cloud_options":"","pricing_title":"","pricing":[{"pricing_icon":"platform","pricing_title":"Elfsight Apps","pricing_title_caption":"Soluci\u00f3n digital independiente de plataforma que funciona en cualquier sitio web","pricing_price":"desde $0 \/ mes","pricing_price_caption":"comienza con el plan gratuito","pricing_benefits":[{"text":"Dominios ilimitados"},{"text":"Soporte profesional y puntual"},{"text":"Asistencia de instalaci\u00f3n gratuita"},{"text":"Precio especial para m\u00faltiples aplicaciones"}],"pricing_button_text":"A\u00f1adir al sitio web","pricing_button_url":"#demo"}],"related_apps_title":"","related_apps_hidden":"","author":"","image":[],"title":"","job":"","social_networks":[]},"_links":{"self":[{"href":"https:\/\/elfsight.com\/es\/wp-json\/wp\/v2\/pages\/15585","targetHints":{"allow":["GET"]}}],"collection":[{"href":"https:\/\/elfsight.com\/es\/wp-json\/wp\/v2\/pages"}],"about":[{"href":"https:\/\/elfsight.com\/es\/wp-json\/wp\/v2\/types\/page"}],"author":[{"embeddable":true,"href":"https:\/\/elfsight.com\/es\/wp-json\/wp\/v2\/users\/9"}],"replies":[{"embeddable":true,"href":"https:\/\/elfsight.com\/es\/wp-json\/wp\/v2\/comments?post=15585"}],"version-history":[{"count":3,"href":"https:\/\/elfsight.com\/es\/wp-json\/wp\/v2\/pages\/15585\/revisions"}],"predecessor-version":[{"id":17856,"href":"https:\/\/elfsight.com\/es\/wp-json\/wp\/v2\/pages\/15585\/revisions\/17856"}],"up":[{"embeddable":true,"href":"https:\/\/elfsight.com\/es\/wp-json\/wp\/v2\/pages\/418"}],"wp:attachment":[{"href":"https:\/\/elfsight.com\/es\/wp-json\/wp\/v2\/media?parent=15585"}],"curies":[{"name":"wp","href":"https:\/\/api.w.org\/{rel}","templated":true}]}}