{"id":15584,"date":"2024-05-03T06:27:00","date_gmt":"2024-05-03T06:27:00","guid":{"rendered":"https:\/\/elfsight.com\/es\/?page_id=15584"},"modified":"2025-02-06T15:04:25","modified_gmt":"2025-02-06T15:04:25","slug":"blogger","status":"publish","type":"page","link":"https:\/\/elfsight.com\/es\/all-in-one-chat-widget\/blogger\/","title":{"rendered":"All-in-One Chat &#8211; Blogger"},"content":{"rendered":"<div class=\"application-platform-content-item-description application-platform-content-item\" id=\"description\" data-nav-section=\"description\"> <h2>Descripci\u00f3n<\/h2> <p>Elfsight All-in-One Chat box es una de las formas m\u00e1s r\u00e1pidas para que los visitantes del sitio web se pongan en contacto contigo y resuelvan sus preguntas. Estar\u00e1s disponible en todos los mensajeros m\u00e1s populares. Integra la herramienta en tu sitio y podr\u00e1 ser activada en p\u00e1ginas espec\u00edficas o para ciertos tipos de audiencia, selecciona los activadores para iniciar el chat, crea tu propio mensaje de bienvenida, establece \u00edconos y otras funciones. Con el complemento activo, estar\u00e1s en contacto con las personas en cualquier momento y desde cualquier lugar.<\/p> <p><b>Obt\u00e9n m\u00e1s clientes potenciales a trav\u00e9s de contacto personal<\/b><\/p> <\/div> <div class=\"application-platform-content-item-features application-platform-content-item\" id=\"features\" data-nav-section=\"features\"> <h2>Consulta las caracter\u00edsticas fundamentales del widget:<\/h2> <ul><li>Inserta el mensajero All-in-One Chat en tu sitio web para conversar con los usuarios.<\/li><li>Tres variantes de posici\u00f3n del chat: burbuja flotante, burbuja incrustada y ventana de chat incrustada.<\/li><li>Una biblioteca de \u00edconos de burbujas para que elijas.<\/li><li>Encabezado flexible de chat con imagen de p\u00e1gina, nombre y subt\u00edtulo<\/li><li>Elige la imagen de la p\u00e1gina por defecto, desde nuestra colecci\u00f3n o sube tu propia imagen.<\/li><\/ul><p><a href=\"#demo\">Puedes explorar todas las capacidades del widget en la demo ahora mismo<\/a><\/p> <\/div> <div class=\"application-platform-content-item-installation application-platform-content-item\" id=\"installation\" data-nav-section=\"installation\"> <h2>\u00bfC\u00f3mo puedo insertar el widget de Chat en Vivo en mi sitio de Blogger?<\/h2> <div class=\"video-container\"><iframe width=\"720\" height=\"405\" src=\"https:\/\/www.youtube.com\/embed\/HtA--9mip_g\" frameborder=\"0\" allowfullscreen=\"\"><\/iframe><\/div><p>Sigue las instrucciones a continuaci\u00f3n para agregar la herramienta.<\/p> <ol><li><b>Usa nuestro configurador gratuito y empieza a crear tu propio instrumento.<\/b><br> Elige la forma y funcionalidad preferida del complemento y aplica las modificaciones.<\/li>  <li><b>Recibe tu c\u00f3digo \u00fanico que aparece en el cuadro de Elfsight Apps.<\/b><br> Una vez que hayas completado la configuraci\u00f3n de tu complemento, copia el c\u00f3digo personal de la ventana emergente y gu\u00e1rdalo para su uso posterior.<\/li>  <li><b>Comienza a usar la herramienta en tu sitio de Blogger.<\/b><br> Ingresa el c\u00f3digo que copiaste anteriormente en tu p\u00e1gina de inicio y aplica los cambios.<\/li>  <li><b>La instalaci\u00f3n est\u00e1 completamente terminada.<\/b><br> Ve a tu sitio web para observar el rendimiento de la herramienta.<\/li><\/ol> <p>Si tienes alguna pregunta o experimentas alguna dificultad, no dudes en contactar a nuestro equipo de atenci\u00f3n al cliente. Nuestros consultores estar\u00e1n encantados de ayudarte con todas las preguntas que puedas tener sobre el widget.<\/p> <div class=\"faq\" data-component=\"FAQ\"><div class=\"faq-item\">\r\n\t\t\t\t\t<div class=\"faq-item-question\">\r\n\t\t\t\t\t\t<h3 class=\"faq-item-question-text\">\u00bfC\u00f3mo agregar All-in-one Chat a mi sitio de Blogger sin conocimientos de programaci\u00f3n?<\/h3>\r\n\r\n\t\t\t\t\t\t<div class=\"faq-item-question-icon\"><\/div>\r\n\t\t\t\t\t<\/div>\r\n\r\n\t\t\t\t\t<div class=\"faq-item-answer\">\r\n\t\t\t\t\t\t<div class=\"faq-item-answer-text\"><p>Elfsight ofrece una soluci\u00f3n SaaS que te permite crear un widget de All-in-one Chat por ti mismo, mira lo f\u00e1cil que es el proceso: Trabaja directamente en el Editor en l\u00ednea para crear el widget de All-in-one Chat que te gustar\u00eda ver en tu sitio de Blogger. Elige una de las plantillas predefinidas y ajusta la configuraci\u00f3n de All-in-one Chat, agrega tu contenido, cambia el dise\u00f1o y los colores sin necesidad de conocimientos de programaci\u00f3n. Guarda el All-in-one Chat y copia su c\u00f3digo de instalaci\u00f3n, que puedes insertar f\u00e1cilmente en tu sitio de Blogger sin necesidad de comprar una versi\u00f3n de pago. Con nuestro Editor intuitivo, cualquier usuario de Internet puede crear un widget de All-in-one Chat en l\u00ednea e insertarlo f\u00e1cilmente en su sitio de Blogger. No es necesario pagar ni ingresar los datos de tu tarjeta para acceder al servicio. Si tienes alg\u00fan problema en cualquier paso, no dudes en contactar a nuestro equipo de soporte t\u00e9cnico.<\/p><\/div>\r\n\t\t\t\t\t<\/div>\r\n\t\t\t\t<\/div><\/div><\/div>","protected":false},"excerpt":{"rendered":"","protected":false},"author":9,"featured_media":0,"parent":418,"menu_order":0,"comment_status":"closed","ping_status":"closed","template":"templates\/template-application-platform.php","meta":{"publish_to_discourse":"","publish_post_category":"","wpdc_auto_publish_overridden":"","wpdc_topic_tags":"","wpdc_pin_topic":"","wpdc_pin_until":"","discourse_post_id":"","discourse_permalink":"","wpdc_publishing_response":"","wpdc_publishing_error":"","footnotes":""},"class_list":["post-15584","page","type-page","status-publish","hentry"],"yoast_head":"<!-- This site is optimized with the Yoast SEO plugin v25.3.1 - https:\/\/yoast.com\/wordpress\/plugins\/seo\/ -->\n<title>Chat en vivo: agregue el widget Chat Box a los sitios web de Blogger (f\u00e1cil y gratis)<\/title>\n<meta name=\"description\" content=\"Incruste su widget All-in-One Live Chat Box en el sitio web de Blogger con unos pocos clics. Utilice nuestra demostraci\u00f3n activa para crear su complemento \u00fanico r\u00e1pidamente.\" \/>\n<meta name=\"robots\" content=\"index, follow, max-snippet:-1, max-image-preview:large, max-video-preview:-1\" \/>\n<link rel=\"canonical\" href=\"https:\/\/elfsight.com\/es\/all-in-one-chat-widget\/blogger\/\" \/>\n<meta property=\"og:locale\" content=\"es_ES\" \/>\n<meta property=\"og:type\" content=\"article\" \/>\n<meta property=\"og:title\" content=\"Chat en vivo: agregue el widget Chat Box a los sitios web de Blogger (f\u00e1cil y gratis)\" \/>\n<meta property=\"og:description\" content=\"Incruste su widget All-in-One Live Chat Box en el sitio web de Blogger con unos pocos clics. Utilice nuestra demostraci\u00f3n activa para crear su complemento \u00fanico r\u00e1pidamente.\" \/>\n<meta property=\"og:url\" content=\"https:\/\/elfsight.com\/es\/all-in-one-chat-widget\/blogger\/\" \/>\n<meta property=\"og:site_name\" content=\"Elfsight ES\" \/>\n<meta property=\"article:modified_time\" content=\"2025-02-06T15:04:25+00:00\" \/>\n<meta name=\"twitter:card\" content=\"summary_large_image\" \/>\n<meta name=\"twitter:label1\" content=\"Tiempo de lectura\" \/>\n\t<meta name=\"twitter:data1\" content=\"3 minutos\" \/>\n<!-- \/ Yoast SEO plugin. -->","yoast_head_json":{"title":"Chat en vivo: agregue el widget Chat Box a los sitios web de Blogger (f\u00e1cil y gratis)","description":"Incruste su widget All-in-One Live Chat Box en el sitio web de Blogger con unos pocos clics. Utilice nuestra demostraci\u00f3n activa para crear su complemento \u00fanico r\u00e1pidamente.","robots":{"index":"index","follow":"follow","max-snippet":"max-snippet:-1","max-image-preview":"max-image-preview:large","max-video-preview":"max-video-preview:-1"},"canonical":"https:\/\/elfsight.com\/es\/all-in-one-chat-widget\/blogger\/","og_locale":"es_ES","og_type":"article","og_title":"Chat en vivo: agregue el widget Chat Box a los sitios web de Blogger (f\u00e1cil y gratis)","og_description":"Incruste su widget All-in-One Live Chat Box en el sitio web de Blogger con unos pocos clics. Utilice nuestra demostraci\u00f3n activa para crear su complemento \u00fanico r\u00e1pidamente.","og_url":"https:\/\/elfsight.com\/es\/all-in-one-chat-widget\/blogger\/","og_site_name":"Elfsight ES","article_modified_time":"2025-02-06T15:04:25+00:00","twitter_card":"summary_large_image","twitter_misc":{"Tiempo de lectura":"3 minutos"},"schema":{"@context":"https:\/\/schema.org","@graph":[{"@type":"WebPage","@id":"https:\/\/elfsight.com\/es\/all-in-one-chat-widget\/blogger\/","url":"https:\/\/elfsight.com\/es\/all-in-one-chat-widget\/blogger\/","name":"Chat en vivo: agregue el widget Chat Box a los sitios web de Blogger (f\u00e1cil y gratis)","isPartOf":{"@id":"https:\/\/elfsight.com\/es\/#website"},"datePublished":"2024-05-03T06:27:00+00:00","dateModified":"2025-02-06T15:04:25+00:00","description":"Incruste su widget All-in-One Live Chat Box en el sitio web de Blogger con unos pocos clics. Utilice nuestra demostraci\u00f3n activa para crear su complemento \u00fanico r\u00e1pidamente.","breadcrumb":{"@id":"https:\/\/elfsight.com\/es\/all-in-one-chat-widget\/blogger\/#breadcrumb"},"inLanguage":"es","potentialAction":[{"@type":"ReadAction","target":["https:\/\/elfsight.com\/es\/all-in-one-chat-widget\/blogger\/"]}]},{"@type":"BreadcrumbList","@id":"https:\/\/elfsight.com\/es\/all-in-one-chat-widget\/blogger\/#breadcrumb","itemListElement":[{"@type":"ListItem","position":1,"name":"Home","item":"https:\/\/elfsight.com\/es\/"},{"@type":"ListItem","position":2,"name":"All-in-One Chat","item":"https:\/\/elfsight.com\/es\/all-in-one-chat-widget\/"},{"@type":"ListItem","position":3,"name":"All-in-One Chat &#8211; Blogger"}]},{"@type":"WebSite","@id":"https:\/\/elfsight.com\/es\/#website","url":"https:\/\/elfsight.com\/es\/","name":"Elfsight ES","description":"Just another Elfsight Sites site","potentialAction":[{"@type":"SearchAction","target":{"@type":"EntryPoint","urlTemplate":"https:\/\/elfsight.com\/es\/?s={search_term_string}"},"query-input":{"@type":"PropertyValueSpecification","valueRequired":true,"valueName":"search_term_string"}}],"inLanguage":"es"}]}},"meta_box":{"industry":"","seo_heading":"","heading":"","description":"","cta_heading":"","cta_description":"","application":"416","h1":"Widget de chat en vivo de Blogger","h1_caption":"Ofrezca a sus clientes la posibilidad de comunicarse con usted en m\u00faltiples plataformas de mensajer\u00eda como WhatsApp, Facebook, Telegram y m\u00e1s desde un widget en su sitio web de Blogger sin esfuerzo.","application_category":[],"applications_title":"","applications_request_title":"","applications_request_button_text":"","hero_text":"","hero_video":"","hero_video_schema_markup":"","selling_points_title":"","selling_points_caption":"","selling_points":[],"selling_points_cta_text":"","features_title":"","features":"","ed_cta_examples_text":"","ed_cta_examples_hidden":"","ed_cta_demo_text":"","ed_cta_demo_hidden":"","why_caption":"","why_editor_title":"","why_editor_text":"","why_team_title":"","why_team_text":"","why_service_title":"","why_service_text":"","template_catalog_visible":"","template_catalog_title":"","template_catalog_text":"","template_catalog_categories_visible":"","demo_title":"Crea tu widget de chat todo en uno","demo_caption":"\u00a1Configura tu chat todo en uno y agr\u00e9galo a tu sitio web de Blogger gratis!","default_faq_hidden":"","app_template_category":[],"platform":"39","template_public_id":"","codecanyon_url":"","codecanyon_item_id":"","codecanyon_price":"","pricing_caption":"","pricing_elfsight_apps_hide_column":"","pricing_elfsight_apps_url":"","pricing_codecanyon_price_caption":"","integration_category":[],"integration_request_title":"","integration_request_cta":"","integration_platform":"","integrations":[],"platform_category":[],"video_schema_markup":"","price":"desde $0 \/ mes","trial":"","benefits":[{"text":"Ayuda de instalaci\u00f3n gratuita"},{"text":"Servicio al cliente competente"},{"text":"Garant\u00eda de reembolso de 14 d\u00edas"},{"text":"Actualizaciones continuas"}],"button_url":"#demo","button_target_blank":"","button_nofollow":"","attributes":[{"name":"Instalaciones","content":"100,000 - 500,000"},{"name":"Sensible","content":"S\u00ed"},{"name":"Navegadores compatibles","content":"Firefox, Safari, Opera, Chrome, Edge"}],"tags":[],"tags_disable_links":"","hide_more_platforms":"","video_object":"","demo_hide_cta":"","demo_hide_cloud_options":"","pricing_title":"","pricing":[{"pricing_icon":"platform","pricing_title":"Elfsight Apps","pricing_title_caption":"Versi\u00f3n multiplataforma","pricing_price":"desde $0 \/ mes","pricing_price_caption":"desde $0 \/ mes comienza con un plan gratuito","pricing_benefits":[{"text":"Sitios web ilimitados"},{"text":"Soporte gratuito de la empresa y bien documentado."},{"text":"Asistencia de instalaci\u00f3n gratuita"},{"text":"Totalmente personalizable"}],"pricing_button_text":"A\u00f1adir al sitio web","pricing_button_url":"#demo"}],"related_apps_title":"","related_apps_hidden":"","author":"","image":[],"title":"","job":"","social_networks":[]},"_links":{"self":[{"href":"https:\/\/elfsight.com\/es\/wp-json\/wp\/v2\/pages\/15584","targetHints":{"allow":["GET"]}}],"collection":[{"href":"https:\/\/elfsight.com\/es\/wp-json\/wp\/v2\/pages"}],"about":[{"href":"https:\/\/elfsight.com\/es\/wp-json\/wp\/v2\/types\/page"}],"author":[{"embeddable":true,"href":"https:\/\/elfsight.com\/es\/wp-json\/wp\/v2\/users\/9"}],"replies":[{"embeddable":true,"href":"https:\/\/elfsight.com\/es\/wp-json\/wp\/v2\/comments?post=15584"}],"version-history":[{"count":3,"href":"https:\/\/elfsight.com\/es\/wp-json\/wp\/v2\/pages\/15584\/revisions"}],"predecessor-version":[{"id":17855,"href":"https:\/\/elfsight.com\/es\/wp-json\/wp\/v2\/pages\/15584\/revisions\/17855"}],"up":[{"embeddable":true,"href":"https:\/\/elfsight.com\/es\/wp-json\/wp\/v2\/pages\/418"}],"wp:attachment":[{"href":"https:\/\/elfsight.com\/es\/wp-json\/wp\/v2\/media?parent=15584"}],"curies":[{"name":"wp","href":"https:\/\/api.w.org\/{rel}","templated":true}]}}