{"id":15583,"date":"2024-05-03T06:27:01","date_gmt":"2024-05-03T06:27:01","guid":{"rendered":"https:\/\/elfsight.com\/es\/?page_id=15583"},"modified":"2025-02-06T15:04:17","modified_gmt":"2025-02-06T15:04:17","slug":"bigcommerce","status":"publish","type":"page","link":"https:\/\/elfsight.com\/es\/all-in-one-chat-widget\/bigcommerce\/","title":{"rendered":"All-in-One Chat &#8211; BigCommerce"},"content":{"rendered":"<div class=\"application-platform-content-item-description application-platform-content-item\" id=\"description\" data-nav-section=\"description\"> <h2>Descripci\u00f3n<\/h2> <p>La aplicaci\u00f3n Elfsight All-in-One Chat es una de las formas m\u00e1s convenientes para que las personas se pongan en contacto contigo y obtengan respuestas a sus consultas. Mantente disponible en vivo en todos los chats m\u00e1s populares 24\/7. Inserta el widget en tu sitio y podr\u00e1 aparecer en p\u00e1ginas seleccionadas o para categor\u00edas espec\u00edficas de visitantes, elige activadores para iniciar el chat, configura tu mensaje de bienvenida, establece \u00edconos y otras funciones. Con la ayuda del complemento activo, estar\u00e1s conectado con las personas en cualquier momento y desde cualquier lugar.<\/p> <p><b>\u00a1Todos los mensajeros conocidos como Telegram, Viber, Facebook, WhatsApp y m\u00e1s en uno para una interacci\u00f3n m\u00e1xima y conveniente con tus clientes!<\/b><\/p> <p><b>Centraliza las demandas de tus clientes<\/b><br>Al combinar todos los canales de comunicaci\u00f3n m\u00e1s conocidos dentro de nuestra aplicaci\u00f3n Chat Box, podr\u00e1s realizar diversas tareas en un solo lugar, mejorando la satisfacci\u00f3n del cliente.<\/p><p><b>Herramienta altamente personalizable<\/b><br>WhatsApp, Viber, Line, Telegram, Discord, Facebook Messenger: puedes usarlos todos juntos o elegir los que se ajusten a tus necesidades, ajustando sus colores, tama\u00f1o y mucho m\u00e1s.<\/b><p><b>Proporciona una conversaci\u00f3n en tiempo real<\/b><br>Al colocar el widget de Chat en Vivo en tu sitio web, podr\u00e1s conocer a tu audiencia m\u00e1s r\u00e1pido, brind\u00e1ndoles un servicio de clase mundial y ofreciendo servicios m\u00e1s informados.<\/b><\/div> <div class=\"application-platform-content-item-features application-platform-content-item\" id=\"features\" data-nav-section=\"features\"> <h2>Consulta las caracter\u00edsticas esenciales de la aplicaci\u00f3n:<\/h2> <ul><li>Inserta el mensajero All-in-One Chat en tu sitio para conversar con los usuarios.<\/li><li>3 variantes de posici\u00f3n del chat: burbuja flotante, burbuja incrustada y ventana de chat incrustada.<\/li><li>Una colecci\u00f3n de \u00edconos de burbuja para que elijas.<\/li><li>Encabezado de chat flexible con imagen de p\u00e1gina, nombre y subt\u00edtulo<\/li><li>Establece la imagen de la p\u00e1gina por defecto, desde nuestra biblioteca o sube una imagen personalizada.<\/li><\/ul><p><a href=\"#demo\">Puedes ver lo que vale el widget con la demo<\/a><\/p> <\/div> <div class=\"application-platform-content-item-installation application-platform-content-item\" id=\"installation\" data-nav-section=\"installation\"> <h2>\u00bfC\u00f3mo puedo agregar el Chat en Vivo a mi sitio de BigCommerce?<\/h2> <div class=\"video-container\"><iframe width=\"720\" height=\"405\" src=\"https:\/\/www.youtube.com\/embed\/VvtQGguqPJE\" frameborder=\"0\" allowfullscreen=\"\"><\/iframe><\/div><p>Sigue las instrucciones a continuaci\u00f3n para comenzar a usar el widget.<\/p> <ol><li><b>Usa nuestro configurador gratuito y empieza a dise\u00f1ar tu widget personalizado.<\/b><br> Elige el dise\u00f1o y las funcionalidades del widget y guarda todas las modificaciones.<\/li> <li><b>Obt\u00e9n tu c\u00f3digo personal mostrado en la ventana de Elfsight Apps.<\/b><br> Una vez que hayas terminado la creaci\u00f3n de tu widget personalizado, copia el c\u00f3digo personal de la ventana emergente y gu\u00e1rdalo para su uso posterior.<\/li> <li><b>Comienza a usar el widget en tu p\u00e1gina web de BigCommerce.<\/b><br> Agrega el c\u00f3digo que copiaste anteriormente en tu p\u00e1gina web y guarda los cambios.<\/li> <li><b>\u00a1Listo! La integraci\u00f3n se ha completado.<\/b><br> Ve a tu p\u00e1gina web para ver c\u00f3mo est\u00e1 funcionando el widget.<\/li><\/ol><p>Si encuentras alg\u00fan problema, por favor contacta a nuestro equipo de soporte. Nuestro equipo estar\u00e1 encantado de ayudarte con todas las preguntas que puedas tener sobre el complemento.<\/p> <div class=\"faq\" data-component=\"FAQ\"><div class=\"faq-item\">\r\n\t\t\t\t\t<div class=\"faq-item-question\">\r\n\t\t\t\t\t\t<h3 class=\"faq-item-question-text\">\u00bfC\u00f3mo puedo agregar All-in-one Chat a mi sitio de BigCommerce sin conocimientos de programaci\u00f3n?<\/h3>\r\n\r\n\t\t\t\t\t\t<div class=\"faq-item-question-icon\"><\/div>\r\n\t\t\t\t\t<\/div>\r\n\r\n\t\t\t\t\t<div class=\"faq-item-answer\">\r\n\t\t\t\t\t\t<div class=\"faq-item-answer-text\"><p>Elfsight ofrece una soluci\u00f3n SaaS que te permite crear un widget de All-in-one Chat por ti mismo, mira lo f\u00e1cil que es el proceso: Trabaja directamente en el Editor en l\u00ednea para crear el widget de All-in-one Chat que te gustar\u00eda ver en tu sitio de BigCommerce. Elige una de las plantillas predefinidas y ajusta la configuraci\u00f3n de All-in-one Chat, agrega tu contenido, cambia el dise\u00f1o y los colores sin necesidad de conocimientos de programaci\u00f3n. Guarda el All-in-one Chat y copia su c\u00f3digo de instalaci\u00f3n, que podr\u00e1s incluir f\u00e1cilmente en tu sitio de BigCommerce sin necesidad de comprar una versi\u00f3n de pago. Con nuestro Editor intuitivo, cualquier usuario de Internet puede crear un widget de All-in-one Chat en l\u00ednea e integrarlo f\u00e1cilmente en su sitio de BigCommerce. No es necesario pagar ni ingresar los datos de tu tarjeta para acceder al servicio. Si tienes alg\u00fan problema en cualquier paso, no dudes en contactar a nuestro equipo de soporte t\u00e9cnico.<\/p><\/div>\r\n\t\t\t\t\t<\/div>\r\n\t\t\t\t<\/div><\/div><\/div>","protected":false},"excerpt":{"rendered":"","protected":false},"author":9,"featured_media":0,"parent":418,"menu_order":0,"comment_status":"closed","ping_status":"closed","template":"templates\/template-application-platform.php","meta":{"publish_to_discourse":"","publish_post_category":"","wpdc_auto_publish_overridden":"","wpdc_topic_tags":"","wpdc_pin_topic":"","wpdc_pin_until":"","discourse_post_id":"","discourse_permalink":"","wpdc_publishing_response":"","wpdc_publishing_error":"","footnotes":""},"class_list":["post-15583","page","type-page","status-publish","hentry"],"yoast_head":"<!-- This site is optimized with the Yoast SEO plugin v25.3.1 - https:\/\/yoast.com\/wordpress\/plugins\/seo\/ -->\n<title>Chat en vivo: widget de cuadro de chat en l\u00ednea para sitios web de BigCommerce [2025]<\/title>\n<meta name=\"description\" content=\"Incruste su widget All-in-One Live Chat Box en la p\u00e1gina de inicio de BigCommerce en unos minutos. Utilice nuestra pr\u00e1ctica demostraci\u00f3n para darle forma a su widget \u00fanico f\u00e1cilmente y sin codificaci\u00f3n.\" \/>\n<meta name=\"robots\" content=\"index, follow, max-snippet:-1, max-image-preview:large, max-video-preview:-1\" \/>\n<link rel=\"canonical\" href=\"https:\/\/elfsight.com\/es\/all-in-one-chat-widget\/bigcommerce\/\" \/>\n<meta property=\"og:locale\" content=\"es_ES\" \/>\n<meta property=\"og:type\" content=\"article\" \/>\n<meta property=\"og:title\" content=\"Chat en vivo: widget de cuadro de chat en l\u00ednea para sitios web de BigCommerce [2025]\" \/>\n<meta property=\"og:description\" content=\"Incruste su widget All-in-One Live Chat Box en la p\u00e1gina de inicio de BigCommerce en unos minutos. Utilice nuestra pr\u00e1ctica demostraci\u00f3n para darle forma a su widget \u00fanico f\u00e1cilmente y sin codificaci\u00f3n.\" \/>\n<meta property=\"og:url\" content=\"https:\/\/elfsight.com\/es\/all-in-one-chat-widget\/bigcommerce\/\" \/>\n<meta property=\"og:site_name\" content=\"Elfsight ES\" \/>\n<meta property=\"article:modified_time\" content=\"2025-02-06T15:04:17+00:00\" \/>\n<meta name=\"twitter:card\" content=\"summary_large_image\" \/>\n<meta name=\"twitter:label1\" content=\"Tiempo de lectura\" \/>\n\t<meta name=\"twitter:data1\" content=\"4 minutos\" \/>\n<!-- \/ Yoast SEO plugin. -->","yoast_head_json":{"title":"Chat en vivo: widget de cuadro de chat en l\u00ednea para sitios web de BigCommerce [2025]","description":"Incruste su widget All-in-One Live Chat Box en la p\u00e1gina de inicio de BigCommerce en unos minutos. Utilice nuestra pr\u00e1ctica demostraci\u00f3n para darle forma a su widget \u00fanico f\u00e1cilmente y sin codificaci\u00f3n.","robots":{"index":"index","follow":"follow","max-snippet":"max-snippet:-1","max-image-preview":"max-image-preview:large","max-video-preview":"max-video-preview:-1"},"canonical":"https:\/\/elfsight.com\/es\/all-in-one-chat-widget\/bigcommerce\/","og_locale":"es_ES","og_type":"article","og_title":"Chat en vivo: widget de cuadro de chat en l\u00ednea para sitios web de BigCommerce [2025]","og_description":"Incruste su widget All-in-One Live Chat Box en la p\u00e1gina de inicio de BigCommerce en unos minutos. Utilice nuestra pr\u00e1ctica demostraci\u00f3n para darle forma a su widget \u00fanico f\u00e1cilmente y sin codificaci\u00f3n.","og_url":"https:\/\/elfsight.com\/es\/all-in-one-chat-widget\/bigcommerce\/","og_site_name":"Elfsight ES","article_modified_time":"2025-02-06T15:04:17+00:00","twitter_card":"summary_large_image","twitter_misc":{"Tiempo de lectura":"4 minutos"},"schema":{"@context":"https:\/\/schema.org","@graph":[{"@type":"WebPage","@id":"https:\/\/elfsight.com\/es\/all-in-one-chat-widget\/bigcommerce\/","url":"https:\/\/elfsight.com\/es\/all-in-one-chat-widget\/bigcommerce\/","name":"Chat en vivo: widget de cuadro de chat en l\u00ednea para sitios web de BigCommerce [2025]","isPartOf":{"@id":"https:\/\/elfsight.com\/es\/#website"},"datePublished":"2024-05-03T06:27:01+00:00","dateModified":"2025-02-06T15:04:17+00:00","description":"Incruste su widget All-in-One Live Chat Box en la p\u00e1gina de inicio de BigCommerce en unos minutos. Utilice nuestra pr\u00e1ctica demostraci\u00f3n para darle forma a su widget \u00fanico f\u00e1cilmente y sin codificaci\u00f3n.","breadcrumb":{"@id":"https:\/\/elfsight.com\/es\/all-in-one-chat-widget\/bigcommerce\/#breadcrumb"},"inLanguage":"es","potentialAction":[{"@type":"ReadAction","target":["https:\/\/elfsight.com\/es\/all-in-one-chat-widget\/bigcommerce\/"]}]},{"@type":"BreadcrumbList","@id":"https:\/\/elfsight.com\/es\/all-in-one-chat-widget\/bigcommerce\/#breadcrumb","itemListElement":[{"@type":"ListItem","position":1,"name":"Home","item":"https:\/\/elfsight.com\/es\/"},{"@type":"ListItem","position":2,"name":"All-in-One Chat","item":"https:\/\/elfsight.com\/es\/all-in-one-chat-widget\/"},{"@type":"ListItem","position":3,"name":"All-in-One Chat &#8211; BigCommerce"}]},{"@type":"WebSite","@id":"https:\/\/elfsight.com\/es\/#website","url":"https:\/\/elfsight.com\/es\/","name":"Elfsight ES","description":"Just another Elfsight Sites site","potentialAction":[{"@type":"SearchAction","target":{"@type":"EntryPoint","urlTemplate":"https:\/\/elfsight.com\/es\/?s={search_term_string}"},"query-input":{"@type":"PropertyValueSpecification","valueRequired":true,"valueName":"search_term_string"}}],"inLanguage":"es"}]}},"meta_box":{"industry":"","seo_heading":"","heading":"","description":"","cta_heading":"","cta_description":"","application":"416","h1":"Widget de chat en vivo de BigCommerce","h1_caption":"Ofrezca a sus clientes la posibilidad de comunicarse con usted en m\u00faltiples plataformas de mensajer\u00eda como WhatsApp, Facebook, Telegram y m\u00e1s desde una aplicaci\u00f3n en su sitio web BigCommerce sin esfuerzo.","application_category":[],"applications_title":"","applications_request_title":"","applications_request_button_text":"","hero_text":"","hero_video":"","hero_video_schema_markup":"","selling_points_title":"","selling_points_caption":"","selling_points":[],"selling_points_cta_text":"","features_title":"","features":"","ed_cta_examples_text":"","ed_cta_examples_hidden":"","ed_cta_demo_text":"","ed_cta_demo_hidden":"","why_caption":"","why_editor_title":"","why_editor_text":"","why_team_title":"","why_team_text":"","why_service_title":"","why_service_text":"","template_catalog_visible":"","template_catalog_title":"","template_catalog_text":"","template_catalog_categories_visible":"","demo_title":"Crea tu aplicaci\u00f3n de chat todo en uno","demo_caption":"\u00a1Configure su chat todo en uno y agr\u00e9guelo a su sitio web de BigCommerce gratis!","default_faq_hidden":"","app_template_category":[],"platform":"33","template_public_id":"","codecanyon_url":"","codecanyon_item_id":"","codecanyon_price":"","pricing_caption":"","pricing_elfsight_apps_hide_column":"","pricing_elfsight_apps_url":"","pricing_codecanyon_price_caption":"","integration_category":[],"integration_request_title":"","integration_request_cta":"","integration_platform":"","integrations":[],"platform_category":[],"video_schema_markup":"","price":"desde $0 \/ mes","trial":"","benefits":[{"text":"Atenci\u00f3n al cliente experimentada"},{"text":"Soporte premium"},{"text":"Garant\u00eda de devoluci\u00f3n de dinero de 14 d\u00edas"},{"text":"Desarrollo continuo"}],"button_url":"#demo","button_target_blank":"","button_nofollow":"","attributes":[{"name":"Instalaciones","content":"100,000 - 500,000"},{"name":"Sensible","content":"S\u00ed"},{"name":"Navegadores compatibles","content":"Firefox, Safari, Opera, Chrome, Edge"}],"tags":[],"tags_disable_links":"","hide_more_platforms":"","video_object":"","demo_hide_cta":"","demo_hide_cloud_options":"","pricing_title":"","pricing":[{"pricing_icon":"platform","pricing_title":"Elfsight Apps","pricing_title_caption":"Versi\u00f3n multiplataforma","pricing_price":"desde $0 \/ mes","pricing_price_caption":"comienza con un plan gratuito","pricing_benefits":[{"text":"Sitios web ilimitados"},{"text":"Soporte 24 horas al d\u00eda, 7 d\u00edas a la semana"},{"text":"Ayuda de instalaci\u00f3n gratuita"},{"text":"100% personalizable"}],"pricing_button_text":"A\u00f1adir al sitio web","pricing_button_url":"#demo"}],"related_apps_title":"","related_apps_hidden":"","author":"","image":[],"title":"","job":"","social_networks":[]},"_links":{"self":[{"href":"https:\/\/elfsight.com\/es\/wp-json\/wp\/v2\/pages\/15583","targetHints":{"allow":["GET"]}}],"collection":[{"href":"https:\/\/elfsight.com\/es\/wp-json\/wp\/v2\/pages"}],"about":[{"href":"https:\/\/elfsight.com\/es\/wp-json\/wp\/v2\/types\/page"}],"author":[{"embeddable":true,"href":"https:\/\/elfsight.com\/es\/wp-json\/wp\/v2\/users\/9"}],"replies":[{"embeddable":true,"href":"https:\/\/elfsight.com\/es\/wp-json\/wp\/v2\/comments?post=15583"}],"version-history":[{"count":3,"href":"https:\/\/elfsight.com\/es\/wp-json\/wp\/v2\/pages\/15583\/revisions"}],"predecessor-version":[{"id":17854,"href":"https:\/\/elfsight.com\/es\/wp-json\/wp\/v2\/pages\/15583\/revisions\/17854"}],"up":[{"embeddable":true,"href":"https:\/\/elfsight.com\/es\/wp-json\/wp\/v2\/pages\/418"}],"wp:attachment":[{"href":"https:\/\/elfsight.com\/es\/wp-json\/wp\/v2\/media?parent=15583"}],"curies":[{"name":"wp","href":"https:\/\/api.w.org\/{rel}","templated":true}]}}