{"id":15575,"date":"2024-05-03T06:30:12","date_gmt":"2024-05-03T06:30:12","guid":{"rendered":"https:\/\/elfsight.com\/es\/?page_id=15575"},"modified":"2025-02-06T15:03:18","modified_gmt":"2025-02-06T15:03:18","slug":"wix","status":"publish","type":"page","link":"https:\/\/elfsight.com\/es\/before-and-after-slider-widget\/wix\/","title":{"rendered":"Before and After Slider &#8211; Wix"},"content":{"rendered":"<div class=\"application-platform-content-item-description application-platform-content-item\" id=\"description\" data-nav-section=\"description\"> <h2>Descripci\u00f3n<\/h2> <p> El \u00abBefore and After Slider\u00bb de Elfsight te permite configurar impresionantes fotos promocionales para tu sitio web. Los clientes tendr\u00e1n la oportunidad de descubrir todos los efectos que tus productos o servicios traen. Solo sube dos fotos al \u00abBefore and After Slider\u00bb para Wix y se mostrar\u00e1n con un divisor que los usuarios pueden mover para comparar. Puedes crear diapositivas ilimitadas, cada una con su propio subt\u00edtulo. La orientaci\u00f3n del divisor ofrece dos opciones: horizontal o vertical, y puedes seleccionar la proporci\u00f3n de imagen m\u00e1s adecuada. \u00a1Tus usuarios estar\u00e1n destinados a comprar, una vez que vean la verdadera eficiencia de tus ofertas! <\/p> <p><b>Con el deslizador de antes y despu\u00e9s, observa un s\u00f3lido desarrollo comercial y un aumento de ventas<\/b><\/p> <\/div> <div class=\"application-platform-content-item-features application-platform-content-item\" id=\"features\" data-nav-section=\"features\"> <h2>Aqu\u00ed est\u00e1n las caracter\u00edsticas esenciales del widget:<\/h2> <ul><li>A\u00f1ade cualquier cantidad de parejas de fotos de \u00abAntes y Despu\u00e9s\u00bb<\/li> <li>Inserta subt\u00edtulos con formato de texto para cada foto<\/li><li>Dos dise\u00f1os: Lista y Carrusel<\/li><li>Movimiento horizontal o vertical del divisor<\/li><li>Haz clic y arrastra o simplemente pasa el rat\u00f3n para mover el divisor<\/li><li>Deslizar en dispositivos t\u00e1ctiles<\/li><\/ul><p><a href=\"#demo\">Prueba todas las opciones de personalizaci\u00f3n en la demostraci\u00f3n funcional 100%<\/a><\/p> <\/div> <div class=\"application-platform-content-item-installation application-platform-content-item\" id=\"installation\" data-nav-section=\"installation\"> <h2>\u00bfC\u00f3mo integrar el \u00abBefore and After Slider\u00bb en mi Wix?<\/h2> <div class=\"video-container\"><iframe width=\"720\" height=\"405\" src=\"https:\/\/www.youtube.com\/embed\/LN99dag1Tcc\" frameborder=\"0\" allowfullscreen=\"\"><\/iframe><\/div><p>Simplemente sigue los pasos que se presentan a continuaci\u00f3n para activar el plugin.<\/p> <ol><li><b>Usa nuestro configurador gratuito y empieza a crear tu plugin personalizado.<\/b><br> Define la interfaz y los aspectos seleccionados del plugin y aplica los cambios.<\/li>  <li><b>Copia tu c\u00f3digo \u00fanico revelado en la ventana de Elfsight Apps<\/b><br> Cuando la configuraci\u00f3n de tu plugin est\u00e9 completa, copia el c\u00f3digo exclusivo de la ventana que aparece y gu\u00e1rdalo para usarlo m\u00e1s tarde.<\/li>  <li><b>Inicia el uso del plugin en tu p\u00e1gina Wix<\/b><br> A\u00f1ade el c\u00f3digo guardado previamente en tu p\u00e1gina y aplica los ajustes.<\/li>  <li><b>La instalaci\u00f3n se ha realizado correctamente<\/b><br> Visita tu sitio para ver c\u00f3mo funciona el widget.<\/li><\/ol> <p>Si tienes preguntas o te enfrentas a algunas dificultades, no dudes en contactar a nuestro equipo de soporte. Nuestros consultores estar\u00e1n encantados de resolver todas las dudas que tengas sobre el plugin.<\/p> <div class=\"faq\" data-component=\"FAQ\"><div class=\"faq-item\">\r\n\t\t\t\t\t<div class=\"faq-item-question\">\r\n\t\t\t\t\t\t<h3 class=\"faq-item-question-text\">\u00bfC\u00f3mo puedo agregar un deslizador de antes y despu\u00e9s a mi sitio de Wix sin conocimientos de programaci\u00f3n?<\/h3>\r\n\r\n\t\t\t\t\t\t<div class=\"faq-item-question-icon\"><\/div>\r\n\t\t\t\t\t<\/div>\r\n\r\n\t\t\t\t\t<div class=\"faq-item-answer\">\r\n\t\t\t\t\t\t<div class=\"faq-item-answer-text\"> <p>Elfsight proporciona una soluci\u00f3n SaaS que te permite crear un widget de deslizador de \u00abAntes y Despu\u00e9s\u00bb por ti mismo, mira lo f\u00e1cil que es el proceso: Trabaja directamente en el Editor en l\u00ednea para crear el widget de deslizador de \u00abAntes y Despu\u00e9s\u00bb que te gustar\u00eda ver en tu sitio de Wix. Elige una de las plantillas predefinidas y ajusta la configuraci\u00f3n del deslizador, agrega tu contenido, cambia el dise\u00f1o y los colores sin conocimientos de programaci\u00f3n. Guarda el deslizador de antes y despu\u00e9s y copia su c\u00f3digo de instalaci\u00f3n, para que puedas agregarlo f\u00e1cilmente a tu sitio de Wix sin necesidad de comprar una versi\u00f3n de pago. Con nuestro Editor intuitivo, cualquier usuario de internet puede crear un widget de deslizador de antes y despu\u00e9s en l\u00ednea y f\u00e1cilmente integrarlo en su sitio Wix. No es necesario pagar ni ingresar los datos de tu tarjeta para acceder al servicio. Si encuentras alg\u00fan problema en cualquier paso, no dudes en contactar con nuestro equipo de soporte t\u00e9cnico.<\/p> <\/div>\r\n\t\t\t\t\t<\/div>\r\n\t\t\t\t<\/div> <\/div><\/div>","protected":false},"excerpt":{"rendered":"","protected":false},"author":9,"featured_media":0,"parent":608,"menu_order":0,"comment_status":"closed","ping_status":"closed","template":"templates\/template-application-platform.php","meta":{"publish_to_discourse":"","publish_post_category":"","wpdc_auto_publish_overridden":"","wpdc_topic_tags":"","wpdc_pin_topic":"","wpdc_pin_until":"","discourse_post_id":"","discourse_permalink":"","wpdc_publishing_response":"","wpdc_publishing_error":"","footnotes":""},"class_list":["post-15575","page","type-page","status-publish","hentry"],"yoast_head":"<!-- This site is optimized with the Yoast SEO plugin v25.3.1 - https:\/\/yoast.com\/wordpress\/plugins\/seo\/ -->\n<title>Control deslizante de antes y despu\u00e9s para el sitio web de Wix (\u00a1gratis y r\u00e1pido!)<\/title>\n<meta name=\"description\" content=\"Inserta el widget Control deslizante Antes y Despu\u00e9s en tu sitio web Wix. Pruebe la demostraci\u00f3n completa de Elfsight y dise\u00f1e su control deslizante de comparaci\u00f3n personalizado.\" \/>\n<meta name=\"robots\" content=\"index, follow, max-snippet:-1, max-image-preview:large, max-video-preview:-1\" \/>\n<link rel=\"canonical\" href=\"https:\/\/elfsight.com\/es\/before-and-after-slider-widget\/wix\/\" \/>\n<meta property=\"og:locale\" content=\"es_ES\" \/>\n<meta property=\"og:type\" content=\"article\" \/>\n<meta property=\"og:title\" content=\"Control deslizante de antes y despu\u00e9s para el sitio web de Wix (\u00a1gratis y r\u00e1pido!)\" \/>\n<meta property=\"og:description\" content=\"Inserta el widget Control deslizante Antes y Despu\u00e9s en tu sitio web Wix. Pruebe la demostraci\u00f3n completa de Elfsight y dise\u00f1e su control deslizante de comparaci\u00f3n personalizado.\" \/>\n<meta property=\"og:url\" content=\"https:\/\/elfsight.com\/es\/before-and-after-slider-widget\/wix\/\" \/>\n<meta property=\"og:site_name\" content=\"Elfsight ES\" \/>\n<meta property=\"article:modified_time\" content=\"2025-02-06T15:03:18+00:00\" \/>\n<meta name=\"twitter:card\" content=\"summary_large_image\" \/>\n<meta name=\"twitter:label1\" content=\"Tiempo de lectura\" \/>\n\t<meta name=\"twitter:data1\" content=\"3 minutos\" \/>\n<!-- \/ Yoast SEO plugin. -->","yoast_head_json":{"title":"Control deslizante de antes y despu\u00e9s para el sitio web de Wix (\u00a1gratis y r\u00e1pido!)","description":"Inserta el widget Control deslizante Antes y Despu\u00e9s en tu sitio web Wix. Pruebe la demostraci\u00f3n completa de Elfsight y dise\u00f1e su control deslizante de comparaci\u00f3n personalizado.","robots":{"index":"index","follow":"follow","max-snippet":"max-snippet:-1","max-image-preview":"max-image-preview:large","max-video-preview":"max-video-preview:-1"},"canonical":"https:\/\/elfsight.com\/es\/before-and-after-slider-widget\/wix\/","og_locale":"es_ES","og_type":"article","og_title":"Control deslizante de antes y despu\u00e9s para el sitio web de Wix (\u00a1gratis y r\u00e1pido!)","og_description":"Inserta el widget Control deslizante Antes y Despu\u00e9s en tu sitio web Wix. Pruebe la demostraci\u00f3n completa de Elfsight y dise\u00f1e su control deslizante de comparaci\u00f3n personalizado.","og_url":"https:\/\/elfsight.com\/es\/before-and-after-slider-widget\/wix\/","og_site_name":"Elfsight ES","article_modified_time":"2025-02-06T15:03:18+00:00","twitter_card":"summary_large_image","twitter_misc":{"Tiempo de lectura":"3 minutos"},"schema":{"@context":"https:\/\/schema.org","@graph":[{"@type":"WebPage","@id":"https:\/\/elfsight.com\/es\/before-and-after-slider-widget\/wix\/","url":"https:\/\/elfsight.com\/es\/before-and-after-slider-widget\/wix\/","name":"Control deslizante de antes y despu\u00e9s para el sitio web de Wix (\u00a1gratis y r\u00e1pido!)","isPartOf":{"@id":"https:\/\/elfsight.com\/es\/#website"},"datePublished":"2024-05-03T06:30:12+00:00","dateModified":"2025-02-06T15:03:18+00:00","description":"Inserta el widget Control deslizante Antes y Despu\u00e9s en tu sitio web Wix. Pruebe la demostraci\u00f3n completa de Elfsight y dise\u00f1e su control deslizante de comparaci\u00f3n personalizado.","breadcrumb":{"@id":"https:\/\/elfsight.com\/es\/before-and-after-slider-widget\/wix\/#breadcrumb"},"inLanguage":"es","potentialAction":[{"@type":"ReadAction","target":["https:\/\/elfsight.com\/es\/before-and-after-slider-widget\/wix\/"]}]},{"@type":"BreadcrumbList","@id":"https:\/\/elfsight.com\/es\/before-and-after-slider-widget\/wix\/#breadcrumb","itemListElement":[{"@type":"ListItem","position":1,"name":"Home","item":"https:\/\/elfsight.com\/es\/"},{"@type":"ListItem","position":2,"name":"Before and After Slider","item":"https:\/\/elfsight.com\/es\/before-and-after-slider-widget\/"},{"@type":"ListItem","position":3,"name":"Before and After Slider &#8211; Wix"}]},{"@type":"WebSite","@id":"https:\/\/elfsight.com\/es\/#website","url":"https:\/\/elfsight.com\/es\/","name":"Elfsight ES","description":"Just another Elfsight Sites site","potentialAction":[{"@type":"SearchAction","target":{"@type":"EntryPoint","urlTemplate":"https:\/\/elfsight.com\/es\/?s={search_term_string}"},"query-input":{"@type":"PropertyValueSpecification","valueRequired":true,"valueName":"search_term_string"}}],"inLanguage":"es"}]}},"meta_box":{"industry":"","seo_heading":"","heading":"","description":"","cta_heading":"","cta_description":"","application":"607","h1":"Control deslizante antes y despu\u00e9s para Wix","h1_caption":"Presenta comparaciones entre dos im\u00e1genes, ideales para resaltar transformaciones o mostrar los beneficios del producto en tu sitio web Wix sin esfuerzo.","application_category":[],"applications_title":"","applications_request_title":"","applications_request_button_text":"","hero_text":"","hero_video":"","hero_video_schema_markup":"","selling_points_title":"","selling_points_caption":"","selling_points":[],"selling_points_cta_text":"","features_title":"","features":"","ed_cta_examples_text":"","ed_cta_examples_hidden":"","ed_cta_demo_text":"","ed_cta_demo_hidden":"","why_caption":"","why_editor_title":"","why_editor_text":"","why_team_title":"","why_team_text":"","why_service_title":"","why_service_text":"","template_catalog_visible":"","template_catalog_title":"","template_catalog_text":"","template_catalog_categories_visible":"","demo_title":"Crea tu aplicaci\u00f3n deslizante Antes y Despu\u00e9s","demo_caption":"\u00a1Configura tu control deslizante Antes y Despu\u00e9s y agr\u00e9galo a tu sitio web Wix gratis!","default_faq_hidden":"","app_template_category":[],"platform":"112","template_public_id":"","codecanyon_url":"","codecanyon_item_id":"","codecanyon_price":"","pricing_caption":"","pricing_elfsight_apps_hide_column":"","pricing_elfsight_apps_url":"","pricing_codecanyon_price_caption":"","integration_category":[],"integration_request_title":"","integration_request_cta":"","integration_platform":"","integrations":[],"platform_category":[],"video_schema_markup":"","price":"desde $0 \/ mes","trial":"","benefits":[{"text":"Servicio de instalaci\u00f3n gratuito"},{"text":"Soporte excepcional"},{"text":"Garant\u00eda de reembolso de 14 d\u00edas"},{"text":"Desarrollo continuo"}],"button_url":"#demo","button_target_blank":"","button_nofollow":"","attributes":[{"name":"Instalaciones","content":"10,000 - 100,000"},{"name":"Sensible","content":"S\u00ed"},{"name":"Navegadores compatibles","content":"Chrome, Safari, Firefox, Edge, Opera"}],"tags":[],"tags_disable_links":"","hide_more_platforms":"","video_object":"","demo_hide_cta":"","demo_hide_cloud_options":"","pricing_title":"","pricing":[{"pricing_icon":"platform","pricing_title":"Elfsight Apps","pricing_title_caption":"Versi\u00f3n multiplataforma","pricing_price":"desde $0 \/ mes","pricing_price_caption":"comienza con el plan gratuito","pricing_benefits":[{"text":"Dominios ilimitados"},{"text":"Atenci\u00f3n al cliente profesional"},{"text":"Servicio de instalaci\u00f3n gratuito"},{"text":"Precio especial para m\u00faltiples aplicaciones"}],"pricing_button_text":"A\u00f1adir al sitio web","pricing_button_url":"#demo"}],"related_apps_title":"","related_apps_hidden":"","author":"","image":[],"title":"","job":"","social_networks":[]},"_links":{"self":[{"href":"https:\/\/elfsight.com\/es\/wp-json\/wp\/v2\/pages\/15575","targetHints":{"allow":["GET"]}}],"collection":[{"href":"https:\/\/elfsight.com\/es\/wp-json\/wp\/v2\/pages"}],"about":[{"href":"https:\/\/elfsight.com\/es\/wp-json\/wp\/v2\/types\/page"}],"author":[{"embeddable":true,"href":"https:\/\/elfsight.com\/es\/wp-json\/wp\/v2\/users\/9"}],"replies":[{"embeddable":true,"href":"https:\/\/elfsight.com\/es\/wp-json\/wp\/v2\/comments?post=15575"}],"version-history":[{"count":3,"href":"https:\/\/elfsight.com\/es\/wp-json\/wp\/v2\/pages\/15575\/revisions"}],"predecessor-version":[{"id":17825,"href":"https:\/\/elfsight.com\/es\/wp-json\/wp\/v2\/pages\/15575\/revisions\/17825"}],"up":[{"embeddable":true,"href":"https:\/\/elfsight.com\/es\/wp-json\/wp\/v2\/pages\/608"}],"wp:attachment":[{"href":"https:\/\/elfsight.com\/es\/wp-json\/wp\/v2\/media?parent=15575"}],"curies":[{"name":"wp","href":"https:\/\/api.w.org\/{rel}","templated":true}]}}