{"id":15569,"date":"2024-05-03T06:30:14","date_gmt":"2024-05-03T06:30:14","guid":{"rendered":"https:\/\/elfsight.com\/es\/?page_id=15569"},"modified":"2025-02-06T15:03:18","modified_gmt":"2025-02-06T15:03:18","slug":"webnode","status":"publish","type":"page","link":"https:\/\/elfsight.com\/es\/before-and-after-slider-widget\/webnode\/","title":{"rendered":"Before and After Slider &#8211; Webnode"},"content":{"rendered":"<div class=\"application-platform-content-item-description application-platform-content-item\" id=\"description\" data-nav-section=\"description\"> <h2>Descripci\u00f3n<\/h2> <p> El Deslizador Antes y Despu\u00e9s de Elfsight te permite mostrar impresionantes im\u00e1genes que aumentan las ventas en tu sitio web. Los clientes pueden explorar todos los cambios que tus productos o servicios introducen. Simplemente sube dos fotos al Deslizador Antes y Despu\u00e9s para Webnode y se mostrar\u00e1n con un divisor que se puede mover para observar la diferencia. Puedes publicar diapositivas ilimitadas, y agregar subt\u00edtulos y etiquetas. La orientaci\u00f3n del deslizador puede ser horizontal o vertical, y puedes elegir la proporci\u00f3n de imagen m\u00e1s adecuada. \u00a1Tus clientes seguramente realizar\u00e1n una compra cuando vean el resultado real de tus ofertas! <\/p> <p><b>Inserta un deslizador de antes y despu\u00e9s para alcanzar tus objetivos de comercio electr\u00f3nico con menos esfuerzo.<\/b><\/p> <\/div> <div class=\"application-platform-content-item-features application-platform-content-item\" id=\"features\" data-nav-section=\"features\"> <h2>Las caracter\u00edsticas m\u00e1s populares del widget incluyen<\/h2> <ul><li>Mostrar parejas ilimitadas de fotos de Antes y Despu\u00e9s<\/li> <li>Insertar subt\u00edtulos con opciones de formato de texto en cada conjunto<\/li><li>Dos dise\u00f1os incorporados: Lista y Carrusel<\/li><li>Deslizar el divisor horizontal o verticalmente<\/li><li>Clic y arrastrar o simplemente pasar el rat\u00f3n para mover el divisor<\/li><li>Deslizar en pantallas t\u00e1ctiles<\/li><\/ul><p><a href=\"#demo\">Puedes ver todas las capacidades del widget en la demo de esta p\u00e1gina<\/a><\/p> <\/div> <div class=\"application-platform-content-item-installation application-platform-content-item\" id=\"installation\" data-nav-section=\"installation\"> <h2>\u00bfC\u00f3mo puedo agregar el Deslizador Antes y Despu\u00e9s en mi sitio Webnode?<\/h2> <p>Sigue los pasos a continuaci\u00f3n para insertar el plugin.<\/p> <ol><li><b>Usa nuestro configurador gratuito y comienza a crear tu herramienta personalizada.<\/b><br> Especifica la apariencia y las opciones del widget y guarda las modificaciones.<\/li>  <li><b>Obt\u00e9n tu c\u00f3digo \u00fanico mostrado en el formulario especial de Elfsight Apps.<\/b><br> Cuando termines la personalizaci\u00f3n de tu plugin, copia el c\u00f3digo exclusivo que aparecer\u00e1 en la ventana emergente y gu\u00e1rdalo para su uso posterior.<\/li>  <li><b>Comienza a usar la herramienta en tu sitio Webnode.<\/b><br> Inserta el c\u00f3digo guardado recientemente en tu p\u00e1gina y guarda los cambios.<\/li>  <li><b>\u00a1La instalaci\u00f3n ha finalizado!<\/b><br> Visita tu p\u00e1gina web para ver c\u00f3mo funciona el plugin.<\/li><\/ol> <p>Si tienes alguna pregunta o encuentras problemas, no dudes en ponerte en contacto con nuestro equipo de soporte. Estamos deseosos de resolver cualquier duda que puedas tener sobre el widget.<\/p> <div class=\"faq\" data-component=\"FAQ\"><div class=\"faq-item\">\r\n\t\t\t\t\t<div class=\"faq-item-question\">\r\n\t\t\t\t\t\t<h3 class=\"faq-item-question-text\">\u00bfC\u00f3mo agregar un Deslizador Antes y Despu\u00e9s a mi sitio Webnode sin habilidades de programaci\u00f3n?<\/h3>\r\n\r\n\t\t\t\t\t\t<div class=\"faq-item-question-icon\"><\/div>\r\n\t\t\t\t\t<\/div>\r\n\r\n\t\t\t\t\t<div class=\"faq-item-answer\">\r\n\t\t\t\t\t\t<div class=\"faq-item-answer-text\"> <p>Elfsight ofrece una soluci\u00f3n SaaS que te permite crear el widget Deslizador Antes y Despu\u00e9s por ti mismo, observa lo f\u00e1cil que es el proceso: Trabaja directamente en el Editor en l\u00ednea para crear el widget Deslizador Antes y Despu\u00e9s que deseas en tu sitio Webnode. Elige una de las plantillas predefinidas y ajusta la configuraci\u00f3n del Deslizador Antes y Despu\u00e9s, agrega tu contenido, cambia el dise\u00f1o y los colores sin necesidad de saber programar. Guarda el Deslizador Antes y Despu\u00e9s y copia su c\u00f3digo de instalaci\u00f3n, que podr\u00e1s agregar f\u00e1cilmente a tu sitio Webnode sin necesidad de comprar una suscripci\u00f3n de pago. Con nuestro Editor intuitivo, cualquier usuario de internet puede crear el widget Deslizador Antes y Despu\u00e9s en l\u00ednea y agregarlo f\u00e1cilmente a su sitio Webnode. No es necesario pagar ni ingresar los datos de tu tarjeta para acceder al servicio. Si tienes alg\u00fan problema en cualquier paso, no dudes en ponerte en contacto con nuestro equipo de soporte t\u00e9cnico.<\/p> <\/div>\r\n\t\t\t\t\t<\/div>\r\n\t\t\t\t<\/div> <\/div><\/div>","protected":false},"excerpt":{"rendered":"","protected":false},"author":9,"featured_media":0,"parent":608,"menu_order":0,"comment_status":"closed","ping_status":"closed","template":"templates\/template-application-platform.php","meta":{"publish_to_discourse":"","publish_post_category":"","wpdc_auto_publish_overridden":"","wpdc_topic_tags":"","wpdc_pin_topic":"","wpdc_pin_until":"","discourse_post_id":"","discourse_permalink":"","wpdc_publishing_response":"","wpdc_publishing_error":"","footnotes":""},"class_list":["post-15569","page","type-page","status-publish","hentry"],"yoast_head":"<!-- This site is optimized with the Yoast SEO plugin v25.3.1 - https:\/\/yoast.com\/wordpress\/plugins\/seo\/ -->\n<title>Control deslizante responsivo de im\u00e1genes de antes y despu\u00e9s para el sitio web de Muse<\/title>\n<meta name=\"description\" content=\"Crea un widget deslizante Antes y Despu\u00e9s en tu sitio web Webnode. Pruebe la demostraci\u00f3n gratuita de Elfsight y dise\u00f1e su widget personalizado en solo un par de segundos\" \/>\n<meta name=\"robots\" content=\"index, follow, max-snippet:-1, max-image-preview:large, max-video-preview:-1\" \/>\n<link rel=\"canonical\" href=\"https:\/\/elfsight.com\/es\/before-and-after-slider-widget\/webnode\/\" \/>\n<meta property=\"og:locale\" content=\"es_ES\" \/>\n<meta property=\"og:type\" content=\"article\" \/>\n<meta property=\"og:title\" content=\"Control deslizante responsivo de im\u00e1genes de antes y despu\u00e9s para el sitio web de Muse\" \/>\n<meta property=\"og:description\" content=\"Crea un widget deslizante Antes y Despu\u00e9s en tu sitio web Webnode. Pruebe la demostraci\u00f3n gratuita de Elfsight y dise\u00f1e su widget personalizado en solo un par de segundos\" \/>\n<meta property=\"og:url\" content=\"https:\/\/elfsight.com\/es\/before-and-after-slider-widget\/webnode\/\" \/>\n<meta property=\"og:site_name\" content=\"Elfsight ES\" \/>\n<meta property=\"article:modified_time\" content=\"2025-02-06T15:03:18+00:00\" \/>\n<meta name=\"twitter:card\" content=\"summary_large_image\" \/>\n<meta name=\"twitter:label1\" content=\"Tiempo de lectura\" \/>\n\t<meta name=\"twitter:data1\" content=\"3 minutos\" \/>\n<!-- \/ Yoast SEO plugin. -->","yoast_head_json":{"title":"Control deslizante responsivo de im\u00e1genes de antes y despu\u00e9s para el sitio web de Muse","description":"Crea un widget deslizante Antes y Despu\u00e9s en tu sitio web Webnode. Pruebe la demostraci\u00f3n gratuita de Elfsight y dise\u00f1e su widget personalizado en solo un par de segundos","robots":{"index":"index","follow":"follow","max-snippet":"max-snippet:-1","max-image-preview":"max-image-preview:large","max-video-preview":"max-video-preview:-1"},"canonical":"https:\/\/elfsight.com\/es\/before-and-after-slider-widget\/webnode\/","og_locale":"es_ES","og_type":"article","og_title":"Control deslizante responsivo de im\u00e1genes de antes y despu\u00e9s para el sitio web de Muse","og_description":"Crea un widget deslizante Antes y Despu\u00e9s en tu sitio web Webnode. Pruebe la demostraci\u00f3n gratuita de Elfsight y dise\u00f1e su widget personalizado en solo un par de segundos","og_url":"https:\/\/elfsight.com\/es\/before-and-after-slider-widget\/webnode\/","og_site_name":"Elfsight ES","article_modified_time":"2025-02-06T15:03:18+00:00","twitter_card":"summary_large_image","twitter_misc":{"Tiempo de lectura":"3 minutos"},"schema":{"@context":"https:\/\/schema.org","@graph":[{"@type":"WebPage","@id":"https:\/\/elfsight.com\/es\/before-and-after-slider-widget\/webnode\/","url":"https:\/\/elfsight.com\/es\/before-and-after-slider-widget\/webnode\/","name":"Control deslizante responsivo de im\u00e1genes de antes y despu\u00e9s para el sitio web de Muse","isPartOf":{"@id":"https:\/\/elfsight.com\/es\/#website"},"datePublished":"2024-05-03T06:30:14+00:00","dateModified":"2025-02-06T15:03:18+00:00","description":"Crea un widget deslizante Antes y Despu\u00e9s en tu sitio web Webnode. Pruebe la demostraci\u00f3n gratuita de Elfsight y dise\u00f1e su widget personalizado en solo un par de segundos","breadcrumb":{"@id":"https:\/\/elfsight.com\/es\/before-and-after-slider-widget\/webnode\/#breadcrumb"},"inLanguage":"es","potentialAction":[{"@type":"ReadAction","target":["https:\/\/elfsight.com\/es\/before-and-after-slider-widget\/webnode\/"]}]},{"@type":"BreadcrumbList","@id":"https:\/\/elfsight.com\/es\/before-and-after-slider-widget\/webnode\/#breadcrumb","itemListElement":[{"@type":"ListItem","position":1,"name":"Home","item":"https:\/\/elfsight.com\/es\/"},{"@type":"ListItem","position":2,"name":"Before and After Slider","item":"https:\/\/elfsight.com\/es\/before-and-after-slider-widget\/"},{"@type":"ListItem","position":3,"name":"Before and After Slider &#8211; Webnode"}]},{"@type":"WebSite","@id":"https:\/\/elfsight.com\/es\/#website","url":"https:\/\/elfsight.com\/es\/","name":"Elfsight ES","description":"Just another Elfsight Sites site","potentialAction":[{"@type":"SearchAction","target":{"@type":"EntryPoint","urlTemplate":"https:\/\/elfsight.com\/es\/?s={search_term_string}"},"query-input":{"@type":"PropertyValueSpecification","valueRequired":true,"valueName":"search_term_string"}}],"inLanguage":"es"}]}},"meta_box":{"industry":"","seo_heading":"","heading":"","description":"","cta_heading":"","cta_description":"","application":"607","h1":"Slider Antes y Despu\u00e9s para Webnode","h1_caption":"Presenta comparaciones entre dos im\u00e1genes, ideales para resaltar transformaciones o mostrar los beneficios del producto en tu sitio web Webnode sin esfuerzo.","application_category":[],"applications_title":"","applications_request_title":"","applications_request_button_text":"","hero_text":"","hero_video":"","hero_video_schema_markup":"","selling_points_title":"","selling_points_caption":"","selling_points":[],"selling_points_cta_text":"","features_title":"","features":"","ed_cta_examples_text":"","ed_cta_examples_hidden":"","ed_cta_demo_text":"","ed_cta_demo_hidden":"","why_caption":"","why_editor_title":"","why_editor_text":"","why_team_title":"","why_team_text":"","why_service_title":"","why_service_text":"","template_catalog_visible":"","template_catalog_title":"","template_catalog_text":"","template_catalog_categories_visible":"","demo_title":"Crea tu widget deslizante Antes y Despu\u00e9s","demo_caption":"\u00a1Configura tu Slider Antes y Despu\u00e9s y agr\u00e9galo a tu sitio web Webnode gratis!","default_faq_hidden":"","app_template_category":[],"platform":"2302","template_public_id":"","codecanyon_url":"","codecanyon_item_id":"","codecanyon_price":"","pricing_caption":"","pricing_elfsight_apps_hide_column":"","pricing_elfsight_apps_url":"","pricing_codecanyon_price_caption":"","integration_category":[],"integration_request_title":"","integration_request_cta":"","integration_platform":"","integrations":[],"platform_category":[],"video_schema_markup":"","price":"desde $0 \/ mes","trial":"","benefits":[{"text":"Asistencia de instalaci\u00f3n gratuita"},{"text":"Servicio al cliente competente"},{"text":"Garant\u00eda de devoluci\u00f3n de dinero de 14 d\u00edas"},{"text":"Mejoras futuras"}],"button_url":"#demo","button_target_blank":"","button_nofollow":"","attributes":[{"name":"Instalaciones","content":"10,000 - 100,000"},{"name":"Sensible","content":"S\u00ed"},{"name":"Navegadores compatibles","content":"Firefox, Safari, Opera, Chrome, Edge"}],"tags":[],"tags_disable_links":"","hide_more_platforms":"","video_object":"","demo_hide_cta":"","demo_hide_cloud_options":"","pricing_title":"","pricing":[{"pricing_icon":"platform","pricing_title":"Elfsight Apps","pricing_title_caption":"Soluci\u00f3n independiente de plataforma que funciona en cualquier sitio","pricing_price":"desde $0 \/ mes","pricing_price_caption":"comienza con el plan gratuito","pricing_benefits":[{"text":"Sitios web ilimitados"},{"text":"Soporte r\u00e1pido y puntual"},{"text":"Soporte de instalaci\u00f3n gratuito"},{"text":"Oferta especial para m\u00faltiples aplicaciones"}],"pricing_button_text":"A\u00f1adir al sitio web","pricing_button_url":"#demo"}],"related_apps_title":"","related_apps_hidden":"","author":"","image":[],"title":"","job":"","social_networks":[]},"_links":{"self":[{"href":"https:\/\/elfsight.com\/es\/wp-json\/wp\/v2\/pages\/15569","targetHints":{"allow":["GET"]}}],"collection":[{"href":"https:\/\/elfsight.com\/es\/wp-json\/wp\/v2\/pages"}],"about":[{"href":"https:\/\/elfsight.com\/es\/wp-json\/wp\/v2\/types\/page"}],"author":[{"embeddable":true,"href":"https:\/\/elfsight.com\/es\/wp-json\/wp\/v2\/users\/9"}],"replies":[{"embeddable":true,"href":"https:\/\/elfsight.com\/es\/wp-json\/wp\/v2\/comments?post=15569"}],"version-history":[{"count":3,"href":"https:\/\/elfsight.com\/es\/wp-json\/wp\/v2\/pages\/15569\/revisions"}],"predecessor-version":[{"id":17823,"href":"https:\/\/elfsight.com\/es\/wp-json\/wp\/v2\/pages\/15569\/revisions\/17823"}],"up":[{"embeddable":true,"href":"https:\/\/elfsight.com\/es\/wp-json\/wp\/v2\/pages\/608"}],"wp:attachment":[{"href":"https:\/\/elfsight.com\/es\/wp-json\/wp\/v2\/media?parent=15569"}],"curies":[{"name":"wp","href":"https:\/\/api.w.org\/{rel}","templated":true}]}}