{"id":15562,"date":"2024-05-03T06:30:17","date_gmt":"2024-05-03T06:30:17","guid":{"rendered":"https:\/\/elfsight.com\/es\/?page_id=15562"},"modified":"2025-02-06T15:03:10","modified_gmt":"2025-02-06T15:03:10","slug":"shopify","status":"publish","type":"page","link":"https:\/\/elfsight.com\/es\/before-and-after-slider-widget\/shopify\/","title":{"rendered":"Before and After Slider &#8211; Shopify"},"content":{"rendered":"<div class=\"application-platform-content-item-description application-platform-content-item\" id=\"description\" data-nav-section=\"description\"> <h2>Inserta el Deslizador Antes y Despu\u00e9s en Shopify con el widget de Elfsight<\/h2> <p> El Deslizador Antes y Despu\u00e9s de Elfsight te permite crear im\u00e1genes promocionales incre\u00edbles para tu sitio. Los visitantes podr\u00e1n explorar todos los cambios que tus productos o servicios aportan. Simplemente sube fotos de antes y despu\u00e9s al Deslizador Antes y Despu\u00e9s para Shopify y se mostrar\u00e1n con un divisor que se puede mover para ver la diferencia. Puedes a\u00f1adir diapositivas ilimitadas, cada una con su propio subt\u00edtulo. La orientaci\u00f3n del divisor puede ser horizontal o vertical, y puedes seleccionar la mejor proporci\u00f3n de imagen. \u00a1Tus visitantes no podr\u00e1n evitar comprar, cuando vean la verdadera eficiencia de tus ofertas! <\/p> <p><b>Haz que tu sitio web sea m\u00e1s eficiente para objetivos de comercio electr\u00f3nico con la ayuda de fotos de antes y despu\u00e9s<\/b><\/p> <\/div> <div class=\"application-platform-content-item-features application-platform-content-item\" id=\"features\" data-nav-section=\"features\"> <h2>Las caracter\u00edsticas principales del widget que ofrecemos<\/h2> <ul><li>Crea pares ilimitados de fotos Antes y Despu\u00e9s<\/li> <li>Agrega subt\u00edtulos con opciones de formato de texto para cada imagen<\/li><li>Dos dise\u00f1os listos para usar: Lista y Carrusel<\/li><li>Movimiento horizontal o vertical del divisor<\/li><li>Haz clic y arrastra o simplemente pasa el rat\u00f3n para mover el divisor<\/li><li>Desliza en pantallas t\u00e1ctiles<\/li><\/ul><p><a href=\"#demo\">Puedes verificar si el widget es adecuado para ti con la demo<\/a><\/p> <\/div> <div class=\"application-platform-content-item-installation application-platform-content-item\" id=\"installation\" data-nav-section=\"installation\"> <h2>\u00bfC\u00f3mo puedo insertar el Deslizador Antes y Despu\u00e9s en Shopify?<\/h2><div class=\"video-container\"><iframe width=\"720\" height=\"405\" src=\"https:\/\/www.youtube.com\/embed\/x8fPwEIIG7s\" frameborder=\"0\" allowfullscreen=\"\"><\/iframe><\/div><p>Solo sigue los pasos que se indican a continuaci\u00f3n para comenzar a trabajar con el widget.<\/p> <ol><li><b>Usa nuestro configurador gratuito y comienza a crear tu app personalizada.<\/b><br> Elige la apariencia y las opciones de la app y guarda todas las modificaciones.<\/li>  <li><b>Recibe tu c\u00f3digo personal mostrado en el formulario especial de Elfsight Apps.<\/b><br> Cuando la creaci\u00f3n de tu app personal est\u00e9 terminada, copia el c\u00f3digo exclusivo del popup que aparece y gu\u00e1rdalo para usarlo en el futuro.<\/li>  <li><b>Comienza a usar la app en tu p\u00e1gina Shopify.<\/b><br> Inserta el c\u00f3digo guardado previamente en tu sitio y aplica los ajustes.<\/li>  <li><b>La configuraci\u00f3n se ha realizado con \u00e9xito.<\/b><br> Visita tu sitio web para ver el funcionamiento de la app.<\/li><\/ol><p>Si tienes alguna pregunta o enfrentas problemas, por favor contacta con nuestro equipo de servicio al cliente. Nuestros especialistas estar\u00e1n encantados de resolver todos los problemas que puedas tener con el widget.<\/p> <div class=\"faq\" data-component=\"FAQ\"><div class=\"faq-item\">\r\n\t\t\t\t\t<div class=\"faq-item-question\">\r\n\t\t\t\t\t\t<h3 class=\"faq-item-question-text\">\u00bfC\u00f3mo puedo agregar un Deslizador Antes y Despu\u00e9s a mi sitio Shopify sin habilidades de programaci\u00f3n?<\/h3>\r\n\r\n\t\t\t\t\t\t<div class=\"faq-item-question-icon\"><\/div>\r\n\t\t\t\t\t<\/div>\r\n\r\n\t\t\t\t\t<div class=\"faq-item-answer\">\r\n\t\t\t\t\t\t<div class=\"faq-item-answer-text\"> <p>Elfsight ofrece una soluci\u00f3n SaaS que te permite crear un widget de Deslizador Antes y Despu\u00e9s t\u00fa mismo. Mira lo f\u00e1cil que es el proceso: Trabaja directamente en el Editor en l\u00ednea para crear el widget de Deslizador Antes y Despu\u00e9s que deseas en tu sitio Shopify. Elige una de las plantillas predefinidas y ajusta la configuraci\u00f3n del Deslizador Antes y Despu\u00e9s, agrega tu contenido, cambia el dise\u00f1o y los colores sin necesidad de saber programar. Guarda el Deslizador Antes y Despu\u00e9s y copia su c\u00f3digo de instalaci\u00f3n, que podr\u00e1s insertar f\u00e1cilmente en tu sitio Shopify sin necesidad de comprar una versi\u00f3n de pago. Con nuestro Editor intuitivo, cualquier usuario de Internet puede crear un widget de Deslizador Antes y Despu\u00e9s en l\u00ednea e insertarlo f\u00e1cilmente en su sitio Shopify. No es necesario pagar ni ingresar los datos de tu tarjeta para acceder al servicio. Si encuentras alg\u00fan problema en cualquier paso, no dudes en contactar con nuestro equipo de soporte t\u00e9cnico.<\/p> <\/div>\r\n\t\t\t\t\t<\/div>\r\n\t\t\t\t<\/div> <\/div><\/div>","protected":false},"excerpt":{"rendered":"","protected":false},"author":9,"featured_media":0,"parent":608,"menu_order":0,"comment_status":"closed","ping_status":"closed","template":"templates\/template-application-platform.php","meta":{"publish_to_discourse":"","publish_post_category":"","wpdc_auto_publish_overridden":"","wpdc_topic_tags":"","wpdc_pin_topic":"","wpdc_pin_until":"","discourse_post_id":"","discourse_permalink":"","wpdc_publishing_response":"","wpdc_publishing_error":"","footnotes":""},"class_list":["post-15562","page","type-page","status-publish","hentry"],"yoast_head":"<!-- This site is optimized with the Yoast SEO plugin v25.3.1 - https:\/\/yoast.com\/wordpress\/plugins\/seo\/ -->\n<title>Control deslizante responsivo de im\u00e1genes de antes y despu\u00e9s para el sitio web de Shopify<\/title>\n<meta name=\"description\" content=\"Muestra el widget deslizante Antes y Despu\u00e9s en tu sitio web de Shopify. Consulte la demostraci\u00f3n de Elfsight completamente funcional y dise\u00f1e su widget personalizado con solo un par de clics.\" \/>\n<meta name=\"robots\" content=\"index, follow, max-snippet:-1, max-image-preview:large, max-video-preview:-1\" \/>\n<link rel=\"canonical\" href=\"https:\/\/elfsight.com\/es\/before-and-after-slider-widget\/shopify\/\" \/>\n<meta property=\"og:locale\" content=\"es_ES\" \/>\n<meta property=\"og:type\" content=\"article\" \/>\n<meta property=\"og:title\" content=\"Control deslizante responsivo de im\u00e1genes de antes y despu\u00e9s para el sitio web de Shopify\" \/>\n<meta property=\"og:description\" content=\"Muestra el widget deslizante Antes y Despu\u00e9s en tu sitio web de Shopify. Consulte la demostraci\u00f3n de Elfsight completamente funcional y dise\u00f1e su widget personalizado con solo un par de clics.\" \/>\n<meta property=\"og:url\" content=\"https:\/\/elfsight.com\/es\/before-and-after-slider-widget\/shopify\/\" \/>\n<meta property=\"og:site_name\" content=\"Elfsight ES\" \/>\n<meta property=\"article:modified_time\" content=\"2025-02-06T15:03:10+00:00\" \/>\n<meta name=\"twitter:card\" content=\"summary_large_image\" \/>\n<meta name=\"twitter:label1\" content=\"Tiempo de lectura\" \/>\n\t<meta name=\"twitter:data1\" content=\"3 minutos\" \/>\n<!-- \/ Yoast SEO plugin. -->","yoast_head_json":{"title":"Control deslizante responsivo de im\u00e1genes de antes y despu\u00e9s para el sitio web de Shopify","description":"Muestra el widget deslizante Antes y Despu\u00e9s en tu sitio web de Shopify. Consulte la demostraci\u00f3n de Elfsight completamente funcional y dise\u00f1e su widget personalizado con solo un par de clics.","robots":{"index":"index","follow":"follow","max-snippet":"max-snippet:-1","max-image-preview":"max-image-preview:large","max-video-preview":"max-video-preview:-1"},"canonical":"https:\/\/elfsight.com\/es\/before-and-after-slider-widget\/shopify\/","og_locale":"es_ES","og_type":"article","og_title":"Control deslizante responsivo de im\u00e1genes de antes y despu\u00e9s para el sitio web de Shopify","og_description":"Muestra el widget deslizante Antes y Despu\u00e9s en tu sitio web de Shopify. Consulte la demostraci\u00f3n de Elfsight completamente funcional y dise\u00f1e su widget personalizado con solo un par de clics.","og_url":"https:\/\/elfsight.com\/es\/before-and-after-slider-widget\/shopify\/","og_site_name":"Elfsight ES","article_modified_time":"2025-02-06T15:03:10+00:00","twitter_card":"summary_large_image","twitter_misc":{"Tiempo de lectura":"3 minutos"},"schema":{"@context":"https:\/\/schema.org","@graph":[{"@type":"WebPage","@id":"https:\/\/elfsight.com\/es\/before-and-after-slider-widget\/shopify\/","url":"https:\/\/elfsight.com\/es\/before-and-after-slider-widget\/shopify\/","name":"Control deslizante responsivo de im\u00e1genes de antes y despu\u00e9s para el sitio web de Shopify","isPartOf":{"@id":"https:\/\/elfsight.com\/es\/#website"},"datePublished":"2024-05-03T06:30:17+00:00","dateModified":"2025-02-06T15:03:10+00:00","description":"Muestra el widget deslizante Antes y Despu\u00e9s en tu sitio web de Shopify. Consulte la demostraci\u00f3n de Elfsight completamente funcional y dise\u00f1e su widget personalizado con solo un par de clics.","breadcrumb":{"@id":"https:\/\/elfsight.com\/es\/before-and-after-slider-widget\/shopify\/#breadcrumb"},"inLanguage":"es","potentialAction":[{"@type":"ReadAction","target":["https:\/\/elfsight.com\/es\/before-and-after-slider-widget\/shopify\/"]}]},{"@type":"BreadcrumbList","@id":"https:\/\/elfsight.com\/es\/before-and-after-slider-widget\/shopify\/#breadcrumb","itemListElement":[{"@type":"ListItem","position":1,"name":"Home","item":"https:\/\/elfsight.com\/es\/"},{"@type":"ListItem","position":2,"name":"Before and After Slider","item":"https:\/\/elfsight.com\/es\/before-and-after-slider-widget\/"},{"@type":"ListItem","position":3,"name":"Before and After Slider &#8211; Shopify"}]},{"@type":"WebSite","@id":"https:\/\/elfsight.com\/es\/#website","url":"https:\/\/elfsight.com\/es\/","name":"Elfsight ES","description":"Just another Elfsight Sites site","potentialAction":[{"@type":"SearchAction","target":{"@type":"EntryPoint","urlTemplate":"https:\/\/elfsight.com\/es\/?s={search_term_string}"},"query-input":{"@type":"PropertyValueSpecification","valueRequired":true,"valueName":"search_term_string"}}],"inLanguage":"es"}]}},"meta_box":{"industry":"","seo_heading":"","heading":"","description":"","cta_heading":"","cta_description":"","application":"607","h1":"Control deslizante de antes y despu\u00e9s para Shopify","h1_caption":"Presenta comparaciones entre dos im\u00e1genes, ideales para resaltar transformaciones o mostrar los beneficios del producto en tu sitio web de Shopify sin esfuerzo.","application_category":[],"applications_title":"","applications_request_title":"","applications_request_button_text":"","hero_text":"","hero_video":"","hero_video_schema_markup":"","selling_points_title":"","selling_points_caption":"","selling_points":[],"selling_points_cta_text":"","features_title":"","features":"","ed_cta_examples_text":"","ed_cta_examples_hidden":"","ed_cta_demo_text":"","ed_cta_demo_hidden":"","why_caption":"","why_editor_title":"","why_editor_text":"","why_team_title":"","why_team_text":"","why_service_title":"","why_service_text":"","template_catalog_visible":"","template_catalog_title":"","template_catalog_text":"","template_catalog_categories_visible":"","demo_title":"Crea tu aplicaci\u00f3n deslizante Antes y Despu\u00e9s","demo_caption":"\u00a1Configura tu control deslizante Antes y Despu\u00e9s y agr\u00e9galo a tu sitio web de Shopify gratis!","default_faq_hidden":"","app_template_category":[],"platform":"91","template_public_id":"","codecanyon_url":"","codecanyon_item_id":"","codecanyon_price":"","pricing_caption":"","pricing_elfsight_apps_hide_column":"","pricing_elfsight_apps_url":"","pricing_codecanyon_price_caption":"","integration_category":[],"integration_request_title":"","integration_request_cta":"","integration_platform":"","integrations":[],"platform_category":[],"video_schema_markup":"","price":"desde $0 \/ mes","trial":"","benefits":[{"text":"Servicio de instalaci\u00f3n gratuito"},{"text":"Soporte premium"},{"text":"Garant\u00eda de devoluci\u00f3n de dinero de 14 d\u00edas"},{"text":"Actualizaciones gratuitas continuas"}],"button_url":"#demo","button_target_blank":"","button_nofollow":"","attributes":[{"name":"Instalaciones","content":"10,000 - 100,000"},{"name":"Sensible","content":"S\u00ed"},{"name":"Navegadores compatibles","content":"Firefox, Safari, Opera, Chrome, Edge"}],"tags":[],"tags_disable_links":"","hide_more_platforms":"","video_object":"","demo_hide_cta":"","demo_hide_cloud_options":"","pricing_title":"","pricing":[{"pricing_icon":"cloud","pricing_title":"Elfsight Apps","pricing_title_caption":"Versi\u00f3n multiplataforma que funciona en cualquier sitio web.","pricing_price":"desde $0 \/ mes","pricing_price_caption":"comienza con el plan gratuito","pricing_benefits":[{"text":"Sitios web ilimitados"},{"text":"Soporte premium"},{"text":"Servicio de instalaci\u00f3n gratuito"},{"text":"Oferta especial para m\u00faltiples aplicaciones."}],"pricing_button_text":"A\u00f1adir al sitio web","pricing_button_url":"#demo"}],"related_apps_title":"","related_apps_hidden":"","author":"","image":[],"title":"","job":"","social_networks":[]},"_links":{"self":[{"href":"https:\/\/elfsight.com\/es\/wp-json\/wp\/v2\/pages\/15562","targetHints":{"allow":["GET"]}}],"collection":[{"href":"https:\/\/elfsight.com\/es\/wp-json\/wp\/v2\/pages"}],"about":[{"href":"https:\/\/elfsight.com\/es\/wp-json\/wp\/v2\/types\/page"}],"author":[{"embeddable":true,"href":"https:\/\/elfsight.com\/es\/wp-json\/wp\/v2\/users\/9"}],"replies":[{"embeddable":true,"href":"https:\/\/elfsight.com\/es\/wp-json\/wp\/v2\/comments?post=15562"}],"version-history":[{"count":3,"href":"https:\/\/elfsight.com\/es\/wp-json\/wp\/v2\/pages\/15562\/revisions"}],"predecessor-version":[{"id":17820,"href":"https:\/\/elfsight.com\/es\/wp-json\/wp\/v2\/pages\/15562\/revisions\/17820"}],"up":[{"embeddable":true,"href":"https:\/\/elfsight.com\/es\/wp-json\/wp\/v2\/pages\/608"}],"wp:attachment":[{"href":"https:\/\/elfsight.com\/es\/wp-json\/wp\/v2\/media?parent=15562"}],"curies":[{"name":"wp","href":"https:\/\/api.w.org\/{rel}","templated":true}]}}