{"id":15553,"date":"2024-05-03T06:30:23","date_gmt":"2024-05-03T06:30:23","guid":{"rendered":"https:\/\/elfsight.com\/es\/?page_id=15553"},"modified":"2025-02-06T15:02:50","modified_gmt":"2025-02-06T15:02:50","slug":"jquery","status":"publish","type":"page","link":"https:\/\/elfsight.com\/es\/before-and-after-slider-widget\/jquery\/","title":{"rendered":"Before and After Slider &#8211; jQuery"},"content":{"rendered":"<div class=\"application-platform-content-item-description application-platform-content-item\" id=\"description\" data-nav-section=\"description\"> <h2>Descripci\u00f3n<\/h2> <p> El deslizador \u00abAntes y Despu\u00e9s\u00bb de Elfsight te permitir\u00e1 crear im\u00e1genes de ventas incre\u00edbles para tu sitio web. Los clientes podr\u00e1n explorar todos los cambios que tus productos o servicios introducen. Simplemente sube fotos de \u00abantes\u00bb y \u00abdespu\u00e9s\u00bb al deslizador \u00abAntes y Despu\u00e9s\u00bb para jQuery y aparecer\u00e1n con un divisor que se puede mover para observar el cambio. Puedes crear diapositivas ilimitadas, cada una con su propio subt\u00edtulo. La orientaci\u00f3n del divisor ofrece dos opciones: horizontal o vertical, y puedes seleccionar la proporci\u00f3n de imagen m\u00e1s adecuada. \u00a1Tus visitantes definitivamente comprar\u00e1n, cuando vean la efectividad real de tus ofertas! <\/p> <p><b>\u00a1Inserta el deslizador \u00abAntes y Despu\u00e9s\u00bb para lograr tus desaf\u00edos comerciales m\u00e1s r\u00e1pido!<\/b><\/p> <\/div> <div class=\"application-platform-content-item-features application-platform-content-item\" id=\"features\" data-nav-section=\"features\"> <h2>Ve la lista de las caracter\u00edsticas m\u00e1s valiosas:<\/h2> <ul><li>Agrega cualquier n\u00famero de conjuntos de im\u00e1genes \u00abAntes y Despu\u00e9s\u00bb<\/li> <li>Agrega subt\u00edtulos con formato de texto a cada imagen<\/li><li>Dos dise\u00f1os: Lista y Carrusel<\/li><li>Orientaci\u00f3n horizontal o vertical del divisor<\/li><li>Haz clic y arrastra o simplemente pasa el rat\u00f3n para mover el divisor<\/li><li>Deslizar en pantallas t\u00e1ctiles<\/li><\/ul><p><a href=\"#demo\">Puedes explorar si el widget es para ti con la ayuda de la demo<\/a><\/p> <\/div> <div class=\"application-platform-content-item-installation application-platform-content-item\" id=\"installation\" data-nav-section=\"installation\"> <h2>\u00bfC\u00f3mo agregar el deslizador de comparaci\u00f3n en mi sitio jQuery?<\/h2> <p>Simplemente sigue los pasos descritos a continuaci\u00f3n para activar el widget.<\/p> <ol><li><b>Abre nuestro editor gratuito y empieza a crear tu plugin personalizado.<\/b><br> Especifica el dise\u00f1o y las caracter\u00edsticas funcionales del widget y aplica las modificaciones.<\/li>  <li><b>Obt\u00e9n el c\u00f3digo \u00fanico que aparece en la ventana de Elfsight Apps<\/b><br> Despu\u00e9s de completar la configuraci\u00f3n de tu plugin, copia el c\u00f3digo personal en la ventana emergente y gu\u00e1rdalo para usarlo m\u00e1s tarde.<\/li>  <li><b>Comienza a utilizar la herramienta en tu sitio jQuery<\/b><br> Integra el c\u00f3digo que guardaste previamente en tu sitio y aplica las correcciones.<\/li>  <li><b>\u00a1Listo! La integraci\u00f3n est\u00e1 completamente realizada<\/b><br> Visita tu p\u00e1gina web para examinar el funcionamiento del plugin.<\/li><\/ol> <p>Si tienes preguntas o encuentras dificultades, no dudes en ponerte en contacto con nuestro equipo de soporte. Nuestro personal estar\u00e1 encantado de resolver cualquier problema que puedas tener con el widget.<\/p> <\/div><div class=\"faq\" data-component=\"FAQ\"><div class=\"faq-item\">\r\n\t\t\t\t\t<div class=\"faq-item-question\">\r\n\t\t\t\t\t\t<h3 class=\"faq-item-question-text\"><\/h3>\r\n\r\n\t\t\t\t\t\t<div class=\"faq-item-question-icon\"><\/div>\r\n\t\t\t\t\t<\/div>\r\n\r\n\t\t\t\t\t<div class=\"faq-item-answer\">\r\n\t\t\t\t\t\t<div class=\"faq-item-answer-text\"><p>La base de la herramienta se realiza dentro del servicio de Elfsight y no necesitas aprender a programar. Usa la demo activa para crear tu herramienta, obtener el c\u00f3digo y agregarlo a tu sitio.<\/p><\/div>\r\n\t\t\t\t\t<\/div>\r\n\t\t\t\t<\/div><div class=\"faq-item\">\r\n\t\t\t\t\t<div class=\"faq-item-question\">\r\n\t\t\t\t\t\t<h3 class=\"faq-item-question-text\">Los mejores ejemplos de uso de la integraci\u00f3n de comparaci\u00f3n de im\u00e1genes<\/h3>\r\n\r\n\t\t\t\t\t\t<div class=\"faq-item-question-icon\"><\/div>\r\n\t\t\t\t\t<\/div>\r\n\r\n\t\t\t\t\t<div class=\"faq-item-answer\">\r\n\t\t\t\t\t\t<div class=\"faq-item-answer-text\"><p>Te proporcionaremos muchas oportunidades de ajuste: widgets a gran escala para insertar en la secci\u00f3n de contenido, plugins flotantes para caracter\u00edsticas de desplazamiento, dise\u00f1os para pie de p\u00e1gina, encabezado y todo tipo de posibilidades verticales para barras laterales y men\u00fas.<\/p><\/div>\r\n\t\t\t\t\t<\/div>\r\n\t\t\t\t<\/div><div class=\"faq-item\">\r\n\t\t\t\t\t<div class=\"faq-item-question\">\r\n\t\t\t\t\t\t<h3 class=\"faq-item-question-text\">\u00bfHay alguna opci\u00f3n para crear un deslizador de comparaci\u00f3n de productos o una lista de trabajos a trav\u00e9s de tu editor?<\/h3>\r\n\r\n\t\t\t\t\t\t<div class=\"faq-item-question-icon\"><\/div>\r\n\t\t\t\t\t<\/div>\r\n\r\n\t\t\t\t\t<div class=\"faq-item-answer\">\r\n\t\t\t\t\t\t<div class=\"faq-item-answer-text\"><p>Puedes crear todas las modificaciones del widget que necesites. Hay muchos dise\u00f1os disponibles en el editor, y todos ellos pueden personalizarse f\u00e1cilmente seg\u00fan lo que necesites.<\/p><\/div>\r\n\t\t\t\t\t<\/div>\r\n\t\t\t\t<\/div><\/div>","protected":false},"excerpt":{"rendered":"","protected":false},"author":9,"featured_media":0,"parent":608,"menu_order":0,"comment_status":"closed","ping_status":"closed","template":"templates\/template-application-platform.php","meta":{"publish_to_discourse":"","publish_post_category":"","wpdc_auto_publish_overridden":"","wpdc_topic_tags":"","wpdc_pin_topic":"","wpdc_pin_until":"","discourse_post_id":"","discourse_permalink":"","wpdc_publishing_response":"","wpdc_publishing_error":"","footnotes":""},"class_list":["post-15553","page","type-page","status-publish","hentry"],"yoast_head":"<!-- This site is optimized with the Yoast SEO plugin v25.3.1 - https:\/\/yoast.com\/wordpress\/plugins\/seo\/ -->\n<title>Control deslizante de im\u00e1genes de antes y despu\u00e9s para el sitio web jQuery<\/title>\n<meta name=\"description\" content=\"Configure el widget deslizante Antes y Despu\u00e9s en su sitio web jQuery. Consulte la demostraci\u00f3n de Elfsight completamente funcional y cree su complemento personalizado con solo 2 clics.\" \/>\n<meta name=\"robots\" content=\"index, follow, max-snippet:-1, max-image-preview:large, max-video-preview:-1\" \/>\n<link rel=\"canonical\" href=\"https:\/\/elfsight.com\/es\/before-and-after-slider-widget\/jquery\/\" \/>\n<meta property=\"og:locale\" content=\"es_ES\" \/>\n<meta property=\"og:type\" content=\"article\" \/>\n<meta property=\"og:title\" content=\"Control deslizante de im\u00e1genes de antes y despu\u00e9s para el sitio web jQuery\" \/>\n<meta property=\"og:description\" content=\"Configure el widget deslizante Antes y Despu\u00e9s en su sitio web jQuery. Consulte la demostraci\u00f3n de Elfsight completamente funcional y cree su complemento personalizado con solo 2 clics.\" \/>\n<meta property=\"og:url\" content=\"https:\/\/elfsight.com\/es\/before-and-after-slider-widget\/jquery\/\" \/>\n<meta property=\"og:site_name\" content=\"Elfsight ES\" \/>\n<meta property=\"article:modified_time\" content=\"2025-02-06T15:02:50+00:00\" \/>\n<meta name=\"twitter:card\" content=\"summary_large_image\" \/>\n<meta name=\"twitter:label1\" content=\"Tiempo de lectura\" \/>\n\t<meta name=\"twitter:data1\" content=\"3 minutos\" \/>\n<!-- \/ Yoast SEO plugin. -->","yoast_head_json":{"title":"Control deslizante de im\u00e1genes de antes y despu\u00e9s para el sitio web jQuery","description":"Configure el widget deslizante Antes y Despu\u00e9s en su sitio web jQuery. Consulte la demostraci\u00f3n de Elfsight completamente funcional y cree su complemento personalizado con solo 2 clics.","robots":{"index":"index","follow":"follow","max-snippet":"max-snippet:-1","max-image-preview":"max-image-preview:large","max-video-preview":"max-video-preview:-1"},"canonical":"https:\/\/elfsight.com\/es\/before-and-after-slider-widget\/jquery\/","og_locale":"es_ES","og_type":"article","og_title":"Control deslizante de im\u00e1genes de antes y despu\u00e9s para el sitio web jQuery","og_description":"Configure el widget deslizante Antes y Despu\u00e9s en su sitio web jQuery. Consulte la demostraci\u00f3n de Elfsight completamente funcional y cree su complemento personalizado con solo 2 clics.","og_url":"https:\/\/elfsight.com\/es\/before-and-after-slider-widget\/jquery\/","og_site_name":"Elfsight ES","article_modified_time":"2025-02-06T15:02:50+00:00","twitter_card":"summary_large_image","twitter_misc":{"Tiempo de lectura":"3 minutos"},"schema":{"@context":"https:\/\/schema.org","@graph":[{"@type":"WebPage","@id":"https:\/\/elfsight.com\/es\/before-and-after-slider-widget\/jquery\/","url":"https:\/\/elfsight.com\/es\/before-and-after-slider-widget\/jquery\/","name":"Control deslizante de im\u00e1genes de antes y despu\u00e9s para el sitio web jQuery","isPartOf":{"@id":"https:\/\/elfsight.com\/es\/#website"},"datePublished":"2024-05-03T06:30:23+00:00","dateModified":"2025-02-06T15:02:50+00:00","description":"Configure el widget deslizante Antes y Despu\u00e9s en su sitio web jQuery. Consulte la demostraci\u00f3n de Elfsight completamente funcional y cree su complemento personalizado con solo 2 clics.","breadcrumb":{"@id":"https:\/\/elfsight.com\/es\/before-and-after-slider-widget\/jquery\/#breadcrumb"},"inLanguage":"es","potentialAction":[{"@type":"ReadAction","target":["https:\/\/elfsight.com\/es\/before-and-after-slider-widget\/jquery\/"]}]},{"@type":"BreadcrumbList","@id":"https:\/\/elfsight.com\/es\/before-and-after-slider-widget\/jquery\/#breadcrumb","itemListElement":[{"@type":"ListItem","position":1,"name":"Home","item":"https:\/\/elfsight.com\/es\/"},{"@type":"ListItem","position":2,"name":"Before and After Slider","item":"https:\/\/elfsight.com\/es\/before-and-after-slider-widget\/"},{"@type":"ListItem","position":3,"name":"Before and After Slider &#8211; jQuery"}]},{"@type":"WebSite","@id":"https:\/\/elfsight.com\/es\/#website","url":"https:\/\/elfsight.com\/es\/","name":"Elfsight ES","description":"Just another Elfsight Sites site","potentialAction":[{"@type":"SearchAction","target":{"@type":"EntryPoint","urlTemplate":"https:\/\/elfsight.com\/es\/?s={search_term_string}"},"query-input":{"@type":"PropertyValueSpecification","valueRequired":true,"valueName":"search_term_string"}}],"inLanguage":"es"}]}},"meta_box":{"industry":"","seo_heading":"","heading":"","description":"","cta_heading":"","cta_description":"","application":"607","h1":"Control deslizante antes y despu\u00e9s para jQuery","h1_caption":"Presente comparaciones entre dos im\u00e1genes, ideales para resaltar transformaciones o mostrar los beneficios del producto en su sitio web jQuery sin esfuerzo.","application_category":[],"applications_title":"","applications_request_title":"","applications_request_button_text":"","hero_text":"","hero_video":"","hero_video_schema_markup":"","selling_points_title":"","selling_points_caption":"","selling_points":[],"selling_points_cta_text":"","features_title":"","features":"","ed_cta_examples_text":"","ed_cta_examples_hidden":"","ed_cta_demo_text":"","ed_cta_demo_hidden":"","why_caption":"","why_editor_title":"","why_editor_text":"","why_team_title":"","why_team_text":"","why_service_title":"","why_service_text":"","template_catalog_visible":"","template_catalog_title":"","template_catalog_text":"","template_catalog_categories_visible":"","demo_title":"Crea tu complemento deslizante Antes y Despu\u00e9s","demo_caption":"Configure su control deslizante Antes y Despu\u00e9s y agr\u00e9guelo a su sitio web jQuery de forma gratuita.","default_faq_hidden":"","app_template_category":[],"platform":"76","template_public_id":"","codecanyon_url":"","codecanyon_item_id":"","codecanyon_price":"","pricing_caption":"","pricing_elfsight_apps_hide_column":"","pricing_elfsight_apps_url":"","pricing_codecanyon_price_caption":"","integration_category":[],"integration_request_title":"","integration_request_cta":"","integration_platform":"","integrations":[],"platform_category":[],"video_schema_markup":"","price":"desde $0 \/ mes","trial":"","benefits":[{"text":"Asistencia de instalaci\u00f3n gratuita"},{"text":"Servicio al cliente profesional"},{"text":"Garant\u00eda de reembolso de 14 d\u00edas"},{"text":"Actualizaciones gratuitas de por vida"}],"button_url":"#demo","button_target_blank":"","button_nofollow":"","attributes":[{"name":"Instalaciones","content":"10,000 - 100,000"},{"name":"Sensible","content":"S\u00ed"},{"name":"Navegadores compatibles","content":"Firefox, Safari, Opera, Chrome, Edge"}],"tags":[],"tags_disable_links":"","hide_more_platforms":"","video_object":"","demo_hide_cta":"","demo_hide_cloud_options":"","pricing_title":"","pricing":[{"pricing_icon":"platform","pricing_title":"Elfsight Apps","pricing_title_caption":"Software multiplataforma que se adapta a cualquier sitio web","pricing_price":"desde $0 \/ mes","pricing_price_caption":"comienza con un plan gratuito","pricing_benefits":[{"text":"Dominios ilimitados"},{"text":"Soporte 24 horas al d\u00eda, 7 d\u00edas a la semana"},{"text":"Asistencia de instalaci\u00f3n gratuita"},{"text":"Totalmente personalizable"}],"pricing_button_text":"A\u00f1adir al sitio web","pricing_button_url":"#demo"}],"related_apps_title":"","related_apps_hidden":"","author":"","image":[],"title":"","job":"","social_networks":[]},"_links":{"self":[{"href":"https:\/\/elfsight.com\/es\/wp-json\/wp\/v2\/pages\/15553","targetHints":{"allow":["GET"]}}],"collection":[{"href":"https:\/\/elfsight.com\/es\/wp-json\/wp\/v2\/pages"}],"about":[{"href":"https:\/\/elfsight.com\/es\/wp-json\/wp\/v2\/types\/page"}],"author":[{"embeddable":true,"href":"https:\/\/elfsight.com\/es\/wp-json\/wp\/v2\/users\/9"}],"replies":[{"embeddable":true,"href":"https:\/\/elfsight.com\/es\/wp-json\/wp\/v2\/comments?post=15553"}],"version-history":[{"count":3,"href":"https:\/\/elfsight.com\/es\/wp-json\/wp\/v2\/pages\/15553\/revisions"}],"predecessor-version":[{"id":17814,"href":"https:\/\/elfsight.com\/es\/wp-json\/wp\/v2\/pages\/15553\/revisions\/17814"}],"up":[{"embeddable":true,"href":"https:\/\/elfsight.com\/es\/wp-json\/wp\/v2\/pages\/608"}],"wp:attachment":[{"href":"https:\/\/elfsight.com\/es\/wp-json\/wp\/v2\/media?parent=15553"}],"curies":[{"name":"wp","href":"https:\/\/api.w.org\/{rel}","templated":true}]}}