{"id":15552,"date":"2024-05-03T06:30:24","date_gmt":"2024-05-03T06:30:24","guid":{"rendered":"https:\/\/elfsight.com\/es\/?page_id=15552"},"modified":"2025-02-06T15:02:50","modified_gmt":"2025-02-06T15:02:50","slug":"joomla","status":"publish","type":"page","link":"https:\/\/elfsight.com\/es\/before-and-after-slider-widget\/joomla\/","title":{"rendered":"Before and After Slider &#8211; Joomla"},"content":{"rendered":"<div class=\"application-platform-content-item-description application-platform-content-item\" id=\"description\" data-nav-section=\"description\"> <h2>Descripci\u00f3n<\/h2> <p> El deslizador \u00abAntes y Despu\u00e9s\u00bb de Elfsight te permite mostrar im\u00e1genes promocionales atractivas para tu sitio web. Los visitantes podr\u00e1n explorar todos los resultados que tus productos o servicios generan. Simplemente sube fotos de antes y despu\u00e9s al deslizador \u00abAntes y Despu\u00e9s\u00bb para Joomla y aparecer\u00e1n con un divisor que se puede mover para ver la diferencia. Puedes crear un n\u00famero ilimitado de conjuntos de fotos, cada uno con su propio subt\u00edtulo. La orientaci\u00f3n del deslizador ofrece dos opciones: horizontal o vertical, y puedes elegir la proporci\u00f3n de imagen m\u00e1s adecuada. \u00a1Tus clientes no tendr\u00e1n m\u00e1s opci\u00f3n que realizar una compra, cuando vean el resultado real de tus ofertas! <\/p> <p><b>Con el deslizador \u00abAntes y Despu\u00e9s\u00bb, comienza un desarrollo empresarial m\u00e1s r\u00e1pido y aumenta las ventas.<\/b><\/p> <\/div> <div class=\"application-platform-content-item-features application-platform-content-item\" id=\"features\" data-nav-section=\"features\"> <h2>Estas son solo algunas de las muchas caracter\u00edsticas del widget:<\/h2> <ul><li>Muestra cualquier n\u00famero de parejas de fotos \u00abAntes y Despu\u00e9s\u00bb<\/li> <li>Crea subt\u00edtulos con formato de texto para cada imagen<\/li><li>Dos dise\u00f1os incorporados: Lista y Carrusel<\/li><li>Direcci\u00f3n horizontal o vertical del divisor<\/li><li>Haz clic y arrastra o simplemente pasa el rat\u00f3n para mover el divisor<\/li><li>Deslizar en dispositivos t\u00e1ctiles<\/li><\/ul><p><a href=\"#demo\">Puedes probar si el widget es para ti utilizando la demo<\/a><\/p> <\/div> <div class=\"application-platform-content-item-installation application-platform-content-item\" id=\"installation\" data-nav-section=\"installation\"> <h2>\u00bfC\u00f3mo agregar el deslizador \u00abAntes y Despu\u00e9s\u00bb a mi sitio Joomla?<\/h2><div class=\"video-container\"><iframe width=\"720\" height=\"405\" src=\"https:\/\/www.youtube.com\/embed\/_NgU1VbVP2U\" frameborder=\"0\" allowfullscreen=\"\"><\/iframe><\/div> <p>Simplemente sigue los pasos descritos a continuaci\u00f3n para integrar el widget.<\/p> <ol><li><b>Abre nuestro configurador gratuito y comienza a crear tu extensi\u00f3n personalizada.<\/b><br> Elige el dise\u00f1o y las funcionalidades preferidas de la extensi\u00f3n y guarda todas las modificaciones.<\/li>  <li><b>Copiar tu c\u00f3digo personal que aparece en la ventana de Elfsight Apps.<\/b><br> Despu\u00e9s de completar la personalizaci\u00f3n de tu extensi\u00f3n \u00abDeslizador de Comparaci\u00f3n\u00bb, copia el c\u00f3digo que aparece en la ventana emergente y gu\u00e1rdalo para su uso futuro.<\/li>  <li><b>Inicia el uso de la extensi\u00f3n en tu sitio Joomla.<\/b><br> Inserta el c\u00f3digo que guardaste previamente en tu sitio y aplica las modificaciones.<\/li>  <li><b>\u00a1Listo! La configuraci\u00f3n se ha realizado correctamente.<\/b><br> Abre tu sitio para ver c\u00f3mo est\u00e1 funcionando la extensi\u00f3n.<\/li><\/ol><p>En caso de que tengas preguntas o enfrentes dificultades, no dudes en ponerte en contacto con nuestro personal de servicio al cliente. Nuestro equipo estar\u00e1 encantado de ayudarte con cualquier duda que puedas tener sobre el plugin.<\/p> <div class=\"faq\" data-component=\"FAQ\"><div class=\"faq-item\">\r\n\t\t\t\t\t<div class=\"faq-item-question\">\r\n\t\t\t\t\t\t<h3 class=\"faq-item-question-text\"><\/h3>\r\n\r\n\t\t\t\t\t\t<div class=\"faq-item-question-icon\"><\/div>\r\n\t\t\t\t\t<\/div>\r\n\r\n\t\t\t\t\t<div class=\"faq-item-answer\">\r\n\t\t\t\t\t\t<div class=\"faq-item-answer-text\"> <p>Elfsight ofrece una soluci\u00f3n SaaS que te permite crear un widget de deslizador \u00abAntes y Despu\u00e9s\u00bb por ti mismo, ve lo f\u00e1cil que es el proceso: Trabaja directamente en el Editor en l\u00ednea para crear el widget \u00abAntes y Despu\u00e9s\u00bb que deseas ver en tu sitio Joomla. Elige una de las plantillas predefinidas y ajusta la configuraci\u00f3n del deslizador \u00abAntes y Despu\u00e9s\u00bb, agrega tu contenido, cambia el dise\u00f1o y los colores sin habilidades de programaci\u00f3n. Guarda el deslizador \u00abAntes y Despu\u00e9s\u00bb y copia su c\u00f3digo de instalaci\u00f3n, que podr\u00e1s agregar f\u00e1cilmente a tu sitio Joomla sin necesidad de comprar un plan de pago. Con nuestro intuitivo Editor, cualquier usuario de Internet puede crear un widget de deslizador \u00abAntes y Despu\u00e9s\u00bb en l\u00ednea e integrarlo f\u00e1cilmente en su sitio Joomla. No es necesario pagar ni ingresar los datos de tu tarjeta para acceder al servicio. Si encuentras alg\u00fan problema en alg\u00fan paso, no dudes en ponerte en contacto con nuestro equipo de soporte t\u00e9cnico.<\/p> <\/div>\r\n\t\t\t\t\t<\/div>\r\n\t\t\t\t<\/div> <\/div><\/div>","protected":false},"excerpt":{"rendered":"","protected":false},"author":9,"featured_media":0,"parent":608,"menu_order":0,"comment_status":"closed","ping_status":"closed","template":"templates\/template-application-platform.php","meta":{"publish_to_discourse":"","publish_post_category":"","wpdc_auto_publish_overridden":"","wpdc_topic_tags":"","wpdc_pin_topic":"","wpdc_pin_until":"","discourse_post_id":"","discourse_permalink":"","wpdc_publishing_response":"","wpdc_publishing_error":"","footnotes":""},"class_list":["post-15552","page","type-page","status-publish","hentry"],"yoast_head":"<!-- This site is optimized with the Yoast SEO plugin v25.3.1 - https:\/\/yoast.com\/wordpress\/plugins\/seo\/ -->\n<title>Control deslizante de im\u00e1genes de antes y despu\u00e9s para el sitio web Joomla (gratis y r\u00e1pido)<\/title>\n<meta name=\"description\" content=\"Muestre el widget deslizante Antes y Despu\u00e9s en su sitio web Joomla. Pruebe la demostraci\u00f3n de Elfsight completamente funcional y d\u00e9 forma a su widget personalizado en solo un par de segundos.\" \/>\n<meta name=\"robots\" content=\"index, follow, max-snippet:-1, max-image-preview:large, max-video-preview:-1\" \/>\n<link rel=\"canonical\" href=\"https:\/\/elfsight.com\/es\/before-and-after-slider-widget\/joomla\/\" \/>\n<meta property=\"og:locale\" content=\"es_ES\" \/>\n<meta property=\"og:type\" content=\"article\" \/>\n<meta property=\"og:title\" content=\"Control deslizante de im\u00e1genes de antes y despu\u00e9s para el sitio web Joomla (gratis y r\u00e1pido)\" \/>\n<meta property=\"og:description\" content=\"Muestre el widget deslizante Antes y Despu\u00e9s en su sitio web Joomla. Pruebe la demostraci\u00f3n de Elfsight completamente funcional y d\u00e9 forma a su widget personalizado en solo un par de segundos.\" \/>\n<meta property=\"og:url\" content=\"https:\/\/elfsight.com\/es\/before-and-after-slider-widget\/joomla\/\" \/>\n<meta property=\"og:site_name\" content=\"Elfsight ES\" \/>\n<meta property=\"article:modified_time\" content=\"2025-02-06T15:02:50+00:00\" \/>\n<meta name=\"twitter:card\" content=\"summary_large_image\" \/>\n<meta name=\"twitter:label1\" content=\"Tiempo de lectura\" \/>\n\t<meta name=\"twitter:data1\" content=\"3 minutos\" \/>\n<!-- \/ Yoast SEO plugin. -->","yoast_head_json":{"title":"Control deslizante de im\u00e1genes de antes y despu\u00e9s para el sitio web Joomla (gratis y r\u00e1pido)","description":"Muestre el widget deslizante Antes y Despu\u00e9s en su sitio web Joomla. Pruebe la demostraci\u00f3n de Elfsight completamente funcional y d\u00e9 forma a su widget personalizado en solo un par de segundos.","robots":{"index":"index","follow":"follow","max-snippet":"max-snippet:-1","max-image-preview":"max-image-preview:large","max-video-preview":"max-video-preview:-1"},"canonical":"https:\/\/elfsight.com\/es\/before-and-after-slider-widget\/joomla\/","og_locale":"es_ES","og_type":"article","og_title":"Control deslizante de im\u00e1genes de antes y despu\u00e9s para el sitio web Joomla (gratis y r\u00e1pido)","og_description":"Muestre el widget deslizante Antes y Despu\u00e9s en su sitio web Joomla. Pruebe la demostraci\u00f3n de Elfsight completamente funcional y d\u00e9 forma a su widget personalizado en solo un par de segundos.","og_url":"https:\/\/elfsight.com\/es\/before-and-after-slider-widget\/joomla\/","og_site_name":"Elfsight ES","article_modified_time":"2025-02-06T15:02:50+00:00","twitter_card":"summary_large_image","twitter_misc":{"Tiempo de lectura":"3 minutos"},"schema":{"@context":"https:\/\/schema.org","@graph":[{"@type":"WebPage","@id":"https:\/\/elfsight.com\/es\/before-and-after-slider-widget\/joomla\/","url":"https:\/\/elfsight.com\/es\/before-and-after-slider-widget\/joomla\/","name":"Control deslizante de im\u00e1genes de antes y despu\u00e9s para el sitio web Joomla (gratis y r\u00e1pido)","isPartOf":{"@id":"https:\/\/elfsight.com\/es\/#website"},"datePublished":"2024-05-03T06:30:24+00:00","dateModified":"2025-02-06T15:02:50+00:00","description":"Muestre el widget deslizante Antes y Despu\u00e9s en su sitio web Joomla. Pruebe la demostraci\u00f3n de Elfsight completamente funcional y d\u00e9 forma a su widget personalizado en solo un par de segundos.","breadcrumb":{"@id":"https:\/\/elfsight.com\/es\/before-and-after-slider-widget\/joomla\/#breadcrumb"},"inLanguage":"es","potentialAction":[{"@type":"ReadAction","target":["https:\/\/elfsight.com\/es\/before-and-after-slider-widget\/joomla\/"]}]},{"@type":"BreadcrumbList","@id":"https:\/\/elfsight.com\/es\/before-and-after-slider-widget\/joomla\/#breadcrumb","itemListElement":[{"@type":"ListItem","position":1,"name":"Home","item":"https:\/\/elfsight.com\/es\/"},{"@type":"ListItem","position":2,"name":"Before and After Slider","item":"https:\/\/elfsight.com\/es\/before-and-after-slider-widget\/"},{"@type":"ListItem","position":3,"name":"Before and After Slider &#8211; Joomla"}]},{"@type":"WebSite","@id":"https:\/\/elfsight.com\/es\/#website","url":"https:\/\/elfsight.com\/es\/","name":"Elfsight ES","description":"Just another Elfsight Sites site","potentialAction":[{"@type":"SearchAction","target":{"@type":"EntryPoint","urlTemplate":"https:\/\/elfsight.com\/es\/?s={search_term_string}"},"query-input":{"@type":"PropertyValueSpecification","valueRequired":true,"valueName":"search_term_string"}}],"inLanguage":"es"}]}},"meta_box":{"industry":"","seo_heading":"","heading":"","description":"","cta_heading":"","cta_description":"","application":"607","h1":"Control deslizante antes y despu\u00e9s para Joomla","h1_caption":"Presente comparaciones entre dos im\u00e1genes, ideales para resaltar transformaciones o mostrar los beneficios del producto en su sitio web Joomla sin esfuerzo.","application_category":[],"applications_title":"","applications_request_title":"","applications_request_button_text":"","hero_text":"","hero_video":"","hero_video_schema_markup":"","selling_points_title":"","selling_points_caption":"","selling_points":[],"selling_points_cta_text":"","features_title":"","features":"","ed_cta_examples_text":"","ed_cta_examples_hidden":"","ed_cta_demo_text":"","ed_cta_demo_hidden":"","why_caption":"","why_editor_title":"","why_editor_text":"","why_team_title":"","why_team_text":"","why_service_title":"","why_service_text":"","template_catalog_visible":"","template_catalog_title":"","template_catalog_text":"","template_catalog_categories_visible":"","demo_title":"Crea tu complemento deslizante Antes y Despu\u00e9s","demo_caption":"Configure su control deslizante Antes y Despu\u00e9s y agr\u00e9guelo a su sitio web Joomla de forma gratuita.","default_faq_hidden":"","app_template_category":[],"platform":"73","template_public_id":"","codecanyon_url":"","codecanyon_item_id":"","codecanyon_price":"","pricing_caption":"","pricing_elfsight_apps_hide_column":"","pricing_elfsight_apps_url":"","pricing_codecanyon_price_caption":"","integration_category":[],"integration_request_title":"","integration_request_cta":"","integration_platform":"","integrations":[],"platform_category":[],"video_schema_markup":"","price":"desde $0 \/ mes","trial":"","benefits":[{"text":"Servicio al cliente eficaz"},{"text":"Soporte premium"},{"text":"Garant\u00eda de reembolso de 14 d\u00edas"},{"text":"Desarrollo continuo"}],"button_url":"#demo","button_target_blank":"","button_nofollow":"","attributes":[{"name":"Instalaciones","content":"10,000 - 100,000"},{"name":"Sensible","content":"S\u00ed"},{"name":"Navegadores compatibles","content":"Firefox, Safari, Opera, Chrome, Edge"}],"tags":[],"tags_disable_links":"","hide_more_platforms":"","video_object":"","demo_hide_cta":"","demo_hide_cloud_options":"","pricing_title":"","pricing":[{"pricing_icon":"platform","pricing_title":"Elfsight Apps","pricing_title_caption":"Soluci\u00f3n digital multiplataforma","pricing_price":"desde $0 \/ mes","pricing_price_caption":"comienza con el plan gratuito","pricing_benefits":[{"text":"Sitios web ilimitados"},{"text":"Soporte 24 horas al d\u00eda, 7 d\u00edas a la semana"},{"text":"Asistencia de instalaci\u00f3n gratuita"},{"text":"Oferta especial para m\u00faltiples aplicaciones."}],"pricing_button_text":"A\u00f1adir al sitio web","pricing_button_url":"#demo"}],"related_apps_title":"","related_apps_hidden":"","author":"","image":[],"title":"","job":"","social_networks":[]},"_links":{"self":[{"href":"https:\/\/elfsight.com\/es\/wp-json\/wp\/v2\/pages\/15552","targetHints":{"allow":["GET"]}}],"collection":[{"href":"https:\/\/elfsight.com\/es\/wp-json\/wp\/v2\/pages"}],"about":[{"href":"https:\/\/elfsight.com\/es\/wp-json\/wp\/v2\/types\/page"}],"author":[{"embeddable":true,"href":"https:\/\/elfsight.com\/es\/wp-json\/wp\/v2\/users\/9"}],"replies":[{"embeddable":true,"href":"https:\/\/elfsight.com\/es\/wp-json\/wp\/v2\/comments?post=15552"}],"version-history":[{"count":3,"href":"https:\/\/elfsight.com\/es\/wp-json\/wp\/v2\/pages\/15552\/revisions"}],"predecessor-version":[{"id":17813,"href":"https:\/\/elfsight.com\/es\/wp-json\/wp\/v2\/pages\/15552\/revisions\/17813"}],"up":[{"embeddable":true,"href":"https:\/\/elfsight.com\/es\/wp-json\/wp\/v2\/pages\/608"}],"wp:attachment":[{"href":"https:\/\/elfsight.com\/es\/wp-json\/wp\/v2\/media?parent=15552"}],"curies":[{"name":"wp","href":"https:\/\/api.w.org\/{rel}","templated":true}]}}