{"id":15546,"date":"2024-05-03T06:39:08","date_gmt":"2024-05-03T06:39:08","guid":{"rendered":"https:\/\/elfsight.com\/es\/?page_id=15546"},"modified":"2025-02-06T14:59:27","modified_gmt":"2025-02-06T14:59:27","slug":"webnode","status":"publish","type":"page","link":"https:\/\/elfsight.com\/es\/google-reviews-widget\/webnode\/","title":{"rendered":"Google Reviews &#8211; Webnode"},"content":{"rendered":"<div class=\"application-platform-content-item-description application-platform-content-item\" id=\"description\" data-nav-section=\"description\"> <h2>Descripci\u00f3n<\/h2> <p>Si necesitas una manera de probar la alta valoraci\u00f3n de tus clientes y convencer a los visitantes de tu p\u00e1gina web de que tus ofertas merecen ser compradas, Elfsight Google Reviews ser\u00e1 la opci\u00f3n correcta. Con esta herramienta, podr\u00e1s integrar r\u00e1pidamente las rese\u00f1as de los usuarios de Google en tu sitio con informaci\u00f3n sobre sus autores, filtrarlas para mostrar solo las positivas, mostrar las valoraciones y un bot\u00f3n activo, que llevar\u00e1 a los usuarios a tu cuenta de Google, donde podr\u00e1n dejar una nueva rese\u00f1a.<\/p><div class=\"faq\" data-component=\"FAQ\"> <div class=\"faq-item\">\r\n\t\t\t\t\t<div class=\"faq-item-question\">\r\n\t\t\t\t\t\t<h3 class=\"faq-item-question-text\">\u00bfD\u00f3nde puedo instalarlo en mi sitio web?<\/h3>\r\n\r\n\t\t\t\t\t\t<div class=\"faq-item-question-icon\"><\/div>\r\n\t\t\t\t\t<\/div>\r\n\r\n\t\t\t\t\t<div class=\"faq-item-answer\">\r\n\t\t\t\t\t\t<div class=\"faq-item-answer-text\"> <p>Puedes insertar el widget de rese\u00f1as en cualquier p\u00e1gina de tu sitio, o agregarlo en la plantilla, en este caso se publicar\u00e1 en todas las p\u00e1ginas. Las rese\u00f1as funcionan muy bien en las p\u00e1ginas de productos o en la p\u00e1gina \u00abAcerca de nosotros\u00bb, donde te gustar\u00eda mostrar tu alta calificaci\u00f3n.<\/p><\/div>\r\n\t\t\t\t\t<\/div>\r\n\t\t\t\t<\/div> <div class=\"faq-item\">\r\n\t\t\t\t\t<div class=\"faq-item-question\">\r\n\t\t\t\t\t\t<h3 class=\"faq-item-question-text\">\u00bfC\u00f3mo me beneficiar\u00e9 de esto? <\/h3>\r\n\r\n\t\t\t\t\t\t<div class=\"faq-item-question-icon\"><\/div>\r\n\t\t\t\t\t<\/div>\r\n\r\n\t\t\t\t\t<div class=\"faq-item-answer\">\r\n\t\t\t\t\t\t<div class=\"faq-item-answer-text\"> <p>Las rese\u00f1as escritas por personas reales son muy confiables para los clientes de tu sitio web y les demuestran que tu empresa es confiable. Una alta calificaci\u00f3n y excelentes impresiones pueden ayudar a aumentar las ventas de tu sitio. Adem\u00e1s, el bot\u00f3n activo puede contribuir a aumentar la cantidad de rese\u00f1as de usuarios sobre tus ofertas o servicios en Google.<\/p> <\/div>\r\n\t\t\t\t\t<\/div>\r\n\t\t\t\t<\/div> <div class=\"faq-item\">\r\n\t\t\t\t\t<div class=\"faq-item-question\">\r\n\t\t\t\t\t\t<h3 class=\"faq-item-question-text\">\u00bfC\u00f3mo a\u00f1ado el widget de rese\u00f1as de Google a mi sitio Webnode? <\/h3>\r\n\r\n\t\t\t\t\t\t<div class=\"faq-item-question-icon\"><\/div>\r\n\t\t\t\t\t<\/div>\r\n\r\n\t\t\t\t\t<div class=\"faq-item-answer\">\r\n\t\t\t\t\t\t<div class=\"faq-item-answer-text\"> <p>Solo toma dos minutos. La instalaci\u00f3n es extremadamente r\u00e1pida, gratuita y sin necesidad de codificaci\u00f3n.<\/p> <p>Puedes integrar el widget en tu sitio directamente a trav\u00e9s de nuestro servicio. Para hacerlo, consulta una breve gu\u00eda de instalaci\u00f3n m\u00e1s adelante en esta p\u00e1gina.<\/p> <\/div>\r\n\t\t\t\t\t<\/div>\r\n\t\t\t\t<\/div> <\/div> <\/div> <div class=\"application-platform-content-item-features application-platform-content-item\" id=\"features\" data-nav-section=\"features\"> <h2>Caracter\u00edsticas<\/h2> <p>Para obtener una comprensi\u00f3n clara del widget de Google Customer Reviews, puedes revisar la lista de las caracter\u00edsticas principales. Estas hacen que este plugin sea incre\u00edblemente eficiente para tu sitio web:<\/p> <ul> <li>Tres filtros disponibles: por tipo, excluir por y cantidad de rese\u00f1as para mostrar;<\/li> <li>Cuatro dise\u00f1os disponibles: Lista, Cuadr\u00edcula, Masonry y Slider;<\/li> <li>Encabezado completamente flexible del widget;<\/li> <li>El bot\u00f3n para solicitar una rese\u00f1a lleva a los visitantes a la p\u00e1gina de Google;<\/li> <li>6 elementos flexibles de las rese\u00f1as: nombre y foto del autor, recomendaci\u00f3n, fecha de publicaci\u00f3n, \u00edcono de Google y calificaci\u00f3n por estrellas;<\/li> <li>Dos variantes de escenarios tras el rechazo de la solicitud de rese\u00f1a: mostrar tu mensaje o esconder el bot\u00f3n.<\/li> <\/ul><p><a href=\"#demo\">Para explorar m\u00e1s caracter\u00edsticas, ver la demo<\/a><\/p> <\/div><div class=\"application-platform-content-item-installation application-platform-content-item\" id=\"installation\" data-nav-section=\"installation\"> <h2>C\u00f3mo a\u00f1adir las rese\u00f1as de Google a tu sitio Webnode<\/h2> <p>Las siguientes acciones son todo lo que necesitas hacer para configurar el widget en tu sitio. Te llevar\u00e1 solo un par de minutos y no requiere codificaci\u00f3n.<\/p> <ol><li><b>Crea tu plugin personalizado de Rese\u00f1as<\/b><br> A trav\u00e9s de nuestra demo gratuita, configura un widget con el dise\u00f1o y las funciones seleccionadas.<\/li><li><b>Recibe el c\u00f3digo individual para insertar el plugin<\/b><br> Despu\u00e9s de configurar tu widget, recibir\u00e1s el c\u00f3digo de instalaci\u00f3n desde la notificaci\u00f3n emergente en Elfsight Apps. Copia este c\u00f3digo.<\/li><li><b>Inserta el plugin en tu sitio Webnode<\/b><br> Elige el \u00e1rea de la p\u00e1gina donde deseas integrar el widget y pega el c\u00f3digo copiado all\u00ed. Guarda los cambios.<\/li><li><b>\u00a1Listo!<\/b><br> Visita la p\u00e1gina para revisar tu trabajo.<\/li><\/ol><p>\u00bfTodav\u00eda tienes dudas? \u00bfO tienes alg\u00fan problema? Simplemente env\u00eda tu solicitud a nuestro servicio de atenci\u00f3n al cliente y te ayudar\u00e1n con cualquier pregunta.<\/p> <\/div>","protected":false},"excerpt":{"rendered":"","protected":false},"author":9,"featured_media":0,"parent":1422,"menu_order":0,"comment_status":"closed","ping_status":"closed","template":"templates\/template-application-platform.php","meta":{"publish_to_discourse":"","publish_post_category":"","wpdc_auto_publish_overridden":"","wpdc_topic_tags":"","wpdc_pin_topic":"","wpdc_pin_until":"","discourse_post_id":"","discourse_permalink":"","wpdc_publishing_response":"","wpdc_publishing_error":"","footnotes":""},"class_list":["post-15546","page","type-page","status-publish","hentry"],"yoast_head":"<!-- This site is optimized with the Yoast SEO plugin v25.3.1 - https:\/\/yoast.com\/wordpress\/plugins\/seo\/ -->\n<title>Inserta Google Reviews en tu sitio web Webnode (en 2 minutos)<\/title>\n<meta name=\"description\" content=\"Es absolutamente sencillo crear tu widget de Rese\u00f1as de Google y colocarlo en el sitio Webnode. El servicio al cliente de Elfsight es gratuito y r\u00e1pido.\" \/>\n<meta name=\"robots\" content=\"index, follow, max-snippet:-1, max-image-preview:large, max-video-preview:-1\" \/>\n<link rel=\"canonical\" href=\"https:\/\/elfsight.com\/es\/google-reviews-widget\/webnode\/\" \/>\n<meta property=\"og:locale\" content=\"es_ES\" \/>\n<meta property=\"og:type\" content=\"article\" \/>\n<meta property=\"og:title\" content=\"Inserta Google Reviews en tu sitio web Webnode (en 2 minutos)\" \/>\n<meta property=\"og:description\" content=\"Es absolutamente sencillo crear tu widget de Rese\u00f1as de Google y colocarlo en el sitio Webnode. El servicio al cliente de Elfsight es gratuito y r\u00e1pido.\" \/>\n<meta property=\"og:url\" content=\"https:\/\/elfsight.com\/es\/google-reviews-widget\/webnode\/\" \/>\n<meta property=\"og:site_name\" content=\"Elfsight ES\" \/>\n<meta property=\"article:modified_time\" content=\"2025-02-06T14:59:27+00:00\" \/>\n<meta name=\"twitter:card\" content=\"summary_large_image\" \/>\n<meta name=\"twitter:label1\" content=\"Tiempo de lectura\" \/>\n\t<meta name=\"twitter:data1\" content=\"3 minutos\" \/>\n<!-- \/ Yoast SEO plugin. -->","yoast_head_json":{"title":"Inserta Google Reviews en tu sitio web Webnode (en 2 minutos)","description":"Es absolutamente sencillo crear tu widget de Rese\u00f1as de Google y colocarlo en el sitio Webnode. El servicio al cliente de Elfsight es gratuito y r\u00e1pido.","robots":{"index":"index","follow":"follow","max-snippet":"max-snippet:-1","max-image-preview":"max-image-preview:large","max-video-preview":"max-video-preview:-1"},"canonical":"https:\/\/elfsight.com\/es\/google-reviews-widget\/webnode\/","og_locale":"es_ES","og_type":"article","og_title":"Inserta Google Reviews en tu sitio web Webnode (en 2 minutos)","og_description":"Es absolutamente sencillo crear tu widget de Rese\u00f1as de Google y colocarlo en el sitio Webnode. El servicio al cliente de Elfsight es gratuito y r\u00e1pido.","og_url":"https:\/\/elfsight.com\/es\/google-reviews-widget\/webnode\/","og_site_name":"Elfsight ES","article_modified_time":"2025-02-06T14:59:27+00:00","twitter_card":"summary_large_image","twitter_misc":{"Tiempo de lectura":"3 minutos"},"schema":{"@context":"https:\/\/schema.org","@graph":[{"@type":"WebPage","@id":"https:\/\/elfsight.com\/es\/google-reviews-widget\/webnode\/","url":"https:\/\/elfsight.com\/es\/google-reviews-widget\/webnode\/","name":"Inserta Google Reviews en tu sitio web Webnode (en 2 minutos)","isPartOf":{"@id":"https:\/\/elfsight.com\/es\/#website"},"datePublished":"2024-05-03T06:39:08+00:00","dateModified":"2025-02-06T14:59:27+00:00","description":"Es absolutamente sencillo crear tu widget de Rese\u00f1as de Google y colocarlo en el sitio Webnode. El servicio al cliente de Elfsight es gratuito y r\u00e1pido.","breadcrumb":{"@id":"https:\/\/elfsight.com\/es\/google-reviews-widget\/webnode\/#breadcrumb"},"inLanguage":"es","potentialAction":[{"@type":"ReadAction","target":["https:\/\/elfsight.com\/es\/google-reviews-widget\/webnode\/"]}]},{"@type":"BreadcrumbList","@id":"https:\/\/elfsight.com\/es\/google-reviews-widget\/webnode\/#breadcrumb","itemListElement":[{"@type":"ListItem","position":1,"name":"Home","item":"https:\/\/elfsight.com\/es\/"},{"@type":"ListItem","position":2,"name":"Google Reviews","item":"https:\/\/elfsight.com\/es\/google-reviews-widget\/"},{"@type":"ListItem","position":3,"name":"Google Reviews &#8211; Webnode"}]},{"@type":"WebSite","@id":"https:\/\/elfsight.com\/es\/#website","url":"https:\/\/elfsight.com\/es\/","name":"Elfsight ES","description":"Just another Elfsight Sites site","potentialAction":[{"@type":"SearchAction","target":{"@type":"EntryPoint","urlTemplate":"https:\/\/elfsight.com\/es\/?s={search_term_string}"},"query-input":{"@type":"PropertyValueSpecification","valueRequired":true,"valueName":"search_term_string"}}],"inLanguage":"es"}]}},"meta_box":{"industry":"","seo_heading":"","heading":"","description":"","cta_heading":"","cta_description":"","application":"1421","h1":"Webnode Rese\u00f1as de Google","h1_caption":"Inserte sin esfuerzo rese\u00f1as de su lugar desde Google para obtener las mejores impresiones de los clientes en la experiencia de su sitio web en su sitio web Webnode.","application_category":[],"applications_title":"","applications_request_title":"","applications_request_button_text":"","hero_text":"","hero_video":"","hero_video_schema_markup":"","selling_points_title":"","selling_points_caption":"","selling_points":[],"selling_points_cta_text":"","features_title":"","features":"","ed_cta_examples_text":"","ed_cta_examples_hidden":"","ed_cta_demo_text":"","ed_cta_demo_hidden":"","why_caption":"","why_editor_title":"","why_editor_text":"","why_team_title":"","why_team_text":"","why_service_title":"","why_service_text":"","template_catalog_visible":"","template_catalog_title":"","template_catalog_text":"","template_catalog_categories_visible":"","demo_title":"Crea tu widget de Rese\u00f1as de Google","demo_caption":"\u00a1Configura tus Rese\u00f1as de Google y a\u00f1\u00e1delas a tu sitio web Webnode gratis!","default_faq_hidden":"","app_template_category":[],"platform":"2302","template_public_id":"","codecanyon_url":"","codecanyon_item_id":"","codecanyon_price":"","pricing_caption":"","pricing_elfsight_apps_hide_column":"","pricing_elfsight_apps_url":"","pricing_codecanyon_price_caption":"","integration_category":[],"integration_request_title":"","integration_request_cta":"","integration_platform":"","integrations":[],"platform_category":[],"video_schema_markup":"","price":"desde $0 \/ mes","trial":"","benefits":[{"text":"Ayuda de instalaci\u00f3n gratuita"},{"text":"Soporte premium"},{"text":"Garant\u00eda de reembolso de 14 d\u00edas"},{"text":"Desarrollo continuo"}],"button_url":"#demo","button_target_blank":"","button_nofollow":"","attributes":[{"name":"Instalaciones","content":"100,000 - 500,000"},{"name":"Sensible","content":"S\u00ed"},{"name":"Navegadores compatibles","content":"Firefox, Safari, Opera, Chrome, Edge"}],"tags":[],"tags_disable_links":"","hide_more_platforms":"","video_object":"","demo_hide_cta":"","demo_hide_cloud_options":"","pricing_title":"","pricing":[{"pricing_icon":"platform","pricing_title":"Elfsight Apps","pricing_title_caption":"Versi\u00f3n independiente de la plataforma que funciona en cualquier sitio web","pricing_price":"desde $0 \/ mes","pricing_price_caption":"comienza con el plan gratuito","pricing_benefits":[{"text":"Sitios web ilimitados"},{"text":"Soporte empresarial dedicado"},{"text":"Asistencia de instalaci\u00f3n gratuita"},{"text":"Precio a alcanzar para m\u00faltiples aplicaciones"}],"pricing_button_text":"A\u00f1adir al sitio web","pricing_button_url":"#demo"}],"related_apps_title":"","related_apps_hidden":"","author":"","image":[],"title":"","job":"","social_networks":[]},"_links":{"self":[{"href":"https:\/\/elfsight.com\/es\/wp-json\/wp\/v2\/pages\/15546","targetHints":{"allow":["GET"]}}],"collection":[{"href":"https:\/\/elfsight.com\/es\/wp-json\/wp\/v2\/pages"}],"about":[{"href":"https:\/\/elfsight.com\/es\/wp-json\/wp\/v2\/types\/page"}],"author":[{"embeddable":true,"href":"https:\/\/elfsight.com\/es\/wp-json\/wp\/v2\/users\/9"}],"replies":[{"embeddable":true,"href":"https:\/\/elfsight.com\/es\/wp-json\/wp\/v2\/comments?post=15546"}],"version-history":[{"count":3,"href":"https:\/\/elfsight.com\/es\/wp-json\/wp\/v2\/pages\/15546\/revisions"}],"predecessor-version":[{"id":17742,"href":"https:\/\/elfsight.com\/es\/wp-json\/wp\/v2\/pages\/15546\/revisions\/17742"}],"up":[{"embeddable":true,"href":"https:\/\/elfsight.com\/es\/wp-json\/wp\/v2\/pages\/1422"}],"wp:attachment":[{"href":"https:\/\/elfsight.com\/es\/wp-json\/wp\/v2\/media?parent=15546"}],"curies":[{"name":"wp","href":"https:\/\/api.w.org\/{rel}","templated":true}]}}