{"id":15545,"date":"2024-05-03T06:39:09","date_gmt":"2024-05-03T06:39:09","guid":{"rendered":"https:\/\/elfsight.com\/es\/?page_id=15545"},"modified":"2025-02-06T14:59:27","modified_gmt":"2025-02-06T14:59:27","slug":"webflow","status":"publish","type":"page","link":"https:\/\/elfsight.com\/es\/google-reviews-widget\/webflow\/","title":{"rendered":"Google Reviews &#8211; Webflow"},"content":{"rendered":"<div class=\"application-platform-content-item-description application-platform-content-item\" id=\"description\" data-nav-section=\"description\"> <h2>Incrusta rese\u00f1as de Google con la ayuda del widget de Elfsight<\/h2> <p>Si necesitas mostrar la apreciaci\u00f3n de los usuarios y convencer a los visitantes de tu sitio web de que tus ofertas valen la pena, Elfsight Google Reviews es ideal para ti. Con nuestro widget, puedes colocar rese\u00f1as de clientes de Google en tu sitio con detalles sobre los autores, filtrarlas para mostrar solo las positivas, mostrar calificaciones y un bot\u00f3n de redirecci\u00f3n que llevar\u00e1 a las personas a tu p\u00e1gina de Google, donde podr\u00e1n publicar una nueva rese\u00f1a.<\/p><div class=\"faq\" data-component=\"FAQ\"> <div class=\"faq-item\">\r\n\t\t\t\t\t<div class=\"faq-item-question\">\r\n\t\t\t\t\t\t<h3 class=\"faq-item-question-text\">\u00bfD\u00f3nde en mi sitio web puedo instalar Webflow Google Reviews?<\/h3>\r\n\r\n\t\t\t\t\t\t<div class=\"faq-item-question-icon\"><\/div>\r\n\t\t\t\t\t<\/div>\r\n\r\n\t\t\t\t\t<div class=\"faq-item-answer\">\r\n\t\t\t\t\t\t<div class=\"faq-item-answer-text\"> <p>Nuestro widget se puede agregar a cualquier p\u00e1gina donde desees demostrar tu alta apreciaci\u00f3n y popularidad entre los clientes. Si quieres mostrar el widget en todas las p\u00e1ginas de tu sitio, puedes integrarlo f\u00e1cilmente en la plantilla del sitio web.<\/p><\/div>\r\n\t\t\t\t\t<\/div>\r\n\t\t\t\t<\/div> <div class=\"faq-item\">\r\n\t\t\t\t\t<div class=\"faq-item-question\">\r\n\t\t\t\t\t\t<h3 class=\"faq-item-question-text\">\u00bfQu\u00e9 beneficios obtendr\u00e9 con las rese\u00f1as en una p\u00e1gina web?<\/h3>\r\n\r\n\t\t\t\t\t\t<div class=\"faq-item-question-icon\"><\/div>\r\n\t\t\t\t\t<\/div>\r\n\r\n\t\t\t\t\t<div class=\"faq-item-answer\">\r\n\t\t\t\t\t\t<div class=\"faq-item-answer-text\"> <p>Las rese\u00f1as dejadas por personas reales resultan confiables para los clientes de tu sitio web y les indican que tu negocio es de confianza. Una alta calificaci\u00f3n y buenas rese\u00f1as pueden ayudar a aumentar las compras en tu sitio. Adem\u00e1s, el bot\u00f3n activo puede contribuir a aumentar la cantidad de rese\u00f1as de usuarios sobre tus ofertas o servicios en Google.<\/p> <\/div>\r\n\t\t\t\t\t<\/div>\r\n\t\t\t\t<\/div> <div class=\"faq-item\">\r\n\t\t\t\t\t<div class=\"faq-item-question\">\r\n\t\t\t\t\t\t<h3 class=\"faq-item-question-text\">\u00bfC\u00f3mo incrusto el widget de rese\u00f1as de Google en mi sitio web de Webflow?<\/h3>\r\n\r\n\t\t\t\t\t\t<div class=\"faq-item-question-icon\"><\/div>\r\n\t\t\t\t\t<\/div>\r\n\r\n\t\t\t\t\t<div class=\"faq-item-answer\">\r\n\t\t\t\t\t\t<div class=\"faq-item-answer-text\"> <p>Toma solo dos minutos hacerlo. La instalaci\u00f3n es extremadamente r\u00e1pida, gratuita y sin necesidad de codificaci\u00f3n.<\/p> <p>Puedes incrustar el widget en tu sitio directamente a trav\u00e9s de nuestro servicio. Para hacerlo, consulta una breve gu\u00eda de instalaci\u00f3n m\u00e1s abajo en esta p\u00e1gina.<\/p> <\/div>\r\n\t\t\t\t\t<\/div>\r\n\t\t\t\t<\/div> <\/div> <\/div><div class=\"application-platform-content-item-features application-platform-content-item\" id=\"features\" data-nav-section=\"features\"> <h2>Principales caracter\u00edsticas del widget de rese\u00f1as de Google<\/h2> <p>Para obtener una comprensi\u00f3n clara de Google Business Reviews, puedes revisar la lista de sus principales caracter\u00edsticas. Estas hacen que este widget sea incre\u00edblemente eficiente para tu sitio web:<\/p> <ul> <li>Tres filtros listos para usar: por tipo, excluir por, y cantidad de rese\u00f1as para mostrar;<\/li> <li>Cuatro opciones de dise\u00f1o: Lista, Cuadr\u00edcula, Masonry y Slider;<\/li> <li>Encabezado del widget totalmente flexible;<\/li> <li>El bot\u00f3n activo para publicar una rese\u00f1a m\u00e1s dirige a las personas a tu p\u00e1gina de Google;<\/li> <li>Seis elementos flexibles de las rese\u00f1as: nombre y foto del autor, recomendaci\u00f3n, fecha de la rese\u00f1a, \u00edcono de Google y calificaci\u00f3n de estrellas;<\/li> <li>Dos posibles escenarios de solicitud de rese\u00f1a: mostrar un mensaje de texto o ocultar el bot\u00f3n.<\/li> <\/ul><p><a href=\"#demo\">Para explorar m\u00e1s caracter\u00edsticas, consulta la demo<\/a><\/p> <\/div><div class=\"application-platform-content-item-installation application-platform-content-item\" id=\"installation\" data-nav-section=\"installation\"> <h2>C\u00f3mo incrustar las rese\u00f1as de Google en tu sitio web de Webflow<\/h2><div class=\"video-container\"><iframe width=\"720\" height=\"405\" src=\"https:\/\/www.youtube.com\/embed\/AoIHItjhJfU\" frameborder=\"0\" allowfullscreen=\"\"><\/iframe><\/div><p>Las siguientes acciones son lo \u00fanico que necesitas para configurar el widget en tu p\u00e1gina web. Tomar\u00e1 solo un par de minutos y no requiere codificaci\u00f3n.<\/p> <ol><li><b>Construye tu widget personalizado de rese\u00f1as de Google<\/b><br> Utilizando nuestro editor gratuito, crea un plugin con el dise\u00f1o y caracter\u00edsticas funcionales que prefieras.<\/li><li><b>Copia el c\u00f3digo personal para configurar el plugin<\/b><br> Despu\u00e9s de generar tu widget, obtendr\u00e1s el c\u00f3digo individual desde la ventana emergente en Elfsight Apps. Copia el c\u00f3digo para usarlo m\u00e1s tarde.<\/li> <li><b>Publica el plugin en tu sitio web de Webflow<\/b><br> Encuentra el \u00e1rea donde planeas mostrar el widget y pega el c\u00f3digo guardado all\u00ed. Guarda los cambios.<\/li> <li><b>\u00a1Listo! Las rese\u00f1as ya est\u00e1n activas en Webflow.<\/b><br> Visita tu p\u00e1gina web para ver tus testimonios.<\/li> <\/ol><p>\u00bfA\u00fan tienes dudas o problemas con las rese\u00f1as de Google en Webflow? Simplemente env\u00eda tu solicitud a nuestro servicio de atenci\u00f3n al cliente y te ayudar\u00e1n con cualquier pregunta.<\/p> <\/div>","protected":false},"excerpt":{"rendered":"","protected":false},"author":9,"featured_media":0,"parent":1422,"menu_order":0,"comment_status":"closed","ping_status":"closed","template":"templates\/template-application-platform.php","meta":{"publish_to_discourse":"","publish_post_category":"","wpdc_auto_publish_overridden":"","wpdc_topic_tags":"","wpdc_pin_topic":"","wpdc_pin_until":"","discourse_post_id":"","discourse_permalink":"","wpdc_publishing_response":"","wpdc_publishing_error":"","footnotes":""},"class_list":["post-15545","page","type-page","status-publish","hentry"],"yoast_head":"<!-- This site is optimized with the Yoast SEO plugin v25.3.1 - https:\/\/yoast.com\/wordpress\/plugins\/seo\/ -->\n<title>Incruste rese\u00f1as de Google en Webflow: \u00a1agregue rese\u00f1as a un sitio web en 2 minutos!<\/title>\n<meta name=\"description\" content=\"Es muy f\u00e1cil crear su widget de Rese\u00f1as de Google y publicarlo en su sitio Webflow. El servicio de atenci\u00f3n al cliente de Elfsight es gratuito y r\u00e1pido.\" \/>\n<meta name=\"robots\" content=\"index, follow, max-snippet:-1, max-image-preview:large, max-video-preview:-1\" \/>\n<link rel=\"canonical\" href=\"https:\/\/elfsight.com\/es\/google-reviews-widget\/webflow\/\" \/>\n<meta property=\"og:locale\" content=\"es_ES\" \/>\n<meta property=\"og:type\" content=\"article\" \/>\n<meta property=\"og:title\" content=\"Incruste rese\u00f1as de Google en Webflow: \u00a1agregue rese\u00f1as a un sitio web en 2 minutos!\" \/>\n<meta property=\"og:description\" content=\"Es muy f\u00e1cil crear su widget de Rese\u00f1as de Google y publicarlo en su sitio Webflow. El servicio de atenci\u00f3n al cliente de Elfsight es gratuito y r\u00e1pido.\" \/>\n<meta property=\"og:url\" content=\"https:\/\/elfsight.com\/es\/google-reviews-widget\/webflow\/\" \/>\n<meta property=\"og:site_name\" content=\"Elfsight ES\" \/>\n<meta property=\"article:modified_time\" content=\"2025-02-06T14:59:27+00:00\" \/>\n<meta name=\"twitter:card\" content=\"summary_large_image\" \/>\n<meta name=\"twitter:label1\" content=\"Tiempo de lectura\" \/>\n\t<meta name=\"twitter:data1\" content=\"3 minutos\" \/>\n<!-- \/ Yoast SEO plugin. -->","yoast_head_json":{"title":"Incruste rese\u00f1as de Google en Webflow: \u00a1agregue rese\u00f1as a un sitio web en 2 minutos!","description":"Es muy f\u00e1cil crear su widget de Rese\u00f1as de Google y publicarlo en su sitio Webflow. El servicio de atenci\u00f3n al cliente de Elfsight es gratuito y r\u00e1pido.","robots":{"index":"index","follow":"follow","max-snippet":"max-snippet:-1","max-image-preview":"max-image-preview:large","max-video-preview":"max-video-preview:-1"},"canonical":"https:\/\/elfsight.com\/es\/google-reviews-widget\/webflow\/","og_locale":"es_ES","og_type":"article","og_title":"Incruste rese\u00f1as de Google en Webflow: \u00a1agregue rese\u00f1as a un sitio web en 2 minutos!","og_description":"Es muy f\u00e1cil crear su widget de Rese\u00f1as de Google y publicarlo en su sitio Webflow. El servicio de atenci\u00f3n al cliente de Elfsight es gratuito y r\u00e1pido.","og_url":"https:\/\/elfsight.com\/es\/google-reviews-widget\/webflow\/","og_site_name":"Elfsight ES","article_modified_time":"2025-02-06T14:59:27+00:00","twitter_card":"summary_large_image","twitter_misc":{"Tiempo de lectura":"3 minutos"},"schema":{"@context":"https:\/\/schema.org","@graph":[{"@type":"WebPage","@id":"https:\/\/elfsight.com\/es\/google-reviews-widget\/webflow\/","url":"https:\/\/elfsight.com\/es\/google-reviews-widget\/webflow\/","name":"Incruste rese\u00f1as de Google en Webflow: \u00a1agregue rese\u00f1as a un sitio web en 2 minutos!","isPartOf":{"@id":"https:\/\/elfsight.com\/es\/#website"},"datePublished":"2024-05-03T06:39:09+00:00","dateModified":"2025-02-06T14:59:27+00:00","description":"Es muy f\u00e1cil crear su widget de Rese\u00f1as de Google y publicarlo en su sitio Webflow. El servicio de atenci\u00f3n al cliente de Elfsight es gratuito y r\u00e1pido.","breadcrumb":{"@id":"https:\/\/elfsight.com\/es\/google-reviews-widget\/webflow\/#breadcrumb"},"inLanguage":"es","potentialAction":[{"@type":"ReadAction","target":["https:\/\/elfsight.com\/es\/google-reviews-widget\/webflow\/"]}]},{"@type":"BreadcrumbList","@id":"https:\/\/elfsight.com\/es\/google-reviews-widget\/webflow\/#breadcrumb","itemListElement":[{"@type":"ListItem","position":1,"name":"Home","item":"https:\/\/elfsight.com\/es\/"},{"@type":"ListItem","position":2,"name":"Google Reviews","item":"https:\/\/elfsight.com\/es\/google-reviews-widget\/"},{"@type":"ListItem","position":3,"name":"Google Reviews &#8211; Webflow"}]},{"@type":"WebSite","@id":"https:\/\/elfsight.com\/es\/#website","url":"https:\/\/elfsight.com\/es\/","name":"Elfsight ES","description":"Just another Elfsight Sites site","potentialAction":[{"@type":"SearchAction","target":{"@type":"EntryPoint","urlTemplate":"https:\/\/elfsight.com\/es\/?s={search_term_string}"},"query-input":{"@type":"PropertyValueSpecification","valueRequired":true,"valueName":"search_term_string"}}],"inLanguage":"es"}]}},"meta_box":{"industry":"","seo_heading":"","heading":"","description":"","cta_heading":"","cta_description":"","application":"1421","h1":"Widget de rese\u00f1as de Google de flujo web","h1_caption":"Incorpore rese\u00f1as de su lugar desde Google para obtener sin problemas las mejores impresiones de los clientes en la experiencia de su sitio web en su sitio web Webflow sin esfuerzo.","application_category":[],"applications_title":"","applications_request_title":"","applications_request_button_text":"","hero_text":"","hero_video":"","hero_video_schema_markup":"","selling_points_title":"","selling_points_caption":"","selling_points":[],"selling_points_cta_text":"","features_title":"","features":"","ed_cta_examples_text":"","ed_cta_examples_hidden":"","ed_cta_demo_text":"","ed_cta_demo_hidden":"","why_caption":"","why_editor_title":"","why_editor_text":"","why_team_title":"","why_team_text":"","why_service_title":"","why_service_text":"","template_catalog_visible":"0","template_catalog_title":"","template_catalog_text":"","template_catalog_categories_visible":"","demo_title":"Crea tu widget de Rese\u00f1as de Google","demo_caption":"\u00a1Configure sus Rese\u00f1as de Google y agr\u00e9guelas a su sitio web Webflow de forma gratuita!","default_faq_hidden":"","app_template_category":[],"platform":"106","template_public_id":"","codecanyon_url":"","codecanyon_item_id":"","codecanyon_price":"","pricing_caption":"","pricing_elfsight_apps_hide_column":"","pricing_elfsight_apps_url":"","pricing_codecanyon_price_caption":"","integration_category":[],"integration_request_title":"","integration_request_cta":"","integration_platform":"","integrations":[],"platform_category":[],"video_schema_markup":"","price":"desde $0 \/ mes","trial":"","benefits":[{"text":"Servicio de instalaci\u00f3n gratuito"},{"text":"Servicio al cliente competente"},{"text":"Garant\u00eda de reembolso de 14 d\u00edas"},{"text":"Mejoras continuas"}],"button_url":"#demo","button_target_blank":"0","button_nofollow":"0","attributes":[{"name":"Instalaciones","content":"100,000 - 500,000"},{"name":"Sensible","content":"S\u00ed"},{"name":"Navegadores compatibles","content":"Opera, Safari, Firefox, Edge, Chrome"}],"tags":[],"tags_disable_links":"0","hide_more_platforms":"","video_object":"","demo_hide_cta":"0","demo_hide_cloud_options":"0","pricing_title":"","pricing":[{"pricing_icon":"platform","pricing_title":"Elfsight Apps","pricing_title_caption":"Software multiplataforma que funciona en cualquier sitio web","pricing_price":"desde $0 \/ mes","pricing_price_caption":"comienza con el plan gratuito","pricing_benefits":[{"text":"Dominios ilimitados"},{"text":"Atenci\u00f3n al cliente premium"},{"text":"Asistencia de instalaci\u00f3n gratuita"},{"text":"Precio especial para m\u00faltiples aplicaciones"}],"pricing_button_text":"A\u00f1adir al sitio web","pricing_button_url":"#demo"}],"related_apps_title":"","related_apps_hidden":"0","author":"","image":[],"title":"","job":"","social_networks":[]},"_links":{"self":[{"href":"https:\/\/elfsight.com\/es\/wp-json\/wp\/v2\/pages\/15545","targetHints":{"allow":["GET"]}}],"collection":[{"href":"https:\/\/elfsight.com\/es\/wp-json\/wp\/v2\/pages"}],"about":[{"href":"https:\/\/elfsight.com\/es\/wp-json\/wp\/v2\/types\/page"}],"author":[{"embeddable":true,"href":"https:\/\/elfsight.com\/es\/wp-json\/wp\/v2\/users\/9"}],"replies":[{"embeddable":true,"href":"https:\/\/elfsight.com\/es\/wp-json\/wp\/v2\/comments?post=15545"}],"version-history":[{"count":2,"href":"https:\/\/elfsight.com\/es\/wp-json\/wp\/v2\/pages\/15545\/revisions"}],"predecessor-version":[{"id":16043,"href":"https:\/\/elfsight.com\/es\/wp-json\/wp\/v2\/pages\/15545\/revisions\/16043"}],"up":[{"embeddable":true,"href":"https:\/\/elfsight.com\/es\/wp-json\/wp\/v2\/pages\/1422"}],"wp:attachment":[{"href":"https:\/\/elfsight.com\/es\/wp-json\/wp\/v2\/media?parent=15545"}],"curies":[{"name":"wp","href":"https:\/\/api.w.org\/{rel}","templated":true}]}}