{"id":15544,"date":"2024-05-03T06:39:28","date_gmt":"2024-05-03T06:39:28","guid":{"rendered":"https:\/\/elfsight.com\/es\/?page_id=15544"},"modified":"2025-02-06T14:59:18","modified_gmt":"2025-02-06T14:59:18","slug":"facebook","status":"publish","type":"page","link":"https:\/\/elfsight.com\/es\/instagram-feed-instashow\/facebook\/","title":{"rendered":"Instagram Feed &#8211; Facebook Page"},"content":{"rendered":"<div class=\"application-platform-content-item-description application-platform-content-item\" id=\"description\" data-nav-section=\"description\"><h2>Incrusta Instagram en tu p\u00e1gina de Facebook con el widget de Elfsight<\/h2><p>InstaShow es un potente widget de Instagram, que permite crear portafolios espectaculares con fotos y videos de Instagram. Te ofrecemos una cantidad ilimitada de configuraciones de feed: todo tipo de fuentes, filtros, m\u00e1s de 60 par\u00e1metros personalizables y 10 opciones de estilo, adem\u00e1s de una interfaz completamente adaptable. Aplica un plugin completamente responsivo para involucrar a los visitantes de tu p\u00e1gina.<\/p><\/div><div class=\"application-platform-content-item-features application-platform-content-item\" id=\"features\" data-nav-section=\"features\"><h2>Caracter\u00edsticas principales del widget de feed de Instagram<\/h2><p>Los puntos b\u00e1sicos del widget de Elfsight, que lo convierten en la mejor herramienta para tu p\u00e1gina de Facebook:<\/p><ul><li>2 dise\u00f1os de feed listos para usar: slider y cuadr\u00edcula<\/li><li>N\u00famero ajustable de columnas y filas<\/li><li>Espacio de separaci\u00f3n variable<\/li><li>La pesta\u00f1a de Instagram es totalmente personalizable<\/li><li>M\u00e1s de 10 esquemas de colores listos para usar para tu galer\u00eda<\/li><li>Puedes activar y desactivar todas las partes de una publicaci\u00f3n com\u00fan de Instagram, o presentarla tal como est\u00e1<\/li><li>Plantillas cl\u00e1sicas y tipo mosaico de publicaciones<\/li><li>Diferentes dise\u00f1os de feed listos para usar<\/li><li>Columnas y filas ajustables<\/li><li>Bot\u00f3n de llamada a la acci\u00f3n conmutable<\/li><\/ul><p><a href=\"#demo\">Mira m\u00e1s caracter\u00edsticas en la demo de Elfsight<\/a><\/p><p>Al colocar una pesta\u00f1a de Instagram en una p\u00e1gina de Facebook, obtienes muchas ventajas. Por ejemplo, no pierdes tiempo produciendo contenido nuevo para el sitio: se agrega autom\u00e1ticamente sin tu intervenci\u00f3n. Puedes concentrarte principalmente en el dise\u00f1o de la secci\u00f3n de Instagram en lugar de codificarla con la ayuda de la API oficial. Finalmente, si tus publicaciones contienen grandes rese\u00f1as, puedes aumentar la confianza en tu marca gracias a ellas.<\/p><\/div><div class=\"application-platform-content-item-installation application-platform-content-item\" id=\"installation\" data-nav-section=\"installation\"><h2>\u00bfC\u00f3mo agregar la pesta\u00f1a de Instagram a tu p\u00e1gina de Facebook?<\/h2><p>Lee nuestro tutorial r\u00e1pido sobre c\u00f3mo mostrar y configurar el widget. La configuraci\u00f3n tomar\u00e1 aproximadamente 60 segundos, y adem\u00e1s no necesitas experiencia en desarrollo.<\/p><ul><li><b>Genera tu feed de Instagram personalizado<\/b><br>Mediante nuestra demo gratuita, genera el plugin con el dise\u00f1o y funciones seleccionadas.<\/li><li><b>Copia el c\u00f3digo personal para mostrar el widget<\/b><br>Despu\u00e9s de crear tu widget, recibir\u00e1s tu c\u00f3digo personal desde la notificaci\u00f3n emergente en Elfsight Apps. Copia el c\u00f3digo.<\/li><li><b>Agrega Instagram a la p\u00e1gina de Facebook<\/b><br>Crea tu pesta\u00f1a personalizada de Facebook. Inserta el c\u00f3digo que recibiste en Elfsight Apps en la pesta\u00f1a. Si tienes alg\u00fan problema, simplemente revisa nuestra gu\u00eda sobre <a href=\"https:\/\/elfsight.com\/blog\/how-to-add-custom-tab-to-facebook-page\/\" target=\"_blank\" rel=\"noopener noreferrer\">c\u00f3mo crear una pesta\u00f1a personalizada en Facebook<\/a><\/li><li><b>\u00a1Ya has realizado la instalaci\u00f3n!<\/b><br>Visita tu p\u00e1gina de Facebook para ver tu trabajo.<\/li><\/ul><p>\u00bfTienes problemas con la instalaci\u00f3n de la pesta\u00f1a de Instagram en una p\u00e1gina de Facebook? Env\u00edanos un mensaje a soporte de Elfsight.<\/p><\/div><div class=\"faq\" data-component=\"FAQ\"><div class=\"faq-item\">\r\n\t\t\t\t\t<div class=\"faq-item-question\">\r\n\t\t\t\t\t\t<h3 class=\"faq-item-question-text\">\u00bfC\u00f3mo incrustar el feed de Instagram de forma gratuita en mi p\u00e1gina de Facebook?<\/h3>\r\n\r\n\t\t\t\t\t\t<div class=\"faq-item-question-icon\"><\/div>\r\n\t\t\t\t\t<\/div>\r\n\r\n\t\t\t\t\t<div class=\"faq-item-answer\">\r\n\t\t\t\t\t\t<div class=\"faq-item-answer-text\"><ol><p>Agregar un <a href=\"https:\/\/elfsight.com\/blog\/how-to-embed-instagram-feed-on-website\/\">feed de Instagram<\/a> en tu p\u00e1gina de Facebook es una excelente manera de mostrar tus \u00faltimas publicaciones y mantener a tus seguidores comprometidos.<\/p><ol><li>Para incrustar el feed de Instagram de Elfsight de forma gratuita en tu p\u00e1gina de Facebook, navega al sitio web de Elfsight y crea una cuenta gratuita.<\/li><li>Utiliza el widget de Instagram gratuito personalizando su apariencia y configuraciones para que se armonice con el estilo de tu p\u00e1gina de Facebook.<\/li><li>Despu\u00e9s de configurar tu feed de Instagram gratuitamente, copia el c\u00f3digo de incrustaci\u00f3n \u00fanico y p\u00e9galo en el \u00e1rea designada en tu p\u00e1gina de Facebook donde quieras que aparezca el feed.<\/li><\/ol><p>Al mostrar tu feed de Instagram en tu p\u00e1gina de Facebook, mejorar\u00e1s su atractivo visual y mantendr\u00e1s el compromiso de tus seguidores. \u00a1Experimenta las ventajas del widget de Instagram de Elfsight completamente gratis!<\/p><\/ol><\/div>\r\n\t\t\t\t\t<\/div>\r\n\t\t\t\t<\/div><div class=\"faq-item\">\r\n\t\t\t\t\t<div class=\"faq-item-question\">\r\n\t\t\t\t\t\t<h3 class=\"faq-item-question-text\">\u00bfC\u00f3mo obtengo el Slider o Collage de Instagram a trav\u00e9s de tu widget?<\/h3>\r\n\r\n\t\t\t\t\t\t<div class=\"faq-item-question-icon\"><\/div>\r\n\t\t\t\t\t<\/div>\r\n\r\n\t\t\t\t\t<div class=\"faq-item-answer\">\r\n\t\t\t\t\t\t<div class=\"faq-item-answer-text\"><p>Disponemos de una gran cantidad de plantillas: cuadr\u00edcula, galer\u00eda, lista, masonry, feed y muchas m\u00e1s, incluyendo ajustes flexibles de dise\u00f1o para adaptarse a tus necesidades. Tienes libertad para crear casi cualquier dise\u00f1o para tu pesta\u00f1a de Instagram. <\/p><\/div>\r\n\t\t\t\t\t<\/div>\r\n\t\t\t\t<\/div><\/div>","protected":false},"excerpt":{"rendered":"","protected":false},"author":9,"featured_media":0,"parent":1442,"menu_order":0,"comment_status":"closed","ping_status":"closed","template":"templates\/template-application-platform.php","meta":{"publish_to_discourse":"","publish_post_category":"","wpdc_auto_publish_overridden":"","wpdc_topic_tags":"","wpdc_pin_topic":"","wpdc_pin_until":"","discourse_post_id":"","discourse_permalink":"","wpdc_publishing_response":"","wpdc_publishing_error":"","footnotes":""},"class_list":["post-15544","page","type-page","status-publish","hentry"],"yoast_head":"<!-- This site is optimized with the Yoast SEO plugin v25.3.1 - https:\/\/yoast.com\/wordpress\/plugins\/seo\/ -->\n<title>Incruste el feed de Instagram en una p\u00e1gina de Facebook: \u00a1agregue el feed de Instagram en 2 minutos!<\/title>\n<meta name=\"description\" content=\"\u00a1Pruebe la pesta\u00f1a premium Feed de Instagram para una p\u00e1gina de Facebook personal o empresarial ahora mismo y gratis! Dise\u00f1e una pesta\u00f1a de Instagram \u00fanica en Elfsight en un minuto.\" \/>\n<meta name=\"robots\" content=\"index, follow, max-snippet:-1, max-image-preview:large, max-video-preview:-1\" \/>\n<link rel=\"canonical\" href=\"https:\/\/elfsight.com\/es\/instagram-feed-instashow\/facebook\/\" \/>\n<meta property=\"og:locale\" content=\"es_ES\" \/>\n<meta property=\"og:type\" content=\"article\" \/>\n<meta property=\"og:title\" content=\"Incruste el feed de Instagram en una p\u00e1gina de Facebook: \u00a1agregue el feed de Instagram en 2 minutos!\" \/>\n<meta property=\"og:description\" content=\"\u00a1Pruebe la pesta\u00f1a premium Feed de Instagram para una p\u00e1gina de Facebook personal o empresarial ahora mismo y gratis! Dise\u00f1e una pesta\u00f1a de Instagram \u00fanica en Elfsight en un minuto.\" \/>\n<meta property=\"og:url\" content=\"https:\/\/elfsight.com\/es\/instagram-feed-instashow\/facebook\/\" \/>\n<meta property=\"og:site_name\" content=\"Elfsight ES\" \/>\n<meta property=\"article:modified_time\" content=\"2025-02-06T14:59:18+00:00\" \/>\n<meta name=\"twitter:card\" content=\"summary_large_image\" \/>\n<meta name=\"twitter:label1\" content=\"Tiempo de lectura\" \/>\n\t<meta name=\"twitter:data1\" content=\"4 minutos\" \/>\n<!-- \/ Yoast SEO plugin. -->","yoast_head_json":{"title":"Incruste el feed de Instagram en una p\u00e1gina de Facebook: \u00a1agregue el feed de Instagram en 2 minutos!","description":"\u00a1Pruebe la pesta\u00f1a premium Feed de Instagram para una p\u00e1gina de Facebook personal o empresarial ahora mismo y gratis! Dise\u00f1e una pesta\u00f1a de Instagram \u00fanica en Elfsight en un minuto.","robots":{"index":"index","follow":"follow","max-snippet":"max-snippet:-1","max-image-preview":"max-image-preview:large","max-video-preview":"max-video-preview:-1"},"canonical":"https:\/\/elfsight.com\/es\/instagram-feed-instashow\/facebook\/","og_locale":"es_ES","og_type":"article","og_title":"Incruste el feed de Instagram en una p\u00e1gina de Facebook: \u00a1agregue el feed de Instagram en 2 minutos!","og_description":"\u00a1Pruebe la pesta\u00f1a premium Feed de Instagram para una p\u00e1gina de Facebook personal o empresarial ahora mismo y gratis! Dise\u00f1e una pesta\u00f1a de Instagram \u00fanica en Elfsight en un minuto.","og_url":"https:\/\/elfsight.com\/es\/instagram-feed-instashow\/facebook\/","og_site_name":"Elfsight ES","article_modified_time":"2025-02-06T14:59:18+00:00","twitter_card":"summary_large_image","twitter_misc":{"Tiempo de lectura":"4 minutos"},"schema":{"@context":"https:\/\/schema.org","@graph":[{"@type":"WebPage","@id":"https:\/\/elfsight.com\/es\/instagram-feed-instashow\/facebook\/","url":"https:\/\/elfsight.com\/es\/instagram-feed-instashow\/facebook\/","name":"Incruste el feed de Instagram en una p\u00e1gina de Facebook: \u00a1agregue el feed de Instagram en 2 minutos!","isPartOf":{"@id":"https:\/\/elfsight.com\/es\/#website"},"datePublished":"2024-05-03T06:39:28+00:00","dateModified":"2025-02-06T14:59:18+00:00","description":"\u00a1Pruebe la pesta\u00f1a premium Feed de Instagram para una p\u00e1gina de Facebook personal o empresarial ahora mismo y gratis! Dise\u00f1e una pesta\u00f1a de Instagram \u00fanica en Elfsight en un minuto.","breadcrumb":{"@id":"https:\/\/elfsight.com\/es\/instagram-feed-instashow\/facebook\/#breadcrumb"},"inLanguage":"es","potentialAction":[{"@type":"ReadAction","target":["https:\/\/elfsight.com\/es\/instagram-feed-instashow\/facebook\/"]}]},{"@type":"BreadcrumbList","@id":"https:\/\/elfsight.com\/es\/instagram-feed-instashow\/facebook\/#breadcrumb","itemListElement":[{"@type":"ListItem","position":1,"name":"Home","item":"https:\/\/elfsight.com\/es\/"},{"@type":"ListItem","position":2,"name":"Instagram Feed","item":"https:\/\/elfsight.com\/es\/instagram-feed-instashow\/"},{"@type":"ListItem","position":3,"name":"Instagram Feed &#8211; Facebook Page"}]},{"@type":"WebSite","@id":"https:\/\/elfsight.com\/es\/#website","url":"https:\/\/elfsight.com\/es\/","name":"Elfsight ES","description":"Just another Elfsight Sites site","potentialAction":[{"@type":"SearchAction","target":{"@type":"EntryPoint","urlTemplate":"https:\/\/elfsight.com\/es\/?s={search_term_string}"},"query-input":{"@type":"PropertyValueSpecification","valueRequired":true,"valueName":"search_term_string"}}],"inLanguage":"es"}]}},"meta_box":{"industry":"","seo_heading":"","heading":"","description":"","cta_heading":"","cta_description":"","application":"1441","h1":"Pesta\u00f1a Feed de Instagram para la p\u00e1gina de Facebook","h1_caption":"La mejor manera de insertar fotos de Instagram en la p\u00e1gina comercial de Facebook","application_category":[],"applications_title":"","applications_request_title":"","applications_request_button_text":"","hero_text":"","hero_video":"","hero_video_schema_markup":"","selling_points_title":"","selling_points_caption":"","selling_points":[],"selling_points_cta_text":"","features_title":"","features":"","ed_cta_examples_text":"","ed_cta_examples_hidden":"","ed_cta_demo_text":"","ed_cta_demo_hidden":"","why_caption":"","why_editor_title":"","why_editor_text":"","why_team_title":"","why_team_text":"","why_service_title":"","why_service_text":"","template_catalog_visible":"","template_catalog_title":"","template_catalog_text":"","template_catalog_categories_visible":"","demo_title":"Crea tu widget de feed de Instagram","demo_caption":"\u00a1Configure su feed de Instagram y agr\u00e9guelo al sitio web de su p\u00e1gina de Facebook de forma gratuita!","default_faq_hidden":"","app_template_category":[],"platform":"64","template_public_id":"","codecanyon_url":"","codecanyon_item_id":"","codecanyon_price":"","pricing_caption":"","pricing_elfsight_apps_hide_column":"","pricing_elfsight_apps_url":"","pricing_codecanyon_price_caption":"","integration_category":[],"integration_request_title":"","integration_request_cta":"","integration_platform":"","integrations":[],"platform_category":[],"video_schema_markup":"","price":"desde $0 \/ mes","trial":"","benefits":[{"text":"Asistencia de instalaci\u00f3n gratuita"},{"text":"Soporte excepcional"},{"text":"Mejoras gratuitas de por vida"},{"text":"Garant\u00eda de devoluci\u00f3n de dinero de 14 d\u00edas"}],"button_url":"#demo","button_target_blank":"","button_nofollow":"","attributes":[{"name":"Instalaciones","content":"100,000 - 500,000"},{"name":"Loading...","content":"Dise\u00f1o adaptativo"},{"name":"Navegadores compatibles","content":"Edge, Chrome, Opera, Safari, Firefox"}],"tags":[],"tags_disable_links":"","hide_more_platforms":"","video_object":"","demo_hide_cta":"","demo_hide_cloud_options":"","pricing_title":"","pricing":[{"pricing_icon":"platform","pricing_title":"Elfsight Apps","pricing_title_caption":"Software multiplataforma que funciona en cualquier sitio web","pricing_price":"desde $0 \/ mes","pricing_price_caption":"comienza con el plan gratuito","pricing_benefits":[{"text":"Sitios web ilimitados"},{"text":"Soporte profesional de la empresa"},{"text":"Servicio de instalaci\u00f3n gratuito"},{"text":"Dise\u00f1o flexible"}],"pricing_button_text":"A\u00f1adir al sitio web","pricing_button_url":"#demo"}],"related_apps_title":"","related_apps_hidden":"","author":"","image":[],"title":"","job":"","social_networks":[]},"_links":{"self":[{"href":"https:\/\/elfsight.com\/es\/wp-json\/wp\/v2\/pages\/15544","targetHints":{"allow":["GET"]}}],"collection":[{"href":"https:\/\/elfsight.com\/es\/wp-json\/wp\/v2\/pages"}],"about":[{"href":"https:\/\/elfsight.com\/es\/wp-json\/wp\/v2\/types\/page"}],"author":[{"embeddable":true,"href":"https:\/\/elfsight.com\/es\/wp-json\/wp\/v2\/users\/9"}],"replies":[{"embeddable":true,"href":"https:\/\/elfsight.com\/es\/wp-json\/wp\/v2\/comments?post=15544"}],"version-history":[{"count":3,"href":"https:\/\/elfsight.com\/es\/wp-json\/wp\/v2\/pages\/15544\/revisions"}],"predecessor-version":[{"id":17741,"href":"https:\/\/elfsight.com\/es\/wp-json\/wp\/v2\/pages\/15544\/revisions\/17741"}],"up":[{"embeddable":true,"href":"https:\/\/elfsight.com\/es\/wp-json\/wp\/v2\/pages\/1442"}],"wp:attachment":[{"href":"https:\/\/elfsight.com\/es\/wp-json\/wp\/v2\/media?parent=15544"}],"curies":[{"name":"wp","href":"https:\/\/api.w.org\/{rel}","templated":true}]}}