{"id":15538,"date":"1970-01-01T00:00:00","date_gmt":"1970-01-01T00:00:00","guid":{"rendered":"https:\/\/elfsight.com\/es\/?page_id=15538"},"modified":"2025-02-06T15:28:28","modified_gmt":"2025-02-06T15:28:28","slug":"blogger","status":"publish","type":"page","link":"https:\/\/elfsight.com\/es\/popup-widget\/blogger\/","title":{"rendered":"Popup &#8211; Blogger"},"content":{"rendered":"<div class=\"application-platform-content-item-description application-platform-content-item\" id=\"description\" data-nav-section=\"description\"> <h2>Descripci\u00f3n<\/h2> <p>Con la herramienta emergente Elfsight, todos tienen la oportunidad de crear sus ventanas emergentes personalizadas de todo tipo e introducirlas en su sitio. Configure su ventana emergente, agregando una variedad de componentes incluidos. Variar el dise\u00f1o y la composici\u00f3n; asigne activadores de ventanas emergentes y determine el momento para maximizar la eficacia de las ventanas emergentes. Las ventanas emergentes permitir\u00e1n a los usuarios crear una suscripci\u00f3n a Blogger, explorar sus productos y servicios, copiar sus cupones, participar en ventas y ofertas especiales, recibir notificaciones sobre ocasiones importantes en su sitio y mucho m\u00e1s. <\/p> <p><b>Las ventanas emergentes le permitir\u00e1n vender m\u00e1s r\u00e1pido, promocionar sus eventos planificados, obtener impresiones y clientes potenciales, y mucho m\u00e1s.<\/b><\/p> <\/div><div class=\"application-platform-content-item-features application-platform-content-item\" id=\"features\" data-nav-section=\"features\"> <h2>Caracter\u00edsticas principales del widget de ventanas emergentes<\/h2> <p>Aqu\u00ed hay una lista de todas las funciones de nuestro widget. Est\u00e1n disponibles directamente en el editor y le ayudar\u00e1n a crear el widget adecuado para su caso de uso.<\/p> <ul><li>12 elementos diferentes para crear una ventana emergente<\/li> <li>Cinco dise\u00f1os de ventanas emergentes listas para varios casos<\/li> <li>Agregue botones para redirigir a los usuarios a cualquier p\u00e1gina<\/li> <li>Suba una imagen para el fondo<\/li> <li>La ventana emergente puede ocurrir despu\u00e9s de un tiempo espec\u00edfico que el usuario pas\u00f3 o de un porcentaje de desplazamiento en la p\u00e1gina de Blogger<\/li> <li>Activaci\u00f3n de ventana emergente haciendo clic en el elemento seleccionado o desplaz\u00e1ndose hacia abajo hasta \u00e9l<\/li> <\/ul> <p><a href=\"#demo\">Puedes probar todas las caracter\u00edsticas funcionales del widget directamente en la demostraci\u00f3n<\/a><\/p> <\/div><div class=\"application-platform-content-item-installation application-platform-content-item\" id=\"installation\" data-nav-section=\"installation\"><h2>\u00bfC\u00f3mo agregar un widget emergente a un sitio web de Blogger?<\/h2> <div class=\"video-container\"><iframe width=\"720\" height=\"405\" src=\"https:\/\/www.youtube.com\/embed\/0_KjGHzXocI\" frameborder=\"0\"><\/iframe><\/div><p>Para introducir el widget, sigue las siguientes pautas:<\/p> <ol><li><b>Genera tu complemento Popup personalizado<\/b><br> En nuestro configurador gratuito, configura un complemento de Blogger con una composici\u00f3n preferible y funciones.<\/li><li><b>Reciba el c\u00f3digo personal para insertar el complemento<\/b><br> Despu\u00e9s de haber generado su widget, obtendr\u00e1 el c\u00f3digo individual de la notificaci\u00f3n emergente en Elfsight Apps. Copie el c\u00f3digo del cuadro emergente para que Blogger lo utilice m\u00e1s. <\/li> <li><b>Agregue el complemento en su sitio web de Blogger<\/b><br> Seleccione el \u00e1rea en la que desea revelar el complemento y agregue el c\u00f3digo guardado all\u00ed. Guarde los resultados. <\/li> <li><b>\u00a1Felicitaciones! \u00a1Acabas de insertar el widget!<\/b><br> Ve a tu sitio web de Blogger para revisar tu ventana emergente.<\/li> <\/ol><p>No dudes en comunicarte con nuestro equipo de atenci\u00f3n al cliente en caso de que necesites ayuda o tengas problemas con la instalaci\u00f3n del widget en Blogger. Estaremos encantados de ayudarle con cada solicitud.<\/p> <div class=\"faq\" data-component=\"FAQ\"> <div class=\"faq-item\">\r\n\t\t\t\t\t<div class=\"faq-item-question\">\r\n\t\t\t\t\t\t<h3 class=\"faq-item-question-text\">\u00bfC\u00f3mo agregar un bot\u00f3n de PayPal a mi sitio web de Blogger sin conocimientos de codificaci\u00f3n?<\/h3>\r\n\r\n\t\t\t\t\t\t<div class=\"faq-item-question-icon\"><\/div>\r\n\t\t\t\t\t<\/div>\r\n\r\n\t\t\t\t\t<div class=\"faq-item-answer\">\r\n\t\t\t\t\t\t<div class=\"faq-item-answer-text\"> <p>Elfsight proporciona una soluci\u00f3n SaaS que le permite crear un widget de bot\u00f3n de PayPal usted mismo. Vea lo f\u00e1cil que es el proceso: trabaje directamente en el editor en l\u00ednea para crear un widget de bot\u00f3n de PayPal que le gustar\u00eda ver en su sitio web de Blogger. Elija una de las plantillas predise\u00f1adas y ajuste la configuraci\u00f3n del bot\u00f3n de PayPal, agregue su contenido, cambie el dise\u00f1o y los colores sin conocimientos de codificaci\u00f3n. Guarde el bot\u00f3n de PayPal y copie su c\u00f3digo de instalaci\u00f3n, que podr\u00e1 agregar f\u00e1cilmente en su sitio web de Blogger sin necesidad de comprar una versi\u00f3n paga. Con nuestro editor intuitivo, cualquier usuario de Internet puede crear un widget de bot\u00f3n de PayPal en l\u00ednea e incrustarlo f\u00e1cilmente en su sitio web de Blogger. No es necesario pagar ni ingresar las credenciales de su tarjeta para acceder al servicio. Si tiene alg\u00fan problema en cualquier paso, no dude en ponerse en contacto con nuestro equipo de soporte t\u00e9cnico.<\/p> <\/div>\r\n\t\t\t\t\t<\/div>\r\n\t\t\t\t<\/div> <\/div> <\/div>","protected":false},"excerpt":{"rendered":"","protected":false},"author":9,"featured_media":0,"parent":1488,"menu_order":0,"comment_status":"closed","ping_status":"closed","template":"templates\/template-application-platform.php","meta":{"publish_to_discourse":"","publish_post_category":"","wpdc_auto_publish_overridden":"","wpdc_topic_tags":"","wpdc_pin_topic":"","wpdc_pin_until":"","discourse_post_id":"","discourse_permalink":"","wpdc_publishing_response":"","wpdc_publishing_error":"","footnotes":""},"class_list":["post-15538","page","type-page","status-publish","hentry"],"yoast_head":"<!-- This site is optimized with the Yoast SEO plugin v25.3.1 - https:\/\/yoast.com\/wordpress\/plugins\/seo\/ -->\n<title>Agregar un widget emergente a un sitio web de Blogger<\/title>\n<meta name=\"description\" content=\"\u00a1Crea una ventana emergente en Blogger sin codificar!\" \/>\n<meta name=\"robots\" content=\"index, follow, max-snippet:-1, max-image-preview:large, max-video-preview:-1\" \/>\n<link rel=\"canonical\" href=\"https:\/\/elfsight.com\/es\/popup-widget\/blogger\/\" \/>\n<meta property=\"og:locale\" content=\"es_ES\" \/>\n<meta property=\"og:type\" content=\"article\" \/>\n<meta property=\"og:title\" content=\"Agregar un widget emergente a un sitio web de Blogger\" \/>\n<meta property=\"og:description\" content=\"\u00a1Crea una ventana emergente en Blogger sin codificar!\" \/>\n<meta property=\"og:url\" content=\"https:\/\/elfsight.com\/es\/popup-widget\/blogger\/\" \/>\n<meta property=\"og:site_name\" content=\"Elfsight ES\" \/>\n<meta property=\"article:modified_time\" content=\"2025-02-06T15:28:28+00:00\" \/>\n<meta name=\"twitter:card\" content=\"summary_large_image\" \/>\n<meta name=\"twitter:label1\" content=\"Tiempo de lectura\" \/>\n\t<meta name=\"twitter:data1\" content=\"3 minutos\" \/>\n<!-- \/ Yoast SEO plugin. -->","yoast_head_json":{"title":"Agregar un widget emergente a un sitio web de Blogger","description":"\u00a1Crea una ventana emergente en Blogger sin codificar!","robots":{"index":"index","follow":"follow","max-snippet":"max-snippet:-1","max-image-preview":"max-image-preview:large","max-video-preview":"max-video-preview:-1"},"canonical":"https:\/\/elfsight.com\/es\/popup-widget\/blogger\/","og_locale":"es_ES","og_type":"article","og_title":"Agregar un widget emergente a un sitio web de Blogger","og_description":"\u00a1Crea una ventana emergente en Blogger sin codificar!","og_url":"https:\/\/elfsight.com\/es\/popup-widget\/blogger\/","og_site_name":"Elfsight ES","article_modified_time":"2025-02-06T15:28:28+00:00","twitter_card":"summary_large_image","twitter_misc":{"Tiempo de lectura":"3 minutos"},"schema":{"@context":"https:\/\/schema.org","@graph":[{"@type":"WebPage","@id":"https:\/\/elfsight.com\/es\/popup-widget\/blogger\/","url":"https:\/\/elfsight.com\/es\/popup-widget\/blogger\/","name":"Agregar un widget emergente a un sitio web de Blogger","isPartOf":{"@id":"https:\/\/elfsight.com\/es\/#website"},"datePublished":"1970-01-01T00:00:00+00:00","dateModified":"2025-02-06T15:28:28+00:00","description":"\u00a1Crea una ventana emergente en Blogger sin codificar!","breadcrumb":{"@id":"https:\/\/elfsight.com\/es\/popup-widget\/blogger\/#breadcrumb"},"inLanguage":"es","potentialAction":[{"@type":"ReadAction","target":["https:\/\/elfsight.com\/es\/popup-widget\/blogger\/"]}]},{"@type":"BreadcrumbList","@id":"https:\/\/elfsight.com\/es\/popup-widget\/blogger\/#breadcrumb","itemListElement":[{"@type":"ListItem","position":1,"name":"Home","item":"https:\/\/elfsight.com\/es\/"},{"@type":"ListItem","position":2,"name":"Popup","item":"https:\/\/elfsight.com\/es\/popup-widget\/"},{"@type":"ListItem","position":3,"name":"Popup &#8211; Blogger"}]},{"@type":"WebSite","@id":"https:\/\/elfsight.com\/es\/#website","url":"https:\/\/elfsight.com\/es\/","name":"Elfsight ES","description":"Just another Elfsight Sites site","potentialAction":[{"@type":"SearchAction","target":{"@type":"EntryPoint","urlTemplate":"https:\/\/elfsight.com\/es\/?s={search_term_string}"},"query-input":{"@type":"PropertyValueSpecification","valueRequired":true,"valueName":"search_term_string"}}],"inLanguage":"es"}]}},"meta_box":{"industry":"","seo_heading":"","heading":"","description":"","cta_heading":"","cta_description":"","application":"1487","h1":"Widget emergente de Blogger","h1_caption":"Construya una variedad de ventanas emergentes para anunciar descuentos y aumentar las ventas.","application_category":[],"applications_title":"","applications_request_title":"","applications_request_button_text":"","hero_text":"","hero_video":"","hero_video_schema_markup":"","selling_points_title":"","selling_points_caption":"","selling_points":[],"selling_points_cta_text":"","features_title":"","features":"","ed_cta_examples_text":"","ed_cta_examples_hidden":"","ed_cta_demo_text":"","ed_cta_demo_hidden":"","why_caption":"","why_editor_title":"","why_editor_text":"","why_team_title":"","why_team_text":"","why_service_title":"","why_service_text":"","template_catalog_visible":"","template_catalog_title":"","template_catalog_text":"","template_catalog_categories_visible":"","demo_title":"Crea tu widget emergente","demo_caption":"\u00a1Configura tu Popup y agr\u00e9galo a tu sitio web de Blogger gratis!","default_faq_hidden":"","app_template_category":[],"platform":"39","template_public_id":"","codecanyon_url":"","codecanyon_item_id":"","codecanyon_price":"","pricing_caption":"","pricing_elfsight_apps_hide_column":"","pricing_elfsight_apps_url":"","pricing_codecanyon_price_caption":"","integration_category":[],"integration_request_title":"","integration_request_cta":"","integration_platform":"","integrations":[],"platform_category":[],"video_schema_markup":"","price":"desde $0 \/ mes","trial":"","benefits":[{"text":"Servicio de instalaci\u00f3n gratuito"},{"text":"Servicio al cliente competente"},{"text":"Garant\u00eda de devoluci\u00f3n de dinero de 14 d\u00edas"},{"text":"Actualizaciones futuras"}],"button_url":"#demo","button_target_blank":"","button_nofollow":"","attributes":[{"name":"Instalaciones","content":"100,000 - 500,000"},{"name":"Sensible","content":"S\u00ed"},{"name":"Navegadores compatibles","content":"Firefox, Safari, Opera, Chrome, Edge"}],"tags":[],"tags_disable_links":"","hide_more_platforms":"","video_object":"","demo_hide_cta":"","demo_hide_cloud_options":"","pricing_title":"","pricing":[{"pricing_icon":"platform","pricing_title":"Elfsight Apps","pricing_title_caption":"Soluci\u00f3n digital multiplataforma que se adapta a cualquier sitio web","pricing_price":"desde $0 \/ mes","pricing_price_caption":"comienza con un plan gratuito","pricing_benefits":[{"text":"Sitios web ilimitados"},{"text":"Soporte 24 horas al d\u00eda, 7 d\u00edas a la semana"},{"text":"Ayuda de instalaci\u00f3n gratuita"},{"text":"Dise\u00f1o flexible"}],"pricing_button_text":"A\u00f1adir al sitio web","pricing_button_url":"#demo"}],"related_apps_title":"","related_apps_hidden":"","author":"","image":[],"title":"","job":"","social_networks":[]},"_links":{"self":[{"href":"https:\/\/elfsight.com\/es\/wp-json\/wp\/v2\/pages\/15538","targetHints":{"allow":["GET"]}}],"collection":[{"href":"https:\/\/elfsight.com\/es\/wp-json\/wp\/v2\/pages"}],"about":[{"href":"https:\/\/elfsight.com\/es\/wp-json\/wp\/v2\/types\/page"}],"author":[{"embeddable":true,"href":"https:\/\/elfsight.com\/es\/wp-json\/wp\/v2\/users\/9"}],"replies":[{"embeddable":true,"href":"https:\/\/elfsight.com\/es\/wp-json\/wp\/v2\/comments?post=15538"}],"version-history":[{"count":3,"href":"https:\/\/elfsight.com\/es\/wp-json\/wp\/v2\/pages\/15538\/revisions"}],"predecessor-version":[{"id":18343,"href":"https:\/\/elfsight.com\/es\/wp-json\/wp\/v2\/pages\/15538\/revisions\/18343"}],"up":[{"embeddable":true,"href":"https:\/\/elfsight.com\/es\/wp-json\/wp\/v2\/pages\/1488"}],"wp:attachment":[{"href":"https:\/\/elfsight.com\/es\/wp-json\/wp\/v2\/media?parent=15538"}],"curies":[{"name":"wp","href":"https:\/\/api.w.org\/{rel}","templated":true}]}}