{"id":15537,"date":"1970-01-01T00:00:00","date_gmt":"1970-01-01T00:00:00","guid":{"rendered":"https:\/\/elfsight.com\/es\/?page_id=15537"},"modified":"2025-02-06T15:28:28","modified_gmt":"2025-02-06T15:28:28","slug":"bigcommerce","status":"publish","type":"page","link":"https:\/\/elfsight.com\/es\/popup-widget\/bigcommerce\/","title":{"rendered":"Popup &#8211; BigCommerce"},"content":{"rendered":"<div class=\"application-platform-content-item-description application-platform-content-item\" id=\"description\" data-nav-section=\"description\"> <h2>Descripci\u00f3n<\/h2> <p>Con la ayuda de la aplicaci\u00f3n Elfsight Pop-up, eres capaz de configurar tus propios pop-ups de cualquier tipo y mostrarlos en tu p\u00e1gina web. Dale forma al pop up m\u00e1s adecuado, utilizando diferentes tipos de elementos. Cambiar la apariencia y disposici\u00f3n; seleccione el gatillo de apertura y ajuste el tiempo para lograr una mejor efectividad. Las ventanas emergentes de diferentes tipos permitir\u00e1n a las personas suscribirse a su correo electr\u00f3nico, obtener m\u00e1s informaci\u00f3n sobre sus ofertas, copiar cupones de descuento, conocer ventas y ofertas especiales, estar al tanto de los pr\u00f3ximos eventos en su sitio web y a\u00fan m\u00e1s.<\/p><p><b>Las ventanas emergentes lo ayudar\u00e1n a vender de manera m\u00e1s efectiva, anunciar pr\u00f3ximas actividades, recibir comentarios y suscriptores, y mucho m\u00e1s.<\/b><\/p> <\/div><div class=\"application-platform-content-item-features application-platform-content-item\" id=\"features\" data-nav-section=\"features\"> <h2>Caracter\u00edsticas<\/h2> <p>Vea todas las caracter\u00edsticas del widget. Est\u00e1n disponibles directamente en el editor y le ayudar\u00e1n a configurar el widget exactamente para su caso. <\/p> <ul><li>Doce bloques diferentes para dar forma a una ventana emergente;<\/li> <li>5 dise\u00f1os de ventanas emergentes incluidos para diversos casos;<\/li> <li>Colocar botones para redirigir a cualquier direcci\u00f3n;<\/li> <li>Cargar una imagen como fondo;<\/li> <li>La ventana emergente puede aparecer despu\u00e9s de un tiempo determinado de permanencia en la p\u00e1gina web o porcentaje de desplazamiento;<\/li> <li>Activadores de ventanas emergentes: hacer clic en un determinado elemento o desplazarse hacia abajo para it.<\/li> <\/ul> <p><a href=\"#demo\">Pruebe todas las dem\u00e1s funciones en la demostraci\u00f3n<\/a><\/p> <\/div><div class=\"application-platform-content-item-installation application-platform-content-item\" id=\"installation\" data-nav-section=\"installation\"><h2>\u00bfC\u00f3mo incrusto la aplicaci\u00f3n Popup en la tienda BigCommerce?<\/h2><div class=\"video-container\"><iframe width=\"720\" height=\"405\" src=\"https:\/\/www.youtube.com\/embed\/szhSWHuYstw\" frameborder=\"0\"><\/iframe><\/div> <p>Simplemente siga estos pasos que se presentan a continuaci\u00f3n para insertar el widget en BigCommerce.<\/p> <ol><li><b>Emplee nuestro editor gratuito y comience a crear su aplicaci\u00f3n personalizada. <\/b><br> Elija la interfaz y las caracter\u00edsticas adecuadas del widget y guarde las modificaciones. <\/li> <li><b>Reciba su c\u00f3digo \u00fanico que aparece en la ventana de Elfsight Apps. <\/b><br> Cuando finalice la configuraci\u00f3n de su widget emergente, copie el c\u00f3digo personal en la ventana emergente que aparece y gu\u00e1rdelo para usarlo en el futuro. <\/li> <li><b>Iniciar el uso del complemento en el sitio de BigCommerce. <\/b><br>Implemente el c\u00f3digo copiado recientemente en su sitio web y guarde las mejoras. <\/li> <li><b>\u00a1Ya terminaste! La integraci\u00f3n se logra con \u00e9xito. <\/b><br> Vaya a su sitio para ver en acci\u00f3n el rendimiento de la herramienta. <\/li><\/ol><p>No dudes en comunicarte con nuestro servicio de soporte cuando necesites ayuda o tengas preguntas. Le ayudaremos con cada solicitud. <\/p> <div class=\"faq\" data-component=\"FAQ\"> <div class=\"faq-item\">\r\n\t\t\t\t\t<div class=\"faq-item-question\">\r\n\t\t\t\t\t\t<h3 class=\"faq-item-question-text\">\u00bfC\u00f3mo agregar un bot\u00f3n de PayPal a mi sitio web de BigCommerce sin conocimientos de codificaci\u00f3n?<\/h3>\r\n\r\n\t\t\t\t\t\t<div class=\"faq-item-question-icon\"><\/div>\r\n\t\t\t\t\t<\/div>\r\n\r\n\t\t\t\t\t<div class=\"faq-item-answer\">\r\n\t\t\t\t\t\t<div class=\"faq-item-answer-text\"> <p>Elfsight proporciona una soluci\u00f3n SaaS que le permite crear un widget de bot\u00f3n de PayPal usted mismo. Vea lo f\u00e1cil que es el proceso: trabaje directamente en el editor en l\u00ednea para crear un widget de bot\u00f3n de PayPal que le gustar\u00eda ver en su sitio web de BigCommerce. Elija una de las plantillas predise\u00f1adas y ajuste la configuraci\u00f3n del bot\u00f3n de PayPal, agregue su contenido, cambie el dise\u00f1o y los colores sin conocimientos de codificaci\u00f3n. Guarde el bot\u00f3n de PayPal y copie su c\u00f3digo de instalaci\u00f3n, que puede pegar f\u00e1cilmente en su sitio web de BigCommerce sin necesidad de comprar una versi\u00f3n paga. Con nuestro editor intuitivo, cualquier usuario de Internet puede crear un widget de bot\u00f3n de PayPal en l\u00ednea e incrustarlo f\u00e1cilmente en su sitio web BigCommerce. No es necesario pagar ni ingresar las credenciales de su tarjeta para acceder al servicio. Si tiene alg\u00fan problema en cualquier paso, no dude en ponerse en contacto con nuestro equipo de soporte t\u00e9cnico.<\/p> <\/div>\r\n\t\t\t\t\t<\/div>\r\n\t\t\t\t<\/div> <\/div> <\/div>","protected":false},"excerpt":{"rendered":"","protected":false},"author":9,"featured_media":0,"parent":1488,"menu_order":0,"comment_status":"closed","ping_status":"closed","template":"templates\/template-application-platform.php","meta":{"publish_to_discourse":"","publish_post_category":"","wpdc_auto_publish_overridden":"","wpdc_topic_tags":"","wpdc_pin_topic":"","wpdc_pin_until":"","discourse_post_id":"","discourse_permalink":"","wpdc_publishing_response":"","wpdc_publishing_error":"","footnotes":""},"class_list":["post-15537","page","type-page","status-publish","hentry"],"yoast_head":"<!-- This site is optimized with the Yoast SEO plugin v25.3.1 - https:\/\/yoast.com\/wordpress\/plugins\/seo\/ -->\n<title>Widget emergente | Agregue la aplicaci\u00f3n Popup al sitio web de BigCommerce (gratis y r\u00e1pido)<\/title>\n<meta name=\"description\" content=\"Con Elfsight, d\u00e9 forma a su aplicaci\u00f3n emergente y mu\u00e9strela r\u00e1pidamente en la tienda BigCommerce. Ofrecemos atenci\u00f3n al cliente gratuita y m\u00e1s bonificaciones.\" \/>\n<meta name=\"robots\" content=\"index, follow, max-snippet:-1, max-image-preview:large, max-video-preview:-1\" \/>\n<link rel=\"canonical\" href=\"https:\/\/elfsight.com\/es\/popup-widget\/bigcommerce\/\" \/>\n<meta property=\"og:locale\" content=\"es_ES\" \/>\n<meta property=\"og:type\" content=\"article\" \/>\n<meta property=\"og:title\" content=\"Widget emergente | Agregue la aplicaci\u00f3n Popup al sitio web de BigCommerce (gratis y r\u00e1pido)\" \/>\n<meta property=\"og:description\" content=\"Con Elfsight, d\u00e9 forma a su aplicaci\u00f3n emergente y mu\u00e9strela r\u00e1pidamente en la tienda BigCommerce. Ofrecemos atenci\u00f3n al cliente gratuita y m\u00e1s bonificaciones.\" \/>\n<meta property=\"og:url\" content=\"https:\/\/elfsight.com\/es\/popup-widget\/bigcommerce\/\" \/>\n<meta property=\"og:site_name\" content=\"Elfsight ES\" \/>\n<meta property=\"article:modified_time\" content=\"2025-02-06T15:28:28+00:00\" \/>\n<meta name=\"twitter:card\" content=\"summary_large_image\" \/>\n<meta name=\"twitter:label1\" content=\"Tiempo de lectura\" \/>\n\t<meta name=\"twitter:data1\" content=\"3 minutos\" \/>\n<!-- \/ Yoast SEO plugin. -->","yoast_head_json":{"title":"Widget emergente | Agregue la aplicaci\u00f3n Popup al sitio web de BigCommerce (gratis y r\u00e1pido)","description":"Con Elfsight, d\u00e9 forma a su aplicaci\u00f3n emergente y mu\u00e9strela r\u00e1pidamente en la tienda BigCommerce. Ofrecemos atenci\u00f3n al cliente gratuita y m\u00e1s bonificaciones.","robots":{"index":"index","follow":"follow","max-snippet":"max-snippet:-1","max-image-preview":"max-image-preview:large","max-video-preview":"max-video-preview:-1"},"canonical":"https:\/\/elfsight.com\/es\/popup-widget\/bigcommerce\/","og_locale":"es_ES","og_type":"article","og_title":"Widget emergente | Agregue la aplicaci\u00f3n Popup al sitio web de BigCommerce (gratis y r\u00e1pido)","og_description":"Con Elfsight, d\u00e9 forma a su aplicaci\u00f3n emergente y mu\u00e9strela r\u00e1pidamente en la tienda BigCommerce. Ofrecemos atenci\u00f3n al cliente gratuita y m\u00e1s bonificaciones.","og_url":"https:\/\/elfsight.com\/es\/popup-widget\/bigcommerce\/","og_site_name":"Elfsight ES","article_modified_time":"2025-02-06T15:28:28+00:00","twitter_card":"summary_large_image","twitter_misc":{"Tiempo de lectura":"3 minutos"},"schema":{"@context":"https:\/\/schema.org","@graph":[{"@type":"WebPage","@id":"https:\/\/elfsight.com\/es\/popup-widget\/bigcommerce\/","url":"https:\/\/elfsight.com\/es\/popup-widget\/bigcommerce\/","name":"Widget emergente | Agregue la aplicaci\u00f3n Popup al sitio web de BigCommerce (gratis y r\u00e1pido)","isPartOf":{"@id":"https:\/\/elfsight.com\/es\/#website"},"datePublished":"1970-01-01T00:00:00+00:00","dateModified":"2025-02-06T15:28:28+00:00","description":"Con Elfsight, d\u00e9 forma a su aplicaci\u00f3n emergente y mu\u00e9strela r\u00e1pidamente en la tienda BigCommerce. Ofrecemos atenci\u00f3n al cliente gratuita y m\u00e1s bonificaciones.","breadcrumb":{"@id":"https:\/\/elfsight.com\/es\/popup-widget\/bigcommerce\/#breadcrumb"},"inLanguage":"es","potentialAction":[{"@type":"ReadAction","target":["https:\/\/elfsight.com\/es\/popup-widget\/bigcommerce\/"]}]},{"@type":"BreadcrumbList","@id":"https:\/\/elfsight.com\/es\/popup-widget\/bigcommerce\/#breadcrumb","itemListElement":[{"@type":"ListItem","position":1,"name":"Home","item":"https:\/\/elfsight.com\/es\/"},{"@type":"ListItem","position":2,"name":"Popup","item":"https:\/\/elfsight.com\/es\/popup-widget\/"},{"@type":"ListItem","position":3,"name":"Popup &#8211; BigCommerce"}]},{"@type":"WebSite","@id":"https:\/\/elfsight.com\/es\/#website","url":"https:\/\/elfsight.com\/es\/","name":"Elfsight ES","description":"Just another Elfsight Sites site","potentialAction":[{"@type":"SearchAction","target":{"@type":"EntryPoint","urlTemplate":"https:\/\/elfsight.com\/es\/?s={search_term_string}"},"query-input":{"@type":"PropertyValueSpecification","valueRequired":true,"valueName":"search_term_string"}}],"inLanguage":"es"}]}},"meta_box":{"industry":"","seo_heading":"","heading":"","description":"","cta_heading":"","cta_description":"","application":"1487","h1":"Aplicaci\u00f3n emergente BigCommerce","h1_caption":"Crea todo tipo de pop-ups para promocionar ofertas y aumentar las ventas.","application_category":[],"applications_title":"","applications_request_title":"","applications_request_button_text":"","hero_text":"","hero_video":"","hero_video_schema_markup":"","selling_points_title":"","selling_points_caption":"","selling_points":[],"selling_points_cta_text":"","features_title":"","features":"","ed_cta_examples_text":"","ed_cta_examples_hidden":"","ed_cta_demo_text":"","ed_cta_demo_hidden":"","why_caption":"","why_editor_title":"","why_editor_text":"","why_team_title":"","why_team_text":"","why_service_title":"","why_service_text":"","template_catalog_visible":"","template_catalog_title":"","template_catalog_text":"","template_catalog_categories_visible":"","demo_title":"Crea tu aplicaci\u00f3n emergente","demo_caption":"\u00a1Configure su ventana emergente y agr\u00e9guela a su sitio web BigCommerce gratis!","default_faq_hidden":"","app_template_category":[],"platform":"33","template_public_id":"","codecanyon_url":"","codecanyon_item_id":"","codecanyon_price":"","pricing_caption":"","pricing_elfsight_apps_hide_column":"","pricing_elfsight_apps_url":"","pricing_codecanyon_price_caption":"","integration_category":[],"integration_request_title":"","integration_request_cta":"","integration_platform":"","integrations":[],"platform_category":[],"video_schema_markup":"","price":"desde $0 \/ mes","trial":"","benefits":[{"text":"Asistencia de instalaci\u00f3n gratuita"},{"text":"Soporte premium"},{"text":"Garant\u00eda de devoluci\u00f3n de dinero de 14 d\u00edas"},{"text":"Actualizando constantemente"}],"button_url":"#demo","button_target_blank":"","button_nofollow":"","attributes":[{"name":"Instalaciones","content":"100,000 - 500,000"},{"name":"Sensible","content":"S\u00ed"},{"name":"Navegadores compatibles","content":"Firefox, Safari, Opera, Chrome, Edge"}],"tags":[],"tags_disable_links":"","hide_more_platforms":"","video_object":"","demo_hide_cta":"","demo_hide_cloud_options":"","pricing_title":"","pricing":[{"pricing_icon":"platform","pricing_title":"Elfsight Apps","pricing_title_caption":"Software independiente de la plataforma que funciona en cualquier sitio","pricing_price":"desde $0 \/ mes","pricing_price_caption":"comienza con el plan gratuito","pricing_benefits":[{"text":"Dominios ilimitados"},{"text":"Atenci\u00f3n al cliente 24 horas al d\u00eda, 7 d\u00edas a la semana y bien documentada."},{"text":"Soporte de instalaci\u00f3n gratuito"},{"text":"100% personalizable"}],"pricing_button_text":"A\u00f1adir al sitio web","pricing_button_url":"#demo"}],"related_apps_title":"","related_apps_hidden":"","author":"","image":[],"title":"","job":"","social_networks":[]},"_links":{"self":[{"href":"https:\/\/elfsight.com\/es\/wp-json\/wp\/v2\/pages\/15537","targetHints":{"allow":["GET"]}}],"collection":[{"href":"https:\/\/elfsight.com\/es\/wp-json\/wp\/v2\/pages"}],"about":[{"href":"https:\/\/elfsight.com\/es\/wp-json\/wp\/v2\/types\/page"}],"author":[{"embeddable":true,"href":"https:\/\/elfsight.com\/es\/wp-json\/wp\/v2\/users\/9"}],"replies":[{"embeddable":true,"href":"https:\/\/elfsight.com\/es\/wp-json\/wp\/v2\/comments?post=15537"}],"version-history":[{"count":3,"href":"https:\/\/elfsight.com\/es\/wp-json\/wp\/v2\/pages\/15537\/revisions"}],"predecessor-version":[{"id":18344,"href":"https:\/\/elfsight.com\/es\/wp-json\/wp\/v2\/pages\/15537\/revisions\/18344"}],"up":[{"embeddable":true,"href":"https:\/\/elfsight.com\/es\/wp-json\/wp\/v2\/pages\/1488"}],"wp:attachment":[{"href":"https:\/\/elfsight.com\/es\/wp-json\/wp\/v2\/media?parent=15537"}],"curies":[{"name":"wp","href":"https:\/\/api.w.org\/{rel}","templated":true}]}}