{"id":15487,"date":"2024-05-03T06:38:35","date_gmt":"2024-05-03T06:38:35","guid":{"rendered":"https:\/\/elfsight.com\/es\/?page_id=15487"},"modified":"2025-02-06T14:59:34","modified_gmt":"2025-02-06T14:59:34","slug":"woocommerce","status":"publish","type":"page","link":"https:\/\/elfsight.com\/es\/google-maps-widget\/woocommerce\/","title":{"rendered":"Google Maps &#8211; WooCommerce"},"content":{"rendered":"<div class=\"application-platform-content-item-description application-platform-content-item\" id=\"description\" data-nav-section=\"description\"><h2>Descripci\u00f3n<\/h2><p>F\u00e1cil de crear, efectivo y completamente personalizable, este instrumento hace que encontrar ubicaciones sea mucho m\u00e1s f\u00e1cil para tus usuarios. Eficiente para atraer clientes reales, r\u00e1pida integraci\u00f3n y personalizaci\u00f3n de la interfaz lo convierten en posiblemente la mejor compra para cada sitio de WooCommerce.<\/p><p><b>\u00a1Atrae m\u00e1s clientes reales con mapas responsivos en tu sitio web!<\/b><\/p><\/div> <div class=\"application-platform-content-item-features application-platform-content-item\" id=\"features\" data-nav-section=\"features\"><h2>Ofrecemos caracter\u00edsticas valiosas y r\u00e1pidas, ve algunas de ellas:<\/h2><ul><li>Ac\u00e9rcate a los usuarios;<\/li><li>Busca y consigue clientes locales;<\/li><li>Ahorra tiempo en la construcci\u00f3n de mapas.<\/li><\/ul><p><a href=\"#demo\">Solo revisa esta demostraci\u00f3n para ver c\u00f3mo funciona<\/a><\/p><\/div><div class=\"application-platform-content-item-installation application-platform-content-item\" id=\"installation\" data-nav-section=\"installation\"><h2>\u00bfC\u00f3mo agregar Google Maps a mi sitio de WooCommerce?<\/h2><p>Sigue las pautas a continuaci\u00f3n para insertar el widget.<\/p><ol><li><b>Usa nuestra demostraci\u00f3n gratuita, comienza a construir tu propio plugin.<\/b><br>Determina el aspecto y los par\u00e1metros adecuados del widget y aplica las correcciones.<\/li><li><b>Obt\u00e9n tu c\u00f3digo individual que se muestra en la ventana de Elfsight Apps.<\/b><br>Despu\u00e9s de crear tu widget, copia el c\u00f3digo exclusivo que aparece en la ventana y gu\u00e1rdalo para su uso futuro.<\/li><li><b>Comienza a usar el plugin en la p\u00e1gina de inicio de WooCommerce.<\/b><br>Integra el c\u00f3digo que has guardado recientemente en tu p\u00e1gina web y guarda los ajustes.<\/li><li><b>La instalaci\u00f3n ha finalizado con \u00e9xito.<\/b><br>Ve a tu sitio para verificar el funcionamiento de la herramienta.<\/li><\/ol><p>Si tienes dudas o encuentras obst\u00e1culos, no dudes en ponerte en contacto con nuestro equipo de soporte. Estaremos encantados de resolver cualquier problema que tengas con el producto.<\/p><div class=\"faq\" data-component=\"FAQ\"><div class=\"faq-item\">\r\n\t\t\t\t\t<div class=\"faq-item-question\">\r\n\t\t\t\t\t\t<h3 class=\"faq-item-question-text\">\u00bfC\u00f3mo puedo agregar Google Maps a mi sitio de WooCommerce sin habilidades de codificaci\u00f3n?<\/h3>\r\n\r\n\t\t\t\t\t\t<div class=\"faq-item-question-icon\"><\/div>\r\n\t\t\t\t\t<\/div>\r\n\r\n\t\t\t\t\t<div class=\"faq-item-answer\">\r\n\t\t\t\t\t\t<div class=\"faq-item-answer-text\"> <p>Elfsight ofrece una soluci\u00f3n SaaS que te permite crear un widget de Google Maps por ti mismo, mira lo f\u00e1cil que es el proceso: Trabaja directamente en el Editor en l\u00ednea para crear el widget de Google Maps que te gustar\u00eda ver en tu sitio de WooCommerce. Elige una de las plantillas predefinidas y ajusta la configuraci\u00f3n de Google Maps, agrega tu contenido, cambia el dise\u00f1o y los colores sin habilidades de codificaci\u00f3n. Guarda el Google Maps y copia su c\u00f3digo de instalaci\u00f3n, que puedes incluir f\u00e1cilmente en tu sitio de WooCommerce sin necesidad de comprar una suscripci\u00f3n de pago. Con nuestro Editor intuitivo, cualquier usuario de internet puede crear un widget de Google Maps en l\u00ednea y a\u00f1adirlo f\u00e1cilmente a su sitio de WooCommerce. No es necesario pagar ni introducir tus datos de tarjeta para acceder al servicio. Si tienes alg\u00fan problema en alg\u00fan paso, no dudes en contactar con nuestro equipo de soporte t\u00e9cnico.<\/p> <\/div>\r\n\t\t\t\t\t<\/div>\r\n\t\t\t\t<\/div> <\/div><\/div>","protected":false},"excerpt":{"rendered":"","protected":false},"author":9,"featured_media":0,"parent":1936,"menu_order":0,"comment_status":"closed","ping_status":"closed","template":"templates\/template-application-platform.php","meta":{"publish_to_discourse":"","publish_post_category":"","wpdc_auto_publish_overridden":"","wpdc_topic_tags":"","wpdc_pin_topic":"","wpdc_pin_until":"","discourse_post_id":"","discourse_permalink":"","wpdc_publishing_response":"","wpdc_publishing_error":"","footnotes":""},"class_list":["post-15487","page","type-page","status-publish","hentry"],"yoast_head":"<!-- This site is optimized with the Yoast SEO plugin v25.3.1 - https:\/\/yoast.com\/wordpress\/plugins\/seo\/ -->\n<title>Complemento WooCommerce Google Maps para su sitio web (2025)<\/title>\n<meta name=\"description\" content=\"Puede personalizar el complemento responsivo de Google Maps ahora mismo e incrustarlo en su sitio web WooCommerce directamente a trav\u00e9s de la demostraci\u00f3n.\" \/>\n<meta name=\"robots\" content=\"index, follow, max-snippet:-1, max-image-preview:large, max-video-preview:-1\" \/>\n<link rel=\"canonical\" href=\"https:\/\/elfsight.com\/es\/google-maps-widget\/woocommerce\/\" \/>\n<meta property=\"og:locale\" content=\"es_ES\" \/>\n<meta property=\"og:type\" content=\"article\" \/>\n<meta property=\"og:title\" content=\"Complemento WooCommerce Google Maps para su sitio web (2025)\" \/>\n<meta property=\"og:description\" content=\"Puede personalizar el complemento responsivo de Google Maps ahora mismo e incrustarlo en su sitio web WooCommerce directamente a trav\u00e9s de la demostraci\u00f3n.\" \/>\n<meta property=\"og:url\" content=\"https:\/\/elfsight.com\/es\/google-maps-widget\/woocommerce\/\" \/>\n<meta property=\"og:site_name\" content=\"Elfsight ES\" \/>\n<meta property=\"article:modified_time\" content=\"2025-02-06T14:59:34+00:00\" \/>\n<meta name=\"twitter:card\" content=\"summary_large_image\" \/>\n<meta name=\"twitter:label1\" content=\"Tiempo de lectura\" \/>\n\t<meta name=\"twitter:data1\" content=\"2 minutos\" \/>\n<!-- \/ Yoast SEO plugin. -->","yoast_head_json":{"title":"Complemento WooCommerce Google Maps para su sitio web (2025)","description":"Puede personalizar el complemento responsivo de Google Maps ahora mismo e incrustarlo en su sitio web WooCommerce directamente a trav\u00e9s de la demostraci\u00f3n.","robots":{"index":"index","follow":"follow","max-snippet":"max-snippet:-1","max-image-preview":"max-image-preview:large","max-video-preview":"max-video-preview:-1"},"canonical":"https:\/\/elfsight.com\/es\/google-maps-widget\/woocommerce\/","og_locale":"es_ES","og_type":"article","og_title":"Complemento WooCommerce Google Maps para su sitio web (2025)","og_description":"Puede personalizar el complemento responsivo de Google Maps ahora mismo e incrustarlo en su sitio web WooCommerce directamente a trav\u00e9s de la demostraci\u00f3n.","og_url":"https:\/\/elfsight.com\/es\/google-maps-widget\/woocommerce\/","og_site_name":"Elfsight ES","article_modified_time":"2025-02-06T14:59:34+00:00","twitter_card":"summary_large_image","twitter_misc":{"Tiempo de lectura":"2 minutos"},"schema":{"@context":"https:\/\/schema.org","@graph":[{"@type":"WebPage","@id":"https:\/\/elfsight.com\/es\/google-maps-widget\/woocommerce\/","url":"https:\/\/elfsight.com\/es\/google-maps-widget\/woocommerce\/","name":"Complemento WooCommerce Google Maps para su sitio web (2025)","isPartOf":{"@id":"https:\/\/elfsight.com\/es\/#website"},"datePublished":"2024-05-03T06:38:35+00:00","dateModified":"2025-02-06T14:59:34+00:00","description":"Puede personalizar el complemento responsivo de Google Maps ahora mismo e incrustarlo en su sitio web WooCommerce directamente a trav\u00e9s de la demostraci\u00f3n.","breadcrumb":{"@id":"https:\/\/elfsight.com\/es\/google-maps-widget\/woocommerce\/#breadcrumb"},"inLanguage":"es","potentialAction":[{"@type":"ReadAction","target":["https:\/\/elfsight.com\/es\/google-maps-widget\/woocommerce\/"]}]},{"@type":"BreadcrumbList","@id":"https:\/\/elfsight.com\/es\/google-maps-widget\/woocommerce\/#breadcrumb","itemListElement":[{"@type":"ListItem","position":1,"name":"Home","item":"https:\/\/elfsight.com\/es\/"},{"@type":"ListItem","position":2,"name":"Google Maps","item":"https:\/\/elfsight.com\/es\/google-maps-widget\/"},{"@type":"ListItem","position":3,"name":"Google Maps &#8211; WooCommerce"}]},{"@type":"WebSite","@id":"https:\/\/elfsight.com\/es\/#website","url":"https:\/\/elfsight.com\/es\/","name":"Elfsight ES","description":"Just another Elfsight Sites site","potentialAction":[{"@type":"SearchAction","target":{"@type":"EntryPoint","urlTemplate":"https:\/\/elfsight.com\/es\/?s={search_term_string}"},"query-input":{"@type":"PropertyValueSpecification","valueRequired":true,"valueName":"search_term_string"}}],"inLanguage":"es"}]}},"meta_box":{"industry":"","seo_heading":"","heading":"","description":"","cta_heading":"","cta_description":"","application":"1935","h1":"Complemento de Google Maps para WooCommerce","h1_caption":"Incorpore un mapa de Google responsivo para mostrar su ubicaci\u00f3n o m\u00faltiples ubicaciones para una f\u00e1cil navegaci\u00f3n en su sitio web WooCommerce sin esfuerzo.","application_category":[],"applications_title":"","applications_request_title":"","applications_request_button_text":"","hero_text":"","hero_video":"","hero_video_schema_markup":"","selling_points_title":"","selling_points_caption":"","selling_points":[],"selling_points_cta_text":"","features_title":"","features":"","ed_cta_examples_text":"","ed_cta_examples_hidden":"","ed_cta_demo_text":"","ed_cta_demo_hidden":"","why_caption":"","why_editor_title":"","why_editor_text":"","why_team_title":"","why_team_text":"","why_service_title":"","why_service_text":"","template_catalog_visible":"","template_catalog_title":"","template_catalog_text":"","template_catalog_categories_visible":"","demo_title":"Crea tu aplicaci\u00f3n Google Maps","demo_caption":"\u00a1Configura tu Google Maps y agr\u00e9galo a tu sitio web WooCommerce gratis!","default_faq_hidden":"","app_template_category":[],"platform":"2311","template_public_id":"","codecanyon_url":"","codecanyon_item_id":"","codecanyon_price":"","pricing_caption":"","pricing_elfsight_apps_hide_column":"","pricing_elfsight_apps_url":"","pricing_codecanyon_price_caption":"","integration_category":[],"integration_request_title":"","integration_request_cta":"","integration_platform":"","integrations":[],"platform_category":[],"video_schema_markup":"","price":"desde $0 \/ mes","trial":"","benefits":[{"text":"Asistencia de instalaci\u00f3n gratuita"},{"text":"Soporte excepcional"},{"text":"Garant\u00eda de devoluci\u00f3n de dinero de 14 d\u00edas"},{"text":"Actualizaciones gratuitas continuas"}],"button_url":"#demo","button_target_blank":"","button_nofollow":"","attributes":[{"name":"Instalaciones","content":"100,000 - 500,000"},{"name":"Sensible","content":"S\u00ed"},{"name":"Navegadores compatibles","content":"Firefox, Safari, Opera, Chrome, Edge"}],"tags":[],"tags_disable_links":"","hide_more_platforms":"","video_object":"","demo_hide_cta":"","demo_hide_cloud_options":"","pricing_title":"","pricing":[{"pricing_icon":"platform","pricing_title":"Elfsight Apps","pricing_title_caption":"Versi\u00f3n multiplataforma que funciona en cualquier sitio web.","pricing_price":"desde $0 \/ mes","pricing_price_caption":"comienza con un plan gratuito","pricing_benefits":[{"text":"Sitios web ilimitados"},{"text":"Soporte r\u00e1pido, puntual y bien documentado."},{"text":"Ayuda de instalaci\u00f3n gratuita"},{"text":"100% personalizable"}],"pricing_button_text":"A\u00f1adir al sitio web","pricing_button_url":"#demo"}],"related_apps_title":"","related_apps_hidden":"","author":"","image":[],"title":"","job":"","social_networks":[]},"_links":{"self":[{"href":"https:\/\/elfsight.com\/es\/wp-json\/wp\/v2\/pages\/15487","targetHints":{"allow":["GET"]}}],"collection":[{"href":"https:\/\/elfsight.com\/es\/wp-json\/wp\/v2\/pages"}],"about":[{"href":"https:\/\/elfsight.com\/es\/wp-json\/wp\/v2\/types\/page"}],"author":[{"embeddable":true,"href":"https:\/\/elfsight.com\/es\/wp-json\/wp\/v2\/users\/9"}],"replies":[{"embeddable":true,"href":"https:\/\/elfsight.com\/es\/wp-json\/wp\/v2\/comments?post=15487"}],"version-history":[{"count":3,"href":"https:\/\/elfsight.com\/es\/wp-json\/wp\/v2\/pages\/15487\/revisions"}],"predecessor-version":[{"id":17747,"href":"https:\/\/elfsight.com\/es\/wp-json\/wp\/v2\/pages\/15487\/revisions\/17747"}],"up":[{"embeddable":true,"href":"https:\/\/elfsight.com\/es\/wp-json\/wp\/v2\/pages\/1936"}],"wp:attachment":[{"href":"https:\/\/elfsight.com\/es\/wp-json\/wp\/v2\/media?parent=15487"}],"curies":[{"name":"wp","href":"https:\/\/api.w.org\/{rel}","templated":true}]}}