{"id":15482,"date":"2024-05-03T06:38:41","date_gmt":"2024-05-03T06:38:41","guid":{"rendered":"https:\/\/elfsight.com\/es\/?page_id=15482"},"modified":"2025-02-06T14:59:34","modified_gmt":"2025-02-06T14:59:34","slug":"wix","status":"publish","type":"page","link":"https:\/\/elfsight.com\/es\/google-maps-widget\/wix\/","title":{"rendered":"Google Maps &#8211; Wix"},"content":{"rendered":"<div class=\"application-platform-content-item-description application-platform-content-item\" id=\"description\" data-nav-section=\"description\"><h2>Descripci\u00f3n<\/h2><p>Instalaci\u00f3n sencilla, multifuncionalidad y total personalizaci\u00f3n te ayudar\u00e1n a crear mapas que faciliten encontrar ubicaciones. Eficiente para atraer clientes fuera de l\u00ednea, f\u00e1cil en instalaci\u00f3n y personalizaci\u00f3n de la interfaz, \u00a1es posiblemente la mejor herramienta para cada sitio de Wix!<\/p><b>\u00a1Genera m\u00e1s clientes reales con mapas interactivos en tu sitio web!<\/b><ul>         <li><b>M\u00e1s pedidos de compradores en tu sitio web.<\/b>Proporciona datos de contacto completos (direcci\u00f3n, n\u00famero de tel\u00e9fono, horario de mensajer\u00eda, horario comercial, etc.), para que tus futuros clientes puedan contactarte de la forma m\u00e1s c\u00f3moda para ellos.<\/li>         <li><b>Aumenta la conversi\u00f3n de tu sitio web con la ayuda de una tarjeta informativa extensa de tu empresa.<\/b>Muestra informaci\u00f3n de contacto completa para encontrar m\u00e1s usuarios potenciales que deseen contactarte y estimularlos a dar el siguiente paso hacia la compra.<\/li>         <li><b>Ahorra tiempo personal en la creaci\u00f3n de mapas.<\/b>Decenas de configuraciones disponibles con solo 2 clics, crea el mapa m\u00e1s potente para tu sitio web en solo unos segundos.<\/li><\/ul><\/div><div class=\"application-platform-content-item-features application-platform-content-item\" id=\"features\" data-nav-section=\"features\"><h2>Caracter\u00edsticas<\/h2>\u00bfQu\u00e9 opciones convierten el mapa de Elfsight en el mejor para tu sitio de Wix?<ul>         <li>Construcci\u00f3n autom\u00e1tica de rutas desde la ubicaci\u00f3n del visitante;<\/li>         <li>Soporte de todas las funciones de Google Maps: capas, tipos de mapas, controles;<\/li>         <li>Editar el t\u00edtulo del panel de ubicaci\u00f3n y elegir elementos;<\/li>         <li>5 esquemas de colores predefinidos;<\/li>         <li>Editor f\u00e1cil de usar (no se requiere codificaci\u00f3n).<\/li><\/ul><a href=\"#demo\">\u00a1Prueba todas las funciones en el editor!<\/a><\/div><div class=\"application-platform-content-item-installation application-platform-content-item\" id=\"installation\" data-nav-section=\"installation\"><h2>C\u00f3mo agregar la aplicaci\u00f3n de Google Maps a un sitio de Wix<\/h2><div class=\"video-container\"><iframe width=\"720\" height=\"405\" src=\"https:\/\/www.youtube.com\/embed\/8MUxzhX70Os\" frameborder=\"0\" allowfullscreen=\"\"><\/iframe><\/div>Un manual conciso sobre c\u00f3mo integrar mapas responsivos en Wix por tu cuenta. Para hacerlo, no necesitas contratar un desarrollador ni tener habilidades en codificaci\u00f3n. El tiempo de instalaci\u00f3n es solo de 3 minutos en promedio.<ol>         <li><b>Crea tu Google Maps personalizado.<\/b>Con nuestro <a href=\"#demo\">editor gratuito<\/a>, un widget con el dise\u00f1o y configuraciones deseadas.<\/li>         <li><b>Obt\u00e9n el c\u00f3digo para mostrar el widget.<\/b>Despu\u00e9s de configurar el widget, obt\u00e9n el c\u00f3digo para el mapa desde la ventana emergente en Elfsight Apps.<\/li>         <li><b>Coloca el widget en el sitio de Wix.<\/b>Muestra el widget en el lugar deseado de tu sitio web y aplica los resultados.<\/li>         <li><b>\u00a1La instalaci\u00f3n est\u00e1 completa!<\/b>Ve a tu sitio para ver el resultado.<\/li><\/ol>\u00bfTienes dificultades o problemas mientras sigues las instrucciones o configuras un mapa personalizado? Lee el manual completo \u00ab<a href=\"https:\/\/elfsight.com\/tutorials\/how-to-add-google-maps-builder-to-wix\/\" target=\"_blank\" rel=\"noopener noreferrer\">C\u00f3mo insertar un mapa en un sitio de Wix<\/a>\u00bb o contacta al centro de soporte de Elfsight y estaremos encantados de ayudarte a crear y mostrar mapas en tu sitio web.<div class=\"faq\" data-component=\"FAQ\"><div class=\"faq-item\">\r\n\t\t\t\t\t<div class=\"faq-item-question\">\r\n\t\t\t\t\t\t<h3 class=\"faq-item-question-text\">\u00bfC\u00f3mo puedo agregar Google Maps a mi sitio de Wix sin habilidades de codificaci\u00f3n?<\/h3>\r\n\r\n\t\t\t\t\t\t<div class=\"faq-item-question-icon\"><\/div>\r\n\t\t\t\t\t<\/div>\r\n\r\n\t\t\t\t\t<div class=\"faq-item-answer\">\r\n\t\t\t\t\t\t<div class=\"faq-item-answer-text\"> <p>Elfsight ofrece una soluci\u00f3n SaaS que te permite crear un widget de Google Maps t\u00fa mismo, mira lo f\u00e1cil que es el proceso: Trabaja directamente en el Editor en l\u00ednea para crear el widget de Google Maps que te gustar\u00eda ver en tu sitio de Wix. Elige una de las plantillas predefinidas y ajusta la configuraci\u00f3n de Google Maps, agrega tu contenido, cambia el dise\u00f1o y los colores sin habilidades de codificaci\u00f3n. Guarda el Google Maps y copia su c\u00f3digo de instalaci\u00f3n, que puedes incluir f\u00e1cilmente en tu sitio de Wix sin necesidad de comprar una versi\u00f3n de pago. Con nuestro Editor intuitivo, cualquier usuario de internet puede crear un widget de Google Maps en l\u00ednea y a\u00f1adirlo f\u00e1cilmente a su sitio de Wix. No es necesario pagar ni introducir tus datos de tarjeta para acceder al servicio. Si tienes alg\u00fan problema en alg\u00fan paso, no dudes en contactar con nuestro equipo de soporte t\u00e9cnico.<\/p> <\/div>\r\n\t\t\t\t\t<\/div>\r\n\t\t\t\t<\/div> <\/div><\/div>","protected":false},"excerpt":{"rendered":"","protected":false},"author":9,"featured_media":0,"parent":1936,"menu_order":0,"comment_status":"closed","ping_status":"closed","template":"templates\/template-application-platform.php","meta":{"publish_to_discourse":"","publish_post_category":"","wpdc_auto_publish_overridden":"","wpdc_topic_tags":"","wpdc_pin_topic":"","wpdc_pin_until":"","discourse_post_id":"","discourse_permalink":"","wpdc_publishing_response":"","wpdc_publishing_error":"","footnotes":""},"class_list":["post-15482","page","type-page","status-publish","hentry"],"yoast_head":"<!-- This site is optimized with the Yoast SEO plugin v25.3.1 - https:\/\/yoast.com\/wordpress\/plugins\/seo\/ -->\n<title>Google Maps: agrega la aplicaci\u00f3n de mapas al sitio web de Wix<\/title>\n<meta name=\"description\" content=\"Crea una aplicaci\u00f3n de Google Maps personalizada para el sitio Wix. Muestre mapas interactivos en solo 1 minuto de forma gratuita en el panel de widgets m\u00e1s \u00fatil.\" \/>\n<meta name=\"robots\" content=\"index, follow, max-snippet:-1, max-image-preview:large, max-video-preview:-1\" \/>\n<link rel=\"canonical\" href=\"https:\/\/elfsight.com\/es\/google-maps-widget\/wix\/\" \/>\n<meta property=\"og:locale\" content=\"es_ES\" \/>\n<meta property=\"og:type\" content=\"article\" \/>\n<meta property=\"og:title\" content=\"Google Maps: agrega la aplicaci\u00f3n de mapas al sitio web de Wix\" \/>\n<meta property=\"og:description\" content=\"Crea una aplicaci\u00f3n de Google Maps personalizada para el sitio Wix. Muestre mapas interactivos en solo 1 minuto de forma gratuita en el panel de widgets m\u00e1s \u00fatil.\" \/>\n<meta property=\"og:url\" content=\"https:\/\/elfsight.com\/es\/google-maps-widget\/wix\/\" \/>\n<meta property=\"og:site_name\" content=\"Elfsight ES\" \/>\n<meta property=\"article:modified_time\" content=\"2025-02-06T14:59:34+00:00\" \/>\n<meta name=\"twitter:card\" content=\"summary_large_image\" \/>\n<meta name=\"twitter:label1\" content=\"Tiempo de lectura\" \/>\n\t<meta name=\"twitter:data1\" content=\"3 minutos\" \/>\n<!-- \/ Yoast SEO plugin. -->","yoast_head_json":{"title":"Google Maps: agrega la aplicaci\u00f3n de mapas al sitio web de Wix","description":"Crea una aplicaci\u00f3n de Google Maps personalizada para el sitio Wix. Muestre mapas interactivos en solo 1 minuto de forma gratuita en el panel de widgets m\u00e1s \u00fatil.","robots":{"index":"index","follow":"follow","max-snippet":"max-snippet:-1","max-image-preview":"max-image-preview:large","max-video-preview":"max-video-preview:-1"},"canonical":"https:\/\/elfsight.com\/es\/google-maps-widget\/wix\/","og_locale":"es_ES","og_type":"article","og_title":"Google Maps: agrega la aplicaci\u00f3n de mapas al sitio web de Wix","og_description":"Crea una aplicaci\u00f3n de Google Maps personalizada para el sitio Wix. Muestre mapas interactivos en solo 1 minuto de forma gratuita en el panel de widgets m\u00e1s \u00fatil.","og_url":"https:\/\/elfsight.com\/es\/google-maps-widget\/wix\/","og_site_name":"Elfsight ES","article_modified_time":"2025-02-06T14:59:34+00:00","twitter_card":"summary_large_image","twitter_misc":{"Tiempo de lectura":"3 minutos"},"schema":{"@context":"https:\/\/schema.org","@graph":[{"@type":"WebPage","@id":"https:\/\/elfsight.com\/es\/google-maps-widget\/wix\/","url":"https:\/\/elfsight.com\/es\/google-maps-widget\/wix\/","name":"Google Maps: agrega la aplicaci\u00f3n de mapas al sitio web de Wix","isPartOf":{"@id":"https:\/\/elfsight.com\/es\/#website"},"datePublished":"2024-05-03T06:38:41+00:00","dateModified":"2025-02-06T14:59:34+00:00","description":"Crea una aplicaci\u00f3n de Google Maps personalizada para el sitio Wix. Muestre mapas interactivos en solo 1 minuto de forma gratuita en el panel de widgets m\u00e1s \u00fatil.","breadcrumb":{"@id":"https:\/\/elfsight.com\/es\/google-maps-widget\/wix\/#breadcrumb"},"inLanguage":"es","potentialAction":[{"@type":"ReadAction","target":["https:\/\/elfsight.com\/es\/google-maps-widget\/wix\/"]}]},{"@type":"BreadcrumbList","@id":"https:\/\/elfsight.com\/es\/google-maps-widget\/wix\/#breadcrumb","itemListElement":[{"@type":"ListItem","position":1,"name":"Home","item":"https:\/\/elfsight.com\/es\/"},{"@type":"ListItem","position":2,"name":"Google Maps","item":"https:\/\/elfsight.com\/es\/google-maps-widget\/"},{"@type":"ListItem","position":3,"name":"Google Maps &#8211; Wix"}]},{"@type":"WebSite","@id":"https:\/\/elfsight.com\/es\/#website","url":"https:\/\/elfsight.com\/es\/","name":"Elfsight ES","description":"Just another Elfsight Sites site","potentialAction":[{"@type":"SearchAction","target":{"@type":"EntryPoint","urlTemplate":"https:\/\/elfsight.com\/es\/?s={search_term_string}"},"query-input":{"@type":"PropertyValueSpecification","valueRequired":true,"valueName":"search_term_string"}}],"inLanguage":"es"}]}},"meta_box":{"industry":"","seo_heading":"","heading":"","description":"","cta_heading":"","cta_description":"","application":"1935","h1":"Aplicaci\u00f3n Google Maps para Wix","h1_caption":"Incrusta un mapa de Google responsivo para mostrar tu ubicaci\u00f3n o m\u00faltiples ubicaciones para una f\u00e1cil navegaci\u00f3n en tu sitio web Wix sin esfuerzo.","application_category":[],"applications_title":"","applications_request_title":"","applications_request_button_text":"","hero_text":"","hero_video":"","hero_video_schema_markup":"","selling_points_title":"","selling_points_caption":"","selling_points":[],"selling_points_cta_text":"","features_title":"","features":"","ed_cta_examples_text":"","ed_cta_examples_hidden":"","ed_cta_demo_text":"","ed_cta_demo_hidden":"","why_caption":"","why_editor_title":"","why_editor_text":"","why_team_title":"","why_team_text":"","why_service_title":"","why_service_text":"","template_catalog_visible":"","template_catalog_title":"","template_catalog_text":"","template_catalog_categories_visible":"","demo_title":"Crea tu aplicaci\u00f3n Google Maps","demo_caption":"\u00a1Configura tu Google Maps y agr\u00e9galo a tu sitio web Wix gratis!","default_faq_hidden":"","app_template_category":[],"platform":"112","template_public_id":"","codecanyon_url":"","codecanyon_item_id":"","codecanyon_price":"","pricing_caption":"","pricing_elfsight_apps_hide_column":"","pricing_elfsight_apps_url":"","pricing_codecanyon_price_caption":"","integration_category":[],"integration_request_title":"","integration_request_cta":"","integration_platform":"","integrations":[],"platform_category":[],"video_schema_markup":"","price":"desde $0 \/ mes","trial":"","benefits":[{"text":"Servicio de instalaci\u00f3n gratuito"},{"text":"Atenci\u00f3n al cliente experimentada"},{"text":"Garant\u00eda de reembolso de 14 d\u00edas"},{"text":"Actualizando constantemente"}],"button_url":"#demo","button_target_blank":"","button_nofollow":"","attributes":[{"name":"Instalaciones","content":"100,000 - 500,000"},{"name":"Sensible","content":"S\u00ed"},{"name":"Navegadores compatibles","content":"Chrome, Opera, Firefox, Safari, Edge"}],"tags":[],"tags_disable_links":"","hide_more_platforms":"","video_object":"","demo_hide_cta":"","demo_hide_cloud_options":"","pricing_title":"","pricing":[{"pricing_icon":"platform","pricing_title":"Wix app","pricing_title_caption":"Soluci\u00f3n multiplataforma que se adapta a cualquier sitio web","pricing_price":"desde $0 \/ mes","pricing_price_caption":"comienza con el plan gratuito","pricing_benefits":[{"text":"N\u00famero ilimitado de sitios web"},{"text":"Atenci\u00f3n al cliente r\u00e1pida"},{"text":"Ayuda de instalaci\u00f3n gratuita"},{"text":"Precio especial para m\u00faltiples aplicaciones"}],"pricing_button_text":"A\u00f1adir al sitio web","pricing_button_url":"#demo"}],"related_apps_title":"","related_apps_hidden":"","author":"","image":[],"title":"","job":"","social_networks":[]},"_links":{"self":[{"href":"https:\/\/elfsight.com\/es\/wp-json\/wp\/v2\/pages\/15482","targetHints":{"allow":["GET"]}}],"collection":[{"href":"https:\/\/elfsight.com\/es\/wp-json\/wp\/v2\/pages"}],"about":[{"href":"https:\/\/elfsight.com\/es\/wp-json\/wp\/v2\/types\/page"}],"author":[{"embeddable":true,"href":"https:\/\/elfsight.com\/es\/wp-json\/wp\/v2\/users\/9"}],"replies":[{"embeddable":true,"href":"https:\/\/elfsight.com\/es\/wp-json\/wp\/v2\/comments?post=15482"}],"version-history":[{"count":3,"href":"https:\/\/elfsight.com\/es\/wp-json\/wp\/v2\/pages\/15482\/revisions"}],"predecessor-version":[{"id":17746,"href":"https:\/\/elfsight.com\/es\/wp-json\/wp\/v2\/pages\/15482\/revisions\/17746"}],"up":[{"embeddable":true,"href":"https:\/\/elfsight.com\/es\/wp-json\/wp\/v2\/pages\/1936"}],"wp:attachment":[{"href":"https:\/\/elfsight.com\/es\/wp-json\/wp\/v2\/media?parent=15482"}],"curies":[{"name":"wp","href":"https:\/\/api.w.org\/{rel}","templated":true}]}}