{"id":15449,"date":"1970-01-01T00:00:00","date_gmt":"1970-01-01T00:00:00","guid":{"rendered":"https:\/\/elfsight.com\/es\/?page_id=15449"},"modified":"2025-02-06T15:28:36","modified_gmt":"2025-02-06T15:28:36","slug":"elementor","status":"publish","type":"page","link":"https:\/\/elfsight.com\/es\/pricing-table-plugin\/elementor\/","title":{"rendered":"Pricing Table &#8211; Elementor"},"content":{"rendered":"<div class=\"application-platform-content-item-description application-platform-content-item\" id=\"description\" data-nav-section=\"description\"><h2>Incrustar tabla de precios en Elementor con el widget Elfsight<\/h2><p>El precio juega un papel b\u00e1sico a la hora de impulsar a los usuarios a comprar. El complemento Elfsight no solo ayuda a los usuarios del sitio web a conocer y comparar las tarifas de precios disponibles en un instante. Tambi\u00e9n contribuye a impulsar la conversi\u00f3n con la ayuda de las \u00faltimas tendencias en dise\u00f1o.<\/p><p><b>Eleve las ventas de su sitio a un nivel diferente, utilizando precios inteligentes.<\/b><\/p><p><b>Consiga m\u00e1s clientes<\/b><br> Utilice todas las tendencias m\u00e1s recientes en el dise\u00f1o de la interfaz para destruir todos los posibles conceptos err\u00f3neos que pueda tener un usuario mientras toma medidas para comprar.<\/p><p><b>Ayude a los visitantes a realizar una compra<\/b><br> Muestre de forma m\u00e1s simple y eficiente el informaci\u00f3n, sus probables visitantes buscan y los convencen para que tomen la decisi\u00f3n 100% correcta.<\/p><p><b>Personalizaci\u00f3n instant\u00e1nea y eficiente<\/b><br> Al tener una amplia variedad de opciones que permiten establecer varios tipos de precios con solo 3 clics, encontrar\u00e1 el que ser\u00e1 absolutamente efectivo para usted.<\/p><\/div><div class=\"application-platform-content-item-features application-platform-content-item\" id=\"features\" data-nav-section=\"features\"><h2>Caracter\u00edsticas principales de el widget de tabla de precios<\/h2><p>Las caracter\u00edsticas m\u00e1s destacadas que convierten nuestro complemento en la mejor tabla de precios para sitios web de Elementor.<\/p><ul><li>6 elementos de columna predefinidos que se pueden organizar y personalizar para obtener el aspecto perfecto;<\/li><li>Lista de funciones ajustables, completa con \u00edconos de funciones, sugerencias y un n\u00famero ilimitado de funciones;<\/li><li>Los elementos de color de cada columna se pueden personalizar individualmente;<\/li><li>Radio y ancho del borde del bot\u00f3n personalizable;<\/li><li>Optimizado para dispositivos m\u00f3viles layout.<\/li><\/ul><p><a href=\"#demo\">Puedes probar todas las funciones usando nuestro editor en vivo<\/a><\/p><\/div><div class=\"application-platform-content-item-installation application-platform-content-item\" id=\"installation\" data-nav-section=\"installation\"><h2>C\u00f3mo agregar una tabla de precios al sitio web de Elementor<\/h2><div class=\"video-container\"><iframe width=\"720\" height=\"405\" src=\"https:\/\/www.youtube.com\/embed\/2iatWQq7jI0\" frameborder=\"0\"><\/iframe><\/div><p>Consulta este breve manual para instalar nuestro complemento en tu sitio web. Para cumplirlo, no necesitas conocimientos de programaci\u00f3n ni mucho tiempo. Solo un par de acciones simples y dos o tres minutos.<\/p><ol><li><b>Cree su tabla de precios personal<\/b><br> Usando nuestra demostraci\u00f3n gratuita, genere un complemento con el dise\u00f1o y las opciones seleccionados.<\/li> <li><b>Adquiera el c\u00f3digo \u00fanico para agregar el complemento<\/b><br> Despu\u00e9s de configurar el widget, adquiera su c\u00f3digo de instalaci\u00f3n \u00fanico para el complemento de precios desde la ventana que aparece en Elfsight Apps.<\/li><li><b>Muestre el complemento en Elementor sitio web<\/b><br> Elija d\u00f3nde insertar el complemento, pegue el c\u00f3digo de instalaci\u00f3n all\u00ed y publique los cambios.<\/li><li><b>La instalaci\u00f3n ha finalizado<\/b><br> Vaya a su sitio web para ver su widget.<\/li><\/ol><p>\u00bfTiene problemas con la configuraci\u00f3n del complemento? P\u00f3ngase en contacto con nuestro centro de ayuda, \u00a1le ayudaremos con cualquier problema!<\/p><div class=\"faq\" data-component=\"FAQ\"> <div class=\"faq-item\">\r\n\t\t\t\t\t<div class=\"faq-item-question\">\r\n\t\t\t\t\t\t<h3 class=\"faq-item-question-text\">\u00bfC\u00f3mo puedo agregar una tabla de precios a mi sitio web de Elementor sin conocimientos de codificaci\u00f3n? <\/h3>\r\n\r\n\t\t\t\t\t\t<div class=\"faq-item-question-icon\"><\/div>\r\n\t\t\t\t\t<\/div>\r\n\r\n\t\t\t\t\t<div class=\"faq-item-answer\">\r\n\t\t\t\t\t\t<div class=\"faq-item-answer-text\"> <p>Elfsight proporciona una soluci\u00f3n SaaS que le permite crear un widget de tabla de precios usted mismo. Vea lo f\u00e1cil que es el proceso: trabaje directamente en el editor en l\u00ednea para crear un widget de tabla de precios que le gustar\u00eda ver en su sitio web de Elementor. Elija una de las plantillas predise\u00f1adas y ajuste la configuraci\u00f3n de la tabla de precios, agregue su contenido, cambie el dise\u00f1o y los colores sin conocimientos de codificaci\u00f3n. Guarde la tabla de precios y copie su c\u00f3digo de instalaci\u00f3n, que puede pegar f\u00e1cilmente en su sitio web de Elementor sin necesidad de comprar un plan pago. Con nuestro editor intuitivo, cualquier usuario de Internet puede crear un widget de tabla de precios en l\u00ednea e incrustarlo f\u00e1cilmente en su sitio web de Elementor. No es necesario pagar ni ingresar las credenciales de su tarjeta para acceder al servicio. Si tiene alg\u00fan problema en cualquier paso, no dude en ponerse en contacto con nuestro equipo de soporte t\u00e9cnico.<\/p> <\/div>\r\n\t\t\t\t\t<\/div>\r\n\t\t\t\t<\/div> <\/div> <\/div>","protected":false},"excerpt":{"rendered":"","protected":false},"author":9,"featured_media":0,"parent":2019,"menu_order":0,"comment_status":"closed","ping_status":"closed","template":"templates\/template-application-platform.php","meta":{"publish_to_discourse":"","publish_post_category":"","wpdc_auto_publish_overridden":"","wpdc_topic_tags":"","wpdc_pin_topic":"","wpdc_pin_until":"","discourse_post_id":"","discourse_permalink":"","wpdc_publishing_response":"","wpdc_publishing_error":"","footnotes":""},"class_list":["post-15449","page","type-page","status-publish","hentry"],"yoast_head":"<!-- This site is optimized with the Yoast SEO plugin v25.3.1 - https:\/\/yoast.com\/wordpress\/plugins\/seo\/ -->\n<title>Widget de tabla de precios para el sitio web de Elementor (2025)<\/title>\n<meta name=\"description\" content=\"Obtenga el complemento Tabla de precios para Elementor en solo 3 minutos. Pruebe todas las ventajas m\u00e1s importantes del complemento de mejor precio en el panel gratuito.\" \/>\n<meta name=\"robots\" content=\"index, follow, max-snippet:-1, max-image-preview:large, max-video-preview:-1\" \/>\n<link rel=\"canonical\" href=\"https:\/\/elfsight.com\/es\/pricing-table-plugin\/elementor\/\" \/>\n<meta property=\"og:locale\" content=\"es_ES\" \/>\n<meta property=\"og:type\" content=\"article\" \/>\n<meta property=\"og:title\" content=\"Widget de tabla de precios para el sitio web de Elementor (2025)\" \/>\n<meta property=\"og:description\" content=\"Obtenga el complemento Tabla de precios para Elementor en solo 3 minutos. Pruebe todas las ventajas m\u00e1s importantes del complemento de mejor precio en el panel gratuito.\" \/>\n<meta property=\"og:url\" content=\"https:\/\/elfsight.com\/es\/pricing-table-plugin\/elementor\/\" \/>\n<meta property=\"og:site_name\" content=\"Elfsight ES\" \/>\n<meta property=\"article:modified_time\" content=\"2025-02-06T15:28:36+00:00\" \/>\n<meta name=\"twitter:card\" content=\"summary_large_image\" \/>\n<meta name=\"twitter:label1\" content=\"Tiempo de lectura\" \/>\n\t<meta name=\"twitter:data1\" content=\"3 minutos\" \/>\n<!-- \/ Yoast SEO plugin. -->","yoast_head_json":{"title":"Widget de tabla de precios para el sitio web de Elementor (2025)","description":"Obtenga el complemento Tabla de precios para Elementor en solo 3 minutos. Pruebe todas las ventajas m\u00e1s importantes del complemento de mejor precio en el panel gratuito.","robots":{"index":"index","follow":"follow","max-snippet":"max-snippet:-1","max-image-preview":"max-image-preview:large","max-video-preview":"max-video-preview:-1"},"canonical":"https:\/\/elfsight.com\/es\/pricing-table-plugin\/elementor\/","og_locale":"es_ES","og_type":"article","og_title":"Widget de tabla de precios para el sitio web de Elementor (2025)","og_description":"Obtenga el complemento Tabla de precios para Elementor en solo 3 minutos. Pruebe todas las ventajas m\u00e1s importantes del complemento de mejor precio en el panel gratuito.","og_url":"https:\/\/elfsight.com\/es\/pricing-table-plugin\/elementor\/","og_site_name":"Elfsight ES","article_modified_time":"2025-02-06T15:28:36+00:00","twitter_card":"summary_large_image","twitter_misc":{"Tiempo de lectura":"3 minutos"},"schema":{"@context":"https:\/\/schema.org","@graph":[{"@type":"WebPage","@id":"https:\/\/elfsight.com\/es\/pricing-table-plugin\/elementor\/","url":"https:\/\/elfsight.com\/es\/pricing-table-plugin\/elementor\/","name":"Widget de tabla de precios para el sitio web de Elementor (2025)","isPartOf":{"@id":"https:\/\/elfsight.com\/es\/#website"},"datePublished":"1970-01-01T00:00:00+00:00","dateModified":"2025-02-06T15:28:36+00:00","description":"Obtenga el complemento Tabla de precios para Elementor en solo 3 minutos. Pruebe todas las ventajas m\u00e1s importantes del complemento de mejor precio en el panel gratuito.","breadcrumb":{"@id":"https:\/\/elfsight.com\/es\/pricing-table-plugin\/elementor\/#breadcrumb"},"inLanguage":"es","potentialAction":[{"@type":"ReadAction","target":["https:\/\/elfsight.com\/es\/pricing-table-plugin\/elementor\/"]}]},{"@type":"BreadcrumbList","@id":"https:\/\/elfsight.com\/es\/pricing-table-plugin\/elementor\/#breadcrumb","itemListElement":[{"@type":"ListItem","position":1,"name":"Home","item":"https:\/\/elfsight.com\/es\/"},{"@type":"ListItem","position":2,"name":"Pricing Table","item":"https:\/\/elfsight.com\/es\/pricing-table-plugin\/"},{"@type":"ListItem","position":3,"name":"Pricing Table &#8211; Elementor"}]},{"@type":"WebSite","@id":"https:\/\/elfsight.com\/es\/#website","url":"https:\/\/elfsight.com\/es\/","name":"Elfsight ES","description":"Just another Elfsight Sites site","potentialAction":[{"@type":"SearchAction","target":{"@type":"EntryPoint","urlTemplate":"https:\/\/elfsight.com\/es\/?s={search_term_string}"},"query-input":{"@type":"PropertyValueSpecification","valueRequired":true,"valueName":"search_term_string"}}],"inLanguage":"es"}]}},"meta_box":{"industry":"","seo_heading":"","heading":"","description":"","cta_heading":"","cta_description":"","application":"2018","h1":"Tabla de precios de Elementor","h1_caption":"Presente sus opciones de precios de forma clara y atractiva, ayudando a los clientes a elegir el plan adecuado para sus necesidades en su sitio web de Elementor sin esfuerzo.","application_category":[],"applications_title":"","applications_request_title":"","applications_request_button_text":"","hero_text":"","hero_video":"","hero_video_schema_markup":"","selling_points_title":"","selling_points_caption":"","selling_points":[],"selling_points_cta_text":"","features_title":"","features":"","ed_cta_examples_text":"","ed_cta_examples_hidden":"","ed_cta_demo_text":"","ed_cta_demo_hidden":"","why_caption":"","why_editor_title":"","why_editor_text":"","why_team_title":"","why_team_text":"","why_service_title":"","why_service_text":"","template_catalog_visible":"","template_catalog_title":"","template_catalog_text":"","template_catalog_categories_visible":"","demo_title":"Crea tu widget de tabla de precios","demo_caption":"\u00a1Configure su tabla de precios y agr\u00e9guela a su sitio web de Elementor gratis!","default_faq_hidden":"","app_template_category":[],"platform":"58","template_public_id":"","codecanyon_url":"","codecanyon_item_id":"","codecanyon_price":"","pricing_caption":"","pricing_elfsight_apps_hide_column":"","pricing_elfsight_apps_url":"","pricing_codecanyon_price_caption":"","integration_category":[],"integration_request_title":"","integration_request_cta":"","integration_platform":"","integrations":[],"platform_category":[],"video_schema_markup":"","price":"desde $0 \/ mes","trial":"","benefits":[{"text":"Servicio de instalaci\u00f3n gratuito"},{"text":"Soporte excepcional"},{"text":"Garant\u00eda de reembolso de 14 d\u00edas"},{"text":"Mejoras continuas y gratuitas"}],"button_url":"#demo","button_target_blank":"","button_nofollow":"","attributes":[{"name":"Instalaciones","content":"10,000 - 100,000"},{"name":"Sensible","content":"S\u00ed"},{"name":"Navegadores compatibles","content":"Firefox, Safari, Opera, Chrome, Edge"}],"tags":[],"tags_disable_links":"","hide_more_platforms":"","video_object":"","demo_hide_cta":"","demo_hide_cloud_options":"","pricing_title":"","pricing":[{"pricing_icon":"platform","pricing_title":"Elfsight Apps","pricing_title_caption":"Software multiplataforma","pricing_price":"desde $0 \/ mes","pricing_price_caption":"comienza con el plan gratuito","pricing_benefits":[{"text":"Sitios web ilimitados"},{"text":"Soporte profesional de la empresa"},{"text":"Ayuda de instalaci\u00f3n gratuita"},{"text":"Oferta especial para m\u00faltiples aplicaciones"}],"pricing_button_text":"A\u00f1adir al sitio web","pricing_button_url":"#demo"}],"related_apps_title":"","related_apps_hidden":"","author":"","image":[],"title":"","job":"","social_networks":[]},"_links":{"self":[{"href":"https:\/\/elfsight.com\/es\/wp-json\/wp\/v2\/pages\/15449","targetHints":{"allow":["GET"]}}],"collection":[{"href":"https:\/\/elfsight.com\/es\/wp-json\/wp\/v2\/pages"}],"about":[{"href":"https:\/\/elfsight.com\/es\/wp-json\/wp\/v2\/types\/page"}],"author":[{"embeddable":true,"href":"https:\/\/elfsight.com\/es\/wp-json\/wp\/v2\/users\/9"}],"replies":[{"embeddable":true,"href":"https:\/\/elfsight.com\/es\/wp-json\/wp\/v2\/comments?post=15449"}],"version-history":[{"count":3,"href":"https:\/\/elfsight.com\/es\/wp-json\/wp\/v2\/pages\/15449\/revisions"}],"predecessor-version":[{"id":18347,"href":"https:\/\/elfsight.com\/es\/wp-json\/wp\/v2\/pages\/15449\/revisions\/18347"}],"up":[{"embeddable":true,"href":"https:\/\/elfsight.com\/es\/wp-json\/wp\/v2\/pages\/2019"}],"wp:attachment":[{"href":"https:\/\/elfsight.com\/es\/wp-json\/wp\/v2\/media?parent=15449"}],"curies":[{"name":"wp","href":"https:\/\/api.w.org\/{rel}","templated":true}]}}