{"id":15442,"date":"1970-01-01T00:00:00","date_gmt":"1970-01-01T00:00:00","guid":{"rendered":"https:\/\/elfsight.com\/es\/?page_id=15442"},"modified":"2025-02-06T15:28:44","modified_gmt":"2025-02-06T15:28:44","slug":"bigcommerce","status":"publish","type":"page","link":"https:\/\/elfsight.com\/es\/pricing-table-plugin\/bigcommerce\/","title":{"rendered":"Pricing Table &#8211; BigCommerce"},"content":{"rendered":"<div class=\"application-platform-content-item-description application-platform-content-item\" id=\"description\" data-nav-section=\"description\"><h2>Descripci\u00f3n<\/h2><p>El precio tiene una de las posiciones principales para convencer a los clientes de realizar pedidos. La aplicaci\u00f3n Elfsight no s\u00f3lo permite a los clientes del sitio visualizar y medir posibles planes de precios muy r\u00e1pidamente. Tambi\u00e9n ayuda a aumentar la conversi\u00f3n al agregar las \u00faltimas tendencias en interfaz y dise\u00f1o.<\/p><p><b>Aumenta las ventas de tu sitio web para alcanzar una nueva altura, con la ayuda de un precio poderoso.<\/b><\/p><ul><li><b>Motiva a los clientes a realizar una compra<\/b>.<br>Muestra al m\u00e1ximo la informaci\u00f3n que tus futuros visitantes buscan de manera simple y eficiente, y conv\u00e9ncelos para que elijan \u201cs\u00ed\u201d.<\/li><li><b>Creaci\u00f3n de una aplicaci\u00f3n en solo 90 pasos segundos<\/b>.<br>T\u00f3mate un par de minutos para crear una aplicaci\u00f3n perfecta. Elija diversos par\u00e1metros de interfaz e informaci\u00f3n para mostrarlos con un solo clic.<\/li><li><b>Haga que sus precios sean atractivos para los clientes<\/b>.<br>Aplique varios colores, reordene componentes, aplique im\u00e1genes para que sus precios sean atractivos para los clientes y tenga un efecto positivo en su decisi\u00f3n de compra.<\/li><\/ul><\/div><div class=\"application-platform-content-item-features application-platform-content-item\" id=\"features\" data-nav-section=\"features\"><h2>Caracter\u00edsticas<\/h2><p>Las caracter\u00edsticas que convierten nuestra aplicaci\u00f3n en la mejor tabla de precios para los sitios web de BigCommerce.<\/p><ul><li>6 elementos de columna predefinidos que se pueden organizar y personalizar para obtener el aspecto perfecto;<\/li><li>5 m\u00e1scaras predefinidas, con diferentes combinaciones de colores;<\/li><li>Los elementos de color de cada columna se pueden personalizar individualmente;<\/li><li>Vincular el bot\u00f3n a la p\u00e1gina requerida;<\/li><li>Fuente personalizable tama\u00f1o y peso.<\/li><\/ul><p><a href=\"#demo\">Puedes probar todas las ventajas en el configurador en vivo<\/a><\/p><\/div><div class=\"application-platform-content-item-installation application-platform-content-item\" id=\"installation\" data-nav-section=\"installation\"><h2>C\u00f3mo agregar una tabla de precios al sitio web de BigCommerce<\/h2><div class=\"video-container\"><iframe width=\"720\" height=\"405\" src=\"https:\/\/www.youtube.com\/embed\/6FAtK0nPi1o\" frameborder=\"0\"><\/iframe><\/div><p>Simplemente siga los siguientes pasos que se detallan a continuaci\u00f3n para integrar la aplicaci\u00f3n en BigCommerce.<\/p> <ol><li><b>Utilice nuestro editor gratuito y comience a darle forma a su widget personalizado. <\/b><br> Encuentre la interfaz y las funciones preferidas del widget y guarde las ediciones. <\/li> <li><b>Adquiera el c\u00f3digo personal que se muestra en el formulario especial en Elfsight Apps. <\/b><br> Inmediatamente despu\u00e9s de completar la configuraci\u00f3n de su widget, copie el c\u00f3digo individual en la ventana emergente que aparece y gu\u00e1rdelo para futuras ocasiones. <\/li> <li><b>Comience a utilizar el widget de precios en el sitio web de BigCommerce. <\/b><br> Incruste el c\u00f3digo que guard\u00f3 recientemente en su sitio y aplique las mejoras. <\/li> <li><b>\u00a1Listo! La integraci\u00f3n se logra con \u00e9xito. <\/b><br>Vaya a su p\u00e1gina para observar c\u00f3mo funciona el complemento. <\/li><\/ol><p>\u00bfTienes problemas con la integraci\u00f3n de la aplicaci\u00f3n? Consulte nuestra extensa gu\u00eda \u00ab<a href=\"https:\/\/elfsight.com\/tutorials\/how-to-add-pricing-table-to-bigcommerce\/\" target=\"_blank\" rel=\"noopener noreferrer\">C\u00f3mo integrar la tabla de precios en un BigCommerce<\/a>\u00bb o comun\u00edquese con nuestro servicio de atenci\u00f3n al cliente, que resolver\u00e1 cualquier tipo de problema en un instante.<\/p><div class=\"faq\" data-component=\"FAQ\"> <div class=\"faq-item\">\r\n\t\t\t\t\t<div class=\"faq-item-question\">\r\n\t\t\t\t\t\t<h3 class=\"faq-item-question-text\">\u00bfC\u00f3mo puedo agregar un bot\u00f3n de PayPal a mi \u00bfSitio web de BigCommerce sin conocimientos de codificaci\u00f3n?<\/h3>\r\n\r\n\t\t\t\t\t\t<div class=\"faq-item-question-icon\"><\/div>\r\n\t\t\t\t\t<\/div>\r\n\r\n\t\t\t\t\t<div class=\"faq-item-answer\">\r\n\t\t\t\t\t\t<div class=\"faq-item-answer-text\"> <p>Elfsight proporciona una soluci\u00f3n SaaS que le permite crear un widget de bot\u00f3n de PayPal usted mismo. Vea lo f\u00e1cil que es el proceso: trabaje directamente en el editor en l\u00ednea para crear un widget de bot\u00f3n de PayPal que le gustar\u00eda ver en su sitio web de BigCommerce. Elija una de las plantillas predise\u00f1adas y ajuste la configuraci\u00f3n del bot\u00f3n de PayPal, agregue su contenido, cambie el dise\u00f1o y los colores sin conocimientos de codificaci\u00f3n. Guarde el bot\u00f3n de PayPal y copie su c\u00f3digo de instalaci\u00f3n, que puede incluir en su sitio web de BigCommerce sin comprar una suscripci\u00f3n paga. Con nuestro editor intuitivo, cualquier usuario de Internet puede crear un widget de bot\u00f3n de PayPal en l\u00ednea e incrustarlo f\u00e1cilmente en su sitio web BigCommerce. No es necesario pagar ni ingresar las credenciales de su tarjeta para acceder al servicio. Si tiene alg\u00fan problema en cualquier paso, no dude en ponerse en contacto con nuestro equipo de soporte t\u00e9cnico.<\/p> <\/div>\r\n\t\t\t\t\t<\/div>\r\n\t\t\t\t<\/div> <\/div> <\/div>","protected":false},"excerpt":{"rendered":"","protected":false},"author":9,"featured_media":0,"parent":2019,"menu_order":0,"comment_status":"closed","ping_status":"closed","template":"templates\/template-application-platform.php","meta":{"publish_to_discourse":"","publish_post_category":"","wpdc_auto_publish_overridden":"","wpdc_topic_tags":"","wpdc_pin_topic":"","wpdc_pin_until":"","discourse_post_id":"","discourse_permalink":"","wpdc_publishing_response":"","wpdc_publishing_error":"","footnotes":""},"class_list":["post-15442","page","type-page","status-publish","hentry"],"yoast_head":"<!-- This site is optimized with the Yoast SEO plugin v25.3.1 - https:\/\/yoast.com\/wordpress\/plugins\/seo\/ -->\n<title>Tabla de precios: agregue la aplicaci\u00f3n de precios al sitio web de BigCommerce<\/title>\n<meta name=\"description\" content=\"Obtenga la aplicaci\u00f3n Tabla de precios para Bigcommerce en solo 3 minutos. Pruebe todas las ventajas clave del complemento con el mejor precio en la demostraci\u00f3n gratuita.\" \/>\n<meta name=\"robots\" content=\"index, follow, max-snippet:-1, max-image-preview:large, max-video-preview:-1\" \/>\n<link rel=\"canonical\" href=\"https:\/\/elfsight.com\/es\/pricing-table-plugin\/bigcommerce\/\" \/>\n<meta property=\"og:locale\" content=\"es_ES\" \/>\n<meta property=\"og:type\" content=\"article\" \/>\n<meta property=\"og:title\" content=\"Tabla de precios: agregue la aplicaci\u00f3n de precios al sitio web de BigCommerce\" \/>\n<meta property=\"og:description\" content=\"Obtenga la aplicaci\u00f3n Tabla de precios para Bigcommerce en solo 3 minutos. Pruebe todas las ventajas clave del complemento con el mejor precio en la demostraci\u00f3n gratuita.\" \/>\n<meta property=\"og:url\" content=\"https:\/\/elfsight.com\/es\/pricing-table-plugin\/bigcommerce\/\" \/>\n<meta property=\"og:site_name\" content=\"Elfsight ES\" \/>\n<meta property=\"article:modified_time\" content=\"2025-02-06T15:28:44+00:00\" \/>\n<meta name=\"twitter:card\" content=\"summary_large_image\" \/>\n<meta name=\"twitter:label1\" content=\"Tiempo de lectura\" \/>\n\t<meta name=\"twitter:data1\" content=\"3 minutos\" \/>\n<!-- \/ Yoast SEO plugin. -->","yoast_head_json":{"title":"Tabla de precios: agregue la aplicaci\u00f3n de precios al sitio web de BigCommerce","description":"Obtenga la aplicaci\u00f3n Tabla de precios para Bigcommerce en solo 3 minutos. Pruebe todas las ventajas clave del complemento con el mejor precio en la demostraci\u00f3n gratuita.","robots":{"index":"index","follow":"follow","max-snippet":"max-snippet:-1","max-image-preview":"max-image-preview:large","max-video-preview":"max-video-preview:-1"},"canonical":"https:\/\/elfsight.com\/es\/pricing-table-plugin\/bigcommerce\/","og_locale":"es_ES","og_type":"article","og_title":"Tabla de precios: agregue la aplicaci\u00f3n de precios al sitio web de BigCommerce","og_description":"Obtenga la aplicaci\u00f3n Tabla de precios para Bigcommerce en solo 3 minutos. Pruebe todas las ventajas clave del complemento con el mejor precio en la demostraci\u00f3n gratuita.","og_url":"https:\/\/elfsight.com\/es\/pricing-table-plugin\/bigcommerce\/","og_site_name":"Elfsight ES","article_modified_time":"2025-02-06T15:28:44+00:00","twitter_card":"summary_large_image","twitter_misc":{"Tiempo de lectura":"3 minutos"},"schema":{"@context":"https:\/\/schema.org","@graph":[{"@type":"WebPage","@id":"https:\/\/elfsight.com\/es\/pricing-table-plugin\/bigcommerce\/","url":"https:\/\/elfsight.com\/es\/pricing-table-plugin\/bigcommerce\/","name":"Tabla de precios: agregue la aplicaci\u00f3n de precios al sitio web de BigCommerce","isPartOf":{"@id":"https:\/\/elfsight.com\/es\/#website"},"datePublished":"1970-01-01T00:00:00+00:00","dateModified":"2025-02-06T15:28:44+00:00","description":"Obtenga la aplicaci\u00f3n Tabla de precios para Bigcommerce en solo 3 minutos. Pruebe todas las ventajas clave del complemento con el mejor precio en la demostraci\u00f3n gratuita.","breadcrumb":{"@id":"https:\/\/elfsight.com\/es\/pricing-table-plugin\/bigcommerce\/#breadcrumb"},"inLanguage":"es","potentialAction":[{"@type":"ReadAction","target":["https:\/\/elfsight.com\/es\/pricing-table-plugin\/bigcommerce\/"]}]},{"@type":"BreadcrumbList","@id":"https:\/\/elfsight.com\/es\/pricing-table-plugin\/bigcommerce\/#breadcrumb","itemListElement":[{"@type":"ListItem","position":1,"name":"Home","item":"https:\/\/elfsight.com\/es\/"},{"@type":"ListItem","position":2,"name":"Pricing Table","item":"https:\/\/elfsight.com\/es\/pricing-table-plugin\/"},{"@type":"ListItem","position":3,"name":"Pricing Table &#8211; BigCommerce"}]},{"@type":"WebSite","@id":"https:\/\/elfsight.com\/es\/#website","url":"https:\/\/elfsight.com\/es\/","name":"Elfsight ES","description":"Just another Elfsight Sites site","potentialAction":[{"@type":"SearchAction","target":{"@type":"EntryPoint","urlTemplate":"https:\/\/elfsight.com\/es\/?s={search_term_string}"},"query-input":{"@type":"PropertyValueSpecification","valueRequired":true,"valueName":"search_term_string"}}],"inLanguage":"es"}]}},"meta_box":{"industry":"","seo_heading":"","heading":"","description":"","cta_heading":"","cta_description":"","application":"2018","h1":"Aplicaci\u00f3n de tabla de precios para BigCommerce","h1_caption":"Presente sus opciones de precios de forma clara y atractiva, ayudando a los clientes a elegir el plan adecuado para sus necesidades en su sitio web BigCommerce sin esfuerzo.","application_category":[],"applications_title":"","applications_request_title":"","applications_request_button_text":"","hero_text":"","hero_video":"","hero_video_schema_markup":"","selling_points_title":"","selling_points_caption":"","selling_points":[],"selling_points_cta_text":"","features_title":"","features":"","ed_cta_examples_text":"","ed_cta_examples_hidden":"","ed_cta_demo_text":"","ed_cta_demo_hidden":"","why_caption":"","why_editor_title":"","why_editor_text":"","why_team_title":"","why_team_text":"","why_service_title":"","why_service_text":"","template_catalog_visible":"","template_catalog_title":"","template_catalog_text":"","template_catalog_categories_visible":"","demo_title":"Crea tu aplicaci\u00f3n Tabla de Precios","demo_caption":"\u00a1Configure su tabla de precios y agr\u00e9guela a su sitio web de BigCommerce gratis!","default_faq_hidden":"","app_template_category":[],"platform":"33","template_public_id":"","codecanyon_url":"","codecanyon_item_id":"","codecanyon_price":"","pricing_caption":"","pricing_elfsight_apps_hide_column":"","pricing_elfsight_apps_url":"","pricing_codecanyon_price_caption":"","integration_category":[],"integration_request_title":"","integration_request_cta":"","integration_platform":"","integrations":[],"platform_category":[],"video_schema_markup":"","price":"desde $0 \/ mes","trial":"","benefits":[{"text":"Servicio de instalaci\u00f3n gratuito"},{"text":"Atenci\u00f3n al cliente experimentada"},{"text":"Garant\u00eda de devoluci\u00f3n de dinero de 14 d\u00edas"},{"text":"Actualizando constantemente"}],"button_url":"#demo","button_target_blank":"","button_nofollow":"","attributes":[{"name":"Instalaciones","content":"10,000 - 100,000"},{"name":"Sensible","content":"S\u00ed"},{"name":"Navegadores compatibles","content":"Firefox, Safari, Opera, Chrome, Edge"}],"tags":[],"tags_disable_links":"","hide_more_platforms":"","video_object":"","demo_hide_cta":"","demo_hide_cloud_options":"","pricing_title":"","pricing":[{"pricing_icon":"platform","pricing_title":"Elfsight Apps","pricing_title_caption":"Soluci\u00f3n digital multiplataforma","pricing_price":"desde $0 \/ mes","pricing_price_caption":"comienza con un plan gratuito","pricing_benefits":[{"text":"Sitios web ilimitados"},{"text":"Soporte dedicado y puntual"},{"text":"Asistencia de instalaci\u00f3n gratuita"},{"text":"Dise\u00f1o flexible"}],"pricing_button_text":"A\u00f1adir al sitio web","pricing_button_url":"#demo"}],"related_apps_title":"","related_apps_hidden":"","author":"","image":[],"title":"","job":"","social_networks":[]},"_links":{"self":[{"href":"https:\/\/elfsight.com\/es\/wp-json\/wp\/v2\/pages\/15442","targetHints":{"allow":["GET"]}}],"collection":[{"href":"https:\/\/elfsight.com\/es\/wp-json\/wp\/v2\/pages"}],"about":[{"href":"https:\/\/elfsight.com\/es\/wp-json\/wp\/v2\/types\/page"}],"author":[{"embeddable":true,"href":"https:\/\/elfsight.com\/es\/wp-json\/wp\/v2\/users\/9"}],"replies":[{"embeddable":true,"href":"https:\/\/elfsight.com\/es\/wp-json\/wp\/v2\/comments?post=15442"}],"version-history":[{"count":3,"href":"https:\/\/elfsight.com\/es\/wp-json\/wp\/v2\/pages\/15442\/revisions"}],"predecessor-version":[{"id":18349,"href":"https:\/\/elfsight.com\/es\/wp-json\/wp\/v2\/pages\/15442\/revisions\/18349"}],"up":[{"embeddable":true,"href":"https:\/\/elfsight.com\/es\/wp-json\/wp\/v2\/pages\/2019"}],"wp:attachment":[{"href":"https:\/\/elfsight.com\/es\/wp-json\/wp\/v2\/media?parent=15442"}],"curies":[{"name":"wp","href":"https:\/\/api.w.org\/{rel}","templated":true}]}}