{"id":15439,"date":"2024-05-03T06:49:00","date_gmt":"2024-05-03T06:49:00","guid":{"rendered":"https:\/\/elfsight.com\/es\/?page_id=15439"},"modified":"2025-02-06T14:59:18","modified_gmt":"2025-02-06T14:59:18","slug":"wordpress","status":"publish","type":"page","link":"https:\/\/elfsight.com\/es\/store-locator-widget\/wordpress\/","title":{"rendered":"Store Locator &#8211; WordPress"},"content":{"rendered":"<div class=\"application-platform-content-item-description application-platform-content-item\" id=\"description\" data-nav-section=\"description\"> <h2>Incorporar Localizador de Tiendas en WordPress con el plugin de Elfsight<\/h2> <p>El Localizador de Tiendas Elfsight para WordPress es un widget din\u00e1mico y ajustable dise\u00f1ado para mejorar la utilidad de tu sitio web y el compromiso de los clientes, facilitando que tus clientes encuentren la forma de llegar a tu ubicaci\u00f3n. Con una serie de caracter\u00edsticas poderosas para versatilidad y rendimiento, este widget es la soluci\u00f3n perfecta para anunciar las ubicaciones f\u00edsicas de tu negocio de manera comprensible y conveniente. \u00a1Pru\u00e9balo ahora y ver\u00e1s c\u00f3mo transforma tu sitio web en un maravilloso localizador de tiendas!<\/p> <p>Al agregar el widget, aumentar\u00e1s tu credibilidad entre los clientes, proporcionando informaci\u00f3n detallada sobre las ubicaciones f\u00edsicas de tu organizaci\u00f3n, asegurando a todos tu s\u00f3lida presencia. Esto resultar\u00e1 en una mejor toma de decisiones y una experiencia de compra mejorada para los clientes.<\/p><p><b>Prueba el brillante localizador de tiendas para mostrar tu ubicaci\u00f3n y datos operativos \u00fatiles. Proporciona tu direcci\u00f3n f\u00edsica e informaci\u00f3n relevante para invitar a nuevos clientes a tu tienda.<\/b><\/p> <\/div> <div class=\"application-platform-content-item-features application-platform-content-item\" id=\"features\" data-nav-section=\"features\"> <h2>Consulta la lista de las caracter\u00edsticas m\u00e1s \u00fatiles:<\/h2> <ul><li>Selecci\u00f3n de ubicaci\u00f3n sin esfuerzo<\/li><li>Caracter\u00edsticas \u00fatiles de mapa<\/li><li>Botones de llamada a la acci\u00f3n de ubicaci\u00f3n habilitados con integraciones<\/li><li>Popup detallado de ubicaci\u00f3n al seleccionar el marcador<\/li><li>Horario de atenci\u00f3n y estado actual de la ubicaci\u00f3n<\/li><\/ul><p><a href=\"#demo\">Explora todos los ajustes en la demostraci\u00f3n completamente funcional<\/a><\/p><\/div> <div class=\"application-platform-content-item-installation application-platform-content-item\" id=\"installation\" data-nav-section=\"installation\"> <h2>\u00bfC\u00f3mo incorporar el Localizador de Tiendas en mi sitio WordPress?<\/h2> <p>Sigue estos sencillos pasos para insertar el plugin.<\/p> <ol><li><b>Abre nuestra demostraci\u00f3n gratuita y comienza a construir tu herramienta personalizada.<\/b><br> Encuentra el aspecto personalizado y las opciones de la herramienta y aplica las modificaciones.<\/li>  <li><b>Obt\u00e9n el c\u00f3digo personal expuesto en la ventana de Elfsight Apps.<\/b><br> Tan pronto como finalices la configuraci\u00f3n de tu herramienta, copia el c\u00f3digo individual del popup que aparece y gu\u00e1rdalo para usarlo m\u00e1s tarde.<\/li>  <li><b>Comienza a usar el plugin en tu p\u00e1gina de WordPress.<\/b><br> Inserta el c\u00f3digo que guardaste recientemente en tu sitio web y aplica los cambios.<\/li>  <li><b>\u00a1La instalaci\u00f3n se ha realizado con \u00e9xito!<\/b><br> Visita tu p\u00e1gina para ver c\u00f3mo funciona el plugin.<\/li><\/ol> <p>Si tienes preguntas o surgen problemas, no dudes en contactar a nuestro equipo de soporte. Nuestros consultores estar\u00e1n encantados de ayudarte con cualquier problema que puedas tener con el widget.<\/p><\/div>","protected":false},"excerpt":{"rendered":"","protected":false},"author":9,"featured_media":0,"parent":17029,"menu_order":0,"comment_status":"closed","ping_status":"closed","template":"templates\/template-application-platform.php","meta":{"publish_to_discourse":"","publish_post_category":"","wpdc_auto_publish_overridden":"","wpdc_topic_tags":"","wpdc_pin_topic":"","wpdc_pin_until":"","discourse_post_id":"","discourse_permalink":"","wpdc_publishing_response":"","wpdc_publishing_error":"","footnotes":""},"class_list":["post-15439","page","type-page","status-publish","hentry"],"yoast_head":"<!-- This site is optimized with the Yoast SEO plugin v25.3.1 - https:\/\/yoast.com\/wordpress\/plugins\/seo\/ -->\n<title>Incruste el localizador de tiendas en WordPress: establezca su ubicaci\u00f3n con claridad<\/title>\n<meta name=\"description\" content=\"Incorpore un localizador de tiendas personalizable en su WordPress para aumentar la credibilidad. Explore una demostraci\u00f3n clara de Elfsight para crear un widget \u00fatil.\" \/>\n<meta name=\"robots\" content=\"index, follow, max-snippet:-1, max-image-preview:large, max-video-preview:-1\" \/>\n<link rel=\"canonical\" href=\"https:\/\/elfsight.com\/es\/store-locator-widget\/wordpress\/\" \/>\n<meta property=\"og:locale\" content=\"es_ES\" \/>\n<meta property=\"og:type\" content=\"article\" \/>\n<meta property=\"og:title\" content=\"Incruste el localizador de tiendas en WordPress: establezca su ubicaci\u00f3n con claridad\" \/>\n<meta property=\"og:description\" content=\"Incorpore un localizador de tiendas personalizable en su WordPress para aumentar la credibilidad. Explore una demostraci\u00f3n clara de Elfsight para crear un widget \u00fatil.\" \/>\n<meta property=\"og:url\" content=\"https:\/\/elfsight.com\/es\/store-locator-widget\/wordpress\/\" \/>\n<meta property=\"og:site_name\" content=\"Elfsight ES\" \/>\n<meta property=\"article:modified_time\" content=\"2025-02-06T14:59:18+00:00\" \/>\n<meta name=\"twitter:card\" content=\"summary_large_image\" \/>\n<meta name=\"twitter:label1\" content=\"Tiempo de lectura\" \/>\n\t<meta name=\"twitter:data1\" content=\"2 minutos\" \/>\n<!-- \/ Yoast SEO plugin. -->","yoast_head_json":{"title":"Incruste el localizador de tiendas en WordPress: establezca su ubicaci\u00f3n con claridad","description":"Incorpore un localizador de tiendas personalizable en su WordPress para aumentar la credibilidad. Explore una demostraci\u00f3n clara de Elfsight para crear un widget \u00fatil.","robots":{"index":"index","follow":"follow","max-snippet":"max-snippet:-1","max-image-preview":"max-image-preview:large","max-video-preview":"max-video-preview:-1"},"canonical":"https:\/\/elfsight.com\/es\/store-locator-widget\/wordpress\/","og_locale":"es_ES","og_type":"article","og_title":"Incruste el localizador de tiendas en WordPress: establezca su ubicaci\u00f3n con claridad","og_description":"Incorpore un localizador de tiendas personalizable en su WordPress para aumentar la credibilidad. Explore una demostraci\u00f3n clara de Elfsight para crear un widget \u00fatil.","og_url":"https:\/\/elfsight.com\/es\/store-locator-widget\/wordpress\/","og_site_name":"Elfsight ES","article_modified_time":"2025-02-06T14:59:18+00:00","twitter_card":"summary_large_image","twitter_misc":{"Tiempo de lectura":"2 minutos"},"schema":{"@context":"https:\/\/schema.org","@graph":[{"@type":"WebPage","@id":"https:\/\/elfsight.com\/es\/store-locator-widget\/wordpress\/","url":"https:\/\/elfsight.com\/es\/store-locator-widget\/wordpress\/","name":"Incruste el localizador de tiendas en WordPress: establezca su ubicaci\u00f3n con claridad","isPartOf":{"@id":"https:\/\/elfsight.com\/es\/#website"},"datePublished":"2024-05-03T06:49:00+00:00","dateModified":"2025-02-06T14:59:18+00:00","description":"Incorpore un localizador de tiendas personalizable en su WordPress para aumentar la credibilidad. Explore una demostraci\u00f3n clara de Elfsight para crear un widget \u00fatil.","breadcrumb":{"@id":"https:\/\/elfsight.com\/es\/store-locator-widget\/wordpress\/#breadcrumb"},"inLanguage":"es","potentialAction":[{"@type":"ReadAction","target":["https:\/\/elfsight.com\/es\/store-locator-widget\/wordpress\/"]}]},{"@type":"BreadcrumbList","@id":"https:\/\/elfsight.com\/es\/store-locator-widget\/wordpress\/#breadcrumb","itemListElement":[{"@type":"ListItem","position":1,"name":"Home","item":"https:\/\/elfsight.com\/es\/"},{"@type":"ListItem","position":2,"name":"Store Locator","item":"https:\/\/elfsight.com\/es\/store-locator-widget\/"},{"@type":"ListItem","position":3,"name":"Store Locator &#8211; WordPress"}]},{"@type":"WebSite","@id":"https:\/\/elfsight.com\/es\/#website","url":"https:\/\/elfsight.com\/es\/","name":"Elfsight ES","description":"Just another Elfsight Sites site","potentialAction":[{"@type":"SearchAction","target":{"@type":"EntryPoint","urlTemplate":"https:\/\/elfsight.com\/es\/?s={search_term_string}"},"query-input":{"@type":"PropertyValueSpecification","valueRequired":true,"valueName":"search_term_string"}}],"inLanguage":"es"}]}},"meta_box":{"industry":"","seo_heading":"","heading":"","description":"","cta_heading":"","cta_description":"","application":"5118","h1":"Complemento de localizaci\u00f3n de tiendas de WordPress","h1_caption":"Mejore la credibilidad con directrices mejoradas para el cliente","application_category":[],"applications_title":"","applications_request_title":"","applications_request_button_text":"","hero_text":"","hero_video":"","hero_video_schema_markup":"","selling_points_title":"","selling_points_caption":"","selling_points":[],"selling_points_cta_text":"","features_title":"","features":"","ed_cta_examples_text":"","ed_cta_examples_hidden":"","ed_cta_demo_text":"","ed_cta_demo_hidden":"","why_caption":"","why_editor_title":"","why_editor_text":"","why_team_title":"","why_team_text":"","why_service_title":"","why_service_text":"","template_catalog_visible":"","template_catalog_title":"","template_catalog_text":"","template_catalog_categories_visible":"","demo_title":"Crea tu complemento de localizaci\u00f3n de tiendas","demo_caption":"\u00a1Configure su localizador de tiendas y agr\u00e9guelo a su sitio web de WordPress gratis!","default_faq_hidden":"","app_template_category":[],"platform":"115","template_public_id":"","codecanyon_url":"","codecanyon_item_id":"","codecanyon_price":"","pricing_caption":"","pricing_elfsight_apps_hide_column":"","pricing_elfsight_apps_url":"","pricing_codecanyon_price_caption":"","integration_category":[],"integration_request_title":"","integration_request_cta":"","integration_platform":"","integrations":[],"platform_category":[],"video_schema_markup":"","price":"desde $0 \/ mes","trial":"","benefits":[{"text":"Ayuda de instalaci\u00f3n gratuita"},{"text":"Soporte premium"},{"text":"Garant\u00eda de reembolso de 14 d\u00edas"},{"text":"Mejoras continuas y gratuitas"}],"button_url":"#demo","button_target_blank":"","button_nofollow":"","attributes":[{"name":"Instalaciones","content":"10,000 - 100,000"},{"name":"Sensible","content":"S\u00ed"},{"name":"Navegadores compatibles","content":"Firefox, Safari, Opera, Chrome, Edge"}],"tags":[],"tags_disable_links":"","hide_more_platforms":"","video_object":"","demo_hide_cta":"","demo_hide_cloud_options":"","pricing_title":"","pricing":[{"pricing_icon":"platform","pricing_title":"Elfsight Apps","pricing_title_caption":"Versi\u00f3n multiplataforma","pricing_price":"desde $0 \/ mes","pricing_price_caption":"comienza con un plan gratuito","pricing_benefits":[{"text":"Sitios web ilimitados"},{"text":"Soporte gratuito, puntual y bien documentado."},{"text":"Servicio de instalaci\u00f3n gratuito"},{"text":"100% personalizable"}],"pricing_button_text":"A\u00f1adir al sitio web","pricing_button_url":"#demo"}],"related_apps_title":"","related_apps_hidden":"","author":"","image":[],"title":"","job":"","social_networks":[]},"_links":{"self":[{"href":"https:\/\/elfsight.com\/es\/wp-json\/wp\/v2\/pages\/15439","targetHints":{"allow":["GET"]}}],"collection":[{"href":"https:\/\/elfsight.com\/es\/wp-json\/wp\/v2\/pages"}],"about":[{"href":"https:\/\/elfsight.com\/es\/wp-json\/wp\/v2\/types\/page"}],"author":[{"embeddable":true,"href":"https:\/\/elfsight.com\/es\/wp-json\/wp\/v2\/users\/9"}],"replies":[{"embeddable":true,"href":"https:\/\/elfsight.com\/es\/wp-json\/wp\/v2\/comments?post=15439"}],"version-history":[{"count":3,"href":"https:\/\/elfsight.com\/es\/wp-json\/wp\/v2\/pages\/15439\/revisions"}],"predecessor-version":[{"id":17738,"href":"https:\/\/elfsight.com\/es\/wp-json\/wp\/v2\/pages\/15439\/revisions\/17738"}],"up":[{"embeddable":true,"href":"https:\/\/elfsight.com\/es\/wp-json\/wp\/v2\/pages\/17029"}],"wp:attachment":[{"href":"https:\/\/elfsight.com\/es\/wp-json\/wp\/v2\/media?parent=15439"}],"curies":[{"name":"wp","href":"https:\/\/api.w.org\/{rel}","templated":true}]}}