{"id":15434,"date":"1970-01-01T00:00:00","date_gmt":"1970-01-01T00:00:00","guid":{"rendered":"https:\/\/elfsight.com\/es\/?page_id=15434"},"modified":"2025-02-06T15:28:44","modified_gmt":"2025-02-06T15:28:44","slug":"woocommerce","status":"publish","type":"page","link":"https:\/\/elfsight.com\/es\/store-locator-widget\/woocommerce\/","title":{"rendered":"Store Locator &#8211; WooCommerce"},"content":{"rendered":"<div class=\"application-platform-content-item-description application-platform-content-item\" id=\"description\" data-nav-section=\"description\"> <h2>Incorpore el localizador de tiendas en WooCommerce con un complemento de Elfsight<\/h2> <p>El localizador de tiendas de Elfsight para WooCommerce es un widget din\u00e1mico y flexible dise\u00f1ado para mejorar la usabilidad de su sitio web y la participaci\u00f3n del cliente, haciendo que sea m\u00e1s f\u00e1cil que nunca para sus clientes encontrar sus tiendas. Con una gama de potentes funciones dise\u00f1adas para la utilidad y el rendimiento, este widget es la soluci\u00f3n perfecta para mostrar las ubicaciones de sus tiendas f\u00edsicas de una manera clara y conveniente. \u00a1Ins\u00e9rtelo ahora mismo y vea c\u00f3mo transforma su sitio web en un \u00fatil buscador de tiendas!<\/p> <p>Al incorporar el widget, aumentar\u00e1 su confiabilidad entre los clientes al brindar informaci\u00f3n detallada sobre las ubicaciones f\u00edsicas de su negocio, asegurando a todos su presencia real. Esto dar\u00e1 como resultado una toma de decisiones m\u00e1s r\u00e1pida y una s\u00f3lida experiencia de compra entre los clientes. <\/p><p><b>Integre el maravilloso buscador de tiendas para mostrar su ubicaci\u00f3n y detalles importantes de su negocio. Resalte su direcci\u00f3n f\u00edsica e informaci\u00f3n relevante para recibir m\u00e1s visitantes en la tienda. <\/b><\/p><\/div> <div class=\"application-platform-content-item-features application-platform-content-item\" id=\"features\" data-nav-section=\"features\"> <h2>Las caracter\u00edsticas m\u00e1s importantes del widget contienen<\/h2> <ul><li>Elecci\u00f3n de ubicaci\u00f3n sin esfuerzo<\/li><li>Opciones de mapa orientadas al usuario<\/li><li>Botones de acci\u00f3n de ubicaci\u00f3n que admiten integraciones <\/li><li>Ventana emergente de ubicaci\u00f3n sencilla en la selecci\u00f3n de marcadores<\/li><li>Programa y operaci\u00f3n de operaci\u00f3n de ubicaci\u00f3n estado abierto<\/li><\/ul><p><a href=\"#demo\">Simplemente consulte esta demostraci\u00f3n para ver c\u00f3mo funciona<\/a><\/p><\/div> <div class=\"application-platform-content-item-installation application-platform-content-item\" id=\"installation\" data-nav-section=\"installation\"> <h2>\u00bfC\u00f3mo integro Store Locator en mi p\u00e1gina web WooCommerce?<\/h2> <p>Simplemente siga las pautas a continuaci\u00f3n para activar la herramienta. <\/p> <ol><li><b>Abre nuestro configurador gratuito y comienza a crear tu instrumento personalizado. <\/b><br> Determine el dise\u00f1o y los aspectos preferidos del widget y aplique las ediciones. <\/li> <li><b>Adquiera el c\u00f3digo \u00fanico que se muestra en el formulario especial en Elfsight Apps. <\/b><br> Tan pronto como se complete la creaci\u00f3n de su complemento personal, copie el c\u00f3digo individual de la ventana que aparece y gu\u00e1rdelo para ocasiones posteriores. <\/li> <li><b>Ingrese al uso de la herramienta en el sitio web de WooCommerce. <\/b><br>Coloca el c\u00f3digo guardado recientemente en tu p\u00e1gina y aplica las correcciones. <\/li> <li><b>La configuraci\u00f3n est\u00e1 completamente realizada. <\/b><br>Vaya a su p\u00e1gina para examinar el rendimiento de la herramienta. <\/li><\/ol> <p>En caso de tener consultas o tener algunas dificultades, no dude en escribir a nuestro equipo de soporte. Nuestros consultores est\u00e1n ansiosos por ayudarle con todas las dificultades que pueda tener con el widget. <\/p><\/div>","protected":false},"excerpt":{"rendered":"","protected":false},"author":9,"featured_media":0,"parent":17029,"menu_order":0,"comment_status":"closed","ping_status":"closed","template":"templates\/template-application-platform.php","meta":{"publish_to_discourse":"","publish_post_category":"","wpdc_auto_publish_overridden":"","wpdc_topic_tags":"","wpdc_pin_topic":"","wpdc_pin_until":"","discourse_post_id":"","discourse_permalink":"","wpdc_publishing_response":"","wpdc_publishing_error":"","footnotes":""},"class_list":["post-15434","page","type-page","status-publish","hentry"],"yoast_head":"<!-- This site is optimized with the Yoast SEO plugin v25.3.1 - https:\/\/yoast.com\/wordpress\/plugins\/seo\/ -->\n<title>Agregue un localizador de tiendas a WooCommerce: buscador de tiendas sin c\u00f3digo<\/title>\n<meta name=\"description\" content=\"Agregue un \u00fatil localizador de tiendas a su sitio web WooCommerce para mejorar la experiencia de compra. Utilice una demostraci\u00f3n clara de Elfsight para crear el widget.\" \/>\n<meta name=\"robots\" content=\"index, follow, max-snippet:-1, max-image-preview:large, max-video-preview:-1\" \/>\n<link rel=\"canonical\" href=\"https:\/\/elfsight.com\/es\/store-locator-widget\/woocommerce\/\" \/>\n<meta property=\"og:locale\" content=\"es_ES\" \/>\n<meta property=\"og:type\" content=\"article\" \/>\n<meta property=\"og:title\" content=\"Agregue un localizador de tiendas a WooCommerce: buscador de tiendas sin c\u00f3digo\" \/>\n<meta property=\"og:description\" content=\"Agregue un \u00fatil localizador de tiendas a su sitio web WooCommerce para mejorar la experiencia de compra. Utilice una demostraci\u00f3n clara de Elfsight para crear el widget.\" \/>\n<meta property=\"og:url\" content=\"https:\/\/elfsight.com\/es\/store-locator-widget\/woocommerce\/\" \/>\n<meta property=\"og:site_name\" content=\"Elfsight ES\" \/>\n<meta property=\"article:modified_time\" content=\"2025-02-06T15:28:44+00:00\" \/>\n<meta name=\"twitter:card\" content=\"summary_large_image\" \/>\n<meta name=\"twitter:label1\" content=\"Tiempo de lectura\" \/>\n\t<meta name=\"twitter:data1\" content=\"2 minutos\" \/>\n<!-- \/ Yoast SEO plugin. -->","yoast_head_json":{"title":"Agregue un localizador de tiendas a WooCommerce: buscador de tiendas sin c\u00f3digo","description":"Agregue un \u00fatil localizador de tiendas a su sitio web WooCommerce para mejorar la experiencia de compra. Utilice una demostraci\u00f3n clara de Elfsight para crear el widget.","robots":{"index":"index","follow":"follow","max-snippet":"max-snippet:-1","max-image-preview":"max-image-preview:large","max-video-preview":"max-video-preview:-1"},"canonical":"https:\/\/elfsight.com\/es\/store-locator-widget\/woocommerce\/","og_locale":"es_ES","og_type":"article","og_title":"Agregue un localizador de tiendas a WooCommerce: buscador de tiendas sin c\u00f3digo","og_description":"Agregue un \u00fatil localizador de tiendas a su sitio web WooCommerce para mejorar la experiencia de compra. Utilice una demostraci\u00f3n clara de Elfsight para crear el widget.","og_url":"https:\/\/elfsight.com\/es\/store-locator-widget\/woocommerce\/","og_site_name":"Elfsight ES","article_modified_time":"2025-02-06T15:28:44+00:00","twitter_card":"summary_large_image","twitter_misc":{"Tiempo de lectura":"2 minutos"},"schema":{"@context":"https:\/\/schema.org","@graph":[{"@type":"WebPage","@id":"https:\/\/elfsight.com\/es\/store-locator-widget\/woocommerce\/","url":"https:\/\/elfsight.com\/es\/store-locator-widget\/woocommerce\/","name":"Agregue un localizador de tiendas a WooCommerce: buscador de tiendas sin c\u00f3digo","isPartOf":{"@id":"https:\/\/elfsight.com\/es\/#website"},"datePublished":"1970-01-01T00:00:00+00:00","dateModified":"2025-02-06T15:28:44+00:00","description":"Agregue un \u00fatil localizador de tiendas a su sitio web WooCommerce para mejorar la experiencia de compra. Utilice una demostraci\u00f3n clara de Elfsight para crear el widget.","breadcrumb":{"@id":"https:\/\/elfsight.com\/es\/store-locator-widget\/woocommerce\/#breadcrumb"},"inLanguage":"es","potentialAction":[{"@type":"ReadAction","target":["https:\/\/elfsight.com\/es\/store-locator-widget\/woocommerce\/"]}]},{"@type":"BreadcrumbList","@id":"https:\/\/elfsight.com\/es\/store-locator-widget\/woocommerce\/#breadcrumb","itemListElement":[{"@type":"ListItem","position":1,"name":"Home","item":"https:\/\/elfsight.com\/es\/"},{"@type":"ListItem","position":2,"name":"Store Locator","item":"https:\/\/elfsight.com\/es\/store-locator-widget\/"},{"@type":"ListItem","position":3,"name":"Store Locator &#8211; WooCommerce"}]},{"@type":"WebSite","@id":"https:\/\/elfsight.com\/es\/#website","url":"https:\/\/elfsight.com\/es\/","name":"Elfsight ES","description":"Just another Elfsight Sites site","potentialAction":[{"@type":"SearchAction","target":{"@type":"EntryPoint","urlTemplate":"https:\/\/elfsight.com\/es\/?s={search_term_string}"},"query-input":{"@type":"PropertyValueSpecification","valueRequired":true,"valueName":"search_term_string"}}],"inLanguage":"es"}]}},"meta_box":{"industry":"","seo_heading":"","heading":"","description":"","cta_heading":"","cta_description":"","application":"5118","h1":"Complemento de localizaci\u00f3n de tiendas WooCommerce","h1_caption":"Aumentar la fidelidad creando una mejor navegaci\u00f3n para el cliente","application_category":[],"applications_title":"","applications_request_title":"","applications_request_button_text":"","hero_text":"","hero_video":"","hero_video_schema_markup":"","selling_points_title":"","selling_points_caption":"","selling_points":[],"selling_points_cta_text":"","features_title":"","features":"","ed_cta_examples_text":"","ed_cta_examples_hidden":"","ed_cta_demo_text":"","ed_cta_demo_hidden":"","why_caption":"","why_editor_title":"","why_editor_text":"","why_team_title":"","why_team_text":"","why_service_title":"","why_service_text":"","template_catalog_visible":"","template_catalog_title":"","template_catalog_text":"","template_catalog_categories_visible":"","demo_title":"Crea tu aplicaci\u00f3n de localizaci\u00f3n de tiendas","demo_caption":"\u00a1Configure su localizador de tiendas y agr\u00e9guelo a su sitio web WooCommerce de forma gratuita!","default_faq_hidden":"","app_template_category":[],"platform":"2311","template_public_id":"","codecanyon_url":"","codecanyon_item_id":"","codecanyon_price":"","pricing_caption":"","pricing_elfsight_apps_hide_column":"","pricing_elfsight_apps_url":"","pricing_codecanyon_price_caption":"","integration_category":[],"integration_request_title":"","integration_request_cta":"","integration_platform":"","integrations":[],"platform_category":[],"video_schema_markup":"","price":"desde $0 \/ mes","trial":"","benefits":[{"text":"Ayuda de instalaci\u00f3n gratuita"},{"text":"Servicio al cliente profesional"},{"text":"Garant\u00eda de devoluci\u00f3n de dinero de 14 d\u00edas"},{"text":"Actualizando constantemente"}],"button_url":"#demo","button_target_blank":"","button_nofollow":"","attributes":[{"name":"Instalaciones","content":"10,000 - 100,000"},{"name":"Sensible","content":"S\u00ed"},{"name":"Navegadores compatibles","content":"Firefox, Safari, Opera, Chrome, Edge"}],"tags":[],"tags_disable_links":"","hide_more_platforms":"","video_object":"","demo_hide_cta":"","demo_hide_cloud_options":"","pricing_title":"","pricing":[{"pricing_icon":"platform","pricing_title":"Elfsight Apps","pricing_title_caption":"Soluci\u00f3n digital multiplataforma","pricing_price":"desde $0 \/ mes","pricing_price_caption":"comienza con un plan gratuito","pricing_benefits":[{"text":"Dominios ilimitados"},{"text":"Soporte profesional y puntual"},{"text":"Soporte de instalaci\u00f3n gratuito"},{"text":"Totalmente personalizable"}],"pricing_button_text":"A\u00f1adir al sitio web","pricing_button_url":"#demo"}],"related_apps_title":"","related_apps_hidden":"","author":"","image":[],"title":"","job":"","social_networks":[]},"_links":{"self":[{"href":"https:\/\/elfsight.com\/es\/wp-json\/wp\/v2\/pages\/15434","targetHints":{"allow":["GET"]}}],"collection":[{"href":"https:\/\/elfsight.com\/es\/wp-json\/wp\/v2\/pages"}],"about":[{"href":"https:\/\/elfsight.com\/es\/wp-json\/wp\/v2\/types\/page"}],"author":[{"embeddable":true,"href":"https:\/\/elfsight.com\/es\/wp-json\/wp\/v2\/users\/9"}],"replies":[{"embeddable":true,"href":"https:\/\/elfsight.com\/es\/wp-json\/wp\/v2\/comments?post=15434"}],"version-history":[{"count":3,"href":"https:\/\/elfsight.com\/es\/wp-json\/wp\/v2\/pages\/15434\/revisions"}],"predecessor-version":[{"id":18351,"href":"https:\/\/elfsight.com\/es\/wp-json\/wp\/v2\/pages\/15434\/revisions\/18351"}],"up":[{"embeddable":true,"href":"https:\/\/elfsight.com\/es\/wp-json\/wp\/v2\/pages\/17029"}],"wp:attachment":[{"href":"https:\/\/elfsight.com\/es\/wp-json\/wp\/v2\/media?parent=15434"}],"curies":[{"name":"wp","href":"https:\/\/api.w.org\/{rel}","templated":true}]}}