{"id":15433,"date":"1970-01-01T00:00:00","date_gmt":"1970-01-01T00:00:00","guid":{"rendered":"https:\/\/elfsight.com\/es\/?page_id=15433"},"modified":"2025-02-06T15:28:44","modified_gmt":"2025-02-06T15:28:44","slug":"wix","status":"publish","type":"page","link":"https:\/\/elfsight.com\/es\/store-locator-widget\/wix\/","title":{"rendered":"Store Locator &#8211; Wix"},"content":{"rendered":"<div class=\"application-platform-content-item-description application-platform-content-item\" id=\"description\" data-nav-section=\"description\"> <h2>Integre el localizador de tiendas en Wix con una aplicaci\u00f3n Elfsight<\/h2> <p>El localizador de tiendas Elfsight para Wix es un widget poderoso y ajustable creado para elevar la conveniencia de su sitio web y la satisfacci\u00f3n del cliente al hacer que sea m\u00e1s f\u00e1cil que nunca para sus clientes encontrar un camino a su ubicaci\u00f3n. Con una serie de funciones \u00fatiles introducidas para mayor utilidad y rendimiento, este widget es su soluci\u00f3n ideal para presentar las ubicaciones de sus tiendas f\u00edsicas de una manera clara y conveniente. \u00a1Agr\u00e9guelo ahora mismo y vea c\u00f3mo convierte su sitio web en un \u00fatil buscador de tiendas!<\/p> <p>Al integrar el widget, aumentar\u00e1 su credibilidad entre los clientes al brindar informaci\u00f3n detallada sobre las ubicaciones f\u00edsicas de su empresa, asegurando a todos su presencia establecida. Esto puede resultar en una toma de decisiones m\u00e1s r\u00e1pida y una experiencia de compra s\u00f3lida entre los visitantes. <\/p><p><b>Utilice el maravilloso buscador de tiendas para presentar su ubicaci\u00f3n y datos importantes de operaci\u00f3n. Muestre su direcci\u00f3n f\u00edsica e informaci\u00f3n relevante para recibir m\u00e1s clientes en la tienda.<\/b><\/p><\/div> <div class=\"application-platform-content-item-features application-platform-content-item\" id=\"features\" data-nav-section=\"features\"> <h2>El widget ofrece funciones valiosas y sencillas, consulte algunas de ellas:<\/h2> <ul><li>Selecci\u00f3n de ubicaci\u00f3n sin esfuerzo<\/li><li>Opciones de mapa intuitivas<\/li><li>Botones CTA de ubicaci\u00f3n que admiten integraciones <\/li><li>Tarjeta de ubicaci\u00f3n sencilla al seleccionar el marcador<\/li><li>Horario de trabajo de ubicaci\u00f3n y disponibilidad. estado actual<\/li><\/ul><p><a href=\"#demo\">Puedes descubrir lo que ofrece el widget usando la demostraci\u00f3n<\/a><\/p><\/div> <div class=\"application-platform-content-item-installation application-platform-content-item\" id=\"installation\" data-nav-section=\"installation\"> <h2>\u00bfC\u00f3mo incorporo Store Locator en mi p\u00e1gina web de Wix?<\/h2> <p>Simplemente aplica las instrucciones a continuaci\u00f3n para activar el complemento.<\/p> <ol><li><b>Utilice nuestro editor gratuito y comience a darle forma a su instrumento personalizado. <\/b><br> Busque la interfaz seleccionada y las opciones del complemento y aplique las ediciones. <\/li> <li><b>Copia tu c\u00f3digo individual que aparece en la ventana de Elfsight Apps. <\/b><br> Cuando finalice la configuraci\u00f3n de su widget, copie el c\u00f3digo exclusivo en la ventana que aparece y gu\u00e1rdelo para usarlo en el futuro. <\/li> <li><b>Inicia la utilizaci\u00f3n del widget en tu sitio Wix. <\/b><br> Inserta el c\u00f3digo que has copiado recientemente en tu p\u00e1gina de inicio y aplica las modificaciones. <\/li> <li><b>\u00a1Ya terminaste! La configuraci\u00f3n est\u00e1 completamente realizada. <\/b><br> Vaya a su sitio para ver en acci\u00f3n el trabajo de la herramienta. <\/li><\/ol> <p>En caso de tener preguntas o enfrentar algunas complicaciones, comun\u00edquese con nuestro equipo de atenci\u00f3n al cliente. Nuestra gente est\u00e1 ansiosa por ayudarte con todas las dificultades que puedas tener con el producto. <\/p><\/div>","protected":false},"excerpt":{"rendered":"","protected":false},"author":9,"featured_media":0,"parent":17029,"menu_order":0,"comment_status":"closed","ping_status":"closed","template":"templates\/template-application-platform.php","meta":{"publish_to_discourse":"","publish_post_category":"","wpdc_auto_publish_overridden":"","wpdc_topic_tags":"","wpdc_pin_topic":"","wpdc_pin_until":"","discourse_post_id":"","discourse_permalink":"","wpdc_publishing_response":"","wpdc_publishing_error":"","footnotes":""},"class_list":["post-15433","page","type-page","status-publish","hentry"],"yoast_head":"<!-- This site is optimized with the Yoast SEO plugin v25.3.1 - https:\/\/yoast.com\/wordpress\/plugins\/seo\/ -->\n<title>Agrega el localizador de tiendas a Wix: instala Shop Finder en tu sitio web<\/title>\n<meta name=\"description\" content=\"Agrega un localizador de tiendas f\u00e1cil de usar a tu sitio web Wix para aumentar la lealtad. Explore la sencilla demostraci\u00f3n de Elfsight para crear un widget vers\u00e1til.\" \/>\n<meta name=\"robots\" content=\"index, follow, max-snippet:-1, max-image-preview:large, max-video-preview:-1\" \/>\n<link rel=\"canonical\" href=\"https:\/\/elfsight.com\/es\/store-locator-widget\/wix\/\" \/>\n<meta property=\"og:locale\" content=\"es_ES\" \/>\n<meta property=\"og:type\" content=\"article\" \/>\n<meta property=\"og:title\" content=\"Agrega el localizador de tiendas a Wix: instala Shop Finder en tu sitio web\" \/>\n<meta property=\"og:description\" content=\"Agrega un localizador de tiendas f\u00e1cil de usar a tu sitio web Wix para aumentar la lealtad. Explore la sencilla demostraci\u00f3n de Elfsight para crear un widget vers\u00e1til.\" \/>\n<meta property=\"og:url\" content=\"https:\/\/elfsight.com\/es\/store-locator-widget\/wix\/\" \/>\n<meta property=\"og:site_name\" content=\"Elfsight ES\" \/>\n<meta property=\"article:modified_time\" content=\"2025-02-06T15:28:44+00:00\" \/>\n<meta name=\"twitter:card\" content=\"summary_large_image\" \/>\n<meta name=\"twitter:label1\" content=\"Tiempo de lectura\" \/>\n\t<meta name=\"twitter:data1\" content=\"2 minutos\" \/>\n<!-- \/ Yoast SEO plugin. -->","yoast_head_json":{"title":"Agrega el localizador de tiendas a Wix: instala Shop Finder en tu sitio web","description":"Agrega un localizador de tiendas f\u00e1cil de usar a tu sitio web Wix para aumentar la lealtad. Explore la sencilla demostraci\u00f3n de Elfsight para crear un widget vers\u00e1til.","robots":{"index":"index","follow":"follow","max-snippet":"max-snippet:-1","max-image-preview":"max-image-preview:large","max-video-preview":"max-video-preview:-1"},"canonical":"https:\/\/elfsight.com\/es\/store-locator-widget\/wix\/","og_locale":"es_ES","og_type":"article","og_title":"Agrega el localizador de tiendas a Wix: instala Shop Finder en tu sitio web","og_description":"Agrega un localizador de tiendas f\u00e1cil de usar a tu sitio web Wix para aumentar la lealtad. Explore la sencilla demostraci\u00f3n de Elfsight para crear un widget vers\u00e1til.","og_url":"https:\/\/elfsight.com\/es\/store-locator-widget\/wix\/","og_site_name":"Elfsight ES","article_modified_time":"2025-02-06T15:28:44+00:00","twitter_card":"summary_large_image","twitter_misc":{"Tiempo de lectura":"2 minutos"},"schema":{"@context":"https:\/\/schema.org","@graph":[{"@type":"WebPage","@id":"https:\/\/elfsight.com\/es\/store-locator-widget\/wix\/","url":"https:\/\/elfsight.com\/es\/store-locator-widget\/wix\/","name":"Agrega el localizador de tiendas a Wix: instala Shop Finder en tu sitio web","isPartOf":{"@id":"https:\/\/elfsight.com\/es\/#website"},"datePublished":"1970-01-01T00:00:00+00:00","dateModified":"2025-02-06T15:28:44+00:00","description":"Agrega un localizador de tiendas f\u00e1cil de usar a tu sitio web Wix para aumentar la lealtad. Explore la sencilla demostraci\u00f3n de Elfsight para crear un widget vers\u00e1til.","breadcrumb":{"@id":"https:\/\/elfsight.com\/es\/store-locator-widget\/wix\/#breadcrumb"},"inLanguage":"es","potentialAction":[{"@type":"ReadAction","target":["https:\/\/elfsight.com\/es\/store-locator-widget\/wix\/"]}]},{"@type":"BreadcrumbList","@id":"https:\/\/elfsight.com\/es\/store-locator-widget\/wix\/#breadcrumb","itemListElement":[{"@type":"ListItem","position":1,"name":"Home","item":"https:\/\/elfsight.com\/es\/"},{"@type":"ListItem","position":2,"name":"Store Locator","item":"https:\/\/elfsight.com\/es\/store-locator-widget\/"},{"@type":"ListItem","position":3,"name":"Store Locator &#8211; Wix"}]},{"@type":"WebSite","@id":"https:\/\/elfsight.com\/es\/#website","url":"https:\/\/elfsight.com\/es\/","name":"Elfsight ES","description":"Just another Elfsight Sites site","potentialAction":[{"@type":"SearchAction","target":{"@type":"EntryPoint","urlTemplate":"https:\/\/elfsight.com\/es\/?s={search_term_string}"},"query-input":{"@type":"PropertyValueSpecification","valueRequired":true,"valueName":"search_term_string"}}],"inLanguage":"es"}]}},"meta_box":{"industry":"","seo_heading":"","heading":"","description":"","cta_heading":"","cta_description":"","application":"5118","h1":"Aplicaci\u00f3n Localizador de tiendas Wix","h1_caption":"Fideliza y recibe m\u00e1s clientes en tienda","application_category":[],"applications_title":"","applications_request_title":"","applications_request_button_text":"","hero_text":"","hero_video":"","hero_video_schema_markup":"","selling_points_title":"","selling_points_caption":"","selling_points":[],"selling_points_cta_text":"","features_title":"","features":"","ed_cta_examples_text":"","ed_cta_examples_hidden":"","ed_cta_demo_text":"","ed_cta_demo_hidden":"","why_caption":"","why_editor_title":"","why_editor_text":"","why_team_title":"","why_team_text":"","why_service_title":"","why_service_text":"","template_catalog_visible":"","template_catalog_title":"","template_catalog_text":"","template_catalog_categories_visible":"","demo_title":"Crea tu aplicaci\u00f3n de localizaci\u00f3n de tiendas","demo_caption":"\u00a1Configura tu localizador de tiendas y agr\u00e9galo a tu sitio web Wix gratis!","default_faq_hidden":"","app_template_category":[],"platform":"112","template_public_id":"","codecanyon_url":"","codecanyon_item_id":"","codecanyon_price":"","pricing_caption":"","pricing_elfsight_apps_hide_column":"","pricing_elfsight_apps_url":"","pricing_codecanyon_price_caption":"","integration_category":[],"integration_request_title":"","integration_request_cta":"","integration_platform":"","integrations":[],"platform_category":[],"video_schema_markup":"","price":"desde $0 \/ mes","trial":"","benefits":[{"text":"Servicio de instalaci\u00f3n gratuito"},{"text":"Soporte premium"},{"text":"Garant\u00eda de reembolso de 14 d\u00edas"},{"text":"Actualizando constantemente"}],"button_url":"#demo","button_target_blank":"","button_nofollow":"","attributes":[{"name":"Instalaciones","content":"10,000 - 100,000"},{"name":"Sensible","content":"S\u00ed"},{"name":"Navegadores compatibles","content":"Firefox, Safari, Opera, Chrome, Edge"}],"tags":[],"tags_disable_links":"","hide_more_platforms":"","video_object":"","demo_hide_cta":"","demo_hide_cloud_options":"","pricing_title":"","pricing":[{"pricing_icon":"platform","pricing_title":"Elfsight Apps","pricing_title_caption":"Versi\u00f3n multiplataforma","pricing_price":"desde $0 \/ mes","pricing_price_caption":"comienza con un plan gratuito","pricing_benefits":[{"text":"Sitios web ilimitados"},{"text":"Soporte gratuito"},{"text":"Ayuda de instalaci\u00f3n gratuita"},{"text":"Dise\u00f1o flexible"}],"pricing_button_text":"A\u00f1adir al sitio web","pricing_button_url":"#demo"}],"related_apps_title":"","related_apps_hidden":"","author":"","image":[],"title":"","job":"","social_networks":[]},"_links":{"self":[{"href":"https:\/\/elfsight.com\/es\/wp-json\/wp\/v2\/pages\/15433","targetHints":{"allow":["GET"]}}],"collection":[{"href":"https:\/\/elfsight.com\/es\/wp-json\/wp\/v2\/pages"}],"about":[{"href":"https:\/\/elfsight.com\/es\/wp-json\/wp\/v2\/types\/page"}],"author":[{"embeddable":true,"href":"https:\/\/elfsight.com\/es\/wp-json\/wp\/v2\/users\/9"}],"replies":[{"embeddable":true,"href":"https:\/\/elfsight.com\/es\/wp-json\/wp\/v2\/comments?post=15433"}],"version-history":[{"count":3,"href":"https:\/\/elfsight.com\/es\/wp-json\/wp\/v2\/pages\/15433\/revisions"}],"predecessor-version":[{"id":18352,"href":"https:\/\/elfsight.com\/es\/wp-json\/wp\/v2\/pages\/15433\/revisions\/18352"}],"up":[{"embeddable":true,"href":"https:\/\/elfsight.com\/es\/wp-json\/wp\/v2\/pages\/17029"}],"wp:attachment":[{"href":"https:\/\/elfsight.com\/es\/wp-json\/wp\/v2\/media?parent=15433"}],"curies":[{"name":"wp","href":"https:\/\/api.w.org\/{rel}","templated":true}]}}