{"id":15432,"date":"1970-01-01T00:00:00","date_gmt":"1970-01-01T00:00:00","guid":{"rendered":"https:\/\/elfsight.com\/es\/?page_id=15432"},"modified":"2025-02-06T15:28:53","modified_gmt":"2025-02-06T15:28:53","slug":"weebly","status":"publish","type":"page","link":"https:\/\/elfsight.com\/es\/store-locator-widget\/weebly\/","title":{"rendered":"Store Locator &#8211; Weebly"},"content":{"rendered":"<div class=\"application-platform-content-item-description application-platform-content-item\" id=\"description\" data-nav-section=\"description\"> <h2>Integre el localizador de tiendas en Weebly con una aplicaci\u00f3n Elfsight<\/h2> <p>El localizador de tiendas Elfsight para Weebly es un widget potente y flexible dise\u00f1ado para mejorar la usabilidad de su sitio web y la satisfacci\u00f3n del cliente al hacer que sea m\u00e1s f\u00e1cil que nunca para sus clientes encontrar la direcci\u00f3n de su empresa. Con un conjunto de excelentes funciones introducidas para lograr eficiencia y rendimiento, este widget es la soluci\u00f3n perfecta para presentar las ubicaciones f\u00edsicas de su empresa de una manera clara y conveniente. \u00a1Ins\u00e9rtelo ahora mismo y vea c\u00f3mo transforma su sitio web en un maravilloso buscador de tiendas!<\/p> <p>Al incorporar el widget, aumentar\u00e1 su confiabilidad entre los clientes al proporcionar informaci\u00f3n detallada sobre las ubicaciones f\u00edsicas de su empresa, asegurando a todos su s\u00f3lida presencia. Esto dar\u00e1 como resultado una mejor toma de decisiones y una mejor experiencia de compra entre los clientes. <\/p><p><b>Pruebe el incre\u00edble buscador de tiendas para mostrar su ubicaci\u00f3n y datos comerciales \u00fatiles. Proporcione su direcci\u00f3n f\u00edsica e informaci\u00f3n relevante para atraer m\u00e1s visitantes a la tienda. <\/b><\/p><\/div> <div class=\"application-platform-content-item-features application-platform-content-item\" id=\"features\" data-nav-section=\"features\"> <h2>Estas son las caracter\u00edsticas centrales del widget:<\/h2> <ul><li>Indicaci\u00f3n de ubicaci\u00f3n din\u00e1mica<\/li><li>Opciones de mapa orientadas al usuario<\/li><li>Botones de acci\u00f3n de ubicaci\u00f3n con integraciones <\/li><li>Tarjeta de ubicaci\u00f3n sencilla en la selecci\u00f3n de marcadores<\/li><li>Horario y horario de trabajo de ubicaci\u00f3n estado actual<\/li><\/ul><p><a href=\"#demo\">Puedes comprobar cu\u00e1nto vale el widget con la ayuda de la demostraci\u00f3n<\/a><\/p><\/div> <div class=\"application-platform-content-item-installation application-platform-content-item\" id=\"installation\" data-nav-section=\"installation\"> <h2>\u00bfC\u00f3mo incrustar Store Locator en mi p\u00e1gina web Weebly?<\/h2> <p>Simplemente sigue las siguientes pautas para integrar la herramienta. <\/p> <ol><li><b>Abre nuestra demostraci\u00f3n gratuita y comienza a crear tu widget personalizado. <\/b><br> Elija el aspecto y las especificaciones adecuados de la herramienta y aplique las modificaciones. <\/li> <li><b>Adquiera su c\u00f3digo \u00fanico revelado en la ventana de Elfsight Apps. <\/b><br> Cuando finalice la personalizaci\u00f3n de su herramienta, copie el c\u00f3digo exclusivo del cuadro que aparece y gu\u00e1rdelo para futuras ocasiones. <\/li> <li><b>Inicie la aplicaci\u00f3n del widget en su p\u00e1gina web Weebly. <\/b><br> Introduce el c\u00f3digo que has copiado antes en tu p\u00e1gina y guarda las correcciones. <\/li> <li><b>La instalaci\u00f3n ha finalizado por completo. <\/b><br> Visite su sitio web para examinar c\u00f3mo funciona el complemento. <\/li><\/ol> <p>Si tiene alguna dificultad, no dude en ponerse en contacto con nuestro personal de atenci\u00f3n al cliente. Nuestros consultores est\u00e1n deseando resolver todas las dificultades que pueda tener con la herramienta. <\/p> <\/div>","protected":false},"excerpt":{"rendered":"","protected":false},"author":9,"featured_media":0,"parent":17029,"menu_order":0,"comment_status":"closed","ping_status":"closed","template":"templates\/template-application-platform.php","meta":{"publish_to_discourse":"","publish_post_category":"","wpdc_auto_publish_overridden":"","wpdc_topic_tags":"","wpdc_pin_topic":"","wpdc_pin_until":"","discourse_post_id":"","discourse_permalink":"","wpdc_publishing_response":"","wpdc_publishing_error":"","footnotes":""},"class_list":["post-15432","page","type-page","status-publish","hentry"],"yoast_head":"<!-- This site is optimized with the Yoast SEO plugin v25.3.1 - https:\/\/yoast.com\/wordpress\/plugins\/seo\/ -->\n<title>Incrustar el localizador de tiendas en Weebly: crear un buscador de tiendas sencillo<\/title>\n<meta name=\"description\" content=\"Agregue el Localizador de tiendas a su sitio web Weebly para aumentar la satisfacci\u00f3n del cliente. Utilice una demostraci\u00f3n sencilla de Elfsight para crear un widget vers\u00e1til.\" \/>\n<meta name=\"robots\" content=\"index, follow, max-snippet:-1, max-image-preview:large, max-video-preview:-1\" \/>\n<link rel=\"canonical\" href=\"https:\/\/elfsight.com\/es\/store-locator-widget\/weebly\/\" \/>\n<meta property=\"og:locale\" content=\"es_ES\" \/>\n<meta property=\"og:type\" content=\"article\" \/>\n<meta property=\"og:title\" content=\"Incrustar el localizador de tiendas en Weebly: crear un buscador de tiendas sencillo\" \/>\n<meta property=\"og:description\" content=\"Agregue el Localizador de tiendas a su sitio web Weebly para aumentar la satisfacci\u00f3n del cliente. Utilice una demostraci\u00f3n sencilla de Elfsight para crear un widget vers\u00e1til.\" \/>\n<meta property=\"og:url\" content=\"https:\/\/elfsight.com\/es\/store-locator-widget\/weebly\/\" \/>\n<meta property=\"og:site_name\" content=\"Elfsight ES\" \/>\n<meta property=\"article:modified_time\" content=\"2025-02-06T15:28:53+00:00\" \/>\n<meta name=\"twitter:card\" content=\"summary_large_image\" \/>\n<meta name=\"twitter:label1\" content=\"Tiempo de lectura\" \/>\n\t<meta name=\"twitter:data1\" content=\"2 minutos\" \/>\n<!-- \/ Yoast SEO plugin. -->","yoast_head_json":{"title":"Incrustar el localizador de tiendas en Weebly: crear un buscador de tiendas sencillo","description":"Agregue el Localizador de tiendas a su sitio web Weebly para aumentar la satisfacci\u00f3n del cliente. Utilice una demostraci\u00f3n sencilla de Elfsight para crear un widget vers\u00e1til.","robots":{"index":"index","follow":"follow","max-snippet":"max-snippet:-1","max-image-preview":"max-image-preview:large","max-video-preview":"max-video-preview:-1"},"canonical":"https:\/\/elfsight.com\/es\/store-locator-widget\/weebly\/","og_locale":"es_ES","og_type":"article","og_title":"Incrustar el localizador de tiendas en Weebly: crear un buscador de tiendas sencillo","og_description":"Agregue el Localizador de tiendas a su sitio web Weebly para aumentar la satisfacci\u00f3n del cliente. Utilice una demostraci\u00f3n sencilla de Elfsight para crear un widget vers\u00e1til.","og_url":"https:\/\/elfsight.com\/es\/store-locator-widget\/weebly\/","og_site_name":"Elfsight ES","article_modified_time":"2025-02-06T15:28:53+00:00","twitter_card":"summary_large_image","twitter_misc":{"Tiempo de lectura":"2 minutos"},"schema":{"@context":"https:\/\/schema.org","@graph":[{"@type":"WebPage","@id":"https:\/\/elfsight.com\/es\/store-locator-widget\/weebly\/","url":"https:\/\/elfsight.com\/es\/store-locator-widget\/weebly\/","name":"Incrustar el localizador de tiendas en Weebly: crear un buscador de tiendas sencillo","isPartOf":{"@id":"https:\/\/elfsight.com\/es\/#website"},"datePublished":"1970-01-01T00:00:00+00:00","dateModified":"2025-02-06T15:28:53+00:00","description":"Agregue el Localizador de tiendas a su sitio web Weebly para aumentar la satisfacci\u00f3n del cliente. Utilice una demostraci\u00f3n sencilla de Elfsight para crear un widget vers\u00e1til.","breadcrumb":{"@id":"https:\/\/elfsight.com\/es\/store-locator-widget\/weebly\/#breadcrumb"},"inLanguage":"es","potentialAction":[{"@type":"ReadAction","target":["https:\/\/elfsight.com\/es\/store-locator-widget\/weebly\/"]}]},{"@type":"BreadcrumbList","@id":"https:\/\/elfsight.com\/es\/store-locator-widget\/weebly\/#breadcrumb","itemListElement":[{"@type":"ListItem","position":1,"name":"Home","item":"https:\/\/elfsight.com\/es\/"},{"@type":"ListItem","position":2,"name":"Store Locator","item":"https:\/\/elfsight.com\/es\/store-locator-widget\/"},{"@type":"ListItem","position":3,"name":"Store Locator &#8211; Weebly"}]},{"@type":"WebSite","@id":"https:\/\/elfsight.com\/es\/#website","url":"https:\/\/elfsight.com\/es\/","name":"Elfsight ES","description":"Just another Elfsight Sites site","potentialAction":[{"@type":"SearchAction","target":{"@type":"EntryPoint","urlTemplate":"https:\/\/elfsight.com\/es\/?s={search_term_string}"},"query-input":{"@type":"PropertyValueSpecification","valueRequired":true,"valueName":"search_term_string"}}],"inLanguage":"es"}]}},"meta_box":{"industry":"","seo_heading":"","heading":"","description":"","cta_heading":"","cta_description":"","application":"5118","h1":"Aplicaci\u00f3n Localizador de Tiendas Weebly","h1_caption":"Mejore la fidelidad y obtenga m\u00e1s visitas a la tienda","application_category":[],"applications_title":"","applications_request_title":"","applications_request_button_text":"","hero_text":"","hero_video":"","hero_video_schema_markup":"","selling_points_title":"","selling_points_caption":"","selling_points":[],"selling_points_cta_text":"","features_title":"","features":"","ed_cta_examples_text":"","ed_cta_examples_hidden":"","ed_cta_demo_text":"","ed_cta_demo_hidden":"","why_caption":"","why_editor_title":"","why_editor_text":"","why_team_title":"","why_team_text":"","why_service_title":"","why_service_text":"","template_catalog_visible":"","template_catalog_title":"","template_catalog_text":"","template_catalog_categories_visible":"","demo_title":"Crea tu aplicaci\u00f3n de localizaci\u00f3n de tiendas","demo_caption":"\u00a1Configura tu Localizador de Tiendas y agr\u00e9galo a tu sitio web Weebly gratis!","default_faq_hidden":"","app_template_category":[],"platform":"109","template_public_id":"","codecanyon_url":"","codecanyon_item_id":"","codecanyon_price":"","pricing_caption":"","pricing_elfsight_apps_hide_column":"","pricing_elfsight_apps_url":"","pricing_codecanyon_price_caption":"","integration_category":[],"integration_request_title":"","integration_request_cta":"","integration_platform":"","integrations":[],"platform_category":[],"video_schema_markup":"","price":"desde $0 \/ mes","trial":"","benefits":[{"text":"Asistencia de instalaci\u00f3n gratuita"},{"text":"Servicio al cliente eficaz"},{"text":"Garant\u00eda de reembolso de 14 d\u00edas"},{"text":"Actualizaciones futuras"}],"button_url":"#demo","button_target_blank":"","button_nofollow":"","attributes":[{"name":"Instalaciones","content":"10,000 - 100,000"},{"name":"Sensible","content":"S\u00ed"},{"name":"Navegadores compatibles","content":"Firefox, Safari, Opera, Chrome, Edge"}],"tags":[],"tags_disable_links":"","hide_more_platforms":"","video_object":"","demo_hide_cta":"","demo_hide_cloud_options":"","pricing_title":"","pricing":[{"pricing_icon":"platform","pricing_title":"Elfsight Apps","pricing_title_caption":"Soluci\u00f3n independiente de plataforma que funciona en cualquier sitio web","pricing_price":"desde $0 \/ mes","pricing_price_caption":"comienza con un plan gratuito","pricing_benefits":[{"text":"Sitios web ilimitados"},{"text":"Soporte premium y bien documentado."},{"text":"Soporte de instalaci\u00f3n gratuito"},{"text":"100% personalizable"}],"pricing_button_text":"A\u00f1adir al sitio web","pricing_button_url":"#demo"}],"related_apps_title":"","related_apps_hidden":"","author":"","image":[],"title":"","job":"","social_networks":[]},"_links":{"self":[{"href":"https:\/\/elfsight.com\/es\/wp-json\/wp\/v2\/pages\/15432","targetHints":{"allow":["GET"]}}],"collection":[{"href":"https:\/\/elfsight.com\/es\/wp-json\/wp\/v2\/pages"}],"about":[{"href":"https:\/\/elfsight.com\/es\/wp-json\/wp\/v2\/types\/page"}],"author":[{"embeddable":true,"href":"https:\/\/elfsight.com\/es\/wp-json\/wp\/v2\/users\/9"}],"replies":[{"embeddable":true,"href":"https:\/\/elfsight.com\/es\/wp-json\/wp\/v2\/comments?post=15432"}],"version-history":[{"count":3,"href":"https:\/\/elfsight.com\/es\/wp-json\/wp\/v2\/pages\/15432\/revisions"}],"predecessor-version":[{"id":18353,"href":"https:\/\/elfsight.com\/es\/wp-json\/wp\/v2\/pages\/15432\/revisions\/18353"}],"up":[{"embeddable":true,"href":"https:\/\/elfsight.com\/es\/wp-json\/wp\/v2\/pages\/17029"}],"wp:attachment":[{"href":"https:\/\/elfsight.com\/es\/wp-json\/wp\/v2\/media?parent=15432"}],"curies":[{"name":"wp","href":"https:\/\/api.w.org\/{rel}","templated":true}]}}