{"id":15426,"date":"1970-01-01T00:00:00","date_gmt":"1970-01-01T00:00:00","guid":{"rendered":"https:\/\/elfsight.com\/es\/?page_id=15426"},"modified":"2025-02-06T15:28:53","modified_gmt":"2025-02-06T15:28:53","slug":"webflow","status":"publish","type":"page","link":"https:\/\/elfsight.com\/es\/store-locator-widget\/webflow\/","title":{"rendered":"Store Locator &#8211; Webflow"},"content":{"rendered":"<div class=\"application-platform-content-item-description application-platform-content-item\" id=\"description\" data-nav-section=\"description\"> <h2>Incorpore el localizador de tiendas en Webflow con un widget de Elfsight<\/h2> <p>El localizador de tiendas de Elfsight para Webflow es un widget din\u00e1mico y ajustable creado para mejorar la usabilidad de su sitio web y la participaci\u00f3n del cliente, haciendo que sea m\u00e1s f\u00e1cil que nunca para sus clientes encontrar su ubicaci\u00f3n. Con un conjunto de funciones \u00fatiles introducidas para lograr eficiencia y rendimiento, este widget es su soluci\u00f3n clave para demostrar las ubicaciones de sus tiendas f\u00edsicas de una manera interactiva y conveniente. \u00a1Ins\u00e9rtelo ahora mismo y observe c\u00f3mo convierte su sitio web en un buscador de tiendas orientado al usuario!<\/p> <p>Al incorporar el widget, aumentar\u00e1 su credibilidad entre los clientes al brindar informaci\u00f3n detallada sobre las ubicaciones f\u00edsicas de su organizaci\u00f3n, asegurando a todos su presencia establecida. Esto dar\u00e1 como resultado una toma de decisiones m\u00e1s r\u00e1pida y una mejor experiencia de compra entre los clientes. <\/p><p><b>Benef\u00edciese del brillante buscador de tiendas para demostrar su ubicaci\u00f3n y datos importantes de operaci\u00f3n. Muestre su direcci\u00f3n actual e informaci\u00f3n relevante invitando a m\u00e1s clientes en la tienda. <\/b><\/p><\/div> <div class=\"application-platform-content-item-features application-platform-content-item\" id=\"features\" data-nav-section=\"features\"> <h2>Las caracter\u00edsticas clave del widget incluyen<\/h2> <ul><li>Selecci\u00f3n de ubicaci\u00f3n sin esfuerzo<\/li><li>Caracter\u00edsticas \u00fatiles del mapa<\/li><li>Botones de interacci\u00f3n de ubicaci\u00f3n que admiten integraciones <\/li><li>Tarjeta de ubicaci\u00f3n sencilla al hacer clic en el marcador<\/li><li>Horario de trabajo de ubicaci\u00f3n y configuraci\u00f3n. estado abierto<\/li><\/ul><p><a href=\"#demo\">Puedes ver lo que ofrece el widget con la ayuda de la demostraci\u00f3n<\/a><\/p><\/div> <div class=\"application-platform-content-item-installation application-platform-content-item\" id=\"installation\" data-nav-section=\"installation\"> <h2>\u00bfC\u00f3mo incrustar Store Locator en mi sitio web Webflow?<\/h2> <p>Simplemente siga las pautas a continuaci\u00f3n para integrar el complemento. <\/p> <ol><li><b>Utiliza nuestro configurador gratuito y comienza a darle forma a tu complemento personalizado. <\/b><br> Elija el dise\u00f1o y las caracter\u00edsticas funcionales adecuadas de la herramienta y aplique las ediciones. <\/li> <li><b>Obtenga el c\u00f3digo personal revelado en el formulario especial en Elfsight Apps. <\/b><br> Cuando finalice la configuraci\u00f3n de su herramienta personal, copie el c\u00f3digo individual en la ventana emergente que aparece y gu\u00e1rdelo para su uso posterior. <\/li> <li><b>Comience a utilizar la herramienta en la p\u00e1gina web de Webflow. <\/b><br>Coloca el c\u00f3digo que has copiado recientemente en tu p\u00e1gina web y guarda las mejoras. <\/li> <li><b>La configuraci\u00f3n est\u00e1 completamente realizada. <\/b><br> Visite su sitio web para examinar el rendimiento del widget. <\/li><\/ol> <p>Si tiene alguna pregunta o encuentra alg\u00fan obst\u00e1culo, comun\u00edquese con nuestro personal de soporte. Nuestros especialistas estar\u00e1n encantados de resolver todas las dudas que puedas tener con el producto. <\/p><\/div>","protected":false},"excerpt":{"rendered":"","protected":false},"author":9,"featured_media":0,"parent":17029,"menu_order":0,"comment_status":"closed","ping_status":"closed","template":"templates\/template-application-platform.php","meta":{"publish_to_discourse":"","publish_post_category":"","wpdc_auto_publish_overridden":"","wpdc_topic_tags":"","wpdc_pin_topic":"","wpdc_pin_until":"","discourse_post_id":"","discourse_permalink":"","wpdc_publishing_response":"","wpdc_publishing_error":"","footnotes":""},"class_list":["post-15426","page","type-page","status-publish","hentry"],"yoast_head":"<!-- This site is optimized with the Yoast SEO plugin v25.3.1 - https:\/\/yoast.com\/wordpress\/plugins\/seo\/ -->\n<title>Incruste el localizador de tiendas en Webflow: muestre su ubicaci\u00f3n<\/title>\n<meta name=\"description\" content=\"Agregue Store Locator a las p\u00e1ginas de su sitio web de Webflow para generar confianza. Benef\u00edciese de una pr\u00e1ctica demostraci\u00f3n de Elfsight para generar el widget f\u00e1cilmente.\" \/>\n<meta name=\"robots\" content=\"index, follow, max-snippet:-1, max-image-preview:large, max-video-preview:-1\" \/>\n<link rel=\"canonical\" href=\"https:\/\/elfsight.com\/es\/store-locator-widget\/webflow\/\" \/>\n<meta property=\"og:locale\" content=\"es_ES\" \/>\n<meta property=\"og:type\" content=\"article\" \/>\n<meta property=\"og:title\" content=\"Incruste el localizador de tiendas en Webflow: muestre su ubicaci\u00f3n\" \/>\n<meta property=\"og:description\" content=\"Agregue Store Locator a las p\u00e1ginas de su sitio web de Webflow para generar confianza. Benef\u00edciese de una pr\u00e1ctica demostraci\u00f3n de Elfsight para generar el widget f\u00e1cilmente.\" \/>\n<meta property=\"og:url\" content=\"https:\/\/elfsight.com\/es\/store-locator-widget\/webflow\/\" \/>\n<meta property=\"og:site_name\" content=\"Elfsight ES\" \/>\n<meta property=\"article:modified_time\" content=\"2025-02-06T15:28:53+00:00\" \/>\n<meta name=\"twitter:card\" content=\"summary_large_image\" \/>\n<meta name=\"twitter:label1\" content=\"Tiempo de lectura\" \/>\n\t<meta name=\"twitter:data1\" content=\"2 minutos\" \/>\n<!-- \/ Yoast SEO plugin. -->","yoast_head_json":{"title":"Incruste el localizador de tiendas en Webflow: muestre su ubicaci\u00f3n","description":"Agregue Store Locator a las p\u00e1ginas de su sitio web de Webflow para generar confianza. Benef\u00edciese de una pr\u00e1ctica demostraci\u00f3n de Elfsight para generar el widget f\u00e1cilmente.","robots":{"index":"index","follow":"follow","max-snippet":"max-snippet:-1","max-image-preview":"max-image-preview:large","max-video-preview":"max-video-preview:-1"},"canonical":"https:\/\/elfsight.com\/es\/store-locator-widget\/webflow\/","og_locale":"es_ES","og_type":"article","og_title":"Incruste el localizador de tiendas en Webflow: muestre su ubicaci\u00f3n","og_description":"Agregue Store Locator a las p\u00e1ginas de su sitio web de Webflow para generar confianza. Benef\u00edciese de una pr\u00e1ctica demostraci\u00f3n de Elfsight para generar el widget f\u00e1cilmente.","og_url":"https:\/\/elfsight.com\/es\/store-locator-widget\/webflow\/","og_site_name":"Elfsight ES","article_modified_time":"2025-02-06T15:28:53+00:00","twitter_card":"summary_large_image","twitter_misc":{"Tiempo de lectura":"2 minutos"},"schema":{"@context":"https:\/\/schema.org","@graph":[{"@type":"WebPage","@id":"https:\/\/elfsight.com\/es\/store-locator-widget\/webflow\/","url":"https:\/\/elfsight.com\/es\/store-locator-widget\/webflow\/","name":"Incruste el localizador de tiendas en Webflow: muestre su ubicaci\u00f3n","isPartOf":{"@id":"https:\/\/elfsight.com\/es\/#website"},"datePublished":"1970-01-01T00:00:00+00:00","dateModified":"2025-02-06T15:28:53+00:00","description":"Agregue Store Locator a las p\u00e1ginas de su sitio web de Webflow para generar confianza. Benef\u00edciese de una pr\u00e1ctica demostraci\u00f3n de Elfsight para generar el widget f\u00e1cilmente.","breadcrumb":{"@id":"https:\/\/elfsight.com\/es\/store-locator-widget\/webflow\/#breadcrumb"},"inLanguage":"es","potentialAction":[{"@type":"ReadAction","target":["https:\/\/elfsight.com\/es\/store-locator-widget\/webflow\/"]}]},{"@type":"BreadcrumbList","@id":"https:\/\/elfsight.com\/es\/store-locator-widget\/webflow\/#breadcrumb","itemListElement":[{"@type":"ListItem","position":1,"name":"Home","item":"https:\/\/elfsight.com\/es\/"},{"@type":"ListItem","position":2,"name":"Store Locator","item":"https:\/\/elfsight.com\/es\/store-locator-widget\/"},{"@type":"ListItem","position":3,"name":"Store Locator &#8211; Webflow"}]},{"@type":"WebSite","@id":"https:\/\/elfsight.com\/es\/#website","url":"https:\/\/elfsight.com\/es\/","name":"Elfsight ES","description":"Just another Elfsight Sites site","potentialAction":[{"@type":"SearchAction","target":{"@type":"EntryPoint","urlTemplate":"https:\/\/elfsight.com\/es\/?s={search_term_string}"},"query-input":{"@type":"PropertyValueSpecification","valueRequired":true,"valueName":"search_term_string"}}],"inLanguage":"es"}]}},"meta_box":{"industry":"","seo_heading":"","heading":"","description":"","cta_heading":"","cta_description":"","application":"5118","h1":"Widget de localizaci\u00f3n de tiendas de Webflow","h1_caption":"Aumenta la fidelidad y consigue m\u00e1s visitas a la tienda","application_category":[],"applications_title":"","applications_request_title":"","applications_request_button_text":"","hero_text":"","hero_video":"","hero_video_schema_markup":"","selling_points_title":"","selling_points_caption":"","selling_points":[],"selling_points_cta_text":"","features_title":"","features":"","ed_cta_examples_text":"","ed_cta_examples_hidden":"","ed_cta_demo_text":"","ed_cta_demo_hidden":"","why_caption":"","why_editor_title":"","why_editor_text":"","why_team_title":"","why_team_text":"","why_service_title":"","why_service_text":"","template_catalog_visible":"","template_catalog_title":"","template_catalog_text":"","template_catalog_categories_visible":"","demo_title":"Crea tu widget de localizador de tiendas","demo_caption":"\u00a1Configure su localizador de tiendas y agr\u00e9guelo a su sitio web Webflow gratis!","default_faq_hidden":"","app_template_category":[],"platform":"106","template_public_id":"","codecanyon_url":"","codecanyon_item_id":"","codecanyon_price":"","pricing_caption":"","pricing_elfsight_apps_hide_column":"","pricing_elfsight_apps_url":"","pricing_codecanyon_price_caption":"","integration_category":[],"integration_request_title":"","integration_request_cta":"","integration_platform":"","integrations":[],"platform_category":[],"video_schema_markup":"","price":"desde $0 \/ mes","trial":"","benefits":[{"text":"Ayuda de instalaci\u00f3n gratuita"},{"text":"Soporte excepcional"},{"text":"Garant\u00eda de reembolso de 14 d\u00edas"},{"text":"Actualizaciones continuas"}],"button_url":"#demo","button_target_blank":"","button_nofollow":"","attributes":[{"name":"Instalaciones","content":"10,000 - 100,000"},{"name":"Sensible","content":"S\u00ed"},{"name":"Navegadores compatibles","content":"Firefox, Safari, Opera, Chrome, Edge"}],"tags":[],"tags_disable_links":"","hide_more_platforms":"","video_object":"","demo_hide_cta":"","demo_hide_cloud_options":"","pricing_title":"","pricing":[{"pricing_icon":"platform","pricing_title":"Elfsight Apps","pricing_title_caption":"Soluci\u00f3n multiplataforma que se adapta a cualquier sitio","pricing_price":"desde $0 \/ mes","pricing_price_caption":"comienza con un plan gratuito","pricing_benefits":[{"text":"Dominios ilimitados"},{"text":"Soporte premium"},{"text":"Asistencia de instalaci\u00f3n gratuita"},{"text":"Totalmente personalizable"}],"pricing_button_text":"A\u00f1adir al sitio web","pricing_button_url":"#demo"}],"related_apps_title":"","related_apps_hidden":"","author":"","image":[],"title":"","job":"","social_networks":[]},"_links":{"self":[{"href":"https:\/\/elfsight.com\/es\/wp-json\/wp\/v2\/pages\/15426","targetHints":{"allow":["GET"]}}],"collection":[{"href":"https:\/\/elfsight.com\/es\/wp-json\/wp\/v2\/pages"}],"about":[{"href":"https:\/\/elfsight.com\/es\/wp-json\/wp\/v2\/types\/page"}],"author":[{"embeddable":true,"href":"https:\/\/elfsight.com\/es\/wp-json\/wp\/v2\/users\/9"}],"replies":[{"embeddable":true,"href":"https:\/\/elfsight.com\/es\/wp-json\/wp\/v2\/comments?post=15426"}],"version-history":[{"count":3,"href":"https:\/\/elfsight.com\/es\/wp-json\/wp\/v2\/pages\/15426\/revisions"}],"predecessor-version":[{"id":18355,"href":"https:\/\/elfsight.com\/es\/wp-json\/wp\/v2\/pages\/15426\/revisions\/18355"}],"up":[{"embeddable":true,"href":"https:\/\/elfsight.com\/es\/wp-json\/wp\/v2\/pages\/17029"}],"wp:attachment":[{"href":"https:\/\/elfsight.com\/es\/wp-json\/wp\/v2\/media?parent=15426"}],"curies":[{"name":"wp","href":"https:\/\/api.w.org\/{rel}","templated":true}]}}