{"id":15424,"date":"1970-01-01T00:00:00","date_gmt":"1970-01-01T00:00:00","guid":{"rendered":"https:\/\/elfsight.com\/es\/?page_id=15424"},"modified":"2025-12-25T12:08:37","modified_gmt":"2025-12-25T12:08:37","slug":"shopify","status":"publish","type":"page","link":"https:\/\/elfsight.com\/es\/store-locator-widget\/shopify\/","title":{"rendered":"Store Locator &#8211; Shopify"},"content":{"rendered":"<div class=\"application-platform-content-item-description application-platform-content-item\" id=\"description\" data-nav-section=\"description\"> <h2>Integre el localizador de tiendas en Shopify con una aplicaci\u00f3n Elfsight<\/h2> <p>El localizador de tiendas Elfsight para Shopify es un widget din\u00e1mico y ajustable dise\u00f1ado para elevar la comodidad de su sitio web y la participaci\u00f3n del cliente al hacer que sea m\u00e1s f\u00e1cil que nunca para sus clientes encontrar el camino a la direcci\u00f3n de su empresa. Con un conjunto de potentes funciones introducidas para lograr eficiencia y rendimiento, este widget es su soluci\u00f3n ideal para mostrar las ubicaciones de sus tiendas f\u00edsicas de una manera clara y conveniente. \u00a1Ins\u00e9rtelo ahora y observe c\u00f3mo convierte su sitio web en un buscador de tiendas orientado al usuario!<\/p> <p>Al incorporar el widget, aumentar\u00e1 su confiabilidad entre los visitantes al brindarles informaci\u00f3n detallada sobre las ubicaciones f\u00edsicas de su negocio, asegur\u00e1ndoles su presencia real. Esto puede resultar en una toma de decisiones m\u00e1s r\u00e1pida y una mejor experiencia de compra entre los clientes. <\/p><p><b>Instale el brillante buscador de tiendas para demostrar su ubicaci\u00f3n y datos comerciales importantes. Proporcione su direcci\u00f3n actual y la informaci\u00f3n requerida para atraer clientes adicionales en la tienda. <\/b><\/p> <\/div> <div class=\"application-platform-content-item-features application-platform-content-item\" id=\"features\" data-nav-section=\"features\"> <h2>Estas son solo algunas de las numerosas funciones del widget:<\/h2> <ul><li>Elecci\u00f3n din\u00e1mica de direcci\u00f3n<\/li><li>Opciones de mapa \u00fatiles<\/li><li>Botones CTA de ubicaci\u00f3n habilitados con integraciones <\/li><li>Ventana emergente de ubicaci\u00f3n sencilla en el marcador haga clic en<\/li><li>Programa de operaci\u00f3n de ubicaci\u00f3n &amp; estado de actividad<\/li><\/ul><p><a href=\"#demo\">Simplemente prueba esta demostraci\u00f3n para ver c\u00f3mo funciona<\/a><\/p><\/div> <div class=\"application-platform-content-item-installation application-platform-content-item\" id=\"installation\" data-nav-section=\"installation\"> <h2>\u00bfC\u00f3mo puedo incorporar el localizador de tiendas en mi sitio web de Shopify?<\/h2> <div class=\"video-container\">\n<iframe width=\"720\" height=\"405\" src=\"https:\/\/www.youtube.com\/embed\/MozpH17kRic?si=FR_KniDCWx41bcx4\" frameborder=\"0\" allowfullscreen=\"\"><\/iframe>\n<\/div><p>Simplemente sigue las siguientes pautas para integrar el widget. <\/p> <ol><li><b>Utilice nuestro editor gratuito y comience a darle forma a su complemento personalizado. <\/b><br> Encuentre el dise\u00f1o y los par\u00e1metros preferibles del widget y guarde las correcciones. <\/li> <li><b>Adquiere tu c\u00f3digo individual que aparece en el formulario especial de Elfsight Apps. <\/b><br> Tan pronto como se complete la creaci\u00f3n de su herramienta, copie el c\u00f3digo exclusivo de la ventana que aparece y gu\u00e1rdelo para su uso posterior. <\/li> <li><b>Comienza a usar la herramienta en tu sitio web de Shopify. <\/b><br> Pega el c\u00f3digo que guardaste antes en tu p\u00e1gina de inicio y guarda las ediciones. <\/li> <li><b>\u00a1Ya terminaste! La incrustaci\u00f3n se realiza con \u00e9xito. <\/b><br> Vaya a su sitio para observar el rendimiento de la herramienta. <\/li><\/ol> <p>Si encuentra alguna dificultad, no dude en comunicarse con nuestro personal de soporte. Nuestros consultores est\u00e1n deseando resolver todos los problemas que pueda tener con el producto. <\/p><\/div>","protected":false},"excerpt":{"rendered":"","protected":false},"author":9,"featured_media":0,"parent":17029,"menu_order":0,"comment_status":"closed","ping_status":"closed","template":"templates\/template-application-platform.php","meta":{"publish_to_discourse":"","publish_post_category":"","wpdc_auto_publish_overridden":"","wpdc_topic_tags":"","wpdc_pin_topic":"","wpdc_pin_until":"","discourse_post_id":"","discourse_permalink":"","wpdc_publishing_response":"","wpdc_publishing_error":"","footnotes":""},"class_list":["post-15424","page","type-page","status-publish","hentry"],"yoast_head":"<!-- This site is optimized with the Yoast SEO plugin v25.3.1 - https:\/\/yoast.com\/wordpress\/plugins\/seo\/ -->\n<title>Integre el localizador de tiendas en Shipify para una presencia empresarial inteligente<\/title>\n<meta name=\"description\" content=\"Agrega el Localizador de tiendas a las p\u00e1ginas de tu sitio web de Shopify para mejorar las conversiones. Benef\u00edciese de una demostraci\u00f3n clara de Elfsight para crear un widget vers\u00e1til.\" \/>\n<meta name=\"robots\" content=\"index, follow, max-snippet:-1, max-image-preview:large, max-video-preview:-1\" \/>\n<link rel=\"canonical\" href=\"https:\/\/elfsight.com\/es\/store-locator-widget\/shopify\/\" \/>\n<meta property=\"og:locale\" content=\"es_ES\" \/>\n<meta property=\"og:type\" content=\"article\" \/>\n<meta property=\"og:title\" content=\"Integre el localizador de tiendas en Shipify para una presencia empresarial inteligente\" \/>\n<meta property=\"og:description\" content=\"Agrega el Localizador de tiendas a las p\u00e1ginas de tu sitio web de Shopify para mejorar las conversiones. Benef\u00edciese de una demostraci\u00f3n clara de Elfsight para crear un widget vers\u00e1til.\" \/>\n<meta property=\"og:url\" content=\"https:\/\/elfsight.com\/es\/store-locator-widget\/shopify\/\" \/>\n<meta property=\"og:site_name\" content=\"Elfsight ES\" \/>\n<meta property=\"article:modified_time\" content=\"2025-12-25T12:08:37+00:00\" \/>\n<meta name=\"twitter:card\" content=\"summary_large_image\" \/>\n<meta name=\"twitter:label1\" content=\"Tiempo de lectura\" \/>\n\t<meta name=\"twitter:data1\" content=\"2 minutos\" \/>\n<!-- \/ Yoast SEO plugin. -->","yoast_head_json":{"title":"Integre el localizador de tiendas en Shipify para una presencia empresarial inteligente","description":"Agrega el Localizador de tiendas a las p\u00e1ginas de tu sitio web de Shopify para mejorar las conversiones. Benef\u00edciese de una demostraci\u00f3n clara de Elfsight para crear un widget vers\u00e1til.","robots":{"index":"index","follow":"follow","max-snippet":"max-snippet:-1","max-image-preview":"max-image-preview:large","max-video-preview":"max-video-preview:-1"},"canonical":"https:\/\/elfsight.com\/es\/store-locator-widget\/shopify\/","og_locale":"es_ES","og_type":"article","og_title":"Integre el localizador de tiendas en Shipify para una presencia empresarial inteligente","og_description":"Agrega el Localizador de tiendas a las p\u00e1ginas de tu sitio web de Shopify para mejorar las conversiones. Benef\u00edciese de una demostraci\u00f3n clara de Elfsight para crear un widget vers\u00e1til.","og_url":"https:\/\/elfsight.com\/es\/store-locator-widget\/shopify\/","og_site_name":"Elfsight ES","article_modified_time":"2025-12-25T12:08:37+00:00","twitter_card":"summary_large_image","twitter_misc":{"Tiempo de lectura":"2 minutos"},"schema":{"@context":"https:\/\/schema.org","@graph":[{"@type":"WebPage","@id":"https:\/\/elfsight.com\/es\/store-locator-widget\/shopify\/","url":"https:\/\/elfsight.com\/es\/store-locator-widget\/shopify\/","name":"Integre el localizador de tiendas en Shipify para una presencia empresarial inteligente","isPartOf":{"@id":"https:\/\/elfsight.com\/es\/#website"},"datePublished":"1970-01-01T00:00:00+00:00","dateModified":"2025-12-25T12:08:37+00:00","description":"Agrega el Localizador de tiendas a las p\u00e1ginas de tu sitio web de Shopify para mejorar las conversiones. Benef\u00edciese de una demostraci\u00f3n clara de Elfsight para crear un widget vers\u00e1til.","breadcrumb":{"@id":"https:\/\/elfsight.com\/es\/store-locator-widget\/shopify\/#breadcrumb"},"inLanguage":"es","potentialAction":[{"@type":"ReadAction","target":["https:\/\/elfsight.com\/es\/store-locator-widget\/shopify\/"]}]},{"@type":"BreadcrumbList","@id":"https:\/\/elfsight.com\/es\/store-locator-widget\/shopify\/#breadcrumb","itemListElement":[{"@type":"ListItem","position":1,"name":"Home","item":"https:\/\/elfsight.com\/es\/"},{"@type":"ListItem","position":2,"name":"Store Locator","item":"https:\/\/elfsight.com\/es\/store-locator-widget\/"},{"@type":"ListItem","position":3,"name":"Store Locator &#8211; Shopify"}]},{"@type":"WebSite","@id":"https:\/\/elfsight.com\/es\/#website","url":"https:\/\/elfsight.com\/es\/","name":"Elfsight ES","description":"Just another Elfsight Sites site","potentialAction":[{"@type":"SearchAction","target":{"@type":"EntryPoint","urlTemplate":"https:\/\/elfsight.com\/es\/?s={search_term_string}"},"query-input":{"@type":"PropertyValueSpecification","valueRequired":true,"valueName":"search_term_string"}}],"inLanguage":"es"}]}},"meta_box":{"industry":"","seo_heading":"","heading":"","description":"","cta_heading":"","cta_description":"","application":"5118","h1":"Aplicaci\u00f3n Localizador de tiendas Shopify","h1_caption":"Logre una mayor lealtad con una navegaci\u00f3n de clientes simplificada","application_category":[],"applications_title":"","applications_request_title":"","applications_request_button_text":"","hero_text":"","hero_video":"","hero_video_schema_markup":"","selling_points_title":"","selling_points_caption":"","selling_points":[],"selling_points_cta_text":"","features_title":"","features":"","ed_cta_examples_text":"","ed_cta_examples_hidden":"","ed_cta_demo_text":"","ed_cta_demo_hidden":"","why_caption":"","why_editor_title":"","why_editor_text":"","why_team_title":"","why_team_text":"","why_service_title":"","why_service_text":"","template_catalog_visible":"0","template_catalog_title":"","template_catalog_text":"","template_catalog_categories_visible":"","demo_title":"Crea tu aplicaci\u00f3n de localizaci\u00f3n de tiendas","demo_caption":"\u00a1Configura tu localizador de tiendas y agr\u00e9galo a tu sitio web de Shopify gratis!","default_faq_hidden":"","app_template_category":[],"platform":"91","template_public_id":"","codecanyon_url":"","codecanyon_item_id":"","codecanyon_price":"","pricing_caption":"","pricing_elfsight_apps_hide_column":"","pricing_elfsight_apps_url":"","pricing_codecanyon_price_caption":"","integration_category":[],"integration_request_title":"","integration_request_cta":"","integration_platform":"","integrations":[],"platform_category":[],"video_schema_markup":"","price":"desde $0 \/ mes","trial":"","benefits":[{"text":"Asistencia de instalaci\u00f3n gratuita"},{"text":"Soporte excepcional"},{"text":"Garant\u00eda de reembolso de 14 d\u00edas"},{"text":"Desarrollo continuo"}],"button_url":"#demo","button_target_blank":"0","button_nofollow":"0","attributes":[{"name":"Instalaciones","content":"10,000 - 100,000"},{"name":"Sensible","content":"S\u00ed"},{"name":"Navegadores compatibles","content":"Firefox, Safari, Opera, Chrome, Edge"}],"tags":[],"tags_disable_links":"0","hide_more_platforms":"0","video_object":"","demo_hide_cta":"0","demo_hide_cloud_options":"0","pricing_title":"","pricing":[{"pricing_icon":"platform","pricing_title":"Elfsight Apps","pricing_title_caption":"Soluci\u00f3n digital multiplataforma que funciona en cualquier sitio web","pricing_price":"desde $0 \/ mes","pricing_price_caption":"comienza con un plan gratuito","pricing_benefits":[{"text":"Uso ilimitado en m\u00faltiples dominios"},{"text":"Soporte gratuito 24 horas al d\u00eda, 7 d\u00edas a la semana"},{"text":"Soporte gratuito de instalaci\u00f3n y configuraci\u00f3n"},{"text":"Totalmente personalizable para satisfacer sus necesidades"}],"pricing_button_text":"A\u00f1adir al sitio web","pricing_button_url":"#demo"}],"related_apps_title":"","related_apps_hidden":"0","author":"","image":[],"title":"","job":"","social_networks":[]},"_links":{"self":[{"href":"https:\/\/elfsight.com\/es\/wp-json\/wp\/v2\/pages\/15424","targetHints":{"allow":["GET"]}}],"collection":[{"href":"https:\/\/elfsight.com\/es\/wp-json\/wp\/v2\/pages"}],"about":[{"href":"https:\/\/elfsight.com\/es\/wp-json\/wp\/v2\/types\/page"}],"author":[{"embeddable":true,"href":"https:\/\/elfsight.com\/es\/wp-json\/wp\/v2\/users\/9"}],"replies":[{"embeddable":true,"href":"https:\/\/elfsight.com\/es\/wp-json\/wp\/v2\/comments?post=15424"}],"version-history":[{"count":4,"href":"https:\/\/elfsight.com\/es\/wp-json\/wp\/v2\/pages\/15424\/revisions"}],"predecessor-version":[{"id":20019,"href":"https:\/\/elfsight.com\/es\/wp-json\/wp\/v2\/pages\/15424\/revisions\/20019"}],"up":[{"embeddable":true,"href":"https:\/\/elfsight.com\/es\/wp-json\/wp\/v2\/pages\/17029"}],"wp:attachment":[{"href":"https:\/\/elfsight.com\/es\/wp-json\/wp\/v2\/media?parent=15424"}],"curies":[{"name":"wp","href":"https:\/\/api.w.org\/{rel}","templated":true}]}}