{"id":15423,"date":"1970-01-01T00:00:00","date_gmt":"1970-01-01T00:00:00","guid":{"rendered":"https:\/\/elfsight.com\/es\/?page_id=15423"},"modified":"2025-02-06T15:29:02","modified_gmt":"2025-02-06T15:29:02","slug":"prestashop","status":"publish","type":"page","link":"https:\/\/elfsight.com\/es\/store-locator-widget\/prestashop\/","title":{"rendered":"Store Locator &#8211; PrestaShop"},"content":{"rendered":"<div class=\"application-platform-content-item-description application-platform-content-item\" id=\"description\" data-nav-section=\"description\"> <h2>Incorpore el localizador de tiendas en PrestaShop con un complemento de Elfsight<\/h2> <p>El localizador de tiendas Elfsight para PrestaShop es un widget din\u00e1mico y ajustable dise\u00f1ado para mejorar la comodidad de su sitio web y la participaci\u00f3n del cliente, haciendo que sea m\u00e1s f\u00e1cil que nunca para sus clientes encontrar su ubicaci\u00f3n. Con un conjunto de funciones \u00fatiles dise\u00f1adas para la eficiencia y el rendimiento, este widget es su mejor soluci\u00f3n para mostrar las ubicaciones f\u00edsicas de su empresa de una manera interactiva y conveniente. \u00a1Ins\u00e9rtelo ahora y observe c\u00f3mo convierte su sitio web en un potente buscador de tiendas!<\/p> <p>Al utilizar el widget, aumentar\u00e1 su confiabilidad entre los clientes al brindar informaci\u00f3n detallada sobre las ubicaciones f\u00edsicas de su organizaci\u00f3n, asegurando a todos su presencia establecida. Esto podr\u00eda resultar en una toma de decisiones m\u00e1s r\u00e1pida y una experiencia de compra s\u00f3lida entre los clientes. <\/p><p><b>Utilice el extraordinario buscador de tiendas para presentar su ubicaci\u00f3n y detalles importantes de la operaci\u00f3n. Proporcione su direcci\u00f3n actual e informaci\u00f3n \u00fatil para invitar a clientes adicionales a la tienda. <\/b><\/p> <\/div> <div class=\"application-platform-content-item-features application-platform-content-item\" id=\"features\" data-nav-section=\"features\"> <h2>Estas son las caracter\u00edsticas centrales del widget:<\/h2> <ul><li>Indicaci\u00f3n de ubicaci\u00f3n sin esfuerzo<\/li><li>Funciones de mapa intuitivas<\/li><li>Botones de interacci\u00f3n de ubicaci\u00f3n con integraciones <\/li><li>Ventana emergente de ubicaci\u00f3n sencilla en la selecci\u00f3n de marcadores<\/li><li>Horario de trabajo de ubicaci\u00f3n &amp; estado de actividad<\/li><\/ul><p><a href=\"#demo\">Simplemente pruebe esta demostraci\u00f3n para comprender la funcionalidad del widget<\/a><\/p><\/div> <div class=\"application-platform-content-item-installation application-platform-content-item\" id=\"installation\" data-nav-section=\"installation\"> <h2>\u00bfC\u00f3mo incorporar Store Locator en mi sitio web PrestaShop?<\/h2> <p>Simplemente siga un par de pasos que se describen a continuaci\u00f3n para integrar el complemento. <\/p> <ol><li><b>Inicie nuestro editor gratuito y comience a crear su propio widget. <\/b><br> Encuentre el aspecto y las especificaciones adecuados de la herramienta y guarde las correcciones. <\/li> <li><b>Adquiera el c\u00f3digo personal que aparece en el formulario especial en Elfsight Apps. <\/b><br> Cuando finalice la creaci\u00f3n de su widget, copie el c\u00f3digo individual en el cuadro que aparece y gu\u00e1rdelo para usarlo en el futuro. <\/li> <li><b>Empiece a utilizar el widget en su sitio PrestaShop. <\/b><br> Agregue el c\u00f3digo que guard\u00f3 recientemente en su p\u00e1gina web y aplique las modificaciones. <\/li> <li><b>La configuraci\u00f3n est\u00e1 completamente realizada. <\/b><br>Visite su sitio web para ver c\u00f3mo funciona la herramienta. <\/li><\/ol> <p>En caso de tener consultas o encontrarse con alguna complicaci\u00f3n, no dude en buscar ayuda de nuestro personal de soporte. Nuestros consultores desean ayudarlo con todos los problemas que pueda tener con el complemento. <\/p><\/div>","protected":false},"excerpt":{"rendered":"","protected":false},"author":9,"featured_media":0,"parent":17029,"menu_order":0,"comment_status":"closed","ping_status":"closed","template":"templates\/template-application-platform.php","meta":{"publish_to_discourse":"","publish_post_category":"","wpdc_auto_publish_overridden":"","wpdc_topic_tags":"","wpdc_pin_topic":"","wpdc_pin_until":"","discourse_post_id":"","discourse_permalink":"","wpdc_publishing_response":"","wpdc_publishing_error":"","footnotes":""},"class_list":["post-15423","page","type-page","status-publish","hentry"],"yoast_head":"<!-- This site is optimized with the Yoast SEO plugin v25.3.1 - https:\/\/yoast.com\/wordpress\/plugins\/seo\/ -->\n<title>Integre el localizador de tiendas en PrestaShop: presente negocios en el mapa<\/title>\n<meta name=\"description\" content=\"Incorpore un localizador de tiendas personalizable en el sitio web de PrestaShop para impulsar las conversiones. Benef\u00edciese de Elfsight para generar el widget.\" \/>\n<meta name=\"robots\" content=\"index, follow, max-snippet:-1, max-image-preview:large, max-video-preview:-1\" \/>\n<link rel=\"canonical\" href=\"https:\/\/elfsight.com\/es\/store-locator-widget\/prestashop\/\" \/>\n<meta property=\"og:locale\" content=\"es_ES\" \/>\n<meta property=\"og:type\" content=\"article\" \/>\n<meta property=\"og:title\" content=\"Integre el localizador de tiendas en PrestaShop: presente negocios en el mapa\" \/>\n<meta property=\"og:description\" content=\"Incorpore un localizador de tiendas personalizable en el sitio web de PrestaShop para impulsar las conversiones. Benef\u00edciese de Elfsight para generar el widget.\" \/>\n<meta property=\"og:url\" content=\"https:\/\/elfsight.com\/es\/store-locator-widget\/prestashop\/\" \/>\n<meta property=\"og:site_name\" content=\"Elfsight ES\" \/>\n<meta property=\"article:modified_time\" content=\"2025-02-06T15:29:02+00:00\" \/>\n<meta name=\"twitter:card\" content=\"summary_large_image\" \/>\n<meta name=\"twitter:label1\" content=\"Tiempo de lectura\" \/>\n\t<meta name=\"twitter:data1\" content=\"2 minutos\" \/>\n<!-- \/ Yoast SEO plugin. -->","yoast_head_json":{"title":"Integre el localizador de tiendas en PrestaShop: presente negocios en el mapa","description":"Incorpore un localizador de tiendas personalizable en el sitio web de PrestaShop para impulsar las conversiones. Benef\u00edciese de Elfsight para generar el widget.","robots":{"index":"index","follow":"follow","max-snippet":"max-snippet:-1","max-image-preview":"max-image-preview:large","max-video-preview":"max-video-preview:-1"},"canonical":"https:\/\/elfsight.com\/es\/store-locator-widget\/prestashop\/","og_locale":"es_ES","og_type":"article","og_title":"Integre el localizador de tiendas en PrestaShop: presente negocios en el mapa","og_description":"Incorpore un localizador de tiendas personalizable en el sitio web de PrestaShop para impulsar las conversiones. Benef\u00edciese de Elfsight para generar el widget.","og_url":"https:\/\/elfsight.com\/es\/store-locator-widget\/prestashop\/","og_site_name":"Elfsight ES","article_modified_time":"2025-02-06T15:29:02+00:00","twitter_card":"summary_large_image","twitter_misc":{"Tiempo de lectura":"2 minutos"},"schema":{"@context":"https:\/\/schema.org","@graph":[{"@type":"WebPage","@id":"https:\/\/elfsight.com\/es\/store-locator-widget\/prestashop\/","url":"https:\/\/elfsight.com\/es\/store-locator-widget\/prestashop\/","name":"Integre el localizador de tiendas en PrestaShop: presente negocios en el mapa","isPartOf":{"@id":"https:\/\/elfsight.com\/es\/#website"},"datePublished":"1970-01-01T00:00:00+00:00","dateModified":"2025-02-06T15:29:02+00:00","description":"Incorpore un localizador de tiendas personalizable en el sitio web de PrestaShop para impulsar las conversiones. Benef\u00edciese de Elfsight para generar el widget.","breadcrumb":{"@id":"https:\/\/elfsight.com\/es\/store-locator-widget\/prestashop\/#breadcrumb"},"inLanguage":"es","potentialAction":[{"@type":"ReadAction","target":["https:\/\/elfsight.com\/es\/store-locator-widget\/prestashop\/"]}]},{"@type":"BreadcrumbList","@id":"https:\/\/elfsight.com\/es\/store-locator-widget\/prestashop\/#breadcrumb","itemListElement":[{"@type":"ListItem","position":1,"name":"Home","item":"https:\/\/elfsight.com\/es\/"},{"@type":"ListItem","position":2,"name":"Store Locator","item":"https:\/\/elfsight.com\/es\/store-locator-widget\/"},{"@type":"ListItem","position":3,"name":"Store Locator &#8211; PrestaShop"}]},{"@type":"WebSite","@id":"https:\/\/elfsight.com\/es\/#website","url":"https:\/\/elfsight.com\/es\/","name":"Elfsight ES","description":"Just another Elfsight Sites site","potentialAction":[{"@type":"SearchAction","target":{"@type":"EntryPoint","urlTemplate":"https:\/\/elfsight.com\/es\/?s={search_term_string}"},"query-input":{"@type":"PropertyValueSpecification","valueRequired":true,"valueName":"search_term_string"}}],"inLanguage":"es"}]}},"meta_box":{"industry":"","seo_heading":"","heading":"","description":"","cta_heading":"","cta_description":"","application":"5118","h1":"Complemento de localizaci\u00f3n de tiendas PrestaShop","h1_caption":"Fideliza y recibe m\u00e1s clientes en tienda","application_category":[],"applications_title":"","applications_request_title":"","applications_request_button_text":"","hero_text":"","hero_video":"","hero_video_schema_markup":"","selling_points_title":"","selling_points_caption":"","selling_points":[],"selling_points_cta_text":"","features_title":"","features":"","ed_cta_examples_text":"","ed_cta_examples_hidden":"","ed_cta_demo_text":"","ed_cta_demo_hidden":"","why_caption":"","why_editor_title":"","why_editor_text":"","why_team_title":"","why_team_text":"","why_service_title":"","why_service_text":"","template_catalog_visible":"","template_catalog_title":"","template_catalog_text":"","template_catalog_categories_visible":"","demo_title":"Crea tu complemento de localizador de tiendas","demo_caption":"\u00a1Configura tu Localizador de Tiendas y agr\u00e9galo a tu sitio web PrestaShop gratis!","default_faq_hidden":"","app_template_category":[],"platform":"2250","template_public_id":"","codecanyon_url":"","codecanyon_item_id":"","codecanyon_price":"","pricing_caption":"","pricing_elfsight_apps_hide_column":"","pricing_elfsight_apps_url":"","pricing_codecanyon_price_caption":"","integration_category":[],"integration_request_title":"","integration_request_cta":"","integration_platform":"","integrations":[],"platform_category":[],"video_schema_markup":"","price":"desde $0 \/ mes","trial":"","benefits":[{"text":"Ayuda de instalaci\u00f3n gratuita"},{"text":"Servicio al cliente competente"},{"text":"Garant\u00eda de reembolso de 14 d\u00edas"},{"text":"Mejoras futuras"}],"button_url":"#demo","button_target_blank":"","button_nofollow":"","attributes":[{"name":"Instalaciones","content":"10,000 - 100,000"},{"name":"Sensible","content":"S\u00ed"},{"name":"Navegadores compatibles","content":"Firefox, Safari, Opera, Chrome, Edge"}],"tags":[],"tags_disable_links":"","hide_more_platforms":"","video_object":"","demo_hide_cta":"","demo_hide_cloud_options":"","pricing_title":"","pricing":[{"pricing_icon":"platform","pricing_title":"Elfsight Apps","pricing_title_caption":"Soluci\u00f3n digital multiplataforma","pricing_price":"desde $0 \/ mes","pricing_price_caption":"comienza con un plan gratuito","pricing_benefits":[{"text":"Sitios web ilimitados"},{"text":"Soporte 24 horas al d\u00eda, 7 d\u00edas a la semana, puntual y bien documentado."},{"text":"Ayuda de instalaci\u00f3n gratuita"},{"text":"Totalmente personalizable"}],"pricing_button_text":"A\u00f1adir al sitio web","pricing_button_url":"#demo"}],"related_apps_title":"","related_apps_hidden":"","author":"","image":[],"title":"","job":"","social_networks":[]},"_links":{"self":[{"href":"https:\/\/elfsight.com\/es\/wp-json\/wp\/v2\/pages\/15423","targetHints":{"allow":["GET"]}}],"collection":[{"href":"https:\/\/elfsight.com\/es\/wp-json\/wp\/v2\/pages"}],"about":[{"href":"https:\/\/elfsight.com\/es\/wp-json\/wp\/v2\/types\/page"}],"author":[{"embeddable":true,"href":"https:\/\/elfsight.com\/es\/wp-json\/wp\/v2\/users\/9"}],"replies":[{"embeddable":true,"href":"https:\/\/elfsight.com\/es\/wp-json\/wp\/v2\/comments?post=15423"}],"version-history":[{"count":3,"href":"https:\/\/elfsight.com\/es\/wp-json\/wp\/v2\/pages\/15423\/revisions"}],"predecessor-version":[{"id":18358,"href":"https:\/\/elfsight.com\/es\/wp-json\/wp\/v2\/pages\/15423\/revisions\/18358"}],"up":[{"embeddable":true,"href":"https:\/\/elfsight.com\/es\/wp-json\/wp\/v2\/pages\/17029"}],"wp:attachment":[{"href":"https:\/\/elfsight.com\/es\/wp-json\/wp\/v2\/media?parent=15423"}],"curies":[{"name":"wp","href":"https:\/\/api.w.org\/{rel}","templated":true}]}}